{"id":562921,"date":"2025-06-06T11:13:48","date_gmt":"2025-06-06T09:13:48","guid":{"rendered":"https:\/\/www.daisho.be\/produit\/wushu-teppich-von-iwuf-genehmigt\/"},"modified":"2025-06-06T11:13:48","modified_gmt":"2025-06-06T09:13:48","slug":"wushu-teppich-von-iwuf-genehmigt","status":"publish","type":"product","link":"https:\/\/www.daisho.be\/de\/produit\/wushu-teppich-von-iwuf-genehmigt\/","title":{"rendered":"Wushu-Teppich (von IWUF genehmigt)"},"content":{"rendered":"<p>Die Wushu-Matte ist auf Qualit\u00e4t und Zweckm\u00e4\u00dfigkeit ausgelegt. Dank der flexiblen, wassergeschnittenen Spulenschicht ist er leichter zu verstauen, zu zerlegen und zu lagern. <\/p>\n<p>Spezifikation: 16000mm\u00d710000mm\u00d730mm<\/p>\n<p>Wettkampfbereich: 8000mm\u00d714000mm<\/p>\n<p>Flexible Schicht: Hei\u00dfverklebte XPE-Matte.<\/p>\n<p>Material: XPE, Teppich<\/p>\n<p>Eigenschaften: Das Produkt wird aus einer Schicht flexibler, wassergeschnittener Spulen hergestellt. Es kann leicht aufgerollt, gelagert, installiert, abgebaut und transportiert werden. <\/p>\n","protected":false},"excerpt":{"rendered":"<p>Die Wushu-Matte ist auf Qualit\u00e4t und Zweckm\u00e4\u00dfigkeit ausgelegt. Dank der flexiblen, wassergeschnittenen Spulenschicht ist er leichter zu verstauen, zu zerlegen und zu lagern. Spezifikation: 16000mm\u00d710000mm\u00d730mm Wettkampfbereich: 8000mm\u00d714000mm Flexible Schicht: Hei\u00dfverklebte XPE-Matte. Material: XPE, Teppich Eigenschaften: Das Produkt wird aus einer Schicht flexibler, wassergeschnittener Spulen hergestellt. Es kann leicht aufgerollt, gelagert, installiert, abgebaut und transportiert werden.<\/p>\n","protected":false},"featured_media":525471,"comment_status":"open","ping_status":"closed","template":"","meta":{"inline_featured_image":false},"product_brand":[],"product_cat":[2343,2253,2037],"product_tag":[2526],"sport":[],"class_list":{"0":"post-562921","1":"product","2":"type-product","3":"status-publish","4":"has-post-thumbnail","6":"product_cat-ausrustung-und-kleidung-fur-kampfkunst-und-kampfsport","7":"product_cat-teppich","8":"product_cat-wettbewerbsausrustungen","9":"product_tag-taishan","11":"first","12":"instock","13":"taxable","14":"shipping-taxable","15":"purchasable","16":"product-type-simple"},"yoast_head":"<!-- This site is optimized with the Yoast SEO plugin v27.2 - https:\/\/yoast.com\/product\/yoast-seo-wordpress\/ -->\n<title>Wushu-Teppich (von IWUF genehmigt) &#8211; Daisho<\/title>\n<meta name=\"description\" content=\"Entdecken Sie die von der IWUF zertifizierte Bodenmatte f\u00fcr das Wushu-Training. Sie ist praktisch und einfach zu benutzen. Kaufen Sie sie auf www.daisho.be|Daisho\" \/>\n<meta name=\"robots\" content=\"index, follow, max-snippet:-1, max-image-preview:large, max-video-preview:-1\" \/>\n<link rel=\"canonical\" href=\"https:\/\/www.daisho.be\/de\/produit\/wushu-teppich-von-iwuf-genehmigt\/\" \/>\n<meta property=\"og:locale\" content=\"de_DE\" \/>\n<meta property=\"og:type\" content=\"article\" \/>\n<meta property=\"og:title\" content=\"Wushu-Teppich (von IWUF genehmigt) &#8211; Daisho\" \/>\n<meta property=\"og:description\" content=\"Entdecken Sie die von der IWUF zertifizierte Bodenmatte f\u00fcr das Wushu-Training. Sie ist praktisch und einfach zu benutzen. Kaufen Sie sie auf www.daisho.be|Daisho\" \/>\n<meta property=\"og:url\" content=\"https:\/\/www.daisho.be\/de\/produit\/wushu-teppich-von-iwuf-genehmigt\/\" \/>\n<meta property=\"og:site_name\" content=\"Daisho\" \/>\n<meta property=\"og:image\" content=\"https:\/\/www.daisho.be\/wp-content\/uploads\/2025\/06\/image-20.png\" \/>\n\t<meta property=\"og:image:width\" content=\"813\" \/>\n\t<meta property=\"og:image:height\" content=\"343\" \/>\n\t<meta property=\"og:image:type\" content=\"image\/png\" \/>\n<meta name=\"twitter:card\" content=\"summary_large_image\" \/>\n<script type=\"application\/ld+json\" class=\"yoast-schema-graph\">{\"@context\":\"https:\/\/schema.org\",\"@graph\":[{\"@type\":\"WebPage\",\"@id\":\"https:\/\/www.daisho.be\/de\/produit\/wushu-teppich-von-iwuf-genehmigt\/\",\"url\":\"https:\/\/www.daisho.be\/de\/produit\/wushu-teppich-von-iwuf-genehmigt\/\",\"name\":\"Wushu-Teppich (von IWUF genehmigt) &#8211; Daisho\",\"isPartOf\":{\"@id\":\"https:\/\/www.daisho.be\/de\/#website\"},\"primaryImageOfPage\":{\"@id\":\"https:\/\/www.daisho.be\/de\/produit\/wushu-teppich-von-iwuf-genehmigt\/#primaryimage\"},\"image\":{\"@id\":\"https:\/\/www.daisho.be\/de\/produit\/wushu-teppich-von-iwuf-genehmigt\/#primaryimage\"},\"thumbnailUrl\":\"https:\/\/www.daisho.be\/wp-content\/uploads\/2025\/06\/image-20.png\",\"datePublished\":\"2025-06-06T09:13:48+00:00\",\"description\":\"Entdecken Sie die von der IWUF zertifizierte Bodenmatte f\u00fcr das Wushu-Training. Sie ist praktisch und einfach zu benutzen. Kaufen Sie sie auf www.daisho.be|Daisho\",\"breadcrumb\":{\"@id\":\"https:\/\/www.daisho.be\/de\/produit\/wushu-teppich-von-iwuf-genehmigt\/#breadcrumb\"},\"inLanguage\":\"de\",\"potentialAction\":[{\"@type\":\"ReadAction\",\"target\":[\"https:\/\/www.daisho.be\/de\/produit\/wushu-teppich-von-iwuf-genehmigt\/\"]}]},{\"@type\":\"ImageObject\",\"inLanguage\":\"de\",\"@id\":\"https:\/\/www.daisho.be\/de\/produit\/wushu-teppich-von-iwuf-genehmigt\/#primaryimage\",\"url\":\"https:\/\/www.daisho.be\/wp-content\/uploads\/2025\/06\/image-20.png\",\"contentUrl\":\"https:\/\/www.daisho.be\/wp-content\/uploads\/2025\/06\/image-20.png\",\"width\":813,\"height\":343,\"caption\":\"Wushu-Teppich (von der IWUF genehmigt)-1\"},{\"@type\":\"BreadcrumbList\",\"@id\":\"https:\/\/www.daisho.be\/de\/produit\/wushu-teppich-von-iwuf-genehmigt\/#breadcrumb\",\"itemListElement\":[{\"@type\":\"ListItem\",\"position\":1,\"name\":\"Accueil\",\"item\":\"https:\/\/www.daisho.be\/de\/\"},{\"@type\":\"ListItem\",\"position\":2,\"name\":\"Produkte\",\"item\":\"https:\/\/www.daisho.be\/de\/produkte\/\"},{\"@type\":\"ListItem\",\"position\":3,\"name\":\"Kampfsportarten\",\"item\":\"https:\/\/www.daisho.be\/de\/categorie-produit\/kampfsportarten\/\"},{\"@type\":\"ListItem\",\"position\":4,\"name\":\"Teppich\",\"item\":\"https:\/\/www.daisho.be\/de\/categorie-produit\/kampfsportarten\/teppich\/\"},{\"@type\":\"ListItem\",\"position\":5,\"name\":\"Wushu-Teppich (von IWUF genehmigt)\"}]},{\"@type\":\"WebSite\",\"@id\":\"https:\/\/www.daisho.be\/de\/#website\",\"url\":\"https:\/\/www.daisho.be\/de\/\",\"name\":\"Daisho\",\"description\":\"Sp&eacute;cialiste de l'&eacute;quipement sportif d'arts martiaux\",\"publisher\":{\"@id\":\"https:\/\/www.daisho.be\/de\/#organization\"},\"potentialAction\":[{\"@type\":\"SearchAction\",\"target\":{\"@type\":\"EntryPoint\",\"urlTemplate\":\"https:\/\/www.daisho.be\/de\/?s={search_term_string}\"},\"query-input\":{\"@type\":\"PropertyValueSpecification\",\"valueRequired\":true,\"valueName\":\"search_term_string\"}}],\"inLanguage\":\"de\"},{\"@type\":\"Organization\",\"@id\":\"https:\/\/www.daisho.be\/de\/#organization\",\"name\":\"Daisho\",\"url\":\"https:\/\/www.daisho.be\/de\/\",\"logo\":{\"@type\":\"ImageObject\",\"inLanguage\":\"de\",\"@id\":\"https:\/\/www.daisho.be\/de\/#\/schema\/logo\/image\/\",\"url\":\"https:\/\/www.daisho.be\/wp-content\/uploads\/2019\/07\/color-nothing-horizontale4x-e1564486100247.png\",\"contentUrl\":\"https:\/\/www.daisho.be\/wp-content\/uploads\/2019\/07\/color-nothing-horizontale4x-e1564486100247.png\",\"width\":1547,\"height\":385,\"caption\":\"Daisho\"},\"image\":{\"@id\":\"https:\/\/www.daisho.be\/de\/#\/schema\/logo\/image\/\"}}]}<\/script>\n<!-- \/ Yoast SEO plugin. -->","yoast_head_json":{"title":"Wushu-Teppich (von IWUF genehmigt) &#8211; Daisho","description":"Entdecken Sie die von der IWUF zertifizierte Bodenmatte f\u00fcr das Wushu-Training. Sie ist praktisch und einfach zu benutzen. Kaufen Sie sie auf www.daisho.be|Daisho","robots":{"index":"index","follow":"follow","max-snippet":"max-snippet:-1","max-image-preview":"max-image-preview:large","max-video-preview":"max-video-preview:-1"},"canonical":"https:\/\/www.daisho.be\/de\/produit\/wushu-teppich-von-iwuf-genehmigt\/","og_locale":"de_DE","og_type":"article","og_title":"Wushu-Teppich (von IWUF genehmigt) &#8211; Daisho","og_description":"Entdecken Sie die von der IWUF zertifizierte Bodenmatte f\u00fcr das Wushu-Training. Sie ist praktisch und einfach zu benutzen. Kaufen Sie sie auf www.daisho.be|Daisho","og_url":"https:\/\/www.daisho.be\/de\/produit\/wushu-teppich-von-iwuf-genehmigt\/","og_site_name":"Daisho","og_image":[{"width":813,"height":343,"url":"https:\/\/www.daisho.be\/wp-content\/uploads\/2025\/06\/image-20.png","type":"image\/png"}],"twitter_card":"summary_large_image","schema":{"@context":"https:\/\/schema.org","@graph":[{"@type":"WebPage","@id":"https:\/\/www.daisho.be\/de\/produit\/wushu-teppich-von-iwuf-genehmigt\/","url":"https:\/\/www.daisho.be\/de\/produit\/wushu-teppich-von-iwuf-genehmigt\/","name":"Wushu-Teppich (von IWUF genehmigt) &#8211; Daisho","isPartOf":{"@id":"https:\/\/www.daisho.be\/de\/#website"},"primaryImageOfPage":{"@id":"https:\/\/www.daisho.be\/de\/produit\/wushu-teppich-von-iwuf-genehmigt\/#primaryimage"},"image":{"@id":"https:\/\/www.daisho.be\/de\/produit\/wushu-teppich-von-iwuf-genehmigt\/#primaryimage"},"thumbnailUrl":"https:\/\/www.daisho.be\/wp-content\/uploads\/2025\/06\/image-20.png","datePublished":"2025-06-06T09:13:48+00:00","description":"Entdecken Sie die von der IWUF zertifizierte Bodenmatte f\u00fcr das Wushu-Training. Sie ist praktisch und einfach zu benutzen. Kaufen Sie sie auf www.daisho.be|Daisho","breadcrumb":{"@id":"https:\/\/www.daisho.be\/de\/produit\/wushu-teppich-von-iwuf-genehmigt\/#breadcrumb"},"inLanguage":"de","potentialAction":[{"@type":"ReadAction","target":["https:\/\/www.daisho.be\/de\/produit\/wushu-teppich-von-iwuf-genehmigt\/"]}]},{"@type":"ImageObject","inLanguage":"de","@id":"https:\/\/www.daisho.be\/de\/produit\/wushu-teppich-von-iwuf-genehmigt\/#primaryimage","url":"https:\/\/www.daisho.be\/wp-content\/uploads\/2025\/06\/image-20.png","contentUrl":"https:\/\/www.daisho.be\/wp-content\/uploads\/2025\/06\/image-20.png","width":813,"height":343,"caption":"Wushu-Teppich (von der IWUF genehmigt)-1"},{"@type":"BreadcrumbList","@id":"https:\/\/www.daisho.be\/de\/produit\/wushu-teppich-von-iwuf-genehmigt\/#breadcrumb","itemListElement":[{"@type":"ListItem","position":1,"name":"Accueil","item":"https:\/\/www.daisho.be\/de\/"},{"@type":"ListItem","position":2,"name":"Produkte","item":"https:\/\/www.daisho.be\/de\/produkte\/"},{"@type":"ListItem","position":3,"name":"Kampfsportarten","item":"https:\/\/www.daisho.be\/de\/categorie-produit\/kampfsportarten\/"},{"@type":"ListItem","position":4,"name":"Teppich","item":"https:\/\/www.daisho.be\/de\/categorie-produit\/kampfsportarten\/teppich\/"},{"@type":"ListItem","position":5,"name":"Wushu-Teppich (von IWUF genehmigt)"}]},{"@type":"WebSite","@id":"https:\/\/www.daisho.be\/de\/#website","url":"https:\/\/www.daisho.be\/de\/","name":"Daisho","description":"Sp&eacute;cialiste de l'&eacute;quipement sportif d'arts martiaux","publisher":{"@id":"https:\/\/www.daisho.be\/de\/#organization"},"potentialAction":[{"@type":"SearchAction","target":{"@type":"EntryPoint","urlTemplate":"https:\/\/www.daisho.be\/de\/?s={search_term_string}"},"query-input":{"@type":"PropertyValueSpecification","valueRequired":true,"valueName":"search_term_string"}}],"inLanguage":"de"},{"@type":"Organization","@id":"https:\/\/www.daisho.be\/de\/#organization","name":"Daisho","url":"https:\/\/www.daisho.be\/de\/","logo":{"@type":"ImageObject","inLanguage":"de","@id":"https:\/\/www.daisho.be\/de\/#\/schema\/logo\/image\/","url":"https:\/\/www.daisho.be\/wp-content\/uploads\/2019\/07\/color-nothing-horizontale4x-e1564486100247.png","contentUrl":"https:\/\/www.daisho.be\/wp-content\/uploads\/2019\/07\/color-nothing-horizontale4x-e1564486100247.png","width":1547,"height":385,"caption":"Daisho"},"image":{"@id":"https:\/\/www.daisho.be\/de\/#\/schema\/logo\/image\/"}}]}},"_links":{"self":[{"href":"https:\/\/www.daisho.be\/de\/wp-json\/wp\/v2\/product\/562921","targetHints":{"allow":["GET"]}}],"collection":[{"href":"https:\/\/www.daisho.be\/de\/wp-json\/wp\/v2\/product"}],"about":[{"href":"https:\/\/www.daisho.be\/de\/wp-json\/wp\/v2\/types\/product"}],"replies":[{"embeddable":true,"href":"https:\/\/www.daisho.be\/de\/wp-json\/wp\/v2\/comments?post=562921"}],"wp:featuredmedia":[{"embeddable":true,"href":"https:\/\/www.daisho.be\/de\/wp-json\/wp\/v2\/media\/525471"}],"wp:attachment":[{"href":"https:\/\/www.daisho.be\/de\/wp-json\/wp\/v2\/media?parent=562921"}],"wp:term":[{"taxonomy":"product_brand","embeddable":true,"href":"https:\/\/www.daisho.be\/de\/wp-json\/wp\/v2\/product_brand?post=562921"},{"taxonomy":"product_cat","embeddable":true,"href":"https:\/\/www.daisho.be\/de\/wp-json\/wp\/v2\/product_cat?post=562921"},{"taxonomy":"product_tag","embeddable":true,"href":"https:\/\/www.daisho.be\/de\/wp-json\/wp\/v2\/product_tag?post=562921"},{"taxonomy":"sport","embeddable":true,"href":"https:\/\/www.daisho.be\/de\/wp-json\/wp\/v2\/sport?post=562921"}],"curies":[{"name":"wp","href":"https:\/\/api.w.org\/{rel}","templated":true}]}}