{"id":562876,"date":"2025-06-12T13:39:36","date_gmt":"2025-06-12T11:39:36","guid":{"rendered":"https:\/\/www.daisho.be\/produit\/adidas-karate-community-24-t-shirt-schwarz\/"},"modified":"2025-12-18T15:08:15","modified_gmt":"2025-12-18T14:08:15","slug":"adidas-karate-community-24-t-shirt-schwarz","status":"publish","type":"product","link":"https:\/\/www.daisho.be\/de\/produit\/adidas-karate-community-24-t-shirt-schwarz\/","title":{"rendered":"Adidas Karate Community 24 T-Shirt &#8211; schwarz"},"content":{"rendered":"<p>Das adidas Community 24 Karate T-Shirt schwarz ist ideal f\u00fcr Karateka und Kampfsportler.<br \/>\nMit seinem modernen Look und dem hochwertigen Druck ist es perfekt f\u00fcr das Training und die Freizeit.<br \/>\nIdeal f\u00fcr das Training, den Verein oder den Alltag, das adidas Karate T-Shirt verbindet Sportlichkeit und Stil.<br \/>\nDieses T-Shirt aus 100 % Baumwolle ist besonders angenehm zu tragen und pflegeleicht.<br \/>\nDer klassische Rundhalsausschnitt sorgt f\u00fcr eine bequeme Passform.<br \/>\nDer wei\u00dfe Aufdruck auf der Brust ist ein echtes Highlight: Das gro\u00dfe adidas Logo mit dem Schriftzug &#8222;Karate&#8220; darunter zeigt deutlich Ihre Farben.<br \/>\nAuf der R\u00fcckseite, auf H\u00f6he des Kragens, vervollst\u00e4ndigt ein kleiner adidas Druck das Design auf elegante Weise.<\/p>\n<p>Merkmale:<br \/>\nMaterial: 100 % Baumwolle<br \/>\nFarbe: schwarz mit wei\u00dfem Aufdruck<br \/>\nPassform: klassisch mit rundem Halsausschnitt<br \/>\nGr\u00f6\u00dfen: S, M, L, XL, XXL<\/p>\n","protected":false},"excerpt":{"rendered":"<p>Das adidas Community 24 Karate T-Shirt schwarz ist ideal f\u00fcr Karateka und Kampfsportler. Mit seinem modernen Look und dem hochwertigen Druck ist es perfekt f\u00fcr das Training und die Freizeit. Ideal f\u00fcr das Training, den Verein oder den Alltag, das adidas Karate T-Shirt verbindet Sportlichkeit und Stil. Dieses T-Shirt aus 100 % Baumwolle ist besonders [&hellip;]<\/p>\n","protected":false},"featured_media":530298,"comment_status":"open","ping_status":"closed","template":"","meta":{"inline_featured_image":false},"product_brand":[],"product_cat":[2257,2022,2076],"product_tag":[2178],"sport":[],"class_list":{"0":"post-562876","1":"product","2":"type-product","3":"status-publish","4":"has-post-thumbnail","6":"product_cat-adidas-kleidung-fur-karate","7":"product_cat-karate-bekleidung","8":"product_cat-kleidung","9":"product_tag-adidas-de","10":"pa_size-l","11":"pa_size-m","12":"pa_size-s","13":"pa_size-xl","14":"pa_size-xxl","16":"first","17":"instock","18":"taxable","19":"shipping-taxable","20":"purchasable","21":"product-type-variable"},"yoast_head":"<!-- This site is optimized with the Yoast SEO plugin v27.2 - https:\/\/yoast.com\/product\/yoast-seo-wordpress\/ -->\n<title>Adidas Karate Community 24 T-Shirt - schwarz &#8211; Daisho<\/title>\n<meta name=\"robots\" content=\"index, follow, max-snippet:-1, max-image-preview:large, max-video-preview:-1\" \/>\n<link rel=\"canonical\" href=\"https:\/\/www.daisho.be\/de\/produit\/adidas-karate-community-24-t-shirt-schwarz\/\" \/>\n<meta property=\"og:locale\" content=\"de_DE\" \/>\n<meta property=\"og:type\" content=\"article\" \/>\n<meta property=\"og:title\" content=\"Adidas Karate Community 24 T-Shirt - schwarz &#8211; Daisho\" \/>\n<meta property=\"og:description\" content=\"Das adidas Community 24 Karate T-Shirt schwarz ist ideal f\u00fcr Karateka und Kampfsportler. Mit seinem modernen Look und dem hochwertigen Druck ist es perfekt f\u00fcr das Training und die Freizeit. Ideal f\u00fcr das Training, den Verein oder den Alltag, das adidas Karate T-Shirt verbindet Sportlichkeit und Stil. Dieses T-Shirt aus 100 % Baumwolle ist besonders [&hellip;]\" \/>\n<meta property=\"og:url\" content=\"https:\/\/www.daisho.be\/de\/produit\/adidas-karate-community-24-t-shirt-schwarz\/\" \/>\n<meta property=\"og:site_name\" content=\"Daisho\" \/>\n<meta property=\"article:modified_time\" content=\"2025-12-18T14:08:15+00:00\" \/>\n<meta property=\"og:image\" content=\"https:\/\/www.daisho.be\/wp-content\/uploads\/2025\/06\/image-3.webp\" \/>\n\t<meta property=\"og:image:width\" content=\"1200\" \/>\n\t<meta property=\"og:image:height\" content=\"1200\" \/>\n\t<meta property=\"og:image:type\" content=\"image\/webp\" \/>\n<meta name=\"twitter:card\" content=\"summary_large_image\" \/>\n<meta name=\"twitter:label1\" content=\"Gesch\u00e4tzte Lesezeit\" \/>\n\t<meta name=\"twitter:data1\" content=\"1\u00a0Minute\" \/>\n<script type=\"application\/ld+json\" class=\"yoast-schema-graph\">{\"@context\":\"https:\/\/schema.org\",\"@graph\":[{\"@type\":\"WebPage\",\"@id\":\"https:\/\/www.daisho.be\/de\/produit\/adidas-karate-community-24-t-shirt-schwarz\/\",\"url\":\"https:\/\/www.daisho.be\/de\/produit\/adidas-karate-community-24-t-shirt-schwarz\/\",\"name\":\"Adidas Karate Community 24 T-Shirt - schwarz &#8211; Daisho\",\"isPartOf\":{\"@id\":\"https:\/\/www.daisho.be\/de\/#website\"},\"primaryImageOfPage\":{\"@id\":\"https:\/\/www.daisho.be\/de\/produit\/adidas-karate-community-24-t-shirt-schwarz\/#primaryimage\"},\"image\":{\"@id\":\"https:\/\/www.daisho.be\/de\/produit\/adidas-karate-community-24-t-shirt-schwarz\/#primaryimage\"},\"thumbnailUrl\":\"https:\/\/www.daisho.be\/wp-content\/uploads\/2025\/06\/image-3.webp\",\"datePublished\":\"2025-06-12T11:39:36+00:00\",\"dateModified\":\"2025-12-18T14:08:15+00:00\",\"breadcrumb\":{\"@id\":\"https:\/\/www.daisho.be\/de\/produit\/adidas-karate-community-24-t-shirt-schwarz\/#breadcrumb\"},\"inLanguage\":\"de\",\"potentialAction\":[{\"@type\":\"ReadAction\",\"target\":[\"https:\/\/www.daisho.be\/de\/produit\/adidas-karate-community-24-t-shirt-schwarz\/\"]}]},{\"@type\":\"ImageObject\",\"inLanguage\":\"de\",\"@id\":\"https:\/\/www.daisho.be\/de\/produit\/adidas-karate-community-24-t-shirt-schwarz\/#primaryimage\",\"url\":\"https:\/\/www.daisho.be\/wp-content\/uploads\/2025\/06\/image-3.webp\",\"contentUrl\":\"https:\/\/www.daisho.be\/wp-content\/uploads\/2025\/06\/image-3.webp\",\"width\":1200,\"height\":1200,\"caption\":\"Adidas Karate Community 24 T-Shirt - Schwarz - 1\"},{\"@type\":\"BreadcrumbList\",\"@id\":\"https:\/\/www.daisho.be\/de\/produit\/adidas-karate-community-24-t-shirt-schwarz\/#breadcrumb\",\"itemListElement\":[{\"@type\":\"ListItem\",\"position\":1,\"name\":\"Accueil\",\"item\":\"https:\/\/www.daisho.be\/de\/\"},{\"@type\":\"ListItem\",\"position\":2,\"name\":\"Produkte\",\"item\":\"https:\/\/www.daisho.be\/de\/produkte\/\"},{\"@type\":\"ListItem\",\"position\":3,\"name\":\"ADIDAS COMBAT SPORTS\",\"item\":\"https:\/\/www.daisho.be\/de\/categorie-produit\/adidas-combat-sports-de\/\"},{\"@type\":\"ListItem\",\"position\":4,\"name\":\"Karate\",\"item\":\"https:\/\/www.daisho.be\/de\/categorie-produit\/adidas-combat-sports-de\/karate-de\/\"},{\"@type\":\"ListItem\",\"position\":5,\"name\":\"Adidas-Kleidung f\u00fcr Karate\",\"item\":\"https:\/\/www.daisho.be\/de\/categorie-produit\/adidas-combat-sports-de\/karate-de\/adidas-kleidung-fur-karate\/\"},{\"@type\":\"ListItem\",\"position\":6,\"name\":\"Adidas Karate Community 24 T-Shirt &#8211; schwarz\"}]},{\"@type\":\"WebSite\",\"@id\":\"https:\/\/www.daisho.be\/de\/#website\",\"url\":\"https:\/\/www.daisho.be\/de\/\",\"name\":\"Daisho\",\"description\":\"Sp&eacute;cialiste de l'&eacute;quipement sportif d'arts martiaux\",\"publisher\":{\"@id\":\"https:\/\/www.daisho.be\/de\/#organization\"},\"potentialAction\":[{\"@type\":\"SearchAction\",\"target\":{\"@type\":\"EntryPoint\",\"urlTemplate\":\"https:\/\/www.daisho.be\/de\/?s={search_term_string}\"},\"query-input\":{\"@type\":\"PropertyValueSpecification\",\"valueRequired\":true,\"valueName\":\"search_term_string\"}}],\"inLanguage\":\"de\"},{\"@type\":\"Organization\",\"@id\":\"https:\/\/www.daisho.be\/de\/#organization\",\"name\":\"Daisho\",\"url\":\"https:\/\/www.daisho.be\/de\/\",\"logo\":{\"@type\":\"ImageObject\",\"inLanguage\":\"de\",\"@id\":\"https:\/\/www.daisho.be\/de\/#\/schema\/logo\/image\/\",\"url\":\"https:\/\/www.daisho.be\/wp-content\/uploads\/2019\/07\/color-nothing-horizontale4x-e1564486100247.png\",\"contentUrl\":\"https:\/\/www.daisho.be\/wp-content\/uploads\/2019\/07\/color-nothing-horizontale4x-e1564486100247.png\",\"width\":1547,\"height\":385,\"caption\":\"Daisho\"},\"image\":{\"@id\":\"https:\/\/www.daisho.be\/de\/#\/schema\/logo\/image\/\"}}]}<\/script>\n<!-- \/ Yoast SEO plugin. -->","yoast_head_json":{"title":"Adidas Karate Community 24 T-Shirt - schwarz &#8211; Daisho","robots":{"index":"index","follow":"follow","max-snippet":"max-snippet:-1","max-image-preview":"max-image-preview:large","max-video-preview":"max-video-preview:-1"},"canonical":"https:\/\/www.daisho.be\/de\/produit\/adidas-karate-community-24-t-shirt-schwarz\/","og_locale":"de_DE","og_type":"article","og_title":"Adidas Karate Community 24 T-Shirt - schwarz &#8211; Daisho","og_description":"Das adidas Community 24 Karate T-Shirt schwarz ist ideal f\u00fcr Karateka und Kampfsportler. Mit seinem modernen Look und dem hochwertigen Druck ist es perfekt f\u00fcr das Training und die Freizeit. Ideal f\u00fcr das Training, den Verein oder den Alltag, das adidas Karate T-Shirt verbindet Sportlichkeit und Stil. Dieses T-Shirt aus 100 % Baumwolle ist besonders [&hellip;]","og_url":"https:\/\/www.daisho.be\/de\/produit\/adidas-karate-community-24-t-shirt-schwarz\/","og_site_name":"Daisho","article_modified_time":"2025-12-18T14:08:15+00:00","og_image":[{"width":1200,"height":1200,"url":"https:\/\/www.daisho.be\/wp-content\/uploads\/2025\/06\/image-3.webp","type":"image\/webp"}],"twitter_card":"summary_large_image","twitter_misc":{"Gesch\u00e4tzte Lesezeit":"1\u00a0Minute"},"schema":{"@context":"https:\/\/schema.org","@graph":[{"@type":"WebPage","@id":"https:\/\/www.daisho.be\/de\/produit\/adidas-karate-community-24-t-shirt-schwarz\/","url":"https:\/\/www.daisho.be\/de\/produit\/adidas-karate-community-24-t-shirt-schwarz\/","name":"Adidas Karate Community 24 T-Shirt - schwarz &#8211; Daisho","isPartOf":{"@id":"https:\/\/www.daisho.be\/de\/#website"},"primaryImageOfPage":{"@id":"https:\/\/www.daisho.be\/de\/produit\/adidas-karate-community-24-t-shirt-schwarz\/#primaryimage"},"image":{"@id":"https:\/\/www.daisho.be\/de\/produit\/adidas-karate-community-24-t-shirt-schwarz\/#primaryimage"},"thumbnailUrl":"https:\/\/www.daisho.be\/wp-content\/uploads\/2025\/06\/image-3.webp","datePublished":"2025-06-12T11:39:36+00:00","dateModified":"2025-12-18T14:08:15+00:00","breadcrumb":{"@id":"https:\/\/www.daisho.be\/de\/produit\/adidas-karate-community-24-t-shirt-schwarz\/#breadcrumb"},"inLanguage":"de","potentialAction":[{"@type":"ReadAction","target":["https:\/\/www.daisho.be\/de\/produit\/adidas-karate-community-24-t-shirt-schwarz\/"]}]},{"@type":"ImageObject","inLanguage":"de","@id":"https:\/\/www.daisho.be\/de\/produit\/adidas-karate-community-24-t-shirt-schwarz\/#primaryimage","url":"https:\/\/www.daisho.be\/wp-content\/uploads\/2025\/06\/image-3.webp","contentUrl":"https:\/\/www.daisho.be\/wp-content\/uploads\/2025\/06\/image-3.webp","width":1200,"height":1200,"caption":"Adidas Karate Community 24 T-Shirt - Schwarz - 1"},{"@type":"BreadcrumbList","@id":"https:\/\/www.daisho.be\/de\/produit\/adidas-karate-community-24-t-shirt-schwarz\/#breadcrumb","itemListElement":[{"@type":"ListItem","position":1,"name":"Accueil","item":"https:\/\/www.daisho.be\/de\/"},{"@type":"ListItem","position":2,"name":"Produkte","item":"https:\/\/www.daisho.be\/de\/produkte\/"},{"@type":"ListItem","position":3,"name":"ADIDAS COMBAT SPORTS","item":"https:\/\/www.daisho.be\/de\/categorie-produit\/adidas-combat-sports-de\/"},{"@type":"ListItem","position":4,"name":"Karate","item":"https:\/\/www.daisho.be\/de\/categorie-produit\/adidas-combat-sports-de\/karate-de\/"},{"@type":"ListItem","position":5,"name":"Adidas-Kleidung f\u00fcr Karate","item":"https:\/\/www.daisho.be\/de\/categorie-produit\/adidas-combat-sports-de\/karate-de\/adidas-kleidung-fur-karate\/"},{"@type":"ListItem","position":6,"name":"Adidas Karate Community 24 T-Shirt &#8211; schwarz"}]},{"@type":"WebSite","@id":"https:\/\/www.daisho.be\/de\/#website","url":"https:\/\/www.daisho.be\/de\/","name":"Daisho","description":"Sp&eacute;cialiste de l'&eacute;quipement sportif d'arts martiaux","publisher":{"@id":"https:\/\/www.daisho.be\/de\/#organization"},"potentialAction":[{"@type":"SearchAction","target":{"@type":"EntryPoint","urlTemplate":"https:\/\/www.daisho.be\/de\/?s={search_term_string}"},"query-input":{"@type":"PropertyValueSpecification","valueRequired":true,"valueName":"search_term_string"}}],"inLanguage":"de"},{"@type":"Organization","@id":"https:\/\/www.daisho.be\/de\/#organization","name":"Daisho","url":"https:\/\/www.daisho.be\/de\/","logo":{"@type":"ImageObject","inLanguage":"de","@id":"https:\/\/www.daisho.be\/de\/#\/schema\/logo\/image\/","url":"https:\/\/www.daisho.be\/wp-content\/uploads\/2019\/07\/color-nothing-horizontale4x-e1564486100247.png","contentUrl":"https:\/\/www.daisho.be\/wp-content\/uploads\/2019\/07\/color-nothing-horizontale4x-e1564486100247.png","width":1547,"height":385,"caption":"Daisho"},"image":{"@id":"https:\/\/www.daisho.be\/de\/#\/schema\/logo\/image\/"}}]}},"_links":{"self":[{"href":"https:\/\/www.daisho.be\/de\/wp-json\/wp\/v2\/product\/562876","targetHints":{"allow":["GET"]}}],"collection":[{"href":"https:\/\/www.daisho.be\/de\/wp-json\/wp\/v2\/product"}],"about":[{"href":"https:\/\/www.daisho.be\/de\/wp-json\/wp\/v2\/types\/product"}],"replies":[{"embeddable":true,"href":"https:\/\/www.daisho.be\/de\/wp-json\/wp\/v2\/comments?post=562876"}],"wp:featuredmedia":[{"embeddable":true,"href":"https:\/\/www.daisho.be\/de\/wp-json\/wp\/v2\/media\/530298"}],"wp:attachment":[{"href":"https:\/\/www.daisho.be\/de\/wp-json\/wp\/v2\/media?parent=562876"}],"wp:term":[{"taxonomy":"product_brand","embeddable":true,"href":"https:\/\/www.daisho.be\/de\/wp-json\/wp\/v2\/product_brand?post=562876"},{"taxonomy":"product_cat","embeddable":true,"href":"https:\/\/www.daisho.be\/de\/wp-json\/wp\/v2\/product_cat?post=562876"},{"taxonomy":"product_tag","embeddable":true,"href":"https:\/\/www.daisho.be\/de\/wp-json\/wp\/v2\/product_tag?post=562876"},{"taxonomy":"sport","embeddable":true,"href":"https:\/\/www.daisho.be\/de\/wp-json\/wp\/v2\/sport?post=562876"}],"curies":[{"name":"wp","href":"https:\/\/api.w.org\/{rel}","templated":true}]}}