{"id":562831,"date":"2025-06-19T13:22:59","date_gmt":"2025-06-19T11:22:59","guid":{"rendered":"https:\/\/www.daisho.be\/produit\/mma-kaefig-mit-tribuenen-6mx6m\/"},"modified":"2025-06-19T13:22:59","modified_gmt":"2025-06-19T11:22:59","slug":"mma-kaefig-mit-tribuenen-6mx6m","status":"publish","type":"product","link":"https:\/\/www.daisho.be\/de\/produit\/mma-kaefig-mit-tribuenen-6mx6m\/","title":{"rendered":"MMA-K\u00e4fig mit Trib\u00fcnen -6Mx6M"},"content":{"rendered":"<p>Produkteinstellungen:<\/p>\n<p>Gr\u00f6\u00dfe:6m*6m<br \/>\n1. Der Rahmen des achteckigen K\u00e4figs ist eine Stahlverbundkonstruktion, die mit rostfreiem Kunststoff bespr\u00fcht wurde.<br \/>\n2. Die R\u00fcckenlehne verf\u00fcgt \u00fcber ein internes und externes Verbindungsdesign aus verschlei\u00df- und rei\u00dffestem PU mit einer geformten F\u00fcllung aus hochdichtem EVA.<br \/>\n3. Der achteckige K\u00e4fig ist mit 2,5 cm dicken Spezialholzbrettern verkleidet.<br \/>\n4. Der Ringteppich ist ein Spezial-Kampfteppich mit einer Dicke von 3 cm und einer m\u00e4\u00dfigen H\u00e4rte.<br \/>\n5. Das Deckgewebe ist ein rutschfestes PVC-Sandwichgewebe, das mit Hilfe der Hei\u00dfsiegeltechnologie hergestellt wird.<br \/>\n6. Das Netz des K\u00e4figs ist ein in Kunststoff geh\u00e4rtetes Kettennetz.<br \/>\n7. Die vertikalen S\u00e4ulen sind aus 80\u00d7100 mm Stahl.<br \/>\n&#8211; Der Rahmen des Perimeternetzes besteht aus 50\u00d750 mm Stahl.<br \/>\n&#8211; Der Hauptrahmen der achteckigen Basis des K\u00e4figs besteht aus 80\u00d780 mm Stahl, w\u00e4hrend der Nebenrahmen und die Querverstrebungen aus 50\u00d750 mm Stahl bestehen.<br \/>\n&#8211; Der Rahmen der Trib\u00fcnen um den achteckigen K\u00e4fig besteht aus 40\u00d760 mm Stahl.  <\/p>\n<p>Funktionen und Anwendungen:<\/p>\n<p>Die Platte ist flach, stabil und weist eine m\u00e4\u00dfige Elastizit\u00e4t auf, was den Athleten beim Training und bei Wettk\u00e4mpfen Spitzenleistungen erleichtert. Sie eignet sich f\u00fcr<br \/>\nKampfsporttraining und -wettk\u00e4mpfe, zur Vorbeugung von Verletzungen bei Sportlern und zur Verbesserung ihrer technischen und taktischen F\u00e4higkeiten.   <\/p>\n","protected":false},"excerpt":{"rendered":"<p>Produkteinstellungen: Gr\u00f6\u00dfe:6m*6m 1. Der Rahmen des achteckigen K\u00e4figs ist eine Stahlverbundkonstruktion, die mit rostfreiem Kunststoff bespr\u00fcht wurde. 2. Die R\u00fcckenlehne verf\u00fcgt \u00fcber ein internes und externes Verbindungsdesign aus verschlei\u00df- und rei\u00dffestem PU mit einer geformten F\u00fcllung aus hochdichtem EVA. 3. Der achteckige K\u00e4fig ist mit 2,5 cm dicken Spezialholzbrettern verkleidet. 4. Der Ringteppich ist ein [&hellip;]<\/p>\n","protected":false},"featured_media":531332,"comment_status":"open","ping_status":"closed","template":"","meta":{"inline_featured_image":false},"product_brand":[],"product_cat":[2343],"product_tag":[2526],"sport":[],"class_list":{"0":"post-562831","1":"product","2":"type-product","3":"status-publish","4":"has-post-thumbnail","6":"product_cat-ausrustung-und-kleidung-fur-kampfkunst-und-kampfsport","7":"product_tag-taishan","9":"first","10":"instock","11":"taxable","12":"shipping-taxable","13":"purchasable","14":"product-type-simple"},"yoast_head":"<!-- This site is optimized with the Yoast SEO plugin v27.2 - https:\/\/yoast.com\/product\/yoast-seo-wordpress\/ -->\n<title>MMA-K\u00e4fig mit Trib\u00fcnen -6Mx6M &#8211; Daisho<\/title>\n<meta name=\"description\" content=\"Brauchen Sie einen MMA-K\u00e4fig mit Trib\u00fcne? Auf unserer Website www.daisho.be|Daisho finden Sie alle Modelle und Gr\u00f6\u00dfen, die wir im Angebot haben.\" \/>\n<meta name=\"robots\" content=\"index, follow, max-snippet:-1, max-image-preview:large, max-video-preview:-1\" \/>\n<link rel=\"canonical\" href=\"https:\/\/www.daisho.be\/de\/produit\/mma-kaefig-mit-tribuenen-6mx6m\/\" \/>\n<meta property=\"og:locale\" content=\"de_DE\" \/>\n<meta property=\"og:type\" content=\"article\" \/>\n<meta property=\"og:title\" content=\"MMA-K\u00e4fig mit Trib\u00fcnen -6Mx6M &#8211; Daisho\" \/>\n<meta property=\"og:description\" content=\"Brauchen Sie einen MMA-K\u00e4fig mit Trib\u00fcne? Auf unserer Website www.daisho.be|Daisho finden Sie alle Modelle und Gr\u00f6\u00dfen, die wir im Angebot haben.\" \/>\n<meta property=\"og:url\" content=\"https:\/\/www.daisho.be\/de\/produit\/mma-kaefig-mit-tribuenen-6mx6m\/\" \/>\n<meta property=\"og:site_name\" content=\"Daisho\" \/>\n<meta property=\"og:image\" content=\"https:\/\/www.daisho.be\/wp-content\/uploads\/2025\/06\/image-27.png\" \/>\n\t<meta property=\"og:image:width\" content=\"312\" \/>\n\t<meta property=\"og:image:height\" content=\"257\" \/>\n\t<meta property=\"og:image:type\" content=\"image\/png\" \/>\n<meta name=\"twitter:card\" content=\"summary_large_image\" \/>\n<meta name=\"twitter:label1\" content=\"Gesch\u00e4tzte Lesezeit\" \/>\n\t<meta name=\"twitter:data1\" content=\"1\u00a0Minute\" \/>\n<script type=\"application\/ld+json\" class=\"yoast-schema-graph\">{\"@context\":\"https:\/\/schema.org\",\"@graph\":[{\"@type\":\"WebPage\",\"@id\":\"https:\/\/www.daisho.be\/de\/produit\/mma-kaefig-mit-tribuenen-6mx6m\/\",\"url\":\"https:\/\/www.daisho.be\/de\/produit\/mma-kaefig-mit-tribuenen-6mx6m\/\",\"name\":\"MMA-K\u00e4fig mit Trib\u00fcnen -6Mx6M &#8211; Daisho\",\"isPartOf\":{\"@id\":\"https:\/\/www.daisho.be\/de\/#website\"},\"primaryImageOfPage\":{\"@id\":\"https:\/\/www.daisho.be\/de\/produit\/mma-kaefig-mit-tribuenen-6mx6m\/#primaryimage\"},\"image\":{\"@id\":\"https:\/\/www.daisho.be\/de\/produit\/mma-kaefig-mit-tribuenen-6mx6m\/#primaryimage\"},\"thumbnailUrl\":\"https:\/\/www.daisho.be\/wp-content\/uploads\/2025\/06\/image-27.png\",\"datePublished\":\"2025-06-19T11:22:59+00:00\",\"description\":\"Brauchen Sie einen MMA-K\u00e4fig mit Trib\u00fcne? Auf unserer Website www.daisho.be|Daisho finden Sie alle Modelle und Gr\u00f6\u00dfen, die wir im Angebot haben.\",\"breadcrumb\":{\"@id\":\"https:\/\/www.daisho.be\/de\/produit\/mma-kaefig-mit-tribuenen-6mx6m\/#breadcrumb\"},\"inLanguage\":\"de\",\"potentialAction\":[{\"@type\":\"ReadAction\",\"target\":[\"https:\/\/www.daisho.be\/de\/produit\/mma-kaefig-mit-tribuenen-6mx6m\/\"]}]},{\"@type\":\"ImageObject\",\"inLanguage\":\"de\",\"@id\":\"https:\/\/www.daisho.be\/de\/produit\/mma-kaefig-mit-tribuenen-6mx6m\/#primaryimage\",\"url\":\"https:\/\/www.daisho.be\/wp-content\/uploads\/2025\/06\/image-27.png\",\"contentUrl\":\"https:\/\/www.daisho.be\/wp-content\/uploads\/2025\/06\/image-27.png\",\"width\":312,\"height\":257,\"caption\":\"MMA-K\u00e4fig mit Trib\u00fcnen -6Mx6M-1\"},{\"@type\":\"BreadcrumbList\",\"@id\":\"https:\/\/www.daisho.be\/de\/produit\/mma-kaefig-mit-tribuenen-6mx6m\/#breadcrumb\",\"itemListElement\":[{\"@type\":\"ListItem\",\"position\":1,\"name\":\"Accueil\",\"item\":\"https:\/\/www.daisho.be\/de\/\"},{\"@type\":\"ListItem\",\"position\":2,\"name\":\"Produkte\",\"item\":\"https:\/\/www.daisho.be\/de\/produkte\/\"},{\"@type\":\"ListItem\",\"position\":3,\"name\":\"Ausr\u00fcstung und Kleidung f\u00fcr Kampfkunst und Kampfsport\",\"item\":\"https:\/\/www.daisho.be\/de\/categorie-produit\/ausrustung-und-kleidung-fur-kampfkunst-und-kampfsport\/\"},{\"@type\":\"ListItem\",\"position\":4,\"name\":\"MMA-K\u00e4fig mit Trib\u00fcnen -6Mx6M\"}]},{\"@type\":\"WebSite\",\"@id\":\"https:\/\/www.daisho.be\/de\/#website\",\"url\":\"https:\/\/www.daisho.be\/de\/\",\"name\":\"Daisho\",\"description\":\"Sp&eacute;cialiste de l'&eacute;quipement sportif d'arts martiaux\",\"publisher\":{\"@id\":\"https:\/\/www.daisho.be\/de\/#organization\"},\"potentialAction\":[{\"@type\":\"SearchAction\",\"target\":{\"@type\":\"EntryPoint\",\"urlTemplate\":\"https:\/\/www.daisho.be\/de\/?s={search_term_string}\"},\"query-input\":{\"@type\":\"PropertyValueSpecification\",\"valueRequired\":true,\"valueName\":\"search_term_string\"}}],\"inLanguage\":\"de\"},{\"@type\":\"Organization\",\"@id\":\"https:\/\/www.daisho.be\/de\/#organization\",\"name\":\"Daisho\",\"url\":\"https:\/\/www.daisho.be\/de\/\",\"logo\":{\"@type\":\"ImageObject\",\"inLanguage\":\"de\",\"@id\":\"https:\/\/www.daisho.be\/de\/#\/schema\/logo\/image\/\",\"url\":\"https:\/\/www.daisho.be\/wp-content\/uploads\/2019\/07\/color-nothing-horizontale4x-e1564486100247.png\",\"contentUrl\":\"https:\/\/www.daisho.be\/wp-content\/uploads\/2019\/07\/color-nothing-horizontale4x-e1564486100247.png\",\"width\":1547,\"height\":385,\"caption\":\"Daisho\"},\"image\":{\"@id\":\"https:\/\/www.daisho.be\/de\/#\/schema\/logo\/image\/\"}}]}<\/script>\n<!-- \/ Yoast SEO plugin. -->","yoast_head_json":{"title":"MMA-K\u00e4fig mit Trib\u00fcnen -6Mx6M &#8211; Daisho","description":"Brauchen Sie einen MMA-K\u00e4fig mit Trib\u00fcne? Auf unserer Website www.daisho.be|Daisho finden Sie alle Modelle und Gr\u00f6\u00dfen, die wir im Angebot haben.","robots":{"index":"index","follow":"follow","max-snippet":"max-snippet:-1","max-image-preview":"max-image-preview:large","max-video-preview":"max-video-preview:-1"},"canonical":"https:\/\/www.daisho.be\/de\/produit\/mma-kaefig-mit-tribuenen-6mx6m\/","og_locale":"de_DE","og_type":"article","og_title":"MMA-K\u00e4fig mit Trib\u00fcnen -6Mx6M &#8211; Daisho","og_description":"Brauchen Sie einen MMA-K\u00e4fig mit Trib\u00fcne? Auf unserer Website www.daisho.be|Daisho finden Sie alle Modelle und Gr\u00f6\u00dfen, die wir im Angebot haben.","og_url":"https:\/\/www.daisho.be\/de\/produit\/mma-kaefig-mit-tribuenen-6mx6m\/","og_site_name":"Daisho","og_image":[{"width":312,"height":257,"url":"https:\/\/www.daisho.be\/wp-content\/uploads\/2025\/06\/image-27.png","type":"image\/png"}],"twitter_card":"summary_large_image","twitter_misc":{"Gesch\u00e4tzte Lesezeit":"1\u00a0Minute"},"schema":{"@context":"https:\/\/schema.org","@graph":[{"@type":"WebPage","@id":"https:\/\/www.daisho.be\/de\/produit\/mma-kaefig-mit-tribuenen-6mx6m\/","url":"https:\/\/www.daisho.be\/de\/produit\/mma-kaefig-mit-tribuenen-6mx6m\/","name":"MMA-K\u00e4fig mit Trib\u00fcnen -6Mx6M &#8211; Daisho","isPartOf":{"@id":"https:\/\/www.daisho.be\/de\/#website"},"primaryImageOfPage":{"@id":"https:\/\/www.daisho.be\/de\/produit\/mma-kaefig-mit-tribuenen-6mx6m\/#primaryimage"},"image":{"@id":"https:\/\/www.daisho.be\/de\/produit\/mma-kaefig-mit-tribuenen-6mx6m\/#primaryimage"},"thumbnailUrl":"https:\/\/www.daisho.be\/wp-content\/uploads\/2025\/06\/image-27.png","datePublished":"2025-06-19T11:22:59+00:00","description":"Brauchen Sie einen MMA-K\u00e4fig mit Trib\u00fcne? Auf unserer Website www.daisho.be|Daisho finden Sie alle Modelle und Gr\u00f6\u00dfen, die wir im Angebot haben.","breadcrumb":{"@id":"https:\/\/www.daisho.be\/de\/produit\/mma-kaefig-mit-tribuenen-6mx6m\/#breadcrumb"},"inLanguage":"de","potentialAction":[{"@type":"ReadAction","target":["https:\/\/www.daisho.be\/de\/produit\/mma-kaefig-mit-tribuenen-6mx6m\/"]}]},{"@type":"ImageObject","inLanguage":"de","@id":"https:\/\/www.daisho.be\/de\/produit\/mma-kaefig-mit-tribuenen-6mx6m\/#primaryimage","url":"https:\/\/www.daisho.be\/wp-content\/uploads\/2025\/06\/image-27.png","contentUrl":"https:\/\/www.daisho.be\/wp-content\/uploads\/2025\/06\/image-27.png","width":312,"height":257,"caption":"MMA-K\u00e4fig mit Trib\u00fcnen -6Mx6M-1"},{"@type":"BreadcrumbList","@id":"https:\/\/www.daisho.be\/de\/produit\/mma-kaefig-mit-tribuenen-6mx6m\/#breadcrumb","itemListElement":[{"@type":"ListItem","position":1,"name":"Accueil","item":"https:\/\/www.daisho.be\/de\/"},{"@type":"ListItem","position":2,"name":"Produkte","item":"https:\/\/www.daisho.be\/de\/produkte\/"},{"@type":"ListItem","position":3,"name":"Ausr\u00fcstung und Kleidung f\u00fcr Kampfkunst und Kampfsport","item":"https:\/\/www.daisho.be\/de\/categorie-produit\/ausrustung-und-kleidung-fur-kampfkunst-und-kampfsport\/"},{"@type":"ListItem","position":4,"name":"MMA-K\u00e4fig mit Trib\u00fcnen -6Mx6M"}]},{"@type":"WebSite","@id":"https:\/\/www.daisho.be\/de\/#website","url":"https:\/\/www.daisho.be\/de\/","name":"Daisho","description":"Sp&eacute;cialiste de l'&eacute;quipement sportif d'arts martiaux","publisher":{"@id":"https:\/\/www.daisho.be\/de\/#organization"},"potentialAction":[{"@type":"SearchAction","target":{"@type":"EntryPoint","urlTemplate":"https:\/\/www.daisho.be\/de\/?s={search_term_string}"},"query-input":{"@type":"PropertyValueSpecification","valueRequired":true,"valueName":"search_term_string"}}],"inLanguage":"de"},{"@type":"Organization","@id":"https:\/\/www.daisho.be\/de\/#organization","name":"Daisho","url":"https:\/\/www.daisho.be\/de\/","logo":{"@type":"ImageObject","inLanguage":"de","@id":"https:\/\/www.daisho.be\/de\/#\/schema\/logo\/image\/","url":"https:\/\/www.daisho.be\/wp-content\/uploads\/2019\/07\/color-nothing-horizontale4x-e1564486100247.png","contentUrl":"https:\/\/www.daisho.be\/wp-content\/uploads\/2019\/07\/color-nothing-horizontale4x-e1564486100247.png","width":1547,"height":385,"caption":"Daisho"},"image":{"@id":"https:\/\/www.daisho.be\/de\/#\/schema\/logo\/image\/"}}]}},"_links":{"self":[{"href":"https:\/\/www.daisho.be\/de\/wp-json\/wp\/v2\/product\/562831","targetHints":{"allow":["GET"]}}],"collection":[{"href":"https:\/\/www.daisho.be\/de\/wp-json\/wp\/v2\/product"}],"about":[{"href":"https:\/\/www.daisho.be\/de\/wp-json\/wp\/v2\/types\/product"}],"replies":[{"embeddable":true,"href":"https:\/\/www.daisho.be\/de\/wp-json\/wp\/v2\/comments?post=562831"}],"wp:featuredmedia":[{"embeddable":true,"href":"https:\/\/www.daisho.be\/de\/wp-json\/wp\/v2\/media\/531332"}],"wp:attachment":[{"href":"https:\/\/www.daisho.be\/de\/wp-json\/wp\/v2\/media?parent=562831"}],"wp:term":[{"taxonomy":"product_brand","embeddable":true,"href":"https:\/\/www.daisho.be\/de\/wp-json\/wp\/v2\/product_brand?post=562831"},{"taxonomy":"product_cat","embeddable":true,"href":"https:\/\/www.daisho.be\/de\/wp-json\/wp\/v2\/product_cat?post=562831"},{"taxonomy":"product_tag","embeddable":true,"href":"https:\/\/www.daisho.be\/de\/wp-json\/wp\/v2\/product_tag?post=562831"},{"taxonomy":"sport","embeddable":true,"href":"https:\/\/www.daisho.be\/de\/wp-json\/wp\/v2\/sport?post=562831"}],"curies":[{"name":"wp","href":"https:\/\/api.w.org\/{rel}","templated":true}]}}