{"id":562820,"date":"2025-07-07T10:54:07","date_gmt":"2025-07-07T08:54:07","guid":{"rendered":"https:\/\/www.daisho.be\/produit\/escrima-stab-blau-60-cm\/"},"modified":"2026-02-25T13:50:37","modified_gmt":"2026-02-25T12:50:37","slug":"escrima-stab-blau-60-cm","status":"publish","type":"product","link":"https:\/\/www.daisho.be\/de\/produit\/escrima-stab-blau-60-cm\/","title":{"rendered":"ESCRIMA-STAB BLAU &#8211; 61 CM"},"content":{"rendered":"<p>Der Soft Stick ist ein gepolsterter Escrima-Stock aus Kunststoff.<br \/>\nGepolsterter Spezialstock f\u00fcr Kali, Escrima und nat\u00fcrlich auch f\u00fcr Selbstverteidigungstechniken in Krav Maga, Ju Jutsu, Hapkido, etc.<br \/>\nHervorragend geeignet f\u00fcr das Training der Verteidigung gegen leichte Waffen.<\/p>\n<p>Eigenschaften:<br \/>\nL\u00e4nge: ca. 61 cm<br \/>\nGewicht: 228 g<br \/>\nKunststoffkern mit einer Dicke von ca. 2,4 cm<br \/>\nSchaumstoffummantelung<br \/>\nFarbe: blau \/ schwarz<\/p>\n","protected":false},"excerpt":{"rendered":"<p>Der Soft Stick ist ein gepolsterter Escrima-Stock aus Kunststoff. Gepolsterter Spezialstock f\u00fcr Kali, Escrima und nat\u00fcrlich auch f\u00fcr Selbstverteidigungstechniken in Krav Maga, Ju Jutsu, Hapkido, etc. Hervorragend geeignet f\u00fcr das Training der Verteidigung gegen leichte Waffen. Eigenschaften: L\u00e4nge: ca. 61 cm Gewicht: 228 g Kunststoffkern mit einer Dicke von ca. 2,4 cm Schaumstoffummantelung Farbe: blau [&hellip;]<\/p>\n","protected":false},"featured_media":663149,"comment_status":"open","ping_status":"closed","template":"","meta":{"inline_featured_image":false},"product_brand":[],"product_cat":[2055,2094,2101,2115],"product_tag":[2053],"sport":[],"class_list":{"0":"post-562820","1":"product","2":"type-product","3":"status-publish","4":"has-post-thumbnail","6":"product_cat-karate-trainingsmaterial","7":"product_cat-krav-maga-trainingsmaterial","8":"product_cat-trainingsmaterial-fur-jiu-jitsu","9":"product_cat-waffen","10":"product_tag-daisho-de","11":"pa_size-sans-taille-defaut","13":"first","14":"instock","15":"taxable","16":"shipping-taxable","17":"purchasable","18":"product-type-simple"},"yoast_head":"<!-- This site is optimized with the Yoast SEO plugin v27.2 - https:\/\/yoast.com\/product\/yoast-seo-wordpress\/ -->\n<title>ESCRIMA-STAB BLAU - 61 CM &#8211; Daisho<\/title>\n<meta name=\"robots\" content=\"index, follow, max-snippet:-1, max-image-preview:large, max-video-preview:-1\" \/>\n<link rel=\"canonical\" href=\"https:\/\/www.daisho.be\/de\/produit\/escrima-stab-blau-60-cm\/\" \/>\n<meta property=\"og:locale\" content=\"de_DE\" \/>\n<meta property=\"og:type\" content=\"article\" \/>\n<meta property=\"og:title\" content=\"ESCRIMA-STAB BLAU - 61 CM &#8211; Daisho\" \/>\n<meta property=\"og:description\" content=\"Der Soft Stick ist ein gepolsterter Escrima-Stock aus Kunststoff. Gepolsterter Spezialstock f\u00fcr Kali, Escrima und nat\u00fcrlich auch f\u00fcr Selbstverteidigungstechniken in Krav Maga, Ju Jutsu, Hapkido, etc. Hervorragend geeignet f\u00fcr das Training der Verteidigung gegen leichte Waffen. Eigenschaften: L\u00e4nge: ca. 61 cm Gewicht: 228 g Kunststoffkern mit einer Dicke von ca. 2,4 cm Schaumstoffummantelung Farbe: blau [&hellip;]\" \/>\n<meta property=\"og:url\" content=\"https:\/\/www.daisho.be\/de\/produit\/escrima-stab-blau-60-cm\/\" \/>\n<meta property=\"og:site_name\" content=\"Daisho\" \/>\n<meta property=\"article:modified_time\" content=\"2026-02-25T12:50:37+00:00\" \/>\n<meta property=\"og:image\" content=\"https:\/\/www.daisho.be\/wp-content\/uploads\/2026\/02\/image.webp\" \/>\n\t<meta property=\"og:image:width\" content=\"1200\" \/>\n\t<meta property=\"og:image:height\" content=\"1031\" \/>\n\t<meta property=\"og:image:type\" content=\"image\/webp\" \/>\n<meta name=\"twitter:card\" content=\"summary_large_image\" \/>\n<script type=\"application\/ld+json\" class=\"yoast-schema-graph\">{\"@context\":\"https:\/\/schema.org\",\"@graph\":[{\"@type\":\"WebPage\",\"@id\":\"https:\/\/www.daisho.be\/de\/produit\/escrima-stab-blau-60-cm\/\",\"url\":\"https:\/\/www.daisho.be\/de\/produit\/escrima-stab-blau-60-cm\/\",\"name\":\"ESCRIMA-STAB BLAU - 61 CM &#8211; Daisho\",\"isPartOf\":{\"@id\":\"https:\/\/www.daisho.be\/de\/#website\"},\"primaryImageOfPage\":{\"@id\":\"https:\/\/www.daisho.be\/de\/produit\/escrima-stab-blau-60-cm\/#primaryimage\"},\"image\":{\"@id\":\"https:\/\/www.daisho.be\/de\/produit\/escrima-stab-blau-60-cm\/#primaryimage\"},\"thumbnailUrl\":\"https:\/\/www.daisho.be\/wp-content\/uploads\/2026\/02\/image.webp\",\"datePublished\":\"2025-07-07T08:54:07+00:00\",\"dateModified\":\"2026-02-25T12:50:37+00:00\",\"breadcrumb\":{\"@id\":\"https:\/\/www.daisho.be\/de\/produit\/escrima-stab-blau-60-cm\/#breadcrumb\"},\"inLanguage\":\"de\",\"potentialAction\":[{\"@type\":\"ReadAction\",\"target\":[\"https:\/\/www.daisho.be\/de\/produit\/escrima-stab-blau-60-cm\/\"]}]},{\"@type\":\"ImageObject\",\"inLanguage\":\"de\",\"@id\":\"https:\/\/www.daisho.be\/de\/produit\/escrima-stab-blau-60-cm\/#primaryimage\",\"url\":\"https:\/\/www.daisho.be\/wp-content\/uploads\/2026\/02\/image.webp\",\"contentUrl\":\"https:\/\/www.daisho.be\/wp-content\/uploads\/2026\/02\/image.webp\",\"width\":1200,\"height\":1031,\"caption\":\"BLAUER ESCRIMA-SCHL\u00c4GER - 61 CM-1\"},{\"@type\":\"BreadcrumbList\",\"@id\":\"https:\/\/www.daisho.be\/de\/produit\/escrima-stab-blau-60-cm\/#breadcrumb\",\"itemListElement\":[{\"@type\":\"ListItem\",\"position\":1,\"name\":\"Accueil\",\"item\":\"https:\/\/www.daisho.be\/de\/\"},{\"@type\":\"ListItem\",\"position\":2,\"name\":\"Produkte\",\"item\":\"https:\/\/www.daisho.be\/de\/produkte\/\"},{\"@type\":\"ListItem\",\"position\":3,\"name\":\"Ausr\u00fcstung und Kleidung f\u00fcr Kampfkunst und Kampfsport\",\"item\":\"https:\/\/www.daisho.be\/de\/categorie-produit\/ausrustung-und-kleidung-fur-kampfkunst-und-kampfsport\/\"},{\"@type\":\"ListItem\",\"position\":4,\"name\":\"Karate\",\"item\":\"https:\/\/www.daisho.be\/de\/categorie-produit\/ausrustung-und-kleidung-fur-kampfkunst-und-kampfsport\/karate-de-2\/\"},{\"@type\":\"ListItem\",\"position\":5,\"name\":\"Karate Trainingsmaterial\",\"item\":\"https:\/\/www.daisho.be\/de\/categorie-produit\/ausrustung-und-kleidung-fur-kampfkunst-und-kampfsport\/karate-de-2\/karate-trainingsmaterial\/\"},{\"@type\":\"ListItem\",\"position\":6,\"name\":\"ESCRIMA-STAB BLAU &#8211; 61 CM\"}]},{\"@type\":\"WebSite\",\"@id\":\"https:\/\/www.daisho.be\/de\/#website\",\"url\":\"https:\/\/www.daisho.be\/de\/\",\"name\":\"Daisho\",\"description\":\"Sp&eacute;cialiste de l'&eacute;quipement sportif d'arts martiaux\",\"publisher\":{\"@id\":\"https:\/\/www.daisho.be\/de\/#organization\"},\"potentialAction\":[{\"@type\":\"SearchAction\",\"target\":{\"@type\":\"EntryPoint\",\"urlTemplate\":\"https:\/\/www.daisho.be\/de\/?s={search_term_string}\"},\"query-input\":{\"@type\":\"PropertyValueSpecification\",\"valueRequired\":true,\"valueName\":\"search_term_string\"}}],\"inLanguage\":\"de\"},{\"@type\":\"Organization\",\"@id\":\"https:\/\/www.daisho.be\/de\/#organization\",\"name\":\"Daisho\",\"url\":\"https:\/\/www.daisho.be\/de\/\",\"logo\":{\"@type\":\"ImageObject\",\"inLanguage\":\"de\",\"@id\":\"https:\/\/www.daisho.be\/de\/#\/schema\/logo\/image\/\",\"url\":\"https:\/\/www.daisho.be\/wp-content\/uploads\/2019\/07\/color-nothing-horizontale4x-e1564486100247.png\",\"contentUrl\":\"https:\/\/www.daisho.be\/wp-content\/uploads\/2019\/07\/color-nothing-horizontale4x-e1564486100247.png\",\"width\":1547,\"height\":385,\"caption\":\"Daisho\"},\"image\":{\"@id\":\"https:\/\/www.daisho.be\/de\/#\/schema\/logo\/image\/\"}}]}<\/script>\n<!-- \/ Yoast SEO plugin. -->","yoast_head_json":{"title":"ESCRIMA-STAB BLAU - 61 CM &#8211; Daisho","robots":{"index":"index","follow":"follow","max-snippet":"max-snippet:-1","max-image-preview":"max-image-preview:large","max-video-preview":"max-video-preview:-1"},"canonical":"https:\/\/www.daisho.be\/de\/produit\/escrima-stab-blau-60-cm\/","og_locale":"de_DE","og_type":"article","og_title":"ESCRIMA-STAB BLAU - 61 CM &#8211; Daisho","og_description":"Der Soft Stick ist ein gepolsterter Escrima-Stock aus Kunststoff. Gepolsterter Spezialstock f\u00fcr Kali, Escrima und nat\u00fcrlich auch f\u00fcr Selbstverteidigungstechniken in Krav Maga, Ju Jutsu, Hapkido, etc. Hervorragend geeignet f\u00fcr das Training der Verteidigung gegen leichte Waffen. Eigenschaften: L\u00e4nge: ca. 61 cm Gewicht: 228 g Kunststoffkern mit einer Dicke von ca. 2,4 cm Schaumstoffummantelung Farbe: blau [&hellip;]","og_url":"https:\/\/www.daisho.be\/de\/produit\/escrima-stab-blau-60-cm\/","og_site_name":"Daisho","article_modified_time":"2026-02-25T12:50:37+00:00","og_image":[{"width":1200,"height":1031,"url":"https:\/\/www.daisho.be\/wp-content\/uploads\/2026\/02\/image.webp","type":"image\/webp"}],"twitter_card":"summary_large_image","schema":{"@context":"https:\/\/schema.org","@graph":[{"@type":"WebPage","@id":"https:\/\/www.daisho.be\/de\/produit\/escrima-stab-blau-60-cm\/","url":"https:\/\/www.daisho.be\/de\/produit\/escrima-stab-blau-60-cm\/","name":"ESCRIMA-STAB BLAU - 61 CM &#8211; Daisho","isPartOf":{"@id":"https:\/\/www.daisho.be\/de\/#website"},"primaryImageOfPage":{"@id":"https:\/\/www.daisho.be\/de\/produit\/escrima-stab-blau-60-cm\/#primaryimage"},"image":{"@id":"https:\/\/www.daisho.be\/de\/produit\/escrima-stab-blau-60-cm\/#primaryimage"},"thumbnailUrl":"https:\/\/www.daisho.be\/wp-content\/uploads\/2026\/02\/image.webp","datePublished":"2025-07-07T08:54:07+00:00","dateModified":"2026-02-25T12:50:37+00:00","breadcrumb":{"@id":"https:\/\/www.daisho.be\/de\/produit\/escrima-stab-blau-60-cm\/#breadcrumb"},"inLanguage":"de","potentialAction":[{"@type":"ReadAction","target":["https:\/\/www.daisho.be\/de\/produit\/escrima-stab-blau-60-cm\/"]}]},{"@type":"ImageObject","inLanguage":"de","@id":"https:\/\/www.daisho.be\/de\/produit\/escrima-stab-blau-60-cm\/#primaryimage","url":"https:\/\/www.daisho.be\/wp-content\/uploads\/2026\/02\/image.webp","contentUrl":"https:\/\/www.daisho.be\/wp-content\/uploads\/2026\/02\/image.webp","width":1200,"height":1031,"caption":"BLAUER ESCRIMA-SCHL\u00c4GER - 61 CM-1"},{"@type":"BreadcrumbList","@id":"https:\/\/www.daisho.be\/de\/produit\/escrima-stab-blau-60-cm\/#breadcrumb","itemListElement":[{"@type":"ListItem","position":1,"name":"Accueil","item":"https:\/\/www.daisho.be\/de\/"},{"@type":"ListItem","position":2,"name":"Produkte","item":"https:\/\/www.daisho.be\/de\/produkte\/"},{"@type":"ListItem","position":3,"name":"Ausr\u00fcstung und Kleidung f\u00fcr Kampfkunst und Kampfsport","item":"https:\/\/www.daisho.be\/de\/categorie-produit\/ausrustung-und-kleidung-fur-kampfkunst-und-kampfsport\/"},{"@type":"ListItem","position":4,"name":"Karate","item":"https:\/\/www.daisho.be\/de\/categorie-produit\/ausrustung-und-kleidung-fur-kampfkunst-und-kampfsport\/karate-de-2\/"},{"@type":"ListItem","position":5,"name":"Karate Trainingsmaterial","item":"https:\/\/www.daisho.be\/de\/categorie-produit\/ausrustung-und-kleidung-fur-kampfkunst-und-kampfsport\/karate-de-2\/karate-trainingsmaterial\/"},{"@type":"ListItem","position":6,"name":"ESCRIMA-STAB BLAU &#8211; 61 CM"}]},{"@type":"WebSite","@id":"https:\/\/www.daisho.be\/de\/#website","url":"https:\/\/www.daisho.be\/de\/","name":"Daisho","description":"Sp&eacute;cialiste de l'&eacute;quipement sportif d'arts martiaux","publisher":{"@id":"https:\/\/www.daisho.be\/de\/#organization"},"potentialAction":[{"@type":"SearchAction","target":{"@type":"EntryPoint","urlTemplate":"https:\/\/www.daisho.be\/de\/?s={search_term_string}"},"query-input":{"@type":"PropertyValueSpecification","valueRequired":true,"valueName":"search_term_string"}}],"inLanguage":"de"},{"@type":"Organization","@id":"https:\/\/www.daisho.be\/de\/#organization","name":"Daisho","url":"https:\/\/www.daisho.be\/de\/","logo":{"@type":"ImageObject","inLanguage":"de","@id":"https:\/\/www.daisho.be\/de\/#\/schema\/logo\/image\/","url":"https:\/\/www.daisho.be\/wp-content\/uploads\/2019\/07\/color-nothing-horizontale4x-e1564486100247.png","contentUrl":"https:\/\/www.daisho.be\/wp-content\/uploads\/2019\/07\/color-nothing-horizontale4x-e1564486100247.png","width":1547,"height":385,"caption":"Daisho"},"image":{"@id":"https:\/\/www.daisho.be\/de\/#\/schema\/logo\/image\/"}}]}},"_links":{"self":[{"href":"https:\/\/www.daisho.be\/de\/wp-json\/wp\/v2\/product\/562820","targetHints":{"allow":["GET"]}}],"collection":[{"href":"https:\/\/www.daisho.be\/de\/wp-json\/wp\/v2\/product"}],"about":[{"href":"https:\/\/www.daisho.be\/de\/wp-json\/wp\/v2\/types\/product"}],"replies":[{"embeddable":true,"href":"https:\/\/www.daisho.be\/de\/wp-json\/wp\/v2\/comments?post=562820"}],"wp:featuredmedia":[{"embeddable":true,"href":"https:\/\/www.daisho.be\/de\/wp-json\/wp\/v2\/media\/663149"}],"wp:attachment":[{"href":"https:\/\/www.daisho.be\/de\/wp-json\/wp\/v2\/media?parent=562820"}],"wp:term":[{"taxonomy":"product_brand","embeddable":true,"href":"https:\/\/www.daisho.be\/de\/wp-json\/wp\/v2\/product_brand?post=562820"},{"taxonomy":"product_cat","embeddable":true,"href":"https:\/\/www.daisho.be\/de\/wp-json\/wp\/v2\/product_cat?post=562820"},{"taxonomy":"product_tag","embeddable":true,"href":"https:\/\/www.daisho.be\/de\/wp-json\/wp\/v2\/product_tag?post=562820"},{"taxonomy":"sport","embeddable":true,"href":"https:\/\/www.daisho.be\/de\/wp-json\/wp\/v2\/sport?post=562820"}],"curies":[{"name":"wp","href":"https:\/\/api.w.org\/{rel}","templated":true}]}}