{"id":562783,"date":"2025-07-25T16:14:16","date_gmt":"2025-07-25T14:14:16","guid":{"rendered":"https:\/\/www.daisho.be\/produit\/judogi-adidas-j650-contest-weiss-rot\/"},"modified":"2025-07-25T16:14:16","modified_gmt":"2025-07-25T14:14:16","slug":"judogi-adidas-j650-contest-weiss-rot","status":"publish","type":"product","link":"https:\/\/www.daisho.be\/de\/produit\/judogi-adidas-j650-contest-weiss-rot\/","title":{"rendered":"Judogi Adidas J650 Contest Wei\u00df\/Rot"},"content":{"rendered":"<p>Dieser Judogi ist perfekt f\u00fcr Judokas aller Niveaus und bietet eine ideale Balance zwischen Komfort und Leistung.<br \/>\nDie robuste Konstruktion aus Baumwolle und Polyester, die an strategischen Punkten gef\u00fcttert und verst\u00e4rkt ist, garantiert eine lange Lebensdauer.<br \/>\nDie eng anliegende Passform und die Schn\u00fcrung der Hose sorgen f\u00fcr eine optimale Passform, w\u00e4hrend der elastische Bund zus\u00e4tzlichen Komfort bietet.<br \/>\nDie gestickten adidas-Streifen auf den Schultern verleihen einen Hauch von Authentizit\u00e4t.<br \/>\nVorteile :<br \/>\n&#8211; Der Judogi ist an mehreren Stellen extra verst\u00e4rkt, um eine l\u00e4ngere Lebensdauer zu gew\u00e4hrleisten.<br \/>\n&#8211; Slim Fit Modell<br \/>\n&#8211; Schn\u00fcrung in der Hose<br \/>\n&#8211; Stoff: 650 g\/m\u00b2.<\/p>\n","protected":false},"excerpt":{"rendered":"<p>Dieser Judogi ist perfekt f\u00fcr Judokas aller Niveaus und bietet eine ideale Balance zwischen Komfort und Leistung. Die robuste Konstruktion aus Baumwolle und Polyester, die an strategischen Punkten gef\u00fcttert und verst\u00e4rkt ist, garantiert eine lange Lebensdauer. Die eng anliegende Passform und die Schn\u00fcrung der Hose sorgen f\u00fcr eine optimale Passform, w\u00e4hrend der elastische Bund zus\u00e4tzlichen [&hellip;]<\/p>\n","protected":false},"featured_media":541666,"comment_status":"open","ping_status":"closed","template":"","meta":{"inline_featured_image":false},"product_brand":[],"product_cat":[2230,2287,2118],"product_tag":[2178],"sport":[],"class_list":{"0":"post-562783","1":"product","2":"type-product","3":"status-publish","4":"has-post-thumbnail","6":"product_cat-judo-kimonos-de","7":"product_cat-kimono-judogi-adidas-de","8":"product_cat-kleidung-kimonos","9":"product_tag-adidas-de","10":"pa_size-380","11":"pa_size-379","12":"pa_size-378","13":"pa_size-377","14":"pa_size-376","15":"pa_size-383","16":"pa_size-382","18":"first","19":"instock","20":"taxable","21":"shipping-taxable","22":"purchasable","23":"product-type-variable"},"yoast_head":"<!-- This site is optimized with the Yoast SEO plugin v27.2 - https:\/\/yoast.com\/product\/yoast-seo-wordpress\/ -->\n<title>Judogi Adidas J650 Contest Wei\u00df\/Rot &#8211; Daisho<\/title>\n<meta name=\"robots\" content=\"index, follow, max-snippet:-1, max-image-preview:large, max-video-preview:-1\" \/>\n<link rel=\"canonical\" href=\"https:\/\/www.daisho.be\/de\/produit\/judogi-adidas-j650-contest-weiss-rot\/\" \/>\n<meta property=\"og:locale\" content=\"de_DE\" \/>\n<meta property=\"og:type\" content=\"article\" \/>\n<meta property=\"og:title\" content=\"Judogi Adidas J650 Contest Wei\u00df\/Rot &#8211; Daisho\" \/>\n<meta property=\"og:description\" content=\"Dieser Judogi ist perfekt f\u00fcr Judokas aller Niveaus und bietet eine ideale Balance zwischen Komfort und Leistung. Die robuste Konstruktion aus Baumwolle und Polyester, die an strategischen Punkten gef\u00fcttert und verst\u00e4rkt ist, garantiert eine lange Lebensdauer. Die eng anliegende Passform und die Schn\u00fcrung der Hose sorgen f\u00fcr eine optimale Passform, w\u00e4hrend der elastische Bund zus\u00e4tzlichen [&hellip;]\" \/>\n<meta property=\"og:url\" content=\"https:\/\/www.daisho.be\/de\/produit\/judogi-adidas-j650-contest-weiss-rot\/\" \/>\n<meta property=\"og:site_name\" content=\"Daisho\" \/>\n<meta property=\"og:image\" content=\"https:\/\/www.daisho.be\/wp-content\/uploads\/2025\/07\/image-3.jpg\" \/>\n\t<meta property=\"og:image:width\" content=\"650\" \/>\n\t<meta property=\"og:image:height\" content=\"650\" \/>\n\t<meta property=\"og:image:type\" content=\"image\/jpeg\" \/>\n<meta name=\"twitter:card\" content=\"summary_large_image\" \/>\n<meta name=\"twitter:label1\" content=\"Gesch\u00e4tzte Lesezeit\" \/>\n\t<meta name=\"twitter:data1\" content=\"1\u00a0Minute\" \/>\n<script type=\"application\/ld+json\" class=\"yoast-schema-graph\">{\"@context\":\"https:\/\/schema.org\",\"@graph\":[{\"@type\":\"WebPage\",\"@id\":\"https:\/\/www.daisho.be\/de\/produit\/judogi-adidas-j650-contest-weiss-rot\/\",\"url\":\"https:\/\/www.daisho.be\/de\/produit\/judogi-adidas-j650-contest-weiss-rot\/\",\"name\":\"Judogi Adidas J650 Contest Wei\u00df\/Rot &#8211; Daisho\",\"isPartOf\":{\"@id\":\"https:\/\/www.daisho.be\/de\/#website\"},\"primaryImageOfPage\":{\"@id\":\"https:\/\/www.daisho.be\/de\/produit\/judogi-adidas-j650-contest-weiss-rot\/#primaryimage\"},\"image\":{\"@id\":\"https:\/\/www.daisho.be\/de\/produit\/judogi-adidas-j650-contest-weiss-rot\/#primaryimage\"},\"thumbnailUrl\":\"https:\/\/www.daisho.be\/wp-content\/uploads\/2025\/07\/image-3.jpg\",\"datePublished\":\"2025-07-25T14:14:16+00:00\",\"breadcrumb\":{\"@id\":\"https:\/\/www.daisho.be\/de\/produit\/judogi-adidas-j650-contest-weiss-rot\/#breadcrumb\"},\"inLanguage\":\"de\",\"potentialAction\":[{\"@type\":\"ReadAction\",\"target\":[\"https:\/\/www.daisho.be\/de\/produit\/judogi-adidas-j650-contest-weiss-rot\/\"]}]},{\"@type\":\"ImageObject\",\"inLanguage\":\"de\",\"@id\":\"https:\/\/www.daisho.be\/de\/produit\/judogi-adidas-j650-contest-weiss-rot\/#primaryimage\",\"url\":\"https:\/\/www.daisho.be\/wp-content\/uploads\/2025\/07\/image-3.jpg\",\"contentUrl\":\"https:\/\/www.daisho.be\/wp-content\/uploads\/2025\/07\/image-3.jpg\",\"width\":650,\"height\":650,\"caption\":\"Judogi Adidas J650 Contest Blanc\/Rouge-1\"},{\"@type\":\"BreadcrumbList\",\"@id\":\"https:\/\/www.daisho.be\/de\/produit\/judogi-adidas-j650-contest-weiss-rot\/#breadcrumb\",\"itemListElement\":[{\"@type\":\"ListItem\",\"position\":1,\"name\":\"Accueil\",\"item\":\"https:\/\/www.daisho.be\/de\/\"},{\"@type\":\"ListItem\",\"position\":2,\"name\":\"Produkte\",\"item\":\"https:\/\/www.daisho.be\/de\/produkte\/\"},{\"@type\":\"ListItem\",\"position\":3,\"name\":\"Ausr\u00fcstung und Kleidung f\u00fcr Kampfkunst und Kampfsport\",\"item\":\"https:\/\/www.daisho.be\/de\/categorie-produit\/ausrustung-und-kleidung-fur-kampfkunst-und-kampfsport\/\"},{\"@type\":\"ListItem\",\"position\":4,\"name\":\"Judo\",\"item\":\"https:\/\/www.daisho.be\/de\/categorie-produit\/ausrustung-und-kleidung-fur-kampfkunst-und-kampfsport\/judo-de-2\/\"},{\"@type\":\"ListItem\",\"position\":5,\"name\":\"Judo-Kimonos\",\"item\":\"https:\/\/www.daisho.be\/de\/categorie-produit\/ausrustung-und-kleidung-fur-kampfkunst-und-kampfsport\/judo-de-2\/judo-kimonos-de\/\"},{\"@type\":\"ListItem\",\"position\":6,\"name\":\"Judogi Adidas J650 Contest Wei\u00df\/Rot\"}]},{\"@type\":\"WebSite\",\"@id\":\"https:\/\/www.daisho.be\/de\/#website\",\"url\":\"https:\/\/www.daisho.be\/de\/\",\"name\":\"Daisho\",\"description\":\"Sp&eacute;cialiste de l'&eacute;quipement sportif d'arts martiaux\",\"publisher\":{\"@id\":\"https:\/\/www.daisho.be\/de\/#organization\"},\"potentialAction\":[{\"@type\":\"SearchAction\",\"target\":{\"@type\":\"EntryPoint\",\"urlTemplate\":\"https:\/\/www.daisho.be\/de\/?s={search_term_string}\"},\"query-input\":{\"@type\":\"PropertyValueSpecification\",\"valueRequired\":true,\"valueName\":\"search_term_string\"}}],\"inLanguage\":\"de\"},{\"@type\":\"Organization\",\"@id\":\"https:\/\/www.daisho.be\/de\/#organization\",\"name\":\"Daisho\",\"url\":\"https:\/\/www.daisho.be\/de\/\",\"logo\":{\"@type\":\"ImageObject\",\"inLanguage\":\"de\",\"@id\":\"https:\/\/www.daisho.be\/de\/#\/schema\/logo\/image\/\",\"url\":\"https:\/\/www.daisho.be\/wp-content\/uploads\/2019\/07\/color-nothing-horizontale4x-e1564486100247.png\",\"contentUrl\":\"https:\/\/www.daisho.be\/wp-content\/uploads\/2019\/07\/color-nothing-horizontale4x-e1564486100247.png\",\"width\":1547,\"height\":385,\"caption\":\"Daisho\"},\"image\":{\"@id\":\"https:\/\/www.daisho.be\/de\/#\/schema\/logo\/image\/\"}}]}<\/script>\n<!-- \/ Yoast SEO plugin. -->","yoast_head_json":{"title":"Judogi Adidas J650 Contest Wei\u00df\/Rot &#8211; Daisho","robots":{"index":"index","follow":"follow","max-snippet":"max-snippet:-1","max-image-preview":"max-image-preview:large","max-video-preview":"max-video-preview:-1"},"canonical":"https:\/\/www.daisho.be\/de\/produit\/judogi-adidas-j650-contest-weiss-rot\/","og_locale":"de_DE","og_type":"article","og_title":"Judogi Adidas J650 Contest Wei\u00df\/Rot &#8211; Daisho","og_description":"Dieser Judogi ist perfekt f\u00fcr Judokas aller Niveaus und bietet eine ideale Balance zwischen Komfort und Leistung. Die robuste Konstruktion aus Baumwolle und Polyester, die an strategischen Punkten gef\u00fcttert und verst\u00e4rkt ist, garantiert eine lange Lebensdauer. Die eng anliegende Passform und die Schn\u00fcrung der Hose sorgen f\u00fcr eine optimale Passform, w\u00e4hrend der elastische Bund zus\u00e4tzlichen [&hellip;]","og_url":"https:\/\/www.daisho.be\/de\/produit\/judogi-adidas-j650-contest-weiss-rot\/","og_site_name":"Daisho","og_image":[{"width":650,"height":650,"url":"https:\/\/www.daisho.be\/wp-content\/uploads\/2025\/07\/image-3.jpg","type":"image\/jpeg"}],"twitter_card":"summary_large_image","twitter_misc":{"Gesch\u00e4tzte Lesezeit":"1\u00a0Minute"},"schema":{"@context":"https:\/\/schema.org","@graph":[{"@type":"WebPage","@id":"https:\/\/www.daisho.be\/de\/produit\/judogi-adidas-j650-contest-weiss-rot\/","url":"https:\/\/www.daisho.be\/de\/produit\/judogi-adidas-j650-contest-weiss-rot\/","name":"Judogi Adidas J650 Contest Wei\u00df\/Rot &#8211; Daisho","isPartOf":{"@id":"https:\/\/www.daisho.be\/de\/#website"},"primaryImageOfPage":{"@id":"https:\/\/www.daisho.be\/de\/produit\/judogi-adidas-j650-contest-weiss-rot\/#primaryimage"},"image":{"@id":"https:\/\/www.daisho.be\/de\/produit\/judogi-adidas-j650-contest-weiss-rot\/#primaryimage"},"thumbnailUrl":"https:\/\/www.daisho.be\/wp-content\/uploads\/2025\/07\/image-3.jpg","datePublished":"2025-07-25T14:14:16+00:00","breadcrumb":{"@id":"https:\/\/www.daisho.be\/de\/produit\/judogi-adidas-j650-contest-weiss-rot\/#breadcrumb"},"inLanguage":"de","potentialAction":[{"@type":"ReadAction","target":["https:\/\/www.daisho.be\/de\/produit\/judogi-adidas-j650-contest-weiss-rot\/"]}]},{"@type":"ImageObject","inLanguage":"de","@id":"https:\/\/www.daisho.be\/de\/produit\/judogi-adidas-j650-contest-weiss-rot\/#primaryimage","url":"https:\/\/www.daisho.be\/wp-content\/uploads\/2025\/07\/image-3.jpg","contentUrl":"https:\/\/www.daisho.be\/wp-content\/uploads\/2025\/07\/image-3.jpg","width":650,"height":650,"caption":"Judogi Adidas J650 Contest Blanc\/Rouge-1"},{"@type":"BreadcrumbList","@id":"https:\/\/www.daisho.be\/de\/produit\/judogi-adidas-j650-contest-weiss-rot\/#breadcrumb","itemListElement":[{"@type":"ListItem","position":1,"name":"Accueil","item":"https:\/\/www.daisho.be\/de\/"},{"@type":"ListItem","position":2,"name":"Produkte","item":"https:\/\/www.daisho.be\/de\/produkte\/"},{"@type":"ListItem","position":3,"name":"Ausr\u00fcstung und Kleidung f\u00fcr Kampfkunst und Kampfsport","item":"https:\/\/www.daisho.be\/de\/categorie-produit\/ausrustung-und-kleidung-fur-kampfkunst-und-kampfsport\/"},{"@type":"ListItem","position":4,"name":"Judo","item":"https:\/\/www.daisho.be\/de\/categorie-produit\/ausrustung-und-kleidung-fur-kampfkunst-und-kampfsport\/judo-de-2\/"},{"@type":"ListItem","position":5,"name":"Judo-Kimonos","item":"https:\/\/www.daisho.be\/de\/categorie-produit\/ausrustung-und-kleidung-fur-kampfkunst-und-kampfsport\/judo-de-2\/judo-kimonos-de\/"},{"@type":"ListItem","position":6,"name":"Judogi Adidas J650 Contest Wei\u00df\/Rot"}]},{"@type":"WebSite","@id":"https:\/\/www.daisho.be\/de\/#website","url":"https:\/\/www.daisho.be\/de\/","name":"Daisho","description":"Sp&eacute;cialiste de l'&eacute;quipement sportif d'arts martiaux","publisher":{"@id":"https:\/\/www.daisho.be\/de\/#organization"},"potentialAction":[{"@type":"SearchAction","target":{"@type":"EntryPoint","urlTemplate":"https:\/\/www.daisho.be\/de\/?s={search_term_string}"},"query-input":{"@type":"PropertyValueSpecification","valueRequired":true,"valueName":"search_term_string"}}],"inLanguage":"de"},{"@type":"Organization","@id":"https:\/\/www.daisho.be\/de\/#organization","name":"Daisho","url":"https:\/\/www.daisho.be\/de\/","logo":{"@type":"ImageObject","inLanguage":"de","@id":"https:\/\/www.daisho.be\/de\/#\/schema\/logo\/image\/","url":"https:\/\/www.daisho.be\/wp-content\/uploads\/2019\/07\/color-nothing-horizontale4x-e1564486100247.png","contentUrl":"https:\/\/www.daisho.be\/wp-content\/uploads\/2019\/07\/color-nothing-horizontale4x-e1564486100247.png","width":1547,"height":385,"caption":"Daisho"},"image":{"@id":"https:\/\/www.daisho.be\/de\/#\/schema\/logo\/image\/"}}]}},"_links":{"self":[{"href":"https:\/\/www.daisho.be\/de\/wp-json\/wp\/v2\/product\/562783","targetHints":{"allow":["GET"]}}],"collection":[{"href":"https:\/\/www.daisho.be\/de\/wp-json\/wp\/v2\/product"}],"about":[{"href":"https:\/\/www.daisho.be\/de\/wp-json\/wp\/v2\/types\/product"}],"replies":[{"embeddable":true,"href":"https:\/\/www.daisho.be\/de\/wp-json\/wp\/v2\/comments?post=562783"}],"wp:featuredmedia":[{"embeddable":true,"href":"https:\/\/www.daisho.be\/de\/wp-json\/wp\/v2\/media\/541666"}],"wp:attachment":[{"href":"https:\/\/www.daisho.be\/de\/wp-json\/wp\/v2\/media?parent=562783"}],"wp:term":[{"taxonomy":"product_brand","embeddable":true,"href":"https:\/\/www.daisho.be\/de\/wp-json\/wp\/v2\/product_brand?post=562783"},{"taxonomy":"product_cat","embeddable":true,"href":"https:\/\/www.daisho.be\/de\/wp-json\/wp\/v2\/product_cat?post=562783"},{"taxonomy":"product_tag","embeddable":true,"href":"https:\/\/www.daisho.be\/de\/wp-json\/wp\/v2\/product_tag?post=562783"},{"taxonomy":"sport","embeddable":true,"href":"https:\/\/www.daisho.be\/de\/wp-json\/wp\/v2\/sport?post=562783"}],"curies":[{"name":"wp","href":"https:\/\/api.w.org\/{rel}","templated":true}]}}