{"id":562761,"date":"2025-08-05T22:28:05","date_gmt":"2025-08-05T20:28:05","guid":{"rendered":"https:\/\/www.daisho.be\/produit\/klapptisch-eco-holz-blau\/"},"modified":"2025-08-05T22:28:05","modified_gmt":"2025-08-05T20:28:05","slug":"klapptisch-eco-holz-blau","status":"publish","type":"product","link":"https:\/\/www.daisho.be\/de\/produit\/klapptisch-eco-holz-blau\/","title":{"rendered":"Klapptisch ECO HOLZ Blau"},"content":{"rendered":"<p>Der Klapptisch wird mit einer Transporttasche geliefert.<br \/>\nWird h\u00e4ufig von Clubs verwendet.<br \/>\nB 186 cm (207 cm mit Kopfst\u00fctze) x L 66 cm x H verstellbar von 60 bis 83 cm<br \/>\nGewicht: 14.2 kg mit Zubeh\u00f6r.<br \/>\nTragf\u00e4higkeit: 120 kg.<br \/>\nH\u00f6henverstellung in verschiedenen Positionen.<br \/>\nHochfeste Metall-Spannst\u00e4be f\u00fcr Stabilit\u00e4t.<br \/>\nHochfester Kunstlederbezug, wasser- und \u00f6lbest\u00e4ndig.<br \/>\n4 Gumminoppen zum Abst\u00fctzen des Tisches auf dem Boden, wenn er zusammengeklappt ist.<br \/>\n2 starke Griffe zum Bewegen des Tisches aus der Transporttasche.<\/p>\n<p>ZUBEH\u00d6R:<br \/>\n2 Gesichtsh\u00f6hlen<br \/>\n2 St\u00f6pselkissen f\u00fcr Gesichts\u00f6ffnungen<br \/>\nTransporth\u00fclle mit 1 Tasche<br \/>\nHalterung mit gelenkiger Gesichtskopfst\u00fctze<br \/>\n2 seitliche Verl\u00e4ngerungsarmlehnen<br \/>\nArmst\u00fctzenplatte<\/p>\n<p>Garantie: 1 Jahr<\/p>\n","protected":false},"excerpt":{"rendered":"<p>Der Klapptisch wird mit einer Transporttasche geliefert. Wird h\u00e4ufig von Clubs verwendet. B 186 cm (207 cm mit Kopfst\u00fctze) x L 66 cm x H verstellbar von 60 bis 83 cm Gewicht: 14.2 kg mit Zubeh\u00f6r. Tragf\u00e4higkeit: 120 kg. H\u00f6henverstellung in verschiedenen Positionen. Hochfeste Metall-Spannst\u00e4be f\u00fcr Stabilit\u00e4t. Hochfester Kunstlederbezug, wasser- und \u00f6lbest\u00e4ndig. 4 Gumminoppen zum [&hellip;]<\/p>\n","protected":false},"featured_media":543495,"comment_status":"open","ping_status":"closed","template":"","meta":{"inline_featured_image":false},"product_brand":[],"product_cat":[2210,2169],"product_tag":[2152],"sport":[],"class_list":{"0":"post-562761","1":"product","2":"type-product","3":"status-publish","4":"has-post-thumbnail","6":"product_cat-massage-therapie","7":"product_cat-pflege","8":"product_tag-sporti-de","10":"first","11":"instock","12":"taxable","13":"shipping-taxable","14":"purchasable","15":"product-type-simple"},"yoast_head":"<!-- This site is optimized with the Yoast SEO plugin v27.2 - https:\/\/yoast.com\/product\/yoast-seo-wordpress\/ -->\n<title>Klapptisch ECO HOLZ Blau &#8211; Daisho<\/title>\n<meta name=\"robots\" content=\"index, follow, max-snippet:-1, max-image-preview:large, max-video-preview:-1\" \/>\n<link rel=\"canonical\" href=\"https:\/\/www.daisho.be\/de\/produit\/klapptisch-eco-holz-blau\/\" \/>\n<meta property=\"og:locale\" content=\"de_DE\" \/>\n<meta property=\"og:type\" content=\"article\" \/>\n<meta property=\"og:title\" content=\"Klapptisch ECO HOLZ Blau &#8211; Daisho\" \/>\n<meta property=\"og:description\" content=\"Der Klapptisch wird mit einer Transporttasche geliefert. Wird h\u00e4ufig von Clubs verwendet. B 186 cm (207 cm mit Kopfst\u00fctze) x L 66 cm x H verstellbar von 60 bis 83 cm Gewicht: 14.2 kg mit Zubeh\u00f6r. Tragf\u00e4higkeit: 120 kg. H\u00f6henverstellung in verschiedenen Positionen. Hochfeste Metall-Spannst\u00e4be f\u00fcr Stabilit\u00e4t. Hochfester Kunstlederbezug, wasser- und \u00f6lbest\u00e4ndig. 4 Gumminoppen zum [&hellip;]\" \/>\n<meta property=\"og:url\" content=\"https:\/\/www.daisho.be\/de\/produit\/klapptisch-eco-holz-blau\/\" \/>\n<meta property=\"og:site_name\" content=\"Daisho\" \/>\n<meta property=\"og:image\" content=\"https:\/\/www.daisho.be\/wp-content\/uploads\/2025\/08\/image.png\" \/>\n\t<meta property=\"og:image:width\" content=\"1200\" \/>\n\t<meta property=\"og:image:height\" content=\"1200\" \/>\n\t<meta property=\"og:image:type\" content=\"image\/png\" \/>\n<meta name=\"twitter:card\" content=\"summary_large_image\" \/>\n<meta name=\"twitter:label1\" content=\"Gesch\u00e4tzte Lesezeit\" \/>\n\t<meta name=\"twitter:data1\" content=\"1\u00a0Minute\" \/>\n<script type=\"application\/ld+json\" class=\"yoast-schema-graph\">{\"@context\":\"https:\/\/schema.org\",\"@graph\":[{\"@type\":\"WebPage\",\"@id\":\"https:\/\/www.daisho.be\/de\/produit\/klapptisch-eco-holz-blau\/\",\"url\":\"https:\/\/www.daisho.be\/de\/produit\/klapptisch-eco-holz-blau\/\",\"name\":\"Klapptisch ECO HOLZ Blau &#8211; Daisho\",\"isPartOf\":{\"@id\":\"https:\/\/www.daisho.be\/de\/#website\"},\"primaryImageOfPage\":{\"@id\":\"https:\/\/www.daisho.be\/de\/produit\/klapptisch-eco-holz-blau\/#primaryimage\"},\"image\":{\"@id\":\"https:\/\/www.daisho.be\/de\/produit\/klapptisch-eco-holz-blau\/#primaryimage\"},\"thumbnailUrl\":\"https:\/\/www.daisho.be\/wp-content\/uploads\/2025\/08\/image.png\",\"datePublished\":\"2025-08-05T20:28:05+00:00\",\"breadcrumb\":{\"@id\":\"https:\/\/www.daisho.be\/de\/produit\/klapptisch-eco-holz-blau\/#breadcrumb\"},\"inLanguage\":\"de\",\"potentialAction\":[{\"@type\":\"ReadAction\",\"target\":[\"https:\/\/www.daisho.be\/de\/produit\/klapptisch-eco-holz-blau\/\"]}]},{\"@type\":\"ImageObject\",\"inLanguage\":\"de\",\"@id\":\"https:\/\/www.daisho.be\/de\/produit\/klapptisch-eco-holz-blau\/#primaryimage\",\"url\":\"https:\/\/www.daisho.be\/wp-content\/uploads\/2025\/08\/image.png\",\"contentUrl\":\"https:\/\/www.daisho.be\/wp-content\/uploads\/2025\/08\/image.png\",\"width\":1200,\"height\":1200,\"caption\":\"Table pliante ECO BOIS Bleu-1\"},{\"@type\":\"BreadcrumbList\",\"@id\":\"https:\/\/www.daisho.be\/de\/produit\/klapptisch-eco-holz-blau\/#breadcrumb\",\"itemListElement\":[{\"@type\":\"ListItem\",\"position\":1,\"name\":\"Accueil\",\"item\":\"https:\/\/www.daisho.be\/de\/\"},{\"@type\":\"ListItem\",\"position\":2,\"name\":\"Produkte\",\"item\":\"https:\/\/www.daisho.be\/de\/produkte\/\"},{\"@type\":\"ListItem\",\"position\":3,\"name\":\"Sportlerpflege\",\"item\":\"https:\/\/www.daisho.be\/de\/categorie-produit\/sportlerpflege\/\"},{\"@type\":\"ListItem\",\"position\":4,\"name\":\"Massage-Therapie\",\"item\":\"https:\/\/www.daisho.be\/de\/categorie-produit\/sportlerpflege\/massage-therapie\/\"},{\"@type\":\"ListItem\",\"position\":5,\"name\":\"Klapptisch ECO HOLZ Blau\"}]},{\"@type\":\"WebSite\",\"@id\":\"https:\/\/www.daisho.be\/de\/#website\",\"url\":\"https:\/\/www.daisho.be\/de\/\",\"name\":\"Daisho\",\"description\":\"Sp&eacute;cialiste de l'&eacute;quipement sportif d'arts martiaux\",\"publisher\":{\"@id\":\"https:\/\/www.daisho.be\/de\/#organization\"},\"potentialAction\":[{\"@type\":\"SearchAction\",\"target\":{\"@type\":\"EntryPoint\",\"urlTemplate\":\"https:\/\/www.daisho.be\/de\/?s={search_term_string}\"},\"query-input\":{\"@type\":\"PropertyValueSpecification\",\"valueRequired\":true,\"valueName\":\"search_term_string\"}}],\"inLanguage\":\"de\"},{\"@type\":\"Organization\",\"@id\":\"https:\/\/www.daisho.be\/de\/#organization\",\"name\":\"Daisho\",\"url\":\"https:\/\/www.daisho.be\/de\/\",\"logo\":{\"@type\":\"ImageObject\",\"inLanguage\":\"de\",\"@id\":\"https:\/\/www.daisho.be\/de\/#\/schema\/logo\/image\/\",\"url\":\"https:\/\/www.daisho.be\/wp-content\/uploads\/2019\/07\/color-nothing-horizontale4x-e1564486100247.png\",\"contentUrl\":\"https:\/\/www.daisho.be\/wp-content\/uploads\/2019\/07\/color-nothing-horizontale4x-e1564486100247.png\",\"width\":1547,\"height\":385,\"caption\":\"Daisho\"},\"image\":{\"@id\":\"https:\/\/www.daisho.be\/de\/#\/schema\/logo\/image\/\"}}]}<\/script>\n<!-- \/ Yoast SEO plugin. -->","yoast_head_json":{"title":"Klapptisch ECO HOLZ Blau &#8211; Daisho","robots":{"index":"index","follow":"follow","max-snippet":"max-snippet:-1","max-image-preview":"max-image-preview:large","max-video-preview":"max-video-preview:-1"},"canonical":"https:\/\/www.daisho.be\/de\/produit\/klapptisch-eco-holz-blau\/","og_locale":"de_DE","og_type":"article","og_title":"Klapptisch ECO HOLZ Blau &#8211; Daisho","og_description":"Der Klapptisch wird mit einer Transporttasche geliefert. Wird h\u00e4ufig von Clubs verwendet. B 186 cm (207 cm mit Kopfst\u00fctze) x L 66 cm x H verstellbar von 60 bis 83 cm Gewicht: 14.2 kg mit Zubeh\u00f6r. Tragf\u00e4higkeit: 120 kg. H\u00f6henverstellung in verschiedenen Positionen. Hochfeste Metall-Spannst\u00e4be f\u00fcr Stabilit\u00e4t. Hochfester Kunstlederbezug, wasser- und \u00f6lbest\u00e4ndig. 4 Gumminoppen zum [&hellip;]","og_url":"https:\/\/www.daisho.be\/de\/produit\/klapptisch-eco-holz-blau\/","og_site_name":"Daisho","og_image":[{"width":1200,"height":1200,"url":"https:\/\/www.daisho.be\/wp-content\/uploads\/2025\/08\/image.png","type":"image\/png"}],"twitter_card":"summary_large_image","twitter_misc":{"Gesch\u00e4tzte Lesezeit":"1\u00a0Minute"},"schema":{"@context":"https:\/\/schema.org","@graph":[{"@type":"WebPage","@id":"https:\/\/www.daisho.be\/de\/produit\/klapptisch-eco-holz-blau\/","url":"https:\/\/www.daisho.be\/de\/produit\/klapptisch-eco-holz-blau\/","name":"Klapptisch ECO HOLZ Blau &#8211; Daisho","isPartOf":{"@id":"https:\/\/www.daisho.be\/de\/#website"},"primaryImageOfPage":{"@id":"https:\/\/www.daisho.be\/de\/produit\/klapptisch-eco-holz-blau\/#primaryimage"},"image":{"@id":"https:\/\/www.daisho.be\/de\/produit\/klapptisch-eco-holz-blau\/#primaryimage"},"thumbnailUrl":"https:\/\/www.daisho.be\/wp-content\/uploads\/2025\/08\/image.png","datePublished":"2025-08-05T20:28:05+00:00","breadcrumb":{"@id":"https:\/\/www.daisho.be\/de\/produit\/klapptisch-eco-holz-blau\/#breadcrumb"},"inLanguage":"de","potentialAction":[{"@type":"ReadAction","target":["https:\/\/www.daisho.be\/de\/produit\/klapptisch-eco-holz-blau\/"]}]},{"@type":"ImageObject","inLanguage":"de","@id":"https:\/\/www.daisho.be\/de\/produit\/klapptisch-eco-holz-blau\/#primaryimage","url":"https:\/\/www.daisho.be\/wp-content\/uploads\/2025\/08\/image.png","contentUrl":"https:\/\/www.daisho.be\/wp-content\/uploads\/2025\/08\/image.png","width":1200,"height":1200,"caption":"Table pliante ECO BOIS Bleu-1"},{"@type":"BreadcrumbList","@id":"https:\/\/www.daisho.be\/de\/produit\/klapptisch-eco-holz-blau\/#breadcrumb","itemListElement":[{"@type":"ListItem","position":1,"name":"Accueil","item":"https:\/\/www.daisho.be\/de\/"},{"@type":"ListItem","position":2,"name":"Produkte","item":"https:\/\/www.daisho.be\/de\/produkte\/"},{"@type":"ListItem","position":3,"name":"Sportlerpflege","item":"https:\/\/www.daisho.be\/de\/categorie-produit\/sportlerpflege\/"},{"@type":"ListItem","position":4,"name":"Massage-Therapie","item":"https:\/\/www.daisho.be\/de\/categorie-produit\/sportlerpflege\/massage-therapie\/"},{"@type":"ListItem","position":5,"name":"Klapptisch ECO HOLZ Blau"}]},{"@type":"WebSite","@id":"https:\/\/www.daisho.be\/de\/#website","url":"https:\/\/www.daisho.be\/de\/","name":"Daisho","description":"Sp&eacute;cialiste de l'&eacute;quipement sportif d'arts martiaux","publisher":{"@id":"https:\/\/www.daisho.be\/de\/#organization"},"potentialAction":[{"@type":"SearchAction","target":{"@type":"EntryPoint","urlTemplate":"https:\/\/www.daisho.be\/de\/?s={search_term_string}"},"query-input":{"@type":"PropertyValueSpecification","valueRequired":true,"valueName":"search_term_string"}}],"inLanguage":"de"},{"@type":"Organization","@id":"https:\/\/www.daisho.be\/de\/#organization","name":"Daisho","url":"https:\/\/www.daisho.be\/de\/","logo":{"@type":"ImageObject","inLanguage":"de","@id":"https:\/\/www.daisho.be\/de\/#\/schema\/logo\/image\/","url":"https:\/\/www.daisho.be\/wp-content\/uploads\/2019\/07\/color-nothing-horizontale4x-e1564486100247.png","contentUrl":"https:\/\/www.daisho.be\/wp-content\/uploads\/2019\/07\/color-nothing-horizontale4x-e1564486100247.png","width":1547,"height":385,"caption":"Daisho"},"image":{"@id":"https:\/\/www.daisho.be\/de\/#\/schema\/logo\/image\/"}}]}},"_links":{"self":[{"href":"https:\/\/www.daisho.be\/de\/wp-json\/wp\/v2\/product\/562761","targetHints":{"allow":["GET"]}}],"collection":[{"href":"https:\/\/www.daisho.be\/de\/wp-json\/wp\/v2\/product"}],"about":[{"href":"https:\/\/www.daisho.be\/de\/wp-json\/wp\/v2\/types\/product"}],"replies":[{"embeddable":true,"href":"https:\/\/www.daisho.be\/de\/wp-json\/wp\/v2\/comments?post=562761"}],"wp:featuredmedia":[{"embeddable":true,"href":"https:\/\/www.daisho.be\/de\/wp-json\/wp\/v2\/media\/543495"}],"wp:attachment":[{"href":"https:\/\/www.daisho.be\/de\/wp-json\/wp\/v2\/media?parent=562761"}],"wp:term":[{"taxonomy":"product_brand","embeddable":true,"href":"https:\/\/www.daisho.be\/de\/wp-json\/wp\/v2\/product_brand?post=562761"},{"taxonomy":"product_cat","embeddable":true,"href":"https:\/\/www.daisho.be\/de\/wp-json\/wp\/v2\/product_cat?post=562761"},{"taxonomy":"product_tag","embeddable":true,"href":"https:\/\/www.daisho.be\/de\/wp-json\/wp\/v2\/product_tag?post=562761"},{"taxonomy":"sport","embeddable":true,"href":"https:\/\/www.daisho.be\/de\/wp-json\/wp\/v2\/sport?post=562761"}],"curies":[{"name":"wp","href":"https:\/\/api.w.org\/{rel}","templated":true}]}}