{"id":562721,"date":"2025-08-18T12:48:38","date_gmt":"2025-08-18T10:48:38","guid":{"rendered":"https:\/\/www.daisho.be\/produit\/topsheet-fuer-airfloor-3-x-1-m-design-c-river\/"},"modified":"2025-12-11T12:18:29","modified_gmt":"2025-12-11T11:18:29","slug":"topsheet-fuer-airfloor-3-x-1-m-design-c-river","status":"publish","type":"product","link":"https:\/\/www.daisho.be\/de\/produit\/topsheet-fuer-airfloor-3-x-1-m-design-c-river\/","title":{"rendered":"Topsheet f\u00fcr AirFloor &#8211; 3 x 1 m &#8211; Design C (River)"},"content":{"rendered":"<p>Das AirTrack-Topsheet ist die ideale Erg\u00e4nzung zu Ihrem AirFloor und garantiert ein unglaubliches Spielvergn\u00fcgen.<br \/>\nDie drei lebendigen Muster sorgen f\u00fcr einen zus\u00e4tzlichen Hauch von Farbe und Spannung.<br \/>\nJeder AirTrack AirFloor ist mit einem Klettverschluss \u00fcber die gesamte Sprungfl\u00e4che ausgestattet und kann daher leicht angepasst werden.<\/p>\n<p>Eigenschaften:<\/p>\n<p>Gr\u00f6\u00dfe: 3 x 1 m<br \/>\nDesign B ( River )<\/p>\n","protected":false},"excerpt":{"rendered":"<p>Das AirTrack-Topsheet ist die ideale Erg\u00e4nzung zu Ihrem AirFloor und garantiert ein unglaubliches Spielvergn\u00fcgen. Die drei lebendigen Muster sorgen f\u00fcr einen zus\u00e4tzlichen Hauch von Farbe und Spannung. Jeder AirTrack AirFloor ist mit einem Klettverschluss \u00fcber die gesamte Sprungfl\u00e4che ausgestattet und kann daher leicht angepasst werden. Eigenschaften: Gr\u00f6\u00dfe: 3 x 1 m Design B ( River [&hellip;]<\/p>\n","protected":false},"featured_media":546037,"comment_status":"open","ping_status":"closed","template":"","meta":{"inline_featured_image":false},"product_brand":[],"product_cat":[2253],"product_tag":[2254,2554],"sport":[],"class_list":{"0":"post-562721","1":"product","2":"type-product","3":"status-publish","4":"has-post-thumbnail","6":"product_cat-teppich","7":"product_tag-airtrack-factory","8":"product_tag-kostenvoranschlag","9":"product_shipping_class-grose-produkte","10":"pa_size-sans-taille-defaut","12":"first","13":"instock","14":"taxable","15":"shipping-taxable","16":"purchasable","17":"product-type-variable"},"yoast_head":"<!-- This site is optimized with the Yoast SEO plugin v27.2 - https:\/\/yoast.com\/product\/yoast-seo-wordpress\/ -->\n<title>Topsheet f\u00fcr AirFloor - 3 x 1 m - Design C (River) &#8211; Daisho<\/title>\n<meta name=\"robots\" content=\"index, follow, max-snippet:-1, max-image-preview:large, max-video-preview:-1\" \/>\n<link rel=\"canonical\" href=\"https:\/\/www.daisho.be\/de\/produit\/topsheet-fuer-airfloor-3-x-1-m-design-c-river\/\" \/>\n<meta property=\"og:locale\" content=\"de_DE\" \/>\n<meta property=\"og:type\" content=\"article\" \/>\n<meta property=\"og:title\" content=\"Topsheet f\u00fcr AirFloor - 3 x 1 m - Design C (River) &#8211; Daisho\" \/>\n<meta property=\"og:description\" content=\"Das AirTrack-Topsheet ist die ideale Erg\u00e4nzung zu Ihrem AirFloor und garantiert ein unglaubliches Spielvergn\u00fcgen. Die drei lebendigen Muster sorgen f\u00fcr einen zus\u00e4tzlichen Hauch von Farbe und Spannung. Jeder AirTrack AirFloor ist mit einem Klettverschluss \u00fcber die gesamte Sprungfl\u00e4che ausgestattet und kann daher leicht angepasst werden. Eigenschaften: Gr\u00f6\u00dfe: 3 x 1 m Design B ( River [&hellip;]\" \/>\n<meta property=\"og:url\" content=\"https:\/\/www.daisho.be\/de\/produit\/topsheet-fuer-airfloor-3-x-1-m-design-c-river\/\" \/>\n<meta property=\"og:site_name\" content=\"Daisho\" \/>\n<meta property=\"article:modified_time\" content=\"2025-12-11T11:18:29+00:00\" \/>\n<meta property=\"og:image\" content=\"https:\/\/www.daisho.be\/wp-content\/uploads\/2025\/08\/image-26.png\" \/>\n\t<meta property=\"og:image:width\" content=\"800\" \/>\n\t<meta property=\"og:image:height\" content=\"533\" \/>\n\t<meta property=\"og:image:type\" content=\"image\/png\" \/>\n<meta name=\"twitter:card\" content=\"summary_large_image\" \/>\n<script type=\"application\/ld+json\" class=\"yoast-schema-graph\">{\"@context\":\"https:\/\/schema.org\",\"@graph\":[{\"@type\":\"WebPage\",\"@id\":\"https:\/\/www.daisho.be\/de\/produit\/topsheet-fuer-airfloor-3-x-1-m-design-c-river\/\",\"url\":\"https:\/\/www.daisho.be\/de\/produit\/topsheet-fuer-airfloor-3-x-1-m-design-c-river\/\",\"name\":\"Topsheet f\u00fcr AirFloor - 3 x 1 m - Design C (River) &#8211; Daisho\",\"isPartOf\":{\"@id\":\"https:\/\/www.daisho.be\/de\/#website\"},\"primaryImageOfPage\":{\"@id\":\"https:\/\/www.daisho.be\/de\/produit\/topsheet-fuer-airfloor-3-x-1-m-design-c-river\/#primaryimage\"},\"image\":{\"@id\":\"https:\/\/www.daisho.be\/de\/produit\/topsheet-fuer-airfloor-3-x-1-m-design-c-river\/#primaryimage\"},\"thumbnailUrl\":\"https:\/\/www.daisho.be\/wp-content\/uploads\/2025\/08\/image-26.png\",\"datePublished\":\"2025-08-18T10:48:38+00:00\",\"dateModified\":\"2025-12-11T11:18:29+00:00\",\"breadcrumb\":{\"@id\":\"https:\/\/www.daisho.be\/de\/produit\/topsheet-fuer-airfloor-3-x-1-m-design-c-river\/#breadcrumb\"},\"inLanguage\":\"de\",\"potentialAction\":[{\"@type\":\"ReadAction\",\"target\":[\"https:\/\/www.daisho.be\/de\/produit\/topsheet-fuer-airfloor-3-x-1-m-design-c-river\/\"]}]},{\"@type\":\"ImageObject\",\"inLanguage\":\"de\",\"@id\":\"https:\/\/www.daisho.be\/de\/produit\/topsheet-fuer-airfloor-3-x-1-m-design-c-river\/#primaryimage\",\"url\":\"https:\/\/www.daisho.be\/wp-content\/uploads\/2025\/08\/image-26.png\",\"contentUrl\":\"https:\/\/www.daisho.be\/wp-content\/uploads\/2025\/08\/image-26.png\",\"width\":800,\"height\":533,\"caption\":\"Topsheet f\u00fcr AirFloor - 3 x 1 m - Design C (River)-1\"},{\"@type\":\"BreadcrumbList\",\"@id\":\"https:\/\/www.daisho.be\/de\/produit\/topsheet-fuer-airfloor-3-x-1-m-design-c-river\/#breadcrumb\",\"itemListElement\":[{\"@type\":\"ListItem\",\"position\":1,\"name\":\"Accueil\",\"item\":\"https:\/\/www.daisho.be\/de\/\"},{\"@type\":\"ListItem\",\"position\":2,\"name\":\"Produkte\",\"item\":\"https:\/\/www.daisho.be\/de\/produkte\/\"},{\"@type\":\"ListItem\",\"position\":3,\"name\":\"Kampfsportarten\",\"item\":\"https:\/\/www.daisho.be\/de\/categorie-produit\/kampfsportarten\/\"},{\"@type\":\"ListItem\",\"position\":4,\"name\":\"Teppich\",\"item\":\"https:\/\/www.daisho.be\/de\/categorie-produit\/kampfsportarten\/teppich\/\"},{\"@type\":\"ListItem\",\"position\":5,\"name\":\"Topsheet f\u00fcr AirFloor &#8211; 3 x 1 m &#8211; Design C (River)\"}]},{\"@type\":\"WebSite\",\"@id\":\"https:\/\/www.daisho.be\/de\/#website\",\"url\":\"https:\/\/www.daisho.be\/de\/\",\"name\":\"Daisho\",\"description\":\"Sp&eacute;cialiste de l'&eacute;quipement sportif d'arts martiaux\",\"publisher\":{\"@id\":\"https:\/\/www.daisho.be\/de\/#organization\"},\"potentialAction\":[{\"@type\":\"SearchAction\",\"target\":{\"@type\":\"EntryPoint\",\"urlTemplate\":\"https:\/\/www.daisho.be\/de\/?s={search_term_string}\"},\"query-input\":{\"@type\":\"PropertyValueSpecification\",\"valueRequired\":true,\"valueName\":\"search_term_string\"}}],\"inLanguage\":\"de\"},{\"@type\":\"Organization\",\"@id\":\"https:\/\/www.daisho.be\/de\/#organization\",\"name\":\"Daisho\",\"url\":\"https:\/\/www.daisho.be\/de\/\",\"logo\":{\"@type\":\"ImageObject\",\"inLanguage\":\"de\",\"@id\":\"https:\/\/www.daisho.be\/de\/#\/schema\/logo\/image\/\",\"url\":\"https:\/\/www.daisho.be\/wp-content\/uploads\/2019\/07\/color-nothing-horizontale4x-e1564486100247.png\",\"contentUrl\":\"https:\/\/www.daisho.be\/wp-content\/uploads\/2019\/07\/color-nothing-horizontale4x-e1564486100247.png\",\"width\":1547,\"height\":385,\"caption\":\"Daisho\"},\"image\":{\"@id\":\"https:\/\/www.daisho.be\/de\/#\/schema\/logo\/image\/\"}}]}<\/script>\n<!-- \/ Yoast SEO plugin. -->","yoast_head_json":{"title":"Topsheet f\u00fcr AirFloor - 3 x 1 m - Design C (River) &#8211; Daisho","robots":{"index":"index","follow":"follow","max-snippet":"max-snippet:-1","max-image-preview":"max-image-preview:large","max-video-preview":"max-video-preview:-1"},"canonical":"https:\/\/www.daisho.be\/de\/produit\/topsheet-fuer-airfloor-3-x-1-m-design-c-river\/","og_locale":"de_DE","og_type":"article","og_title":"Topsheet f\u00fcr AirFloor - 3 x 1 m - Design C (River) &#8211; Daisho","og_description":"Das AirTrack-Topsheet ist die ideale Erg\u00e4nzung zu Ihrem AirFloor und garantiert ein unglaubliches Spielvergn\u00fcgen. Die drei lebendigen Muster sorgen f\u00fcr einen zus\u00e4tzlichen Hauch von Farbe und Spannung. Jeder AirTrack AirFloor ist mit einem Klettverschluss \u00fcber die gesamte Sprungfl\u00e4che ausgestattet und kann daher leicht angepasst werden. Eigenschaften: Gr\u00f6\u00dfe: 3 x 1 m Design B ( River [&hellip;]","og_url":"https:\/\/www.daisho.be\/de\/produit\/topsheet-fuer-airfloor-3-x-1-m-design-c-river\/","og_site_name":"Daisho","article_modified_time":"2025-12-11T11:18:29+00:00","og_image":[{"width":800,"height":533,"url":"https:\/\/www.daisho.be\/wp-content\/uploads\/2025\/08\/image-26.png","type":"image\/png"}],"twitter_card":"summary_large_image","schema":{"@context":"https:\/\/schema.org","@graph":[{"@type":"WebPage","@id":"https:\/\/www.daisho.be\/de\/produit\/topsheet-fuer-airfloor-3-x-1-m-design-c-river\/","url":"https:\/\/www.daisho.be\/de\/produit\/topsheet-fuer-airfloor-3-x-1-m-design-c-river\/","name":"Topsheet f\u00fcr AirFloor - 3 x 1 m - Design C (River) &#8211; Daisho","isPartOf":{"@id":"https:\/\/www.daisho.be\/de\/#website"},"primaryImageOfPage":{"@id":"https:\/\/www.daisho.be\/de\/produit\/topsheet-fuer-airfloor-3-x-1-m-design-c-river\/#primaryimage"},"image":{"@id":"https:\/\/www.daisho.be\/de\/produit\/topsheet-fuer-airfloor-3-x-1-m-design-c-river\/#primaryimage"},"thumbnailUrl":"https:\/\/www.daisho.be\/wp-content\/uploads\/2025\/08\/image-26.png","datePublished":"2025-08-18T10:48:38+00:00","dateModified":"2025-12-11T11:18:29+00:00","breadcrumb":{"@id":"https:\/\/www.daisho.be\/de\/produit\/topsheet-fuer-airfloor-3-x-1-m-design-c-river\/#breadcrumb"},"inLanguage":"de","potentialAction":[{"@type":"ReadAction","target":["https:\/\/www.daisho.be\/de\/produit\/topsheet-fuer-airfloor-3-x-1-m-design-c-river\/"]}]},{"@type":"ImageObject","inLanguage":"de","@id":"https:\/\/www.daisho.be\/de\/produit\/topsheet-fuer-airfloor-3-x-1-m-design-c-river\/#primaryimage","url":"https:\/\/www.daisho.be\/wp-content\/uploads\/2025\/08\/image-26.png","contentUrl":"https:\/\/www.daisho.be\/wp-content\/uploads\/2025\/08\/image-26.png","width":800,"height":533,"caption":"Topsheet f\u00fcr AirFloor - 3 x 1 m - Design C (River)-1"},{"@type":"BreadcrumbList","@id":"https:\/\/www.daisho.be\/de\/produit\/topsheet-fuer-airfloor-3-x-1-m-design-c-river\/#breadcrumb","itemListElement":[{"@type":"ListItem","position":1,"name":"Accueil","item":"https:\/\/www.daisho.be\/de\/"},{"@type":"ListItem","position":2,"name":"Produkte","item":"https:\/\/www.daisho.be\/de\/produkte\/"},{"@type":"ListItem","position":3,"name":"Kampfsportarten","item":"https:\/\/www.daisho.be\/de\/categorie-produit\/kampfsportarten\/"},{"@type":"ListItem","position":4,"name":"Teppich","item":"https:\/\/www.daisho.be\/de\/categorie-produit\/kampfsportarten\/teppich\/"},{"@type":"ListItem","position":5,"name":"Topsheet f\u00fcr AirFloor &#8211; 3 x 1 m &#8211; Design C (River)"}]},{"@type":"WebSite","@id":"https:\/\/www.daisho.be\/de\/#website","url":"https:\/\/www.daisho.be\/de\/","name":"Daisho","description":"Sp&eacute;cialiste de l'&eacute;quipement sportif d'arts martiaux","publisher":{"@id":"https:\/\/www.daisho.be\/de\/#organization"},"potentialAction":[{"@type":"SearchAction","target":{"@type":"EntryPoint","urlTemplate":"https:\/\/www.daisho.be\/de\/?s={search_term_string}"},"query-input":{"@type":"PropertyValueSpecification","valueRequired":true,"valueName":"search_term_string"}}],"inLanguage":"de"},{"@type":"Organization","@id":"https:\/\/www.daisho.be\/de\/#organization","name":"Daisho","url":"https:\/\/www.daisho.be\/de\/","logo":{"@type":"ImageObject","inLanguage":"de","@id":"https:\/\/www.daisho.be\/de\/#\/schema\/logo\/image\/","url":"https:\/\/www.daisho.be\/wp-content\/uploads\/2019\/07\/color-nothing-horizontale4x-e1564486100247.png","contentUrl":"https:\/\/www.daisho.be\/wp-content\/uploads\/2019\/07\/color-nothing-horizontale4x-e1564486100247.png","width":1547,"height":385,"caption":"Daisho"},"image":{"@id":"https:\/\/www.daisho.be\/de\/#\/schema\/logo\/image\/"}}]}},"_links":{"self":[{"href":"https:\/\/www.daisho.be\/de\/wp-json\/wp\/v2\/product\/562721","targetHints":{"allow":["GET"]}}],"collection":[{"href":"https:\/\/www.daisho.be\/de\/wp-json\/wp\/v2\/product"}],"about":[{"href":"https:\/\/www.daisho.be\/de\/wp-json\/wp\/v2\/types\/product"}],"replies":[{"embeddable":true,"href":"https:\/\/www.daisho.be\/de\/wp-json\/wp\/v2\/comments?post=562721"}],"wp:featuredmedia":[{"embeddable":true,"href":"https:\/\/www.daisho.be\/de\/wp-json\/wp\/v2\/media\/546037"}],"wp:attachment":[{"href":"https:\/\/www.daisho.be\/de\/wp-json\/wp\/v2\/media?parent=562721"}],"wp:term":[{"taxonomy":"product_brand","embeddable":true,"href":"https:\/\/www.daisho.be\/de\/wp-json\/wp\/v2\/product_brand?post=562721"},{"taxonomy":"product_cat","embeddable":true,"href":"https:\/\/www.daisho.be\/de\/wp-json\/wp\/v2\/product_cat?post=562721"},{"taxonomy":"product_tag","embeddable":true,"href":"https:\/\/www.daisho.be\/de\/wp-json\/wp\/v2\/product_tag?post=562721"},{"taxonomy":"sport","embeddable":true,"href":"https:\/\/www.daisho.be\/de\/wp-json\/wp\/v2\/sport?post=562721"}],"curies":[{"name":"wp","href":"https:\/\/api.w.org\/{rel}","templated":true}]}}