{"id":562680,"date":"2025-08-18T14:28:36","date_gmt":"2025-08-18T12:28:36","guid":{"rendered":"https:\/\/www.daisho.be\/produit\/airtrick-p2-4-x-4-x-0-2-m-spark\/"},"modified":"2025-12-11T12:18:46","modified_gmt":"2025-12-11T11:18:46","slug":"airtrick-p2-4-x-4-x-0-2-m-spark","status":"publish","type":"product","link":"https:\/\/www.daisho.be\/de\/produit\/airtrick-p2-4-x-4-x-0-2-m-spark\/","title":{"rendered":"AirTrick P2 &#8211; 4 x 4 x 0.2 m &#8211; Spark"},"content":{"rendered":"<p>Die gr\u00f6\u00dfte Ausstattung f\u00fcr das Haus.<br \/>\nDer AirTrack Spark ist gr\u00f6\u00dfer und dicker als alle unsere anderen AirTracks f\u00fcr das Heimtraining: 5 x 1,4 m (wir empfehlen den OV10 zum Aufblasen).<br \/>\nUnser 20 cm dickes Gewebe, das speziell f\u00fcr Double-Wall-Sportarten entwickelt wurde, macht den AirTrack Spark zur bisher besten R\u00fcckprallbahn f\u00fcr zu Hause.<br \/>\nDie 2,5-fach gr\u00f6\u00dfere Oberfl\u00e4che macht es noch sicherer und vielseitiger als alle unsere Ger\u00e4te f\u00fcr zu Hause und der Nahtschutz sorgt daf\u00fcr, dass Sie den st\u00e4rksten verf\u00fcgbaren AirTrack erhalten.<br \/>\nEin Funke gen\u00fcgt, um das Feuer zu entfachen.<br \/>\nUnglaublicher Abpraller.<br \/>\n5 Jahre Garantie.<\/p>\n","protected":false},"excerpt":{"rendered":"<p>Die gr\u00f6\u00dfte Ausstattung f\u00fcr das Haus. Der AirTrack Spark ist gr\u00f6\u00dfer und dicker als alle unsere anderen AirTracks f\u00fcr das Heimtraining: 5 x 1,4 m (wir empfehlen den OV10 zum Aufblasen). Unser 20 cm dickes Gewebe, das speziell f\u00fcr Double-Wall-Sportarten entwickelt wurde, macht den AirTrack Spark zur bisher besten R\u00fcckprallbahn f\u00fcr zu Hause. Die 2,5-fach [&hellip;]<\/p>\n","protected":false},"featured_media":546191,"comment_status":"open","ping_status":"closed","template":"","meta":{"inline_featured_image":false},"product_brand":[],"product_cat":[2253],"product_tag":[2254,2554],"sport":[],"class_list":{"0":"post-562680","1":"product","2":"type-product","3":"status-publish","4":"has-post-thumbnail","6":"product_cat-teppich","7":"product_tag-airtrack-factory","8":"product_tag-kostenvoranschlag","9":"product_shipping_class-grose-produkte","10":"pa_size-sans-taille-defaut","12":"first","13":"instock","14":"taxable","15":"shipping-taxable","16":"purchasable","17":"product-type-variable"},"yoast_head":"<!-- This site is optimized with the Yoast SEO plugin v27.2 - https:\/\/yoast.com\/product\/yoast-seo-wordpress\/ -->\n<title>AirTrick P2 - 4 x 4 x 0.2 m - Spark &#8211; Daisho<\/title>\n<meta name=\"robots\" content=\"index, follow, max-snippet:-1, max-image-preview:large, max-video-preview:-1\" \/>\n<link rel=\"canonical\" href=\"https:\/\/www.daisho.be\/de\/produit\/airtrick-p2-4-x-4-x-0-2-m-spark\/\" \/>\n<meta property=\"og:locale\" content=\"de_DE\" \/>\n<meta property=\"og:type\" content=\"article\" \/>\n<meta property=\"og:title\" content=\"AirTrick P2 - 4 x 4 x 0.2 m - Spark &#8211; Daisho\" \/>\n<meta property=\"og:description\" content=\"Die gr\u00f6\u00dfte Ausstattung f\u00fcr das Haus. Der AirTrack Spark ist gr\u00f6\u00dfer und dicker als alle unsere anderen AirTracks f\u00fcr das Heimtraining: 5 x 1,4 m (wir empfehlen den OV10 zum Aufblasen). Unser 20 cm dickes Gewebe, das speziell f\u00fcr Double-Wall-Sportarten entwickelt wurde, macht den AirTrack Spark zur bisher besten R\u00fcckprallbahn f\u00fcr zu Hause. Die 2,5-fach [&hellip;]\" \/>\n<meta property=\"og:url\" content=\"https:\/\/www.daisho.be\/de\/produit\/airtrick-p2-4-x-4-x-0-2-m-spark\/\" \/>\n<meta property=\"og:site_name\" content=\"Daisho\" \/>\n<meta property=\"article:modified_time\" content=\"2025-12-11T11:18:46+00:00\" \/>\n<meta property=\"og:image\" content=\"https:\/\/www.daisho.be\/wp-content\/uploads\/2025\/08\/image-6.webp\" \/>\n\t<meta property=\"og:image:width\" content=\"1757\" \/>\n\t<meta property=\"og:image:height\" content=\"843\" \/>\n\t<meta property=\"og:image:type\" content=\"image\/webp\" \/>\n<meta name=\"twitter:card\" content=\"summary_large_image\" \/>\n<meta name=\"twitter:label1\" content=\"Gesch\u00e4tzte Lesezeit\" \/>\n\t<meta name=\"twitter:data1\" content=\"1\u00a0Minute\" \/>\n<script type=\"application\/ld+json\" class=\"yoast-schema-graph\">{\"@context\":\"https:\/\/schema.org\",\"@graph\":[{\"@type\":\"WebPage\",\"@id\":\"https:\/\/www.daisho.be\/de\/produit\/airtrick-p2-4-x-4-x-0-2-m-spark\/\",\"url\":\"https:\/\/www.daisho.be\/de\/produit\/airtrick-p2-4-x-4-x-0-2-m-spark\/\",\"name\":\"AirTrick P2 - 4 x 4 x 0.2 m - Spark &#8211; Daisho\",\"isPartOf\":{\"@id\":\"https:\/\/www.daisho.be\/de\/#website\"},\"primaryImageOfPage\":{\"@id\":\"https:\/\/www.daisho.be\/de\/produit\/airtrick-p2-4-x-4-x-0-2-m-spark\/#primaryimage\"},\"image\":{\"@id\":\"https:\/\/www.daisho.be\/de\/produit\/airtrick-p2-4-x-4-x-0-2-m-spark\/#primaryimage\"},\"thumbnailUrl\":\"https:\/\/www.daisho.be\/wp-content\/uploads\/2025\/08\/image-6.webp\",\"datePublished\":\"2025-08-18T12:28:36+00:00\",\"dateModified\":\"2025-12-11T11:18:46+00:00\",\"breadcrumb\":{\"@id\":\"https:\/\/www.daisho.be\/de\/produit\/airtrick-p2-4-x-4-x-0-2-m-spark\/#breadcrumb\"},\"inLanguage\":\"de\",\"potentialAction\":[{\"@type\":\"ReadAction\",\"target\":[\"https:\/\/www.daisho.be\/de\/produit\/airtrick-p2-4-x-4-x-0-2-m-spark\/\"]}]},{\"@type\":\"ImageObject\",\"inLanguage\":\"de\",\"@id\":\"https:\/\/www.daisho.be\/de\/produit\/airtrick-p2-4-x-4-x-0-2-m-spark\/#primaryimage\",\"url\":\"https:\/\/www.daisho.be\/wp-content\/uploads\/2025\/08\/image-6.webp\",\"contentUrl\":\"https:\/\/www.daisho.be\/wp-content\/uploads\/2025\/08\/image-6.webp\",\"width\":1757,\"height\":843,\"caption\":\"AirTrick P2 - 4 x 4 x 0.2 m - Spark-1\"},{\"@type\":\"BreadcrumbList\",\"@id\":\"https:\/\/www.daisho.be\/de\/produit\/airtrick-p2-4-x-4-x-0-2-m-spark\/#breadcrumb\",\"itemListElement\":[{\"@type\":\"ListItem\",\"position\":1,\"name\":\"Accueil\",\"item\":\"https:\/\/www.daisho.be\/de\/\"},{\"@type\":\"ListItem\",\"position\":2,\"name\":\"Produkte\",\"item\":\"https:\/\/www.daisho.be\/de\/produkte\/\"},{\"@type\":\"ListItem\",\"position\":3,\"name\":\"Kampfsportarten\",\"item\":\"https:\/\/www.daisho.be\/de\/categorie-produit\/kampfsportarten\/\"},{\"@type\":\"ListItem\",\"position\":4,\"name\":\"Teppich\",\"item\":\"https:\/\/www.daisho.be\/de\/categorie-produit\/kampfsportarten\/teppich\/\"},{\"@type\":\"ListItem\",\"position\":5,\"name\":\"AirTrick P2 &#8211; 4 x 4 x 0.2 m &#8211; Spark\"}]},{\"@type\":\"WebSite\",\"@id\":\"https:\/\/www.daisho.be\/de\/#website\",\"url\":\"https:\/\/www.daisho.be\/de\/\",\"name\":\"Daisho\",\"description\":\"Sp&eacute;cialiste de l'&eacute;quipement sportif d'arts martiaux\",\"publisher\":{\"@id\":\"https:\/\/www.daisho.be\/de\/#organization\"},\"potentialAction\":[{\"@type\":\"SearchAction\",\"target\":{\"@type\":\"EntryPoint\",\"urlTemplate\":\"https:\/\/www.daisho.be\/de\/?s={search_term_string}\"},\"query-input\":{\"@type\":\"PropertyValueSpecification\",\"valueRequired\":true,\"valueName\":\"search_term_string\"}}],\"inLanguage\":\"de\"},{\"@type\":\"Organization\",\"@id\":\"https:\/\/www.daisho.be\/de\/#organization\",\"name\":\"Daisho\",\"url\":\"https:\/\/www.daisho.be\/de\/\",\"logo\":{\"@type\":\"ImageObject\",\"inLanguage\":\"de\",\"@id\":\"https:\/\/www.daisho.be\/de\/#\/schema\/logo\/image\/\",\"url\":\"https:\/\/www.daisho.be\/wp-content\/uploads\/2019\/07\/color-nothing-horizontale4x-e1564486100247.png\",\"contentUrl\":\"https:\/\/www.daisho.be\/wp-content\/uploads\/2019\/07\/color-nothing-horizontale4x-e1564486100247.png\",\"width\":1547,\"height\":385,\"caption\":\"Daisho\"},\"image\":{\"@id\":\"https:\/\/www.daisho.be\/de\/#\/schema\/logo\/image\/\"}}]}<\/script>\n<!-- \/ Yoast SEO plugin. -->","yoast_head_json":{"title":"AirTrick P2 - 4 x 4 x 0.2 m - Spark &#8211; Daisho","robots":{"index":"index","follow":"follow","max-snippet":"max-snippet:-1","max-image-preview":"max-image-preview:large","max-video-preview":"max-video-preview:-1"},"canonical":"https:\/\/www.daisho.be\/de\/produit\/airtrick-p2-4-x-4-x-0-2-m-spark\/","og_locale":"de_DE","og_type":"article","og_title":"AirTrick P2 - 4 x 4 x 0.2 m - Spark &#8211; Daisho","og_description":"Die gr\u00f6\u00dfte Ausstattung f\u00fcr das Haus. Der AirTrack Spark ist gr\u00f6\u00dfer und dicker als alle unsere anderen AirTracks f\u00fcr das Heimtraining: 5 x 1,4 m (wir empfehlen den OV10 zum Aufblasen). Unser 20 cm dickes Gewebe, das speziell f\u00fcr Double-Wall-Sportarten entwickelt wurde, macht den AirTrack Spark zur bisher besten R\u00fcckprallbahn f\u00fcr zu Hause. Die 2,5-fach [&hellip;]","og_url":"https:\/\/www.daisho.be\/de\/produit\/airtrick-p2-4-x-4-x-0-2-m-spark\/","og_site_name":"Daisho","article_modified_time":"2025-12-11T11:18:46+00:00","og_image":[{"width":1757,"height":843,"url":"https:\/\/www.daisho.be\/wp-content\/uploads\/2025\/08\/image-6.webp","type":"image\/webp"}],"twitter_card":"summary_large_image","twitter_misc":{"Gesch\u00e4tzte Lesezeit":"1\u00a0Minute"},"schema":{"@context":"https:\/\/schema.org","@graph":[{"@type":"WebPage","@id":"https:\/\/www.daisho.be\/de\/produit\/airtrick-p2-4-x-4-x-0-2-m-spark\/","url":"https:\/\/www.daisho.be\/de\/produit\/airtrick-p2-4-x-4-x-0-2-m-spark\/","name":"AirTrick P2 - 4 x 4 x 0.2 m - Spark &#8211; Daisho","isPartOf":{"@id":"https:\/\/www.daisho.be\/de\/#website"},"primaryImageOfPage":{"@id":"https:\/\/www.daisho.be\/de\/produit\/airtrick-p2-4-x-4-x-0-2-m-spark\/#primaryimage"},"image":{"@id":"https:\/\/www.daisho.be\/de\/produit\/airtrick-p2-4-x-4-x-0-2-m-spark\/#primaryimage"},"thumbnailUrl":"https:\/\/www.daisho.be\/wp-content\/uploads\/2025\/08\/image-6.webp","datePublished":"2025-08-18T12:28:36+00:00","dateModified":"2025-12-11T11:18:46+00:00","breadcrumb":{"@id":"https:\/\/www.daisho.be\/de\/produit\/airtrick-p2-4-x-4-x-0-2-m-spark\/#breadcrumb"},"inLanguage":"de","potentialAction":[{"@type":"ReadAction","target":["https:\/\/www.daisho.be\/de\/produit\/airtrick-p2-4-x-4-x-0-2-m-spark\/"]}]},{"@type":"ImageObject","inLanguage":"de","@id":"https:\/\/www.daisho.be\/de\/produit\/airtrick-p2-4-x-4-x-0-2-m-spark\/#primaryimage","url":"https:\/\/www.daisho.be\/wp-content\/uploads\/2025\/08\/image-6.webp","contentUrl":"https:\/\/www.daisho.be\/wp-content\/uploads\/2025\/08\/image-6.webp","width":1757,"height":843,"caption":"AirTrick P2 - 4 x 4 x 0.2 m - Spark-1"},{"@type":"BreadcrumbList","@id":"https:\/\/www.daisho.be\/de\/produit\/airtrick-p2-4-x-4-x-0-2-m-spark\/#breadcrumb","itemListElement":[{"@type":"ListItem","position":1,"name":"Accueil","item":"https:\/\/www.daisho.be\/de\/"},{"@type":"ListItem","position":2,"name":"Produkte","item":"https:\/\/www.daisho.be\/de\/produkte\/"},{"@type":"ListItem","position":3,"name":"Kampfsportarten","item":"https:\/\/www.daisho.be\/de\/categorie-produit\/kampfsportarten\/"},{"@type":"ListItem","position":4,"name":"Teppich","item":"https:\/\/www.daisho.be\/de\/categorie-produit\/kampfsportarten\/teppich\/"},{"@type":"ListItem","position":5,"name":"AirTrick P2 &#8211; 4 x 4 x 0.2 m &#8211; Spark"}]},{"@type":"WebSite","@id":"https:\/\/www.daisho.be\/de\/#website","url":"https:\/\/www.daisho.be\/de\/","name":"Daisho","description":"Sp&eacute;cialiste de l'&eacute;quipement sportif d'arts martiaux","publisher":{"@id":"https:\/\/www.daisho.be\/de\/#organization"},"potentialAction":[{"@type":"SearchAction","target":{"@type":"EntryPoint","urlTemplate":"https:\/\/www.daisho.be\/de\/?s={search_term_string}"},"query-input":{"@type":"PropertyValueSpecification","valueRequired":true,"valueName":"search_term_string"}}],"inLanguage":"de"},{"@type":"Organization","@id":"https:\/\/www.daisho.be\/de\/#organization","name":"Daisho","url":"https:\/\/www.daisho.be\/de\/","logo":{"@type":"ImageObject","inLanguage":"de","@id":"https:\/\/www.daisho.be\/de\/#\/schema\/logo\/image\/","url":"https:\/\/www.daisho.be\/wp-content\/uploads\/2019\/07\/color-nothing-horizontale4x-e1564486100247.png","contentUrl":"https:\/\/www.daisho.be\/wp-content\/uploads\/2019\/07\/color-nothing-horizontale4x-e1564486100247.png","width":1547,"height":385,"caption":"Daisho"},"image":{"@id":"https:\/\/www.daisho.be\/de\/#\/schema\/logo\/image\/"}}]}},"_links":{"self":[{"href":"https:\/\/www.daisho.be\/de\/wp-json\/wp\/v2\/product\/562680","targetHints":{"allow":["GET"]}}],"collection":[{"href":"https:\/\/www.daisho.be\/de\/wp-json\/wp\/v2\/product"}],"about":[{"href":"https:\/\/www.daisho.be\/de\/wp-json\/wp\/v2\/types\/product"}],"replies":[{"embeddable":true,"href":"https:\/\/www.daisho.be\/de\/wp-json\/wp\/v2\/comments?post=562680"}],"wp:featuredmedia":[{"embeddable":true,"href":"https:\/\/www.daisho.be\/de\/wp-json\/wp\/v2\/media\/546191"}],"wp:attachment":[{"href":"https:\/\/www.daisho.be\/de\/wp-json\/wp\/v2\/media?parent=562680"}],"wp:term":[{"taxonomy":"product_brand","embeddable":true,"href":"https:\/\/www.daisho.be\/de\/wp-json\/wp\/v2\/product_brand?post=562680"},{"taxonomy":"product_cat","embeddable":true,"href":"https:\/\/www.daisho.be\/de\/wp-json\/wp\/v2\/product_cat?post=562680"},{"taxonomy":"product_tag","embeddable":true,"href":"https:\/\/www.daisho.be\/de\/wp-json\/wp\/v2\/product_tag?post=562680"},{"taxonomy":"sport","embeddable":true,"href":"https:\/\/www.daisho.be\/de\/wp-json\/wp\/v2\/sport?post=562680"}],"curies":[{"name":"wp","href":"https:\/\/api.w.org\/{rel}","templated":true}]}}