{"id":562663,"date":"2025-08-18T16:36:52","date_gmt":"2025-08-18T14:36:52","guid":{"rendered":"https:\/\/www.daisho.be\/produit\/airtrack-training-set-home-edition-blau-3-stueck\/"},"modified":"2025-12-11T12:18:53","modified_gmt":"2025-12-11T11:18:53","slug":"airtrack-training-set-home-edition-blau-3-stueck","status":"publish","type":"product","link":"https:\/\/www.daisho.be\/de\/produit\/airtrack-training-set-home-edition-blau-3-stueck\/","title":{"rendered":"AirTrack Training Set Home Edition &#8211; Blau (3 St\u00fcck)"},"content":{"rendered":"<p>Das AirTrack Home Edition Trainingspaket bietet ein vielseitiges Paket f\u00fcr das Training akrobatischer \u00dcbungen zu Hause oder im Fitnessstudio.<br \/>\nDer AirFloor bietet eine federnde Basis f\u00fcr Grundfiguren.<br \/>\nMit dem AirBoard und dem AirBlock ist es m\u00f6glich, eine erh\u00f6hte Sprungfl\u00e4che f\u00fcr Saltos, Spr\u00fcnge, Streck\u00fcbungen und Pferdespr\u00fcnge zu schaffen.<br \/>\n  Das optionale AirRoll ist ideal f\u00fcr das Erlernen von R\u00fcckw\u00e4rtssitzen, R\u00fcckw\u00e4rts- und Vorw\u00e4rtssaltos, Rumpfstabilit\u00e4t und Muskeltraining.<br \/>\nDas AirBoard kann auch verwendet werden, um die AirFloor Home um einen Meter zu verl\u00e4ngern.<\/p>\n","protected":false},"excerpt":{"rendered":"<p>Das AirTrack Home Edition Trainingspaket bietet ein vielseitiges Paket f\u00fcr das Training akrobatischer \u00dcbungen zu Hause oder im Fitnessstudio. Der AirFloor bietet eine federnde Basis f\u00fcr Grundfiguren. Mit dem AirBoard und dem AirBlock ist es m\u00f6glich, eine erh\u00f6hte Sprungfl\u00e4che f\u00fcr Saltos, Spr\u00fcnge, Streck\u00fcbungen und Pferdespr\u00fcnge zu schaffen. Das optionale AirRoll ist ideal f\u00fcr das Erlernen [&hellip;]<\/p>\n","protected":false},"featured_media":546321,"comment_status":"open","ping_status":"closed","template":"","meta":{"inline_featured_image":false},"product_brand":[],"product_cat":[2253],"product_tag":[2254,2554],"sport":[],"class_list":{"0":"post-562663","1":"product","2":"type-product","3":"status-publish","4":"has-post-thumbnail","6":"product_cat-teppich","7":"product_tag-airtrack-factory","8":"product_tag-kostenvoranschlag","9":"product_shipping_class-grose-produkte","10":"pa_size-sans-taille-defaut","12":"first","13":"instock","14":"taxable","15":"shipping-taxable","16":"purchasable","17":"product-type-variable"},"yoast_head":"<!-- This site is optimized with the Yoast SEO plugin v27.2 - https:\/\/yoast.com\/product\/yoast-seo-wordpress\/ -->\n<title>AirTrack Training Set Home Edition - Blau (3 St\u00fcck) &#8211; Daisho<\/title>\n<meta name=\"robots\" content=\"index, follow, max-snippet:-1, max-image-preview:large, max-video-preview:-1\" \/>\n<link rel=\"canonical\" href=\"https:\/\/www.daisho.be\/de\/produit\/airtrack-training-set-home-edition-blau-3-stueck\/\" \/>\n<meta property=\"og:locale\" content=\"de_DE\" \/>\n<meta property=\"og:type\" content=\"article\" \/>\n<meta property=\"og:title\" content=\"AirTrack Training Set Home Edition - Blau (3 St\u00fcck) &#8211; Daisho\" \/>\n<meta property=\"og:description\" content=\"Das AirTrack Home Edition Trainingspaket bietet ein vielseitiges Paket f\u00fcr das Training akrobatischer \u00dcbungen zu Hause oder im Fitnessstudio. Der AirFloor bietet eine federnde Basis f\u00fcr Grundfiguren. Mit dem AirBoard und dem AirBlock ist es m\u00f6glich, eine erh\u00f6hte Sprungfl\u00e4che f\u00fcr Saltos, Spr\u00fcnge, Streck\u00fcbungen und Pferdespr\u00fcnge zu schaffen. Das optionale AirRoll ist ideal f\u00fcr das Erlernen [&hellip;]\" \/>\n<meta property=\"og:url\" content=\"https:\/\/www.daisho.be\/de\/produit\/airtrack-training-set-home-edition-blau-3-stueck\/\" \/>\n<meta property=\"og:site_name\" content=\"Daisho\" \/>\n<meta property=\"article:modified_time\" content=\"2025-12-11T11:18:53+00:00\" \/>\n<meta name=\"twitter:card\" content=\"summary_large_image\" \/>\n<script type=\"application\/ld+json\" class=\"yoast-schema-graph\">{\"@context\":\"https:\/\/schema.org\",\"@graph\":[{\"@type\":\"WebPage\",\"@id\":\"https:\/\/www.daisho.be\/de\/produit\/airtrack-training-set-home-edition-blau-3-stueck\/\",\"url\":\"https:\/\/www.daisho.be\/de\/produit\/airtrack-training-set-home-edition-blau-3-stueck\/\",\"name\":\"AirTrack Training Set Home Edition - Blau (3 St\u00fcck) &#8211; Daisho\",\"isPartOf\":{\"@id\":\"https:\/\/www.daisho.be\/de\/#website\"},\"primaryImageOfPage\":{\"@id\":\"https:\/\/www.daisho.be\/de\/produit\/airtrack-training-set-home-edition-blau-3-stueck\/#primaryimage\"},\"image\":{\"@id\":\"https:\/\/www.daisho.be\/de\/produit\/airtrack-training-set-home-edition-blau-3-stueck\/#primaryimage\"},\"thumbnailUrl\":\"https:\/\/www.daisho.be\/wp-content\/uploads\/2025\/08\/image.avif\",\"datePublished\":\"2025-08-18T14:36:52+00:00\",\"dateModified\":\"2025-12-11T11:18:53+00:00\",\"breadcrumb\":{\"@id\":\"https:\/\/www.daisho.be\/de\/produit\/airtrack-training-set-home-edition-blau-3-stueck\/#breadcrumb\"},\"inLanguage\":\"de\",\"potentialAction\":[{\"@type\":\"ReadAction\",\"target\":[\"https:\/\/www.daisho.be\/de\/produit\/airtrack-training-set-home-edition-blau-3-stueck\/\"]}]},{\"@type\":\"ImageObject\",\"inLanguage\":\"de\",\"@id\":\"https:\/\/www.daisho.be\/de\/produit\/airtrack-training-set-home-edition-blau-3-stueck\/#primaryimage\",\"url\":\"https:\/\/www.daisho.be\/wp-content\/uploads\/2025\/08\/image.avif\",\"contentUrl\":\"https:\/\/www.daisho.be\/wp-content\/uploads\/2025\/08\/image.avif\",\"width\":1920,\"height\":1280,\"caption\":\"AirTrack Training Set Home Edition - spark (3 pcs)-1\"},{\"@type\":\"BreadcrumbList\",\"@id\":\"https:\/\/www.daisho.be\/de\/produit\/airtrack-training-set-home-edition-blau-3-stueck\/#breadcrumb\",\"itemListElement\":[{\"@type\":\"ListItem\",\"position\":1,\"name\":\"Accueil\",\"item\":\"https:\/\/www.daisho.be\/de\/\"},{\"@type\":\"ListItem\",\"position\":2,\"name\":\"Produkte\",\"item\":\"https:\/\/www.daisho.be\/de\/produkte\/\"},{\"@type\":\"ListItem\",\"position\":3,\"name\":\"Kampfsportarten\",\"item\":\"https:\/\/www.daisho.be\/de\/categorie-produit\/kampfsportarten\/\"},{\"@type\":\"ListItem\",\"position\":4,\"name\":\"Teppich\",\"item\":\"https:\/\/www.daisho.be\/de\/categorie-produit\/kampfsportarten\/teppich\/\"},{\"@type\":\"ListItem\",\"position\":5,\"name\":\"AirTrack Training Set Home Edition &#8211; Blau (3 St\u00fcck)\"}]},{\"@type\":\"WebSite\",\"@id\":\"https:\/\/www.daisho.be\/de\/#website\",\"url\":\"https:\/\/www.daisho.be\/de\/\",\"name\":\"Daisho\",\"description\":\"Sp&eacute;cialiste de l'&eacute;quipement sportif d'arts martiaux\",\"publisher\":{\"@id\":\"https:\/\/www.daisho.be\/de\/#organization\"},\"potentialAction\":[{\"@type\":\"SearchAction\",\"target\":{\"@type\":\"EntryPoint\",\"urlTemplate\":\"https:\/\/www.daisho.be\/de\/?s={search_term_string}\"},\"query-input\":{\"@type\":\"PropertyValueSpecification\",\"valueRequired\":true,\"valueName\":\"search_term_string\"}}],\"inLanguage\":\"de\"},{\"@type\":\"Organization\",\"@id\":\"https:\/\/www.daisho.be\/de\/#organization\",\"name\":\"Daisho\",\"url\":\"https:\/\/www.daisho.be\/de\/\",\"logo\":{\"@type\":\"ImageObject\",\"inLanguage\":\"de\",\"@id\":\"https:\/\/www.daisho.be\/de\/#\/schema\/logo\/image\/\",\"url\":\"https:\/\/www.daisho.be\/wp-content\/uploads\/2019\/07\/color-nothing-horizontale4x-e1564486100247.png\",\"contentUrl\":\"https:\/\/www.daisho.be\/wp-content\/uploads\/2019\/07\/color-nothing-horizontale4x-e1564486100247.png\",\"width\":1547,\"height\":385,\"caption\":\"Daisho\"},\"image\":{\"@id\":\"https:\/\/www.daisho.be\/de\/#\/schema\/logo\/image\/\"}}]}<\/script>\n<!-- \/ Yoast SEO plugin. -->","yoast_head_json":{"title":"AirTrack Training Set Home Edition - Blau (3 St\u00fcck) &#8211; Daisho","robots":{"index":"index","follow":"follow","max-snippet":"max-snippet:-1","max-image-preview":"max-image-preview:large","max-video-preview":"max-video-preview:-1"},"canonical":"https:\/\/www.daisho.be\/de\/produit\/airtrack-training-set-home-edition-blau-3-stueck\/","og_locale":"de_DE","og_type":"article","og_title":"AirTrack Training Set Home Edition - Blau (3 St\u00fcck) &#8211; Daisho","og_description":"Das AirTrack Home Edition Trainingspaket bietet ein vielseitiges Paket f\u00fcr das Training akrobatischer \u00dcbungen zu Hause oder im Fitnessstudio. Der AirFloor bietet eine federnde Basis f\u00fcr Grundfiguren. Mit dem AirBoard und dem AirBlock ist es m\u00f6glich, eine erh\u00f6hte Sprungfl\u00e4che f\u00fcr Saltos, Spr\u00fcnge, Streck\u00fcbungen und Pferdespr\u00fcnge zu schaffen. Das optionale AirRoll ist ideal f\u00fcr das Erlernen [&hellip;]","og_url":"https:\/\/www.daisho.be\/de\/produit\/airtrack-training-set-home-edition-blau-3-stueck\/","og_site_name":"Daisho","article_modified_time":"2025-12-11T11:18:53+00:00","twitter_card":"summary_large_image","schema":{"@context":"https:\/\/schema.org","@graph":[{"@type":"WebPage","@id":"https:\/\/www.daisho.be\/de\/produit\/airtrack-training-set-home-edition-blau-3-stueck\/","url":"https:\/\/www.daisho.be\/de\/produit\/airtrack-training-set-home-edition-blau-3-stueck\/","name":"AirTrack Training Set Home Edition - Blau (3 St\u00fcck) &#8211; Daisho","isPartOf":{"@id":"https:\/\/www.daisho.be\/de\/#website"},"primaryImageOfPage":{"@id":"https:\/\/www.daisho.be\/de\/produit\/airtrack-training-set-home-edition-blau-3-stueck\/#primaryimage"},"image":{"@id":"https:\/\/www.daisho.be\/de\/produit\/airtrack-training-set-home-edition-blau-3-stueck\/#primaryimage"},"thumbnailUrl":"https:\/\/www.daisho.be\/wp-content\/uploads\/2025\/08\/image.avif","datePublished":"2025-08-18T14:36:52+00:00","dateModified":"2025-12-11T11:18:53+00:00","breadcrumb":{"@id":"https:\/\/www.daisho.be\/de\/produit\/airtrack-training-set-home-edition-blau-3-stueck\/#breadcrumb"},"inLanguage":"de","potentialAction":[{"@type":"ReadAction","target":["https:\/\/www.daisho.be\/de\/produit\/airtrack-training-set-home-edition-blau-3-stueck\/"]}]},{"@type":"ImageObject","inLanguage":"de","@id":"https:\/\/www.daisho.be\/de\/produit\/airtrack-training-set-home-edition-blau-3-stueck\/#primaryimage","url":"https:\/\/www.daisho.be\/wp-content\/uploads\/2025\/08\/image.avif","contentUrl":"https:\/\/www.daisho.be\/wp-content\/uploads\/2025\/08\/image.avif","width":1920,"height":1280,"caption":"AirTrack Training Set Home Edition - spark (3 pcs)-1"},{"@type":"BreadcrumbList","@id":"https:\/\/www.daisho.be\/de\/produit\/airtrack-training-set-home-edition-blau-3-stueck\/#breadcrumb","itemListElement":[{"@type":"ListItem","position":1,"name":"Accueil","item":"https:\/\/www.daisho.be\/de\/"},{"@type":"ListItem","position":2,"name":"Produkte","item":"https:\/\/www.daisho.be\/de\/produkte\/"},{"@type":"ListItem","position":3,"name":"Kampfsportarten","item":"https:\/\/www.daisho.be\/de\/categorie-produit\/kampfsportarten\/"},{"@type":"ListItem","position":4,"name":"Teppich","item":"https:\/\/www.daisho.be\/de\/categorie-produit\/kampfsportarten\/teppich\/"},{"@type":"ListItem","position":5,"name":"AirTrack Training Set Home Edition &#8211; Blau (3 St\u00fcck)"}]},{"@type":"WebSite","@id":"https:\/\/www.daisho.be\/de\/#website","url":"https:\/\/www.daisho.be\/de\/","name":"Daisho","description":"Sp&eacute;cialiste de l'&eacute;quipement sportif d'arts martiaux","publisher":{"@id":"https:\/\/www.daisho.be\/de\/#organization"},"potentialAction":[{"@type":"SearchAction","target":{"@type":"EntryPoint","urlTemplate":"https:\/\/www.daisho.be\/de\/?s={search_term_string}"},"query-input":{"@type":"PropertyValueSpecification","valueRequired":true,"valueName":"search_term_string"}}],"inLanguage":"de"},{"@type":"Organization","@id":"https:\/\/www.daisho.be\/de\/#organization","name":"Daisho","url":"https:\/\/www.daisho.be\/de\/","logo":{"@type":"ImageObject","inLanguage":"de","@id":"https:\/\/www.daisho.be\/de\/#\/schema\/logo\/image\/","url":"https:\/\/www.daisho.be\/wp-content\/uploads\/2019\/07\/color-nothing-horizontale4x-e1564486100247.png","contentUrl":"https:\/\/www.daisho.be\/wp-content\/uploads\/2019\/07\/color-nothing-horizontale4x-e1564486100247.png","width":1547,"height":385,"caption":"Daisho"},"image":{"@id":"https:\/\/www.daisho.be\/de\/#\/schema\/logo\/image\/"}}]}},"_links":{"self":[{"href":"https:\/\/www.daisho.be\/de\/wp-json\/wp\/v2\/product\/562663","targetHints":{"allow":["GET"]}}],"collection":[{"href":"https:\/\/www.daisho.be\/de\/wp-json\/wp\/v2\/product"}],"about":[{"href":"https:\/\/www.daisho.be\/de\/wp-json\/wp\/v2\/types\/product"}],"replies":[{"embeddable":true,"href":"https:\/\/www.daisho.be\/de\/wp-json\/wp\/v2\/comments?post=562663"}],"wp:featuredmedia":[{"embeddable":true,"href":"https:\/\/www.daisho.be\/de\/wp-json\/wp\/v2\/media\/546321"}],"wp:attachment":[{"href":"https:\/\/www.daisho.be\/de\/wp-json\/wp\/v2\/media?parent=562663"}],"wp:term":[{"taxonomy":"product_brand","embeddable":true,"href":"https:\/\/www.daisho.be\/de\/wp-json\/wp\/v2\/product_brand?post=562663"},{"taxonomy":"product_cat","embeddable":true,"href":"https:\/\/www.daisho.be\/de\/wp-json\/wp\/v2\/product_cat?post=562663"},{"taxonomy":"product_tag","embeddable":true,"href":"https:\/\/www.daisho.be\/de\/wp-json\/wp\/v2\/product_tag?post=562663"},{"taxonomy":"sport","embeddable":true,"href":"https:\/\/www.daisho.be\/de\/wp-json\/wp\/v2\/sport?post=562663"}],"curies":[{"name":"wp","href":"https:\/\/api.w.org\/{rel}","templated":true}]}}