{"id":562632,"date":"2025-08-21T11:24:56","date_gmt":"2025-08-21T09:24:56","guid":{"rendered":"https:\/\/www.daisho.be\/produit\/airroll-spark-o90-x-120-cm\/"},"modified":"2025-12-11T12:19:37","modified_gmt":"2025-12-11T11:19:37","slug":"airroll-spark-o90-x-120-cm","status":"publish","type":"product","link":"https:\/\/www.daisho.be\/de\/produit\/airroll-spark-o90-x-120-cm\/","title":{"rendered":"AirRoll Spark &#8211; \u00d890 x 120 cm"},"content":{"rendered":"<p>Die AirRoll wurde entwickelt, um Turnern beim Erlernen von Frontflip und Backflip zu helfen.<br \/>\nFortgeschrittene Turner trainieren ihren Rebound und ihr Gleichgewicht auf der AirRoll. Die drei verf\u00fcgbaren Gr\u00f6\u00dfen eignen sich f\u00fcr kleine, mittelgro\u00dfe und gro\u00dfe Turner.<br \/>\nVielseitig einsetzbar.<br \/>\nLeichtes Gewicht.<br \/>\n5 Jahre Garantie. <\/p>\n","protected":false},"excerpt":{"rendered":"<p>Die AirRoll wurde entwickelt, um Turnern beim Erlernen von Frontflip und Backflip zu helfen. Fortgeschrittene Turner trainieren ihren Rebound und ihr Gleichgewicht auf der AirRoll. Die drei verf\u00fcgbaren Gr\u00f6\u00dfen eignen sich f\u00fcr kleine, mittelgro\u00dfe und gro\u00dfe Turner. Vielseitig einsetzbar. Leichtes Gewicht. 5 Jahre Garantie.<\/p>\n","protected":false},"featured_media":546955,"comment_status":"open","ping_status":"closed","template":"","meta":{"inline_featured_image":false},"product_brand":[],"product_cat":[2253],"product_tag":[2254,2554],"sport":[],"class_list":{"0":"post-562632","1":"product","2":"type-product","3":"status-publish","4":"has-post-thumbnail","6":"product_cat-teppich","7":"product_tag-airtrack-factory","8":"product_tag-kostenvoranschlag","9":"pa_size-sans-taille-defaut","11":"first","12":"instock","13":"taxable","14":"shipping-taxable","15":"purchasable","16":"product-type-variable"},"yoast_head":"<!-- This site is optimized with the Yoast SEO plugin v27.2 - https:\/\/yoast.com\/product\/yoast-seo-wordpress\/ -->\n<title>AirRoll Spark - \u00d890 x 120 cm &#8211; Daisho<\/title>\n<meta name=\"robots\" content=\"index, follow, max-snippet:-1, max-image-preview:large, max-video-preview:-1\" \/>\n<link rel=\"canonical\" href=\"https:\/\/www.daisho.be\/de\/produit\/airroll-spark-o90-x-120-cm\/\" \/>\n<meta property=\"og:locale\" content=\"de_DE\" \/>\n<meta property=\"og:type\" content=\"article\" \/>\n<meta property=\"og:title\" content=\"AirRoll Spark - \u00d890 x 120 cm &#8211; Daisho\" \/>\n<meta property=\"og:description\" content=\"Die AirRoll wurde entwickelt, um Turnern beim Erlernen von Frontflip und Backflip zu helfen. Fortgeschrittene Turner trainieren ihren Rebound und ihr Gleichgewicht auf der AirRoll. Die drei verf\u00fcgbaren Gr\u00f6\u00dfen eignen sich f\u00fcr kleine, mittelgro\u00dfe und gro\u00dfe Turner. Vielseitig einsetzbar. Leichtes Gewicht. 5 Jahre Garantie.\" \/>\n<meta property=\"og:url\" content=\"https:\/\/www.daisho.be\/de\/produit\/airroll-spark-o90-x-120-cm\/\" \/>\n<meta property=\"og:site_name\" content=\"Daisho\" \/>\n<meta property=\"article:modified_time\" content=\"2025-12-11T11:19:37+00:00\" \/>\n<meta property=\"og:image\" content=\"https:\/\/www.daisho.be\/wp-content\/uploads\/2025\/08\/image-26.jpg\" \/>\n\t<meta property=\"og:image:width\" content=\"550\" \/>\n\t<meta property=\"og:image:height\" content=\"607\" \/>\n\t<meta property=\"og:image:type\" content=\"image\/jpeg\" \/>\n<meta name=\"twitter:card\" content=\"summary_large_image\" \/>\n<script type=\"application\/ld+json\" class=\"yoast-schema-graph\">{\"@context\":\"https:\/\/schema.org\",\"@graph\":[{\"@type\":\"WebPage\",\"@id\":\"https:\/\/www.daisho.be\/de\/produit\/airroll-spark-o90-x-120-cm\/\",\"url\":\"https:\/\/www.daisho.be\/de\/produit\/airroll-spark-o90-x-120-cm\/\",\"name\":\"AirRoll Spark - \u00d890 x 120 cm &#8211; Daisho\",\"isPartOf\":{\"@id\":\"https:\/\/www.daisho.be\/de\/#website\"},\"primaryImageOfPage\":{\"@id\":\"https:\/\/www.daisho.be\/de\/produit\/airroll-spark-o90-x-120-cm\/#primaryimage\"},\"image\":{\"@id\":\"https:\/\/www.daisho.be\/de\/produit\/airroll-spark-o90-x-120-cm\/#primaryimage\"},\"thumbnailUrl\":\"https:\/\/www.daisho.be\/wp-content\/uploads\/2025\/08\/image-26.jpg\",\"datePublished\":\"2025-08-21T09:24:56+00:00\",\"dateModified\":\"2025-12-11T11:19:37+00:00\",\"breadcrumb\":{\"@id\":\"https:\/\/www.daisho.be\/de\/produit\/airroll-spark-o90-x-120-cm\/#breadcrumb\"},\"inLanguage\":\"de\",\"potentialAction\":[{\"@type\":\"ReadAction\",\"target\":[\"https:\/\/www.daisho.be\/de\/produit\/airroll-spark-o90-x-120-cm\/\"]}]},{\"@type\":\"ImageObject\",\"inLanguage\":\"de\",\"@id\":\"https:\/\/www.daisho.be\/de\/produit\/airroll-spark-o90-x-120-cm\/#primaryimage\",\"url\":\"https:\/\/www.daisho.be\/wp-content\/uploads\/2025\/08\/image-26.jpg\",\"contentUrl\":\"https:\/\/www.daisho.be\/wp-content\/uploads\/2025\/08\/image-26.jpg\",\"width\":550,\"height\":607,\"caption\":\"AirRoll Spark - \u00d890 x 120 cm-1\"},{\"@type\":\"BreadcrumbList\",\"@id\":\"https:\/\/www.daisho.be\/de\/produit\/airroll-spark-o90-x-120-cm\/#breadcrumb\",\"itemListElement\":[{\"@type\":\"ListItem\",\"position\":1,\"name\":\"Accueil\",\"item\":\"https:\/\/www.daisho.be\/de\/\"},{\"@type\":\"ListItem\",\"position\":2,\"name\":\"Produkte\",\"item\":\"https:\/\/www.daisho.be\/de\/produkte\/\"},{\"@type\":\"ListItem\",\"position\":3,\"name\":\"Kampfsportarten\",\"item\":\"https:\/\/www.daisho.be\/de\/categorie-produit\/kampfsportarten\/\"},{\"@type\":\"ListItem\",\"position\":4,\"name\":\"Teppich\",\"item\":\"https:\/\/www.daisho.be\/de\/categorie-produit\/kampfsportarten\/teppich\/\"},{\"@type\":\"ListItem\",\"position\":5,\"name\":\"AirRoll Spark &#8211; \u00d890 x 120 cm\"}]},{\"@type\":\"WebSite\",\"@id\":\"https:\/\/www.daisho.be\/de\/#website\",\"url\":\"https:\/\/www.daisho.be\/de\/\",\"name\":\"Daisho\",\"description\":\"Sp&eacute;cialiste de l'&eacute;quipement sportif d'arts martiaux\",\"publisher\":{\"@id\":\"https:\/\/www.daisho.be\/de\/#organization\"},\"potentialAction\":[{\"@type\":\"SearchAction\",\"target\":{\"@type\":\"EntryPoint\",\"urlTemplate\":\"https:\/\/www.daisho.be\/de\/?s={search_term_string}\"},\"query-input\":{\"@type\":\"PropertyValueSpecification\",\"valueRequired\":true,\"valueName\":\"search_term_string\"}}],\"inLanguage\":\"de\"},{\"@type\":\"Organization\",\"@id\":\"https:\/\/www.daisho.be\/de\/#organization\",\"name\":\"Daisho\",\"url\":\"https:\/\/www.daisho.be\/de\/\",\"logo\":{\"@type\":\"ImageObject\",\"inLanguage\":\"de\",\"@id\":\"https:\/\/www.daisho.be\/de\/#\/schema\/logo\/image\/\",\"url\":\"https:\/\/www.daisho.be\/wp-content\/uploads\/2019\/07\/color-nothing-horizontale4x-e1564486100247.png\",\"contentUrl\":\"https:\/\/www.daisho.be\/wp-content\/uploads\/2019\/07\/color-nothing-horizontale4x-e1564486100247.png\",\"width\":1547,\"height\":385,\"caption\":\"Daisho\"},\"image\":{\"@id\":\"https:\/\/www.daisho.be\/de\/#\/schema\/logo\/image\/\"}}]}<\/script>\n<!-- \/ Yoast SEO plugin. -->","yoast_head_json":{"title":"AirRoll Spark - \u00d890 x 120 cm &#8211; Daisho","robots":{"index":"index","follow":"follow","max-snippet":"max-snippet:-1","max-image-preview":"max-image-preview:large","max-video-preview":"max-video-preview:-1"},"canonical":"https:\/\/www.daisho.be\/de\/produit\/airroll-spark-o90-x-120-cm\/","og_locale":"de_DE","og_type":"article","og_title":"AirRoll Spark - \u00d890 x 120 cm &#8211; Daisho","og_description":"Die AirRoll wurde entwickelt, um Turnern beim Erlernen von Frontflip und Backflip zu helfen. Fortgeschrittene Turner trainieren ihren Rebound und ihr Gleichgewicht auf der AirRoll. Die drei verf\u00fcgbaren Gr\u00f6\u00dfen eignen sich f\u00fcr kleine, mittelgro\u00dfe und gro\u00dfe Turner. Vielseitig einsetzbar. Leichtes Gewicht. 5 Jahre Garantie.","og_url":"https:\/\/www.daisho.be\/de\/produit\/airroll-spark-o90-x-120-cm\/","og_site_name":"Daisho","article_modified_time":"2025-12-11T11:19:37+00:00","og_image":[{"width":550,"height":607,"url":"https:\/\/www.daisho.be\/wp-content\/uploads\/2025\/08\/image-26.jpg","type":"image\/jpeg"}],"twitter_card":"summary_large_image","schema":{"@context":"https:\/\/schema.org","@graph":[{"@type":"WebPage","@id":"https:\/\/www.daisho.be\/de\/produit\/airroll-spark-o90-x-120-cm\/","url":"https:\/\/www.daisho.be\/de\/produit\/airroll-spark-o90-x-120-cm\/","name":"AirRoll Spark - \u00d890 x 120 cm &#8211; Daisho","isPartOf":{"@id":"https:\/\/www.daisho.be\/de\/#website"},"primaryImageOfPage":{"@id":"https:\/\/www.daisho.be\/de\/produit\/airroll-spark-o90-x-120-cm\/#primaryimage"},"image":{"@id":"https:\/\/www.daisho.be\/de\/produit\/airroll-spark-o90-x-120-cm\/#primaryimage"},"thumbnailUrl":"https:\/\/www.daisho.be\/wp-content\/uploads\/2025\/08\/image-26.jpg","datePublished":"2025-08-21T09:24:56+00:00","dateModified":"2025-12-11T11:19:37+00:00","breadcrumb":{"@id":"https:\/\/www.daisho.be\/de\/produit\/airroll-spark-o90-x-120-cm\/#breadcrumb"},"inLanguage":"de","potentialAction":[{"@type":"ReadAction","target":["https:\/\/www.daisho.be\/de\/produit\/airroll-spark-o90-x-120-cm\/"]}]},{"@type":"ImageObject","inLanguage":"de","@id":"https:\/\/www.daisho.be\/de\/produit\/airroll-spark-o90-x-120-cm\/#primaryimage","url":"https:\/\/www.daisho.be\/wp-content\/uploads\/2025\/08\/image-26.jpg","contentUrl":"https:\/\/www.daisho.be\/wp-content\/uploads\/2025\/08\/image-26.jpg","width":550,"height":607,"caption":"AirRoll Spark - \u00d890 x 120 cm-1"},{"@type":"BreadcrumbList","@id":"https:\/\/www.daisho.be\/de\/produit\/airroll-spark-o90-x-120-cm\/#breadcrumb","itemListElement":[{"@type":"ListItem","position":1,"name":"Accueil","item":"https:\/\/www.daisho.be\/de\/"},{"@type":"ListItem","position":2,"name":"Produkte","item":"https:\/\/www.daisho.be\/de\/produkte\/"},{"@type":"ListItem","position":3,"name":"Kampfsportarten","item":"https:\/\/www.daisho.be\/de\/categorie-produit\/kampfsportarten\/"},{"@type":"ListItem","position":4,"name":"Teppich","item":"https:\/\/www.daisho.be\/de\/categorie-produit\/kampfsportarten\/teppich\/"},{"@type":"ListItem","position":5,"name":"AirRoll Spark &#8211; \u00d890 x 120 cm"}]},{"@type":"WebSite","@id":"https:\/\/www.daisho.be\/de\/#website","url":"https:\/\/www.daisho.be\/de\/","name":"Daisho","description":"Sp&eacute;cialiste de l'&eacute;quipement sportif d'arts martiaux","publisher":{"@id":"https:\/\/www.daisho.be\/de\/#organization"},"potentialAction":[{"@type":"SearchAction","target":{"@type":"EntryPoint","urlTemplate":"https:\/\/www.daisho.be\/de\/?s={search_term_string}"},"query-input":{"@type":"PropertyValueSpecification","valueRequired":true,"valueName":"search_term_string"}}],"inLanguage":"de"},{"@type":"Organization","@id":"https:\/\/www.daisho.be\/de\/#organization","name":"Daisho","url":"https:\/\/www.daisho.be\/de\/","logo":{"@type":"ImageObject","inLanguage":"de","@id":"https:\/\/www.daisho.be\/de\/#\/schema\/logo\/image\/","url":"https:\/\/www.daisho.be\/wp-content\/uploads\/2019\/07\/color-nothing-horizontale4x-e1564486100247.png","contentUrl":"https:\/\/www.daisho.be\/wp-content\/uploads\/2019\/07\/color-nothing-horizontale4x-e1564486100247.png","width":1547,"height":385,"caption":"Daisho"},"image":{"@id":"https:\/\/www.daisho.be\/de\/#\/schema\/logo\/image\/"}}]}},"_links":{"self":[{"href":"https:\/\/www.daisho.be\/de\/wp-json\/wp\/v2\/product\/562632","targetHints":{"allow":["GET"]}}],"collection":[{"href":"https:\/\/www.daisho.be\/de\/wp-json\/wp\/v2\/product"}],"about":[{"href":"https:\/\/www.daisho.be\/de\/wp-json\/wp\/v2\/types\/product"}],"replies":[{"embeddable":true,"href":"https:\/\/www.daisho.be\/de\/wp-json\/wp\/v2\/comments?post=562632"}],"wp:featuredmedia":[{"embeddable":true,"href":"https:\/\/www.daisho.be\/de\/wp-json\/wp\/v2\/media\/546955"}],"wp:attachment":[{"href":"https:\/\/www.daisho.be\/de\/wp-json\/wp\/v2\/media?parent=562632"}],"wp:term":[{"taxonomy":"product_brand","embeddable":true,"href":"https:\/\/www.daisho.be\/de\/wp-json\/wp\/v2\/product_brand?post=562632"},{"taxonomy":"product_cat","embeddable":true,"href":"https:\/\/www.daisho.be\/de\/wp-json\/wp\/v2\/product_cat?post=562632"},{"taxonomy":"product_tag","embeddable":true,"href":"https:\/\/www.daisho.be\/de\/wp-json\/wp\/v2\/product_tag?post=562632"},{"taxonomy":"sport","embeddable":true,"href":"https:\/\/www.daisho.be\/de\/wp-json\/wp\/v2\/sport?post=562632"}],"curies":[{"name":"wp","href":"https:\/\/api.w.org\/{rel}","templated":true}]}}