{"id":562484,"date":"2025-09-09T16:53:10","date_gmt":"2025-09-09T14:53:10","guid":{"rendered":"https:\/\/www.daisho.be\/produit\/judogi-millenium-mygi-adidas\/"},"modified":"2025-09-09T16:53:10","modified_gmt":"2025-09-09T14:53:10","slug":"judogi-millenium-mygi-adidas","status":"publish","type":"product","link":"https:\/\/www.daisho.be\/de\/produit\/judogi-millenium-mygi-adidas\/","title":{"rendered":"Judogi MILLENIUM MyGi adidas"},"content":{"rendered":"<p>Diejenigen, die einen harten und dicken Judoanzug nach alter Tradition suchen, werden im Millenium f\u00fcndig.<br \/>\nDer Millenium ist sehr schlicht und elegant dank des neuen adidas Logos, das auf den Oberarm gestickt ist.<br \/>\nDieser Judoanzug von adidas ist aus einem festen Material hergestellt, ein verst\u00e4rkter Revers und eine hervorragende Slim Fit-Passform machen diesen Gi zu einem fantastischen Sportger\u00e4t.<br \/>\nDer Anzug ist aus einem Reiskorngewebe aus 75% Baumwolle und 25% Polyester gefertigt und wiegt 990 g\/m2.<br \/>\nDieser Gi ist berechtigt, an allen nationalen Meisterschaften teilzunehmen.<\/p>\n<p>Merkmale :<br \/>\n&#8211; Gewicht: 990g<br \/>\n&#8211; Ideal ab Kadett 1 f\u00fcr Wettk\u00e4mpfer bis zur h\u00f6chsten Ebene<br \/>\n&#8211; Jacke aus Reiskornleinen (75% Baumwolle und 25% Polyester)<br \/>\n&#8211; Hose aus 100 % Baumwolle<br \/>\n&#8211; R\u00fcckennaht der Jacke<br \/>\n&#8211; Sehr dichter Kragen mit 6 Reihen von N\u00e4hten<br \/>\n&#8211; Sublimiertes Innenfutter<br \/>\n&#8211; Regul\u00e4re Passform.<br \/>\n&#8211; adidas LOGO Linker \u00c4rmel: in den Vereinsfarben<br \/>\n&#8211; Logo-Stickerei in Ihrer Farbe<br \/>\n&#8211; Gr\u00f6\u00dfen: von 150 cm bis 210 cm (5 x 5 cm).<\/p>\n","protected":false},"excerpt":{"rendered":"<p>Diejenigen, die einen harten und dicken Judoanzug nach alter Tradition suchen, werden im Millenium f\u00fcndig. Der Millenium ist sehr schlicht und elegant dank des neuen adidas Logos, das auf den Oberarm gestickt ist. Dieser Judoanzug von adidas ist aus einem festen Material hergestellt, ein verst\u00e4rkter Revers und eine hervorragende Slim Fit-Passform machen diesen Gi zu [&hellip;]<\/p>\n","protected":false},"featured_media":552339,"comment_status":"open","ping_status":"closed","template":"","meta":{"inline_featured_image":false},"product_brand":[],"product_cat":[2230,2287],"product_tag":[2178],"sport":[],"class_list":{"0":"post-562484","1":"product","2":"type-product","3":"status-publish","4":"has-post-thumbnail","6":"product_cat-judo-kimonos-de","7":"product_cat-kimono-judogi-adidas-de","8":"product_tag-adidas-de","9":"pa_size-380","10":"pa_size-388","11":"pa_size-379","12":"pa_size-387","13":"pa_size-378","14":"pa_size-386","15":"pa_size-377","16":"pa_size-385","17":"pa_size-376","18":"pa_size-384","19":"pa_size-383","20":"pa_size-953","21":"pa_size-382","23":"first","24":"instock","25":"taxable","26":"shipping-taxable","27":"purchasable","28":"product-type-variable"},"yoast_head":"<!-- This site is optimized with the Yoast SEO plugin v27.2 - https:\/\/yoast.com\/product\/yoast-seo-wordpress\/ -->\n<title>Judogi MILLENIUM MyGi adidas &#8211; Daisho<\/title>\n<meta name=\"robots\" content=\"index, follow, max-snippet:-1, max-image-preview:large, max-video-preview:-1\" \/>\n<link rel=\"canonical\" href=\"https:\/\/www.daisho.be\/de\/produit\/judogi-millenium-mygi-adidas\/\" \/>\n<meta property=\"og:locale\" content=\"de_DE\" \/>\n<meta property=\"og:type\" content=\"article\" \/>\n<meta property=\"og:title\" content=\"Judogi MILLENIUM MyGi adidas &#8211; Daisho\" \/>\n<meta property=\"og:description\" content=\"Diejenigen, die einen harten und dicken Judoanzug nach alter Tradition suchen, werden im Millenium f\u00fcndig. Der Millenium ist sehr schlicht und elegant dank des neuen adidas Logos, das auf den Oberarm gestickt ist. Dieser Judoanzug von adidas ist aus einem festen Material hergestellt, ein verst\u00e4rkter Revers und eine hervorragende Slim Fit-Passform machen diesen Gi zu [&hellip;]\" \/>\n<meta property=\"og:url\" content=\"https:\/\/www.daisho.be\/de\/produit\/judogi-millenium-mygi-adidas\/\" \/>\n<meta property=\"og:site_name\" content=\"Daisho\" \/>\n<meta property=\"og:image\" content=\"https:\/\/www.daisho.be\/wp-content\/uploads\/2025\/09\/image-4.png\" \/>\n\t<meta property=\"og:image:width\" content=\"500\" \/>\n\t<meta property=\"og:image:height\" content=\"693\" \/>\n\t<meta property=\"og:image:type\" content=\"image\/png\" \/>\n<meta name=\"twitter:card\" content=\"summary_large_image\" \/>\n<meta name=\"twitter:label1\" content=\"Gesch\u00e4tzte Lesezeit\" \/>\n\t<meta name=\"twitter:data1\" content=\"1\u00a0Minute\" \/>\n<script type=\"application\/ld+json\" class=\"yoast-schema-graph\">{\"@context\":\"https:\/\/schema.org\",\"@graph\":[{\"@type\":\"WebPage\",\"@id\":\"https:\/\/www.daisho.be\/de\/produit\/judogi-millenium-mygi-adidas\/\",\"url\":\"https:\/\/www.daisho.be\/de\/produit\/judogi-millenium-mygi-adidas\/\",\"name\":\"Judogi MILLENIUM MyGi adidas &#8211; Daisho\",\"isPartOf\":{\"@id\":\"https:\/\/www.daisho.be\/de\/#website\"},\"primaryImageOfPage\":{\"@id\":\"https:\/\/www.daisho.be\/de\/produit\/judogi-millenium-mygi-adidas\/#primaryimage\"},\"image\":{\"@id\":\"https:\/\/www.daisho.be\/de\/produit\/judogi-millenium-mygi-adidas\/#primaryimage\"},\"thumbnailUrl\":\"https:\/\/www.daisho.be\/wp-content\/uploads\/2025\/09\/image-4.png\",\"datePublished\":\"2025-09-09T14:53:10+00:00\",\"breadcrumb\":{\"@id\":\"https:\/\/www.daisho.be\/de\/produit\/judogi-millenium-mygi-adidas\/#breadcrumb\"},\"inLanguage\":\"de\",\"potentialAction\":[{\"@type\":\"ReadAction\",\"target\":[\"https:\/\/www.daisho.be\/de\/produit\/judogi-millenium-mygi-adidas\/\"]}]},{\"@type\":\"ImageObject\",\"inLanguage\":\"de\",\"@id\":\"https:\/\/www.daisho.be\/de\/produit\/judogi-millenium-mygi-adidas\/#primaryimage\",\"url\":\"https:\/\/www.daisho.be\/wp-content\/uploads\/2025\/09\/image-4.png\",\"contentUrl\":\"https:\/\/www.daisho.be\/wp-content\/uploads\/2025\/09\/image-4.png\",\"width\":500,\"height\":693,\"caption\":\"Judogi MILLENIUM MyGi adidas-1\"},{\"@type\":\"BreadcrumbList\",\"@id\":\"https:\/\/www.daisho.be\/de\/produit\/judogi-millenium-mygi-adidas\/#breadcrumb\",\"itemListElement\":[{\"@type\":\"ListItem\",\"position\":1,\"name\":\"Accueil\",\"item\":\"https:\/\/www.daisho.be\/de\/\"},{\"@type\":\"ListItem\",\"position\":2,\"name\":\"Produkte\",\"item\":\"https:\/\/www.daisho.be\/de\/produkte\/\"},{\"@type\":\"ListItem\",\"position\":3,\"name\":\"Ausr\u00fcstung und Kleidung f\u00fcr Kampfkunst und Kampfsport\",\"item\":\"https:\/\/www.daisho.be\/de\/categorie-produit\/ausrustung-und-kleidung-fur-kampfkunst-und-kampfsport\/\"},{\"@type\":\"ListItem\",\"position\":4,\"name\":\"Judo\",\"item\":\"https:\/\/www.daisho.be\/de\/categorie-produit\/ausrustung-und-kleidung-fur-kampfkunst-und-kampfsport\/judo-de-2\/\"},{\"@type\":\"ListItem\",\"position\":5,\"name\":\"Judo-Kimonos\",\"item\":\"https:\/\/www.daisho.be\/de\/categorie-produit\/ausrustung-und-kleidung-fur-kampfkunst-und-kampfsport\/judo-de-2\/judo-kimonos-de\/\"},{\"@type\":\"ListItem\",\"position\":6,\"name\":\"Judogi MILLENIUM MyGi adidas\"}]},{\"@type\":\"WebSite\",\"@id\":\"https:\/\/www.daisho.be\/de\/#website\",\"url\":\"https:\/\/www.daisho.be\/de\/\",\"name\":\"Daisho\",\"description\":\"Sp&eacute;cialiste de l'&eacute;quipement sportif d'arts martiaux\",\"publisher\":{\"@id\":\"https:\/\/www.daisho.be\/de\/#organization\"},\"potentialAction\":[{\"@type\":\"SearchAction\",\"target\":{\"@type\":\"EntryPoint\",\"urlTemplate\":\"https:\/\/www.daisho.be\/de\/?s={search_term_string}\"},\"query-input\":{\"@type\":\"PropertyValueSpecification\",\"valueRequired\":true,\"valueName\":\"search_term_string\"}}],\"inLanguage\":\"de\"},{\"@type\":\"Organization\",\"@id\":\"https:\/\/www.daisho.be\/de\/#organization\",\"name\":\"Daisho\",\"url\":\"https:\/\/www.daisho.be\/de\/\",\"logo\":{\"@type\":\"ImageObject\",\"inLanguage\":\"de\",\"@id\":\"https:\/\/www.daisho.be\/de\/#\/schema\/logo\/image\/\",\"url\":\"https:\/\/www.daisho.be\/wp-content\/uploads\/2019\/07\/color-nothing-horizontale4x-e1564486100247.png\",\"contentUrl\":\"https:\/\/www.daisho.be\/wp-content\/uploads\/2019\/07\/color-nothing-horizontale4x-e1564486100247.png\",\"width\":1547,\"height\":385,\"caption\":\"Daisho\"},\"image\":{\"@id\":\"https:\/\/www.daisho.be\/de\/#\/schema\/logo\/image\/\"}}]}<\/script>\n<!-- \/ Yoast SEO plugin. -->","yoast_head_json":{"title":"Judogi MILLENIUM MyGi adidas &#8211; Daisho","robots":{"index":"index","follow":"follow","max-snippet":"max-snippet:-1","max-image-preview":"max-image-preview:large","max-video-preview":"max-video-preview:-1"},"canonical":"https:\/\/www.daisho.be\/de\/produit\/judogi-millenium-mygi-adidas\/","og_locale":"de_DE","og_type":"article","og_title":"Judogi MILLENIUM MyGi adidas &#8211; Daisho","og_description":"Diejenigen, die einen harten und dicken Judoanzug nach alter Tradition suchen, werden im Millenium f\u00fcndig. Der Millenium ist sehr schlicht und elegant dank des neuen adidas Logos, das auf den Oberarm gestickt ist. Dieser Judoanzug von adidas ist aus einem festen Material hergestellt, ein verst\u00e4rkter Revers und eine hervorragende Slim Fit-Passform machen diesen Gi zu [&hellip;]","og_url":"https:\/\/www.daisho.be\/de\/produit\/judogi-millenium-mygi-adidas\/","og_site_name":"Daisho","og_image":[{"width":500,"height":693,"url":"https:\/\/www.daisho.be\/wp-content\/uploads\/2025\/09\/image-4.png","type":"image\/png"}],"twitter_card":"summary_large_image","twitter_misc":{"Gesch\u00e4tzte Lesezeit":"1\u00a0Minute"},"schema":{"@context":"https:\/\/schema.org","@graph":[{"@type":"WebPage","@id":"https:\/\/www.daisho.be\/de\/produit\/judogi-millenium-mygi-adidas\/","url":"https:\/\/www.daisho.be\/de\/produit\/judogi-millenium-mygi-adidas\/","name":"Judogi MILLENIUM MyGi adidas &#8211; Daisho","isPartOf":{"@id":"https:\/\/www.daisho.be\/de\/#website"},"primaryImageOfPage":{"@id":"https:\/\/www.daisho.be\/de\/produit\/judogi-millenium-mygi-adidas\/#primaryimage"},"image":{"@id":"https:\/\/www.daisho.be\/de\/produit\/judogi-millenium-mygi-adidas\/#primaryimage"},"thumbnailUrl":"https:\/\/www.daisho.be\/wp-content\/uploads\/2025\/09\/image-4.png","datePublished":"2025-09-09T14:53:10+00:00","breadcrumb":{"@id":"https:\/\/www.daisho.be\/de\/produit\/judogi-millenium-mygi-adidas\/#breadcrumb"},"inLanguage":"de","potentialAction":[{"@type":"ReadAction","target":["https:\/\/www.daisho.be\/de\/produit\/judogi-millenium-mygi-adidas\/"]}]},{"@type":"ImageObject","inLanguage":"de","@id":"https:\/\/www.daisho.be\/de\/produit\/judogi-millenium-mygi-adidas\/#primaryimage","url":"https:\/\/www.daisho.be\/wp-content\/uploads\/2025\/09\/image-4.png","contentUrl":"https:\/\/www.daisho.be\/wp-content\/uploads\/2025\/09\/image-4.png","width":500,"height":693,"caption":"Judogi MILLENIUM MyGi adidas-1"},{"@type":"BreadcrumbList","@id":"https:\/\/www.daisho.be\/de\/produit\/judogi-millenium-mygi-adidas\/#breadcrumb","itemListElement":[{"@type":"ListItem","position":1,"name":"Accueil","item":"https:\/\/www.daisho.be\/de\/"},{"@type":"ListItem","position":2,"name":"Produkte","item":"https:\/\/www.daisho.be\/de\/produkte\/"},{"@type":"ListItem","position":3,"name":"Ausr\u00fcstung und Kleidung f\u00fcr Kampfkunst und Kampfsport","item":"https:\/\/www.daisho.be\/de\/categorie-produit\/ausrustung-und-kleidung-fur-kampfkunst-und-kampfsport\/"},{"@type":"ListItem","position":4,"name":"Judo","item":"https:\/\/www.daisho.be\/de\/categorie-produit\/ausrustung-und-kleidung-fur-kampfkunst-und-kampfsport\/judo-de-2\/"},{"@type":"ListItem","position":5,"name":"Judo-Kimonos","item":"https:\/\/www.daisho.be\/de\/categorie-produit\/ausrustung-und-kleidung-fur-kampfkunst-und-kampfsport\/judo-de-2\/judo-kimonos-de\/"},{"@type":"ListItem","position":6,"name":"Judogi MILLENIUM MyGi adidas"}]},{"@type":"WebSite","@id":"https:\/\/www.daisho.be\/de\/#website","url":"https:\/\/www.daisho.be\/de\/","name":"Daisho","description":"Sp&eacute;cialiste de l'&eacute;quipement sportif d'arts martiaux","publisher":{"@id":"https:\/\/www.daisho.be\/de\/#organization"},"potentialAction":[{"@type":"SearchAction","target":{"@type":"EntryPoint","urlTemplate":"https:\/\/www.daisho.be\/de\/?s={search_term_string}"},"query-input":{"@type":"PropertyValueSpecification","valueRequired":true,"valueName":"search_term_string"}}],"inLanguage":"de"},{"@type":"Organization","@id":"https:\/\/www.daisho.be\/de\/#organization","name":"Daisho","url":"https:\/\/www.daisho.be\/de\/","logo":{"@type":"ImageObject","inLanguage":"de","@id":"https:\/\/www.daisho.be\/de\/#\/schema\/logo\/image\/","url":"https:\/\/www.daisho.be\/wp-content\/uploads\/2019\/07\/color-nothing-horizontale4x-e1564486100247.png","contentUrl":"https:\/\/www.daisho.be\/wp-content\/uploads\/2019\/07\/color-nothing-horizontale4x-e1564486100247.png","width":1547,"height":385,"caption":"Daisho"},"image":{"@id":"https:\/\/www.daisho.be\/de\/#\/schema\/logo\/image\/"}}]}},"_links":{"self":[{"href":"https:\/\/www.daisho.be\/de\/wp-json\/wp\/v2\/product\/562484","targetHints":{"allow":["GET"]}}],"collection":[{"href":"https:\/\/www.daisho.be\/de\/wp-json\/wp\/v2\/product"}],"about":[{"href":"https:\/\/www.daisho.be\/de\/wp-json\/wp\/v2\/types\/product"}],"replies":[{"embeddable":true,"href":"https:\/\/www.daisho.be\/de\/wp-json\/wp\/v2\/comments?post=562484"}],"wp:featuredmedia":[{"embeddable":true,"href":"https:\/\/www.daisho.be\/de\/wp-json\/wp\/v2\/media\/552339"}],"wp:attachment":[{"href":"https:\/\/www.daisho.be\/de\/wp-json\/wp\/v2\/media?parent=562484"}],"wp:term":[{"taxonomy":"product_brand","embeddable":true,"href":"https:\/\/www.daisho.be\/de\/wp-json\/wp\/v2\/product_brand?post=562484"},{"taxonomy":"product_cat","embeddable":true,"href":"https:\/\/www.daisho.be\/de\/wp-json\/wp\/v2\/product_cat?post=562484"},{"taxonomy":"product_tag","embeddable":true,"href":"https:\/\/www.daisho.be\/de\/wp-json\/wp\/v2\/product_tag?post=562484"},{"taxonomy":"sport","embeddable":true,"href":"https:\/\/www.daisho.be\/de\/wp-json\/wp\/v2\/sport?post=562484"}],"curies":[{"name":"wp","href":"https:\/\/api.w.org\/{rel}","templated":true}]}}