{"id":562414,"date":"2025-09-10T15:29:13","date_gmt":"2025-09-10T13:29:13","guid":{"rendered":"https:\/\/www.daisho.be\/produit\/judoboden-auf-schaumstoffnoppen\/"},"modified":"2025-09-10T15:29:13","modified_gmt":"2025-09-10T13:29:13","slug":"judoboden-auf-schaumstoffnoppen","status":"publish","type":"product","link":"https:\/\/www.daisho.be\/de\/produit\/judoboden-auf-schaumstoffnoppen\/","title":{"rendered":"JUDOBODEN AUF SCHAUMSTOFFNOPPEN"},"content":{"rendered":"<p>Entspricht der Norm NF EN 12503-3<\/p>\n<p>Judoboden aus 18 mm starken CP-Holzplatten<\/p>\n<p>Verbindung zwischen den Platten mit Holzleisten und Schrauben, die eine einteilige Einheit bilden<br \/>\nUnter den Platten sind Schaumstoffnoppen verklebt, die eine D\u00e4mpfung der gesamten Einheit erm\u00f6glichen<br \/>\nEin umlaufender Rahmen aus Holz, der die Tatami-Matten h\u00e4lt, mit einer Bel\u00fcftung, die die Luftzirkulation unter dem Boden erm\u00f6glicht.<br \/>\nDer Boden hat eine St\u00e4rke von 18 mm und ist mit Schaumstoffnoppen versehen, die gem\u00e4\u00df den geltenden Vorschriften als M3 klassifiziert sind.<br \/>\nDieser Boden kann in einer Vertiefung oder direkt auf der Betonplatte verlegt werden.<br \/>\nH\u00f6he des Bodens 58 mm, die H\u00f6he kann durch \u00c4nderung der Schaumstoffnoppen variiert werden.<br \/>\nNur nach Kostenvoranschlag.<\/p>\n","protected":false},"excerpt":{"rendered":"<p>Entspricht der Norm NF EN 12503-3 Judoboden aus 18 mm starken CP-Holzplatten Verbindung zwischen den Platten mit Holzleisten und Schrauben, die eine einteilige Einheit bilden Unter den Platten sind Schaumstoffnoppen verklebt, die eine D\u00e4mpfung der gesamten Einheit erm\u00f6glichen Ein umlaufender Rahmen aus Holz, der die Tatami-Matten h\u00e4lt, mit einer Bel\u00fcftung, die die Luftzirkulation unter dem [&hellip;]<\/p>\n","protected":false},"featured_media":552824,"comment_status":"open","ping_status":"closed","template":"","meta":{"inline_featured_image":false},"product_brand":[],"product_cat":[2016],"product_tag":[2524],"sport":[],"class_list":{"0":"post-562414","1":"product","2":"type-product","3":"status-publish","4":"has-post-thumbnail","6":"product_cat-tatamis-fur-judo-karate-und-taekwondo-kampfkunste","7":"product_tag-nouansport","8":"pa_size-sans-taille-defaut","10":"first","11":"instock","12":"taxable","13":"shipping-taxable","14":"purchasable","15":"product-type-variable"},"yoast_head":"<!-- This site is optimized with the Yoast SEO plugin v27.2 - https:\/\/yoast.com\/product\/yoast-seo-wordpress\/ -->\n<title>JUDOBODEN AUF SCHAUMSTOFFNOPPEN &#8211; Daisho<\/title>\n<meta name=\"robots\" content=\"index, follow, max-snippet:-1, max-image-preview:large, max-video-preview:-1\" \/>\n<link rel=\"canonical\" href=\"https:\/\/www.daisho.be\/de\/produit\/judoboden-auf-schaumstoffnoppen\/\" \/>\n<meta property=\"og:locale\" content=\"de_DE\" \/>\n<meta property=\"og:type\" content=\"article\" \/>\n<meta property=\"og:title\" content=\"JUDOBODEN AUF SCHAUMSTOFFNOPPEN &#8211; Daisho\" \/>\n<meta property=\"og:description\" content=\"Entspricht der Norm NF EN 12503-3 Judoboden aus 18 mm starken CP-Holzplatten Verbindung zwischen den Platten mit Holzleisten und Schrauben, die eine einteilige Einheit bilden Unter den Platten sind Schaumstoffnoppen verklebt, die eine D\u00e4mpfung der gesamten Einheit erm\u00f6glichen Ein umlaufender Rahmen aus Holz, der die Tatami-Matten h\u00e4lt, mit einer Bel\u00fcftung, die die Luftzirkulation unter dem [&hellip;]\" \/>\n<meta property=\"og:url\" content=\"https:\/\/www.daisho.be\/de\/produit\/judoboden-auf-schaumstoffnoppen\/\" \/>\n<meta property=\"og:site_name\" content=\"Daisho\" \/>\n<meta property=\"og:image\" content=\"https:\/\/www.daisho.be\/wp-content\/uploads\/2025\/09\/image-7.webp\" \/>\n\t<meta property=\"og:image:width\" content=\"419\" \/>\n\t<meta property=\"og:image:height\" content=\"559\" \/>\n\t<meta property=\"og:image:type\" content=\"image\/webp\" \/>\n<meta name=\"twitter:card\" content=\"summary_large_image\" \/>\n<meta name=\"twitter:label1\" content=\"Gesch\u00e4tzte Lesezeit\" \/>\n\t<meta name=\"twitter:data1\" content=\"1\u00a0Minute\" \/>\n<script type=\"application\/ld+json\" class=\"yoast-schema-graph\">{\"@context\":\"https:\/\/schema.org\",\"@graph\":[{\"@type\":\"WebPage\",\"@id\":\"https:\/\/www.daisho.be\/de\/produit\/judoboden-auf-schaumstoffnoppen\/\",\"url\":\"https:\/\/www.daisho.be\/de\/produit\/judoboden-auf-schaumstoffnoppen\/\",\"name\":\"JUDOBODEN AUF SCHAUMSTOFFNOPPEN &#8211; Daisho\",\"isPartOf\":{\"@id\":\"https:\/\/www.daisho.be\/de\/#website\"},\"primaryImageOfPage\":{\"@id\":\"https:\/\/www.daisho.be\/de\/produit\/judoboden-auf-schaumstoffnoppen\/#primaryimage\"},\"image\":{\"@id\":\"https:\/\/www.daisho.be\/de\/produit\/judoboden-auf-schaumstoffnoppen\/#primaryimage\"},\"thumbnailUrl\":\"https:\/\/www.daisho.be\/wp-content\/uploads\/2025\/09\/image-7.webp\",\"datePublished\":\"2025-09-10T13:29:13+00:00\",\"breadcrumb\":{\"@id\":\"https:\/\/www.daisho.be\/de\/produit\/judoboden-auf-schaumstoffnoppen\/#breadcrumb\"},\"inLanguage\":\"de\",\"potentialAction\":[{\"@type\":\"ReadAction\",\"target\":[\"https:\/\/www.daisho.be\/de\/produit\/judoboden-auf-schaumstoffnoppen\/\"]}]},{\"@type\":\"ImageObject\",\"inLanguage\":\"de\",\"@id\":\"https:\/\/www.daisho.be\/de\/produit\/judoboden-auf-schaumstoffnoppen\/#primaryimage\",\"url\":\"https:\/\/www.daisho.be\/wp-content\/uploads\/2025\/09\/image-7.webp\",\"contentUrl\":\"https:\/\/www.daisho.be\/wp-content\/uploads\/2025\/09\/image-7.webp\",\"width\":419,\"height\":559,\"caption\":\"JUDOBODEN AUF SCHAUMSTOFFNOPPEN-1\"},{\"@type\":\"BreadcrumbList\",\"@id\":\"https:\/\/www.daisho.be\/de\/produit\/judoboden-auf-schaumstoffnoppen\/#breadcrumb\",\"itemListElement\":[{\"@type\":\"ListItem\",\"position\":1,\"name\":\"Accueil\",\"item\":\"https:\/\/www.daisho.be\/de\/\"},{\"@type\":\"ListItem\",\"position\":2,\"name\":\"Produkte\",\"item\":\"https:\/\/www.daisho.be\/de\/produkte\/\"},{\"@type\":\"ListItem\",\"position\":3,\"name\":\"Kampfsportarten\",\"item\":\"https:\/\/www.daisho.be\/de\/categorie-produit\/kampfsportarten\/\"},{\"@type\":\"ListItem\",\"position\":4,\"name\":\"Tatamis f\u00fcr Judo, Karate und Taekwondo (Kampfk\u00fcnste)\",\"item\":\"https:\/\/www.daisho.be\/de\/categorie-produit\/kampfsportarten\/tatamis-fur-judo-karate-und-taekwondo-kampfkunste\/\"},{\"@type\":\"ListItem\",\"position\":5,\"name\":\"JUDOBODEN AUF SCHAUMSTOFFNOPPEN\"}]},{\"@type\":\"WebSite\",\"@id\":\"https:\/\/www.daisho.be\/de\/#website\",\"url\":\"https:\/\/www.daisho.be\/de\/\",\"name\":\"Daisho\",\"description\":\"Sp&eacute;cialiste de l'&eacute;quipement sportif d'arts martiaux\",\"publisher\":{\"@id\":\"https:\/\/www.daisho.be\/de\/#organization\"},\"potentialAction\":[{\"@type\":\"SearchAction\",\"target\":{\"@type\":\"EntryPoint\",\"urlTemplate\":\"https:\/\/www.daisho.be\/de\/?s={search_term_string}\"},\"query-input\":{\"@type\":\"PropertyValueSpecification\",\"valueRequired\":true,\"valueName\":\"search_term_string\"}}],\"inLanguage\":\"de\"},{\"@type\":\"Organization\",\"@id\":\"https:\/\/www.daisho.be\/de\/#organization\",\"name\":\"Daisho\",\"url\":\"https:\/\/www.daisho.be\/de\/\",\"logo\":{\"@type\":\"ImageObject\",\"inLanguage\":\"de\",\"@id\":\"https:\/\/www.daisho.be\/de\/#\/schema\/logo\/image\/\",\"url\":\"https:\/\/www.daisho.be\/wp-content\/uploads\/2019\/07\/color-nothing-horizontale4x-e1564486100247.png\",\"contentUrl\":\"https:\/\/www.daisho.be\/wp-content\/uploads\/2019\/07\/color-nothing-horizontale4x-e1564486100247.png\",\"width\":1547,\"height\":385,\"caption\":\"Daisho\"},\"image\":{\"@id\":\"https:\/\/www.daisho.be\/de\/#\/schema\/logo\/image\/\"}}]}<\/script>\n<!-- \/ Yoast SEO plugin. -->","yoast_head_json":{"title":"JUDOBODEN AUF SCHAUMSTOFFNOPPEN &#8211; Daisho","robots":{"index":"index","follow":"follow","max-snippet":"max-snippet:-1","max-image-preview":"max-image-preview:large","max-video-preview":"max-video-preview:-1"},"canonical":"https:\/\/www.daisho.be\/de\/produit\/judoboden-auf-schaumstoffnoppen\/","og_locale":"de_DE","og_type":"article","og_title":"JUDOBODEN AUF SCHAUMSTOFFNOPPEN &#8211; Daisho","og_description":"Entspricht der Norm NF EN 12503-3 Judoboden aus 18 mm starken CP-Holzplatten Verbindung zwischen den Platten mit Holzleisten und Schrauben, die eine einteilige Einheit bilden Unter den Platten sind Schaumstoffnoppen verklebt, die eine D\u00e4mpfung der gesamten Einheit erm\u00f6glichen Ein umlaufender Rahmen aus Holz, der die Tatami-Matten h\u00e4lt, mit einer Bel\u00fcftung, die die Luftzirkulation unter dem [&hellip;]","og_url":"https:\/\/www.daisho.be\/de\/produit\/judoboden-auf-schaumstoffnoppen\/","og_site_name":"Daisho","og_image":[{"width":419,"height":559,"url":"https:\/\/www.daisho.be\/wp-content\/uploads\/2025\/09\/image-7.webp","type":"image\/webp"}],"twitter_card":"summary_large_image","twitter_misc":{"Gesch\u00e4tzte Lesezeit":"1\u00a0Minute"},"schema":{"@context":"https:\/\/schema.org","@graph":[{"@type":"WebPage","@id":"https:\/\/www.daisho.be\/de\/produit\/judoboden-auf-schaumstoffnoppen\/","url":"https:\/\/www.daisho.be\/de\/produit\/judoboden-auf-schaumstoffnoppen\/","name":"JUDOBODEN AUF SCHAUMSTOFFNOPPEN &#8211; Daisho","isPartOf":{"@id":"https:\/\/www.daisho.be\/de\/#website"},"primaryImageOfPage":{"@id":"https:\/\/www.daisho.be\/de\/produit\/judoboden-auf-schaumstoffnoppen\/#primaryimage"},"image":{"@id":"https:\/\/www.daisho.be\/de\/produit\/judoboden-auf-schaumstoffnoppen\/#primaryimage"},"thumbnailUrl":"https:\/\/www.daisho.be\/wp-content\/uploads\/2025\/09\/image-7.webp","datePublished":"2025-09-10T13:29:13+00:00","breadcrumb":{"@id":"https:\/\/www.daisho.be\/de\/produit\/judoboden-auf-schaumstoffnoppen\/#breadcrumb"},"inLanguage":"de","potentialAction":[{"@type":"ReadAction","target":["https:\/\/www.daisho.be\/de\/produit\/judoboden-auf-schaumstoffnoppen\/"]}]},{"@type":"ImageObject","inLanguage":"de","@id":"https:\/\/www.daisho.be\/de\/produit\/judoboden-auf-schaumstoffnoppen\/#primaryimage","url":"https:\/\/www.daisho.be\/wp-content\/uploads\/2025\/09\/image-7.webp","contentUrl":"https:\/\/www.daisho.be\/wp-content\/uploads\/2025\/09\/image-7.webp","width":419,"height":559,"caption":"JUDOBODEN AUF SCHAUMSTOFFNOPPEN-1"},{"@type":"BreadcrumbList","@id":"https:\/\/www.daisho.be\/de\/produit\/judoboden-auf-schaumstoffnoppen\/#breadcrumb","itemListElement":[{"@type":"ListItem","position":1,"name":"Accueil","item":"https:\/\/www.daisho.be\/de\/"},{"@type":"ListItem","position":2,"name":"Produkte","item":"https:\/\/www.daisho.be\/de\/produkte\/"},{"@type":"ListItem","position":3,"name":"Kampfsportarten","item":"https:\/\/www.daisho.be\/de\/categorie-produit\/kampfsportarten\/"},{"@type":"ListItem","position":4,"name":"Tatamis f\u00fcr Judo, Karate und Taekwondo (Kampfk\u00fcnste)","item":"https:\/\/www.daisho.be\/de\/categorie-produit\/kampfsportarten\/tatamis-fur-judo-karate-und-taekwondo-kampfkunste\/"},{"@type":"ListItem","position":5,"name":"JUDOBODEN AUF SCHAUMSTOFFNOPPEN"}]},{"@type":"WebSite","@id":"https:\/\/www.daisho.be\/de\/#website","url":"https:\/\/www.daisho.be\/de\/","name":"Daisho","description":"Sp&eacute;cialiste de l'&eacute;quipement sportif d'arts martiaux","publisher":{"@id":"https:\/\/www.daisho.be\/de\/#organization"},"potentialAction":[{"@type":"SearchAction","target":{"@type":"EntryPoint","urlTemplate":"https:\/\/www.daisho.be\/de\/?s={search_term_string}"},"query-input":{"@type":"PropertyValueSpecification","valueRequired":true,"valueName":"search_term_string"}}],"inLanguage":"de"},{"@type":"Organization","@id":"https:\/\/www.daisho.be\/de\/#organization","name":"Daisho","url":"https:\/\/www.daisho.be\/de\/","logo":{"@type":"ImageObject","inLanguage":"de","@id":"https:\/\/www.daisho.be\/de\/#\/schema\/logo\/image\/","url":"https:\/\/www.daisho.be\/wp-content\/uploads\/2019\/07\/color-nothing-horizontale4x-e1564486100247.png","contentUrl":"https:\/\/www.daisho.be\/wp-content\/uploads\/2019\/07\/color-nothing-horizontale4x-e1564486100247.png","width":1547,"height":385,"caption":"Daisho"},"image":{"@id":"https:\/\/www.daisho.be\/de\/#\/schema\/logo\/image\/"}}]}},"_links":{"self":[{"href":"https:\/\/www.daisho.be\/de\/wp-json\/wp\/v2\/product\/562414","targetHints":{"allow":["GET"]}}],"collection":[{"href":"https:\/\/www.daisho.be\/de\/wp-json\/wp\/v2\/product"}],"about":[{"href":"https:\/\/www.daisho.be\/de\/wp-json\/wp\/v2\/types\/product"}],"replies":[{"embeddable":true,"href":"https:\/\/www.daisho.be\/de\/wp-json\/wp\/v2\/comments?post=562414"}],"wp:featuredmedia":[{"embeddable":true,"href":"https:\/\/www.daisho.be\/de\/wp-json\/wp\/v2\/media\/552824"}],"wp:attachment":[{"href":"https:\/\/www.daisho.be\/de\/wp-json\/wp\/v2\/media?parent=562414"}],"wp:term":[{"taxonomy":"product_brand","embeddable":true,"href":"https:\/\/www.daisho.be\/de\/wp-json\/wp\/v2\/product_brand?post=562414"},{"taxonomy":"product_cat","embeddable":true,"href":"https:\/\/www.daisho.be\/de\/wp-json\/wp\/v2\/product_cat?post=562414"},{"taxonomy":"product_tag","embeddable":true,"href":"https:\/\/www.daisho.be\/de\/wp-json\/wp\/v2\/product_tag?post=562414"},{"taxonomy":"sport","embeddable":true,"href":"https:\/\/www.daisho.be\/de\/wp-json\/wp\/v2\/sport?post=562414"}],"curies":[{"name":"wp","href":"https:\/\/api.w.org\/{rel}","templated":true}]}}