{"id":562369,"date":"2025-09-22T12:17:07","date_gmt":"2025-09-22T10:17:07","guid":{"rendered":"https:\/\/www.daisho.be\/produit\/karategi-tokaido-set-kumite-master-junior-wkf\/"},"modified":"2026-01-26T13:47:19","modified_gmt":"2026-01-26T12:47:19","slug":"karategi-tokaido-set-kumite-master-junior-wkf","status":"publish","type":"product","link":"https:\/\/www.daisho.be\/de\/produit\/karategi-tokaido-set-kumite-master-junior-wkf\/","title":{"rendered":"KARATEGI TOKAIDO SET KUMITE MASTER &#8222;JUNIOR&#8220; &#8211; WKF"},"content":{"rendered":"<p>Karategi Anzug, TOKAIDO Kumite Master Junior, WKF<br \/>\nDer Kumite Master Junior von Tokaido wurde speziell f\u00fcr Kinder und Anf\u00e4nger im Karate entwickelt.<br \/>\nDank seiner durchdachten Eigenschaften ist er nicht nur ein idealer Gi f\u00fcr das t\u00e4gliche Training, sondern auch eine ausgezeichnete Wahl f\u00fcr die Teilnahme an nationalen und internationalen Wettk\u00e4mpfen.<br \/>\nDieser Karategi Anzug besteht aus einer Hose und zwei Jacken mit roter und blauer Stickerei, so dass er schnell gewechselt werden kann, um den Anforderungen des Wettkampfes gerecht zu werden.<\/p>\n<p>Merkmale :<\/p>\n<p>Von der WKF anerkannter Karateanzug.<br \/>\nZwei Jacken: eine mit blauen Stickereien auf den Schultern, die andere mit roten Stickereien.<br \/>\nDer Schnitt ist auf die Morphologie junger Athleten abgestimmt.<br \/>\nLeichtes Gewebe: atmungsaktiv, weich im Griff und nicht scheuernd.<br \/>\nUndurchsichtiges Material: keine Transparenz, selbst bei normalem Schwitzen.<br \/>\nH\u00fcbsches gesticktes Tokaido-Logo auf der rechten Brust und am Hals.<br \/>\nEignet sich auch als Zweit- oder Ersatzuniform f\u00fcr Erwachsene.<br \/>\nDas Set besteht aus: zwei Jacken und einer Hose (G\u00fcrtel nicht inbegriffen).<br \/>\nEntwickelt, um schnell zu trocknen, egal ob es sich um Schwei\u00df oder Wasser handelt.<\/p>\n<p><span style=\"display: flex;align-items: flex-start\"><br \/>\n<img loading=\"lazy\" decoding=\"async\" class=\"alignleft\" src=\"https:\/\/www.daisho.be\/wp-content\/uploads\/2019\/09\/kumite-cut.png\" alt=\"\" width=\"108\" height=\"120\"><br \/>\n<img loading=\"lazy\" decoding=\"async\" class=\"alignleft\" src=\"https:\/\/www.daisho.be\/wp-content\/uploads\/2019\/09\/embroidery.png\" alt=\"\" width=\"108\" height=\"120\"><br \/>\n<img loading=\"lazy\" decoding=\"async\" class=\"alignleft\" src=\"https:\/\/www.daisho.be\/wp-content\/uploads\/2024\/10\/w-k-f-logo.png\" alt=\"\" width=\"108\" height=\"120\"><br \/>\n<\/span><\/p>\n","protected":false},"excerpt":{"rendered":"<p>Karategi Anzug, TOKAIDO Kumite Master Junior, WKF Der Kumite Master Junior von Tokaido wurde speziell f\u00fcr Kinder und Anf\u00e4nger im Karate entwickelt. Dank seiner durchdachten Eigenschaften ist er nicht nur ein idealer Gi f\u00fcr das t\u00e4gliche Training, sondern auch eine ausgezeichnete Wahl f\u00fcr die Teilnahme an nationalen und internationalen Wettk\u00e4mpfen. Dieser Karategi Anzug besteht aus [&hellip;]<\/p>\n","protected":false},"featured_media":555605,"comment_status":"open","ping_status":"closed","template":"","meta":{"inline_featured_image":false},"product_brand":[],"product_cat":[2124,2008,2118],"product_tag":[2004],"sport":[],"class_list":{"0":"post-562369","1":"product","2":"type-product","3":"status-publish","4":"has-post-thumbnail","6":"product_cat-herzstucke","7":"product_cat-karate-kimonos-de","8":"product_cat-kleidung-kimonos","9":"product_tag-tokaido-de","10":"pa_size-374","11":"pa_size-373","12":"pa_size-381","13":"pa_size-380","14":"pa_size-379","15":"pa_size-378","16":"pa_size-377","17":"pa_size-376","19":"first","20":"instock","21":"taxable","22":"shipping-taxable","23":"purchasable","24":"product-type-variable"},"yoast_head":"<!-- This site is optimized with the Yoast SEO plugin v27.2 - https:\/\/yoast.com\/product\/yoast-seo-wordpress\/ -->\n<title>KARATEGI TOKAIDO SET KUMITE MASTER &quot;JUNIOR&quot; - WKF &#8211; Daisho<\/title>\n<meta name=\"description\" content=\"Karategi Tokaido Kumite Master Junior WKF, leicht &amp; robust f\u00fcr junge Wettk\u00e4mpfer. Finden Sie ihn auf Daisho.be | Daisho\" \/>\n<meta name=\"robots\" content=\"index, follow, max-snippet:-1, max-image-preview:large, max-video-preview:-1\" \/>\n<link rel=\"canonical\" href=\"https:\/\/www.daisho.be\/de\/produit\/karategi-tokaido-set-kumite-master-junior-wkf\/\" \/>\n<meta property=\"og:locale\" content=\"de_DE\" \/>\n<meta property=\"og:type\" content=\"article\" \/>\n<meta property=\"og:title\" content=\"KARATEGI TOKAIDO SET KUMITE MASTER &quot;JUNIOR&quot; - WKF &#8211; Daisho\" \/>\n<meta property=\"og:description\" content=\"Karategi Tokaido Kumite Master Junior WKF, leicht &amp; robust f\u00fcr junge Wettk\u00e4mpfer. Finden Sie ihn auf Daisho.be | Daisho\" \/>\n<meta property=\"og:url\" content=\"https:\/\/www.daisho.be\/de\/produit\/karategi-tokaido-set-kumite-master-junior-wkf\/\" \/>\n<meta property=\"og:site_name\" content=\"Daisho\" \/>\n<meta property=\"article:modified_time\" content=\"2026-01-26T12:47:19+00:00\" \/>\n<meta property=\"og:image\" content=\"https:\/\/www.daisho.be\/wp-content\/uploads\/2025\/09\/image-8.jpg\" \/>\n\t<meta property=\"og:image:width\" content=\"800\" \/>\n\t<meta property=\"og:image:height\" content=\"1280\" \/>\n\t<meta property=\"og:image:type\" content=\"image\/jpeg\" \/>\n<meta name=\"twitter:card\" content=\"summary_large_image\" \/>\n<meta name=\"twitter:label1\" content=\"Gesch\u00e4tzte Lesezeit\" \/>\n\t<meta name=\"twitter:data1\" content=\"1\u00a0Minute\" \/>\n<script type=\"application\/ld+json\" class=\"yoast-schema-graph\">{\"@context\":\"https:\/\/schema.org\",\"@graph\":[{\"@type\":\"WebPage\",\"@id\":\"https:\/\/www.daisho.be\/de\/produit\/karategi-tokaido-set-kumite-master-junior-wkf\/\",\"url\":\"https:\/\/www.daisho.be\/de\/produit\/karategi-tokaido-set-kumite-master-junior-wkf\/\",\"name\":\"KARATEGI TOKAIDO SET KUMITE MASTER \\\"JUNIOR\\\" - WKF &#8211; Daisho\",\"isPartOf\":{\"@id\":\"https:\/\/www.daisho.be\/de\/#website\"},\"primaryImageOfPage\":{\"@id\":\"https:\/\/www.daisho.be\/de\/produit\/karategi-tokaido-set-kumite-master-junior-wkf\/#primaryimage\"},\"image\":{\"@id\":\"https:\/\/www.daisho.be\/de\/produit\/karategi-tokaido-set-kumite-master-junior-wkf\/#primaryimage\"},\"thumbnailUrl\":\"https:\/\/www.daisho.be\/wp-content\/uploads\/2025\/09\/image-8.jpg\",\"datePublished\":\"2025-09-22T10:17:07+00:00\",\"dateModified\":\"2026-01-26T12:47:19+00:00\",\"description\":\"Karategi Tokaido Kumite Master Junior WKF, leicht & robust f\u00fcr junge Wettk\u00e4mpfer. Finden Sie ihn auf Daisho.be | Daisho\",\"breadcrumb\":{\"@id\":\"https:\/\/www.daisho.be\/de\/produit\/karategi-tokaido-set-kumite-master-junior-wkf\/#breadcrumb\"},\"inLanguage\":\"de\",\"potentialAction\":[{\"@type\":\"ReadAction\",\"target\":[\"https:\/\/www.daisho.be\/de\/produit\/karategi-tokaido-set-kumite-master-junior-wkf\/\"]}]},{\"@type\":\"ImageObject\",\"inLanguage\":\"de\",\"@id\":\"https:\/\/www.daisho.be\/de\/produit\/karategi-tokaido-set-kumite-master-junior-wkf\/#primaryimage\",\"url\":\"https:\/\/www.daisho.be\/wp-content\/uploads\/2025\/09\/image-8.jpg\",\"contentUrl\":\"https:\/\/www.daisho.be\/wp-content\/uploads\/2025\/09\/image-8.jpg\",\"width\":800,\"height\":1280,\"caption\":\"KARATEGI TOKAIDO SET KUMITE MASTER \\\"JUNIOR\\\" - WKF-1\"},{\"@type\":\"BreadcrumbList\",\"@id\":\"https:\/\/www.daisho.be\/de\/produit\/karategi-tokaido-set-kumite-master-junior-wkf\/#breadcrumb\",\"itemListElement\":[{\"@type\":\"ListItem\",\"position\":1,\"name\":\"Accueil\",\"item\":\"https:\/\/www.daisho.be\/de\/\"},{\"@type\":\"ListItem\",\"position\":2,\"name\":\"Produkte\",\"item\":\"https:\/\/www.daisho.be\/de\/produkte\/\"},{\"@type\":\"ListItem\",\"position\":3,\"name\":\"Ausr\u00fcstung und Kleidung f\u00fcr Kampfkunst und Kampfsport\",\"item\":\"https:\/\/www.daisho.be\/de\/categorie-produit\/ausrustung-und-kleidung-fur-kampfkunst-und-kampfsport\/\"},{\"@type\":\"ListItem\",\"position\":4,\"name\":\"Karate\",\"item\":\"https:\/\/www.daisho.be\/de\/categorie-produit\/ausrustung-und-kleidung-fur-kampfkunst-und-kampfsport\/karate-de-2\/\"},{\"@type\":\"ListItem\",\"position\":5,\"name\":\"Karate-Kimonos\",\"item\":\"https:\/\/www.daisho.be\/de\/categorie-produit\/ausrustung-und-kleidung-fur-kampfkunst-und-kampfsport\/karate-de-2\/karate-kimonos-de\/\"},{\"@type\":\"ListItem\",\"position\":6,\"name\":\"KARATEGI TOKAIDO SET KUMITE MASTER &#8222;JUNIOR&#8220; &#8211; WKF\"}]},{\"@type\":\"WebSite\",\"@id\":\"https:\/\/www.daisho.be\/de\/#website\",\"url\":\"https:\/\/www.daisho.be\/de\/\",\"name\":\"Daisho\",\"description\":\"Sp&eacute;cialiste de l'&eacute;quipement sportif d'arts martiaux\",\"publisher\":{\"@id\":\"https:\/\/www.daisho.be\/de\/#organization\"},\"potentialAction\":[{\"@type\":\"SearchAction\",\"target\":{\"@type\":\"EntryPoint\",\"urlTemplate\":\"https:\/\/www.daisho.be\/de\/?s={search_term_string}\"},\"query-input\":{\"@type\":\"PropertyValueSpecification\",\"valueRequired\":true,\"valueName\":\"search_term_string\"}}],\"inLanguage\":\"de\"},{\"@type\":\"Organization\",\"@id\":\"https:\/\/www.daisho.be\/de\/#organization\",\"name\":\"Daisho\",\"url\":\"https:\/\/www.daisho.be\/de\/\",\"logo\":{\"@type\":\"ImageObject\",\"inLanguage\":\"de\",\"@id\":\"https:\/\/www.daisho.be\/de\/#\/schema\/logo\/image\/\",\"url\":\"https:\/\/www.daisho.be\/wp-content\/uploads\/2019\/07\/color-nothing-horizontale4x-e1564486100247.png\",\"contentUrl\":\"https:\/\/www.daisho.be\/wp-content\/uploads\/2019\/07\/color-nothing-horizontale4x-e1564486100247.png\",\"width\":1547,\"height\":385,\"caption\":\"Daisho\"},\"image\":{\"@id\":\"https:\/\/www.daisho.be\/de\/#\/schema\/logo\/image\/\"}}]}<\/script>\n<!-- \/ Yoast SEO plugin. -->","yoast_head_json":{"title":"KARATEGI TOKAIDO SET KUMITE MASTER \"JUNIOR\" - WKF &#8211; Daisho","description":"Karategi Tokaido Kumite Master Junior WKF, leicht & robust f\u00fcr junge Wettk\u00e4mpfer. Finden Sie ihn auf Daisho.be | Daisho","robots":{"index":"index","follow":"follow","max-snippet":"max-snippet:-1","max-image-preview":"max-image-preview:large","max-video-preview":"max-video-preview:-1"},"canonical":"https:\/\/www.daisho.be\/de\/produit\/karategi-tokaido-set-kumite-master-junior-wkf\/","og_locale":"de_DE","og_type":"article","og_title":"KARATEGI TOKAIDO SET KUMITE MASTER \"JUNIOR\" - WKF &#8211; Daisho","og_description":"Karategi Tokaido Kumite Master Junior WKF, leicht & robust f\u00fcr junge Wettk\u00e4mpfer. Finden Sie ihn auf Daisho.be | Daisho","og_url":"https:\/\/www.daisho.be\/de\/produit\/karategi-tokaido-set-kumite-master-junior-wkf\/","og_site_name":"Daisho","article_modified_time":"2026-01-26T12:47:19+00:00","og_image":[{"width":800,"height":1280,"url":"https:\/\/www.daisho.be\/wp-content\/uploads\/2025\/09\/image-8.jpg","type":"image\/jpeg"}],"twitter_card":"summary_large_image","twitter_misc":{"Gesch\u00e4tzte Lesezeit":"1\u00a0Minute"},"schema":{"@context":"https:\/\/schema.org","@graph":[{"@type":"WebPage","@id":"https:\/\/www.daisho.be\/de\/produit\/karategi-tokaido-set-kumite-master-junior-wkf\/","url":"https:\/\/www.daisho.be\/de\/produit\/karategi-tokaido-set-kumite-master-junior-wkf\/","name":"KARATEGI TOKAIDO SET KUMITE MASTER \"JUNIOR\" - WKF &#8211; Daisho","isPartOf":{"@id":"https:\/\/www.daisho.be\/de\/#website"},"primaryImageOfPage":{"@id":"https:\/\/www.daisho.be\/de\/produit\/karategi-tokaido-set-kumite-master-junior-wkf\/#primaryimage"},"image":{"@id":"https:\/\/www.daisho.be\/de\/produit\/karategi-tokaido-set-kumite-master-junior-wkf\/#primaryimage"},"thumbnailUrl":"https:\/\/www.daisho.be\/wp-content\/uploads\/2025\/09\/image-8.jpg","datePublished":"2025-09-22T10:17:07+00:00","dateModified":"2026-01-26T12:47:19+00:00","description":"Karategi Tokaido Kumite Master Junior WKF, leicht & robust f\u00fcr junge Wettk\u00e4mpfer. Finden Sie ihn auf Daisho.be | Daisho","breadcrumb":{"@id":"https:\/\/www.daisho.be\/de\/produit\/karategi-tokaido-set-kumite-master-junior-wkf\/#breadcrumb"},"inLanguage":"de","potentialAction":[{"@type":"ReadAction","target":["https:\/\/www.daisho.be\/de\/produit\/karategi-tokaido-set-kumite-master-junior-wkf\/"]}]},{"@type":"ImageObject","inLanguage":"de","@id":"https:\/\/www.daisho.be\/de\/produit\/karategi-tokaido-set-kumite-master-junior-wkf\/#primaryimage","url":"https:\/\/www.daisho.be\/wp-content\/uploads\/2025\/09\/image-8.jpg","contentUrl":"https:\/\/www.daisho.be\/wp-content\/uploads\/2025\/09\/image-8.jpg","width":800,"height":1280,"caption":"KARATEGI TOKAIDO SET KUMITE MASTER \"JUNIOR\" - WKF-1"},{"@type":"BreadcrumbList","@id":"https:\/\/www.daisho.be\/de\/produit\/karategi-tokaido-set-kumite-master-junior-wkf\/#breadcrumb","itemListElement":[{"@type":"ListItem","position":1,"name":"Accueil","item":"https:\/\/www.daisho.be\/de\/"},{"@type":"ListItem","position":2,"name":"Produkte","item":"https:\/\/www.daisho.be\/de\/produkte\/"},{"@type":"ListItem","position":3,"name":"Ausr\u00fcstung und Kleidung f\u00fcr Kampfkunst und Kampfsport","item":"https:\/\/www.daisho.be\/de\/categorie-produit\/ausrustung-und-kleidung-fur-kampfkunst-und-kampfsport\/"},{"@type":"ListItem","position":4,"name":"Karate","item":"https:\/\/www.daisho.be\/de\/categorie-produit\/ausrustung-und-kleidung-fur-kampfkunst-und-kampfsport\/karate-de-2\/"},{"@type":"ListItem","position":5,"name":"Karate-Kimonos","item":"https:\/\/www.daisho.be\/de\/categorie-produit\/ausrustung-und-kleidung-fur-kampfkunst-und-kampfsport\/karate-de-2\/karate-kimonos-de\/"},{"@type":"ListItem","position":6,"name":"KARATEGI TOKAIDO SET KUMITE MASTER &#8222;JUNIOR&#8220; &#8211; WKF"}]},{"@type":"WebSite","@id":"https:\/\/www.daisho.be\/de\/#website","url":"https:\/\/www.daisho.be\/de\/","name":"Daisho","description":"Sp&eacute;cialiste de l'&eacute;quipement sportif d'arts martiaux","publisher":{"@id":"https:\/\/www.daisho.be\/de\/#organization"},"potentialAction":[{"@type":"SearchAction","target":{"@type":"EntryPoint","urlTemplate":"https:\/\/www.daisho.be\/de\/?s={search_term_string}"},"query-input":{"@type":"PropertyValueSpecification","valueRequired":true,"valueName":"search_term_string"}}],"inLanguage":"de"},{"@type":"Organization","@id":"https:\/\/www.daisho.be\/de\/#organization","name":"Daisho","url":"https:\/\/www.daisho.be\/de\/","logo":{"@type":"ImageObject","inLanguage":"de","@id":"https:\/\/www.daisho.be\/de\/#\/schema\/logo\/image\/","url":"https:\/\/www.daisho.be\/wp-content\/uploads\/2019\/07\/color-nothing-horizontale4x-e1564486100247.png","contentUrl":"https:\/\/www.daisho.be\/wp-content\/uploads\/2019\/07\/color-nothing-horizontale4x-e1564486100247.png","width":1547,"height":385,"caption":"Daisho"},"image":{"@id":"https:\/\/www.daisho.be\/de\/#\/schema\/logo\/image\/"}}]}},"_links":{"self":[{"href":"https:\/\/www.daisho.be\/de\/wp-json\/wp\/v2\/product\/562369","targetHints":{"allow":["GET"]}}],"collection":[{"href":"https:\/\/www.daisho.be\/de\/wp-json\/wp\/v2\/product"}],"about":[{"href":"https:\/\/www.daisho.be\/de\/wp-json\/wp\/v2\/types\/product"}],"replies":[{"embeddable":true,"href":"https:\/\/www.daisho.be\/de\/wp-json\/wp\/v2\/comments?post=562369"}],"wp:featuredmedia":[{"embeddable":true,"href":"https:\/\/www.daisho.be\/de\/wp-json\/wp\/v2\/media\/555605"}],"wp:attachment":[{"href":"https:\/\/www.daisho.be\/de\/wp-json\/wp\/v2\/media?parent=562369"}],"wp:term":[{"taxonomy":"product_brand","embeddable":true,"href":"https:\/\/www.daisho.be\/de\/wp-json\/wp\/v2\/product_brand?post=562369"},{"taxonomy":"product_cat","embeddable":true,"href":"https:\/\/www.daisho.be\/de\/wp-json\/wp\/v2\/product_cat?post=562369"},{"taxonomy":"product_tag","embeddable":true,"href":"https:\/\/www.daisho.be\/de\/wp-json\/wp\/v2\/product_tag?post=562369"},{"taxonomy":"sport","embeddable":true,"href":"https:\/\/www.daisho.be\/de\/wp-json\/wp\/v2\/sport?post=562369"}],"curies":[{"name":"wp","href":"https:\/\/api.w.org\/{rel}","templated":true}]}}