{"id":562276,"date":"2025-03-19T16:48:24","date_gmt":"2025-03-19T15:48:24","guid":{"rendered":"https:\/\/www.daisho.be\/produit\/pump-kit-20kg\/"},"modified":"2025-03-19T16:48:24","modified_gmt":"2025-03-19T15:48:24","slug":"pump-kit-20kg","status":"publish","type":"product","link":"https:\/\/www.daisho.be\/de\/produit\/pump-kit-20kg\/","title":{"rendered":"Pump Kit 20kg"},"content":{"rendered":"<p>Unser 20kg Pump Kit enth\u00e4lt drei Scheibenpaare (1,25kg, 2,5kg und 5kg), eine Stange und zwei Scheibenstopper.<br \/>\nDieses Pump Kit ist perfekt f\u00fcr Ihr Pump Training.<br \/>\nDie im Kit enthaltenen Scheiben sind aus Stahl, mit Gummi \u00fcberzogen und sto\u00dffest. Sie sind mit Stangen mit einem Durchmesser von 28 mm kompatibel.<br \/>\nDie Pumpstange ist 130 cm lang. Sie ist mit Gummi \u00fcberzogen, um ihr mehr Komfort zu verleihen. Die Stange ist mit Scheiben von \u00f828 mm kompatibel.<br \/>\nMit diesem Set k\u00f6nnen Sie alle Arten von \u00dcbungen durchf\u00fchren: Kniebeugen, Ausfallschritte, Hip-Thrust, Kreuzheben, Bizeps-Curl usw.  <\/p>\n","protected":false},"excerpt":{"rendered":"<p>Unser 20kg Pump Kit enth\u00e4lt drei Scheibenpaare (1,25kg, 2,5kg und 5kg), eine Stange und zwei Scheibenstopper. Dieses Pump Kit ist perfekt f\u00fcr Ihr Pump Training. Die im Kit enthaltenen Scheiben sind aus Stahl, mit Gummi \u00fcberzogen und sto\u00dffest. Sie sind mit Stangen mit einem Durchmesser von 28 mm kompatibel. Die Pumpstange ist 130 cm lang. [&hellip;]<\/p>\n","protected":false},"featured_media":509481,"comment_status":"open","ping_status":"closed","template":"","meta":{"inline_featured_image":false},"product_brand":[],"product_cat":[2054],"product_tag":[2225],"sport":[],"class_list":{"0":"post-562276","1":"product","2":"type-product","3":"status-publish","4":"has-post-thumbnail","6":"product_cat-trainingsmaterial","7":"product_tag-sveltus-de","8":"pa_size-sans-taille-defaut","10":"first","11":"instock","12":"taxable","13":"shipping-taxable","14":"purchasable","15":"product-type-simple"},"yoast_head":"<!-- This site is optimized with the Yoast SEO plugin v27.2 - https:\/\/yoast.com\/product\/yoast-seo-wordpress\/ -->\n<title>Pump Kit 20kg &#8211; Daisho<\/title>\n<meta name=\"robots\" content=\"index, follow, max-snippet:-1, max-image-preview:large, max-video-preview:-1\" \/>\n<link rel=\"canonical\" href=\"https:\/\/www.daisho.be\/de\/produit\/pump-kit-20kg\/\" \/>\n<meta property=\"og:locale\" content=\"de_DE\" \/>\n<meta property=\"og:type\" content=\"article\" \/>\n<meta property=\"og:title\" content=\"Pump Kit 20kg &#8211; Daisho\" \/>\n<meta property=\"og:description\" content=\"Unser 20kg Pump Kit enth\u00e4lt drei Scheibenpaare (1,25kg, 2,5kg und 5kg), eine Stange und zwei Scheibenstopper. Dieses Pump Kit ist perfekt f\u00fcr Ihr Pump Training. Die im Kit enthaltenen Scheiben sind aus Stahl, mit Gummi \u00fcberzogen und sto\u00dffest. Sie sind mit Stangen mit einem Durchmesser von 28 mm kompatibel. Die Pumpstange ist 130 cm lang. [&hellip;]\" \/>\n<meta property=\"og:url\" content=\"https:\/\/www.daisho.be\/de\/produit\/pump-kit-20kg\/\" \/>\n<meta property=\"og:site_name\" content=\"Daisho\" \/>\n<meta property=\"og:image\" content=\"https:\/\/www.daisho.be\/wp-content\/uploads\/2025\/03\/image-35.jpg\" \/>\n\t<meta property=\"og:image:width\" content=\"1200\" \/>\n\t<meta property=\"og:image:height\" content=\"1372\" \/>\n\t<meta property=\"og:image:type\" content=\"image\/jpeg\" \/>\n<meta name=\"twitter:card\" content=\"summary_large_image\" \/>\n<script type=\"application\/ld+json\" class=\"yoast-schema-graph\">{\"@context\":\"https:\/\/schema.org\",\"@graph\":[{\"@type\":\"WebPage\",\"@id\":\"https:\/\/www.daisho.be\/de\/produit\/pump-kit-20kg\/\",\"url\":\"https:\/\/www.daisho.be\/de\/produit\/pump-kit-20kg\/\",\"name\":\"Pump Kit 20kg &#8211; Daisho\",\"isPartOf\":{\"@id\":\"https:\/\/www.daisho.be\/de\/#website\"},\"primaryImageOfPage\":{\"@id\":\"https:\/\/www.daisho.be\/de\/produit\/pump-kit-20kg\/#primaryimage\"},\"image\":{\"@id\":\"https:\/\/www.daisho.be\/de\/produit\/pump-kit-20kg\/#primaryimage\"},\"thumbnailUrl\":\"https:\/\/www.daisho.be\/wp-content\/uploads\/2025\/03\/image-35.jpg\",\"datePublished\":\"2025-03-19T15:48:24+00:00\",\"breadcrumb\":{\"@id\":\"https:\/\/www.daisho.be\/de\/produit\/pump-kit-20kg\/#breadcrumb\"},\"inLanguage\":\"de\",\"potentialAction\":[{\"@type\":\"ReadAction\",\"target\":[\"https:\/\/www.daisho.be\/de\/produit\/pump-kit-20kg\/\"]}]},{\"@type\":\"ImageObject\",\"inLanguage\":\"de\",\"@id\":\"https:\/\/www.daisho.be\/de\/produit\/pump-kit-20kg\/#primaryimage\",\"url\":\"https:\/\/www.daisho.be\/wp-content\/uploads\/2025\/03\/image-35.jpg\",\"contentUrl\":\"https:\/\/www.daisho.be\/wp-content\/uploads\/2025\/03\/image-35.jpg\",\"width\":1200,\"height\":1372,\"caption\":\"Kit Pump 20kg-1\"},{\"@type\":\"BreadcrumbList\",\"@id\":\"https:\/\/www.daisho.be\/de\/produit\/pump-kit-20kg\/#breadcrumb\",\"itemListElement\":[{\"@type\":\"ListItem\",\"position\":1,\"name\":\"Accueil\",\"item\":\"https:\/\/www.daisho.be\/de\/\"},{\"@type\":\"ListItem\",\"position\":2,\"name\":\"Produkte\",\"item\":\"https:\/\/www.daisho.be\/de\/produkte\/\"},{\"@type\":\"ListItem\",\"position\":3,\"name\":\"Kampfsportarten\",\"item\":\"https:\/\/www.daisho.be\/de\/categorie-produit\/kampfsportarten\/\"},{\"@type\":\"ListItem\",\"position\":4,\"name\":\"Trainingsmaterial\",\"item\":\"https:\/\/www.daisho.be\/de\/categorie-produit\/kampfsportarten\/trainingsmaterial\/\"},{\"@type\":\"ListItem\",\"position\":5,\"name\":\"Pump Kit 20kg\"}]},{\"@type\":\"WebSite\",\"@id\":\"https:\/\/www.daisho.be\/de\/#website\",\"url\":\"https:\/\/www.daisho.be\/de\/\",\"name\":\"Daisho\",\"description\":\"Sp&eacute;cialiste de l'&eacute;quipement sportif d'arts martiaux\",\"publisher\":{\"@id\":\"https:\/\/www.daisho.be\/de\/#organization\"},\"potentialAction\":[{\"@type\":\"SearchAction\",\"target\":{\"@type\":\"EntryPoint\",\"urlTemplate\":\"https:\/\/www.daisho.be\/de\/?s={search_term_string}\"},\"query-input\":{\"@type\":\"PropertyValueSpecification\",\"valueRequired\":true,\"valueName\":\"search_term_string\"}}],\"inLanguage\":\"de\"},{\"@type\":\"Organization\",\"@id\":\"https:\/\/www.daisho.be\/de\/#organization\",\"name\":\"Daisho\",\"url\":\"https:\/\/www.daisho.be\/de\/\",\"logo\":{\"@type\":\"ImageObject\",\"inLanguage\":\"de\",\"@id\":\"https:\/\/www.daisho.be\/de\/#\/schema\/logo\/image\/\",\"url\":\"https:\/\/www.daisho.be\/wp-content\/uploads\/2019\/07\/color-nothing-horizontale4x-e1564486100247.png\",\"contentUrl\":\"https:\/\/www.daisho.be\/wp-content\/uploads\/2019\/07\/color-nothing-horizontale4x-e1564486100247.png\",\"width\":1547,\"height\":385,\"caption\":\"Daisho\"},\"image\":{\"@id\":\"https:\/\/www.daisho.be\/de\/#\/schema\/logo\/image\/\"}}]}<\/script>\n<!-- \/ Yoast SEO plugin. -->","yoast_head_json":{"title":"Pump Kit 20kg &#8211; Daisho","robots":{"index":"index","follow":"follow","max-snippet":"max-snippet:-1","max-image-preview":"max-image-preview:large","max-video-preview":"max-video-preview:-1"},"canonical":"https:\/\/www.daisho.be\/de\/produit\/pump-kit-20kg\/","og_locale":"de_DE","og_type":"article","og_title":"Pump Kit 20kg &#8211; Daisho","og_description":"Unser 20kg Pump Kit enth\u00e4lt drei Scheibenpaare (1,25kg, 2,5kg und 5kg), eine Stange und zwei Scheibenstopper. Dieses Pump Kit ist perfekt f\u00fcr Ihr Pump Training. Die im Kit enthaltenen Scheiben sind aus Stahl, mit Gummi \u00fcberzogen und sto\u00dffest. Sie sind mit Stangen mit einem Durchmesser von 28 mm kompatibel. Die Pumpstange ist 130 cm lang. [&hellip;]","og_url":"https:\/\/www.daisho.be\/de\/produit\/pump-kit-20kg\/","og_site_name":"Daisho","og_image":[{"width":1200,"height":1372,"url":"https:\/\/www.daisho.be\/wp-content\/uploads\/2025\/03\/image-35.jpg","type":"image\/jpeg"}],"twitter_card":"summary_large_image","schema":{"@context":"https:\/\/schema.org","@graph":[{"@type":"WebPage","@id":"https:\/\/www.daisho.be\/de\/produit\/pump-kit-20kg\/","url":"https:\/\/www.daisho.be\/de\/produit\/pump-kit-20kg\/","name":"Pump Kit 20kg &#8211; Daisho","isPartOf":{"@id":"https:\/\/www.daisho.be\/de\/#website"},"primaryImageOfPage":{"@id":"https:\/\/www.daisho.be\/de\/produit\/pump-kit-20kg\/#primaryimage"},"image":{"@id":"https:\/\/www.daisho.be\/de\/produit\/pump-kit-20kg\/#primaryimage"},"thumbnailUrl":"https:\/\/www.daisho.be\/wp-content\/uploads\/2025\/03\/image-35.jpg","datePublished":"2025-03-19T15:48:24+00:00","breadcrumb":{"@id":"https:\/\/www.daisho.be\/de\/produit\/pump-kit-20kg\/#breadcrumb"},"inLanguage":"de","potentialAction":[{"@type":"ReadAction","target":["https:\/\/www.daisho.be\/de\/produit\/pump-kit-20kg\/"]}]},{"@type":"ImageObject","inLanguage":"de","@id":"https:\/\/www.daisho.be\/de\/produit\/pump-kit-20kg\/#primaryimage","url":"https:\/\/www.daisho.be\/wp-content\/uploads\/2025\/03\/image-35.jpg","contentUrl":"https:\/\/www.daisho.be\/wp-content\/uploads\/2025\/03\/image-35.jpg","width":1200,"height":1372,"caption":"Kit Pump 20kg-1"},{"@type":"BreadcrumbList","@id":"https:\/\/www.daisho.be\/de\/produit\/pump-kit-20kg\/#breadcrumb","itemListElement":[{"@type":"ListItem","position":1,"name":"Accueil","item":"https:\/\/www.daisho.be\/de\/"},{"@type":"ListItem","position":2,"name":"Produkte","item":"https:\/\/www.daisho.be\/de\/produkte\/"},{"@type":"ListItem","position":3,"name":"Kampfsportarten","item":"https:\/\/www.daisho.be\/de\/categorie-produit\/kampfsportarten\/"},{"@type":"ListItem","position":4,"name":"Trainingsmaterial","item":"https:\/\/www.daisho.be\/de\/categorie-produit\/kampfsportarten\/trainingsmaterial\/"},{"@type":"ListItem","position":5,"name":"Pump Kit 20kg"}]},{"@type":"WebSite","@id":"https:\/\/www.daisho.be\/de\/#website","url":"https:\/\/www.daisho.be\/de\/","name":"Daisho","description":"Sp&eacute;cialiste de l'&eacute;quipement sportif d'arts martiaux","publisher":{"@id":"https:\/\/www.daisho.be\/de\/#organization"},"potentialAction":[{"@type":"SearchAction","target":{"@type":"EntryPoint","urlTemplate":"https:\/\/www.daisho.be\/de\/?s={search_term_string}"},"query-input":{"@type":"PropertyValueSpecification","valueRequired":true,"valueName":"search_term_string"}}],"inLanguage":"de"},{"@type":"Organization","@id":"https:\/\/www.daisho.be\/de\/#organization","name":"Daisho","url":"https:\/\/www.daisho.be\/de\/","logo":{"@type":"ImageObject","inLanguage":"de","@id":"https:\/\/www.daisho.be\/de\/#\/schema\/logo\/image\/","url":"https:\/\/www.daisho.be\/wp-content\/uploads\/2019\/07\/color-nothing-horizontale4x-e1564486100247.png","contentUrl":"https:\/\/www.daisho.be\/wp-content\/uploads\/2019\/07\/color-nothing-horizontale4x-e1564486100247.png","width":1547,"height":385,"caption":"Daisho"},"image":{"@id":"https:\/\/www.daisho.be\/de\/#\/schema\/logo\/image\/"}}]}},"_links":{"self":[{"href":"https:\/\/www.daisho.be\/de\/wp-json\/wp\/v2\/product\/562276","targetHints":{"allow":["GET"]}}],"collection":[{"href":"https:\/\/www.daisho.be\/de\/wp-json\/wp\/v2\/product"}],"about":[{"href":"https:\/\/www.daisho.be\/de\/wp-json\/wp\/v2\/types\/product"}],"replies":[{"embeddable":true,"href":"https:\/\/www.daisho.be\/de\/wp-json\/wp\/v2\/comments?post=562276"}],"wp:featuredmedia":[{"embeddable":true,"href":"https:\/\/www.daisho.be\/de\/wp-json\/wp\/v2\/media\/509481"}],"wp:attachment":[{"href":"https:\/\/www.daisho.be\/de\/wp-json\/wp\/v2\/media?parent=562276"}],"wp:term":[{"taxonomy":"product_brand","embeddable":true,"href":"https:\/\/www.daisho.be\/de\/wp-json\/wp\/v2\/product_brand?post=562276"},{"taxonomy":"product_cat","embeddable":true,"href":"https:\/\/www.daisho.be\/de\/wp-json\/wp\/v2\/product_cat?post=562276"},{"taxonomy":"product_tag","embeddable":true,"href":"https:\/\/www.daisho.be\/de\/wp-json\/wp\/v2\/product_tag?post=562276"},{"taxonomy":"sport","embeddable":true,"href":"https:\/\/www.daisho.be\/de\/wp-json\/wp\/v2\/sport?post=562276"}],"curies":[{"name":"wp","href":"https:\/\/api.w.org\/{rel}","templated":true}]}}