{"id":562245,"date":"2025-04-03T13:52:40","date_gmt":"2025-04-03T11:52:40","guid":{"rendered":"https:\/\/www.daisho.be\/produit\/victory-sports-deluxe-standboxsack\/"},"modified":"2025-11-19T11:54:38","modified_gmt":"2025-11-19T10:54:38","slug":"victory-sports-deluxe-standboxsack","status":"publish","type":"product","link":"https:\/\/www.daisho.be\/de\/produit\/victory-sports-deluxe-standboxsack\/","title":{"rendered":"Victory Sports Deluxe Standboxsack"},"content":{"rendered":"<p>Dieser super luxuri\u00f6se Standboxsack von Victory Sports ist wirklich alles, was Sie suchen! Ideal f\u00fcr Kicks, High- und Lowkicks und Faustschl\u00e4ge f\u00fcr alle Niveaus!<br \/>\nTechnische Merkmale :<br \/>\n&#8211; H\u00f6he des Fu\u00dfes: 40 cm ;<br \/>\n&#8211; Durchmesser des Fu\u00dfes: 55 cm ;<br \/>\n&#8211; H\u00f6he des Pfostens: 140 cm ;<br \/>\n&#8211; Durchmesser des Mastes: 37 cm ;<br \/>\n&#8211; Gesamth\u00f6he: 185 cm ;<br \/>\n&#8211; Farbe: Schwarz, mit Victory Sport Logo;<br \/>\n&#8211; 140 cm Schlagfl\u00e4che mit einem Durchmesser von 37 cm;<br \/>\n&#8211; Sehr robust und langlebig;<br \/>\n&#8211; Geeignet f\u00fcr jeden Kampfsportler oder als Kardio-Training;<br \/>\n&#8211; Bleibt stabil durch das hohe Gewicht der Basis, wenn sie bef\u00fcllt ist.<\/p>\n<p>Dieser Standboxsack besteht aus einer harten Kunststoffbasis, die mit Kies oder Sand gef\u00fcllt werden muss. Diese Basis ist w\u00e4hrend des Trainings sehr stabil. Der Teil, den Sie schlagen und treten k\u00f6nnen, ist aus sehr strapazierf\u00e4higem Kunstleder gefertigt, was den Standboxsack extrem haltbar macht. Das Innere besteht aus mehreren Schichten Polyethylenschaum. Dieser Schaumstoff ist sehr flexibel, was bedeutet, dass er immer wieder ohne Dellen zur\u00fcckkommt.<br \/>\nDieser Standboxsack von Victory Sports ist aufgrund seiner gro\u00dfen Aufprallfl\u00e4che fantastisch zu benutzen. Der Bereich, in dem Sie perfekt Ihre hohen Tritte, niedrigen Tritte und Schl\u00e4ge trainieren k\u00f6nnen, ist nicht weniger als 140 cm lang und hat einen Durchmesser von 37 cm, was den Standboxsack breiter als normal macht. Die Basis ist ca. 40 cm hoch, so dass der Standboxsack eine Gesamth\u00f6he von 185 cm hat. Die Basis hat einen Durchmesser von 55 cm.<br \/>\nDer Boxsack ist f\u00fcr alle geeignet, die Kampfsportarten aus\u00fcben oder einfach nur ihre Fitness trainieren m\u00f6chten. Der Victory Sports Standing Boxsack eignet sich f\u00fcr alle Kampfsportarten, bei denen Schl\u00e4ge und Tritte erforderlich sind.        <\/p>\n","protected":false},"excerpt":{"rendered":"<p>Dieser super luxuri\u00f6se Standboxsack von Victory Sports ist wirklich alles, was Sie suchen! Ideal f\u00fcr Kicks, High- und Lowkicks und Faustschl\u00e4ge f\u00fcr alle Niveaus! Technische Merkmale : &#8211; H\u00f6he des Fu\u00dfes: 40 cm ; &#8211; Durchmesser des Fu\u00dfes: 55 cm ; &#8211; H\u00f6he des Pfostens: 140 cm ; &#8211; Durchmesser des Mastes: 37 cm ; [&hellip;]<\/p>\n","protected":false},"featured_media":511397,"comment_status":"open","ping_status":"closed","template":"","meta":{"inline_featured_image":false},"product_brand":[],"product_cat":[2132,2134,2055,2056],"product_tag":[2554,2268],"sport":[],"class_list":{"0":"post-562245","1":"product","2":"type-product","3":"status-publish","4":"has-post-thumbnail","6":"product_cat-boxsacke","7":"product_cat-boxsacke-de","8":"product_cat-karate-trainingsmaterial","9":"product_cat-kick-boxing-trainingsmaterial","10":"product_tag-kostenvoranschlag","11":"product_tag-victory-sports-de","12":"pa_size-sans-taille-defaut","14":"first","15":"instock","16":"taxable","17":"shipping-taxable","18":"purchasable","19":"product-type-variable"},"yoast_head":"<!-- This site is optimized with the Yoast SEO plugin v27.2 - https:\/\/yoast.com\/product\/yoast-seo-wordpress\/ -->\n<title>Victory Sports Deluxe Standboxsack &#8211; Daisho<\/title>\n<meta name=\"robots\" content=\"index, follow, max-snippet:-1, max-image-preview:large, max-video-preview:-1\" \/>\n<link rel=\"canonical\" href=\"https:\/\/www.daisho.be\/de\/produit\/victory-sports-deluxe-standboxsack\/\" \/>\n<meta property=\"og:locale\" content=\"de_DE\" \/>\n<meta property=\"og:type\" content=\"article\" \/>\n<meta property=\"og:title\" content=\"Victory Sports Deluxe Standboxsack &#8211; Daisho\" \/>\n<meta property=\"og:description\" content=\"Dieser super luxuri\u00f6se Standboxsack von Victory Sports ist wirklich alles, was Sie suchen! Ideal f\u00fcr Kicks, High- und Lowkicks und Faustschl\u00e4ge f\u00fcr alle Niveaus! Technische Merkmale : &#8211; H\u00f6he des Fu\u00dfes: 40 cm ; &#8211; Durchmesser des Fu\u00dfes: 55 cm ; &#8211; H\u00f6he des Pfostens: 140 cm ; &#8211; Durchmesser des Mastes: 37 cm ; [&hellip;]\" \/>\n<meta property=\"og:url\" content=\"https:\/\/www.daisho.be\/de\/produit\/victory-sports-deluxe-standboxsack\/\" \/>\n<meta property=\"og:site_name\" content=\"Daisho\" \/>\n<meta property=\"article:modified_time\" content=\"2025-11-19T10:54:38+00:00\" \/>\n<meta property=\"og:image\" content=\"https:\/\/www.daisho.be\/wp-content\/uploads\/2025\/04\/image-1.jpg\" \/>\n\t<meta property=\"og:image:width\" content=\"800\" \/>\n\t<meta property=\"og:image:height\" content=\"800\" \/>\n\t<meta property=\"og:image:type\" content=\"image\/jpeg\" \/>\n<meta name=\"twitter:card\" content=\"summary_large_image\" \/>\n<meta name=\"twitter:label1\" content=\"Gesch\u00e4tzte Lesezeit\" \/>\n\t<meta name=\"twitter:data1\" content=\"1\u00a0Minute\" \/>\n<script type=\"application\/ld+json\" class=\"yoast-schema-graph\">{\"@context\":\"https:\/\/schema.org\",\"@graph\":[{\"@type\":\"WebPage\",\"@id\":\"https:\/\/www.daisho.be\/de\/produit\/victory-sports-deluxe-standboxsack\/\",\"url\":\"https:\/\/www.daisho.be\/de\/produit\/victory-sports-deluxe-standboxsack\/\",\"name\":\"Victory Sports Deluxe Standboxsack &#8211; Daisho\",\"isPartOf\":{\"@id\":\"https:\/\/www.daisho.be\/de\/#website\"},\"primaryImageOfPage\":{\"@id\":\"https:\/\/www.daisho.be\/de\/produit\/victory-sports-deluxe-standboxsack\/#primaryimage\"},\"image\":{\"@id\":\"https:\/\/www.daisho.be\/de\/produit\/victory-sports-deluxe-standboxsack\/#primaryimage\"},\"thumbnailUrl\":\"https:\/\/www.daisho.be\/wp-content\/uploads\/2025\/04\/image-1.jpg\",\"datePublished\":\"2025-04-03T11:52:40+00:00\",\"dateModified\":\"2025-11-19T10:54:38+00:00\",\"breadcrumb\":{\"@id\":\"https:\/\/www.daisho.be\/de\/produit\/victory-sports-deluxe-standboxsack\/#breadcrumb\"},\"inLanguage\":\"de\",\"potentialAction\":[{\"@type\":\"ReadAction\",\"target\":[\"https:\/\/www.daisho.be\/de\/produit\/victory-sports-deluxe-standboxsack\/\"]}]},{\"@type\":\"ImageObject\",\"inLanguage\":\"de\",\"@id\":\"https:\/\/www.daisho.be\/de\/produit\/victory-sports-deluxe-standboxsack\/#primaryimage\",\"url\":\"https:\/\/www.daisho.be\/wp-content\/uploads\/2025\/04\/image-1.jpg\",\"contentUrl\":\"https:\/\/www.daisho.be\/wp-content\/uploads\/2025\/04\/image-1.jpg\",\"width\":800,\"height\":800,\"caption\":\"Deluxe Standboxsack Victory Sports-1\"},{\"@type\":\"BreadcrumbList\",\"@id\":\"https:\/\/www.daisho.be\/de\/produit\/victory-sports-deluxe-standboxsack\/#breadcrumb\",\"itemListElement\":[{\"@type\":\"ListItem\",\"position\":1,\"name\":\"Accueil\",\"item\":\"https:\/\/www.daisho.be\/de\/\"},{\"@type\":\"ListItem\",\"position\":2,\"name\":\"Produkte\",\"item\":\"https:\/\/www.daisho.be\/de\/produkte\/\"},{\"@type\":\"ListItem\",\"position\":3,\"name\":\"Ausr\u00fcstung und Kleidung f\u00fcr Kampfkunst und Kampfsport\",\"item\":\"https:\/\/www.daisho.be\/de\/categorie-produit\/ausrustung-und-kleidung-fur-kampfkunst-und-kampfsport\/\"},{\"@type\":\"ListItem\",\"position\":4,\"name\":\"Boxen\",\"item\":\"https:\/\/www.daisho.be\/de\/categorie-produit\/ausrustung-und-kleidung-fur-kampfkunst-und-kampfsport\/boxen-de\/\"},{\"@type\":\"ListItem\",\"position\":5,\"name\":\"Boxs\u00e4cke\",\"item\":\"https:\/\/www.daisho.be\/de\/categorie-produit\/ausrustung-und-kleidung-fur-kampfkunst-und-kampfsport\/boxen-de\/boxsacke-de\/\"},{\"@type\":\"ListItem\",\"position\":6,\"name\":\"Victory Sports Deluxe Standboxsack\"}]},{\"@type\":\"WebSite\",\"@id\":\"https:\/\/www.daisho.be\/de\/#website\",\"url\":\"https:\/\/www.daisho.be\/de\/\",\"name\":\"Daisho\",\"description\":\"Sp&eacute;cialiste de l'&eacute;quipement sportif d'arts martiaux\",\"publisher\":{\"@id\":\"https:\/\/www.daisho.be\/de\/#organization\"},\"potentialAction\":[{\"@type\":\"SearchAction\",\"target\":{\"@type\":\"EntryPoint\",\"urlTemplate\":\"https:\/\/www.daisho.be\/de\/?s={search_term_string}\"},\"query-input\":{\"@type\":\"PropertyValueSpecification\",\"valueRequired\":true,\"valueName\":\"search_term_string\"}}],\"inLanguage\":\"de\"},{\"@type\":\"Organization\",\"@id\":\"https:\/\/www.daisho.be\/de\/#organization\",\"name\":\"Daisho\",\"url\":\"https:\/\/www.daisho.be\/de\/\",\"logo\":{\"@type\":\"ImageObject\",\"inLanguage\":\"de\",\"@id\":\"https:\/\/www.daisho.be\/de\/#\/schema\/logo\/image\/\",\"url\":\"https:\/\/www.daisho.be\/wp-content\/uploads\/2019\/07\/color-nothing-horizontale4x-e1564486100247.png\",\"contentUrl\":\"https:\/\/www.daisho.be\/wp-content\/uploads\/2019\/07\/color-nothing-horizontale4x-e1564486100247.png\",\"width\":1547,\"height\":385,\"caption\":\"Daisho\"},\"image\":{\"@id\":\"https:\/\/www.daisho.be\/de\/#\/schema\/logo\/image\/\"}}]}<\/script>\n<!-- \/ Yoast SEO plugin. -->","yoast_head_json":{"title":"Victory Sports Deluxe Standboxsack &#8211; Daisho","robots":{"index":"index","follow":"follow","max-snippet":"max-snippet:-1","max-image-preview":"max-image-preview:large","max-video-preview":"max-video-preview:-1"},"canonical":"https:\/\/www.daisho.be\/de\/produit\/victory-sports-deluxe-standboxsack\/","og_locale":"de_DE","og_type":"article","og_title":"Victory Sports Deluxe Standboxsack &#8211; Daisho","og_description":"Dieser super luxuri\u00f6se Standboxsack von Victory Sports ist wirklich alles, was Sie suchen! Ideal f\u00fcr Kicks, High- und Lowkicks und Faustschl\u00e4ge f\u00fcr alle Niveaus! Technische Merkmale : &#8211; H\u00f6he des Fu\u00dfes: 40 cm ; &#8211; Durchmesser des Fu\u00dfes: 55 cm ; &#8211; H\u00f6he des Pfostens: 140 cm ; &#8211; Durchmesser des Mastes: 37 cm ; [&hellip;]","og_url":"https:\/\/www.daisho.be\/de\/produit\/victory-sports-deluxe-standboxsack\/","og_site_name":"Daisho","article_modified_time":"2025-11-19T10:54:38+00:00","og_image":[{"width":800,"height":800,"url":"https:\/\/www.daisho.be\/wp-content\/uploads\/2025\/04\/image-1.jpg","type":"image\/jpeg"}],"twitter_card":"summary_large_image","twitter_misc":{"Gesch\u00e4tzte Lesezeit":"1\u00a0Minute"},"schema":{"@context":"https:\/\/schema.org","@graph":[{"@type":"WebPage","@id":"https:\/\/www.daisho.be\/de\/produit\/victory-sports-deluxe-standboxsack\/","url":"https:\/\/www.daisho.be\/de\/produit\/victory-sports-deluxe-standboxsack\/","name":"Victory Sports Deluxe Standboxsack &#8211; Daisho","isPartOf":{"@id":"https:\/\/www.daisho.be\/de\/#website"},"primaryImageOfPage":{"@id":"https:\/\/www.daisho.be\/de\/produit\/victory-sports-deluxe-standboxsack\/#primaryimage"},"image":{"@id":"https:\/\/www.daisho.be\/de\/produit\/victory-sports-deluxe-standboxsack\/#primaryimage"},"thumbnailUrl":"https:\/\/www.daisho.be\/wp-content\/uploads\/2025\/04\/image-1.jpg","datePublished":"2025-04-03T11:52:40+00:00","dateModified":"2025-11-19T10:54:38+00:00","breadcrumb":{"@id":"https:\/\/www.daisho.be\/de\/produit\/victory-sports-deluxe-standboxsack\/#breadcrumb"},"inLanguage":"de","potentialAction":[{"@type":"ReadAction","target":["https:\/\/www.daisho.be\/de\/produit\/victory-sports-deluxe-standboxsack\/"]}]},{"@type":"ImageObject","inLanguage":"de","@id":"https:\/\/www.daisho.be\/de\/produit\/victory-sports-deluxe-standboxsack\/#primaryimage","url":"https:\/\/www.daisho.be\/wp-content\/uploads\/2025\/04\/image-1.jpg","contentUrl":"https:\/\/www.daisho.be\/wp-content\/uploads\/2025\/04\/image-1.jpg","width":800,"height":800,"caption":"Deluxe Standboxsack Victory Sports-1"},{"@type":"BreadcrumbList","@id":"https:\/\/www.daisho.be\/de\/produit\/victory-sports-deluxe-standboxsack\/#breadcrumb","itemListElement":[{"@type":"ListItem","position":1,"name":"Accueil","item":"https:\/\/www.daisho.be\/de\/"},{"@type":"ListItem","position":2,"name":"Produkte","item":"https:\/\/www.daisho.be\/de\/produkte\/"},{"@type":"ListItem","position":3,"name":"Ausr\u00fcstung und Kleidung f\u00fcr Kampfkunst und Kampfsport","item":"https:\/\/www.daisho.be\/de\/categorie-produit\/ausrustung-und-kleidung-fur-kampfkunst-und-kampfsport\/"},{"@type":"ListItem","position":4,"name":"Boxen","item":"https:\/\/www.daisho.be\/de\/categorie-produit\/ausrustung-und-kleidung-fur-kampfkunst-und-kampfsport\/boxen-de\/"},{"@type":"ListItem","position":5,"name":"Boxs\u00e4cke","item":"https:\/\/www.daisho.be\/de\/categorie-produit\/ausrustung-und-kleidung-fur-kampfkunst-und-kampfsport\/boxen-de\/boxsacke-de\/"},{"@type":"ListItem","position":6,"name":"Victory Sports Deluxe Standboxsack"}]},{"@type":"WebSite","@id":"https:\/\/www.daisho.be\/de\/#website","url":"https:\/\/www.daisho.be\/de\/","name":"Daisho","description":"Sp&eacute;cialiste de l'&eacute;quipement sportif d'arts martiaux","publisher":{"@id":"https:\/\/www.daisho.be\/de\/#organization"},"potentialAction":[{"@type":"SearchAction","target":{"@type":"EntryPoint","urlTemplate":"https:\/\/www.daisho.be\/de\/?s={search_term_string}"},"query-input":{"@type":"PropertyValueSpecification","valueRequired":true,"valueName":"search_term_string"}}],"inLanguage":"de"},{"@type":"Organization","@id":"https:\/\/www.daisho.be\/de\/#organization","name":"Daisho","url":"https:\/\/www.daisho.be\/de\/","logo":{"@type":"ImageObject","inLanguage":"de","@id":"https:\/\/www.daisho.be\/de\/#\/schema\/logo\/image\/","url":"https:\/\/www.daisho.be\/wp-content\/uploads\/2019\/07\/color-nothing-horizontale4x-e1564486100247.png","contentUrl":"https:\/\/www.daisho.be\/wp-content\/uploads\/2019\/07\/color-nothing-horizontale4x-e1564486100247.png","width":1547,"height":385,"caption":"Daisho"},"image":{"@id":"https:\/\/www.daisho.be\/de\/#\/schema\/logo\/image\/"}}]}},"_links":{"self":[{"href":"https:\/\/www.daisho.be\/de\/wp-json\/wp\/v2\/product\/562245","targetHints":{"allow":["GET"]}}],"collection":[{"href":"https:\/\/www.daisho.be\/de\/wp-json\/wp\/v2\/product"}],"about":[{"href":"https:\/\/www.daisho.be\/de\/wp-json\/wp\/v2\/types\/product"}],"replies":[{"embeddable":true,"href":"https:\/\/www.daisho.be\/de\/wp-json\/wp\/v2\/comments?post=562245"}],"wp:featuredmedia":[{"embeddable":true,"href":"https:\/\/www.daisho.be\/de\/wp-json\/wp\/v2\/media\/511397"}],"wp:attachment":[{"href":"https:\/\/www.daisho.be\/de\/wp-json\/wp\/v2\/media?parent=562245"}],"wp:term":[{"taxonomy":"product_brand","embeddable":true,"href":"https:\/\/www.daisho.be\/de\/wp-json\/wp\/v2\/product_brand?post=562245"},{"taxonomy":"product_cat","embeddable":true,"href":"https:\/\/www.daisho.be\/de\/wp-json\/wp\/v2\/product_cat?post=562245"},{"taxonomy":"product_tag","embeddable":true,"href":"https:\/\/www.daisho.be\/de\/wp-json\/wp\/v2\/product_tag?post=562245"},{"taxonomy":"sport","embeddable":true,"href":"https:\/\/www.daisho.be\/de\/wp-json\/wp\/v2\/sport?post=562245"}],"curies":[{"name":"wp","href":"https:\/\/api.w.org\/{rel}","templated":true}]}}