{"id":562192,"date":"2025-04-04T16:19:31","date_gmt":"2025-04-04T14:19:31","guid":{"rendered":"https:\/\/www.daisho.be\/produit\/tokaido-tsunami-rashguard\/"},"modified":"2025-04-04T16:19:31","modified_gmt":"2025-04-04T14:19:31","slug":"tokaido-tsunami-rashguard","status":"publish","type":"product","link":"https:\/\/www.daisho.be\/de\/produit\/tokaido-tsunami-rashguard\/","title":{"rendered":"TOKAIDO Tsunami Rashguard"},"content":{"rendered":"<p>Elastisches, eng anliegendes Kompressionsshirt mit langen \u00c4rmeln.<br \/>\nDas atmungsaktive Stretchmaterial umschlie\u00dft die Muskulatur und wirkt unterst\u00fctzend. Die Muskelvibrationen werden bei jeder Bewegung effektiv reduziert, ohne die Bewegungsfreiheit einzuschr\u00e4nken. Au\u00dferdem wird durch den angenehmen Druck die Blutzirkulation verbessert.<br \/>\nEin weiteres Highlight ist das traditionelle japanische Sublimationsdruckmotiv: Das Motiv ist direkt in den Stoff integriert und verblasst nicht beim Tragen, Waschen etc.<br \/>\nEigenschaften:<\/p>\n<p> Farbe: Schwarz<br \/>\n Material: 88% Polyester, 12% Spandex-Mesh<br \/>\n Passform: Slim Fit<br \/>\n Atmungsaktives und schnell trocknendes Material<br \/>\n Sehr rei\u00dffest<br \/>\n Hochwertiger Sublimationsdruck<br \/>\n Material: 88% Polyester, 12% Spandex<br \/>\n Ideal f\u00fcr alle Arten von Training.  <\/p>\n","protected":false},"excerpt":{"rendered":"<p>Elastisches, eng anliegendes Kompressionsshirt mit langen \u00c4rmeln. Das atmungsaktive Stretchmaterial umschlie\u00dft die Muskulatur und wirkt unterst\u00fctzend. Die Muskelvibrationen werden bei jeder Bewegung effektiv reduziert, ohne die Bewegungsfreiheit einzuschr\u00e4nken. Au\u00dferdem wird durch den angenehmen Druck die Blutzirkulation verbessert. Ein weiteres Highlight ist das traditionelle japanische Sublimationsdruckmotiv: Das Motiv ist direkt in den Stoff integriert und verblasst [&hellip;]<\/p>\n","protected":false},"featured_media":511929,"comment_status":"open","ping_status":"closed","template":"","meta":{"inline_featured_image":false},"product_brand":[],"product_cat":[2124,2022,2076],"product_tag":[2004],"sport":[],"class_list":{"0":"post-562192","1":"product","2":"type-product","3":"status-publish","4":"has-post-thumbnail","6":"product_cat-herzstucke","7":"product_cat-karate-bekleidung","8":"product_cat-kleidung","9":"product_tag-tokaido-de","10":"pa_size-2xl","11":"pa_size-l","12":"pa_size-m","13":"pa_size-s","14":"pa_size-xl","15":"pa_size-xs","17":"first","18":"instock","19":"taxable","20":"shipping-taxable","21":"purchasable","22":"product-type-variable"},"yoast_head":"<!-- This site is optimized with the Yoast SEO plugin v27.2 - https:\/\/yoast.com\/product\/yoast-seo-wordpress\/ -->\n<title>TOKAIDO Tsunami Rashguard &#8211; Daisho<\/title>\n<meta name=\"description\" content=\"Tokaido Tsunami Kompressions- oder Rashguard-T-Shirt f\u00fcr das Karatetraining. Bestellen Sie es auf unserer Website www.daisho.be | Daisho\" \/>\n<meta name=\"robots\" content=\"index, follow, max-snippet:-1, max-image-preview:large, max-video-preview:-1\" \/>\n<link rel=\"canonical\" href=\"https:\/\/www.daisho.be\/de\/produit\/tokaido-tsunami-rashguard\/\" \/>\n<meta property=\"og:locale\" content=\"de_DE\" \/>\n<meta property=\"og:type\" content=\"article\" \/>\n<meta property=\"og:title\" content=\"TOKAIDO Tsunami Rashguard &#8211; Daisho\" \/>\n<meta property=\"og:description\" content=\"Tokaido Tsunami Kompressions- oder Rashguard-T-Shirt f\u00fcr das Karatetraining. Bestellen Sie es auf unserer Website www.daisho.be | Daisho\" \/>\n<meta property=\"og:url\" content=\"https:\/\/www.daisho.be\/de\/produit\/tokaido-tsunami-rashguard\/\" \/>\n<meta property=\"og:site_name\" content=\"Daisho\" \/>\n<meta property=\"og:image\" content=\"https:\/\/www.daisho.be\/wp-content\/uploads\/2025\/04\/image-11.jpg\" \/>\n\t<meta property=\"og:image:width\" content=\"800\" \/>\n\t<meta property=\"og:image:height\" content=\"1280\" \/>\n\t<meta property=\"og:image:type\" content=\"image\/jpeg\" \/>\n<meta name=\"twitter:card\" content=\"summary_large_image\" \/>\n<script type=\"application\/ld+json\" class=\"yoast-schema-graph\">{\"@context\":\"https:\/\/schema.org\",\"@graph\":[{\"@type\":\"WebPage\",\"@id\":\"https:\/\/www.daisho.be\/de\/produit\/tokaido-tsunami-rashguard\/\",\"url\":\"https:\/\/www.daisho.be\/de\/produit\/tokaido-tsunami-rashguard\/\",\"name\":\"TOKAIDO Tsunami Rashguard &#8211; Daisho\",\"isPartOf\":{\"@id\":\"https:\/\/www.daisho.be\/de\/#website\"},\"primaryImageOfPage\":{\"@id\":\"https:\/\/www.daisho.be\/de\/produit\/tokaido-tsunami-rashguard\/#primaryimage\"},\"image\":{\"@id\":\"https:\/\/www.daisho.be\/de\/produit\/tokaido-tsunami-rashguard\/#primaryimage\"},\"thumbnailUrl\":\"https:\/\/www.daisho.be\/wp-content\/uploads\/2025\/04\/image-11.jpg\",\"datePublished\":\"2025-04-04T14:19:31+00:00\",\"description\":\"Tokaido Tsunami Kompressions- oder Rashguard-T-Shirt f\u00fcr das Karatetraining. Bestellen Sie es auf unserer Website www.daisho.be | Daisho\",\"breadcrumb\":{\"@id\":\"https:\/\/www.daisho.be\/de\/produit\/tokaido-tsunami-rashguard\/#breadcrumb\"},\"inLanguage\":\"de\",\"potentialAction\":[{\"@type\":\"ReadAction\",\"target\":[\"https:\/\/www.daisho.be\/de\/produit\/tokaido-tsunami-rashguard\/\"]}]},{\"@type\":\"ImageObject\",\"inLanguage\":\"de\",\"@id\":\"https:\/\/www.daisho.be\/de\/produit\/tokaido-tsunami-rashguard\/#primaryimage\",\"url\":\"https:\/\/www.daisho.be\/wp-content\/uploads\/2025\/04\/image-11.jpg\",\"contentUrl\":\"https:\/\/www.daisho.be\/wp-content\/uploads\/2025\/04\/image-11.jpg\",\"width\":800,\"height\":1280,\"caption\":\"TOKAIDO Tsunami-1 Rashguard\"},{\"@type\":\"BreadcrumbList\",\"@id\":\"https:\/\/www.daisho.be\/de\/produit\/tokaido-tsunami-rashguard\/#breadcrumb\",\"itemListElement\":[{\"@type\":\"ListItem\",\"position\":1,\"name\":\"Accueil\",\"item\":\"https:\/\/www.daisho.be\/de\/\"},{\"@type\":\"ListItem\",\"position\":2,\"name\":\"Produkte\",\"item\":\"https:\/\/www.daisho.be\/de\/produkte\/\"},{\"@type\":\"ListItem\",\"position\":3,\"name\":\"Kampfsportarten\",\"item\":\"https:\/\/www.daisho.be\/de\/categorie-produit\/kampfsportarten\/\"},{\"@type\":\"ListItem\",\"position\":4,\"name\":\"Kleidung\",\"item\":\"https:\/\/www.daisho.be\/de\/categorie-produit\/kampfsportarten\/kleidung\/\"},{\"@type\":\"ListItem\",\"position\":5,\"name\":\"TOKAIDO Tsunami Rashguard\"}]},{\"@type\":\"WebSite\",\"@id\":\"https:\/\/www.daisho.be\/de\/#website\",\"url\":\"https:\/\/www.daisho.be\/de\/\",\"name\":\"Daisho\",\"description\":\"Sp&eacute;cialiste de l'&eacute;quipement sportif d'arts martiaux\",\"publisher\":{\"@id\":\"https:\/\/www.daisho.be\/de\/#organization\"},\"potentialAction\":[{\"@type\":\"SearchAction\",\"target\":{\"@type\":\"EntryPoint\",\"urlTemplate\":\"https:\/\/www.daisho.be\/de\/?s={search_term_string}\"},\"query-input\":{\"@type\":\"PropertyValueSpecification\",\"valueRequired\":true,\"valueName\":\"search_term_string\"}}],\"inLanguage\":\"de\"},{\"@type\":\"Organization\",\"@id\":\"https:\/\/www.daisho.be\/de\/#organization\",\"name\":\"Daisho\",\"url\":\"https:\/\/www.daisho.be\/de\/\",\"logo\":{\"@type\":\"ImageObject\",\"inLanguage\":\"de\",\"@id\":\"https:\/\/www.daisho.be\/de\/#\/schema\/logo\/image\/\",\"url\":\"https:\/\/www.daisho.be\/wp-content\/uploads\/2019\/07\/color-nothing-horizontale4x-e1564486100247.png\",\"contentUrl\":\"https:\/\/www.daisho.be\/wp-content\/uploads\/2019\/07\/color-nothing-horizontale4x-e1564486100247.png\",\"width\":1547,\"height\":385,\"caption\":\"Daisho\"},\"image\":{\"@id\":\"https:\/\/www.daisho.be\/de\/#\/schema\/logo\/image\/\"}}]}<\/script>\n<!-- \/ Yoast SEO plugin. -->","yoast_head_json":{"title":"TOKAIDO Tsunami Rashguard &#8211; Daisho","description":"Tokaido Tsunami Kompressions- oder Rashguard-T-Shirt f\u00fcr das Karatetraining. Bestellen Sie es auf unserer Website www.daisho.be | Daisho","robots":{"index":"index","follow":"follow","max-snippet":"max-snippet:-1","max-image-preview":"max-image-preview:large","max-video-preview":"max-video-preview:-1"},"canonical":"https:\/\/www.daisho.be\/de\/produit\/tokaido-tsunami-rashguard\/","og_locale":"de_DE","og_type":"article","og_title":"TOKAIDO Tsunami Rashguard &#8211; Daisho","og_description":"Tokaido Tsunami Kompressions- oder Rashguard-T-Shirt f\u00fcr das Karatetraining. Bestellen Sie es auf unserer Website www.daisho.be | Daisho","og_url":"https:\/\/www.daisho.be\/de\/produit\/tokaido-tsunami-rashguard\/","og_site_name":"Daisho","og_image":[{"width":800,"height":1280,"url":"https:\/\/www.daisho.be\/wp-content\/uploads\/2025\/04\/image-11.jpg","type":"image\/jpeg"}],"twitter_card":"summary_large_image","schema":{"@context":"https:\/\/schema.org","@graph":[{"@type":"WebPage","@id":"https:\/\/www.daisho.be\/de\/produit\/tokaido-tsunami-rashguard\/","url":"https:\/\/www.daisho.be\/de\/produit\/tokaido-tsunami-rashguard\/","name":"TOKAIDO Tsunami Rashguard &#8211; Daisho","isPartOf":{"@id":"https:\/\/www.daisho.be\/de\/#website"},"primaryImageOfPage":{"@id":"https:\/\/www.daisho.be\/de\/produit\/tokaido-tsunami-rashguard\/#primaryimage"},"image":{"@id":"https:\/\/www.daisho.be\/de\/produit\/tokaido-tsunami-rashguard\/#primaryimage"},"thumbnailUrl":"https:\/\/www.daisho.be\/wp-content\/uploads\/2025\/04\/image-11.jpg","datePublished":"2025-04-04T14:19:31+00:00","description":"Tokaido Tsunami Kompressions- oder Rashguard-T-Shirt f\u00fcr das Karatetraining. Bestellen Sie es auf unserer Website www.daisho.be | Daisho","breadcrumb":{"@id":"https:\/\/www.daisho.be\/de\/produit\/tokaido-tsunami-rashguard\/#breadcrumb"},"inLanguage":"de","potentialAction":[{"@type":"ReadAction","target":["https:\/\/www.daisho.be\/de\/produit\/tokaido-tsunami-rashguard\/"]}]},{"@type":"ImageObject","inLanguage":"de","@id":"https:\/\/www.daisho.be\/de\/produit\/tokaido-tsunami-rashguard\/#primaryimage","url":"https:\/\/www.daisho.be\/wp-content\/uploads\/2025\/04\/image-11.jpg","contentUrl":"https:\/\/www.daisho.be\/wp-content\/uploads\/2025\/04\/image-11.jpg","width":800,"height":1280,"caption":"TOKAIDO Tsunami-1 Rashguard"},{"@type":"BreadcrumbList","@id":"https:\/\/www.daisho.be\/de\/produit\/tokaido-tsunami-rashguard\/#breadcrumb","itemListElement":[{"@type":"ListItem","position":1,"name":"Accueil","item":"https:\/\/www.daisho.be\/de\/"},{"@type":"ListItem","position":2,"name":"Produkte","item":"https:\/\/www.daisho.be\/de\/produkte\/"},{"@type":"ListItem","position":3,"name":"Kampfsportarten","item":"https:\/\/www.daisho.be\/de\/categorie-produit\/kampfsportarten\/"},{"@type":"ListItem","position":4,"name":"Kleidung","item":"https:\/\/www.daisho.be\/de\/categorie-produit\/kampfsportarten\/kleidung\/"},{"@type":"ListItem","position":5,"name":"TOKAIDO Tsunami Rashguard"}]},{"@type":"WebSite","@id":"https:\/\/www.daisho.be\/de\/#website","url":"https:\/\/www.daisho.be\/de\/","name":"Daisho","description":"Sp&eacute;cialiste de l'&eacute;quipement sportif d'arts martiaux","publisher":{"@id":"https:\/\/www.daisho.be\/de\/#organization"},"potentialAction":[{"@type":"SearchAction","target":{"@type":"EntryPoint","urlTemplate":"https:\/\/www.daisho.be\/de\/?s={search_term_string}"},"query-input":{"@type":"PropertyValueSpecification","valueRequired":true,"valueName":"search_term_string"}}],"inLanguage":"de"},{"@type":"Organization","@id":"https:\/\/www.daisho.be\/de\/#organization","name":"Daisho","url":"https:\/\/www.daisho.be\/de\/","logo":{"@type":"ImageObject","inLanguage":"de","@id":"https:\/\/www.daisho.be\/de\/#\/schema\/logo\/image\/","url":"https:\/\/www.daisho.be\/wp-content\/uploads\/2019\/07\/color-nothing-horizontale4x-e1564486100247.png","contentUrl":"https:\/\/www.daisho.be\/wp-content\/uploads\/2019\/07\/color-nothing-horizontale4x-e1564486100247.png","width":1547,"height":385,"caption":"Daisho"},"image":{"@id":"https:\/\/www.daisho.be\/de\/#\/schema\/logo\/image\/"}}]}},"_links":{"self":[{"href":"https:\/\/www.daisho.be\/de\/wp-json\/wp\/v2\/product\/562192","targetHints":{"allow":["GET"]}}],"collection":[{"href":"https:\/\/www.daisho.be\/de\/wp-json\/wp\/v2\/product"}],"about":[{"href":"https:\/\/www.daisho.be\/de\/wp-json\/wp\/v2\/types\/product"}],"replies":[{"embeddable":true,"href":"https:\/\/www.daisho.be\/de\/wp-json\/wp\/v2\/comments?post=562192"}],"wp:featuredmedia":[{"embeddable":true,"href":"https:\/\/www.daisho.be\/de\/wp-json\/wp\/v2\/media\/511929"}],"wp:attachment":[{"href":"https:\/\/www.daisho.be\/de\/wp-json\/wp\/v2\/media?parent=562192"}],"wp:term":[{"taxonomy":"product_brand","embeddable":true,"href":"https:\/\/www.daisho.be\/de\/wp-json\/wp\/v2\/product_brand?post=562192"},{"taxonomy":"product_cat","embeddable":true,"href":"https:\/\/www.daisho.be\/de\/wp-json\/wp\/v2\/product_cat?post=562192"},{"taxonomy":"product_tag","embeddable":true,"href":"https:\/\/www.daisho.be\/de\/wp-json\/wp\/v2\/product_tag?post=562192"},{"taxonomy":"sport","embeddable":true,"href":"https:\/\/www.daisho.be\/de\/wp-json\/wp\/v2\/sport?post=562192"}],"curies":[{"name":"wp","href":"https:\/\/api.w.org\/{rel}","templated":true}]}}