{"id":561864,"date":"2025-05-08T11:02:08","date_gmt":"2025-05-08T09:02:08","guid":{"rendered":"https:\/\/www.daisho.be\/produit\/karate-helm-tokaido-junior-wkf\/"},"modified":"2026-02-20T10:26:10","modified_gmt":"2026-02-20T09:26:10","slug":"karate-helm-tokaido-junior-wkf","status":"publish","type":"product","link":"https:\/\/www.daisho.be\/de\/produit\/karate-helm-tokaido-junior-wkf\/","title":{"rendered":"Karate-Helm, TOKAIDO Junior, WKF"},"content":{"rendered":"<p><span style=\"color:#e60000;font-weight:bold\"><br \/>\n<i class=\"fa fa-clock-o\"><\/i>  VERF\u00dcGBARKEIT: DEZEMBER 2025 | JANUAR 2026<br \/>\n<\/span><\/p>\n<p>WKF-gepr\u00fcfter Karatehelm Tokaido &#8211; speziell f\u00fcr die Youth League<br \/>\nDieser Helm wurde f\u00fcr junge Karatekas entwickelt, die an Wettk\u00e4mpfen teilnehmen, und bietet dank seiner hochwertigen Polsterung und des integrierten Gesichtsschutzes ein hohes Ma\u00df an Sicherheit.<br \/>\nEr wurde getestet und zertifiziert und entspricht den Standards der World Karate Federation (WKF).<br \/>\nDer hintere Klettverschluss sorgt f\u00fcr einen effektiven und bequemen Sitz.<\/p>\n<p>&#8211; Hochdichte Polsterung<\/p>\n<p>&#8211; Integrierter Gesichtsschutz<\/p>\n<p>&#8211; WKF-zugelassen<\/p>\n<p>&#8211; Verstellbarer Klettverschluss<\/p>\n<p><span style=\"display: flex;align-items: flex-start\"><img loading=\"lazy\" decoding=\"async\" class=\"alignleft\" src=\"https:\/\/www.daisho.be\/wp-content\/uploads\/2025\/10\/fmt001.png\" alt=\"\" width=\"400\" height=\"400\"><\/span><\/p>\n","protected":false},"excerpt":{"rendered":"<p>VERF\u00dcGBARKEIT: DEZEMBER 2025 | JANUAR 2026 WKF-gepr\u00fcfter Karatehelm Tokaido &#8211; speziell f\u00fcr die Youth League Dieser Helm wurde f\u00fcr junge Karatekas entwickelt, die an Wettk\u00e4mpfen teilnehmen, und bietet dank seiner hochwertigen Polsterung und des integrierten Gesichtsschutzes ein hohes Ma\u00df an Sicherheit. Er wurde getestet und zertifiziert und entspricht den Standards der World Karate Federation (WKF). [&hellip;]<\/p>\n","protected":false},"featured_media":517336,"comment_status":"open","ping_status":"closed","template":"","meta":{"inline_featured_image":false},"product_brand":[],"product_cat":[2062,2051],"product_tag":[2004],"sport":[],"class_list":{"0":"post-561864","1":"product","2":"type-product","3":"status-publish","4":"has-post-thumbnail","6":"product_cat-karate-schutzkleidung","7":"product_cat-schutz","8":"product_tag-tokaido-de","9":"pa_size-l","10":"pa_size-m","11":"pa_size-s","12":"pa_size-xl","13":"pa_size-xs","15":"first","16":"instock","17":"taxable","18":"shipping-taxable","19":"purchasable","20":"product-type-variable"},"yoast_head":"<!-- This site is optimized with the Yoast SEO plugin v27.2 - https:\/\/yoast.com\/product\/yoast-seo-wordpress\/ -->\n<title>Karate-Helm, TOKAIDO Junior, WKF &#8211; Daisho<\/title>\n<meta name=\"robots\" content=\"index, follow, max-snippet:-1, max-image-preview:large, max-video-preview:-1\" \/>\n<link rel=\"canonical\" href=\"https:\/\/www.daisho.be\/de\/produit\/karate-helm-tokaido-junior-wkf\/\" \/>\n<meta property=\"og:locale\" content=\"de_DE\" \/>\n<meta property=\"og:type\" content=\"article\" \/>\n<meta property=\"og:title\" content=\"Karate-Helm, TOKAIDO Junior, WKF &#8211; Daisho\" \/>\n<meta property=\"og:description\" content=\"VERF\u00dcGBARKEIT: DEZEMBER 2025 | JANUAR 2026 WKF-gepr\u00fcfter Karatehelm Tokaido &#8211; speziell f\u00fcr die Youth League Dieser Helm wurde f\u00fcr junge Karatekas entwickelt, die an Wettk\u00e4mpfen teilnehmen, und bietet dank seiner hochwertigen Polsterung und des integrierten Gesichtsschutzes ein hohes Ma\u00df an Sicherheit. Er wurde getestet und zertifiziert und entspricht den Standards der World Karate Federation (WKF). [&hellip;]\" \/>\n<meta property=\"og:url\" content=\"https:\/\/www.daisho.be\/de\/produit\/karate-helm-tokaido-junior-wkf\/\" \/>\n<meta property=\"og:site_name\" content=\"Daisho\" \/>\n<meta property=\"article:modified_time\" content=\"2026-02-20T09:26:10+00:00\" \/>\n<meta property=\"og:image\" content=\"https:\/\/www.daisho.be\/wp-content\/uploads\/2025\/05\/image.jpg\" \/>\n\t<meta property=\"og:image:width\" content=\"800\" \/>\n\t<meta property=\"og:image:height\" content=\"1280\" \/>\n\t<meta property=\"og:image:type\" content=\"image\/jpeg\" \/>\n<meta name=\"twitter:card\" content=\"summary_large_image\" \/>\n<script type=\"application\/ld+json\" class=\"yoast-schema-graph\">{\"@context\":\"https:\/\/schema.org\",\"@graph\":[{\"@type\":\"WebPage\",\"@id\":\"https:\/\/www.daisho.be\/de\/produit\/karate-helm-tokaido-junior-wkf\/\",\"url\":\"https:\/\/www.daisho.be\/de\/produit\/karate-helm-tokaido-junior-wkf\/\",\"name\":\"Karate-Helm, TOKAIDO Junior, WKF &#8211; Daisho\",\"isPartOf\":{\"@id\":\"https:\/\/www.daisho.be\/de\/#website\"},\"primaryImageOfPage\":{\"@id\":\"https:\/\/www.daisho.be\/de\/produit\/karate-helm-tokaido-junior-wkf\/#primaryimage\"},\"image\":{\"@id\":\"https:\/\/www.daisho.be\/de\/produit\/karate-helm-tokaido-junior-wkf\/#primaryimage\"},\"thumbnailUrl\":\"https:\/\/www.daisho.be\/wp-content\/uploads\/2025\/05\/image.jpg\",\"datePublished\":\"2025-05-08T09:02:08+00:00\",\"dateModified\":\"2026-02-20T09:26:10+00:00\",\"breadcrumb\":{\"@id\":\"https:\/\/www.daisho.be\/de\/produit\/karate-helm-tokaido-junior-wkf\/#breadcrumb\"},\"inLanguage\":\"de\",\"potentialAction\":[{\"@type\":\"ReadAction\",\"target\":[\"https:\/\/www.daisho.be\/de\/produit\/karate-helm-tokaido-junior-wkf\/\"]}]},{\"@type\":\"ImageObject\",\"inLanguage\":\"de\",\"@id\":\"https:\/\/www.daisho.be\/de\/produit\/karate-helm-tokaido-junior-wkf\/#primaryimage\",\"url\":\"https:\/\/www.daisho.be\/wp-content\/uploads\/2025\/05\/image.jpg\",\"contentUrl\":\"https:\/\/www.daisho.be\/wp-content\/uploads\/2025\/05\/image.jpg\",\"width\":800,\"height\":1280,\"caption\":\"Karate-Helm, TOKAIDO Junior, WKF-1\"},{\"@type\":\"BreadcrumbList\",\"@id\":\"https:\/\/www.daisho.be\/de\/produit\/karate-helm-tokaido-junior-wkf\/#breadcrumb\",\"itemListElement\":[{\"@type\":\"ListItem\",\"position\":1,\"name\":\"Accueil\",\"item\":\"https:\/\/www.daisho.be\/de\/\"},{\"@type\":\"ListItem\",\"position\":2,\"name\":\"Produkte\",\"item\":\"https:\/\/www.daisho.be\/de\/produkte\/\"},{\"@type\":\"ListItem\",\"position\":3,\"name\":\"Ausr\u00fcstung und Kleidung f\u00fcr Kampfkunst und Kampfsport\",\"item\":\"https:\/\/www.daisho.be\/de\/categorie-produit\/ausrustung-und-kleidung-fur-kampfkunst-und-kampfsport\/\"},{\"@type\":\"ListItem\",\"position\":4,\"name\":\"Karate\",\"item\":\"https:\/\/www.daisho.be\/de\/categorie-produit\/ausrustung-und-kleidung-fur-kampfkunst-und-kampfsport\/karate-de-2\/\"},{\"@type\":\"ListItem\",\"position\":5,\"name\":\"Karate-Schutzkleidung\",\"item\":\"https:\/\/www.daisho.be\/de\/categorie-produit\/ausrustung-und-kleidung-fur-kampfkunst-und-kampfsport\/karate-de-2\/karate-schutzkleidung\/\"},{\"@type\":\"ListItem\",\"position\":6,\"name\":\"Karate-Helm, TOKAIDO Junior, WKF\"}]},{\"@type\":\"WebSite\",\"@id\":\"https:\/\/www.daisho.be\/de\/#website\",\"url\":\"https:\/\/www.daisho.be\/de\/\",\"name\":\"Daisho\",\"description\":\"Sp&eacute;cialiste de l'&eacute;quipement sportif d'arts martiaux\",\"publisher\":{\"@id\":\"https:\/\/www.daisho.be\/de\/#organization\"},\"potentialAction\":[{\"@type\":\"SearchAction\",\"target\":{\"@type\":\"EntryPoint\",\"urlTemplate\":\"https:\/\/www.daisho.be\/de\/?s={search_term_string}\"},\"query-input\":{\"@type\":\"PropertyValueSpecification\",\"valueRequired\":true,\"valueName\":\"search_term_string\"}}],\"inLanguage\":\"de\"},{\"@type\":\"Organization\",\"@id\":\"https:\/\/www.daisho.be\/de\/#organization\",\"name\":\"Daisho\",\"url\":\"https:\/\/www.daisho.be\/de\/\",\"logo\":{\"@type\":\"ImageObject\",\"inLanguage\":\"de\",\"@id\":\"https:\/\/www.daisho.be\/de\/#\/schema\/logo\/image\/\",\"url\":\"https:\/\/www.daisho.be\/wp-content\/uploads\/2019\/07\/color-nothing-horizontale4x-e1564486100247.png\",\"contentUrl\":\"https:\/\/www.daisho.be\/wp-content\/uploads\/2019\/07\/color-nothing-horizontale4x-e1564486100247.png\",\"width\":1547,\"height\":385,\"caption\":\"Daisho\"},\"image\":{\"@id\":\"https:\/\/www.daisho.be\/de\/#\/schema\/logo\/image\/\"}}]}<\/script>\n<!-- \/ Yoast SEO plugin. -->","yoast_head_json":{"title":"Karate-Helm, TOKAIDO Junior, WKF &#8211; Daisho","robots":{"index":"index","follow":"follow","max-snippet":"max-snippet:-1","max-image-preview":"max-image-preview:large","max-video-preview":"max-video-preview:-1"},"canonical":"https:\/\/www.daisho.be\/de\/produit\/karate-helm-tokaido-junior-wkf\/","og_locale":"de_DE","og_type":"article","og_title":"Karate-Helm, TOKAIDO Junior, WKF &#8211; Daisho","og_description":"VERF\u00dcGBARKEIT: DEZEMBER 2025 | JANUAR 2026 WKF-gepr\u00fcfter Karatehelm Tokaido &#8211; speziell f\u00fcr die Youth League Dieser Helm wurde f\u00fcr junge Karatekas entwickelt, die an Wettk\u00e4mpfen teilnehmen, und bietet dank seiner hochwertigen Polsterung und des integrierten Gesichtsschutzes ein hohes Ma\u00df an Sicherheit. Er wurde getestet und zertifiziert und entspricht den Standards der World Karate Federation (WKF). [&hellip;]","og_url":"https:\/\/www.daisho.be\/de\/produit\/karate-helm-tokaido-junior-wkf\/","og_site_name":"Daisho","article_modified_time":"2026-02-20T09:26:10+00:00","og_image":[{"width":800,"height":1280,"url":"https:\/\/www.daisho.be\/wp-content\/uploads\/2025\/05\/image.jpg","type":"image\/jpeg"}],"twitter_card":"summary_large_image","schema":{"@context":"https:\/\/schema.org","@graph":[{"@type":"WebPage","@id":"https:\/\/www.daisho.be\/de\/produit\/karate-helm-tokaido-junior-wkf\/","url":"https:\/\/www.daisho.be\/de\/produit\/karate-helm-tokaido-junior-wkf\/","name":"Karate-Helm, TOKAIDO Junior, WKF &#8211; Daisho","isPartOf":{"@id":"https:\/\/www.daisho.be\/de\/#website"},"primaryImageOfPage":{"@id":"https:\/\/www.daisho.be\/de\/produit\/karate-helm-tokaido-junior-wkf\/#primaryimage"},"image":{"@id":"https:\/\/www.daisho.be\/de\/produit\/karate-helm-tokaido-junior-wkf\/#primaryimage"},"thumbnailUrl":"https:\/\/www.daisho.be\/wp-content\/uploads\/2025\/05\/image.jpg","datePublished":"2025-05-08T09:02:08+00:00","dateModified":"2026-02-20T09:26:10+00:00","breadcrumb":{"@id":"https:\/\/www.daisho.be\/de\/produit\/karate-helm-tokaido-junior-wkf\/#breadcrumb"},"inLanguage":"de","potentialAction":[{"@type":"ReadAction","target":["https:\/\/www.daisho.be\/de\/produit\/karate-helm-tokaido-junior-wkf\/"]}]},{"@type":"ImageObject","inLanguage":"de","@id":"https:\/\/www.daisho.be\/de\/produit\/karate-helm-tokaido-junior-wkf\/#primaryimage","url":"https:\/\/www.daisho.be\/wp-content\/uploads\/2025\/05\/image.jpg","contentUrl":"https:\/\/www.daisho.be\/wp-content\/uploads\/2025\/05\/image.jpg","width":800,"height":1280,"caption":"Karate-Helm, TOKAIDO Junior, WKF-1"},{"@type":"BreadcrumbList","@id":"https:\/\/www.daisho.be\/de\/produit\/karate-helm-tokaido-junior-wkf\/#breadcrumb","itemListElement":[{"@type":"ListItem","position":1,"name":"Accueil","item":"https:\/\/www.daisho.be\/de\/"},{"@type":"ListItem","position":2,"name":"Produkte","item":"https:\/\/www.daisho.be\/de\/produkte\/"},{"@type":"ListItem","position":3,"name":"Ausr\u00fcstung und Kleidung f\u00fcr Kampfkunst und Kampfsport","item":"https:\/\/www.daisho.be\/de\/categorie-produit\/ausrustung-und-kleidung-fur-kampfkunst-und-kampfsport\/"},{"@type":"ListItem","position":4,"name":"Karate","item":"https:\/\/www.daisho.be\/de\/categorie-produit\/ausrustung-und-kleidung-fur-kampfkunst-und-kampfsport\/karate-de-2\/"},{"@type":"ListItem","position":5,"name":"Karate-Schutzkleidung","item":"https:\/\/www.daisho.be\/de\/categorie-produit\/ausrustung-und-kleidung-fur-kampfkunst-und-kampfsport\/karate-de-2\/karate-schutzkleidung\/"},{"@type":"ListItem","position":6,"name":"Karate-Helm, TOKAIDO Junior, WKF"}]},{"@type":"WebSite","@id":"https:\/\/www.daisho.be\/de\/#website","url":"https:\/\/www.daisho.be\/de\/","name":"Daisho","description":"Sp&eacute;cialiste de l'&eacute;quipement sportif d'arts martiaux","publisher":{"@id":"https:\/\/www.daisho.be\/de\/#organization"},"potentialAction":[{"@type":"SearchAction","target":{"@type":"EntryPoint","urlTemplate":"https:\/\/www.daisho.be\/de\/?s={search_term_string}"},"query-input":{"@type":"PropertyValueSpecification","valueRequired":true,"valueName":"search_term_string"}}],"inLanguage":"de"},{"@type":"Organization","@id":"https:\/\/www.daisho.be\/de\/#organization","name":"Daisho","url":"https:\/\/www.daisho.be\/de\/","logo":{"@type":"ImageObject","inLanguage":"de","@id":"https:\/\/www.daisho.be\/de\/#\/schema\/logo\/image\/","url":"https:\/\/www.daisho.be\/wp-content\/uploads\/2019\/07\/color-nothing-horizontale4x-e1564486100247.png","contentUrl":"https:\/\/www.daisho.be\/wp-content\/uploads\/2019\/07\/color-nothing-horizontale4x-e1564486100247.png","width":1547,"height":385,"caption":"Daisho"},"image":{"@id":"https:\/\/www.daisho.be\/de\/#\/schema\/logo\/image\/"}}]}},"_links":{"self":[{"href":"https:\/\/www.daisho.be\/de\/wp-json\/wp\/v2\/product\/561864","targetHints":{"allow":["GET"]}}],"collection":[{"href":"https:\/\/www.daisho.be\/de\/wp-json\/wp\/v2\/product"}],"about":[{"href":"https:\/\/www.daisho.be\/de\/wp-json\/wp\/v2\/types\/product"}],"replies":[{"embeddable":true,"href":"https:\/\/www.daisho.be\/de\/wp-json\/wp\/v2\/comments?post=561864"}],"wp:featuredmedia":[{"embeddable":true,"href":"https:\/\/www.daisho.be\/de\/wp-json\/wp\/v2\/media\/517336"}],"wp:attachment":[{"href":"https:\/\/www.daisho.be\/de\/wp-json\/wp\/v2\/media?parent=561864"}],"wp:term":[{"taxonomy":"product_brand","embeddable":true,"href":"https:\/\/www.daisho.be\/de\/wp-json\/wp\/v2\/product_brand?post=561864"},{"taxonomy":"product_cat","embeddable":true,"href":"https:\/\/www.daisho.be\/de\/wp-json\/wp\/v2\/product_cat?post=561864"},{"taxonomy":"product_tag","embeddable":true,"href":"https:\/\/www.daisho.be\/de\/wp-json\/wp\/v2\/product_tag?post=561864"},{"taxonomy":"sport","embeddable":true,"href":"https:\/\/www.daisho.be\/de\/wp-json\/wp\/v2\/sport?post=561864"}],"curies":[{"name":"wp","href":"https:\/\/api.w.org\/{rel}","templated":true}]}}