{"id":561734,"date":"2025-05-22T11:20:40","date_gmt":"2025-05-22T09:20:40","guid":{"rendered":"https:\/\/www.daisho.be\/produit\/adidas-kickboxing-hose-lang-110t-blau-weiss\/"},"modified":"2025-05-22T11:20:40","modified_gmt":"2025-05-22T09:20:40","slug":"adidas-kickboxing-hose-lang-110t-blau-weiss","status":"publish","type":"product","link":"https:\/\/www.daisho.be\/de\/produit\/adidas-kickboxing-hose-lang-110t-blau-weiss\/","title":{"rendered":"Adidas Kickboxing Hose lang 110T blau\/wei\u00df"},"content":{"rendered":"<p>Die neue adidas Kickboxing-Kollektion mit modernem Design und neuen Schnitten bringt frischen Wind in das Training.<br \/>\nDie Funktionalit\u00e4t und Qualit\u00e4t sind au\u00dfergew\u00f6hnlich und dank des weiten Schnitts hat der K\u00e4mpfer eine gro\u00dfe Bewegungsfreiheit.<br \/>\nDie Serie 110T wurde als Schlupfhose f\u00fcr Kickboxen und Freestyle hergestellt.<br \/>\nDas angenehme Satinmaterial wurde mit einem Sublimationsdruck veredelt, um eine lange Lebensdauer zu gew\u00e4hrleisten.<br \/>\nDie 3-Streifen an den Beinabschl\u00fcssen verleihen dieser Hose den sportlichen adidas-Touch.<br \/>\nDar\u00fcber hinaus wurde die Marke auch in der Mitte vor dem G\u00fcrtel der Hose platziert.<br \/>\nZwischen den Hosenbeinen ist ein Mesh-Material eingearbeitet, um einen optimalen Feuchtigkeitsaustausch zu gew\u00e4hrleisten.<br \/>\nDie Hosen sind in den Gr\u00f6\u00dfen 130-190 cm (K\u00f6rpergr\u00f6\u00dfe) erh\u00e4ltlich.<\/p>\n<p>Merkmale :<\/p>\n<p>&#8211; Material:100 % Polyester Satin<br \/>\n&#8211; verf\u00fcgbare Gr\u00f6\u00dfen: 130 cm &#8211; 190 cm<br \/>\n&#8211; lange Hose<br \/>\n&#8211; lockere Passform<\/p>\n","protected":false},"excerpt":{"rendered":"<p>Die neue adidas Kickboxing-Kollektion mit modernem Design und neuen Schnitten bringt frischen Wind in das Training. Die Funktionalit\u00e4t und Qualit\u00e4t sind au\u00dfergew\u00f6hnlich und dank des weiten Schnitts hat der K\u00e4mpfer eine gro\u00dfe Bewegungsfreiheit. Die Serie 110T wurde als Schlupfhose f\u00fcr Kickboxen und Freestyle hergestellt. Das angenehme Satinmaterial wurde mit einem Sublimationsdruck veredelt, um eine lange [&hellip;]<\/p>\n","protected":false},"featured_media":519645,"comment_status":"open","ping_status":"closed","template":"","meta":{"inline_featured_image":false},"product_brand":[],"product_cat":[2295,2165],"product_tag":[2178],"sport":[],"class_list":{"0":"post-561734","1":"product","2":"type-product","3":"status-publish","4":"has-post-thumbnail","6":"product_cat-adidas-kleidung-fur-kick-boxing","7":"product_cat-kick-boxing-hosen","8":"product_tag-adidas-de","9":"pa_size-373","10":"pa_size-381","11":"pa_size-380","12":"pa_size-379","13":"pa_size-378","14":"pa_size-377","15":"pa_size-376","17":"first","18":"instock","19":"taxable","20":"shipping-taxable","21":"purchasable","22":"product-type-variable"},"yoast_head":"<!-- This site is optimized with the Yoast SEO plugin v27.2 - https:\/\/yoast.com\/product\/yoast-seo-wordpress\/ -->\n<title>Adidas Kickboxing Hose lang 110T blau\/wei\u00df &#8211; Daisho<\/title>\n<meta name=\"description\" content=\"Entdecken Sie die Adidas Kickboxing Hose 110T, die Komfort und Qualit\u00e4t f\u00fcr Ihr Training und Ihre Wettk\u00e4mpfe bietet. Kaufen Sie sie auf www.daisho.be|Daisho\" \/>\n<meta name=\"robots\" content=\"index, follow, max-snippet:-1, max-image-preview:large, max-video-preview:-1\" \/>\n<link rel=\"canonical\" href=\"https:\/\/www.daisho.be\/de\/produit\/adidas-kickboxing-hose-lang-110t-blau-weiss\/\" \/>\n<meta property=\"og:locale\" content=\"de_DE\" \/>\n<meta property=\"og:type\" content=\"article\" \/>\n<meta property=\"og:title\" content=\"Adidas Kickboxing Hose lang 110T blau\/wei\u00df &#8211; Daisho\" \/>\n<meta property=\"og:description\" content=\"Entdecken Sie die Adidas Kickboxing Hose 110T, die Komfort und Qualit\u00e4t f\u00fcr Ihr Training und Ihre Wettk\u00e4mpfe bietet. Kaufen Sie sie auf www.daisho.be|Daisho\" \/>\n<meta property=\"og:url\" content=\"https:\/\/www.daisho.be\/de\/produit\/adidas-kickboxing-hose-lang-110t-blau-weiss\/\" \/>\n<meta property=\"og:site_name\" content=\"Daisho\" \/>\n<meta property=\"og:image\" content=\"https:\/\/www.daisho.be\/wp-content\/uploads\/2025\/05\/image-4.webp\" \/>\n\t<meta property=\"og:image:width\" content=\"546\" \/>\n\t<meta property=\"og:image:height\" content=\"1200\" \/>\n\t<meta property=\"og:image:type\" content=\"image\/webp\" \/>\n<meta name=\"twitter:card\" content=\"summary_large_image\" \/>\n<meta name=\"twitter:label1\" content=\"Gesch\u00e4tzte Lesezeit\" \/>\n\t<meta name=\"twitter:data1\" content=\"1\u00a0Minute\" \/>\n<script type=\"application\/ld+json\" class=\"yoast-schema-graph\">{\"@context\":\"https:\/\/schema.org\",\"@graph\":[{\"@type\":\"WebPage\",\"@id\":\"https:\/\/www.daisho.be\/de\/produit\/adidas-kickboxing-hose-lang-110t-blau-weiss\/\",\"url\":\"https:\/\/www.daisho.be\/de\/produit\/adidas-kickboxing-hose-lang-110t-blau-weiss\/\",\"name\":\"Adidas Kickboxing Hose lang 110T blau\/wei\u00df &#8211; Daisho\",\"isPartOf\":{\"@id\":\"https:\/\/www.daisho.be\/de\/#website\"},\"primaryImageOfPage\":{\"@id\":\"https:\/\/www.daisho.be\/de\/produit\/adidas-kickboxing-hose-lang-110t-blau-weiss\/#primaryimage\"},\"image\":{\"@id\":\"https:\/\/www.daisho.be\/de\/produit\/adidas-kickboxing-hose-lang-110t-blau-weiss\/#primaryimage\"},\"thumbnailUrl\":\"https:\/\/www.daisho.be\/wp-content\/uploads\/2025\/05\/image-4.webp\",\"datePublished\":\"2025-05-22T09:20:40+00:00\",\"description\":\"Entdecken Sie die Adidas Kickboxing Hose 110T, die Komfort und Qualit\u00e4t f\u00fcr Ihr Training und Ihre Wettk\u00e4mpfe bietet. Kaufen Sie sie auf www.daisho.be|Daisho\",\"breadcrumb\":{\"@id\":\"https:\/\/www.daisho.be\/de\/produit\/adidas-kickboxing-hose-lang-110t-blau-weiss\/#breadcrumb\"},\"inLanguage\":\"de\",\"potentialAction\":[{\"@type\":\"ReadAction\",\"target\":[\"https:\/\/www.daisho.be\/de\/produit\/adidas-kickboxing-hose-lang-110t-blau-weiss\/\"]}]},{\"@type\":\"ImageObject\",\"inLanguage\":\"de\",\"@id\":\"https:\/\/www.daisho.be\/de\/produit\/adidas-kickboxing-hose-lang-110t-blau-weiss\/#primaryimage\",\"url\":\"https:\/\/www.daisho.be\/wp-content\/uploads\/2025\/05\/image-4.webp\",\"contentUrl\":\"https:\/\/www.daisho.be\/wp-content\/uploads\/2025\/05\/image-4.webp\",\"width\":546,\"height\":1200,\"caption\":\"Adidas Kickboxing Hose lang 110T blau|wei\u00df-1\"},{\"@type\":\"BreadcrumbList\",\"@id\":\"https:\/\/www.daisho.be\/de\/produit\/adidas-kickboxing-hose-lang-110t-blau-weiss\/#breadcrumb\",\"itemListElement\":[{\"@type\":\"ListItem\",\"position\":1,\"name\":\"Accueil\",\"item\":\"https:\/\/www.daisho.be\/de\/\"},{\"@type\":\"ListItem\",\"position\":2,\"name\":\"Produkte\",\"item\":\"https:\/\/www.daisho.be\/de\/produkte\/\"},{\"@type\":\"ListItem\",\"position\":3,\"name\":\"ADIDAS COMBAT SPORTS\",\"item\":\"https:\/\/www.daisho.be\/de\/categorie-produit\/adidas-combat-sports-de\/\"},{\"@type\":\"ListItem\",\"position\":4,\"name\":\"Kick-Boxing\",\"item\":\"https:\/\/www.daisho.be\/de\/categorie-produit\/adidas-combat-sports-de\/kick-boxing-de\/\"},{\"@type\":\"ListItem\",\"position\":5,\"name\":\"Adidas Kleidung f\u00fcr Kick-Boxing\",\"item\":\"https:\/\/www.daisho.be\/de\/categorie-produit\/adidas-combat-sports-de\/kick-boxing-de\/adidas-kleidung-fur-kick-boxing\/\"},{\"@type\":\"ListItem\",\"position\":6,\"name\":\"Adidas Kickboxing Hose lang 110T blau\/wei\u00df\"}]},{\"@type\":\"WebSite\",\"@id\":\"https:\/\/www.daisho.be\/de\/#website\",\"url\":\"https:\/\/www.daisho.be\/de\/\",\"name\":\"Daisho\",\"description\":\"Sp&eacute;cialiste de l'&eacute;quipement sportif d'arts martiaux\",\"publisher\":{\"@id\":\"https:\/\/www.daisho.be\/de\/#organization\"},\"potentialAction\":[{\"@type\":\"SearchAction\",\"target\":{\"@type\":\"EntryPoint\",\"urlTemplate\":\"https:\/\/www.daisho.be\/de\/?s={search_term_string}\"},\"query-input\":{\"@type\":\"PropertyValueSpecification\",\"valueRequired\":true,\"valueName\":\"search_term_string\"}}],\"inLanguage\":\"de\"},{\"@type\":\"Organization\",\"@id\":\"https:\/\/www.daisho.be\/de\/#organization\",\"name\":\"Daisho\",\"url\":\"https:\/\/www.daisho.be\/de\/\",\"logo\":{\"@type\":\"ImageObject\",\"inLanguage\":\"de\",\"@id\":\"https:\/\/www.daisho.be\/de\/#\/schema\/logo\/image\/\",\"url\":\"https:\/\/www.daisho.be\/wp-content\/uploads\/2019\/07\/color-nothing-horizontale4x-e1564486100247.png\",\"contentUrl\":\"https:\/\/www.daisho.be\/wp-content\/uploads\/2019\/07\/color-nothing-horizontale4x-e1564486100247.png\",\"width\":1547,\"height\":385,\"caption\":\"Daisho\"},\"image\":{\"@id\":\"https:\/\/www.daisho.be\/de\/#\/schema\/logo\/image\/\"}}]}<\/script>\n<!-- \/ Yoast SEO plugin. -->","yoast_head_json":{"title":"Adidas Kickboxing Hose lang 110T blau\/wei\u00df &#8211; Daisho","description":"Entdecken Sie die Adidas Kickboxing Hose 110T, die Komfort und Qualit\u00e4t f\u00fcr Ihr Training und Ihre Wettk\u00e4mpfe bietet. Kaufen Sie sie auf www.daisho.be|Daisho","robots":{"index":"index","follow":"follow","max-snippet":"max-snippet:-1","max-image-preview":"max-image-preview:large","max-video-preview":"max-video-preview:-1"},"canonical":"https:\/\/www.daisho.be\/de\/produit\/adidas-kickboxing-hose-lang-110t-blau-weiss\/","og_locale":"de_DE","og_type":"article","og_title":"Adidas Kickboxing Hose lang 110T blau\/wei\u00df &#8211; Daisho","og_description":"Entdecken Sie die Adidas Kickboxing Hose 110T, die Komfort und Qualit\u00e4t f\u00fcr Ihr Training und Ihre Wettk\u00e4mpfe bietet. Kaufen Sie sie auf www.daisho.be|Daisho","og_url":"https:\/\/www.daisho.be\/de\/produit\/adidas-kickboxing-hose-lang-110t-blau-weiss\/","og_site_name":"Daisho","og_image":[{"width":546,"height":1200,"url":"https:\/\/www.daisho.be\/wp-content\/uploads\/2025\/05\/image-4.webp","type":"image\/webp"}],"twitter_card":"summary_large_image","twitter_misc":{"Gesch\u00e4tzte Lesezeit":"1\u00a0Minute"},"schema":{"@context":"https:\/\/schema.org","@graph":[{"@type":"WebPage","@id":"https:\/\/www.daisho.be\/de\/produit\/adidas-kickboxing-hose-lang-110t-blau-weiss\/","url":"https:\/\/www.daisho.be\/de\/produit\/adidas-kickboxing-hose-lang-110t-blau-weiss\/","name":"Adidas Kickboxing Hose lang 110T blau\/wei\u00df &#8211; Daisho","isPartOf":{"@id":"https:\/\/www.daisho.be\/de\/#website"},"primaryImageOfPage":{"@id":"https:\/\/www.daisho.be\/de\/produit\/adidas-kickboxing-hose-lang-110t-blau-weiss\/#primaryimage"},"image":{"@id":"https:\/\/www.daisho.be\/de\/produit\/adidas-kickboxing-hose-lang-110t-blau-weiss\/#primaryimage"},"thumbnailUrl":"https:\/\/www.daisho.be\/wp-content\/uploads\/2025\/05\/image-4.webp","datePublished":"2025-05-22T09:20:40+00:00","description":"Entdecken Sie die Adidas Kickboxing Hose 110T, die Komfort und Qualit\u00e4t f\u00fcr Ihr Training und Ihre Wettk\u00e4mpfe bietet. Kaufen Sie sie auf www.daisho.be|Daisho","breadcrumb":{"@id":"https:\/\/www.daisho.be\/de\/produit\/adidas-kickboxing-hose-lang-110t-blau-weiss\/#breadcrumb"},"inLanguage":"de","potentialAction":[{"@type":"ReadAction","target":["https:\/\/www.daisho.be\/de\/produit\/adidas-kickboxing-hose-lang-110t-blau-weiss\/"]}]},{"@type":"ImageObject","inLanguage":"de","@id":"https:\/\/www.daisho.be\/de\/produit\/adidas-kickboxing-hose-lang-110t-blau-weiss\/#primaryimage","url":"https:\/\/www.daisho.be\/wp-content\/uploads\/2025\/05\/image-4.webp","contentUrl":"https:\/\/www.daisho.be\/wp-content\/uploads\/2025\/05\/image-4.webp","width":546,"height":1200,"caption":"Adidas Kickboxing Hose lang 110T blau|wei\u00df-1"},{"@type":"BreadcrumbList","@id":"https:\/\/www.daisho.be\/de\/produit\/adidas-kickboxing-hose-lang-110t-blau-weiss\/#breadcrumb","itemListElement":[{"@type":"ListItem","position":1,"name":"Accueil","item":"https:\/\/www.daisho.be\/de\/"},{"@type":"ListItem","position":2,"name":"Produkte","item":"https:\/\/www.daisho.be\/de\/produkte\/"},{"@type":"ListItem","position":3,"name":"ADIDAS COMBAT SPORTS","item":"https:\/\/www.daisho.be\/de\/categorie-produit\/adidas-combat-sports-de\/"},{"@type":"ListItem","position":4,"name":"Kick-Boxing","item":"https:\/\/www.daisho.be\/de\/categorie-produit\/adidas-combat-sports-de\/kick-boxing-de\/"},{"@type":"ListItem","position":5,"name":"Adidas Kleidung f\u00fcr Kick-Boxing","item":"https:\/\/www.daisho.be\/de\/categorie-produit\/adidas-combat-sports-de\/kick-boxing-de\/adidas-kleidung-fur-kick-boxing\/"},{"@type":"ListItem","position":6,"name":"Adidas Kickboxing Hose lang 110T blau\/wei\u00df"}]},{"@type":"WebSite","@id":"https:\/\/www.daisho.be\/de\/#website","url":"https:\/\/www.daisho.be\/de\/","name":"Daisho","description":"Sp&eacute;cialiste de l'&eacute;quipement sportif d'arts martiaux","publisher":{"@id":"https:\/\/www.daisho.be\/de\/#organization"},"potentialAction":[{"@type":"SearchAction","target":{"@type":"EntryPoint","urlTemplate":"https:\/\/www.daisho.be\/de\/?s={search_term_string}"},"query-input":{"@type":"PropertyValueSpecification","valueRequired":true,"valueName":"search_term_string"}}],"inLanguage":"de"},{"@type":"Organization","@id":"https:\/\/www.daisho.be\/de\/#organization","name":"Daisho","url":"https:\/\/www.daisho.be\/de\/","logo":{"@type":"ImageObject","inLanguage":"de","@id":"https:\/\/www.daisho.be\/de\/#\/schema\/logo\/image\/","url":"https:\/\/www.daisho.be\/wp-content\/uploads\/2019\/07\/color-nothing-horizontale4x-e1564486100247.png","contentUrl":"https:\/\/www.daisho.be\/wp-content\/uploads\/2019\/07\/color-nothing-horizontale4x-e1564486100247.png","width":1547,"height":385,"caption":"Daisho"},"image":{"@id":"https:\/\/www.daisho.be\/de\/#\/schema\/logo\/image\/"}}]}},"_links":{"self":[{"href":"https:\/\/www.daisho.be\/de\/wp-json\/wp\/v2\/product\/561734","targetHints":{"allow":["GET"]}}],"collection":[{"href":"https:\/\/www.daisho.be\/de\/wp-json\/wp\/v2\/product"}],"about":[{"href":"https:\/\/www.daisho.be\/de\/wp-json\/wp\/v2\/types\/product"}],"replies":[{"embeddable":true,"href":"https:\/\/www.daisho.be\/de\/wp-json\/wp\/v2\/comments?post=561734"}],"wp:featuredmedia":[{"embeddable":true,"href":"https:\/\/www.daisho.be\/de\/wp-json\/wp\/v2\/media\/519645"}],"wp:attachment":[{"href":"https:\/\/www.daisho.be\/de\/wp-json\/wp\/v2\/media?parent=561734"}],"wp:term":[{"taxonomy":"product_brand","embeddable":true,"href":"https:\/\/www.daisho.be\/de\/wp-json\/wp\/v2\/product_brand?post=561734"},{"taxonomy":"product_cat","embeddable":true,"href":"https:\/\/www.daisho.be\/de\/wp-json\/wp\/v2\/product_cat?post=561734"},{"taxonomy":"product_tag","embeddable":true,"href":"https:\/\/www.daisho.be\/de\/wp-json\/wp\/v2\/product_tag?post=561734"},{"taxonomy":"sport","embeddable":true,"href":"https:\/\/www.daisho.be\/de\/wp-json\/wp\/v2\/sport?post=561734"}],"curies":[{"name":"wp","href":"https:\/\/api.w.org\/{rel}","templated":true}]}}