{"id":561484,"date":"2025-05-22T18:15:48","date_gmt":"2025-05-22T16:15:48","guid":{"rendered":"https:\/\/www.daisho.be\/produit\/adidas-top-fuer-franzoesisches-boxen\/"},"modified":"2025-05-22T18:15:48","modified_gmt":"2025-05-22T16:15:48","slug":"adidas-top-fuer-franzoesisches-boxen","status":"publish","type":"product","link":"https:\/\/www.daisho.be\/de\/produit\/adidas-top-fuer-franzoesisches-boxen\/","title":{"rendered":"Adidas-Top f\u00fcr Franz\u00f6sisches Boxen"},"content":{"rendered":"<p>adidas Tank Top &#8211; Franz\u00f6sisches Boxen \/ Savate &#8211; traditioneller Schnitt<br \/>\nDieses adidas Tank Top wurde speziell f\u00fcr das Franz\u00f6sische Boxen entwickelt.<br \/>\nAus 100 % Polyester gefertigt, verbindet es Flexibilit\u00e4t, Elastizit\u00e4t und Atmungsaktivit\u00e4t.<br \/>\nDer traditionelle, vollst\u00e4ndige Schnitt entspricht den Standards des Sports und garantiert eine optimale Passform.<br \/>\nFarbe: Schwarz mit wei\u00dfen Streifen | Material: 100 % Polyester<br \/>\n<em>Ideal f\u00fcr Training und Wettkampf<\/em>.<\/p>\n","protected":false},"excerpt":{"rendered":"<p>adidas Tank Top &#8211; Franz\u00f6sisches Boxen \/ Savate &#8211; traditioneller Schnitt Dieses adidas Tank Top wurde speziell f\u00fcr das Franz\u00f6sische Boxen entwickelt. Aus 100 % Polyester gefertigt, verbindet es Flexibilit\u00e4t, Elastizit\u00e4t und Atmungsaktivit\u00e4t. Der traditionelle, vollst\u00e4ndige Schnitt entspricht den Standards des Sports und garantiert eine optimale Passform. Farbe: Schwarz mit wei\u00dfen Streifen | Material: 100 [&hellip;]<\/p>\n","protected":false},"featured_media":520066,"comment_status":"open","ping_status":"closed","template":"","meta":{"inline_featured_image":false},"product_brand":[],"product_cat":[2284,2076,2118],"product_tag":[2178],"sport":[],"class_list":{"0":"post-561484","1":"product","2":"type-product","3":"status-publish","4":"has-post-thumbnail","6":"product_cat-adidas-kleidung-fur-das-boxen","7":"product_cat-kleidung","8":"product_cat-kleidung-kimonos","9":"product_tag-adidas-de","10":"pa_size-2xs","11":"pa_size-3xs","12":"pa_size-l","13":"pa_size-m","14":"pa_size-s","15":"pa_size-xl","16":"pa_size-xs","18":"first","19":"instock","20":"taxable","21":"shipping-taxable","22":"purchasable","23":"product-type-variable"},"yoast_head":"<!-- This site is optimized with the Yoast SEO plugin v27.2 - https:\/\/yoast.com\/product\/yoast-seo-wordpress\/ -->\n<title>Adidas-Top f\u00fcr Franz\u00f6sisches Boxen &#8211; Daisho<\/title>\n<meta name=\"description\" content=\"Adidas French Boxing Tank Top, voller Schnitt, atmungsaktives Polyester. Perfekt f\u00fcr Training und Wettkampf. Daisho.\" \/>\n<meta name=\"robots\" content=\"index, follow, max-snippet:-1, max-image-preview:large, max-video-preview:-1\" \/>\n<link rel=\"canonical\" href=\"https:\/\/www.daisho.be\/de\/produit\/adidas-top-fuer-franzoesisches-boxen\/\" \/>\n<meta property=\"og:locale\" content=\"de_DE\" \/>\n<meta property=\"og:type\" content=\"article\" \/>\n<meta property=\"og:title\" content=\"Adidas-Top f\u00fcr Franz\u00f6sisches Boxen &#8211; Daisho\" \/>\n<meta property=\"og:description\" content=\"Adidas French Boxing Tank Top, voller Schnitt, atmungsaktives Polyester. Perfekt f\u00fcr Training und Wettkampf. Daisho.\" \/>\n<meta property=\"og:url\" content=\"https:\/\/www.daisho.be\/de\/produit\/adidas-top-fuer-franzoesisches-boxen\/\" \/>\n<meta property=\"og:site_name\" content=\"Daisho\" \/>\n<meta property=\"og:image\" content=\"https:\/\/www.daisho.be\/wp-content\/uploads\/2025\/05\/image-17.jpg\" \/>\n\t<meta property=\"og:image:width\" content=\"800\" \/>\n\t<meta property=\"og:image:height\" content=\"800\" \/>\n\t<meta property=\"og:image:type\" content=\"image\/jpeg\" \/>\n<meta name=\"twitter:card\" content=\"summary_large_image\" \/>\n<script type=\"application\/ld+json\" class=\"yoast-schema-graph\">{\"@context\":\"https:\/\/schema.org\",\"@graph\":[{\"@type\":\"WebPage\",\"@id\":\"https:\/\/www.daisho.be\/de\/produit\/adidas-top-fuer-franzoesisches-boxen\/\",\"url\":\"https:\/\/www.daisho.be\/de\/produit\/adidas-top-fuer-franzoesisches-boxen\/\",\"name\":\"Adidas-Top f\u00fcr Franz\u00f6sisches Boxen &#8211; Daisho\",\"isPartOf\":{\"@id\":\"https:\/\/www.daisho.be\/de\/#website\"},\"primaryImageOfPage\":{\"@id\":\"https:\/\/www.daisho.be\/de\/produit\/adidas-top-fuer-franzoesisches-boxen\/#primaryimage\"},\"image\":{\"@id\":\"https:\/\/www.daisho.be\/de\/produit\/adidas-top-fuer-franzoesisches-boxen\/#primaryimage\"},\"thumbnailUrl\":\"https:\/\/www.daisho.be\/wp-content\/uploads\/2025\/05\/image-17.jpg\",\"datePublished\":\"2025-05-22T16:15:48+00:00\",\"description\":\"Adidas French Boxing Tank Top, voller Schnitt, atmungsaktives Polyester. Perfekt f\u00fcr Training und Wettkampf. Daisho.\",\"breadcrumb\":{\"@id\":\"https:\/\/www.daisho.be\/de\/produit\/adidas-top-fuer-franzoesisches-boxen\/#breadcrumb\"},\"inLanguage\":\"de\",\"potentialAction\":[{\"@type\":\"ReadAction\",\"target\":[\"https:\/\/www.daisho.be\/de\/produit\/adidas-top-fuer-franzoesisches-boxen\/\"]}]},{\"@type\":\"ImageObject\",\"inLanguage\":\"de\",\"@id\":\"https:\/\/www.daisho.be\/de\/produit\/adidas-top-fuer-franzoesisches-boxen\/#primaryimage\",\"url\":\"https:\/\/www.daisho.be\/wp-content\/uploads\/2025\/05\/image-17.jpg\",\"contentUrl\":\"https:\/\/www.daisho.be\/wp-content\/uploads\/2025\/05\/image-17.jpg\",\"width\":800,\"height\":800,\"caption\":\"adidas Top f\u00fcr Franz\u00f6sisches Boxen-5\"},{\"@type\":\"BreadcrumbList\",\"@id\":\"https:\/\/www.daisho.be\/de\/produit\/adidas-top-fuer-franzoesisches-boxen\/#breadcrumb\",\"itemListElement\":[{\"@type\":\"ListItem\",\"position\":1,\"name\":\"Accueil\",\"item\":\"https:\/\/www.daisho.be\/de\/\"},{\"@type\":\"ListItem\",\"position\":2,\"name\":\"Produkte\",\"item\":\"https:\/\/www.daisho.be\/de\/produkte\/\"},{\"@type\":\"ListItem\",\"position\":3,\"name\":\"ADIDAS COMBAT SPORTS\",\"item\":\"https:\/\/www.daisho.be\/de\/categorie-produit\/adidas-combat-sports-de\/\"},{\"@type\":\"ListItem\",\"position\":4,\"name\":\"Boxen\",\"item\":\"https:\/\/www.daisho.be\/de\/categorie-produit\/adidas-combat-sports-de\/boxen\/\"},{\"@type\":\"ListItem\",\"position\":5,\"name\":\"Adidas-Kleidung f\u00fcr das Boxen\",\"item\":\"https:\/\/www.daisho.be\/de\/categorie-produit\/adidas-combat-sports-de\/boxen\/adidas-kleidung-fur-das-boxen\/\"},{\"@type\":\"ListItem\",\"position\":6,\"name\":\"Adidas-Top f\u00fcr Franz\u00f6sisches Boxen\"}]},{\"@type\":\"WebSite\",\"@id\":\"https:\/\/www.daisho.be\/de\/#website\",\"url\":\"https:\/\/www.daisho.be\/de\/\",\"name\":\"Daisho\",\"description\":\"Sp&eacute;cialiste de l'&eacute;quipement sportif d'arts martiaux\",\"publisher\":{\"@id\":\"https:\/\/www.daisho.be\/de\/#organization\"},\"potentialAction\":[{\"@type\":\"SearchAction\",\"target\":{\"@type\":\"EntryPoint\",\"urlTemplate\":\"https:\/\/www.daisho.be\/de\/?s={search_term_string}\"},\"query-input\":{\"@type\":\"PropertyValueSpecification\",\"valueRequired\":true,\"valueName\":\"search_term_string\"}}],\"inLanguage\":\"de\"},{\"@type\":\"Organization\",\"@id\":\"https:\/\/www.daisho.be\/de\/#organization\",\"name\":\"Daisho\",\"url\":\"https:\/\/www.daisho.be\/de\/\",\"logo\":{\"@type\":\"ImageObject\",\"inLanguage\":\"de\",\"@id\":\"https:\/\/www.daisho.be\/de\/#\/schema\/logo\/image\/\",\"url\":\"https:\/\/www.daisho.be\/wp-content\/uploads\/2019\/07\/color-nothing-horizontale4x-e1564486100247.png\",\"contentUrl\":\"https:\/\/www.daisho.be\/wp-content\/uploads\/2019\/07\/color-nothing-horizontale4x-e1564486100247.png\",\"width\":1547,\"height\":385,\"caption\":\"Daisho\"},\"image\":{\"@id\":\"https:\/\/www.daisho.be\/de\/#\/schema\/logo\/image\/\"}}]}<\/script>\n<!-- \/ Yoast SEO plugin. -->","yoast_head_json":{"title":"Adidas-Top f\u00fcr Franz\u00f6sisches Boxen &#8211; Daisho","description":"Adidas French Boxing Tank Top, voller Schnitt, atmungsaktives Polyester. Perfekt f\u00fcr Training und Wettkampf. Daisho.","robots":{"index":"index","follow":"follow","max-snippet":"max-snippet:-1","max-image-preview":"max-image-preview:large","max-video-preview":"max-video-preview:-1"},"canonical":"https:\/\/www.daisho.be\/de\/produit\/adidas-top-fuer-franzoesisches-boxen\/","og_locale":"de_DE","og_type":"article","og_title":"Adidas-Top f\u00fcr Franz\u00f6sisches Boxen &#8211; Daisho","og_description":"Adidas French Boxing Tank Top, voller Schnitt, atmungsaktives Polyester. Perfekt f\u00fcr Training und Wettkampf. Daisho.","og_url":"https:\/\/www.daisho.be\/de\/produit\/adidas-top-fuer-franzoesisches-boxen\/","og_site_name":"Daisho","og_image":[{"width":800,"height":800,"url":"https:\/\/www.daisho.be\/wp-content\/uploads\/2025\/05\/image-17.jpg","type":"image\/jpeg"}],"twitter_card":"summary_large_image","schema":{"@context":"https:\/\/schema.org","@graph":[{"@type":"WebPage","@id":"https:\/\/www.daisho.be\/de\/produit\/adidas-top-fuer-franzoesisches-boxen\/","url":"https:\/\/www.daisho.be\/de\/produit\/adidas-top-fuer-franzoesisches-boxen\/","name":"Adidas-Top f\u00fcr Franz\u00f6sisches Boxen &#8211; Daisho","isPartOf":{"@id":"https:\/\/www.daisho.be\/de\/#website"},"primaryImageOfPage":{"@id":"https:\/\/www.daisho.be\/de\/produit\/adidas-top-fuer-franzoesisches-boxen\/#primaryimage"},"image":{"@id":"https:\/\/www.daisho.be\/de\/produit\/adidas-top-fuer-franzoesisches-boxen\/#primaryimage"},"thumbnailUrl":"https:\/\/www.daisho.be\/wp-content\/uploads\/2025\/05\/image-17.jpg","datePublished":"2025-05-22T16:15:48+00:00","description":"Adidas French Boxing Tank Top, voller Schnitt, atmungsaktives Polyester. Perfekt f\u00fcr Training und Wettkampf. Daisho.","breadcrumb":{"@id":"https:\/\/www.daisho.be\/de\/produit\/adidas-top-fuer-franzoesisches-boxen\/#breadcrumb"},"inLanguage":"de","potentialAction":[{"@type":"ReadAction","target":["https:\/\/www.daisho.be\/de\/produit\/adidas-top-fuer-franzoesisches-boxen\/"]}]},{"@type":"ImageObject","inLanguage":"de","@id":"https:\/\/www.daisho.be\/de\/produit\/adidas-top-fuer-franzoesisches-boxen\/#primaryimage","url":"https:\/\/www.daisho.be\/wp-content\/uploads\/2025\/05\/image-17.jpg","contentUrl":"https:\/\/www.daisho.be\/wp-content\/uploads\/2025\/05\/image-17.jpg","width":800,"height":800,"caption":"adidas Top f\u00fcr Franz\u00f6sisches Boxen-5"},{"@type":"BreadcrumbList","@id":"https:\/\/www.daisho.be\/de\/produit\/adidas-top-fuer-franzoesisches-boxen\/#breadcrumb","itemListElement":[{"@type":"ListItem","position":1,"name":"Accueil","item":"https:\/\/www.daisho.be\/de\/"},{"@type":"ListItem","position":2,"name":"Produkte","item":"https:\/\/www.daisho.be\/de\/produkte\/"},{"@type":"ListItem","position":3,"name":"ADIDAS COMBAT SPORTS","item":"https:\/\/www.daisho.be\/de\/categorie-produit\/adidas-combat-sports-de\/"},{"@type":"ListItem","position":4,"name":"Boxen","item":"https:\/\/www.daisho.be\/de\/categorie-produit\/adidas-combat-sports-de\/boxen\/"},{"@type":"ListItem","position":5,"name":"Adidas-Kleidung f\u00fcr das Boxen","item":"https:\/\/www.daisho.be\/de\/categorie-produit\/adidas-combat-sports-de\/boxen\/adidas-kleidung-fur-das-boxen\/"},{"@type":"ListItem","position":6,"name":"Adidas-Top f\u00fcr Franz\u00f6sisches Boxen"}]},{"@type":"WebSite","@id":"https:\/\/www.daisho.be\/de\/#website","url":"https:\/\/www.daisho.be\/de\/","name":"Daisho","description":"Sp&eacute;cialiste de l'&eacute;quipement sportif d'arts martiaux","publisher":{"@id":"https:\/\/www.daisho.be\/de\/#organization"},"potentialAction":[{"@type":"SearchAction","target":{"@type":"EntryPoint","urlTemplate":"https:\/\/www.daisho.be\/de\/?s={search_term_string}"},"query-input":{"@type":"PropertyValueSpecification","valueRequired":true,"valueName":"search_term_string"}}],"inLanguage":"de"},{"@type":"Organization","@id":"https:\/\/www.daisho.be\/de\/#organization","name":"Daisho","url":"https:\/\/www.daisho.be\/de\/","logo":{"@type":"ImageObject","inLanguage":"de","@id":"https:\/\/www.daisho.be\/de\/#\/schema\/logo\/image\/","url":"https:\/\/www.daisho.be\/wp-content\/uploads\/2019\/07\/color-nothing-horizontale4x-e1564486100247.png","contentUrl":"https:\/\/www.daisho.be\/wp-content\/uploads\/2019\/07\/color-nothing-horizontale4x-e1564486100247.png","width":1547,"height":385,"caption":"Daisho"},"image":{"@id":"https:\/\/www.daisho.be\/de\/#\/schema\/logo\/image\/"}}]}},"_links":{"self":[{"href":"https:\/\/www.daisho.be\/de\/wp-json\/wp\/v2\/product\/561484","targetHints":{"allow":["GET"]}}],"collection":[{"href":"https:\/\/www.daisho.be\/de\/wp-json\/wp\/v2\/product"}],"about":[{"href":"https:\/\/www.daisho.be\/de\/wp-json\/wp\/v2\/types\/product"}],"replies":[{"embeddable":true,"href":"https:\/\/www.daisho.be\/de\/wp-json\/wp\/v2\/comments?post=561484"}],"wp:featuredmedia":[{"embeddable":true,"href":"https:\/\/www.daisho.be\/de\/wp-json\/wp\/v2\/media\/520066"}],"wp:attachment":[{"href":"https:\/\/www.daisho.be\/de\/wp-json\/wp\/v2\/media?parent=561484"}],"wp:term":[{"taxonomy":"product_brand","embeddable":true,"href":"https:\/\/www.daisho.be\/de\/wp-json\/wp\/v2\/product_brand?post=561484"},{"taxonomy":"product_cat","embeddable":true,"href":"https:\/\/www.daisho.be\/de\/wp-json\/wp\/v2\/product_cat?post=561484"},{"taxonomy":"product_tag","embeddable":true,"href":"https:\/\/www.daisho.be\/de\/wp-json\/wp\/v2\/product_tag?post=561484"},{"taxonomy":"sport","embeddable":true,"href":"https:\/\/www.daisho.be\/de\/wp-json\/wp\/v2\/sport?post=561484"}],"curies":[{"name":"wp","href":"https:\/\/api.w.org\/{rel}","templated":true}]}}