{"id":561408,"date":"2025-06-01T23:25:16","date_gmt":"2025-06-01T21:25:16","guid":{"rendered":"https:\/\/www.daisho.be\/produit\/ensemble-karategi-tokaido-kata-master-duo-wkf\/"},"modified":"2026-03-04T14:53:51","modified_gmt":"2026-03-04T13:53:51","slug":"ensemble-karategi-tokaido-kata-master-duo-wkf","status":"publish","type":"product","link":"https:\/\/www.daisho.be\/de\/produit\/ensemble-karategi-tokaido-kata-master-duo-wkf\/","title":{"rendered":"ENSEMBLE KARATEGI TOKAIDO KATA MASTER DUO &#8211; WKF"},"content":{"rendered":"<p>Karate Gi Set, TOKAIDO Kata Master Duo, WKF, 14 oz<br \/>\nDieser hochwertige Karategi bietet maximale Vielseitigkeit und Komfort f\u00fcr das Training und den Wettkampf. Dieser hochwertige Karategi ist die ideale Wahl f\u00fcr Wettk\u00e4mpfe und Kata-Meisterschaften.<br \/>\nDer Stoff, der speziell f\u00fcr Kata entwickelt wurde, besticht durch seine au\u00dfergew\u00f6hnliche Qualit\u00e4t und unterstreicht jede Bewegung durch einen deutlichen &#8222;Snap&#8220;-Effekt.<\/p>\n<p>Es besteht aus einer Hose und zwei Jacken (mit roter und blauer Stickerei), die einen schnellen Wechsel entsprechend den Anforderungen des Wettbewerbs erm\u00f6glichen.<\/p>\n<p>Technische Daten:<br \/>\n&#8211; Farbe: Wei\u00df<br \/>\n&#8211; Geeignet f\u00fcr: Kata<br \/>\n&#8211; Dicke: 14 oz.<br \/>\n&#8211; Passform: Slim Fit<br \/>\n&#8211; Stoff: 65 % Baumwolle, 35 % Polyester<br \/>\n&#8211; Empfohlen f\u00fcr: Berufst\u00e4tige<br \/>\n&#8211; Sportarten: Karate<br \/>\n&#8211; Lieferumfang: 2 Jacken + 1 Hose<\/p>\n","protected":false},"excerpt":{"rendered":"<p>Karate Gi Set, TOKAIDO Kata Master Duo, WKF, 14 oz Dieser hochwertige Karategi bietet maximale Vielseitigkeit und Komfort f\u00fcr das Training und den Wettkampf. Dieser hochwertige Karategi ist die ideale Wahl f\u00fcr Wettk\u00e4mpfe und Kata-Meisterschaften. Der Stoff, der speziell f\u00fcr Kata entwickelt wurde, besticht durch seine au\u00dfergew\u00f6hnliche Qualit\u00e4t und unterstreicht jede Bewegung durch einen deutlichen [&hellip;]<\/p>\n","protected":false},"featured_media":521943,"comment_status":"open","ping_status":"closed","template":"","meta":{"inline_featured_image":false},"product_brand":[],"product_cat":[2008,2118],"product_tag":[2004],"sport":[],"class_list":{"0":"post-561408","1":"product","2":"type-product","3":"status-publish","4":"has-post-thumbnail","6":"product_cat-karate-kimonos-de","7":"product_cat-kleidung-kimonos","8":"product_tag-tokaido-de","9":"pa_size-381","10":"pa_size-380","11":"pa_size-379","12":"pa_size-387","13":"pa_size-378","14":"pa_size-386","15":"pa_size-377","16":"pa_size-385","17":"pa_size-376","18":"pa_size-384","19":"pa_size-383","21":"first","22":"instock","23":"taxable","24":"shipping-taxable","25":"purchasable","26":"product-type-variable"},"yoast_head":"<!-- This site is optimized with the Yoast SEO plugin v27.2 - https:\/\/yoast.com\/product\/yoast-seo-wordpress\/ -->\n<title>ENSEMBLE KARATEGI TOKAIDO KATA MASTER DUO - WKF &#8211; Daisho<\/title>\n<meta name=\"description\" content=\"Hochwertiger Karategi, der maximale Vielseitigkeit und Komfort f\u00fcr das Training und den Wettkampf bietet. Sie finden es auf www.daisho.be | Daisho\" \/>\n<meta name=\"robots\" content=\"index, follow, max-snippet:-1, max-image-preview:large, max-video-preview:-1\" \/>\n<link rel=\"canonical\" href=\"https:\/\/www.daisho.be\/de\/produit\/ensemble-karategi-tokaido-kata-master-duo-wkf\/\" \/>\n<meta property=\"og:locale\" content=\"de_DE\" \/>\n<meta property=\"og:type\" content=\"article\" \/>\n<meta property=\"og:title\" content=\"ENSEMBLE KARATEGI TOKAIDO KATA MASTER DUO - WKF &#8211; Daisho\" \/>\n<meta property=\"og:description\" content=\"Hochwertiger Karategi, der maximale Vielseitigkeit und Komfort f\u00fcr das Training und den Wettkampf bietet. Sie finden es auf www.daisho.be | Daisho\" \/>\n<meta property=\"og:url\" content=\"https:\/\/www.daisho.be\/de\/produit\/ensemble-karategi-tokaido-kata-master-duo-wkf\/\" \/>\n<meta property=\"og:site_name\" content=\"Daisho\" \/>\n<meta property=\"article:modified_time\" content=\"2026-03-04T13:53:51+00:00\" \/>\n<meta property=\"og:image\" content=\"https:\/\/www.daisho.be\/wp-content\/uploads\/2025\/06\/image.jpg\" \/>\n\t<meta property=\"og:image:width\" content=\"800\" \/>\n\t<meta property=\"og:image:height\" content=\"1280\" \/>\n\t<meta property=\"og:image:type\" content=\"image\/jpeg\" \/>\n<meta name=\"twitter:card\" content=\"summary_large_image\" \/>\n<meta name=\"twitter:label1\" content=\"Gesch\u00e4tzte Lesezeit\" \/>\n\t<meta name=\"twitter:data1\" content=\"1\u00a0Minute\" \/>\n<script type=\"application\/ld+json\" class=\"yoast-schema-graph\">{\"@context\":\"https:\/\/schema.org\",\"@graph\":[{\"@type\":\"WebPage\",\"@id\":\"https:\/\/www.daisho.be\/de\/produit\/ensemble-karategi-tokaido-kata-master-duo-wkf\/\",\"url\":\"https:\/\/www.daisho.be\/de\/produit\/ensemble-karategi-tokaido-kata-master-duo-wkf\/\",\"name\":\"ENSEMBLE KARATEGI TOKAIDO KATA MASTER DUO - WKF &#8211; Daisho\",\"isPartOf\":{\"@id\":\"https:\/\/www.daisho.be\/de\/#website\"},\"primaryImageOfPage\":{\"@id\":\"https:\/\/www.daisho.be\/de\/produit\/ensemble-karategi-tokaido-kata-master-duo-wkf\/#primaryimage\"},\"image\":{\"@id\":\"https:\/\/www.daisho.be\/de\/produit\/ensemble-karategi-tokaido-kata-master-duo-wkf\/#primaryimage\"},\"thumbnailUrl\":\"https:\/\/www.daisho.be\/wp-content\/uploads\/2025\/06\/image.jpg\",\"datePublished\":\"2025-06-01T21:25:16+00:00\",\"dateModified\":\"2026-03-04T13:53:51+00:00\",\"description\":\"Hochwertiger Karategi, der maximale Vielseitigkeit und Komfort f\u00fcr das Training und den Wettkampf bietet. Sie finden es auf www.daisho.be | Daisho\",\"breadcrumb\":{\"@id\":\"https:\/\/www.daisho.be\/de\/produit\/ensemble-karategi-tokaido-kata-master-duo-wkf\/#breadcrumb\"},\"inLanguage\":\"de\",\"potentialAction\":[{\"@type\":\"ReadAction\",\"target\":[\"https:\/\/www.daisho.be\/de\/produit\/ensemble-karategi-tokaido-kata-master-duo-wkf\/\"]}]},{\"@type\":\"ImageObject\",\"inLanguage\":\"de\",\"@id\":\"https:\/\/www.daisho.be\/de\/produit\/ensemble-karategi-tokaido-kata-master-duo-wkf\/#primaryimage\",\"url\":\"https:\/\/www.daisho.be\/wp-content\/uploads\/2025\/06\/image.jpg\",\"contentUrl\":\"https:\/\/www.daisho.be\/wp-content\/uploads\/2025\/06\/image.jpg\",\"width\":800,\"height\":1280,\"caption\":\"ENSEMBLE KARATEGI TOKAIDO KATA MASTER DUO - WKF-1\"},{\"@type\":\"BreadcrumbList\",\"@id\":\"https:\/\/www.daisho.be\/de\/produit\/ensemble-karategi-tokaido-kata-master-duo-wkf\/#breadcrumb\",\"itemListElement\":[{\"@type\":\"ListItem\",\"position\":1,\"name\":\"Accueil\",\"item\":\"https:\/\/www.daisho.be\/de\/\"},{\"@type\":\"ListItem\",\"position\":2,\"name\":\"Produkte\",\"item\":\"https:\/\/www.daisho.be\/de\/produkte\/\"},{\"@type\":\"ListItem\",\"position\":3,\"name\":\"Ausr\u00fcstung und Kleidung f\u00fcr Kampfkunst und Kampfsport\",\"item\":\"https:\/\/www.daisho.be\/de\/categorie-produit\/ausrustung-und-kleidung-fur-kampfkunst-und-kampfsport\/\"},{\"@type\":\"ListItem\",\"position\":4,\"name\":\"Karate\",\"item\":\"https:\/\/www.daisho.be\/de\/categorie-produit\/ausrustung-und-kleidung-fur-kampfkunst-und-kampfsport\/karate-de-2\/\"},{\"@type\":\"ListItem\",\"position\":5,\"name\":\"Karate-Kimonos\",\"item\":\"https:\/\/www.daisho.be\/de\/categorie-produit\/ausrustung-und-kleidung-fur-kampfkunst-und-kampfsport\/karate-de-2\/karate-kimonos-de\/\"},{\"@type\":\"ListItem\",\"position\":6,\"name\":\"ENSEMBLE KARATEGI TOKAIDO KATA MASTER DUO &#8211; WKF\"}]},{\"@type\":\"WebSite\",\"@id\":\"https:\/\/www.daisho.be\/de\/#website\",\"url\":\"https:\/\/www.daisho.be\/de\/\",\"name\":\"Daisho\",\"description\":\"Sp&eacute;cialiste de l'&eacute;quipement sportif d'arts martiaux\",\"publisher\":{\"@id\":\"https:\/\/www.daisho.be\/de\/#organization\"},\"potentialAction\":[{\"@type\":\"SearchAction\",\"target\":{\"@type\":\"EntryPoint\",\"urlTemplate\":\"https:\/\/www.daisho.be\/de\/?s={search_term_string}\"},\"query-input\":{\"@type\":\"PropertyValueSpecification\",\"valueRequired\":true,\"valueName\":\"search_term_string\"}}],\"inLanguage\":\"de\"},{\"@type\":\"Organization\",\"@id\":\"https:\/\/www.daisho.be\/de\/#organization\",\"name\":\"Daisho\",\"url\":\"https:\/\/www.daisho.be\/de\/\",\"logo\":{\"@type\":\"ImageObject\",\"inLanguage\":\"de\",\"@id\":\"https:\/\/www.daisho.be\/de\/#\/schema\/logo\/image\/\",\"url\":\"https:\/\/www.daisho.be\/wp-content\/uploads\/2019\/07\/color-nothing-horizontale4x-e1564486100247.png\",\"contentUrl\":\"https:\/\/www.daisho.be\/wp-content\/uploads\/2019\/07\/color-nothing-horizontale4x-e1564486100247.png\",\"width\":1547,\"height\":385,\"caption\":\"Daisho\"},\"image\":{\"@id\":\"https:\/\/www.daisho.be\/de\/#\/schema\/logo\/image\/\"}}]}<\/script>\n<!-- \/ Yoast SEO plugin. -->","yoast_head_json":{"title":"ENSEMBLE KARATEGI TOKAIDO KATA MASTER DUO - WKF &#8211; Daisho","description":"Hochwertiger Karategi, der maximale Vielseitigkeit und Komfort f\u00fcr das Training und den Wettkampf bietet. Sie finden es auf www.daisho.be | Daisho","robots":{"index":"index","follow":"follow","max-snippet":"max-snippet:-1","max-image-preview":"max-image-preview:large","max-video-preview":"max-video-preview:-1"},"canonical":"https:\/\/www.daisho.be\/de\/produit\/ensemble-karategi-tokaido-kata-master-duo-wkf\/","og_locale":"de_DE","og_type":"article","og_title":"ENSEMBLE KARATEGI TOKAIDO KATA MASTER DUO - WKF &#8211; Daisho","og_description":"Hochwertiger Karategi, der maximale Vielseitigkeit und Komfort f\u00fcr das Training und den Wettkampf bietet. Sie finden es auf www.daisho.be | Daisho","og_url":"https:\/\/www.daisho.be\/de\/produit\/ensemble-karategi-tokaido-kata-master-duo-wkf\/","og_site_name":"Daisho","article_modified_time":"2026-03-04T13:53:51+00:00","og_image":[{"width":800,"height":1280,"url":"https:\/\/www.daisho.be\/wp-content\/uploads\/2025\/06\/image.jpg","type":"image\/jpeg"}],"twitter_card":"summary_large_image","twitter_misc":{"Gesch\u00e4tzte Lesezeit":"1\u00a0Minute"},"schema":{"@context":"https:\/\/schema.org","@graph":[{"@type":"WebPage","@id":"https:\/\/www.daisho.be\/de\/produit\/ensemble-karategi-tokaido-kata-master-duo-wkf\/","url":"https:\/\/www.daisho.be\/de\/produit\/ensemble-karategi-tokaido-kata-master-duo-wkf\/","name":"ENSEMBLE KARATEGI TOKAIDO KATA MASTER DUO - WKF &#8211; Daisho","isPartOf":{"@id":"https:\/\/www.daisho.be\/de\/#website"},"primaryImageOfPage":{"@id":"https:\/\/www.daisho.be\/de\/produit\/ensemble-karategi-tokaido-kata-master-duo-wkf\/#primaryimage"},"image":{"@id":"https:\/\/www.daisho.be\/de\/produit\/ensemble-karategi-tokaido-kata-master-duo-wkf\/#primaryimage"},"thumbnailUrl":"https:\/\/www.daisho.be\/wp-content\/uploads\/2025\/06\/image.jpg","datePublished":"2025-06-01T21:25:16+00:00","dateModified":"2026-03-04T13:53:51+00:00","description":"Hochwertiger Karategi, der maximale Vielseitigkeit und Komfort f\u00fcr das Training und den Wettkampf bietet. Sie finden es auf www.daisho.be | Daisho","breadcrumb":{"@id":"https:\/\/www.daisho.be\/de\/produit\/ensemble-karategi-tokaido-kata-master-duo-wkf\/#breadcrumb"},"inLanguage":"de","potentialAction":[{"@type":"ReadAction","target":["https:\/\/www.daisho.be\/de\/produit\/ensemble-karategi-tokaido-kata-master-duo-wkf\/"]}]},{"@type":"ImageObject","inLanguage":"de","@id":"https:\/\/www.daisho.be\/de\/produit\/ensemble-karategi-tokaido-kata-master-duo-wkf\/#primaryimage","url":"https:\/\/www.daisho.be\/wp-content\/uploads\/2025\/06\/image.jpg","contentUrl":"https:\/\/www.daisho.be\/wp-content\/uploads\/2025\/06\/image.jpg","width":800,"height":1280,"caption":"ENSEMBLE KARATEGI TOKAIDO KATA MASTER DUO - WKF-1"},{"@type":"BreadcrumbList","@id":"https:\/\/www.daisho.be\/de\/produit\/ensemble-karategi-tokaido-kata-master-duo-wkf\/#breadcrumb","itemListElement":[{"@type":"ListItem","position":1,"name":"Accueil","item":"https:\/\/www.daisho.be\/de\/"},{"@type":"ListItem","position":2,"name":"Produkte","item":"https:\/\/www.daisho.be\/de\/produkte\/"},{"@type":"ListItem","position":3,"name":"Ausr\u00fcstung und Kleidung f\u00fcr Kampfkunst und Kampfsport","item":"https:\/\/www.daisho.be\/de\/categorie-produit\/ausrustung-und-kleidung-fur-kampfkunst-und-kampfsport\/"},{"@type":"ListItem","position":4,"name":"Karate","item":"https:\/\/www.daisho.be\/de\/categorie-produit\/ausrustung-und-kleidung-fur-kampfkunst-und-kampfsport\/karate-de-2\/"},{"@type":"ListItem","position":5,"name":"Karate-Kimonos","item":"https:\/\/www.daisho.be\/de\/categorie-produit\/ausrustung-und-kleidung-fur-kampfkunst-und-kampfsport\/karate-de-2\/karate-kimonos-de\/"},{"@type":"ListItem","position":6,"name":"ENSEMBLE KARATEGI TOKAIDO KATA MASTER DUO &#8211; WKF"}]},{"@type":"WebSite","@id":"https:\/\/www.daisho.be\/de\/#website","url":"https:\/\/www.daisho.be\/de\/","name":"Daisho","description":"Sp&eacute;cialiste de l'&eacute;quipement sportif d'arts martiaux","publisher":{"@id":"https:\/\/www.daisho.be\/de\/#organization"},"potentialAction":[{"@type":"SearchAction","target":{"@type":"EntryPoint","urlTemplate":"https:\/\/www.daisho.be\/de\/?s={search_term_string}"},"query-input":{"@type":"PropertyValueSpecification","valueRequired":true,"valueName":"search_term_string"}}],"inLanguage":"de"},{"@type":"Organization","@id":"https:\/\/www.daisho.be\/de\/#organization","name":"Daisho","url":"https:\/\/www.daisho.be\/de\/","logo":{"@type":"ImageObject","inLanguage":"de","@id":"https:\/\/www.daisho.be\/de\/#\/schema\/logo\/image\/","url":"https:\/\/www.daisho.be\/wp-content\/uploads\/2019\/07\/color-nothing-horizontale4x-e1564486100247.png","contentUrl":"https:\/\/www.daisho.be\/wp-content\/uploads\/2019\/07\/color-nothing-horizontale4x-e1564486100247.png","width":1547,"height":385,"caption":"Daisho"},"image":{"@id":"https:\/\/www.daisho.be\/de\/#\/schema\/logo\/image\/"}}]}},"_links":{"self":[{"href":"https:\/\/www.daisho.be\/de\/wp-json\/wp\/v2\/product\/561408","targetHints":{"allow":["GET"]}}],"collection":[{"href":"https:\/\/www.daisho.be\/de\/wp-json\/wp\/v2\/product"}],"about":[{"href":"https:\/\/www.daisho.be\/de\/wp-json\/wp\/v2\/types\/product"}],"replies":[{"embeddable":true,"href":"https:\/\/www.daisho.be\/de\/wp-json\/wp\/v2\/comments?post=561408"}],"wp:featuredmedia":[{"embeddable":true,"href":"https:\/\/www.daisho.be\/de\/wp-json\/wp\/v2\/media\/521943"}],"wp:attachment":[{"href":"https:\/\/www.daisho.be\/de\/wp-json\/wp\/v2\/media?parent=561408"}],"wp:term":[{"taxonomy":"product_brand","embeddable":true,"href":"https:\/\/www.daisho.be\/de\/wp-json\/wp\/v2\/product_brand?post=561408"},{"taxonomy":"product_cat","embeddable":true,"href":"https:\/\/www.daisho.be\/de\/wp-json\/wp\/v2\/product_cat?post=561408"},{"taxonomy":"product_tag","embeddable":true,"href":"https:\/\/www.daisho.be\/de\/wp-json\/wp\/v2\/product_tag?post=561408"},{"taxonomy":"sport","embeddable":true,"href":"https:\/\/www.daisho.be\/de\/wp-json\/wp\/v2\/sport?post=561408"}],"curies":[{"name":"wp","href":"https:\/\/api.w.org\/{rel}","templated":true}]}}