{"id":561396,"date":"2025-06-01T23:44:05","date_gmt":"2025-06-01T21:44:05","guid":{"rendered":"https:\/\/www.daisho.be\/produit\/tokaido-kata-master-duo-karategi-hose-wkf\/"},"modified":"2026-02-17T15:30:26","modified_gmt":"2026-02-17T14:30:26","slug":"tokaido-kata-master-duo-karategi-hose-wkf","status":"publish","type":"product","link":"https:\/\/www.daisho.be\/de\/produit\/tokaido-kata-master-duo-karategi-hose-wkf\/","title":{"rendered":"TOKAIDO KATA MASTER DUO KARATEGI HOSE &#8211; WKF"},"content":{"rendered":"<p>Karate Gi Hose, TOKAIDO Kata Master Duo, WKF, 14 oz<br \/>\nDiese hochwertige Karategi Hose ist die ideale Wahl f\u00fcr Kata Wettk\u00e4mpfe und Meisterschaften.<br \/>\nDer speziell f\u00fcr Kata entwickelte Stoff besticht durch seine hervorragende Qualit\u00e4t und unterstreicht jede Bewegung durch einen klaren &#8222;Snap&#8220; Effekt.<\/p>\n<p>Technische Daten:<br \/>\n&#8211; Farbe: Wei\u00df<br \/>\n&#8211; Geeignet f\u00fcr: Kata<br \/>\n&#8211; Dicke: 14 oz.<br \/>\n-. Passform: Slim Fit<br \/>\n&#8211; Stoff: 65 % Baumwolle, 35 % Polyester<br \/>\n&#8211; Empfohlen f\u00fcr: Berufst\u00e4tige<br \/>\n&#8211; Sportarten: Karate<\/p>\n","protected":false},"excerpt":{"rendered":"<p>Karate Gi Hose, TOKAIDO Kata Master Duo, WKF, 14 oz Diese hochwertige Karategi Hose ist die ideale Wahl f\u00fcr Kata Wettk\u00e4mpfe und Meisterschaften. Der speziell f\u00fcr Kata entwickelte Stoff besticht durch seine hervorragende Qualit\u00e4t und unterstreicht jede Bewegung durch einen klaren &#8222;Snap&#8220; Effekt. Technische Daten: &#8211; Farbe: Wei\u00df &#8211; Geeignet f\u00fcr: Kata &#8211; Dicke: 14 [&hellip;]<\/p>\n","protected":false},"featured_media":522078,"comment_status":"open","ping_status":"closed","template":"","meta":{"inline_featured_image":false},"product_brand":[],"product_cat":[2008,2118],"product_tag":[2004],"sport":[],"class_list":{"0":"post-561396","1":"product","2":"type-product","3":"status-publish","4":"has-post-thumbnail","6":"product_cat-karate-kimonos-de","7":"product_cat-kleidung-kimonos","8":"product_tag-tokaido-de","9":"pa_size-381","10":"pa_size-380","11":"pa_size-379","12":"pa_size-387","13":"pa_size-378","14":"pa_size-386","15":"pa_size-377","16":"pa_size-385","17":"pa_size-376","18":"pa_size-384","19":"pa_size-383","21":"first","22":"instock","23":"taxable","24":"shipping-taxable","25":"purchasable","26":"product-type-variable"},"yoast_head":"<!-- This site is optimized with the Yoast SEO plugin v27.2 - https:\/\/yoast.com\/product\/yoast-seo-wordpress\/ -->\n<title>TOKAIDO KATA MASTER DUO KARATEGI HOSE - WKF &#8211; Daisho<\/title>\n<meta name=\"description\" content=\"Hochwertige Karategi-Hose, ideal f\u00fcr Kata-Wettbewerbe und -Meisterschaften. Entspricht der WKF. Finden Sie sie auf www.daisho.be | Daisho\" \/>\n<meta name=\"robots\" content=\"index, follow, max-snippet:-1, max-image-preview:large, max-video-preview:-1\" \/>\n<link rel=\"canonical\" href=\"https:\/\/www.daisho.be\/de\/produit\/tokaido-kata-master-duo-karategi-hose-wkf\/\" \/>\n<meta property=\"og:locale\" content=\"de_DE\" \/>\n<meta property=\"og:type\" content=\"article\" \/>\n<meta property=\"og:title\" content=\"TOKAIDO KATA MASTER DUO KARATEGI HOSE - WKF &#8211; Daisho\" \/>\n<meta property=\"og:description\" content=\"Hochwertige Karategi-Hose, ideal f\u00fcr Kata-Wettbewerbe und -Meisterschaften. Entspricht der WKF. Finden Sie sie auf www.daisho.be | Daisho\" \/>\n<meta property=\"og:url\" content=\"https:\/\/www.daisho.be\/de\/produit\/tokaido-kata-master-duo-karategi-hose-wkf\/\" \/>\n<meta property=\"og:site_name\" content=\"Daisho\" \/>\n<meta property=\"article:modified_time\" content=\"2026-02-17T14:30:26+00:00\" \/>\n<meta property=\"og:image\" content=\"https:\/\/www.daisho.be\/wp-content\/uploads\/2025\/06\/image-14.jpg\" \/>\n\t<meta property=\"og:image:width\" content=\"800\" \/>\n\t<meta property=\"og:image:height\" content=\"1280\" \/>\n\t<meta property=\"og:image:type\" content=\"image\/jpeg\" \/>\n<meta name=\"twitter:card\" content=\"summary_large_image\" \/>\n<script type=\"application\/ld+json\" class=\"yoast-schema-graph\">{\"@context\":\"https:\/\/schema.org\",\"@graph\":[{\"@type\":\"WebPage\",\"@id\":\"https:\/\/www.daisho.be\/de\/produit\/tokaido-kata-master-duo-karategi-hose-wkf\/\",\"url\":\"https:\/\/www.daisho.be\/de\/produit\/tokaido-kata-master-duo-karategi-hose-wkf\/\",\"name\":\"TOKAIDO KATA MASTER DUO KARATEGI HOSE - WKF &#8211; Daisho\",\"isPartOf\":{\"@id\":\"https:\/\/www.daisho.be\/de\/#website\"},\"primaryImageOfPage\":{\"@id\":\"https:\/\/www.daisho.be\/de\/produit\/tokaido-kata-master-duo-karategi-hose-wkf\/#primaryimage\"},\"image\":{\"@id\":\"https:\/\/www.daisho.be\/de\/produit\/tokaido-kata-master-duo-karategi-hose-wkf\/#primaryimage\"},\"thumbnailUrl\":\"https:\/\/www.daisho.be\/wp-content\/uploads\/2025\/06\/image-14.jpg\",\"datePublished\":\"2025-06-01T21:44:05+00:00\",\"dateModified\":\"2026-02-17T14:30:26+00:00\",\"description\":\"Hochwertige Karategi-Hose, ideal f\u00fcr Kata-Wettbewerbe und -Meisterschaften. Entspricht der WKF. Finden Sie sie auf www.daisho.be | Daisho\",\"breadcrumb\":{\"@id\":\"https:\/\/www.daisho.be\/de\/produit\/tokaido-kata-master-duo-karategi-hose-wkf\/#breadcrumb\"},\"inLanguage\":\"de\",\"potentialAction\":[{\"@type\":\"ReadAction\",\"target\":[\"https:\/\/www.daisho.be\/de\/produit\/tokaido-kata-master-duo-karategi-hose-wkf\/\"]}]},{\"@type\":\"ImageObject\",\"inLanguage\":\"de\",\"@id\":\"https:\/\/www.daisho.be\/de\/produit\/tokaido-kata-master-duo-karategi-hose-wkf\/#primaryimage\",\"url\":\"https:\/\/www.daisho.be\/wp-content\/uploads\/2025\/06\/image-14.jpg\",\"contentUrl\":\"https:\/\/www.daisho.be\/wp-content\/uploads\/2025\/06\/image-14.jpg\",\"width\":800,\"height\":1280,\"caption\":\"TOKAIDO KATA MASTER DUO KARATEGI HOSE - WKF-1\"},{\"@type\":\"BreadcrumbList\",\"@id\":\"https:\/\/www.daisho.be\/de\/produit\/tokaido-kata-master-duo-karategi-hose-wkf\/#breadcrumb\",\"itemListElement\":[{\"@type\":\"ListItem\",\"position\":1,\"name\":\"Accueil\",\"item\":\"https:\/\/www.daisho.be\/de\/\"},{\"@type\":\"ListItem\",\"position\":2,\"name\":\"Produkte\",\"item\":\"https:\/\/www.daisho.be\/de\/produkte\/\"},{\"@type\":\"ListItem\",\"position\":3,\"name\":\"Ausr\u00fcstung und Kleidung f\u00fcr Kampfkunst und Kampfsport\",\"item\":\"https:\/\/www.daisho.be\/de\/categorie-produit\/ausrustung-und-kleidung-fur-kampfkunst-und-kampfsport\/\"},{\"@type\":\"ListItem\",\"position\":4,\"name\":\"Karate\",\"item\":\"https:\/\/www.daisho.be\/de\/categorie-produit\/ausrustung-und-kleidung-fur-kampfkunst-und-kampfsport\/karate-de-2\/\"},{\"@type\":\"ListItem\",\"position\":5,\"name\":\"Karate-Kimonos\",\"item\":\"https:\/\/www.daisho.be\/de\/categorie-produit\/ausrustung-und-kleidung-fur-kampfkunst-und-kampfsport\/karate-de-2\/karate-kimonos-de\/\"},{\"@type\":\"ListItem\",\"position\":6,\"name\":\"TOKAIDO KATA MASTER DUO KARATEGI HOSE &#8211; WKF\"}]},{\"@type\":\"WebSite\",\"@id\":\"https:\/\/www.daisho.be\/de\/#website\",\"url\":\"https:\/\/www.daisho.be\/de\/\",\"name\":\"Daisho\",\"description\":\"Sp&eacute;cialiste de l'&eacute;quipement sportif d'arts martiaux\",\"publisher\":{\"@id\":\"https:\/\/www.daisho.be\/de\/#organization\"},\"potentialAction\":[{\"@type\":\"SearchAction\",\"target\":{\"@type\":\"EntryPoint\",\"urlTemplate\":\"https:\/\/www.daisho.be\/de\/?s={search_term_string}\"},\"query-input\":{\"@type\":\"PropertyValueSpecification\",\"valueRequired\":true,\"valueName\":\"search_term_string\"}}],\"inLanguage\":\"de\"},{\"@type\":\"Organization\",\"@id\":\"https:\/\/www.daisho.be\/de\/#organization\",\"name\":\"Daisho\",\"url\":\"https:\/\/www.daisho.be\/de\/\",\"logo\":{\"@type\":\"ImageObject\",\"inLanguage\":\"de\",\"@id\":\"https:\/\/www.daisho.be\/de\/#\/schema\/logo\/image\/\",\"url\":\"https:\/\/www.daisho.be\/wp-content\/uploads\/2019\/07\/color-nothing-horizontale4x-e1564486100247.png\",\"contentUrl\":\"https:\/\/www.daisho.be\/wp-content\/uploads\/2019\/07\/color-nothing-horizontale4x-e1564486100247.png\",\"width\":1547,\"height\":385,\"caption\":\"Daisho\"},\"image\":{\"@id\":\"https:\/\/www.daisho.be\/de\/#\/schema\/logo\/image\/\"}}]}<\/script>\n<!-- \/ Yoast SEO plugin. -->","yoast_head_json":{"title":"TOKAIDO KATA MASTER DUO KARATEGI HOSE - WKF &#8211; Daisho","description":"Hochwertige Karategi-Hose, ideal f\u00fcr Kata-Wettbewerbe und -Meisterschaften. Entspricht der WKF. Finden Sie sie auf www.daisho.be | Daisho","robots":{"index":"index","follow":"follow","max-snippet":"max-snippet:-1","max-image-preview":"max-image-preview:large","max-video-preview":"max-video-preview:-1"},"canonical":"https:\/\/www.daisho.be\/de\/produit\/tokaido-kata-master-duo-karategi-hose-wkf\/","og_locale":"de_DE","og_type":"article","og_title":"TOKAIDO KATA MASTER DUO KARATEGI HOSE - WKF &#8211; Daisho","og_description":"Hochwertige Karategi-Hose, ideal f\u00fcr Kata-Wettbewerbe und -Meisterschaften. Entspricht der WKF. Finden Sie sie auf www.daisho.be | Daisho","og_url":"https:\/\/www.daisho.be\/de\/produit\/tokaido-kata-master-duo-karategi-hose-wkf\/","og_site_name":"Daisho","article_modified_time":"2026-02-17T14:30:26+00:00","og_image":[{"width":800,"height":1280,"url":"https:\/\/www.daisho.be\/wp-content\/uploads\/2025\/06\/image-14.jpg","type":"image\/jpeg"}],"twitter_card":"summary_large_image","schema":{"@context":"https:\/\/schema.org","@graph":[{"@type":"WebPage","@id":"https:\/\/www.daisho.be\/de\/produit\/tokaido-kata-master-duo-karategi-hose-wkf\/","url":"https:\/\/www.daisho.be\/de\/produit\/tokaido-kata-master-duo-karategi-hose-wkf\/","name":"TOKAIDO KATA MASTER DUO KARATEGI HOSE - WKF &#8211; Daisho","isPartOf":{"@id":"https:\/\/www.daisho.be\/de\/#website"},"primaryImageOfPage":{"@id":"https:\/\/www.daisho.be\/de\/produit\/tokaido-kata-master-duo-karategi-hose-wkf\/#primaryimage"},"image":{"@id":"https:\/\/www.daisho.be\/de\/produit\/tokaido-kata-master-duo-karategi-hose-wkf\/#primaryimage"},"thumbnailUrl":"https:\/\/www.daisho.be\/wp-content\/uploads\/2025\/06\/image-14.jpg","datePublished":"2025-06-01T21:44:05+00:00","dateModified":"2026-02-17T14:30:26+00:00","description":"Hochwertige Karategi-Hose, ideal f\u00fcr Kata-Wettbewerbe und -Meisterschaften. Entspricht der WKF. Finden Sie sie auf www.daisho.be | Daisho","breadcrumb":{"@id":"https:\/\/www.daisho.be\/de\/produit\/tokaido-kata-master-duo-karategi-hose-wkf\/#breadcrumb"},"inLanguage":"de","potentialAction":[{"@type":"ReadAction","target":["https:\/\/www.daisho.be\/de\/produit\/tokaido-kata-master-duo-karategi-hose-wkf\/"]}]},{"@type":"ImageObject","inLanguage":"de","@id":"https:\/\/www.daisho.be\/de\/produit\/tokaido-kata-master-duo-karategi-hose-wkf\/#primaryimage","url":"https:\/\/www.daisho.be\/wp-content\/uploads\/2025\/06\/image-14.jpg","contentUrl":"https:\/\/www.daisho.be\/wp-content\/uploads\/2025\/06\/image-14.jpg","width":800,"height":1280,"caption":"TOKAIDO KATA MASTER DUO KARATEGI HOSE - WKF-1"},{"@type":"BreadcrumbList","@id":"https:\/\/www.daisho.be\/de\/produit\/tokaido-kata-master-duo-karategi-hose-wkf\/#breadcrumb","itemListElement":[{"@type":"ListItem","position":1,"name":"Accueil","item":"https:\/\/www.daisho.be\/de\/"},{"@type":"ListItem","position":2,"name":"Produkte","item":"https:\/\/www.daisho.be\/de\/produkte\/"},{"@type":"ListItem","position":3,"name":"Ausr\u00fcstung und Kleidung f\u00fcr Kampfkunst und Kampfsport","item":"https:\/\/www.daisho.be\/de\/categorie-produit\/ausrustung-und-kleidung-fur-kampfkunst-und-kampfsport\/"},{"@type":"ListItem","position":4,"name":"Karate","item":"https:\/\/www.daisho.be\/de\/categorie-produit\/ausrustung-und-kleidung-fur-kampfkunst-und-kampfsport\/karate-de-2\/"},{"@type":"ListItem","position":5,"name":"Karate-Kimonos","item":"https:\/\/www.daisho.be\/de\/categorie-produit\/ausrustung-und-kleidung-fur-kampfkunst-und-kampfsport\/karate-de-2\/karate-kimonos-de\/"},{"@type":"ListItem","position":6,"name":"TOKAIDO KATA MASTER DUO KARATEGI HOSE &#8211; WKF"}]},{"@type":"WebSite","@id":"https:\/\/www.daisho.be\/de\/#website","url":"https:\/\/www.daisho.be\/de\/","name":"Daisho","description":"Sp&eacute;cialiste de l'&eacute;quipement sportif d'arts martiaux","publisher":{"@id":"https:\/\/www.daisho.be\/de\/#organization"},"potentialAction":[{"@type":"SearchAction","target":{"@type":"EntryPoint","urlTemplate":"https:\/\/www.daisho.be\/de\/?s={search_term_string}"},"query-input":{"@type":"PropertyValueSpecification","valueRequired":true,"valueName":"search_term_string"}}],"inLanguage":"de"},{"@type":"Organization","@id":"https:\/\/www.daisho.be\/de\/#organization","name":"Daisho","url":"https:\/\/www.daisho.be\/de\/","logo":{"@type":"ImageObject","inLanguage":"de","@id":"https:\/\/www.daisho.be\/de\/#\/schema\/logo\/image\/","url":"https:\/\/www.daisho.be\/wp-content\/uploads\/2019\/07\/color-nothing-horizontale4x-e1564486100247.png","contentUrl":"https:\/\/www.daisho.be\/wp-content\/uploads\/2019\/07\/color-nothing-horizontale4x-e1564486100247.png","width":1547,"height":385,"caption":"Daisho"},"image":{"@id":"https:\/\/www.daisho.be\/de\/#\/schema\/logo\/image\/"}}]}},"_links":{"self":[{"href":"https:\/\/www.daisho.be\/de\/wp-json\/wp\/v2\/product\/561396","targetHints":{"allow":["GET"]}}],"collection":[{"href":"https:\/\/www.daisho.be\/de\/wp-json\/wp\/v2\/product"}],"about":[{"href":"https:\/\/www.daisho.be\/de\/wp-json\/wp\/v2\/types\/product"}],"replies":[{"embeddable":true,"href":"https:\/\/www.daisho.be\/de\/wp-json\/wp\/v2\/comments?post=561396"}],"wp:featuredmedia":[{"embeddable":true,"href":"https:\/\/www.daisho.be\/de\/wp-json\/wp\/v2\/media\/522078"}],"wp:attachment":[{"href":"https:\/\/www.daisho.be\/de\/wp-json\/wp\/v2\/media?parent=561396"}],"wp:term":[{"taxonomy":"product_brand","embeddable":true,"href":"https:\/\/www.daisho.be\/de\/wp-json\/wp\/v2\/product_brand?post=561396"},{"taxonomy":"product_cat","embeddable":true,"href":"https:\/\/www.daisho.be\/de\/wp-json\/wp\/v2\/product_cat?post=561396"},{"taxonomy":"product_tag","embeddable":true,"href":"https:\/\/www.daisho.be\/de\/wp-json\/wp\/v2\/product_tag?post=561396"},{"taxonomy":"sport","embeddable":true,"href":"https:\/\/www.daisho.be\/de\/wp-json\/wp\/v2\/sport?post=561396"}],"curies":[{"name":"wp","href":"https:\/\/api.w.org\/{rel}","templated":true}]}}