{"id":496834,"date":"2025-02-27T13:11:48","date_gmt":"2025-02-27T12:11:48","guid":{"rendered":"https:\/\/www.daisho.be\/produit\/anti-stress-baelle\/"},"modified":"2026-01-08T10:56:24","modified_gmt":"2026-01-08T09:56:24","slug":"anti-stress-baelle","status":"publish","type":"product","link":"https:\/\/www.daisho.be\/de\/produit\/anti-stress-baelle\/","title":{"rendered":"Anti-Stress-B\u00e4lle"},"content":{"rendered":"<p>Die Anti-Stress Therapy B\u00e4lle von Schildkr\u00f6t (2er-Pack) st\u00e4rken die Hand- und Unterarmmuskulatur, verbessern die Beweglichkeit und Griffigkeit der H\u00e4nde, f\u00f6rdern die Durchblutung und bauen Stress ab.<br \/>\nVorbehaltlich der R\u00fccksprache mit Ihrem Arzt oder Therapeuten sind sie auch ideal f\u00fcr die Therapie nach Verletzungen.<br \/>\nSie sind langlebig, stabil und waschbar.<br \/>\nInhalt: Zwei handgepresste Kugeln aus phthalatfreiem TPR (thermoplastischem Gummi), mittelhart.<br \/>\nAufgrund der geringen Gr\u00f6\u00dfe (\u00f8 48 mm) und des geringen Gewichts (ca. 48 g) sind die B\u00e4lle sehr vielseitig einsetzbar.<br \/>\nDank der rutschfesten Oberfl\u00e4chenstruktur liegen sie auch bequem in der Hand.<\/p>\n","protected":false},"excerpt":{"rendered":"<p>Die Anti-Stress Therapy B\u00e4lle von Schildkr\u00f6t (2er-Pack) st\u00e4rken die Hand- und Unterarmmuskulatur, verbessern die Beweglichkeit und Griffigkeit der H\u00e4nde, f\u00f6rdern die Durchblutung und bauen Stress ab. Vorbehaltlich der R\u00fccksprache mit Ihrem Arzt oder Therapeuten sind sie auch ideal f\u00fcr die Therapie nach Verletzungen. Sie sind langlebig, stabil und waschbar. Inhalt: Zwei handgepresste Kugeln aus phthalatfreiem [&hellip;]<\/p>\n","protected":false},"featured_media":496811,"comment_status":"open","ping_status":"closed","template":"","meta":{"inline_featured_image":false},"product_brand":[],"product_cat":[2210,2169],"product_tag":[2196],"sport":[],"class_list":{"0":"post-496834","1":"product","2":"type-product","3":"status-publish","4":"has-post-thumbnail","6":"product_cat-massage-therapie","7":"product_cat-pflege","8":"product_tag-schildkrot-de","10":"first","11":"instock","12":"sale","13":"taxable","14":"shipping-taxable","15":"purchasable","16":"product-type-simple"},"yoast_head":"<!-- This site is optimized with the Yoast SEO plugin v27.2 - https:\/\/yoast.com\/product\/yoast-seo-wordpress\/ -->\n<title>Anti-Stress-B\u00e4lle &#8211; Daisho<\/title>\n<meta name=\"description\" content=\"Sind Sie zu gestresst? Entdecken Sie unsere Anti-Stress-B\u00e4lle von Schildkr\u00f6t. Au\u00dferdem k\u00f6nnen Sie damit Ihre Handmuskeln st\u00e4rken. www.daisho.be\" \/>\n<meta name=\"robots\" content=\"index, follow, max-snippet:-1, max-image-preview:large, max-video-preview:-1\" \/>\n<link rel=\"canonical\" href=\"https:\/\/www.daisho.be\/de\/produit\/anti-stress-baelle\/\" \/>\n<meta property=\"og:locale\" content=\"de_DE\" \/>\n<meta property=\"og:type\" content=\"article\" \/>\n<meta property=\"og:title\" content=\"Anti-Stress-B\u00e4lle &#8211; Daisho\" \/>\n<meta property=\"og:description\" content=\"Sind Sie zu gestresst? Entdecken Sie unsere Anti-Stress-B\u00e4lle von Schildkr\u00f6t. Au\u00dferdem k\u00f6nnen Sie damit Ihre Handmuskeln st\u00e4rken. www.daisho.be\" \/>\n<meta property=\"og:url\" content=\"https:\/\/www.daisho.be\/de\/produit\/anti-stress-baelle\/\" \/>\n<meta property=\"og:site_name\" content=\"Daisho\" \/>\n<meta property=\"article:modified_time\" content=\"2026-01-08T09:56:24+00:00\" \/>\n<meta property=\"og:image\" content=\"https:\/\/www.daisho.be\/wp-content\/uploads\/2025\/02\/image-18.png\" \/>\n\t<meta property=\"og:image:width\" content=\"565\" \/>\n\t<meta property=\"og:image:height\" content=\"261\" \/>\n\t<meta property=\"og:image:type\" content=\"image\/png\" \/>\n<meta name=\"twitter:card\" content=\"summary_large_image\" \/>\n<script type=\"application\/ld+json\" class=\"yoast-schema-graph\">{\"@context\":\"https:\/\/schema.org\",\"@graph\":[{\"@type\":\"WebPage\",\"@id\":\"https:\/\/www.daisho.be\/de\/produit\/anti-stress-baelle\/\",\"url\":\"https:\/\/www.daisho.be\/de\/produit\/anti-stress-baelle\/\",\"name\":\"Anti-Stress-B\u00e4lle &#8211; Daisho\",\"isPartOf\":{\"@id\":\"https:\/\/www.daisho.be\/de\/#website\"},\"primaryImageOfPage\":{\"@id\":\"https:\/\/www.daisho.be\/de\/produit\/anti-stress-baelle\/#primaryimage\"},\"image\":{\"@id\":\"https:\/\/www.daisho.be\/de\/produit\/anti-stress-baelle\/#primaryimage\"},\"thumbnailUrl\":\"https:\/\/www.daisho.be\/wp-content\/uploads\/2025\/02\/image-18.png\",\"datePublished\":\"2025-02-27T12:11:48+00:00\",\"dateModified\":\"2026-01-08T09:56:24+00:00\",\"description\":\"Sind Sie zu gestresst? Entdecken Sie unsere Anti-Stress-B\u00e4lle von Schildkr\u00f6t. Au\u00dferdem k\u00f6nnen Sie damit Ihre Handmuskeln st\u00e4rken. www.daisho.be\",\"breadcrumb\":{\"@id\":\"https:\/\/www.daisho.be\/de\/produit\/anti-stress-baelle\/#breadcrumb\"},\"inLanguage\":\"de\",\"potentialAction\":[{\"@type\":\"ReadAction\",\"target\":[\"https:\/\/www.daisho.be\/de\/produit\/anti-stress-baelle\/\"]}]},{\"@type\":\"ImageObject\",\"inLanguage\":\"de\",\"@id\":\"https:\/\/www.daisho.be\/de\/produit\/anti-stress-baelle\/#primaryimage\",\"url\":\"https:\/\/www.daisho.be\/wp-content\/uploads\/2025\/02\/image-18.png\",\"contentUrl\":\"https:\/\/www.daisho.be\/wp-content\/uploads\/2025\/02\/image-18.png\",\"width\":565,\"height\":261,\"caption\":\"Anti-Stress-B\u00e4lle-1\"},{\"@type\":\"BreadcrumbList\",\"@id\":\"https:\/\/www.daisho.be\/de\/produit\/anti-stress-baelle\/#breadcrumb\",\"itemListElement\":[{\"@type\":\"ListItem\",\"position\":1,\"name\":\"Accueil\",\"item\":\"https:\/\/www.daisho.be\/de\/\"},{\"@type\":\"ListItem\",\"position\":2,\"name\":\"Produkte\",\"item\":\"https:\/\/www.daisho.be\/de\/produkte\/\"},{\"@type\":\"ListItem\",\"position\":3,\"name\":\"Sportlerpflege\",\"item\":\"https:\/\/www.daisho.be\/de\/categorie-produit\/sportlerpflege\/\"},{\"@type\":\"ListItem\",\"position\":4,\"name\":\"Massage-Therapie\",\"item\":\"https:\/\/www.daisho.be\/de\/categorie-produit\/sportlerpflege\/massage-therapie\/\"},{\"@type\":\"ListItem\",\"position\":5,\"name\":\"Anti-Stress-B\u00e4lle\"}]},{\"@type\":\"WebSite\",\"@id\":\"https:\/\/www.daisho.be\/de\/#website\",\"url\":\"https:\/\/www.daisho.be\/de\/\",\"name\":\"Daisho\",\"description\":\"Sp&eacute;cialiste de l'&eacute;quipement sportif d'arts martiaux\",\"publisher\":{\"@id\":\"https:\/\/www.daisho.be\/de\/#organization\"},\"potentialAction\":[{\"@type\":\"SearchAction\",\"target\":{\"@type\":\"EntryPoint\",\"urlTemplate\":\"https:\/\/www.daisho.be\/de\/?s={search_term_string}\"},\"query-input\":{\"@type\":\"PropertyValueSpecification\",\"valueRequired\":true,\"valueName\":\"search_term_string\"}}],\"inLanguage\":\"de\"},{\"@type\":\"Organization\",\"@id\":\"https:\/\/www.daisho.be\/de\/#organization\",\"name\":\"Daisho\",\"url\":\"https:\/\/www.daisho.be\/de\/\",\"logo\":{\"@type\":\"ImageObject\",\"inLanguage\":\"de\",\"@id\":\"https:\/\/www.daisho.be\/de\/#\/schema\/logo\/image\/\",\"url\":\"https:\/\/www.daisho.be\/wp-content\/uploads\/2019\/07\/color-nothing-horizontale4x-e1564486100247.png\",\"contentUrl\":\"https:\/\/www.daisho.be\/wp-content\/uploads\/2019\/07\/color-nothing-horizontale4x-e1564486100247.png\",\"width\":1547,\"height\":385,\"caption\":\"Daisho\"},\"image\":{\"@id\":\"https:\/\/www.daisho.be\/de\/#\/schema\/logo\/image\/\"}}]}<\/script>\n<!-- \/ Yoast SEO plugin. -->","yoast_head_json":{"title":"Anti-Stress-B\u00e4lle &#8211; Daisho","description":"Sind Sie zu gestresst? Entdecken Sie unsere Anti-Stress-B\u00e4lle von Schildkr\u00f6t. Au\u00dferdem k\u00f6nnen Sie damit Ihre Handmuskeln st\u00e4rken. www.daisho.be","robots":{"index":"index","follow":"follow","max-snippet":"max-snippet:-1","max-image-preview":"max-image-preview:large","max-video-preview":"max-video-preview:-1"},"canonical":"https:\/\/www.daisho.be\/de\/produit\/anti-stress-baelle\/","og_locale":"de_DE","og_type":"article","og_title":"Anti-Stress-B\u00e4lle &#8211; Daisho","og_description":"Sind Sie zu gestresst? Entdecken Sie unsere Anti-Stress-B\u00e4lle von Schildkr\u00f6t. Au\u00dferdem k\u00f6nnen Sie damit Ihre Handmuskeln st\u00e4rken. www.daisho.be","og_url":"https:\/\/www.daisho.be\/de\/produit\/anti-stress-baelle\/","og_site_name":"Daisho","article_modified_time":"2026-01-08T09:56:24+00:00","og_image":[{"width":565,"height":261,"url":"https:\/\/www.daisho.be\/wp-content\/uploads\/2025\/02\/image-18.png","type":"image\/png"}],"twitter_card":"summary_large_image","schema":{"@context":"https:\/\/schema.org","@graph":[{"@type":"WebPage","@id":"https:\/\/www.daisho.be\/de\/produit\/anti-stress-baelle\/","url":"https:\/\/www.daisho.be\/de\/produit\/anti-stress-baelle\/","name":"Anti-Stress-B\u00e4lle &#8211; Daisho","isPartOf":{"@id":"https:\/\/www.daisho.be\/de\/#website"},"primaryImageOfPage":{"@id":"https:\/\/www.daisho.be\/de\/produit\/anti-stress-baelle\/#primaryimage"},"image":{"@id":"https:\/\/www.daisho.be\/de\/produit\/anti-stress-baelle\/#primaryimage"},"thumbnailUrl":"https:\/\/www.daisho.be\/wp-content\/uploads\/2025\/02\/image-18.png","datePublished":"2025-02-27T12:11:48+00:00","dateModified":"2026-01-08T09:56:24+00:00","description":"Sind Sie zu gestresst? Entdecken Sie unsere Anti-Stress-B\u00e4lle von Schildkr\u00f6t. Au\u00dferdem k\u00f6nnen Sie damit Ihre Handmuskeln st\u00e4rken. www.daisho.be","breadcrumb":{"@id":"https:\/\/www.daisho.be\/de\/produit\/anti-stress-baelle\/#breadcrumb"},"inLanguage":"de","potentialAction":[{"@type":"ReadAction","target":["https:\/\/www.daisho.be\/de\/produit\/anti-stress-baelle\/"]}]},{"@type":"ImageObject","inLanguage":"de","@id":"https:\/\/www.daisho.be\/de\/produit\/anti-stress-baelle\/#primaryimage","url":"https:\/\/www.daisho.be\/wp-content\/uploads\/2025\/02\/image-18.png","contentUrl":"https:\/\/www.daisho.be\/wp-content\/uploads\/2025\/02\/image-18.png","width":565,"height":261,"caption":"Anti-Stress-B\u00e4lle-1"},{"@type":"BreadcrumbList","@id":"https:\/\/www.daisho.be\/de\/produit\/anti-stress-baelle\/#breadcrumb","itemListElement":[{"@type":"ListItem","position":1,"name":"Accueil","item":"https:\/\/www.daisho.be\/de\/"},{"@type":"ListItem","position":2,"name":"Produkte","item":"https:\/\/www.daisho.be\/de\/produkte\/"},{"@type":"ListItem","position":3,"name":"Sportlerpflege","item":"https:\/\/www.daisho.be\/de\/categorie-produit\/sportlerpflege\/"},{"@type":"ListItem","position":4,"name":"Massage-Therapie","item":"https:\/\/www.daisho.be\/de\/categorie-produit\/sportlerpflege\/massage-therapie\/"},{"@type":"ListItem","position":5,"name":"Anti-Stress-B\u00e4lle"}]},{"@type":"WebSite","@id":"https:\/\/www.daisho.be\/de\/#website","url":"https:\/\/www.daisho.be\/de\/","name":"Daisho","description":"Sp&eacute;cialiste de l'&eacute;quipement sportif d'arts martiaux","publisher":{"@id":"https:\/\/www.daisho.be\/de\/#organization"},"potentialAction":[{"@type":"SearchAction","target":{"@type":"EntryPoint","urlTemplate":"https:\/\/www.daisho.be\/de\/?s={search_term_string}"},"query-input":{"@type":"PropertyValueSpecification","valueRequired":true,"valueName":"search_term_string"}}],"inLanguage":"de"},{"@type":"Organization","@id":"https:\/\/www.daisho.be\/de\/#organization","name":"Daisho","url":"https:\/\/www.daisho.be\/de\/","logo":{"@type":"ImageObject","inLanguage":"de","@id":"https:\/\/www.daisho.be\/de\/#\/schema\/logo\/image\/","url":"https:\/\/www.daisho.be\/wp-content\/uploads\/2019\/07\/color-nothing-horizontale4x-e1564486100247.png","contentUrl":"https:\/\/www.daisho.be\/wp-content\/uploads\/2019\/07\/color-nothing-horizontale4x-e1564486100247.png","width":1547,"height":385,"caption":"Daisho"},"image":{"@id":"https:\/\/www.daisho.be\/de\/#\/schema\/logo\/image\/"}}]}},"_links":{"self":[{"href":"https:\/\/www.daisho.be\/de\/wp-json\/wp\/v2\/product\/496834","targetHints":{"allow":["GET"]}}],"collection":[{"href":"https:\/\/www.daisho.be\/de\/wp-json\/wp\/v2\/product"}],"about":[{"href":"https:\/\/www.daisho.be\/de\/wp-json\/wp\/v2\/types\/product"}],"replies":[{"embeddable":true,"href":"https:\/\/www.daisho.be\/de\/wp-json\/wp\/v2\/comments?post=496834"}],"wp:featuredmedia":[{"embeddable":true,"href":"https:\/\/www.daisho.be\/de\/wp-json\/wp\/v2\/media\/496811"}],"wp:attachment":[{"href":"https:\/\/www.daisho.be\/de\/wp-json\/wp\/v2\/media?parent=496834"}],"wp:term":[{"taxonomy":"product_brand","embeddable":true,"href":"https:\/\/www.daisho.be\/de\/wp-json\/wp\/v2\/product_brand?post=496834"},{"taxonomy":"product_cat","embeddable":true,"href":"https:\/\/www.daisho.be\/de\/wp-json\/wp\/v2\/product_cat?post=496834"},{"taxonomy":"product_tag","embeddable":true,"href":"https:\/\/www.daisho.be\/de\/wp-json\/wp\/v2\/product_tag?post=496834"},{"taxonomy":"sport","embeddable":true,"href":"https:\/\/www.daisho.be\/de\/wp-json\/wp\/v2\/sport?post=496834"}],"curies":[{"name":"wp","href":"https:\/\/api.w.org\/{rel}","templated":true}]}}