{"id":496028,"date":"2025-02-26T15:46:30","date_gmt":"2025-02-26T14:46:30","guid":{"rendered":"https:\/\/www.daisho.be\/produit\/nicht-elastisches-klebeband-25cm\/"},"modified":"2025-02-26T15:46:30","modified_gmt":"2025-02-26T14:46:30","slug":"nicht-elastisches-klebeband-25cm","status":"publish","type":"product","link":"https:\/\/www.daisho.be\/de\/produit\/nicht-elastisches-klebeband-25cm\/","title":{"rendered":"Nicht elastisches Klebeband &#8211; 2,5cm"},"content":{"rendered":"<p>Nicht elastischer Klebestreifen.<br \/>\nWird f\u00fcr den Entwurf von starren Gelenkschienen verwendet.<br \/>\nLang anhaltende starke Adh\u00e4sion.<br \/>\nVon Hand sch\u00f6pfbar.<br \/>\nL\u00e4nge 10 m.<br \/>\nBreite 2,5 cm.<br \/>\nVerpackung: Karton mit 36 St\u00fcck.<\/p>\n","protected":false},"excerpt":{"rendered":"<p>Nicht elastischer Klebestreifen. Wird f\u00fcr den Entwurf von starren Gelenkschienen verwendet. Lang anhaltende starke Adh\u00e4sion. Von Hand sch\u00f6pfbar. L\u00e4nge 10 m. Breite 2,5 cm. Verpackung: Karton mit 36 St\u00fcck.<\/p>\n","protected":false},"featured_media":496010,"comment_status":"open","ping_status":"closed","template":"","meta":{"inline_featured_image":false},"product_brand":[],"product_cat":[2169,2078],"product_tag":[2152],"sport":[],"class_list":{"0":"post-496028","1":"product","2":"type-product","3":"status-publish","4":"has-post-thumbnail","6":"product_cat-pflege","7":"product_cat-streifen-tapes","8":"product_tag-sporti-de","10":"first","11":"instock","12":"taxable","13":"shipping-taxable","14":"purchasable","15":"product-type-simple"},"yoast_head":"<!-- This site is optimized with the Yoast SEO plugin v27.2 - https:\/\/yoast.com\/product\/yoast-seo-wordpress\/ -->\n<title>Nicht elastisches Klebeband - 2,5cm &#8211; Daisho<\/title>\n<meta name=\"robots\" content=\"index, follow, max-snippet:-1, max-image-preview:large, max-video-preview:-1\" \/>\n<link rel=\"canonical\" href=\"https:\/\/www.daisho.be\/de\/produit\/nicht-elastisches-klebeband-25cm\/\" \/>\n<meta property=\"og:locale\" content=\"de_DE\" \/>\n<meta property=\"og:type\" content=\"article\" \/>\n<meta property=\"og:title\" content=\"Nicht elastisches Klebeband - 2,5cm &#8211; Daisho\" \/>\n<meta property=\"og:description\" content=\"Nicht elastischer Klebestreifen. Wird f\u00fcr den Entwurf von starren Gelenkschienen verwendet. Lang anhaltende starke Adh\u00e4sion. Von Hand sch\u00f6pfbar. L\u00e4nge 10 m. Breite 2,5 cm. Verpackung: Karton mit 36 St\u00fcck.\" \/>\n<meta property=\"og:url\" content=\"https:\/\/www.daisho.be\/de\/produit\/nicht-elastisches-klebeband-25cm\/\" \/>\n<meta property=\"og:site_name\" content=\"Daisho\" \/>\n<meta property=\"og:image\" content=\"https:\/\/www.daisho.be\/wp-content\/uploads\/2025\/02\/image-12.png\" \/>\n\t<meta property=\"og:image:width\" content=\"1200\" \/>\n\t<meta property=\"og:image:height\" content=\"1200\" \/>\n\t<meta property=\"og:image:type\" content=\"image\/png\" \/>\n<meta name=\"twitter:card\" content=\"summary_large_image\" \/>\n<script type=\"application\/ld+json\" class=\"yoast-schema-graph\">{\"@context\":\"https:\/\/schema.org\",\"@graph\":[{\"@type\":\"WebPage\",\"@id\":\"https:\/\/www.daisho.be\/de\/produit\/nicht-elastisches-klebeband-25cm\/\",\"url\":\"https:\/\/www.daisho.be\/de\/produit\/nicht-elastisches-klebeband-25cm\/\",\"name\":\"Nicht elastisches Klebeband - 2,5cm &#8211; Daisho\",\"isPartOf\":{\"@id\":\"https:\/\/www.daisho.be\/de\/#website\"},\"primaryImageOfPage\":{\"@id\":\"https:\/\/www.daisho.be\/de\/produit\/nicht-elastisches-klebeband-25cm\/#primaryimage\"},\"image\":{\"@id\":\"https:\/\/www.daisho.be\/de\/produit\/nicht-elastisches-klebeband-25cm\/#primaryimage\"},\"thumbnailUrl\":\"https:\/\/www.daisho.be\/wp-content\/uploads\/2025\/02\/image-12.png\",\"datePublished\":\"2025-02-26T14:46:30+00:00\",\"breadcrumb\":{\"@id\":\"https:\/\/www.daisho.be\/de\/produit\/nicht-elastisches-klebeband-25cm\/#breadcrumb\"},\"inLanguage\":\"de\",\"potentialAction\":[{\"@type\":\"ReadAction\",\"target\":[\"https:\/\/www.daisho.be\/de\/produit\/nicht-elastisches-klebeband-25cm\/\"]}]},{\"@type\":\"ImageObject\",\"inLanguage\":\"de\",\"@id\":\"https:\/\/www.daisho.be\/de\/produit\/nicht-elastisches-klebeband-25cm\/#primaryimage\",\"url\":\"https:\/\/www.daisho.be\/wp-content\/uploads\/2025\/02\/image-12.png\",\"contentUrl\":\"https:\/\/www.daisho.be\/wp-content\/uploads\/2025\/02\/image-12.png\",\"width\":1200,\"height\":1200,\"caption\":\"Nicht elastisches Klebeband - 2,5cm-1\"},{\"@type\":\"BreadcrumbList\",\"@id\":\"https:\/\/www.daisho.be\/de\/produit\/nicht-elastisches-klebeband-25cm\/#breadcrumb\",\"itemListElement\":[{\"@type\":\"ListItem\",\"position\":1,\"name\":\"Accueil\",\"item\":\"https:\/\/www.daisho.be\/de\/\"},{\"@type\":\"ListItem\",\"position\":2,\"name\":\"Produkte\",\"item\":\"https:\/\/www.daisho.be\/de\/produkte\/\"},{\"@type\":\"ListItem\",\"position\":3,\"name\":\"Kampfsportarten\",\"item\":\"https:\/\/www.daisho.be\/de\/categorie-produit\/kampfsportarten\/\"},{\"@type\":\"ListItem\",\"position\":4,\"name\":\"Pflege\",\"item\":\"https:\/\/www.daisho.be\/de\/categorie-produit\/kampfsportarten\/pflege\/\"},{\"@type\":\"ListItem\",\"position\":5,\"name\":\"Nicht elastisches Klebeband &#8211; 2,5cm\"}]},{\"@type\":\"WebSite\",\"@id\":\"https:\/\/www.daisho.be\/de\/#website\",\"url\":\"https:\/\/www.daisho.be\/de\/\",\"name\":\"Daisho\",\"description\":\"Sp&eacute;cialiste de l'&eacute;quipement sportif d'arts martiaux\",\"publisher\":{\"@id\":\"https:\/\/www.daisho.be\/de\/#organization\"},\"potentialAction\":[{\"@type\":\"SearchAction\",\"target\":{\"@type\":\"EntryPoint\",\"urlTemplate\":\"https:\/\/www.daisho.be\/de\/?s={search_term_string}\"},\"query-input\":{\"@type\":\"PropertyValueSpecification\",\"valueRequired\":true,\"valueName\":\"search_term_string\"}}],\"inLanguage\":\"de\"},{\"@type\":\"Organization\",\"@id\":\"https:\/\/www.daisho.be\/de\/#organization\",\"name\":\"Daisho\",\"url\":\"https:\/\/www.daisho.be\/de\/\",\"logo\":{\"@type\":\"ImageObject\",\"inLanguage\":\"de\",\"@id\":\"https:\/\/www.daisho.be\/de\/#\/schema\/logo\/image\/\",\"url\":\"https:\/\/www.daisho.be\/wp-content\/uploads\/2019\/07\/color-nothing-horizontale4x-e1564486100247.png\",\"contentUrl\":\"https:\/\/www.daisho.be\/wp-content\/uploads\/2019\/07\/color-nothing-horizontale4x-e1564486100247.png\",\"width\":1547,\"height\":385,\"caption\":\"Daisho\"},\"image\":{\"@id\":\"https:\/\/www.daisho.be\/de\/#\/schema\/logo\/image\/\"}}]}<\/script>\n<!-- \/ Yoast SEO plugin. -->","yoast_head_json":{"title":"Nicht elastisches Klebeband - 2,5cm &#8211; Daisho","robots":{"index":"index","follow":"follow","max-snippet":"max-snippet:-1","max-image-preview":"max-image-preview:large","max-video-preview":"max-video-preview:-1"},"canonical":"https:\/\/www.daisho.be\/de\/produit\/nicht-elastisches-klebeband-25cm\/","og_locale":"de_DE","og_type":"article","og_title":"Nicht elastisches Klebeband - 2,5cm &#8211; Daisho","og_description":"Nicht elastischer Klebestreifen. Wird f\u00fcr den Entwurf von starren Gelenkschienen verwendet. Lang anhaltende starke Adh\u00e4sion. Von Hand sch\u00f6pfbar. L\u00e4nge 10 m. Breite 2,5 cm. Verpackung: Karton mit 36 St\u00fcck.","og_url":"https:\/\/www.daisho.be\/de\/produit\/nicht-elastisches-klebeband-25cm\/","og_site_name":"Daisho","og_image":[{"width":1200,"height":1200,"url":"https:\/\/www.daisho.be\/wp-content\/uploads\/2025\/02\/image-12.png","type":"image\/png"}],"twitter_card":"summary_large_image","schema":{"@context":"https:\/\/schema.org","@graph":[{"@type":"WebPage","@id":"https:\/\/www.daisho.be\/de\/produit\/nicht-elastisches-klebeband-25cm\/","url":"https:\/\/www.daisho.be\/de\/produit\/nicht-elastisches-klebeband-25cm\/","name":"Nicht elastisches Klebeband - 2,5cm &#8211; Daisho","isPartOf":{"@id":"https:\/\/www.daisho.be\/de\/#website"},"primaryImageOfPage":{"@id":"https:\/\/www.daisho.be\/de\/produit\/nicht-elastisches-klebeband-25cm\/#primaryimage"},"image":{"@id":"https:\/\/www.daisho.be\/de\/produit\/nicht-elastisches-klebeband-25cm\/#primaryimage"},"thumbnailUrl":"https:\/\/www.daisho.be\/wp-content\/uploads\/2025\/02\/image-12.png","datePublished":"2025-02-26T14:46:30+00:00","breadcrumb":{"@id":"https:\/\/www.daisho.be\/de\/produit\/nicht-elastisches-klebeband-25cm\/#breadcrumb"},"inLanguage":"de","potentialAction":[{"@type":"ReadAction","target":["https:\/\/www.daisho.be\/de\/produit\/nicht-elastisches-klebeband-25cm\/"]}]},{"@type":"ImageObject","inLanguage":"de","@id":"https:\/\/www.daisho.be\/de\/produit\/nicht-elastisches-klebeband-25cm\/#primaryimage","url":"https:\/\/www.daisho.be\/wp-content\/uploads\/2025\/02\/image-12.png","contentUrl":"https:\/\/www.daisho.be\/wp-content\/uploads\/2025\/02\/image-12.png","width":1200,"height":1200,"caption":"Nicht elastisches Klebeband - 2,5cm-1"},{"@type":"BreadcrumbList","@id":"https:\/\/www.daisho.be\/de\/produit\/nicht-elastisches-klebeband-25cm\/#breadcrumb","itemListElement":[{"@type":"ListItem","position":1,"name":"Accueil","item":"https:\/\/www.daisho.be\/de\/"},{"@type":"ListItem","position":2,"name":"Produkte","item":"https:\/\/www.daisho.be\/de\/produkte\/"},{"@type":"ListItem","position":3,"name":"Kampfsportarten","item":"https:\/\/www.daisho.be\/de\/categorie-produit\/kampfsportarten\/"},{"@type":"ListItem","position":4,"name":"Pflege","item":"https:\/\/www.daisho.be\/de\/categorie-produit\/kampfsportarten\/pflege\/"},{"@type":"ListItem","position":5,"name":"Nicht elastisches Klebeband &#8211; 2,5cm"}]},{"@type":"WebSite","@id":"https:\/\/www.daisho.be\/de\/#website","url":"https:\/\/www.daisho.be\/de\/","name":"Daisho","description":"Sp&eacute;cialiste de l'&eacute;quipement sportif d'arts martiaux","publisher":{"@id":"https:\/\/www.daisho.be\/de\/#organization"},"potentialAction":[{"@type":"SearchAction","target":{"@type":"EntryPoint","urlTemplate":"https:\/\/www.daisho.be\/de\/?s={search_term_string}"},"query-input":{"@type":"PropertyValueSpecification","valueRequired":true,"valueName":"search_term_string"}}],"inLanguage":"de"},{"@type":"Organization","@id":"https:\/\/www.daisho.be\/de\/#organization","name":"Daisho","url":"https:\/\/www.daisho.be\/de\/","logo":{"@type":"ImageObject","inLanguage":"de","@id":"https:\/\/www.daisho.be\/de\/#\/schema\/logo\/image\/","url":"https:\/\/www.daisho.be\/wp-content\/uploads\/2019\/07\/color-nothing-horizontale4x-e1564486100247.png","contentUrl":"https:\/\/www.daisho.be\/wp-content\/uploads\/2019\/07\/color-nothing-horizontale4x-e1564486100247.png","width":1547,"height":385,"caption":"Daisho"},"image":{"@id":"https:\/\/www.daisho.be\/de\/#\/schema\/logo\/image\/"}}]}},"_links":{"self":[{"href":"https:\/\/www.daisho.be\/de\/wp-json\/wp\/v2\/product\/496028","targetHints":{"allow":["GET"]}}],"collection":[{"href":"https:\/\/www.daisho.be\/de\/wp-json\/wp\/v2\/product"}],"about":[{"href":"https:\/\/www.daisho.be\/de\/wp-json\/wp\/v2\/types\/product"}],"replies":[{"embeddable":true,"href":"https:\/\/www.daisho.be\/de\/wp-json\/wp\/v2\/comments?post=496028"}],"wp:featuredmedia":[{"embeddable":true,"href":"https:\/\/www.daisho.be\/de\/wp-json\/wp\/v2\/media\/496010"}],"wp:attachment":[{"href":"https:\/\/www.daisho.be\/de\/wp-json\/wp\/v2\/media?parent=496028"}],"wp:term":[{"taxonomy":"product_brand","embeddable":true,"href":"https:\/\/www.daisho.be\/de\/wp-json\/wp\/v2\/product_brand?post=496028"},{"taxonomy":"product_cat","embeddable":true,"href":"https:\/\/www.daisho.be\/de\/wp-json\/wp\/v2\/product_cat?post=496028"},{"taxonomy":"product_tag","embeddable":true,"href":"https:\/\/www.daisho.be\/de\/wp-json\/wp\/v2\/product_tag?post=496028"},{"taxonomy":"sport","embeddable":true,"href":"https:\/\/www.daisho.be\/de\/wp-json\/wp\/v2\/sport?post=496028"}],"curies":[{"name":"wp","href":"https:\/\/api.w.org\/{rel}","templated":true}]}}