{"id":495581,"date":"2025-02-26T11:56:04","date_gmt":"2025-02-26T10:56:04","guid":{"rendered":"https:\/\/www.daisho.be\/produit\/klimmzugstange-mit-rueckenlehne-aus-schwarzem-metall\/"},"modified":"2026-02-13T13:15:06","modified_gmt":"2026-02-13T12:15:06","slug":"klimmzugstange-mit-rueckenlehne-aus-schwarzem-metall","status":"publish","type":"product","link":"https:\/\/www.daisho.be\/de\/produit\/klimmzugstange-mit-rueckenlehne-aus-schwarzem-metall\/","title":{"rendered":"Klimmzugstange mit R\u00fcckenlehne aus schwarzem Metall"},"content":{"rendered":"<p>Entwickeln Sie Ihren R\u00fccken und Ihre Arme mit der Klimmzugstange mit R\u00fcckenlehne aus schwarzem Metall.<br \/>\nDiese robuste Stange ist f\u00fcr den Gebrauch zu Hause gedacht und bietet eine Vielzahl von \u00dcbungen f\u00fcr den Oberk\u00f6rper.<br \/>\nMerkmale:<\/p>\n<p>Robuste Stahlkonstruktion f\u00fcr maximale Haltbarkeit<br \/>\nGepolsterte R\u00fcckenlehne f\u00fcr zus\u00e4tzlichen Komfort<br \/>\nMehrere Griffpositionen f\u00fcr abwechslungsreiche \u00dcbungen<br \/>\nEinfache Montage an Wand oder Decke<br \/>\nHohe Gewichtskapazit\u00e4t zur Unterst\u00fctzung von Benutzern aller Niveaus.<\/p>\n","protected":false},"excerpt":{"rendered":"<p>Entwickeln Sie Ihren R\u00fccken und Ihre Arme mit der Klimmzugstange mit R\u00fcckenlehne aus schwarzem Metall. Diese robuste Stange ist f\u00fcr den Gebrauch zu Hause gedacht und bietet eine Vielzahl von \u00dcbungen f\u00fcr den Oberk\u00f6rper. Merkmale: Robuste Stahlkonstruktion f\u00fcr maximale Haltbarkeit Gepolsterte R\u00fcckenlehne f\u00fcr zus\u00e4tzlichen Komfort Mehrere Griffpositionen f\u00fcr abwechslungsreiche \u00dcbungen Einfache Montage an Wand oder [&hellip;]<\/p>\n","protected":false},"featured_media":495571,"comment_status":"open","ping_status":"closed","template":"","meta":{"inline_featured_image":false},"product_brand":[],"product_cat":[2054],"product_tag":[2315],"sport":[],"class_list":{"0":"post-495581","1":"product","2":"type-product","3":"status-publish","4":"has-post-thumbnail","6":"product_cat-trainingsmaterial","7":"product_tag-amaya-de","9":"first","10":"instock","11":"sale","12":"taxable","13":"shipping-taxable","14":"purchasable","15":"product-type-simple"},"yoast_head":"<!-- This site is optimized with the Yoast SEO plugin v27.2 - https:\/\/yoast.com\/product\/yoast-seo-wordpress\/ -->\n<title>Klimmzugstange mit R\u00fcckenlehne aus schwarzem Metall &#8211; Daisho<\/title>\n<meta name=\"description\" content=\"Entdecken Sie die Klimmzugstange mit R\u00fcckenlehne aus schwarzem Metall auf www.synergies-vector.com. Diese robuste Stange ist f\u00fcr den Gebrauch zu Hause konzipiert.\" \/>\n<meta name=\"robots\" content=\"index, follow, max-snippet:-1, max-image-preview:large, max-video-preview:-1\" \/>\n<link rel=\"canonical\" href=\"https:\/\/www.daisho.be\/de\/produit\/klimmzugstange-mit-rueckenlehne-aus-schwarzem-metall\/\" \/>\n<meta property=\"og:locale\" content=\"de_DE\" \/>\n<meta property=\"og:type\" content=\"article\" \/>\n<meta property=\"og:title\" content=\"Klimmzugstange mit R\u00fcckenlehne aus schwarzem Metall &#8211; Daisho\" \/>\n<meta property=\"og:description\" content=\"Entdecken Sie die Klimmzugstange mit R\u00fcckenlehne aus schwarzem Metall auf www.synergies-vector.com. Diese robuste Stange ist f\u00fcr den Gebrauch zu Hause konzipiert.\" \/>\n<meta property=\"og:url\" content=\"https:\/\/www.daisho.be\/de\/produit\/klimmzugstange-mit-rueckenlehne-aus-schwarzem-metall\/\" \/>\n<meta property=\"og:site_name\" content=\"Daisho\" \/>\n<meta property=\"article:modified_time\" content=\"2026-02-13T12:15:06+00:00\" \/>\n<meta property=\"og:image\" content=\"https:\/\/www.daisho.be\/wp-content\/uploads\/2025\/02\/image-94.jpg\" \/>\n\t<meta property=\"og:image:width\" content=\"1300\" \/>\n\t<meta property=\"og:image:height\" content=\"1300\" \/>\n\t<meta property=\"og:image:type\" content=\"image\/jpeg\" \/>\n<meta name=\"twitter:card\" content=\"summary_large_image\" \/>\n<script type=\"application\/ld+json\" class=\"yoast-schema-graph\">{\"@context\":\"https:\/\/schema.org\",\"@graph\":[{\"@type\":\"WebPage\",\"@id\":\"https:\/\/www.daisho.be\/de\/produit\/klimmzugstange-mit-rueckenlehne-aus-schwarzem-metall\/\",\"url\":\"https:\/\/www.daisho.be\/de\/produit\/klimmzugstange-mit-rueckenlehne-aus-schwarzem-metall\/\",\"name\":\"Klimmzugstange mit R\u00fcckenlehne aus schwarzem Metall &#8211; Daisho\",\"isPartOf\":{\"@id\":\"https:\/\/www.daisho.be\/de\/#website\"},\"primaryImageOfPage\":{\"@id\":\"https:\/\/www.daisho.be\/de\/produit\/klimmzugstange-mit-rueckenlehne-aus-schwarzem-metall\/#primaryimage\"},\"image\":{\"@id\":\"https:\/\/www.daisho.be\/de\/produit\/klimmzugstange-mit-rueckenlehne-aus-schwarzem-metall\/#primaryimage\"},\"thumbnailUrl\":\"https:\/\/www.daisho.be\/wp-content\/uploads\/2025\/02\/image-94.jpg\",\"datePublished\":\"2025-02-26T10:56:04+00:00\",\"dateModified\":\"2026-02-13T12:15:06+00:00\",\"description\":\"Entdecken Sie die Klimmzugstange mit R\u00fcckenlehne aus schwarzem Metall auf www.synergies-vector.com. Diese robuste Stange ist f\u00fcr den Gebrauch zu Hause konzipiert.\",\"breadcrumb\":{\"@id\":\"https:\/\/www.daisho.be\/de\/produit\/klimmzugstange-mit-rueckenlehne-aus-schwarzem-metall\/#breadcrumb\"},\"inLanguage\":\"de\",\"potentialAction\":[{\"@type\":\"ReadAction\",\"target\":[\"https:\/\/www.daisho.be\/de\/produit\/klimmzugstange-mit-rueckenlehne-aus-schwarzem-metall\/\"]}]},{\"@type\":\"ImageObject\",\"inLanguage\":\"de\",\"@id\":\"https:\/\/www.daisho.be\/de\/produit\/klimmzugstange-mit-rueckenlehne-aus-schwarzem-metall\/#primaryimage\",\"url\":\"https:\/\/www.daisho.be\/wp-content\/uploads\/2025\/02\/image-94.jpg\",\"contentUrl\":\"https:\/\/www.daisho.be\/wp-content\/uploads\/2025\/02\/image-94.jpg\",\"width\":1300,\"height\":1300,\"caption\":\"Klimmzugstange mit R\u00fcckenlehne aus schwarzem Metall-1\"},{\"@type\":\"BreadcrumbList\",\"@id\":\"https:\/\/www.daisho.be\/de\/produit\/klimmzugstange-mit-rueckenlehne-aus-schwarzem-metall\/#breadcrumb\",\"itemListElement\":[{\"@type\":\"ListItem\",\"position\":1,\"name\":\"Accueil\",\"item\":\"https:\/\/www.daisho.be\/de\/\"},{\"@type\":\"ListItem\",\"position\":2,\"name\":\"Produkte\",\"item\":\"https:\/\/www.daisho.be\/de\/produkte\/\"},{\"@type\":\"ListItem\",\"position\":3,\"name\":\"Kampfsportarten\",\"item\":\"https:\/\/www.daisho.be\/de\/categorie-produit\/kampfsportarten\/\"},{\"@type\":\"ListItem\",\"position\":4,\"name\":\"Trainingsmaterial\",\"item\":\"https:\/\/www.daisho.be\/de\/categorie-produit\/kampfsportarten\/trainingsmaterial\/\"},{\"@type\":\"ListItem\",\"position\":5,\"name\":\"Klimmzugstange mit R\u00fcckenlehne aus schwarzem Metall\"}]},{\"@type\":\"WebSite\",\"@id\":\"https:\/\/www.daisho.be\/de\/#website\",\"url\":\"https:\/\/www.daisho.be\/de\/\",\"name\":\"Daisho\",\"description\":\"Sp&eacute;cialiste de l'&eacute;quipement sportif d'arts martiaux\",\"publisher\":{\"@id\":\"https:\/\/www.daisho.be\/de\/#organization\"},\"potentialAction\":[{\"@type\":\"SearchAction\",\"target\":{\"@type\":\"EntryPoint\",\"urlTemplate\":\"https:\/\/www.daisho.be\/de\/?s={search_term_string}\"},\"query-input\":{\"@type\":\"PropertyValueSpecification\",\"valueRequired\":true,\"valueName\":\"search_term_string\"}}],\"inLanguage\":\"de\"},{\"@type\":\"Organization\",\"@id\":\"https:\/\/www.daisho.be\/de\/#organization\",\"name\":\"Daisho\",\"url\":\"https:\/\/www.daisho.be\/de\/\",\"logo\":{\"@type\":\"ImageObject\",\"inLanguage\":\"de\",\"@id\":\"https:\/\/www.daisho.be\/de\/#\/schema\/logo\/image\/\",\"url\":\"https:\/\/www.daisho.be\/wp-content\/uploads\/2019\/07\/color-nothing-horizontale4x-e1564486100247.png\",\"contentUrl\":\"https:\/\/www.daisho.be\/wp-content\/uploads\/2019\/07\/color-nothing-horizontale4x-e1564486100247.png\",\"width\":1547,\"height\":385,\"caption\":\"Daisho\"},\"image\":{\"@id\":\"https:\/\/www.daisho.be\/de\/#\/schema\/logo\/image\/\"}}]}<\/script>\n<!-- \/ Yoast SEO plugin. -->","yoast_head_json":{"title":"Klimmzugstange mit R\u00fcckenlehne aus schwarzem Metall &#8211; Daisho","description":"Entdecken Sie die Klimmzugstange mit R\u00fcckenlehne aus schwarzem Metall auf www.synergies-vector.com. Diese robuste Stange ist f\u00fcr den Gebrauch zu Hause konzipiert.","robots":{"index":"index","follow":"follow","max-snippet":"max-snippet:-1","max-image-preview":"max-image-preview:large","max-video-preview":"max-video-preview:-1"},"canonical":"https:\/\/www.daisho.be\/de\/produit\/klimmzugstange-mit-rueckenlehne-aus-schwarzem-metall\/","og_locale":"de_DE","og_type":"article","og_title":"Klimmzugstange mit R\u00fcckenlehne aus schwarzem Metall &#8211; Daisho","og_description":"Entdecken Sie die Klimmzugstange mit R\u00fcckenlehne aus schwarzem Metall auf www.synergies-vector.com. Diese robuste Stange ist f\u00fcr den Gebrauch zu Hause konzipiert.","og_url":"https:\/\/www.daisho.be\/de\/produit\/klimmzugstange-mit-rueckenlehne-aus-schwarzem-metall\/","og_site_name":"Daisho","article_modified_time":"2026-02-13T12:15:06+00:00","og_image":[{"width":1300,"height":1300,"url":"https:\/\/www.daisho.be\/wp-content\/uploads\/2025\/02\/image-94.jpg","type":"image\/jpeg"}],"twitter_card":"summary_large_image","schema":{"@context":"https:\/\/schema.org","@graph":[{"@type":"WebPage","@id":"https:\/\/www.daisho.be\/de\/produit\/klimmzugstange-mit-rueckenlehne-aus-schwarzem-metall\/","url":"https:\/\/www.daisho.be\/de\/produit\/klimmzugstange-mit-rueckenlehne-aus-schwarzem-metall\/","name":"Klimmzugstange mit R\u00fcckenlehne aus schwarzem Metall &#8211; Daisho","isPartOf":{"@id":"https:\/\/www.daisho.be\/de\/#website"},"primaryImageOfPage":{"@id":"https:\/\/www.daisho.be\/de\/produit\/klimmzugstange-mit-rueckenlehne-aus-schwarzem-metall\/#primaryimage"},"image":{"@id":"https:\/\/www.daisho.be\/de\/produit\/klimmzugstange-mit-rueckenlehne-aus-schwarzem-metall\/#primaryimage"},"thumbnailUrl":"https:\/\/www.daisho.be\/wp-content\/uploads\/2025\/02\/image-94.jpg","datePublished":"2025-02-26T10:56:04+00:00","dateModified":"2026-02-13T12:15:06+00:00","description":"Entdecken Sie die Klimmzugstange mit R\u00fcckenlehne aus schwarzem Metall auf www.synergies-vector.com. Diese robuste Stange ist f\u00fcr den Gebrauch zu Hause konzipiert.","breadcrumb":{"@id":"https:\/\/www.daisho.be\/de\/produit\/klimmzugstange-mit-rueckenlehne-aus-schwarzem-metall\/#breadcrumb"},"inLanguage":"de","potentialAction":[{"@type":"ReadAction","target":["https:\/\/www.daisho.be\/de\/produit\/klimmzugstange-mit-rueckenlehne-aus-schwarzem-metall\/"]}]},{"@type":"ImageObject","inLanguage":"de","@id":"https:\/\/www.daisho.be\/de\/produit\/klimmzugstange-mit-rueckenlehne-aus-schwarzem-metall\/#primaryimage","url":"https:\/\/www.daisho.be\/wp-content\/uploads\/2025\/02\/image-94.jpg","contentUrl":"https:\/\/www.daisho.be\/wp-content\/uploads\/2025\/02\/image-94.jpg","width":1300,"height":1300,"caption":"Klimmzugstange mit R\u00fcckenlehne aus schwarzem Metall-1"},{"@type":"BreadcrumbList","@id":"https:\/\/www.daisho.be\/de\/produit\/klimmzugstange-mit-rueckenlehne-aus-schwarzem-metall\/#breadcrumb","itemListElement":[{"@type":"ListItem","position":1,"name":"Accueil","item":"https:\/\/www.daisho.be\/de\/"},{"@type":"ListItem","position":2,"name":"Produkte","item":"https:\/\/www.daisho.be\/de\/produkte\/"},{"@type":"ListItem","position":3,"name":"Kampfsportarten","item":"https:\/\/www.daisho.be\/de\/categorie-produit\/kampfsportarten\/"},{"@type":"ListItem","position":4,"name":"Trainingsmaterial","item":"https:\/\/www.daisho.be\/de\/categorie-produit\/kampfsportarten\/trainingsmaterial\/"},{"@type":"ListItem","position":5,"name":"Klimmzugstange mit R\u00fcckenlehne aus schwarzem Metall"}]},{"@type":"WebSite","@id":"https:\/\/www.daisho.be\/de\/#website","url":"https:\/\/www.daisho.be\/de\/","name":"Daisho","description":"Sp&eacute;cialiste de l'&eacute;quipement sportif d'arts martiaux","publisher":{"@id":"https:\/\/www.daisho.be\/de\/#organization"},"potentialAction":[{"@type":"SearchAction","target":{"@type":"EntryPoint","urlTemplate":"https:\/\/www.daisho.be\/de\/?s={search_term_string}"},"query-input":{"@type":"PropertyValueSpecification","valueRequired":true,"valueName":"search_term_string"}}],"inLanguage":"de"},{"@type":"Organization","@id":"https:\/\/www.daisho.be\/de\/#organization","name":"Daisho","url":"https:\/\/www.daisho.be\/de\/","logo":{"@type":"ImageObject","inLanguage":"de","@id":"https:\/\/www.daisho.be\/de\/#\/schema\/logo\/image\/","url":"https:\/\/www.daisho.be\/wp-content\/uploads\/2019\/07\/color-nothing-horizontale4x-e1564486100247.png","contentUrl":"https:\/\/www.daisho.be\/wp-content\/uploads\/2019\/07\/color-nothing-horizontale4x-e1564486100247.png","width":1547,"height":385,"caption":"Daisho"},"image":{"@id":"https:\/\/www.daisho.be\/de\/#\/schema\/logo\/image\/"}}]}},"_links":{"self":[{"href":"https:\/\/www.daisho.be\/de\/wp-json\/wp\/v2\/product\/495581","targetHints":{"allow":["GET"]}}],"collection":[{"href":"https:\/\/www.daisho.be\/de\/wp-json\/wp\/v2\/product"}],"about":[{"href":"https:\/\/www.daisho.be\/de\/wp-json\/wp\/v2\/types\/product"}],"replies":[{"embeddable":true,"href":"https:\/\/www.daisho.be\/de\/wp-json\/wp\/v2\/comments?post=495581"}],"wp:featuredmedia":[{"embeddable":true,"href":"https:\/\/www.daisho.be\/de\/wp-json\/wp\/v2\/media\/495571"}],"wp:attachment":[{"href":"https:\/\/www.daisho.be\/de\/wp-json\/wp\/v2\/media?parent=495581"}],"wp:term":[{"taxonomy":"product_brand","embeddable":true,"href":"https:\/\/www.daisho.be\/de\/wp-json\/wp\/v2\/product_brand?post=495581"},{"taxonomy":"product_cat","embeddable":true,"href":"https:\/\/www.daisho.be\/de\/wp-json\/wp\/v2\/product_cat?post=495581"},{"taxonomy":"product_tag","embeddable":true,"href":"https:\/\/www.daisho.be\/de\/wp-json\/wp\/v2\/product_tag?post=495581"},{"taxonomy":"sport","embeddable":true,"href":"https:\/\/www.daisho.be\/de\/wp-json\/wp\/v2\/sport?post=495581"}],"curies":[{"name":"wp","href":"https:\/\/api.w.org\/{rel}","templated":true}]}}