{"id":495517,"date":"2025-02-26T11:39:14","date_gmt":"2025-02-26T10:39:14","guid":{"rendered":"https:\/\/www.daisho.be\/produit\/rueckenstrecker\/"},"modified":"2025-02-26T11:39:14","modified_gmt":"2025-02-26T10:39:14","slug":"rueckenstrecker","status":"publish","type":"product","link":"https:\/\/www.daisho.be\/de\/produit\/rueckenstrecker\/","title":{"rendered":"R\u00fcckenstrecker"},"content":{"rendered":"<p>Entdecken Sie mit dem R\u00fcckenstrecker eine innovative L\u00f6sung f\u00fcr die Gesundheit und Flexibilit\u00e4t Ihres R\u00fcckens!<br \/>\nDieses vielseitige Ger\u00e4t ist eine effektive Kombination aus R\u00fcckenstreckung und Akupressurmassage f\u00fcr eine vollst\u00e4ndige Linderung und Entspannung.<br \/>\nDank seiner einzigartigen 2-in-1-Funktionalit\u00e4t k\u00f6nnen Sie den R\u00fcckenstrecker sowohl im Liegen als auch im Sitzen verwenden.<br \/>\nMit seinen 3 Ebenen bietet er individuelle Anpassungsm\u00f6glichkeiten: Die erste Ebene mit einer H\u00f6he von 7 cm ist ideal f\u00fcr Anf\u00e4nger, w\u00e4hrend die zweite Ebene mit einer H\u00f6he von 9 cm mehr Flexibilit\u00e4t f\u00fcr Fortgeschrittene bietet.<br \/>\nDie dritte Ebene mit einer H\u00f6he von 11,5 cm erm\u00f6glicht eine maximale Streckung f\u00fcr erfahrene Nutzer.<br \/>\nDas Ger\u00e4t verf\u00fcgt \u00fcber 3 funktionelle Druckzonen: 2 seitliche Zonen mit Akupressur-Noppen und Massagekugeln und eine zentrale Zone mit Komfortschaum.<br \/>\nDiese Bereiche bieten nicht nur Komfort, sondern f\u00f6rdern auch die gesundheitlichen Vorteile der Akupressurmassage.<br \/>\nDie Verwendung des R\u00fcckenstreckers bietet zahlreiche Vorteile, darunter die Mobilisierung steifer Wirbels\u00e4ulen, die Entspannung verspannter Muskeln, die Reduzierung von Stress und die Linderung chronischer R\u00fcckenschmerzen.<br \/>\nDar\u00fcber hinaus verbessert er die Flexibilit\u00e4t der Schulter- und R\u00fcckenmuskulatur, stellt die nat\u00fcrliche Kr\u00fcmmung des R\u00fcckens wieder her und erh\u00f6ht die Flexibilit\u00e4t der Wirbels\u00e4ule.<br \/>\nDer R\u00fcckenstrecker ist aus hochwertigem ABS- und PP-Schaumstoff gefertigt und bietet eine maximale Belastung von 150 kg, w\u00e4hrend er gleichzeitig leicht und kompakt bleibt.<br \/>\nOb Sie ein Sportler sind, der seine Flexibilit\u00e4t verbessern m\u00f6chte, oder jemand, der einfach nur die Gesundheit seines R\u00fcckens erhalten m\u00f6chte, der R\u00fcckenstrecker ist die ideale L\u00f6sung.<br \/>\nVerwenden Sie es im Sitzen oder Liegen, zu Hause, im B\u00fcro oder sogar im Auto und entdecken Sie die Vorteile einer effektiven Dehnung und Massage des R\u00fcckens, die Ihre Lebensqualit\u00e4t verbessern wird.<br \/>\nMerkmale :<br \/>\nMaterial: ABS-Schaum und PP<br \/>\nAkupressurmassage-Noppen: ja<br \/>\nMaximale Belastung: 150 kg<br \/>\nMa\u00dfe (H\u00f6he\/Breite\/Tiefe): 7-11,5\/25,5\/37 cm<br \/>\nGewicht: ca. 0,5 kg<\/p>\n<p>Vorbehaltlich der Verf\u00fcgbarkeit im Gesch\u00e4ft<\/p>\n","protected":false},"excerpt":{"rendered":"<p>Entdecken Sie mit dem R\u00fcckenstrecker eine innovative L\u00f6sung f\u00fcr die Gesundheit und Flexibilit\u00e4t Ihres R\u00fcckens! Dieses vielseitige Ger\u00e4t ist eine effektive Kombination aus R\u00fcckenstreckung und Akupressurmassage f\u00fcr eine vollst\u00e4ndige Linderung und Entspannung. Dank seiner einzigartigen 2-in-1-Funktionalit\u00e4t k\u00f6nnen Sie den R\u00fcckenstrecker sowohl im Liegen als auch im Sitzen verwenden. Mit seinen 3 Ebenen bietet er individuelle [&hellip;]<\/p>\n","protected":false},"featured_media":495479,"comment_status":"open","ping_status":"closed","template":"","meta":{"inline_featured_image":false},"product_brand":[],"product_cat":[2210,2169],"product_tag":[2158],"sport":[],"class_list":{"0":"post-495517","1":"product","2":"type-product","3":"status-publish","4":"has-post-thumbnail","6":"product_cat-massage-therapie","7":"product_cat-pflege","8":"product_tag-s-b-j-de","10":"first","11":"instock","12":"taxable","13":"shipping-taxable","14":"purchasable","15":"product-type-simple"},"yoast_head":"<!-- This site is optimized with the Yoast SEO plugin v27.2 - https:\/\/yoast.com\/product\/yoast-seo-wordpress\/ -->\n<title>R\u00fcckenstrecker &#8211; Daisho<\/title>\n<meta name=\"robots\" content=\"index, follow, max-snippet:-1, max-image-preview:large, max-video-preview:-1\" \/>\n<link rel=\"canonical\" href=\"https:\/\/www.daisho.be\/de\/produit\/rueckenstrecker\/\" \/>\n<meta property=\"og:locale\" content=\"de_DE\" \/>\n<meta property=\"og:type\" content=\"article\" \/>\n<meta property=\"og:title\" content=\"R\u00fcckenstrecker &#8211; Daisho\" \/>\n<meta property=\"og:description\" content=\"Entdecken Sie mit dem R\u00fcckenstrecker eine innovative L\u00f6sung f\u00fcr die Gesundheit und Flexibilit\u00e4t Ihres R\u00fcckens! Dieses vielseitige Ger\u00e4t ist eine effektive Kombination aus R\u00fcckenstreckung und Akupressurmassage f\u00fcr eine vollst\u00e4ndige Linderung und Entspannung. Dank seiner einzigartigen 2-in-1-Funktionalit\u00e4t k\u00f6nnen Sie den R\u00fcckenstrecker sowohl im Liegen als auch im Sitzen verwenden. Mit seinen 3 Ebenen bietet er individuelle [&hellip;]\" \/>\n<meta property=\"og:url\" content=\"https:\/\/www.daisho.be\/de\/produit\/rueckenstrecker\/\" \/>\n<meta property=\"og:site_name\" content=\"Daisho\" \/>\n<meta property=\"og:image\" content=\"https:\/\/www.daisho.be\/wp-content\/uploads\/2025\/02\/image-4.webp\" \/>\n\t<meta property=\"og:image:width\" content=\"1200\" \/>\n\t<meta property=\"og:image:height\" content=\"1200\" \/>\n\t<meta property=\"og:image:type\" content=\"image\/webp\" \/>\n<meta name=\"twitter:card\" content=\"summary_large_image\" \/>\n<meta name=\"twitter:label1\" content=\"Gesch\u00e4tzte Lesezeit\" \/>\n\t<meta name=\"twitter:data1\" content=\"2\u00a0Minuten\" \/>\n<script type=\"application\/ld+json\" class=\"yoast-schema-graph\">{\"@context\":\"https:\/\/schema.org\",\"@graph\":[{\"@type\":\"WebPage\",\"@id\":\"https:\/\/www.daisho.be\/de\/produit\/rueckenstrecker\/\",\"url\":\"https:\/\/www.daisho.be\/de\/produit\/rueckenstrecker\/\",\"name\":\"R\u00fcckenstrecker &#8211; Daisho\",\"isPartOf\":{\"@id\":\"https:\/\/www.daisho.be\/de\/#website\"},\"primaryImageOfPage\":{\"@id\":\"https:\/\/www.daisho.be\/de\/produit\/rueckenstrecker\/#primaryimage\"},\"image\":{\"@id\":\"https:\/\/www.daisho.be\/de\/produit\/rueckenstrecker\/#primaryimage\"},\"thumbnailUrl\":\"https:\/\/www.daisho.be\/wp-content\/uploads\/2025\/02\/image-4.webp\",\"datePublished\":\"2025-02-26T10:39:14+00:00\",\"breadcrumb\":{\"@id\":\"https:\/\/www.daisho.be\/de\/produit\/rueckenstrecker\/#breadcrumb\"},\"inLanguage\":\"de\",\"potentialAction\":[{\"@type\":\"ReadAction\",\"target\":[\"https:\/\/www.daisho.be\/de\/produit\/rueckenstrecker\/\"]}]},{\"@type\":\"ImageObject\",\"inLanguage\":\"de\",\"@id\":\"https:\/\/www.daisho.be\/de\/produit\/rueckenstrecker\/#primaryimage\",\"url\":\"https:\/\/www.daisho.be\/wp-content\/uploads\/2025\/02\/image-4.webp\",\"contentUrl\":\"https:\/\/www.daisho.be\/wp-content\/uploads\/2025\/02\/image-4.webp\",\"width\":1200,\"height\":1200,\"caption\":\"R\u00fcckenstrecker-1\"},{\"@type\":\"BreadcrumbList\",\"@id\":\"https:\/\/www.daisho.be\/de\/produit\/rueckenstrecker\/#breadcrumb\",\"itemListElement\":[{\"@type\":\"ListItem\",\"position\":1,\"name\":\"Accueil\",\"item\":\"https:\/\/www.daisho.be\/de\/\"},{\"@type\":\"ListItem\",\"position\":2,\"name\":\"Produkte\",\"item\":\"https:\/\/www.daisho.be\/de\/produkte\/\"},{\"@type\":\"ListItem\",\"position\":3,\"name\":\"Sportlerpflege\",\"item\":\"https:\/\/www.daisho.be\/de\/categorie-produit\/sportlerpflege\/\"},{\"@type\":\"ListItem\",\"position\":4,\"name\":\"Massage-Therapie\",\"item\":\"https:\/\/www.daisho.be\/de\/categorie-produit\/sportlerpflege\/massage-therapie\/\"},{\"@type\":\"ListItem\",\"position\":5,\"name\":\"R\u00fcckenstrecker\"}]},{\"@type\":\"WebSite\",\"@id\":\"https:\/\/www.daisho.be\/de\/#website\",\"url\":\"https:\/\/www.daisho.be\/de\/\",\"name\":\"Daisho\",\"description\":\"Sp&eacute;cialiste de l'&eacute;quipement sportif d'arts martiaux\",\"publisher\":{\"@id\":\"https:\/\/www.daisho.be\/de\/#organization\"},\"potentialAction\":[{\"@type\":\"SearchAction\",\"target\":{\"@type\":\"EntryPoint\",\"urlTemplate\":\"https:\/\/www.daisho.be\/de\/?s={search_term_string}\"},\"query-input\":{\"@type\":\"PropertyValueSpecification\",\"valueRequired\":true,\"valueName\":\"search_term_string\"}}],\"inLanguage\":\"de\"},{\"@type\":\"Organization\",\"@id\":\"https:\/\/www.daisho.be\/de\/#organization\",\"name\":\"Daisho\",\"url\":\"https:\/\/www.daisho.be\/de\/\",\"logo\":{\"@type\":\"ImageObject\",\"inLanguage\":\"de\",\"@id\":\"https:\/\/www.daisho.be\/de\/#\/schema\/logo\/image\/\",\"url\":\"https:\/\/www.daisho.be\/wp-content\/uploads\/2019\/07\/color-nothing-horizontale4x-e1564486100247.png\",\"contentUrl\":\"https:\/\/www.daisho.be\/wp-content\/uploads\/2019\/07\/color-nothing-horizontale4x-e1564486100247.png\",\"width\":1547,\"height\":385,\"caption\":\"Daisho\"},\"image\":{\"@id\":\"https:\/\/www.daisho.be\/de\/#\/schema\/logo\/image\/\"}}]}<\/script>\n<!-- \/ Yoast SEO plugin. -->","yoast_head_json":{"title":"R\u00fcckenstrecker &#8211; Daisho","robots":{"index":"index","follow":"follow","max-snippet":"max-snippet:-1","max-image-preview":"max-image-preview:large","max-video-preview":"max-video-preview:-1"},"canonical":"https:\/\/www.daisho.be\/de\/produit\/rueckenstrecker\/","og_locale":"de_DE","og_type":"article","og_title":"R\u00fcckenstrecker &#8211; Daisho","og_description":"Entdecken Sie mit dem R\u00fcckenstrecker eine innovative L\u00f6sung f\u00fcr die Gesundheit und Flexibilit\u00e4t Ihres R\u00fcckens! Dieses vielseitige Ger\u00e4t ist eine effektive Kombination aus R\u00fcckenstreckung und Akupressurmassage f\u00fcr eine vollst\u00e4ndige Linderung und Entspannung. Dank seiner einzigartigen 2-in-1-Funktionalit\u00e4t k\u00f6nnen Sie den R\u00fcckenstrecker sowohl im Liegen als auch im Sitzen verwenden. Mit seinen 3 Ebenen bietet er individuelle [&hellip;]","og_url":"https:\/\/www.daisho.be\/de\/produit\/rueckenstrecker\/","og_site_name":"Daisho","og_image":[{"width":1200,"height":1200,"url":"https:\/\/www.daisho.be\/wp-content\/uploads\/2025\/02\/image-4.webp","type":"image\/webp"}],"twitter_card":"summary_large_image","twitter_misc":{"Gesch\u00e4tzte Lesezeit":"2\u00a0Minuten"},"schema":{"@context":"https:\/\/schema.org","@graph":[{"@type":"WebPage","@id":"https:\/\/www.daisho.be\/de\/produit\/rueckenstrecker\/","url":"https:\/\/www.daisho.be\/de\/produit\/rueckenstrecker\/","name":"R\u00fcckenstrecker &#8211; Daisho","isPartOf":{"@id":"https:\/\/www.daisho.be\/de\/#website"},"primaryImageOfPage":{"@id":"https:\/\/www.daisho.be\/de\/produit\/rueckenstrecker\/#primaryimage"},"image":{"@id":"https:\/\/www.daisho.be\/de\/produit\/rueckenstrecker\/#primaryimage"},"thumbnailUrl":"https:\/\/www.daisho.be\/wp-content\/uploads\/2025\/02\/image-4.webp","datePublished":"2025-02-26T10:39:14+00:00","breadcrumb":{"@id":"https:\/\/www.daisho.be\/de\/produit\/rueckenstrecker\/#breadcrumb"},"inLanguage":"de","potentialAction":[{"@type":"ReadAction","target":["https:\/\/www.daisho.be\/de\/produit\/rueckenstrecker\/"]}]},{"@type":"ImageObject","inLanguage":"de","@id":"https:\/\/www.daisho.be\/de\/produit\/rueckenstrecker\/#primaryimage","url":"https:\/\/www.daisho.be\/wp-content\/uploads\/2025\/02\/image-4.webp","contentUrl":"https:\/\/www.daisho.be\/wp-content\/uploads\/2025\/02\/image-4.webp","width":1200,"height":1200,"caption":"R\u00fcckenstrecker-1"},{"@type":"BreadcrumbList","@id":"https:\/\/www.daisho.be\/de\/produit\/rueckenstrecker\/#breadcrumb","itemListElement":[{"@type":"ListItem","position":1,"name":"Accueil","item":"https:\/\/www.daisho.be\/de\/"},{"@type":"ListItem","position":2,"name":"Produkte","item":"https:\/\/www.daisho.be\/de\/produkte\/"},{"@type":"ListItem","position":3,"name":"Sportlerpflege","item":"https:\/\/www.daisho.be\/de\/categorie-produit\/sportlerpflege\/"},{"@type":"ListItem","position":4,"name":"Massage-Therapie","item":"https:\/\/www.daisho.be\/de\/categorie-produit\/sportlerpflege\/massage-therapie\/"},{"@type":"ListItem","position":5,"name":"R\u00fcckenstrecker"}]},{"@type":"WebSite","@id":"https:\/\/www.daisho.be\/de\/#website","url":"https:\/\/www.daisho.be\/de\/","name":"Daisho","description":"Sp&eacute;cialiste de l'&eacute;quipement sportif d'arts martiaux","publisher":{"@id":"https:\/\/www.daisho.be\/de\/#organization"},"potentialAction":[{"@type":"SearchAction","target":{"@type":"EntryPoint","urlTemplate":"https:\/\/www.daisho.be\/de\/?s={search_term_string}"},"query-input":{"@type":"PropertyValueSpecification","valueRequired":true,"valueName":"search_term_string"}}],"inLanguage":"de"},{"@type":"Organization","@id":"https:\/\/www.daisho.be\/de\/#organization","name":"Daisho","url":"https:\/\/www.daisho.be\/de\/","logo":{"@type":"ImageObject","inLanguage":"de","@id":"https:\/\/www.daisho.be\/de\/#\/schema\/logo\/image\/","url":"https:\/\/www.daisho.be\/wp-content\/uploads\/2019\/07\/color-nothing-horizontale4x-e1564486100247.png","contentUrl":"https:\/\/www.daisho.be\/wp-content\/uploads\/2019\/07\/color-nothing-horizontale4x-e1564486100247.png","width":1547,"height":385,"caption":"Daisho"},"image":{"@id":"https:\/\/www.daisho.be\/de\/#\/schema\/logo\/image\/"}}]}},"_links":{"self":[{"href":"https:\/\/www.daisho.be\/de\/wp-json\/wp\/v2\/product\/495517","targetHints":{"allow":["GET"]}}],"collection":[{"href":"https:\/\/www.daisho.be\/de\/wp-json\/wp\/v2\/product"}],"about":[{"href":"https:\/\/www.daisho.be\/de\/wp-json\/wp\/v2\/types\/product"}],"replies":[{"embeddable":true,"href":"https:\/\/www.daisho.be\/de\/wp-json\/wp\/v2\/comments?post=495517"}],"wp:featuredmedia":[{"embeddable":true,"href":"https:\/\/www.daisho.be\/de\/wp-json\/wp\/v2\/media\/495479"}],"wp:attachment":[{"href":"https:\/\/www.daisho.be\/de\/wp-json\/wp\/v2\/media?parent=495517"}],"wp:term":[{"taxonomy":"product_brand","embeddable":true,"href":"https:\/\/www.daisho.be\/de\/wp-json\/wp\/v2\/product_brand?post=495517"},{"taxonomy":"product_cat","embeddable":true,"href":"https:\/\/www.daisho.be\/de\/wp-json\/wp\/v2\/product_cat?post=495517"},{"taxonomy":"product_tag","embeddable":true,"href":"https:\/\/www.daisho.be\/de\/wp-json\/wp\/v2\/product_tag?post=495517"},{"taxonomy":"sport","embeddable":true,"href":"https:\/\/www.daisho.be\/de\/wp-json\/wp\/v2\/sport?post=495517"}],"curies":[{"name":"wp","href":"https:\/\/api.w.org\/{rel}","templated":true}]}}