{"id":494648,"date":"2025-02-22T16:52:25","date_gmt":"2025-02-22T15:52:25","guid":{"rendered":"https:\/\/www.daisho.be\/produit\/adidas-elite-guertel-braun\/"},"modified":"2026-01-09T13:30:58","modified_gmt":"2026-01-09T12:30:58","slug":"adidas-elite-guertel-braun","status":"publish","type":"product","link":"https:\/\/www.daisho.be\/de\/produit\/adidas-elite-guertel-braun\/","title":{"rendered":"adidas Elite G\u00fcrtel Braun"},"content":{"rendered":"<p>adidas Budo G\u00fcrtel &#8222;ELITE&#8220; aus 100 % Baumwolle, 4,5 bis 4,8 cm breit, 9-fach vern\u00e4ht und farbecht.<br \/>\nSie sind von 240 cm bis 340 cm erh\u00e4ltlich.<br \/>\nAus produktionstechnischen Gr\u00fcnden kann die tats\u00e4chliche L\u00e4nge des G\u00fcrtels von den Angaben auf dem G\u00fcrtel abweichen.<br \/>\nBudo G\u00fcrtel werden normalerweise nicht gewaschen.<br \/>\nWenn Sie dies dennoch tun m\u00f6chten, empfehlen wir, die G\u00fcrtel einzeln zu waschen, da es zu Verf\u00e4rbungen kommen kann.<\/p>\n","protected":false},"excerpt":{"rendered":"<p>adidas Budo G\u00fcrtel &#8222;ELITE&#8220; aus 100 % Baumwolle, 4,5 bis 4,8 cm breit, 9-fach vern\u00e4ht und farbecht. Sie sind von 240 cm bis 340 cm erh\u00e4ltlich. Aus produktionstechnischen Gr\u00fcnden kann die tats\u00e4chliche L\u00e4nge des G\u00fcrtels von den Angaben auf dem G\u00fcrtel abweichen. Budo G\u00fcrtel werden normalerweise nicht gewaschen. Wenn Sie dies dennoch tun m\u00f6chten, empfehlen [&hellip;]<\/p>\n","protected":false},"featured_media":494206,"comment_status":"open","ping_status":"closed","template":"","meta":{"inline_featured_image":false},"product_brand":[],"product_cat":[2104,2156,2177],"product_tag":[2178],"sport":[78,73],"class_list":{"0":"post-494648","1":"product","2":"type-product","3":"status-publish","4":"has-post-thumbnail","6":"product_cat-gurtel","7":"product_cat-judo-gurtel","8":"product_cat-karate-gurtel-von-adidas","9":"product_tag-adidas-de","10":"pa_size-254","11":"pa_size-253","12":"pa_size-280-50","13":"pa_size-251","14":"pa_size-415","15":"pa_size-340-90","16":"sport-judo","17":"sport-karate","19":"first","20":"instock","21":"taxable","22":"shipping-taxable","23":"purchasable","24":"product-type-variable"},"yoast_head":"<!-- This site is optimized with the Yoast SEO plugin v27.2 - https:\/\/yoast.com\/product\/yoast-seo-wordpress\/ -->\n<title>adidas Elite G\u00fcrtel Braun &#8211; Daisho<\/title>\n<meta name=\"description\" content=\"Adidas Elite G\u00fcrtel f\u00fcr Karate, Judo und andere Kampfsportarten. Kaufen Sie ihn auf unserer Website www.daisho.be | Daisho\" \/>\n<meta name=\"robots\" content=\"index, follow, max-snippet:-1, max-image-preview:large, max-video-preview:-1\" \/>\n<link rel=\"canonical\" href=\"https:\/\/www.daisho.be\/de\/produit\/adidas-elite-guertel-braun\/\" \/>\n<meta property=\"og:locale\" content=\"de_DE\" \/>\n<meta property=\"og:type\" content=\"article\" \/>\n<meta property=\"og:title\" content=\"adidas Elite G\u00fcrtel Braun &#8211; Daisho\" \/>\n<meta property=\"og:description\" content=\"Adidas Elite G\u00fcrtel f\u00fcr Karate, Judo und andere Kampfsportarten. Kaufen Sie ihn auf unserer Website www.daisho.be | Daisho\" \/>\n<meta property=\"og:url\" content=\"https:\/\/www.daisho.be\/de\/produit\/adidas-elite-guertel-braun\/\" \/>\n<meta property=\"og:site_name\" content=\"Daisho\" \/>\n<meta property=\"article:modified_time\" content=\"2026-01-09T12:30:58+00:00\" \/>\n<meta property=\"og:image\" content=\"https:\/\/www.daisho.be\/wp-content\/uploads\/2025\/02\/image-3.webp\" \/>\n\t<meta property=\"og:image:width\" content=\"613\" \/>\n\t<meta property=\"og:image:height\" content=\"1200\" \/>\n\t<meta property=\"og:image:type\" content=\"image\/webp\" \/>\n<meta name=\"twitter:card\" content=\"summary_large_image\" \/>\n<script type=\"application\/ld+json\" class=\"yoast-schema-graph\">{\"@context\":\"https:\/\/schema.org\",\"@graph\":[{\"@type\":\"WebPage\",\"@id\":\"https:\/\/www.daisho.be\/de\/produit\/adidas-elite-guertel-braun\/\",\"url\":\"https:\/\/www.daisho.be\/de\/produit\/adidas-elite-guertel-braun\/\",\"name\":\"adidas Elite G\u00fcrtel Braun &#8211; Daisho\",\"isPartOf\":{\"@id\":\"https:\/\/www.daisho.be\/de\/#website\"},\"primaryImageOfPage\":{\"@id\":\"https:\/\/www.daisho.be\/de\/produit\/adidas-elite-guertel-braun\/#primaryimage\"},\"image\":{\"@id\":\"https:\/\/www.daisho.be\/de\/produit\/adidas-elite-guertel-braun\/#primaryimage\"},\"thumbnailUrl\":\"https:\/\/www.daisho.be\/wp-content\/uploads\/2025\/02\/image-3.webp\",\"datePublished\":\"2025-02-22T15:52:25+00:00\",\"dateModified\":\"2026-01-09T12:30:58+00:00\",\"description\":\"Adidas Elite G\u00fcrtel f\u00fcr Karate, Judo und andere Kampfsportarten. Kaufen Sie ihn auf unserer Website www.daisho.be | Daisho\",\"breadcrumb\":{\"@id\":\"https:\/\/www.daisho.be\/de\/produit\/adidas-elite-guertel-braun\/#breadcrumb\"},\"inLanguage\":\"de\",\"potentialAction\":[{\"@type\":\"ReadAction\",\"target\":[\"https:\/\/www.daisho.be\/de\/produit\/adidas-elite-guertel-braun\/\"]}]},{\"@type\":\"ImageObject\",\"inLanguage\":\"de\",\"@id\":\"https:\/\/www.daisho.be\/de\/produit\/adidas-elite-guertel-braun\/#primaryimage\",\"url\":\"https:\/\/www.daisho.be\/wp-content\/uploads\/2025\/02\/image-3.webp\",\"contentUrl\":\"https:\/\/www.daisho.be\/wp-content\/uploads\/2025\/02\/image-3.webp\",\"width\":613,\"height\":1200,\"caption\":\"adidas Elite G\u00fcrtel Braun-1\"},{\"@type\":\"BreadcrumbList\",\"@id\":\"https:\/\/www.daisho.be\/de\/produit\/adidas-elite-guertel-braun\/#breadcrumb\",\"itemListElement\":[{\"@type\":\"ListItem\",\"position\":1,\"name\":\"Accueil\",\"item\":\"https:\/\/www.daisho.be\/de\/\"},{\"@type\":\"ListItem\",\"position\":2,\"name\":\"Produkte\",\"item\":\"https:\/\/www.daisho.be\/de\/produkte\/\"},{\"@type\":\"ListItem\",\"position\":3,\"name\":\"ADIDAS COMBAT SPORTS\",\"item\":\"https:\/\/www.daisho.be\/de\/categorie-produit\/adidas-combat-sports-de\/\"},{\"@type\":\"ListItem\",\"position\":4,\"name\":\"Karate\",\"item\":\"https:\/\/www.daisho.be\/de\/categorie-produit\/adidas-combat-sports-de\/karate-de\/\"},{\"@type\":\"ListItem\",\"position\":5,\"name\":\"Karate-G\u00fcrtel von Adidas\",\"item\":\"https:\/\/www.daisho.be\/de\/categorie-produit\/adidas-combat-sports-de\/karate-de\/karate-gurtel-von-adidas\/\"},{\"@type\":\"ListItem\",\"position\":6,\"name\":\"adidas Elite G\u00fcrtel Braun\"}]},{\"@type\":\"WebSite\",\"@id\":\"https:\/\/www.daisho.be\/de\/#website\",\"url\":\"https:\/\/www.daisho.be\/de\/\",\"name\":\"Daisho\",\"description\":\"Sp&eacute;cialiste de l'&eacute;quipement sportif d'arts martiaux\",\"publisher\":{\"@id\":\"https:\/\/www.daisho.be\/de\/#organization\"},\"potentialAction\":[{\"@type\":\"SearchAction\",\"target\":{\"@type\":\"EntryPoint\",\"urlTemplate\":\"https:\/\/www.daisho.be\/de\/?s={search_term_string}\"},\"query-input\":{\"@type\":\"PropertyValueSpecification\",\"valueRequired\":true,\"valueName\":\"search_term_string\"}}],\"inLanguage\":\"de\"},{\"@type\":\"Organization\",\"@id\":\"https:\/\/www.daisho.be\/de\/#organization\",\"name\":\"Daisho\",\"url\":\"https:\/\/www.daisho.be\/de\/\",\"logo\":{\"@type\":\"ImageObject\",\"inLanguage\":\"de\",\"@id\":\"https:\/\/www.daisho.be\/de\/#\/schema\/logo\/image\/\",\"url\":\"https:\/\/www.daisho.be\/wp-content\/uploads\/2019\/07\/color-nothing-horizontale4x-e1564486100247.png\",\"contentUrl\":\"https:\/\/www.daisho.be\/wp-content\/uploads\/2019\/07\/color-nothing-horizontale4x-e1564486100247.png\",\"width\":1547,\"height\":385,\"caption\":\"Daisho\"},\"image\":{\"@id\":\"https:\/\/www.daisho.be\/de\/#\/schema\/logo\/image\/\"}}]}<\/script>\n<!-- \/ Yoast SEO plugin. -->","yoast_head_json":{"title":"adidas Elite G\u00fcrtel Braun &#8211; Daisho","description":"Adidas Elite G\u00fcrtel f\u00fcr Karate, Judo und andere Kampfsportarten. Kaufen Sie ihn auf unserer Website www.daisho.be | Daisho","robots":{"index":"index","follow":"follow","max-snippet":"max-snippet:-1","max-image-preview":"max-image-preview:large","max-video-preview":"max-video-preview:-1"},"canonical":"https:\/\/www.daisho.be\/de\/produit\/adidas-elite-guertel-braun\/","og_locale":"de_DE","og_type":"article","og_title":"adidas Elite G\u00fcrtel Braun &#8211; Daisho","og_description":"Adidas Elite G\u00fcrtel f\u00fcr Karate, Judo und andere Kampfsportarten. Kaufen Sie ihn auf unserer Website www.daisho.be | Daisho","og_url":"https:\/\/www.daisho.be\/de\/produit\/adidas-elite-guertel-braun\/","og_site_name":"Daisho","article_modified_time":"2026-01-09T12:30:58+00:00","og_image":[{"width":613,"height":1200,"url":"https:\/\/www.daisho.be\/wp-content\/uploads\/2025\/02\/image-3.webp","type":"image\/webp"}],"twitter_card":"summary_large_image","schema":{"@context":"https:\/\/schema.org","@graph":[{"@type":"WebPage","@id":"https:\/\/www.daisho.be\/de\/produit\/adidas-elite-guertel-braun\/","url":"https:\/\/www.daisho.be\/de\/produit\/adidas-elite-guertel-braun\/","name":"adidas Elite G\u00fcrtel Braun &#8211; Daisho","isPartOf":{"@id":"https:\/\/www.daisho.be\/de\/#website"},"primaryImageOfPage":{"@id":"https:\/\/www.daisho.be\/de\/produit\/adidas-elite-guertel-braun\/#primaryimage"},"image":{"@id":"https:\/\/www.daisho.be\/de\/produit\/adidas-elite-guertel-braun\/#primaryimage"},"thumbnailUrl":"https:\/\/www.daisho.be\/wp-content\/uploads\/2025\/02\/image-3.webp","datePublished":"2025-02-22T15:52:25+00:00","dateModified":"2026-01-09T12:30:58+00:00","description":"Adidas Elite G\u00fcrtel f\u00fcr Karate, Judo und andere Kampfsportarten. Kaufen Sie ihn auf unserer Website www.daisho.be | Daisho","breadcrumb":{"@id":"https:\/\/www.daisho.be\/de\/produit\/adidas-elite-guertel-braun\/#breadcrumb"},"inLanguage":"de","potentialAction":[{"@type":"ReadAction","target":["https:\/\/www.daisho.be\/de\/produit\/adidas-elite-guertel-braun\/"]}]},{"@type":"ImageObject","inLanguage":"de","@id":"https:\/\/www.daisho.be\/de\/produit\/adidas-elite-guertel-braun\/#primaryimage","url":"https:\/\/www.daisho.be\/wp-content\/uploads\/2025\/02\/image-3.webp","contentUrl":"https:\/\/www.daisho.be\/wp-content\/uploads\/2025\/02\/image-3.webp","width":613,"height":1200,"caption":"adidas Elite G\u00fcrtel Braun-1"},{"@type":"BreadcrumbList","@id":"https:\/\/www.daisho.be\/de\/produit\/adidas-elite-guertel-braun\/#breadcrumb","itemListElement":[{"@type":"ListItem","position":1,"name":"Accueil","item":"https:\/\/www.daisho.be\/de\/"},{"@type":"ListItem","position":2,"name":"Produkte","item":"https:\/\/www.daisho.be\/de\/produkte\/"},{"@type":"ListItem","position":3,"name":"ADIDAS COMBAT SPORTS","item":"https:\/\/www.daisho.be\/de\/categorie-produit\/adidas-combat-sports-de\/"},{"@type":"ListItem","position":4,"name":"Karate","item":"https:\/\/www.daisho.be\/de\/categorie-produit\/adidas-combat-sports-de\/karate-de\/"},{"@type":"ListItem","position":5,"name":"Karate-G\u00fcrtel von Adidas","item":"https:\/\/www.daisho.be\/de\/categorie-produit\/adidas-combat-sports-de\/karate-de\/karate-gurtel-von-adidas\/"},{"@type":"ListItem","position":6,"name":"adidas Elite G\u00fcrtel Braun"}]},{"@type":"WebSite","@id":"https:\/\/www.daisho.be\/de\/#website","url":"https:\/\/www.daisho.be\/de\/","name":"Daisho","description":"Sp&eacute;cialiste de l'&eacute;quipement sportif d'arts martiaux","publisher":{"@id":"https:\/\/www.daisho.be\/de\/#organization"},"potentialAction":[{"@type":"SearchAction","target":{"@type":"EntryPoint","urlTemplate":"https:\/\/www.daisho.be\/de\/?s={search_term_string}"},"query-input":{"@type":"PropertyValueSpecification","valueRequired":true,"valueName":"search_term_string"}}],"inLanguage":"de"},{"@type":"Organization","@id":"https:\/\/www.daisho.be\/de\/#organization","name":"Daisho","url":"https:\/\/www.daisho.be\/de\/","logo":{"@type":"ImageObject","inLanguage":"de","@id":"https:\/\/www.daisho.be\/de\/#\/schema\/logo\/image\/","url":"https:\/\/www.daisho.be\/wp-content\/uploads\/2019\/07\/color-nothing-horizontale4x-e1564486100247.png","contentUrl":"https:\/\/www.daisho.be\/wp-content\/uploads\/2019\/07\/color-nothing-horizontale4x-e1564486100247.png","width":1547,"height":385,"caption":"Daisho"},"image":{"@id":"https:\/\/www.daisho.be\/de\/#\/schema\/logo\/image\/"}}]}},"_links":{"self":[{"href":"https:\/\/www.daisho.be\/de\/wp-json\/wp\/v2\/product\/494648","targetHints":{"allow":["GET"]}}],"collection":[{"href":"https:\/\/www.daisho.be\/de\/wp-json\/wp\/v2\/product"}],"about":[{"href":"https:\/\/www.daisho.be\/de\/wp-json\/wp\/v2\/types\/product"}],"replies":[{"embeddable":true,"href":"https:\/\/www.daisho.be\/de\/wp-json\/wp\/v2\/comments?post=494648"}],"wp:featuredmedia":[{"embeddable":true,"href":"https:\/\/www.daisho.be\/de\/wp-json\/wp\/v2\/media\/494206"}],"wp:attachment":[{"href":"https:\/\/www.daisho.be\/de\/wp-json\/wp\/v2\/media?parent=494648"}],"wp:term":[{"taxonomy":"product_brand","embeddable":true,"href":"https:\/\/www.daisho.be\/de\/wp-json\/wp\/v2\/product_brand?post=494648"},{"taxonomy":"product_cat","embeddable":true,"href":"https:\/\/www.daisho.be\/de\/wp-json\/wp\/v2\/product_cat?post=494648"},{"taxonomy":"product_tag","embeddable":true,"href":"https:\/\/www.daisho.be\/de\/wp-json\/wp\/v2\/product_tag?post=494648"},{"taxonomy":"sport","embeddable":true,"href":"https:\/\/www.daisho.be\/de\/wp-json\/wp\/v2\/sport?post=494648"}],"curies":[{"name":"wp","href":"https:\/\/api.w.org\/{rel}","templated":true}]}}