{"id":491703,"date":"2025-02-11T15:31:56","date_gmt":"2025-02-11T14:31:56","guid":{"rendered":"https:\/\/www.daisho.be\/produit\/binome-resistance-fitnessgeraet-fuer-2-personen-fitness\/"},"modified":"2025-10-09T14:35:54","modified_gmt":"2025-10-09T12:35:54","slug":"binome-resistance-fitnessgeraet-fuer-2-personen-fitness","status":"publish","type":"product","link":"https:\/\/www.daisho.be\/de\/produit\/binome-resistance-fitnessgeraet-fuer-2-personen-fitness\/","title":{"rendered":"Binome Resistance &#8211; Fitnessger\u00e4t f\u00fcr 2 Personen &#8211; Fitness"},"content":{"rendered":"<p>Der Widerstandsbinom ist ein Fitnessger\u00e4t, mit dem Sie zu zweit oder zu zweit arbeiten k\u00f6nnen.<\/p>\n<p>Training zu zweit: Das Training zu zweit erm\u00f6glicht ein Training zu zweit, das Motivation, Spa\u00df und gegenseitige Unterst\u00fctzung bietet. Ideal f\u00fcr gemeinsame Sitzungen mit einem Partner, einem Trainer oder in einer Gruppe.<br \/>\nRobustes und sicheres Design: Ausgestattet mit einem monofilen Polyesterseil, das mit einem Pom-Kern verst\u00e4rkt ist, um Haltbarkeit und Sicherheit auch nach langer Zeit intensiver Nutzung zu gew\u00e4hrleisten.<br \/>\nVielseitigkeit und Tragbarkeit: Das Ger\u00e4t ist kompakt und leicht und kann \u00fcberall eingesetzt werden, sei es zu Hause, im Park oder im Fitnessstudio.<br \/>\nVerbesserter Komfort: Rutschfester Griff mit Sto\u00dfd\u00e4mpfer, entworfen f\u00fcr optimalen Halt und Komfort w\u00e4hrend des Trainings.<br \/>\nVollst\u00e4ndige Funktionen: Ausgestattet mit einem Pendelrechner, Kalorienverbrauchsz\u00e4hler und Laufzeit, mit einer R\u00fccksetzfunktion f\u00fcr eine genaue \u00dcberwachung Ihrer Leistung.<\/p>\n<p>Version: Fitness, f\u00fcr mehr Widerstand.<br \/>\nVerschiedene Einsatzm\u00f6glichkeiten durch K\u00f6rper- und Armpositionen<br \/>\nStehend:<br \/>\nMan kann das Paar in verschiedenen Winkeln der Armposition verwenden, um die Arbeit an einer bestimmten Region der oberen Gliedma\u00dfen zu intensivieren:<\/p>\n<p>Arme auf 90\u00b0 (oberer Trapezmuskel und Hals)<br \/>\n Arme auf 45\u00b0 gebeugte Ellbogen: Handgelenksstrecker (Epicondylus und Schultern)<br \/>\nTae le Leeren Sie den K\u00f6rper, um den K\u00f6rper zu stabilisieren.<br \/>\nSitzend:<br \/>\nJe nachdem, ob die Griffe nach oben oder nach unten gerichtet sind, wird die Muskelwirkung unterschiedlich sein.<br \/>\n1) Griffe zur Decke: vorderer Strahl des M. deltoideus.<br \/>\n2) Griffe von Angesicht zu Angesicht: Trizeps, mittlerer und hinterer Deltamuskel.<br \/>\n3) Griffe nach unten: Deltamuskel, Trizeps.<br \/>\n\u00d6ffnung des Brustkorbs :<br \/>\nDurch die Streckung beider Arme in Verbindung mit der Einatmung bei der Ausf\u00fchrung der Bewegungen haben Sie eine maximale \u00d6ffnung Ihres Brustkorbs.<\/p>\n","protected":false},"excerpt":{"rendered":"[video width=\"1920\" height=\"1080\" mp4=\"https:\/\/www.daisho.be\/wp-content\/uploads\/2025\/02\/BINOME-RESISTANCE-Header.mp4\"][\/video]\n","protected":false},"featured_media":491654,"comment_status":"open","ping_status":"closed","template":"","meta":{"inline_featured_image":false},"product_brand":[],"product_cat":[2224,2243,2054],"product_tag":[2479],"sport":[],"class_list":{"0":"post-491703","1":"product","2":"type-product","3":"status-publish","4":"has-post-thumbnail","6":"product_cat-muskelstarkung","7":"product_cat-trainingsmaterial-de-2","8":"product_cat-trainingsmaterial","9":"product_tag-binome-widerstand","11":"first","12":"instock","13":"sale","14":"taxable","15":"shipping-taxable","16":"purchasable","17":"product-type-simple"},"yoast_head":"<!-- This site is optimized with the Yoast SEO plugin v27.2 - https:\/\/yoast.com\/product\/yoast-seo-wordpress\/ -->\n<title>Binome Resistance - Fitnessger\u00e4t f\u00fcr 2 Personen - Fitness &#8211; Daisho<\/title>\n<meta name=\"description\" content=\"Der Widerstandsbinom ist ein Fitnessger\u00e4t f\u00fcr das Training zu zweit oder in Zweiergruppen. Die Fitness-Version wurde f\u00fcr Sportler entwickelt. | Daisho\" \/>\n<meta name=\"robots\" content=\"index, follow, max-snippet:-1, max-image-preview:large, max-video-preview:-1\" \/>\n<link rel=\"canonical\" href=\"https:\/\/www.daisho.be\/de\/produit\/binome-resistance-fitnessgeraet-fuer-2-personen-fitness\/\" \/>\n<meta property=\"og:locale\" content=\"de_DE\" \/>\n<meta property=\"og:type\" content=\"article\" \/>\n<meta property=\"og:title\" content=\"Binome Resistance - Fitnessger\u00e4t f\u00fcr 2 Personen - Fitness &#8211; Daisho\" \/>\n<meta property=\"og:description\" content=\"Der Widerstandsbinom ist ein Fitnessger\u00e4t f\u00fcr das Training zu zweit oder in Zweiergruppen. Die Fitness-Version wurde f\u00fcr Sportler entwickelt. | Daisho\" \/>\n<meta property=\"og:url\" content=\"https:\/\/www.daisho.be\/de\/produit\/binome-resistance-fitnessgeraet-fuer-2-personen-fitness\/\" \/>\n<meta property=\"og:site_name\" content=\"Daisho\" \/>\n<meta property=\"article:modified_time\" content=\"2025-10-09T12:35:54+00:00\" \/>\n<meta property=\"og:image\" content=\"https:\/\/www.daisho.be\/wp-content\/uploads\/2025\/02\/image-73.jpg\" \/>\n\t<meta property=\"og:image:width\" content=\"2000\" \/>\n\t<meta property=\"og:image:height\" content=\"1333\" \/>\n\t<meta property=\"og:image:type\" content=\"image\/jpeg\" \/>\n<meta name=\"twitter:card\" content=\"summary_large_image\" \/>\n<meta name=\"twitter:label1\" content=\"Gesch\u00e4tzte Lesezeit\" \/>\n\t<meta name=\"twitter:data1\" content=\"1\u00a0Minute\" \/>\n<script type=\"application\/ld+json\" class=\"yoast-schema-graph\">{\"@context\":\"https:\/\/schema.org\",\"@graph\":[{\"@type\":\"WebPage\",\"@id\":\"https:\/\/www.daisho.be\/de\/produit\/binome-resistance-fitnessgeraet-fuer-2-personen-fitness\/\",\"url\":\"https:\/\/www.daisho.be\/de\/produit\/binome-resistance-fitnessgeraet-fuer-2-personen-fitness\/\",\"name\":\"Binome Resistance - Fitnessger\u00e4t f\u00fcr 2 Personen - Fitness &#8211; Daisho\",\"isPartOf\":{\"@id\":\"https:\/\/www.daisho.be\/de\/#website\"},\"primaryImageOfPage\":{\"@id\":\"https:\/\/www.daisho.be\/de\/produit\/binome-resistance-fitnessgeraet-fuer-2-personen-fitness\/#primaryimage\"},\"image\":{\"@id\":\"https:\/\/www.daisho.be\/de\/produit\/binome-resistance-fitnessgeraet-fuer-2-personen-fitness\/#primaryimage\"},\"thumbnailUrl\":\"https:\/\/www.daisho.be\/wp-content\/uploads\/2025\/02\/image-73.jpg\",\"datePublished\":\"2025-02-11T14:31:56+00:00\",\"dateModified\":\"2025-10-09T12:35:54+00:00\",\"description\":\"Der Widerstandsbinom ist ein Fitnessger\u00e4t f\u00fcr das Training zu zweit oder in Zweiergruppen. Die Fitness-Version wurde f\u00fcr Sportler entwickelt. | Daisho\",\"breadcrumb\":{\"@id\":\"https:\/\/www.daisho.be\/de\/produit\/binome-resistance-fitnessgeraet-fuer-2-personen-fitness\/#breadcrumb\"},\"inLanguage\":\"de\",\"potentialAction\":[{\"@type\":\"ReadAction\",\"target\":[\"https:\/\/www.daisho.be\/de\/produit\/binome-resistance-fitnessgeraet-fuer-2-personen-fitness\/\"]}]},{\"@type\":\"ImageObject\",\"inLanguage\":\"de\",\"@id\":\"https:\/\/www.daisho.be\/de\/produit\/binome-resistance-fitnessgeraet-fuer-2-personen-fitness\/#primaryimage\",\"url\":\"https:\/\/www.daisho.be\/wp-content\/uploads\/2025\/02\/image-73.jpg\",\"contentUrl\":\"https:\/\/www.daisho.be\/wp-content\/uploads\/2025\/02\/image-73.jpg\",\"width\":2000,\"height\":1333,\"caption\":\"Binome Resistance - Fitnessger\u00e4t f\u00fcr 2 Personen - Fitness-1\"},{\"@type\":\"BreadcrumbList\",\"@id\":\"https:\/\/www.daisho.be\/de\/produit\/binome-resistance-fitnessgeraet-fuer-2-personen-fitness\/#breadcrumb\",\"itemListElement\":[{\"@type\":\"ListItem\",\"position\":1,\"name\":\"Accueil\",\"item\":\"https:\/\/www.daisho.be\/de\/\"},{\"@type\":\"ListItem\",\"position\":2,\"name\":\"Produkte\",\"item\":\"https:\/\/www.daisho.be\/de\/produkte\/\"},{\"@type\":\"ListItem\",\"position\":3,\"name\":\"Kampfsportarten\",\"item\":\"https:\/\/www.daisho.be\/de\/categorie-produit\/kampfsportarten\/\"},{\"@type\":\"ListItem\",\"position\":4,\"name\":\"Trainingsmaterial\",\"item\":\"https:\/\/www.daisho.be\/de\/categorie-produit\/kampfsportarten\/trainingsmaterial\/\"},{\"@type\":\"ListItem\",\"position\":5,\"name\":\"Binome Resistance &#8211; Fitnessger\u00e4t f\u00fcr 2 Personen &#8211; Fitness\"}]},{\"@type\":\"WebSite\",\"@id\":\"https:\/\/www.daisho.be\/de\/#website\",\"url\":\"https:\/\/www.daisho.be\/de\/\",\"name\":\"Daisho\",\"description\":\"Sp&eacute;cialiste de l'&eacute;quipement sportif d'arts martiaux\",\"publisher\":{\"@id\":\"https:\/\/www.daisho.be\/de\/#organization\"},\"potentialAction\":[{\"@type\":\"SearchAction\",\"target\":{\"@type\":\"EntryPoint\",\"urlTemplate\":\"https:\/\/www.daisho.be\/de\/?s={search_term_string}\"},\"query-input\":{\"@type\":\"PropertyValueSpecification\",\"valueRequired\":true,\"valueName\":\"search_term_string\"}}],\"inLanguage\":\"de\"},{\"@type\":\"Organization\",\"@id\":\"https:\/\/www.daisho.be\/de\/#organization\",\"name\":\"Daisho\",\"url\":\"https:\/\/www.daisho.be\/de\/\",\"logo\":{\"@type\":\"ImageObject\",\"inLanguage\":\"de\",\"@id\":\"https:\/\/www.daisho.be\/de\/#\/schema\/logo\/image\/\",\"url\":\"https:\/\/www.daisho.be\/wp-content\/uploads\/2019\/07\/color-nothing-horizontale4x-e1564486100247.png\",\"contentUrl\":\"https:\/\/www.daisho.be\/wp-content\/uploads\/2019\/07\/color-nothing-horizontale4x-e1564486100247.png\",\"width\":1547,\"height\":385,\"caption\":\"Daisho\"},\"image\":{\"@id\":\"https:\/\/www.daisho.be\/de\/#\/schema\/logo\/image\/\"}}]}<\/script>\n<!-- \/ Yoast SEO plugin. -->","yoast_head_json":{"title":"Binome Resistance - Fitnessger\u00e4t f\u00fcr 2 Personen - Fitness &#8211; Daisho","description":"Der Widerstandsbinom ist ein Fitnessger\u00e4t f\u00fcr das Training zu zweit oder in Zweiergruppen. Die Fitness-Version wurde f\u00fcr Sportler entwickelt. | Daisho","robots":{"index":"index","follow":"follow","max-snippet":"max-snippet:-1","max-image-preview":"max-image-preview:large","max-video-preview":"max-video-preview:-1"},"canonical":"https:\/\/www.daisho.be\/de\/produit\/binome-resistance-fitnessgeraet-fuer-2-personen-fitness\/","og_locale":"de_DE","og_type":"article","og_title":"Binome Resistance - Fitnessger\u00e4t f\u00fcr 2 Personen - Fitness &#8211; Daisho","og_description":"Der Widerstandsbinom ist ein Fitnessger\u00e4t f\u00fcr das Training zu zweit oder in Zweiergruppen. Die Fitness-Version wurde f\u00fcr Sportler entwickelt. | Daisho","og_url":"https:\/\/www.daisho.be\/de\/produit\/binome-resistance-fitnessgeraet-fuer-2-personen-fitness\/","og_site_name":"Daisho","article_modified_time":"2025-10-09T12:35:54+00:00","og_image":[{"width":2000,"height":1333,"url":"https:\/\/www.daisho.be\/wp-content\/uploads\/2025\/02\/image-73.jpg","type":"image\/jpeg"}],"twitter_card":"summary_large_image","twitter_misc":{"Gesch\u00e4tzte Lesezeit":"1\u00a0Minute"},"schema":{"@context":"https:\/\/schema.org","@graph":[{"@type":"WebPage","@id":"https:\/\/www.daisho.be\/de\/produit\/binome-resistance-fitnessgeraet-fuer-2-personen-fitness\/","url":"https:\/\/www.daisho.be\/de\/produit\/binome-resistance-fitnessgeraet-fuer-2-personen-fitness\/","name":"Binome Resistance - Fitnessger\u00e4t f\u00fcr 2 Personen - Fitness &#8211; Daisho","isPartOf":{"@id":"https:\/\/www.daisho.be\/de\/#website"},"primaryImageOfPage":{"@id":"https:\/\/www.daisho.be\/de\/produit\/binome-resistance-fitnessgeraet-fuer-2-personen-fitness\/#primaryimage"},"image":{"@id":"https:\/\/www.daisho.be\/de\/produit\/binome-resistance-fitnessgeraet-fuer-2-personen-fitness\/#primaryimage"},"thumbnailUrl":"https:\/\/www.daisho.be\/wp-content\/uploads\/2025\/02\/image-73.jpg","datePublished":"2025-02-11T14:31:56+00:00","dateModified":"2025-10-09T12:35:54+00:00","description":"Der Widerstandsbinom ist ein Fitnessger\u00e4t f\u00fcr das Training zu zweit oder in Zweiergruppen. Die Fitness-Version wurde f\u00fcr Sportler entwickelt. | Daisho","breadcrumb":{"@id":"https:\/\/www.daisho.be\/de\/produit\/binome-resistance-fitnessgeraet-fuer-2-personen-fitness\/#breadcrumb"},"inLanguage":"de","potentialAction":[{"@type":"ReadAction","target":["https:\/\/www.daisho.be\/de\/produit\/binome-resistance-fitnessgeraet-fuer-2-personen-fitness\/"]}]},{"@type":"ImageObject","inLanguage":"de","@id":"https:\/\/www.daisho.be\/de\/produit\/binome-resistance-fitnessgeraet-fuer-2-personen-fitness\/#primaryimage","url":"https:\/\/www.daisho.be\/wp-content\/uploads\/2025\/02\/image-73.jpg","contentUrl":"https:\/\/www.daisho.be\/wp-content\/uploads\/2025\/02\/image-73.jpg","width":2000,"height":1333,"caption":"Binome Resistance - Fitnessger\u00e4t f\u00fcr 2 Personen - Fitness-1"},{"@type":"BreadcrumbList","@id":"https:\/\/www.daisho.be\/de\/produit\/binome-resistance-fitnessgeraet-fuer-2-personen-fitness\/#breadcrumb","itemListElement":[{"@type":"ListItem","position":1,"name":"Accueil","item":"https:\/\/www.daisho.be\/de\/"},{"@type":"ListItem","position":2,"name":"Produkte","item":"https:\/\/www.daisho.be\/de\/produkte\/"},{"@type":"ListItem","position":3,"name":"Kampfsportarten","item":"https:\/\/www.daisho.be\/de\/categorie-produit\/kampfsportarten\/"},{"@type":"ListItem","position":4,"name":"Trainingsmaterial","item":"https:\/\/www.daisho.be\/de\/categorie-produit\/kampfsportarten\/trainingsmaterial\/"},{"@type":"ListItem","position":5,"name":"Binome Resistance &#8211; Fitnessger\u00e4t f\u00fcr 2 Personen &#8211; Fitness"}]},{"@type":"WebSite","@id":"https:\/\/www.daisho.be\/de\/#website","url":"https:\/\/www.daisho.be\/de\/","name":"Daisho","description":"Sp&eacute;cialiste de l'&eacute;quipement sportif d'arts martiaux","publisher":{"@id":"https:\/\/www.daisho.be\/de\/#organization"},"potentialAction":[{"@type":"SearchAction","target":{"@type":"EntryPoint","urlTemplate":"https:\/\/www.daisho.be\/de\/?s={search_term_string}"},"query-input":{"@type":"PropertyValueSpecification","valueRequired":true,"valueName":"search_term_string"}}],"inLanguage":"de"},{"@type":"Organization","@id":"https:\/\/www.daisho.be\/de\/#organization","name":"Daisho","url":"https:\/\/www.daisho.be\/de\/","logo":{"@type":"ImageObject","inLanguage":"de","@id":"https:\/\/www.daisho.be\/de\/#\/schema\/logo\/image\/","url":"https:\/\/www.daisho.be\/wp-content\/uploads\/2019\/07\/color-nothing-horizontale4x-e1564486100247.png","contentUrl":"https:\/\/www.daisho.be\/wp-content\/uploads\/2019\/07\/color-nothing-horizontale4x-e1564486100247.png","width":1547,"height":385,"caption":"Daisho"},"image":{"@id":"https:\/\/www.daisho.be\/de\/#\/schema\/logo\/image\/"}}]}},"_links":{"self":[{"href":"https:\/\/www.daisho.be\/de\/wp-json\/wp\/v2\/product\/491703","targetHints":{"allow":["GET"]}}],"collection":[{"href":"https:\/\/www.daisho.be\/de\/wp-json\/wp\/v2\/product"}],"about":[{"href":"https:\/\/www.daisho.be\/de\/wp-json\/wp\/v2\/types\/product"}],"replies":[{"embeddable":true,"href":"https:\/\/www.daisho.be\/de\/wp-json\/wp\/v2\/comments?post=491703"}],"wp:featuredmedia":[{"embeddable":true,"href":"https:\/\/www.daisho.be\/de\/wp-json\/wp\/v2\/media\/491654"}],"wp:attachment":[{"href":"https:\/\/www.daisho.be\/de\/wp-json\/wp\/v2\/media?parent=491703"}],"wp:term":[{"taxonomy":"product_brand","embeddable":true,"href":"https:\/\/www.daisho.be\/de\/wp-json\/wp\/v2\/product_brand?post=491703"},{"taxonomy":"product_cat","embeddable":true,"href":"https:\/\/www.daisho.be\/de\/wp-json\/wp\/v2\/product_cat?post=491703"},{"taxonomy":"product_tag","embeddable":true,"href":"https:\/\/www.daisho.be\/de\/wp-json\/wp\/v2\/product_tag?post=491703"},{"taxonomy":"sport","embeddable":true,"href":"https:\/\/www.daisho.be\/de\/wp-json\/wp\/v2\/sport?post=491703"}],"curies":[{"name":"wp","href":"https:\/\/api.w.org\/{rel}","templated":true}]}}