{"id":490592,"date":"2025-02-03T15:47:07","date_gmt":"2025-02-03T14:47:07","guid":{"rendered":"https:\/\/www.daisho.be\/produit\/laufrucksack\/"},"modified":"2025-10-09T14:31:11","modified_gmt":"2025-10-09T12:31:11","slug":"laufrucksack","status":"publish","type":"product","link":"https:\/\/www.daisho.be\/de\/produit\/laufrucksack\/","title":{"rendered":"Laufrucksack"},"content":{"rendered":"<p>Idealer Rucksack f\u00fcr Ihre Laufeinheiten.<br \/>\nAus Mesh-Gewebe, um den Feuchtigkeitstransport zu erleichtern.<br \/>\nAusgestattet mit einer gro\u00dfen Tasche in der Mitte und drei weiteren kleinen Taschen, die ideal f\u00fcr z.B. Ihre Schl\u00fcssel oder Smartphone sind.<br \/>\nVerstellbar mit einem Brustgurt und einem unteren Gurt.<br \/>\n&#8211; L\u00e4nge: 32 cm<br \/>\n&#8211; Breite: 24 cm<br \/>\n&#8211; Gewicht: 200 g<br \/>\n&#8211; Material: Oxford-Gewebe &#8211; Mesh (60% Polyester Dacron &#8211; 40% Chemiefaser)<\/p>\n","protected":false},"excerpt":{"rendered":"<p>Idealer Rucksack f\u00fcr Ihre Laufeinheiten. Aus Mesh-Gewebe, um den Feuchtigkeitstransport zu erleichtern. Ausgestattet mit einer gro\u00dfen Tasche in der Mitte und drei weiteren kleinen Taschen, die ideal f\u00fcr z.B. Ihre Schl\u00fcssel oder Smartphone sind. Verstellbar mit einem Brustgurt und einem unteren Gurt. &#8211; L\u00e4nge: 32 cm &#8211; Breite: 24 cm &#8211; Gewicht: 200 g &#8211; [&hellip;]<\/p>\n","protected":false},"featured_media":490560,"comment_status":"open","ping_status":"closed","template":"","meta":{"inline_featured_image":false},"product_brand":[],"product_cat":[2061,2054],"product_tag":[2225],"sport":[],"class_list":{"0":"post-490592","1":"product","2":"type-product","3":"status-publish","4":"has-post-thumbnail","6":"product_cat-sporttaschen","7":"product_cat-trainingsmaterial","8":"product_tag-sveltus-de","9":"pa_size-sans-taille-defaut","11":"first","12":"instock","13":"taxable","14":"shipping-taxable","15":"purchasable","16":"product-type-variable"},"yoast_head":"<!-- This site is optimized with the Yoast SEO plugin v27.2 - https:\/\/yoast.com\/product\/yoast-seo-wordpress\/ -->\n<title>Laufrucksack &#8211; Daisho<\/title>\n<meta name=\"robots\" content=\"index, follow, max-snippet:-1, max-image-preview:large, max-video-preview:-1\" \/>\n<link rel=\"canonical\" href=\"https:\/\/www.daisho.be\/de\/produit\/laufrucksack\/\" \/>\n<meta property=\"og:locale\" content=\"de_DE\" \/>\n<meta property=\"og:type\" content=\"article\" \/>\n<meta property=\"og:title\" content=\"Laufrucksack &#8211; Daisho\" \/>\n<meta property=\"og:description\" content=\"Idealer Rucksack f\u00fcr Ihre Laufeinheiten. Aus Mesh-Gewebe, um den Feuchtigkeitstransport zu erleichtern. Ausgestattet mit einer gro\u00dfen Tasche in der Mitte und drei weiteren kleinen Taschen, die ideal f\u00fcr z.B. Ihre Schl\u00fcssel oder Smartphone sind. Verstellbar mit einem Brustgurt und einem unteren Gurt. &#8211; L\u00e4nge: 32 cm &#8211; Breite: 24 cm &#8211; Gewicht: 200 g &#8211; [&hellip;]\" \/>\n<meta property=\"og:url\" content=\"https:\/\/www.daisho.be\/de\/produit\/laufrucksack\/\" \/>\n<meta property=\"og:site_name\" content=\"Daisho\" \/>\n<meta property=\"article:modified_time\" content=\"2025-10-09T12:31:11+00:00\" \/>\n<meta property=\"og:image\" content=\"https:\/\/www.daisho.be\/wp-content\/uploads\/2025\/02\/image-59-scaled.jpg\" \/>\n\t<meta property=\"og:image:width\" content=\"2048\" \/>\n\t<meta property=\"og:image:height\" content=\"1769\" \/>\n\t<meta property=\"og:image:type\" content=\"image\/jpeg\" \/>\n<meta name=\"twitter:card\" content=\"summary_large_image\" \/>\n<script type=\"application\/ld+json\" class=\"yoast-schema-graph\">{\"@context\":\"https:\/\/schema.org\",\"@graph\":[{\"@type\":\"WebPage\",\"@id\":\"https:\/\/www.daisho.be\/de\/produit\/laufrucksack\/\",\"url\":\"https:\/\/www.daisho.be\/de\/produit\/laufrucksack\/\",\"name\":\"Laufrucksack &#8211; Daisho\",\"isPartOf\":{\"@id\":\"https:\/\/www.daisho.be\/de\/#website\"},\"primaryImageOfPage\":{\"@id\":\"https:\/\/www.daisho.be\/de\/produit\/laufrucksack\/#primaryimage\"},\"image\":{\"@id\":\"https:\/\/www.daisho.be\/de\/produit\/laufrucksack\/#primaryimage\"},\"thumbnailUrl\":\"https:\/\/www.daisho.be\/wp-content\/uploads\/2025\/02\/image-59-scaled.jpg\",\"datePublished\":\"2025-02-03T14:47:07+00:00\",\"dateModified\":\"2025-10-09T12:31:11+00:00\",\"breadcrumb\":{\"@id\":\"https:\/\/www.daisho.be\/de\/produit\/laufrucksack\/#breadcrumb\"},\"inLanguage\":\"de\",\"potentialAction\":[{\"@type\":\"ReadAction\",\"target\":[\"https:\/\/www.daisho.be\/de\/produit\/laufrucksack\/\"]}]},{\"@type\":\"ImageObject\",\"inLanguage\":\"de\",\"@id\":\"https:\/\/www.daisho.be\/de\/produit\/laufrucksack\/#primaryimage\",\"url\":\"https:\/\/www.daisho.be\/wp-content\/uploads\/2025\/02\/image-59-scaled.jpg\",\"contentUrl\":\"https:\/\/www.daisho.be\/wp-content\/uploads\/2025\/02\/image-59-scaled.jpg\",\"width\":2048,\"height\":1769,\"caption\":\"cof\"},{\"@type\":\"BreadcrumbList\",\"@id\":\"https:\/\/www.daisho.be\/de\/produit\/laufrucksack\/#breadcrumb\",\"itemListElement\":[{\"@type\":\"ListItem\",\"position\":1,\"name\":\"Accueil\",\"item\":\"https:\/\/www.daisho.be\/de\/\"},{\"@type\":\"ListItem\",\"position\":2,\"name\":\"Produkte\",\"item\":\"https:\/\/www.daisho.be\/de\/produkte\/\"},{\"@type\":\"ListItem\",\"position\":3,\"name\":\"Kampfsportarten\",\"item\":\"https:\/\/www.daisho.be\/de\/categorie-produit\/kampfsportarten\/\"},{\"@type\":\"ListItem\",\"position\":4,\"name\":\"Sporttaschen\",\"item\":\"https:\/\/www.daisho.be\/de\/categorie-produit\/kampfsportarten\/sporttaschen\/\"},{\"@type\":\"ListItem\",\"position\":5,\"name\":\"Laufrucksack\"}]},{\"@type\":\"WebSite\",\"@id\":\"https:\/\/www.daisho.be\/de\/#website\",\"url\":\"https:\/\/www.daisho.be\/de\/\",\"name\":\"Daisho\",\"description\":\"Sp&eacute;cialiste de l'&eacute;quipement sportif d'arts martiaux\",\"publisher\":{\"@id\":\"https:\/\/www.daisho.be\/de\/#organization\"},\"potentialAction\":[{\"@type\":\"SearchAction\",\"target\":{\"@type\":\"EntryPoint\",\"urlTemplate\":\"https:\/\/www.daisho.be\/de\/?s={search_term_string}\"},\"query-input\":{\"@type\":\"PropertyValueSpecification\",\"valueRequired\":true,\"valueName\":\"search_term_string\"}}],\"inLanguage\":\"de\"},{\"@type\":\"Organization\",\"@id\":\"https:\/\/www.daisho.be\/de\/#organization\",\"name\":\"Daisho\",\"url\":\"https:\/\/www.daisho.be\/de\/\",\"logo\":{\"@type\":\"ImageObject\",\"inLanguage\":\"de\",\"@id\":\"https:\/\/www.daisho.be\/de\/#\/schema\/logo\/image\/\",\"url\":\"https:\/\/www.daisho.be\/wp-content\/uploads\/2019\/07\/color-nothing-horizontale4x-e1564486100247.png\",\"contentUrl\":\"https:\/\/www.daisho.be\/wp-content\/uploads\/2019\/07\/color-nothing-horizontale4x-e1564486100247.png\",\"width\":1547,\"height\":385,\"caption\":\"Daisho\"},\"image\":{\"@id\":\"https:\/\/www.daisho.be\/de\/#\/schema\/logo\/image\/\"}}]}<\/script>\n<!-- \/ Yoast SEO plugin. -->","yoast_head_json":{"title":"Laufrucksack &#8211; Daisho","robots":{"index":"index","follow":"follow","max-snippet":"max-snippet:-1","max-image-preview":"max-image-preview:large","max-video-preview":"max-video-preview:-1"},"canonical":"https:\/\/www.daisho.be\/de\/produit\/laufrucksack\/","og_locale":"de_DE","og_type":"article","og_title":"Laufrucksack &#8211; Daisho","og_description":"Idealer Rucksack f\u00fcr Ihre Laufeinheiten. Aus Mesh-Gewebe, um den Feuchtigkeitstransport zu erleichtern. Ausgestattet mit einer gro\u00dfen Tasche in der Mitte und drei weiteren kleinen Taschen, die ideal f\u00fcr z.B. Ihre Schl\u00fcssel oder Smartphone sind. Verstellbar mit einem Brustgurt und einem unteren Gurt. &#8211; L\u00e4nge: 32 cm &#8211; Breite: 24 cm &#8211; Gewicht: 200 g &#8211; [&hellip;]","og_url":"https:\/\/www.daisho.be\/de\/produit\/laufrucksack\/","og_site_name":"Daisho","article_modified_time":"2025-10-09T12:31:11+00:00","og_image":[{"width":2048,"height":1769,"url":"https:\/\/www.daisho.be\/wp-content\/uploads\/2025\/02\/image-59-scaled.jpg","type":"image\/jpeg"}],"twitter_card":"summary_large_image","schema":{"@context":"https:\/\/schema.org","@graph":[{"@type":"WebPage","@id":"https:\/\/www.daisho.be\/de\/produit\/laufrucksack\/","url":"https:\/\/www.daisho.be\/de\/produit\/laufrucksack\/","name":"Laufrucksack &#8211; Daisho","isPartOf":{"@id":"https:\/\/www.daisho.be\/de\/#website"},"primaryImageOfPage":{"@id":"https:\/\/www.daisho.be\/de\/produit\/laufrucksack\/#primaryimage"},"image":{"@id":"https:\/\/www.daisho.be\/de\/produit\/laufrucksack\/#primaryimage"},"thumbnailUrl":"https:\/\/www.daisho.be\/wp-content\/uploads\/2025\/02\/image-59-scaled.jpg","datePublished":"2025-02-03T14:47:07+00:00","dateModified":"2025-10-09T12:31:11+00:00","breadcrumb":{"@id":"https:\/\/www.daisho.be\/de\/produit\/laufrucksack\/#breadcrumb"},"inLanguage":"de","potentialAction":[{"@type":"ReadAction","target":["https:\/\/www.daisho.be\/de\/produit\/laufrucksack\/"]}]},{"@type":"ImageObject","inLanguage":"de","@id":"https:\/\/www.daisho.be\/de\/produit\/laufrucksack\/#primaryimage","url":"https:\/\/www.daisho.be\/wp-content\/uploads\/2025\/02\/image-59-scaled.jpg","contentUrl":"https:\/\/www.daisho.be\/wp-content\/uploads\/2025\/02\/image-59-scaled.jpg","width":2048,"height":1769,"caption":"cof"},{"@type":"BreadcrumbList","@id":"https:\/\/www.daisho.be\/de\/produit\/laufrucksack\/#breadcrumb","itemListElement":[{"@type":"ListItem","position":1,"name":"Accueil","item":"https:\/\/www.daisho.be\/de\/"},{"@type":"ListItem","position":2,"name":"Produkte","item":"https:\/\/www.daisho.be\/de\/produkte\/"},{"@type":"ListItem","position":3,"name":"Kampfsportarten","item":"https:\/\/www.daisho.be\/de\/categorie-produit\/kampfsportarten\/"},{"@type":"ListItem","position":4,"name":"Sporttaschen","item":"https:\/\/www.daisho.be\/de\/categorie-produit\/kampfsportarten\/sporttaschen\/"},{"@type":"ListItem","position":5,"name":"Laufrucksack"}]},{"@type":"WebSite","@id":"https:\/\/www.daisho.be\/de\/#website","url":"https:\/\/www.daisho.be\/de\/","name":"Daisho","description":"Sp&eacute;cialiste de l'&eacute;quipement sportif d'arts martiaux","publisher":{"@id":"https:\/\/www.daisho.be\/de\/#organization"},"potentialAction":[{"@type":"SearchAction","target":{"@type":"EntryPoint","urlTemplate":"https:\/\/www.daisho.be\/de\/?s={search_term_string}"},"query-input":{"@type":"PropertyValueSpecification","valueRequired":true,"valueName":"search_term_string"}}],"inLanguage":"de"},{"@type":"Organization","@id":"https:\/\/www.daisho.be\/de\/#organization","name":"Daisho","url":"https:\/\/www.daisho.be\/de\/","logo":{"@type":"ImageObject","inLanguage":"de","@id":"https:\/\/www.daisho.be\/de\/#\/schema\/logo\/image\/","url":"https:\/\/www.daisho.be\/wp-content\/uploads\/2019\/07\/color-nothing-horizontale4x-e1564486100247.png","contentUrl":"https:\/\/www.daisho.be\/wp-content\/uploads\/2019\/07\/color-nothing-horizontale4x-e1564486100247.png","width":1547,"height":385,"caption":"Daisho"},"image":{"@id":"https:\/\/www.daisho.be\/de\/#\/schema\/logo\/image\/"}}]}},"_links":{"self":[{"href":"https:\/\/www.daisho.be\/de\/wp-json\/wp\/v2\/product\/490592","targetHints":{"allow":["GET"]}}],"collection":[{"href":"https:\/\/www.daisho.be\/de\/wp-json\/wp\/v2\/product"}],"about":[{"href":"https:\/\/www.daisho.be\/de\/wp-json\/wp\/v2\/types\/product"}],"replies":[{"embeddable":true,"href":"https:\/\/www.daisho.be\/de\/wp-json\/wp\/v2\/comments?post=490592"}],"wp:featuredmedia":[{"embeddable":true,"href":"https:\/\/www.daisho.be\/de\/wp-json\/wp\/v2\/media\/490560"}],"wp:attachment":[{"href":"https:\/\/www.daisho.be\/de\/wp-json\/wp\/v2\/media?parent=490592"}],"wp:term":[{"taxonomy":"product_brand","embeddable":true,"href":"https:\/\/www.daisho.be\/de\/wp-json\/wp\/v2\/product_brand?post=490592"},{"taxonomy":"product_cat","embeddable":true,"href":"https:\/\/www.daisho.be\/de\/wp-json\/wp\/v2\/product_cat?post=490592"},{"taxonomy":"product_tag","embeddable":true,"href":"https:\/\/www.daisho.be\/de\/wp-json\/wp\/v2\/product_tag?post=490592"},{"taxonomy":"sport","embeddable":true,"href":"https:\/\/www.daisho.be\/de\/wp-json\/wp\/v2\/sport?post=490592"}],"curies":[{"name":"wp","href":"https:\/\/api.w.org\/{rel}","templated":true}]}}