{"id":490589,"date":"2025-02-03T15:43:45","date_gmt":"2025-02-03T14:43:45","guid":{"rendered":"https:\/\/www.daisho.be\/produit\/smartphone-armbinde\/"},"modified":"2025-10-09T14:31:19","modified_gmt":"2025-10-09T12:31:19","slug":"smartphone-armbinde","status":"publish","type":"product","link":"https:\/\/www.daisho.be\/de\/produit\/smartphone-armbinde\/","title":{"rendered":"Smartphone-Armbinde"},"content":{"rendered":"<p>Sportarmbinde mit Klettverschluss und Zugang f\u00fcr Kopfh\u00f6rer.<br \/>\n&#8211; Zusammensetzung Polyester<\/p>\n<p>REF. 9300 f\u00fcr 4.7&#8243; Smartphone<x id=\"gid_3\"><\/x>&#8211; L\u00e4nge: 47 cm<x id=\"gid_4\"><\/x>&#8211; H\u00f6he: 16 cm<x id=\"gid_5\"><\/x>&#8211; Gewicht: 50 g<x id=\"gid_6\"><\/x> <x id=\"gid_7\"><\/x> <x id=\"gid_8\"><\/x> REF. 9301 f\u00fcr 5.5&#8243; Smartphone<br \/>\n&#8211; L\u00e4nge: 47 cm<br \/>\n&#8211; H\u00f6he: 18 cm<br \/>\n&#8211; Gewicht: 55 g  <\/p>\n","protected":false},"excerpt":{"rendered":"<p>Sportarmbinde mit Klettverschluss und Zugang f\u00fcr Kopfh\u00f6rer. &#8211; Zusammensetzung Polyester REF. 9300 f\u00fcr 4.7&#8243; Smartphone&#8211; L\u00e4nge: 47 cm&#8211; H\u00f6he: 16 cm&#8211; Gewicht: 50 g REF. 9301 f\u00fcr 5.5&#8243; Smartphone &#8211; L\u00e4nge: 47 cm &#8211; H\u00f6he: 18 cm &#8211; Gewicht: 55 g<\/p>\n","protected":false},"featured_media":490503,"comment_status":"open","ping_status":"closed","template":"","meta":{"inline_featured_image":false},"product_brand":[],"product_cat":[2054],"product_tag":[2225],"sport":[],"class_list":{"0":"post-490589","1":"product","2":"type-product","3":"status-publish","4":"has-post-thumbnail","6":"product_cat-trainingsmaterial","7":"product_tag-sveltus-de","8":"pa_size-l","9":"pa_size-s","11":"first","12":"instock","13":"taxable","14":"shipping-taxable","15":"purchasable","16":"product-type-variable"},"yoast_head":"<!-- This site is optimized with the Yoast SEO plugin v27.2 - https:\/\/yoast.com\/product\/yoast-seo-wordpress\/ -->\n<title>Smartphone-Armbinde &#8211; Daisho<\/title>\n<meta name=\"robots\" content=\"index, follow, max-snippet:-1, max-image-preview:large, max-video-preview:-1\" \/>\n<link rel=\"canonical\" href=\"https:\/\/www.daisho.be\/de\/produit\/smartphone-armbinde\/\" \/>\n<meta property=\"og:locale\" content=\"de_DE\" \/>\n<meta property=\"og:type\" content=\"article\" \/>\n<meta property=\"og:title\" content=\"Smartphone-Armbinde &#8211; Daisho\" \/>\n<meta property=\"og:description\" content=\"Sportarmbinde mit Klettverschluss und Zugang f\u00fcr Kopfh\u00f6rer. &#8211; Zusammensetzung Polyester REF. 9300 f\u00fcr 4.7&#8243; Smartphone&#8211; L\u00e4nge: 47 cm&#8211; H\u00f6he: 16 cm&#8211; Gewicht: 50 g REF. 9301 f\u00fcr 5.5&#8243; Smartphone &#8211; L\u00e4nge: 47 cm &#8211; H\u00f6he: 18 cm &#8211; Gewicht: 55 g\" \/>\n<meta property=\"og:url\" content=\"https:\/\/www.daisho.be\/de\/produit\/smartphone-armbinde\/\" \/>\n<meta property=\"og:site_name\" content=\"Daisho\" \/>\n<meta property=\"article:modified_time\" content=\"2025-10-09T12:31:19+00:00\" \/>\n<meta property=\"og:image\" content=\"https:\/\/www.daisho.be\/wp-content\/uploads\/2025\/02\/image-56-scaled.jpg\" \/>\n\t<meta property=\"og:image:width\" content=\"2048\" \/>\n\t<meta property=\"og:image:height\" content=\"740\" \/>\n\t<meta property=\"og:image:type\" content=\"image\/jpeg\" \/>\n<meta name=\"twitter:card\" content=\"summary_large_image\" \/>\n<script type=\"application\/ld+json\" class=\"yoast-schema-graph\">{\"@context\":\"https:\/\/schema.org\",\"@graph\":[{\"@type\":\"WebPage\",\"@id\":\"https:\/\/www.daisho.be\/de\/produit\/smartphone-armbinde\/\",\"url\":\"https:\/\/www.daisho.be\/de\/produit\/smartphone-armbinde\/\",\"name\":\"Smartphone-Armbinde &#8211; Daisho\",\"isPartOf\":{\"@id\":\"https:\/\/www.daisho.be\/de\/#website\"},\"primaryImageOfPage\":{\"@id\":\"https:\/\/www.daisho.be\/de\/produit\/smartphone-armbinde\/#primaryimage\"},\"image\":{\"@id\":\"https:\/\/www.daisho.be\/de\/produit\/smartphone-armbinde\/#primaryimage\"},\"thumbnailUrl\":\"https:\/\/www.daisho.be\/wp-content\/uploads\/2025\/02\/image-56-scaled.jpg\",\"datePublished\":\"2025-02-03T14:43:45+00:00\",\"dateModified\":\"2025-10-09T12:31:19+00:00\",\"breadcrumb\":{\"@id\":\"https:\/\/www.daisho.be\/de\/produit\/smartphone-armbinde\/#breadcrumb\"},\"inLanguage\":\"de\",\"potentialAction\":[{\"@type\":\"ReadAction\",\"target\":[\"https:\/\/www.daisho.be\/de\/produit\/smartphone-armbinde\/\"]}]},{\"@type\":\"ImageObject\",\"inLanguage\":\"de\",\"@id\":\"https:\/\/www.daisho.be\/de\/produit\/smartphone-armbinde\/#primaryimage\",\"url\":\"https:\/\/www.daisho.be\/wp-content\/uploads\/2025\/02\/image-56-scaled.jpg\",\"contentUrl\":\"https:\/\/www.daisho.be\/wp-content\/uploads\/2025\/02\/image-56-scaled.jpg\",\"width\":2048,\"height\":740,\"caption\":\"Smartphone-1 Armbinde\"},{\"@type\":\"BreadcrumbList\",\"@id\":\"https:\/\/www.daisho.be\/de\/produit\/smartphone-armbinde\/#breadcrumb\",\"itemListElement\":[{\"@type\":\"ListItem\",\"position\":1,\"name\":\"Accueil\",\"item\":\"https:\/\/www.daisho.be\/de\/\"},{\"@type\":\"ListItem\",\"position\":2,\"name\":\"Produkte\",\"item\":\"https:\/\/www.daisho.be\/de\/produkte\/\"},{\"@type\":\"ListItem\",\"position\":3,\"name\":\"Kampfsportarten\",\"item\":\"https:\/\/www.daisho.be\/de\/categorie-produit\/kampfsportarten\/\"},{\"@type\":\"ListItem\",\"position\":4,\"name\":\"Trainingsmaterial\",\"item\":\"https:\/\/www.daisho.be\/de\/categorie-produit\/kampfsportarten\/trainingsmaterial\/\"},{\"@type\":\"ListItem\",\"position\":5,\"name\":\"Smartphone-Armbinde\"}]},{\"@type\":\"WebSite\",\"@id\":\"https:\/\/www.daisho.be\/de\/#website\",\"url\":\"https:\/\/www.daisho.be\/de\/\",\"name\":\"Daisho\",\"description\":\"Sp&eacute;cialiste de l'&eacute;quipement sportif d'arts martiaux\",\"publisher\":{\"@id\":\"https:\/\/www.daisho.be\/de\/#organization\"},\"potentialAction\":[{\"@type\":\"SearchAction\",\"target\":{\"@type\":\"EntryPoint\",\"urlTemplate\":\"https:\/\/www.daisho.be\/de\/?s={search_term_string}\"},\"query-input\":{\"@type\":\"PropertyValueSpecification\",\"valueRequired\":true,\"valueName\":\"search_term_string\"}}],\"inLanguage\":\"de\"},{\"@type\":\"Organization\",\"@id\":\"https:\/\/www.daisho.be\/de\/#organization\",\"name\":\"Daisho\",\"url\":\"https:\/\/www.daisho.be\/de\/\",\"logo\":{\"@type\":\"ImageObject\",\"inLanguage\":\"de\",\"@id\":\"https:\/\/www.daisho.be\/de\/#\/schema\/logo\/image\/\",\"url\":\"https:\/\/www.daisho.be\/wp-content\/uploads\/2019\/07\/color-nothing-horizontale4x-e1564486100247.png\",\"contentUrl\":\"https:\/\/www.daisho.be\/wp-content\/uploads\/2019\/07\/color-nothing-horizontale4x-e1564486100247.png\",\"width\":1547,\"height\":385,\"caption\":\"Daisho\"},\"image\":{\"@id\":\"https:\/\/www.daisho.be\/de\/#\/schema\/logo\/image\/\"}}]}<\/script>\n<!-- \/ Yoast SEO plugin. -->","yoast_head_json":{"title":"Smartphone-Armbinde &#8211; Daisho","robots":{"index":"index","follow":"follow","max-snippet":"max-snippet:-1","max-image-preview":"max-image-preview:large","max-video-preview":"max-video-preview:-1"},"canonical":"https:\/\/www.daisho.be\/de\/produit\/smartphone-armbinde\/","og_locale":"de_DE","og_type":"article","og_title":"Smartphone-Armbinde &#8211; Daisho","og_description":"Sportarmbinde mit Klettverschluss und Zugang f\u00fcr Kopfh\u00f6rer. &#8211; Zusammensetzung Polyester REF. 9300 f\u00fcr 4.7&#8243; Smartphone&#8211; L\u00e4nge: 47 cm&#8211; H\u00f6he: 16 cm&#8211; Gewicht: 50 g REF. 9301 f\u00fcr 5.5&#8243; Smartphone &#8211; L\u00e4nge: 47 cm &#8211; H\u00f6he: 18 cm &#8211; Gewicht: 55 g","og_url":"https:\/\/www.daisho.be\/de\/produit\/smartphone-armbinde\/","og_site_name":"Daisho","article_modified_time":"2025-10-09T12:31:19+00:00","og_image":[{"width":2048,"height":740,"url":"https:\/\/www.daisho.be\/wp-content\/uploads\/2025\/02\/image-56-scaled.jpg","type":"image\/jpeg"}],"twitter_card":"summary_large_image","schema":{"@context":"https:\/\/schema.org","@graph":[{"@type":"WebPage","@id":"https:\/\/www.daisho.be\/de\/produit\/smartphone-armbinde\/","url":"https:\/\/www.daisho.be\/de\/produit\/smartphone-armbinde\/","name":"Smartphone-Armbinde &#8211; Daisho","isPartOf":{"@id":"https:\/\/www.daisho.be\/de\/#website"},"primaryImageOfPage":{"@id":"https:\/\/www.daisho.be\/de\/produit\/smartphone-armbinde\/#primaryimage"},"image":{"@id":"https:\/\/www.daisho.be\/de\/produit\/smartphone-armbinde\/#primaryimage"},"thumbnailUrl":"https:\/\/www.daisho.be\/wp-content\/uploads\/2025\/02\/image-56-scaled.jpg","datePublished":"2025-02-03T14:43:45+00:00","dateModified":"2025-10-09T12:31:19+00:00","breadcrumb":{"@id":"https:\/\/www.daisho.be\/de\/produit\/smartphone-armbinde\/#breadcrumb"},"inLanguage":"de","potentialAction":[{"@type":"ReadAction","target":["https:\/\/www.daisho.be\/de\/produit\/smartphone-armbinde\/"]}]},{"@type":"ImageObject","inLanguage":"de","@id":"https:\/\/www.daisho.be\/de\/produit\/smartphone-armbinde\/#primaryimage","url":"https:\/\/www.daisho.be\/wp-content\/uploads\/2025\/02\/image-56-scaled.jpg","contentUrl":"https:\/\/www.daisho.be\/wp-content\/uploads\/2025\/02\/image-56-scaled.jpg","width":2048,"height":740,"caption":"Smartphone-1 Armbinde"},{"@type":"BreadcrumbList","@id":"https:\/\/www.daisho.be\/de\/produit\/smartphone-armbinde\/#breadcrumb","itemListElement":[{"@type":"ListItem","position":1,"name":"Accueil","item":"https:\/\/www.daisho.be\/de\/"},{"@type":"ListItem","position":2,"name":"Produkte","item":"https:\/\/www.daisho.be\/de\/produkte\/"},{"@type":"ListItem","position":3,"name":"Kampfsportarten","item":"https:\/\/www.daisho.be\/de\/categorie-produit\/kampfsportarten\/"},{"@type":"ListItem","position":4,"name":"Trainingsmaterial","item":"https:\/\/www.daisho.be\/de\/categorie-produit\/kampfsportarten\/trainingsmaterial\/"},{"@type":"ListItem","position":5,"name":"Smartphone-Armbinde"}]},{"@type":"WebSite","@id":"https:\/\/www.daisho.be\/de\/#website","url":"https:\/\/www.daisho.be\/de\/","name":"Daisho","description":"Sp&eacute;cialiste de l'&eacute;quipement sportif d'arts martiaux","publisher":{"@id":"https:\/\/www.daisho.be\/de\/#organization"},"potentialAction":[{"@type":"SearchAction","target":{"@type":"EntryPoint","urlTemplate":"https:\/\/www.daisho.be\/de\/?s={search_term_string}"},"query-input":{"@type":"PropertyValueSpecification","valueRequired":true,"valueName":"search_term_string"}}],"inLanguage":"de"},{"@type":"Organization","@id":"https:\/\/www.daisho.be\/de\/#organization","name":"Daisho","url":"https:\/\/www.daisho.be\/de\/","logo":{"@type":"ImageObject","inLanguage":"de","@id":"https:\/\/www.daisho.be\/de\/#\/schema\/logo\/image\/","url":"https:\/\/www.daisho.be\/wp-content\/uploads\/2019\/07\/color-nothing-horizontale4x-e1564486100247.png","contentUrl":"https:\/\/www.daisho.be\/wp-content\/uploads\/2019\/07\/color-nothing-horizontale4x-e1564486100247.png","width":1547,"height":385,"caption":"Daisho"},"image":{"@id":"https:\/\/www.daisho.be\/de\/#\/schema\/logo\/image\/"}}]}},"_links":{"self":[{"href":"https:\/\/www.daisho.be\/de\/wp-json\/wp\/v2\/product\/490589","targetHints":{"allow":["GET"]}}],"collection":[{"href":"https:\/\/www.daisho.be\/de\/wp-json\/wp\/v2\/product"}],"about":[{"href":"https:\/\/www.daisho.be\/de\/wp-json\/wp\/v2\/types\/product"}],"replies":[{"embeddable":true,"href":"https:\/\/www.daisho.be\/de\/wp-json\/wp\/v2\/comments?post=490589"}],"wp:featuredmedia":[{"embeddable":true,"href":"https:\/\/www.daisho.be\/de\/wp-json\/wp\/v2\/media\/490503"}],"wp:attachment":[{"href":"https:\/\/www.daisho.be\/de\/wp-json\/wp\/v2\/media?parent=490589"}],"wp:term":[{"taxonomy":"product_brand","embeddable":true,"href":"https:\/\/www.daisho.be\/de\/wp-json\/wp\/v2\/product_brand?post=490589"},{"taxonomy":"product_cat","embeddable":true,"href":"https:\/\/www.daisho.be\/de\/wp-json\/wp\/v2\/product_cat?post=490589"},{"taxonomy":"product_tag","embeddable":true,"href":"https:\/\/www.daisho.be\/de\/wp-json\/wp\/v2\/product_tag?post=490589"},{"taxonomy":"sport","embeddable":true,"href":"https:\/\/www.daisho.be\/de\/wp-json\/wp\/v2\/sport?post=490589"}],"curies":[{"name":"wp","href":"https:\/\/api.w.org\/{rel}","templated":true}]}}