{"id":490446,"date":"2025-02-03T15:18:16","date_gmt":"2025-02-03T14:18:16","guid":{"rendered":"https:\/\/www.daisho.be\/produit\/lycra-beschwerungsarmbaender\/"},"modified":"2026-03-16T13:48:47","modified_gmt":"2026-03-16T12:48:47","slug":"lycra-beschwerungsarmbaender","status":"publish","type":"product","link":"https:\/\/www.daisho.be\/de\/produit\/lycra-beschwerungsarmbaender\/","title":{"rendered":"Lycra-Beschwerungsarmb\u00e4nder"},"content":{"rendered":"<p>Sehr praktisch f\u00fcr Hand- und Fu\u00dfgelenke.<br \/>\nEinfache Befestigung durch Klettverschluss und Stahlschnalle.<br \/>\nPaarweise erh\u00e4ltlich.<br \/>\nMaterial: Elastan.<br \/>\nZusammensetzung: Elasthan + Gewichte mit Eisensand + Metallschnalle<\/p>\n<p>Artikelnummern der beschwerten Armb\u00e4nder nach Gewicht:<br \/>\n0940 = 500 gr x 2<br \/>\n0941 = 750 gr x 2<br \/>\n0942 = 1 kg x 2<br \/>\n0943 = 1,5 kg x 2<br \/>\n0944 = 2 kg x 2<\/p>\n","protected":false},"excerpt":{"rendered":"<p>Sehr praktisch f\u00fcr Hand- und Fu\u00dfgelenke. Einfache Befestigung durch Klettverschluss und Stahlschnalle. Paarweise erh\u00e4ltlich. Material: Elastan. Zusammensetzung: Elasthan + Gewichte mit Eisensand + Metallschnalle Artikelnummern der beschwerten Armb\u00e4nder nach Gewicht: 0940 = 500 gr x 2 0941 = 750 gr x 2 0942 = 1 kg x 2 0943 = 1,5 kg x 2 0944 [&hellip;]<\/p>\n","protected":false},"featured_media":490245,"comment_status":"open","ping_status":"closed","template":"","meta":{"inline_featured_image":false},"product_brand":[],"product_cat":[2055,2054],"product_tag":[2225],"sport":[],"class_list":{"0":"post-490446","1":"product","2":"type-product","3":"status-publish","4":"has-post-thumbnail","6":"product_cat-karate-trainingsmaterial","7":"product_cat-trainingsmaterial","8":"product_tag-sveltus-de","9":"pa_size-1-kg","10":"pa_size-15-kg","11":"pa_size-2-kg","12":"pa_size-500-gr","13":"pa_size-750-gr","15":"first","16":"instock","17":"taxable","18":"shipping-taxable","19":"purchasable","20":"product-type-variable"},"yoast_head":"<!-- This site is optimized with the Yoast SEO plugin v27.2 - https:\/\/yoast.com\/product\/yoast-seo-wordpress\/ -->\n<title>Lycra-Beschwerungsarmb\u00e4nder &#8211; Daisho<\/title>\n<meta name=\"robots\" content=\"index, follow, max-snippet:-1, max-image-preview:large, max-video-preview:-1\" \/>\n<link rel=\"canonical\" href=\"https:\/\/www.daisho.be\/de\/produit\/lycra-beschwerungsarmbaender\/\" \/>\n<meta property=\"og:locale\" content=\"de_DE\" \/>\n<meta property=\"og:type\" content=\"article\" \/>\n<meta property=\"og:title\" content=\"Lycra-Beschwerungsarmb\u00e4nder &#8211; Daisho\" \/>\n<meta property=\"og:description\" content=\"Sehr praktisch f\u00fcr Hand- und Fu\u00dfgelenke. Einfache Befestigung durch Klettverschluss und Stahlschnalle. Paarweise erh\u00e4ltlich. Material: Elastan. Zusammensetzung: Elasthan + Gewichte mit Eisensand + Metallschnalle Artikelnummern der beschwerten Armb\u00e4nder nach Gewicht: 0940 = 500 gr x 2 0941 = 750 gr x 2 0942 = 1 kg x 2 0943 = 1,5 kg x 2 0944 [&hellip;]\" \/>\n<meta property=\"og:url\" content=\"https:\/\/www.daisho.be\/de\/produit\/lycra-beschwerungsarmbaender\/\" \/>\n<meta property=\"og:site_name\" content=\"Daisho\" \/>\n<meta property=\"article:modified_time\" content=\"2026-03-16T12:48:47+00:00\" \/>\n<meta property=\"og:image\" content=\"https:\/\/www.daisho.be\/wp-content\/uploads\/2025\/02\/image-42-scaled.jpg\" \/>\n\t<meta property=\"og:image:width\" content=\"2048\" \/>\n\t<meta property=\"og:image:height\" content=\"834\" \/>\n\t<meta property=\"og:image:type\" content=\"image\/jpeg\" \/>\n<meta name=\"twitter:card\" content=\"summary_large_image\" \/>\n<script type=\"application\/ld+json\" class=\"yoast-schema-graph\">{\"@context\":\"https:\/\/schema.org\",\"@graph\":[{\"@type\":\"WebPage\",\"@id\":\"https:\/\/www.daisho.be\/de\/produit\/lycra-beschwerungsarmbaender\/\",\"url\":\"https:\/\/www.daisho.be\/de\/produit\/lycra-beschwerungsarmbaender\/\",\"name\":\"Lycra-Beschwerungsarmb\u00e4nder &#8211; Daisho\",\"isPartOf\":{\"@id\":\"https:\/\/www.daisho.be\/de\/#website\"},\"primaryImageOfPage\":{\"@id\":\"https:\/\/www.daisho.be\/de\/produit\/lycra-beschwerungsarmbaender\/#primaryimage\"},\"image\":{\"@id\":\"https:\/\/www.daisho.be\/de\/produit\/lycra-beschwerungsarmbaender\/#primaryimage\"},\"thumbnailUrl\":\"https:\/\/www.daisho.be\/wp-content\/uploads\/2025\/02\/image-42-scaled.jpg\",\"datePublished\":\"2025-02-03T14:18:16+00:00\",\"dateModified\":\"2026-03-16T12:48:47+00:00\",\"breadcrumb\":{\"@id\":\"https:\/\/www.daisho.be\/de\/produit\/lycra-beschwerungsarmbaender\/#breadcrumb\"},\"inLanguage\":\"de\",\"potentialAction\":[{\"@type\":\"ReadAction\",\"target\":[\"https:\/\/www.daisho.be\/de\/produit\/lycra-beschwerungsarmbaender\/\"]}]},{\"@type\":\"ImageObject\",\"inLanguage\":\"de\",\"@id\":\"https:\/\/www.daisho.be\/de\/produit\/lycra-beschwerungsarmbaender\/#primaryimage\",\"url\":\"https:\/\/www.daisho.be\/wp-content\/uploads\/2025\/02\/image-42-scaled.jpg\",\"contentUrl\":\"https:\/\/www.daisho.be\/wp-content\/uploads\/2025\/02\/image-42-scaled.jpg\",\"width\":2048,\"height\":834,\"caption\":\"Lycra-1 Gewichtsarmb\u00e4nder\"},{\"@type\":\"BreadcrumbList\",\"@id\":\"https:\/\/www.daisho.be\/de\/produit\/lycra-beschwerungsarmbaender\/#breadcrumb\",\"itemListElement\":[{\"@type\":\"ListItem\",\"position\":1,\"name\":\"Accueil\",\"item\":\"https:\/\/www.daisho.be\/de\/\"},{\"@type\":\"ListItem\",\"position\":2,\"name\":\"Produkte\",\"item\":\"https:\/\/www.daisho.be\/de\/produkte\/\"},{\"@type\":\"ListItem\",\"position\":3,\"name\":\"Ausr\u00fcstung und Kleidung f\u00fcr Kampfkunst und Kampfsport\",\"item\":\"https:\/\/www.daisho.be\/de\/categorie-produit\/ausrustung-und-kleidung-fur-kampfkunst-und-kampfsport\/\"},{\"@type\":\"ListItem\",\"position\":4,\"name\":\"Karate\",\"item\":\"https:\/\/www.daisho.be\/de\/categorie-produit\/ausrustung-und-kleidung-fur-kampfkunst-und-kampfsport\/karate-de-2\/\"},{\"@type\":\"ListItem\",\"position\":5,\"name\":\"Karate Trainingsmaterial\",\"item\":\"https:\/\/www.daisho.be\/de\/categorie-produit\/ausrustung-und-kleidung-fur-kampfkunst-und-kampfsport\/karate-de-2\/karate-trainingsmaterial\/\"},{\"@type\":\"ListItem\",\"position\":6,\"name\":\"Lycra-Beschwerungsarmb\u00e4nder\"}]},{\"@type\":\"WebSite\",\"@id\":\"https:\/\/www.daisho.be\/de\/#website\",\"url\":\"https:\/\/www.daisho.be\/de\/\",\"name\":\"Daisho\",\"description\":\"Sp&eacute;cialiste de l'&eacute;quipement sportif d'arts martiaux\",\"publisher\":{\"@id\":\"https:\/\/www.daisho.be\/de\/#organization\"},\"potentialAction\":[{\"@type\":\"SearchAction\",\"target\":{\"@type\":\"EntryPoint\",\"urlTemplate\":\"https:\/\/www.daisho.be\/de\/?s={search_term_string}\"},\"query-input\":{\"@type\":\"PropertyValueSpecification\",\"valueRequired\":true,\"valueName\":\"search_term_string\"}}],\"inLanguage\":\"de\"},{\"@type\":\"Organization\",\"@id\":\"https:\/\/www.daisho.be\/de\/#organization\",\"name\":\"Daisho\",\"url\":\"https:\/\/www.daisho.be\/de\/\",\"logo\":{\"@type\":\"ImageObject\",\"inLanguage\":\"de\",\"@id\":\"https:\/\/www.daisho.be\/de\/#\/schema\/logo\/image\/\",\"url\":\"https:\/\/www.daisho.be\/wp-content\/uploads\/2019\/07\/color-nothing-horizontale4x-e1564486100247.png\",\"contentUrl\":\"https:\/\/www.daisho.be\/wp-content\/uploads\/2019\/07\/color-nothing-horizontale4x-e1564486100247.png\",\"width\":1547,\"height\":385,\"caption\":\"Daisho\"},\"image\":{\"@id\":\"https:\/\/www.daisho.be\/de\/#\/schema\/logo\/image\/\"}}]}<\/script>\n<!-- \/ Yoast SEO plugin. -->","yoast_head_json":{"title":"Lycra-Beschwerungsarmb\u00e4nder &#8211; Daisho","robots":{"index":"index","follow":"follow","max-snippet":"max-snippet:-1","max-image-preview":"max-image-preview:large","max-video-preview":"max-video-preview:-1"},"canonical":"https:\/\/www.daisho.be\/de\/produit\/lycra-beschwerungsarmbaender\/","og_locale":"de_DE","og_type":"article","og_title":"Lycra-Beschwerungsarmb\u00e4nder &#8211; Daisho","og_description":"Sehr praktisch f\u00fcr Hand- und Fu\u00dfgelenke. Einfache Befestigung durch Klettverschluss und Stahlschnalle. Paarweise erh\u00e4ltlich. Material: Elastan. Zusammensetzung: Elasthan + Gewichte mit Eisensand + Metallschnalle Artikelnummern der beschwerten Armb\u00e4nder nach Gewicht: 0940 = 500 gr x 2 0941 = 750 gr x 2 0942 = 1 kg x 2 0943 = 1,5 kg x 2 0944 [&hellip;]","og_url":"https:\/\/www.daisho.be\/de\/produit\/lycra-beschwerungsarmbaender\/","og_site_name":"Daisho","article_modified_time":"2026-03-16T12:48:47+00:00","og_image":[{"width":2048,"height":834,"url":"https:\/\/www.daisho.be\/wp-content\/uploads\/2025\/02\/image-42-scaled.jpg","type":"image\/jpeg"}],"twitter_card":"summary_large_image","schema":{"@context":"https:\/\/schema.org","@graph":[{"@type":"WebPage","@id":"https:\/\/www.daisho.be\/de\/produit\/lycra-beschwerungsarmbaender\/","url":"https:\/\/www.daisho.be\/de\/produit\/lycra-beschwerungsarmbaender\/","name":"Lycra-Beschwerungsarmb\u00e4nder &#8211; Daisho","isPartOf":{"@id":"https:\/\/www.daisho.be\/de\/#website"},"primaryImageOfPage":{"@id":"https:\/\/www.daisho.be\/de\/produit\/lycra-beschwerungsarmbaender\/#primaryimage"},"image":{"@id":"https:\/\/www.daisho.be\/de\/produit\/lycra-beschwerungsarmbaender\/#primaryimage"},"thumbnailUrl":"https:\/\/www.daisho.be\/wp-content\/uploads\/2025\/02\/image-42-scaled.jpg","datePublished":"2025-02-03T14:18:16+00:00","dateModified":"2026-03-16T12:48:47+00:00","breadcrumb":{"@id":"https:\/\/www.daisho.be\/de\/produit\/lycra-beschwerungsarmbaender\/#breadcrumb"},"inLanguage":"de","potentialAction":[{"@type":"ReadAction","target":["https:\/\/www.daisho.be\/de\/produit\/lycra-beschwerungsarmbaender\/"]}]},{"@type":"ImageObject","inLanguage":"de","@id":"https:\/\/www.daisho.be\/de\/produit\/lycra-beschwerungsarmbaender\/#primaryimage","url":"https:\/\/www.daisho.be\/wp-content\/uploads\/2025\/02\/image-42-scaled.jpg","contentUrl":"https:\/\/www.daisho.be\/wp-content\/uploads\/2025\/02\/image-42-scaled.jpg","width":2048,"height":834,"caption":"Lycra-1 Gewichtsarmb\u00e4nder"},{"@type":"BreadcrumbList","@id":"https:\/\/www.daisho.be\/de\/produit\/lycra-beschwerungsarmbaender\/#breadcrumb","itemListElement":[{"@type":"ListItem","position":1,"name":"Accueil","item":"https:\/\/www.daisho.be\/de\/"},{"@type":"ListItem","position":2,"name":"Produkte","item":"https:\/\/www.daisho.be\/de\/produkte\/"},{"@type":"ListItem","position":3,"name":"Ausr\u00fcstung und Kleidung f\u00fcr Kampfkunst und Kampfsport","item":"https:\/\/www.daisho.be\/de\/categorie-produit\/ausrustung-und-kleidung-fur-kampfkunst-und-kampfsport\/"},{"@type":"ListItem","position":4,"name":"Karate","item":"https:\/\/www.daisho.be\/de\/categorie-produit\/ausrustung-und-kleidung-fur-kampfkunst-und-kampfsport\/karate-de-2\/"},{"@type":"ListItem","position":5,"name":"Karate Trainingsmaterial","item":"https:\/\/www.daisho.be\/de\/categorie-produit\/ausrustung-und-kleidung-fur-kampfkunst-und-kampfsport\/karate-de-2\/karate-trainingsmaterial\/"},{"@type":"ListItem","position":6,"name":"Lycra-Beschwerungsarmb\u00e4nder"}]},{"@type":"WebSite","@id":"https:\/\/www.daisho.be\/de\/#website","url":"https:\/\/www.daisho.be\/de\/","name":"Daisho","description":"Sp&eacute;cialiste de l'&eacute;quipement sportif d'arts martiaux","publisher":{"@id":"https:\/\/www.daisho.be\/de\/#organization"},"potentialAction":[{"@type":"SearchAction","target":{"@type":"EntryPoint","urlTemplate":"https:\/\/www.daisho.be\/de\/?s={search_term_string}"},"query-input":{"@type":"PropertyValueSpecification","valueRequired":true,"valueName":"search_term_string"}}],"inLanguage":"de"},{"@type":"Organization","@id":"https:\/\/www.daisho.be\/de\/#organization","name":"Daisho","url":"https:\/\/www.daisho.be\/de\/","logo":{"@type":"ImageObject","inLanguage":"de","@id":"https:\/\/www.daisho.be\/de\/#\/schema\/logo\/image\/","url":"https:\/\/www.daisho.be\/wp-content\/uploads\/2019\/07\/color-nothing-horizontale4x-e1564486100247.png","contentUrl":"https:\/\/www.daisho.be\/wp-content\/uploads\/2019\/07\/color-nothing-horizontale4x-e1564486100247.png","width":1547,"height":385,"caption":"Daisho"},"image":{"@id":"https:\/\/www.daisho.be\/de\/#\/schema\/logo\/image\/"}}]}},"_links":{"self":[{"href":"https:\/\/www.daisho.be\/de\/wp-json\/wp\/v2\/product\/490446","targetHints":{"allow":["GET"]}}],"collection":[{"href":"https:\/\/www.daisho.be\/de\/wp-json\/wp\/v2\/product"}],"about":[{"href":"https:\/\/www.daisho.be\/de\/wp-json\/wp\/v2\/types\/product"}],"replies":[{"embeddable":true,"href":"https:\/\/www.daisho.be\/de\/wp-json\/wp\/v2\/comments?post=490446"}],"wp:featuredmedia":[{"embeddable":true,"href":"https:\/\/www.daisho.be\/de\/wp-json\/wp\/v2\/media\/490245"}],"wp:attachment":[{"href":"https:\/\/www.daisho.be\/de\/wp-json\/wp\/v2\/media?parent=490446"}],"wp:term":[{"taxonomy":"product_brand","embeddable":true,"href":"https:\/\/www.daisho.be\/de\/wp-json\/wp\/v2\/product_brand?post=490446"},{"taxonomy":"product_cat","embeddable":true,"href":"https:\/\/www.daisho.be\/de\/wp-json\/wp\/v2\/product_cat?post=490446"},{"taxonomy":"product_tag","embeddable":true,"href":"https:\/\/www.daisho.be\/de\/wp-json\/wp\/v2\/product_tag?post=490446"},{"taxonomy":"sport","embeddable":true,"href":"https:\/\/www.daisho.be\/de\/wp-json\/wp\/v2\/sport?post=490446"}],"curies":[{"name":"wp","href":"https:\/\/api.w.org\/{rel}","templated":true}]}}