{"id":490216,"date":"2025-02-03T15:06:27","date_gmt":"2025-02-03T14:06:27","guid":{"rendered":"https:\/\/www.daisho.be\/produit\/balance-board-holz\/"},"modified":"2026-04-07T12:56:15","modified_gmt":"2026-04-07T10:56:15","slug":"balance-board-holz","status":"publish","type":"product","link":"https:\/\/www.daisho.be\/de\/produit\/balance-board-holz\/","title":{"rendered":"Balance Board Holz"},"content":{"rendered":"<p>Das Ziel des Balance Boards ist es, so gerade wie m\u00f6glich darauf zu stehen. Dabei werden verschiedene Bereiche des K\u00f6rpers angesprochen, wodurch unterschiedliche Muskelgruppen trainiert werden.<br \/>\nUm es noch schwieriger zu machen, arbeiten Sie mit Kniebeugen, Bauchmuskel\u00fcbungen oder Gymnastik.<br \/>\nDie Holzstruktur macht das Brett stabiler. Rutschfeste Oberfl\u00e4che.<br \/>\n&#8211; H\u00f6he: 8 cm<br \/>\n&#8211; Durchmesser des Bretts: 39,5 cm<br \/>\n&#8211; Durchmesser der Basis: 17,5 cm<br \/>\n&#8211; Maximale Belastung: 110 kg<br \/>\n&#8211; Gewicht: 1,5 kg<br \/>\n&#8211; Zusammensetzung Holz &#8211; Fu\u00df PP  <\/p>\n","protected":false},"excerpt":{"rendered":"<p>Das Ziel des Balance Boards ist es, so gerade wie m\u00f6glich darauf zu stehen. Dabei werden verschiedene Bereiche des K\u00f6rpers angesprochen, wodurch unterschiedliche Muskelgruppen trainiert werden. Um es noch schwieriger zu machen, arbeiten Sie mit Kniebeugen, Bauchmuskel\u00fcbungen oder Gymnastik. Die Holzstruktur macht das Brett stabiler. Rutschfeste Oberfl\u00e4che. &#8211; H\u00f6he: 8 cm &#8211; Durchmesser des Bretts: [&hellip;]<\/p>\n","protected":false},"featured_media":490185,"comment_status":"open","ping_status":"closed","template":"","meta":{"inline_featured_image":false},"product_brand":[],"product_cat":[2054],"product_tag":[2225],"sport":[],"class_list":{"0":"post-490216","1":"product","2":"type-product","3":"status-publish","4":"has-post-thumbnail","6":"product_cat-trainingsmaterial","7":"product_tag-sveltus-de","8":"pa_size-sans-taille-defaut","10":"first","11":"instock","12":"taxable","13":"shipping-taxable","14":"purchasable","15":"product-type-simple"},"yoast_head":"<!-- This site is optimized with the Yoast SEO plugin v27.2 - https:\/\/yoast.com\/product\/yoast-seo-wordpress\/ -->\n<title>Balance Board Holz &#8211; Daisho<\/title>\n<meta name=\"robots\" content=\"index, follow, max-snippet:-1, max-image-preview:large, max-video-preview:-1\" \/>\n<link rel=\"canonical\" href=\"https:\/\/www.daisho.be\/de\/produit\/balance-board-holz\/\" \/>\n<meta property=\"og:locale\" content=\"de_DE\" \/>\n<meta property=\"og:type\" content=\"article\" \/>\n<meta property=\"og:title\" content=\"Balance Board Holz &#8211; Daisho\" \/>\n<meta property=\"og:description\" content=\"Das Ziel des Balance Boards ist es, so gerade wie m\u00f6glich darauf zu stehen. Dabei werden verschiedene Bereiche des K\u00f6rpers angesprochen, wodurch unterschiedliche Muskelgruppen trainiert werden. Um es noch schwieriger zu machen, arbeiten Sie mit Kniebeugen, Bauchmuskel\u00fcbungen oder Gymnastik. Die Holzstruktur macht das Brett stabiler. Rutschfeste Oberfl\u00e4che. &#8211; H\u00f6he: 8 cm &#8211; Durchmesser des Bretts: [&hellip;]\" \/>\n<meta property=\"og:url\" content=\"https:\/\/www.daisho.be\/de\/produit\/balance-board-holz\/\" \/>\n<meta property=\"og:site_name\" content=\"Daisho\" \/>\n<meta property=\"article:modified_time\" content=\"2026-04-07T10:56:15+00:00\" \/>\n<meta property=\"og:image\" content=\"https:\/\/www.daisho.be\/wp-content\/uploads\/2025\/02\/image-36.jpg\" \/>\n\t<meta property=\"og:image:width\" content=\"1996\" \/>\n\t<meta property=\"og:image:height\" content=\"1452\" \/>\n\t<meta property=\"og:image:type\" content=\"image\/jpeg\" \/>\n<meta name=\"twitter:card\" content=\"summary_large_image\" \/>\n<script type=\"application\/ld+json\" class=\"yoast-schema-graph\">{\"@context\":\"https:\/\/schema.org\",\"@graph\":[{\"@type\":\"WebPage\",\"@id\":\"https:\/\/www.daisho.be\/de\/produit\/balance-board-holz\/\",\"url\":\"https:\/\/www.daisho.be\/de\/produit\/balance-board-holz\/\",\"name\":\"Balance Board Holz &#8211; Daisho\",\"isPartOf\":{\"@id\":\"https:\/\/www.daisho.be\/de\/#website\"},\"primaryImageOfPage\":{\"@id\":\"https:\/\/www.daisho.be\/de\/produit\/balance-board-holz\/#primaryimage\"},\"image\":{\"@id\":\"https:\/\/www.daisho.be\/de\/produit\/balance-board-holz\/#primaryimage\"},\"thumbnailUrl\":\"https:\/\/www.daisho.be\/wp-content\/uploads\/2025\/02\/image-36.jpg\",\"datePublished\":\"2025-02-03T14:06:27+00:00\",\"dateModified\":\"2026-04-07T10:56:15+00:00\",\"breadcrumb\":{\"@id\":\"https:\/\/www.daisho.be\/de\/produit\/balance-board-holz\/#breadcrumb\"},\"inLanguage\":\"de\",\"potentialAction\":[{\"@type\":\"ReadAction\",\"target\":[\"https:\/\/www.daisho.be\/de\/produit\/balance-board-holz\/\"]}]},{\"@type\":\"ImageObject\",\"inLanguage\":\"de\",\"@id\":\"https:\/\/www.daisho.be\/de\/produit\/balance-board-holz\/#primaryimage\",\"url\":\"https:\/\/www.daisho.be\/wp-content\/uploads\/2025\/02\/image-36.jpg\",\"contentUrl\":\"https:\/\/www.daisho.be\/wp-content\/uploads\/2025\/02\/image-36.jpg\",\"width\":1996,\"height\":1452,\"caption\":\"Balance Board Holz -1\"},{\"@type\":\"BreadcrumbList\",\"@id\":\"https:\/\/www.daisho.be\/de\/produit\/balance-board-holz\/#breadcrumb\",\"itemListElement\":[{\"@type\":\"ListItem\",\"position\":1,\"name\":\"Accueil\",\"item\":\"https:\/\/www.daisho.be\/de\/\"},{\"@type\":\"ListItem\",\"position\":2,\"name\":\"Produkte\",\"item\":\"https:\/\/www.daisho.be\/de\/produkte\/\"},{\"@type\":\"ListItem\",\"position\":3,\"name\":\"Kampfsportarten\",\"item\":\"https:\/\/www.daisho.be\/de\/categorie-produit\/kampfsportarten\/\"},{\"@type\":\"ListItem\",\"position\":4,\"name\":\"Trainingsmaterial\",\"item\":\"https:\/\/www.daisho.be\/de\/categorie-produit\/kampfsportarten\/trainingsmaterial\/\"},{\"@type\":\"ListItem\",\"position\":5,\"name\":\"Balance Board Holz\"}]},{\"@type\":\"WebSite\",\"@id\":\"https:\/\/www.daisho.be\/de\/#website\",\"url\":\"https:\/\/www.daisho.be\/de\/\",\"name\":\"Daisho\",\"description\":\"Sp&eacute;cialiste de l'&eacute;quipement sportif d'arts martiaux\",\"publisher\":{\"@id\":\"https:\/\/www.daisho.be\/de\/#organization\"},\"potentialAction\":[{\"@type\":\"SearchAction\",\"target\":{\"@type\":\"EntryPoint\",\"urlTemplate\":\"https:\/\/www.daisho.be\/de\/?s={search_term_string}\"},\"query-input\":{\"@type\":\"PropertyValueSpecification\",\"valueRequired\":true,\"valueName\":\"search_term_string\"}}],\"inLanguage\":\"de\"},{\"@type\":\"Organization\",\"@id\":\"https:\/\/www.daisho.be\/de\/#organization\",\"name\":\"Daisho\",\"url\":\"https:\/\/www.daisho.be\/de\/\",\"logo\":{\"@type\":\"ImageObject\",\"inLanguage\":\"de\",\"@id\":\"https:\/\/www.daisho.be\/de\/#\/schema\/logo\/image\/\",\"url\":\"https:\/\/www.daisho.be\/wp-content\/uploads\/2019\/07\/color-nothing-horizontale4x-e1564486100247.png\",\"contentUrl\":\"https:\/\/www.daisho.be\/wp-content\/uploads\/2019\/07\/color-nothing-horizontale4x-e1564486100247.png\",\"width\":1547,\"height\":385,\"caption\":\"Daisho\"},\"image\":{\"@id\":\"https:\/\/www.daisho.be\/de\/#\/schema\/logo\/image\/\"}}]}<\/script>\n<!-- \/ Yoast SEO plugin. -->","yoast_head_json":{"title":"Balance Board Holz &#8211; Daisho","robots":{"index":"index","follow":"follow","max-snippet":"max-snippet:-1","max-image-preview":"max-image-preview:large","max-video-preview":"max-video-preview:-1"},"canonical":"https:\/\/www.daisho.be\/de\/produit\/balance-board-holz\/","og_locale":"de_DE","og_type":"article","og_title":"Balance Board Holz &#8211; Daisho","og_description":"Das Ziel des Balance Boards ist es, so gerade wie m\u00f6glich darauf zu stehen. Dabei werden verschiedene Bereiche des K\u00f6rpers angesprochen, wodurch unterschiedliche Muskelgruppen trainiert werden. Um es noch schwieriger zu machen, arbeiten Sie mit Kniebeugen, Bauchmuskel\u00fcbungen oder Gymnastik. Die Holzstruktur macht das Brett stabiler. Rutschfeste Oberfl\u00e4che. &#8211; H\u00f6he: 8 cm &#8211; Durchmesser des Bretts: [&hellip;]","og_url":"https:\/\/www.daisho.be\/de\/produit\/balance-board-holz\/","og_site_name":"Daisho","article_modified_time":"2026-04-07T10:56:15+00:00","og_image":[{"width":1996,"height":1452,"url":"https:\/\/www.daisho.be\/wp-content\/uploads\/2025\/02\/image-36.jpg","type":"image\/jpeg"}],"twitter_card":"summary_large_image","schema":{"@context":"https:\/\/schema.org","@graph":[{"@type":"WebPage","@id":"https:\/\/www.daisho.be\/de\/produit\/balance-board-holz\/","url":"https:\/\/www.daisho.be\/de\/produit\/balance-board-holz\/","name":"Balance Board Holz &#8211; Daisho","isPartOf":{"@id":"https:\/\/www.daisho.be\/de\/#website"},"primaryImageOfPage":{"@id":"https:\/\/www.daisho.be\/de\/produit\/balance-board-holz\/#primaryimage"},"image":{"@id":"https:\/\/www.daisho.be\/de\/produit\/balance-board-holz\/#primaryimage"},"thumbnailUrl":"https:\/\/www.daisho.be\/wp-content\/uploads\/2025\/02\/image-36.jpg","datePublished":"2025-02-03T14:06:27+00:00","dateModified":"2026-04-07T10:56:15+00:00","breadcrumb":{"@id":"https:\/\/www.daisho.be\/de\/produit\/balance-board-holz\/#breadcrumb"},"inLanguage":"de","potentialAction":[{"@type":"ReadAction","target":["https:\/\/www.daisho.be\/de\/produit\/balance-board-holz\/"]}]},{"@type":"ImageObject","inLanguage":"de","@id":"https:\/\/www.daisho.be\/de\/produit\/balance-board-holz\/#primaryimage","url":"https:\/\/www.daisho.be\/wp-content\/uploads\/2025\/02\/image-36.jpg","contentUrl":"https:\/\/www.daisho.be\/wp-content\/uploads\/2025\/02\/image-36.jpg","width":1996,"height":1452,"caption":"Balance Board Holz -1"},{"@type":"BreadcrumbList","@id":"https:\/\/www.daisho.be\/de\/produit\/balance-board-holz\/#breadcrumb","itemListElement":[{"@type":"ListItem","position":1,"name":"Accueil","item":"https:\/\/www.daisho.be\/de\/"},{"@type":"ListItem","position":2,"name":"Produkte","item":"https:\/\/www.daisho.be\/de\/produkte\/"},{"@type":"ListItem","position":3,"name":"Kampfsportarten","item":"https:\/\/www.daisho.be\/de\/categorie-produit\/kampfsportarten\/"},{"@type":"ListItem","position":4,"name":"Trainingsmaterial","item":"https:\/\/www.daisho.be\/de\/categorie-produit\/kampfsportarten\/trainingsmaterial\/"},{"@type":"ListItem","position":5,"name":"Balance Board Holz"}]},{"@type":"WebSite","@id":"https:\/\/www.daisho.be\/de\/#website","url":"https:\/\/www.daisho.be\/de\/","name":"Daisho","description":"Sp&eacute;cialiste de l'&eacute;quipement sportif d'arts martiaux","publisher":{"@id":"https:\/\/www.daisho.be\/de\/#organization"},"potentialAction":[{"@type":"SearchAction","target":{"@type":"EntryPoint","urlTemplate":"https:\/\/www.daisho.be\/de\/?s={search_term_string}"},"query-input":{"@type":"PropertyValueSpecification","valueRequired":true,"valueName":"search_term_string"}}],"inLanguage":"de"},{"@type":"Organization","@id":"https:\/\/www.daisho.be\/de\/#organization","name":"Daisho","url":"https:\/\/www.daisho.be\/de\/","logo":{"@type":"ImageObject","inLanguage":"de","@id":"https:\/\/www.daisho.be\/de\/#\/schema\/logo\/image\/","url":"https:\/\/www.daisho.be\/wp-content\/uploads\/2019\/07\/color-nothing-horizontale4x-e1564486100247.png","contentUrl":"https:\/\/www.daisho.be\/wp-content\/uploads\/2019\/07\/color-nothing-horizontale4x-e1564486100247.png","width":1547,"height":385,"caption":"Daisho"},"image":{"@id":"https:\/\/www.daisho.be\/de\/#\/schema\/logo\/image\/"}}]}},"_links":{"self":[{"href":"https:\/\/www.daisho.be\/de\/wp-json\/wp\/v2\/product\/490216","targetHints":{"allow":["GET"]}}],"collection":[{"href":"https:\/\/www.daisho.be\/de\/wp-json\/wp\/v2\/product"}],"about":[{"href":"https:\/\/www.daisho.be\/de\/wp-json\/wp\/v2\/types\/product"}],"replies":[{"embeddable":true,"href":"https:\/\/www.daisho.be\/de\/wp-json\/wp\/v2\/comments?post=490216"}],"wp:featuredmedia":[{"embeddable":true,"href":"https:\/\/www.daisho.be\/de\/wp-json\/wp\/v2\/media\/490185"}],"wp:attachment":[{"href":"https:\/\/www.daisho.be\/de\/wp-json\/wp\/v2\/media?parent=490216"}],"wp:term":[{"taxonomy":"product_brand","embeddable":true,"href":"https:\/\/www.daisho.be\/de\/wp-json\/wp\/v2\/product_brand?post=490216"},{"taxonomy":"product_cat","embeddable":true,"href":"https:\/\/www.daisho.be\/de\/wp-json\/wp\/v2\/product_cat?post=490216"},{"taxonomy":"product_tag","embeddable":true,"href":"https:\/\/www.daisho.be\/de\/wp-json\/wp\/v2\/product_tag?post=490216"},{"taxonomy":"sport","embeddable":true,"href":"https:\/\/www.daisho.be\/de\/wp-json\/wp\/v2\/sport?post=490216"}],"curies":[{"name":"wp","href":"https:\/\/api.w.org\/{rel}","templated":true}]}}