{"id":490082,"date":"2025-02-03T14:29:53","date_gmt":"2025-02-03T13:29:53","guid":{"rendered":"https:\/\/www.daisho.be\/produit\/set-mit-4-latexstreifen\/"},"modified":"2026-03-16T12:15:13","modified_gmt":"2026-03-16T11:15:13","slug":"set-mit-4-latexstreifen","status":"publish","type":"product","link":"https:\/\/www.daisho.be\/de\/produit\/set-mit-4-latexstreifen\/","title":{"rendered":"Set mit 4 Latexstreifen"},"content":{"rendered":"<p>Packung mit 4 B\u00e4ndern. Jedes Band bietet einen anderen Spannungsgrad (9, 13, 18 und 22 kg).<br \/>\nWird f\u00fcr Muskelaufbau, Yoga, Pilates und Rehabilitation verwendet.<br \/>\nGeeignet f\u00fcr alle Niveaus, um den ganzen K\u00f6rper zu trainieren.<br \/>\nSie k\u00f6nnen 1 oder 2 B\u00e4nder verwenden, um verschiedene Teile des K\u00f6rpers gleichzeitig zu trainieren.<br \/>\nLIGHT 9 kg<br \/>\nMEDIUM 13 kg<br \/>\nSTRONG 18 kg<br \/>\nVERY STRONG 22 kg <\/p>\n","protected":false},"excerpt":{"rendered":"<p>Packung mit 4 B\u00e4ndern. Jedes Band bietet einen anderen Spannungsgrad (9, 13, 18 und 22 kg). Wird f\u00fcr Muskelaufbau, Yoga, Pilates und Rehabilitation verwendet. Geeignet f\u00fcr alle Niveaus, um den ganzen K\u00f6rper zu trainieren. Sie k\u00f6nnen 1 oder 2 B\u00e4nder verwenden, um verschiedene Teile des K\u00f6rpers gleichzeitig zu trainieren. LIGHT 9 kg MEDIUM 13 kg [&hellip;]<\/p>\n","protected":false},"featured_media":490021,"comment_status":"open","ping_status":"closed","template":"","meta":{"inline_featured_image":false},"product_brand":[],"product_cat":[2055,2054],"product_tag":[2225],"sport":[],"class_list":{"0":"post-490082","1":"product","2":"type-product","3":"status-publish","4":"has-post-thumbnail","6":"product_cat-karate-trainingsmaterial","7":"product_cat-trainingsmaterial","8":"product_tag-sveltus-de","10":"first","11":"instock","12":"taxable","13":"shipping-taxable","14":"purchasable","15":"product-type-simple"},"yoast_head":"<!-- This site is optimized with the Yoast SEO plugin v27.2 - https:\/\/yoast.com\/product\/yoast-seo-wordpress\/ -->\n<title>Set mit 4 Latexstreifen &#8211; Daisho<\/title>\n<meta name=\"robots\" content=\"index, follow, max-snippet:-1, max-image-preview:large, max-video-preview:-1\" \/>\n<link rel=\"canonical\" href=\"https:\/\/www.daisho.be\/de\/produit\/set-mit-4-latexstreifen\/\" \/>\n<meta property=\"og:locale\" content=\"de_DE\" \/>\n<meta property=\"og:type\" content=\"article\" \/>\n<meta property=\"og:title\" content=\"Set mit 4 Latexstreifen &#8211; Daisho\" \/>\n<meta property=\"og:description\" content=\"Packung mit 4 B\u00e4ndern. Jedes Band bietet einen anderen Spannungsgrad (9, 13, 18 und 22 kg). Wird f\u00fcr Muskelaufbau, Yoga, Pilates und Rehabilitation verwendet. Geeignet f\u00fcr alle Niveaus, um den ganzen K\u00f6rper zu trainieren. Sie k\u00f6nnen 1 oder 2 B\u00e4nder verwenden, um verschiedene Teile des K\u00f6rpers gleichzeitig zu trainieren. LIGHT 9 kg MEDIUM 13 kg [&hellip;]\" \/>\n<meta property=\"og:url\" content=\"https:\/\/www.daisho.be\/de\/produit\/set-mit-4-latexstreifen\/\" \/>\n<meta property=\"og:site_name\" content=\"Daisho\" \/>\n<meta property=\"article:modified_time\" content=\"2026-03-16T11:15:13+00:00\" \/>\n<meta property=\"og:image\" content=\"https:\/\/www.daisho.be\/wp-content\/uploads\/2025\/02\/image-23-scaled.jpg\" \/>\n\t<meta property=\"og:image:width\" content=\"2042\" \/>\n\t<meta property=\"og:image:height\" content=\"2048\" \/>\n\t<meta property=\"og:image:type\" content=\"image\/jpeg\" \/>\n<meta name=\"twitter:card\" content=\"summary_large_image\" \/>\n<script type=\"application\/ld+json\" class=\"yoast-schema-graph\">{\"@context\":\"https:\/\/schema.org\",\"@graph\":[{\"@type\":\"WebPage\",\"@id\":\"https:\/\/www.daisho.be\/de\/produit\/set-mit-4-latexstreifen\/\",\"url\":\"https:\/\/www.daisho.be\/de\/produit\/set-mit-4-latexstreifen\/\",\"name\":\"Set mit 4 Latexstreifen &#8211; Daisho\",\"isPartOf\":{\"@id\":\"https:\/\/www.daisho.be\/de\/#website\"},\"primaryImageOfPage\":{\"@id\":\"https:\/\/www.daisho.be\/de\/produit\/set-mit-4-latexstreifen\/#primaryimage\"},\"image\":{\"@id\":\"https:\/\/www.daisho.be\/de\/produit\/set-mit-4-latexstreifen\/#primaryimage\"},\"thumbnailUrl\":\"https:\/\/www.daisho.be\/wp-content\/uploads\/2025\/02\/image-23-scaled.jpg\",\"datePublished\":\"2025-02-03T13:29:53+00:00\",\"dateModified\":\"2026-03-16T11:15:13+00:00\",\"breadcrumb\":{\"@id\":\"https:\/\/www.daisho.be\/de\/produit\/set-mit-4-latexstreifen\/#breadcrumb\"},\"inLanguage\":\"de\",\"potentialAction\":[{\"@type\":\"ReadAction\",\"target\":[\"https:\/\/www.daisho.be\/de\/produit\/set-mit-4-latexstreifen\/\"]}]},{\"@type\":\"ImageObject\",\"inLanguage\":\"de\",\"@id\":\"https:\/\/www.daisho.be\/de\/produit\/set-mit-4-latexstreifen\/#primaryimage\",\"url\":\"https:\/\/www.daisho.be\/wp-content\/uploads\/2025\/02\/image-23-scaled.jpg\",\"contentUrl\":\"https:\/\/www.daisho.be\/wp-content\/uploads\/2025\/02\/image-23-scaled.jpg\",\"width\":2042,\"height\":2048,\"caption\":\"Set aus 4 Latexstreifen-1\"},{\"@type\":\"BreadcrumbList\",\"@id\":\"https:\/\/www.daisho.be\/de\/produit\/set-mit-4-latexstreifen\/#breadcrumb\",\"itemListElement\":[{\"@type\":\"ListItem\",\"position\":1,\"name\":\"Accueil\",\"item\":\"https:\/\/www.daisho.be\/de\/\"},{\"@type\":\"ListItem\",\"position\":2,\"name\":\"Produkte\",\"item\":\"https:\/\/www.daisho.be\/de\/produkte\/\"},{\"@type\":\"ListItem\",\"position\":3,\"name\":\"Ausr\u00fcstung und Kleidung f\u00fcr Kampfkunst und Kampfsport\",\"item\":\"https:\/\/www.daisho.be\/de\/categorie-produit\/ausrustung-und-kleidung-fur-kampfkunst-und-kampfsport\/\"},{\"@type\":\"ListItem\",\"position\":4,\"name\":\"Karate\",\"item\":\"https:\/\/www.daisho.be\/de\/categorie-produit\/ausrustung-und-kleidung-fur-kampfkunst-und-kampfsport\/karate-de-2\/\"},{\"@type\":\"ListItem\",\"position\":5,\"name\":\"Karate Trainingsmaterial\",\"item\":\"https:\/\/www.daisho.be\/de\/categorie-produit\/ausrustung-und-kleidung-fur-kampfkunst-und-kampfsport\/karate-de-2\/karate-trainingsmaterial\/\"},{\"@type\":\"ListItem\",\"position\":6,\"name\":\"Set mit 4 Latexstreifen\"}]},{\"@type\":\"WebSite\",\"@id\":\"https:\/\/www.daisho.be\/de\/#website\",\"url\":\"https:\/\/www.daisho.be\/de\/\",\"name\":\"Daisho\",\"description\":\"Sp&eacute;cialiste de l'&eacute;quipement sportif d'arts martiaux\",\"publisher\":{\"@id\":\"https:\/\/www.daisho.be\/de\/#organization\"},\"potentialAction\":[{\"@type\":\"SearchAction\",\"target\":{\"@type\":\"EntryPoint\",\"urlTemplate\":\"https:\/\/www.daisho.be\/de\/?s={search_term_string}\"},\"query-input\":{\"@type\":\"PropertyValueSpecification\",\"valueRequired\":true,\"valueName\":\"search_term_string\"}}],\"inLanguage\":\"de\"},{\"@type\":\"Organization\",\"@id\":\"https:\/\/www.daisho.be\/de\/#organization\",\"name\":\"Daisho\",\"url\":\"https:\/\/www.daisho.be\/de\/\",\"logo\":{\"@type\":\"ImageObject\",\"inLanguage\":\"de\",\"@id\":\"https:\/\/www.daisho.be\/de\/#\/schema\/logo\/image\/\",\"url\":\"https:\/\/www.daisho.be\/wp-content\/uploads\/2019\/07\/color-nothing-horizontale4x-e1564486100247.png\",\"contentUrl\":\"https:\/\/www.daisho.be\/wp-content\/uploads\/2019\/07\/color-nothing-horizontale4x-e1564486100247.png\",\"width\":1547,\"height\":385,\"caption\":\"Daisho\"},\"image\":{\"@id\":\"https:\/\/www.daisho.be\/de\/#\/schema\/logo\/image\/\"}}]}<\/script>\n<!-- \/ Yoast SEO plugin. -->","yoast_head_json":{"title":"Set mit 4 Latexstreifen &#8211; Daisho","robots":{"index":"index","follow":"follow","max-snippet":"max-snippet:-1","max-image-preview":"max-image-preview:large","max-video-preview":"max-video-preview:-1"},"canonical":"https:\/\/www.daisho.be\/de\/produit\/set-mit-4-latexstreifen\/","og_locale":"de_DE","og_type":"article","og_title":"Set mit 4 Latexstreifen &#8211; Daisho","og_description":"Packung mit 4 B\u00e4ndern. Jedes Band bietet einen anderen Spannungsgrad (9, 13, 18 und 22 kg). Wird f\u00fcr Muskelaufbau, Yoga, Pilates und Rehabilitation verwendet. Geeignet f\u00fcr alle Niveaus, um den ganzen K\u00f6rper zu trainieren. Sie k\u00f6nnen 1 oder 2 B\u00e4nder verwenden, um verschiedene Teile des K\u00f6rpers gleichzeitig zu trainieren. LIGHT 9 kg MEDIUM 13 kg [&hellip;]","og_url":"https:\/\/www.daisho.be\/de\/produit\/set-mit-4-latexstreifen\/","og_site_name":"Daisho","article_modified_time":"2026-03-16T11:15:13+00:00","og_image":[{"width":2042,"height":2048,"url":"https:\/\/www.daisho.be\/wp-content\/uploads\/2025\/02\/image-23-scaled.jpg","type":"image\/jpeg"}],"twitter_card":"summary_large_image","schema":{"@context":"https:\/\/schema.org","@graph":[{"@type":"WebPage","@id":"https:\/\/www.daisho.be\/de\/produit\/set-mit-4-latexstreifen\/","url":"https:\/\/www.daisho.be\/de\/produit\/set-mit-4-latexstreifen\/","name":"Set mit 4 Latexstreifen &#8211; Daisho","isPartOf":{"@id":"https:\/\/www.daisho.be\/de\/#website"},"primaryImageOfPage":{"@id":"https:\/\/www.daisho.be\/de\/produit\/set-mit-4-latexstreifen\/#primaryimage"},"image":{"@id":"https:\/\/www.daisho.be\/de\/produit\/set-mit-4-latexstreifen\/#primaryimage"},"thumbnailUrl":"https:\/\/www.daisho.be\/wp-content\/uploads\/2025\/02\/image-23-scaled.jpg","datePublished":"2025-02-03T13:29:53+00:00","dateModified":"2026-03-16T11:15:13+00:00","breadcrumb":{"@id":"https:\/\/www.daisho.be\/de\/produit\/set-mit-4-latexstreifen\/#breadcrumb"},"inLanguage":"de","potentialAction":[{"@type":"ReadAction","target":["https:\/\/www.daisho.be\/de\/produit\/set-mit-4-latexstreifen\/"]}]},{"@type":"ImageObject","inLanguage":"de","@id":"https:\/\/www.daisho.be\/de\/produit\/set-mit-4-latexstreifen\/#primaryimage","url":"https:\/\/www.daisho.be\/wp-content\/uploads\/2025\/02\/image-23-scaled.jpg","contentUrl":"https:\/\/www.daisho.be\/wp-content\/uploads\/2025\/02\/image-23-scaled.jpg","width":2042,"height":2048,"caption":"Set aus 4 Latexstreifen-1"},{"@type":"BreadcrumbList","@id":"https:\/\/www.daisho.be\/de\/produit\/set-mit-4-latexstreifen\/#breadcrumb","itemListElement":[{"@type":"ListItem","position":1,"name":"Accueil","item":"https:\/\/www.daisho.be\/de\/"},{"@type":"ListItem","position":2,"name":"Produkte","item":"https:\/\/www.daisho.be\/de\/produkte\/"},{"@type":"ListItem","position":3,"name":"Ausr\u00fcstung und Kleidung f\u00fcr Kampfkunst und Kampfsport","item":"https:\/\/www.daisho.be\/de\/categorie-produit\/ausrustung-und-kleidung-fur-kampfkunst-und-kampfsport\/"},{"@type":"ListItem","position":4,"name":"Karate","item":"https:\/\/www.daisho.be\/de\/categorie-produit\/ausrustung-und-kleidung-fur-kampfkunst-und-kampfsport\/karate-de-2\/"},{"@type":"ListItem","position":5,"name":"Karate Trainingsmaterial","item":"https:\/\/www.daisho.be\/de\/categorie-produit\/ausrustung-und-kleidung-fur-kampfkunst-und-kampfsport\/karate-de-2\/karate-trainingsmaterial\/"},{"@type":"ListItem","position":6,"name":"Set mit 4 Latexstreifen"}]},{"@type":"WebSite","@id":"https:\/\/www.daisho.be\/de\/#website","url":"https:\/\/www.daisho.be\/de\/","name":"Daisho","description":"Sp&eacute;cialiste de l'&eacute;quipement sportif d'arts martiaux","publisher":{"@id":"https:\/\/www.daisho.be\/de\/#organization"},"potentialAction":[{"@type":"SearchAction","target":{"@type":"EntryPoint","urlTemplate":"https:\/\/www.daisho.be\/de\/?s={search_term_string}"},"query-input":{"@type":"PropertyValueSpecification","valueRequired":true,"valueName":"search_term_string"}}],"inLanguage":"de"},{"@type":"Organization","@id":"https:\/\/www.daisho.be\/de\/#organization","name":"Daisho","url":"https:\/\/www.daisho.be\/de\/","logo":{"@type":"ImageObject","inLanguage":"de","@id":"https:\/\/www.daisho.be\/de\/#\/schema\/logo\/image\/","url":"https:\/\/www.daisho.be\/wp-content\/uploads\/2019\/07\/color-nothing-horizontale4x-e1564486100247.png","contentUrl":"https:\/\/www.daisho.be\/wp-content\/uploads\/2019\/07\/color-nothing-horizontale4x-e1564486100247.png","width":1547,"height":385,"caption":"Daisho"},"image":{"@id":"https:\/\/www.daisho.be\/de\/#\/schema\/logo\/image\/"}}]}},"_links":{"self":[{"href":"https:\/\/www.daisho.be\/de\/wp-json\/wp\/v2\/product\/490082","targetHints":{"allow":["GET"]}}],"collection":[{"href":"https:\/\/www.daisho.be\/de\/wp-json\/wp\/v2\/product"}],"about":[{"href":"https:\/\/www.daisho.be\/de\/wp-json\/wp\/v2\/types\/product"}],"replies":[{"embeddable":true,"href":"https:\/\/www.daisho.be\/de\/wp-json\/wp\/v2\/comments?post=490082"}],"wp:featuredmedia":[{"embeddable":true,"href":"https:\/\/www.daisho.be\/de\/wp-json\/wp\/v2\/media\/490021"}],"wp:attachment":[{"href":"https:\/\/www.daisho.be\/de\/wp-json\/wp\/v2\/media?parent=490082"}],"wp:term":[{"taxonomy":"product_brand","embeddable":true,"href":"https:\/\/www.daisho.be\/de\/wp-json\/wp\/v2\/product_brand?post=490082"},{"taxonomy":"product_cat","embeddable":true,"href":"https:\/\/www.daisho.be\/de\/wp-json\/wp\/v2\/product_cat?post=490082"},{"taxonomy":"product_tag","embeddable":true,"href":"https:\/\/www.daisho.be\/de\/wp-json\/wp\/v2\/product_tag?post=490082"},{"taxonomy":"sport","embeddable":true,"href":"https:\/\/www.daisho.be\/de\/wp-json\/wp\/v2\/sport?post=490082"}],"curies":[{"name":"wp","href":"https:\/\/api.w.org\/{rel}","templated":true}]}}