{"id":489963,"date":"2025-02-03T13:22:45","date_gmt":"2025-02-03T12:22:45","guid":{"rendered":"https:\/\/www.daisho.be\/produit\/springseil-aluminium\/"},"modified":"2025-02-03T13:22:45","modified_gmt":"2025-02-03T12:22:45","slug":"springseil-aluminium","status":"publish","type":"product","link":"https:\/\/www.daisho.be\/de\/produit\/springseil-aluminium\/","title":{"rendered":"Springseil Aluminium"},"content":{"rendered":"<p>Ein sehr sch\u00f6nes Design f\u00fcr dieses verstellbare Seil aus Aluminium.<br \/>\nDie rutschfesten Griffe sorgen f\u00fcr einen ausgezeichneten Griff und Komfort w\u00e4hrend der \u00dcbung. Ideal f\u00fcr Cross-Training.<br \/>\n360\u00b0 Drehgeschwindigkeit.<br \/>\nPVC-beschichtetes Stahlseil.<br \/>\nSie k\u00f6nnen die L\u00e4nge Ihres Seils mit dem Schraubenverstellsystem leicht anpassen.<br \/>\n&#8211; Gesamtl\u00e4nge: 325 cm<br \/>\n&#8211; Kabeldurchmesser: 2,5 mm<br \/>\n&#8211; Griffl\u00e4nge: 15 cm<br \/>\n&#8211; Gewicht: 150 g<br \/>\n&#8211; Material: Aluminiumgriffe &#8211; PVC-beschichtetes Stahlseil &#8211; PVC-Kapseln <\/p>\n","protected":false},"excerpt":{"rendered":"<p>Ein sehr sch\u00f6nes Design f\u00fcr dieses verstellbare Seil aus Aluminium. Die rutschfesten Griffe sorgen f\u00fcr einen ausgezeichneten Griff und Komfort w\u00e4hrend der \u00dcbung. Ideal f\u00fcr Cross-Training. 360\u00b0 Drehgeschwindigkeit. PVC-beschichtetes Stahlseil. Sie k\u00f6nnen die L\u00e4nge Ihres Seils mit dem Schraubenverstellsystem leicht anpassen. &#8211; Gesamtl\u00e4nge: 325 cm &#8211; Kabeldurchmesser: 2,5 mm &#8211; Griffl\u00e4nge: 15 cm &#8211; Gewicht: [&hellip;]<\/p>\n","protected":false},"featured_media":489842,"comment_status":"open","ping_status":"closed","template":"","meta":{"inline_featured_image":false},"product_brand":[],"product_cat":[2055,2054,2043],"product_tag":[2225],"sport":[],"class_list":{"0":"post-489963","1":"product","2":"type-product","3":"status-publish","4":"has-post-thumbnail","6":"product_cat-karate-trainingsmaterial","7":"product_cat-trainingsmaterial","8":"product_cat-trainingsmaterial-boxen","9":"product_tag-sveltus-de","11":"first","12":"instock","13":"taxable","14":"shipping-taxable","15":"purchasable","16":"product-type-simple"},"yoast_head":"<!-- This site is optimized with the Yoast SEO plugin v27.2 - https:\/\/yoast.com\/product\/yoast-seo-wordpress\/ -->\n<title>Springseil Aluminium &#8211; Daisho<\/title>\n<meta name=\"robots\" content=\"index, follow, max-snippet:-1, max-image-preview:large, max-video-preview:-1\" \/>\n<link rel=\"canonical\" href=\"https:\/\/www.daisho.be\/de\/produit\/springseil-aluminium\/\" \/>\n<meta property=\"og:locale\" content=\"de_DE\" \/>\n<meta property=\"og:type\" content=\"article\" \/>\n<meta property=\"og:title\" content=\"Springseil Aluminium &#8211; Daisho\" \/>\n<meta property=\"og:description\" content=\"Ein sehr sch\u00f6nes Design f\u00fcr dieses verstellbare Seil aus Aluminium. Die rutschfesten Griffe sorgen f\u00fcr einen ausgezeichneten Griff und Komfort w\u00e4hrend der \u00dcbung. Ideal f\u00fcr Cross-Training. 360\u00b0 Drehgeschwindigkeit. PVC-beschichtetes Stahlseil. Sie k\u00f6nnen die L\u00e4nge Ihres Seils mit dem Schraubenverstellsystem leicht anpassen. &#8211; Gesamtl\u00e4nge: 325 cm &#8211; Kabeldurchmesser: 2,5 mm &#8211; Griffl\u00e4nge: 15 cm &#8211; Gewicht: [&hellip;]\" \/>\n<meta property=\"og:url\" content=\"https:\/\/www.daisho.be\/de\/produit\/springseil-aluminium\/\" \/>\n<meta property=\"og:site_name\" content=\"Daisho\" \/>\n<meta property=\"og:image\" content=\"https:\/\/www.daisho.be\/wp-content\/uploads\/2025\/02\/image-4.jpg\" \/>\n\t<meta property=\"og:image:width\" content=\"1181\" \/>\n\t<meta property=\"og:image:height\" content=\"1651\" \/>\n\t<meta property=\"og:image:type\" content=\"image\/jpeg\" \/>\n<meta name=\"twitter:card\" content=\"summary_large_image\" \/>\n<script type=\"application\/ld+json\" class=\"yoast-schema-graph\">{\"@context\":\"https:\/\/schema.org\",\"@graph\":[{\"@type\":\"WebPage\",\"@id\":\"https:\/\/www.daisho.be\/de\/produit\/springseil-aluminium\/\",\"url\":\"https:\/\/www.daisho.be\/de\/produit\/springseil-aluminium\/\",\"name\":\"Springseil Aluminium &#8211; Daisho\",\"isPartOf\":{\"@id\":\"https:\/\/www.daisho.be\/de\/#website\"},\"primaryImageOfPage\":{\"@id\":\"https:\/\/www.daisho.be\/de\/produit\/springseil-aluminium\/#primaryimage\"},\"image\":{\"@id\":\"https:\/\/www.daisho.be\/de\/produit\/springseil-aluminium\/#primaryimage\"},\"thumbnailUrl\":\"https:\/\/www.daisho.be\/wp-content\/uploads\/2025\/02\/image-4.jpg\",\"datePublished\":\"2025-02-03T12:22:45+00:00\",\"breadcrumb\":{\"@id\":\"https:\/\/www.daisho.be\/de\/produit\/springseil-aluminium\/#breadcrumb\"},\"inLanguage\":\"de\",\"potentialAction\":[{\"@type\":\"ReadAction\",\"target\":[\"https:\/\/www.daisho.be\/de\/produit\/springseil-aluminium\/\"]}]},{\"@type\":\"ImageObject\",\"inLanguage\":\"de\",\"@id\":\"https:\/\/www.daisho.be\/de\/produit\/springseil-aluminium\/#primaryimage\",\"url\":\"https:\/\/www.daisho.be\/wp-content\/uploads\/2025\/02\/image-4.jpg\",\"contentUrl\":\"https:\/\/www.daisho.be\/wp-content\/uploads\/2025\/02\/image-4.jpg\",\"width\":1181,\"height\":1651,\"caption\":\"Springseil Aluminium -1\"},{\"@type\":\"BreadcrumbList\",\"@id\":\"https:\/\/www.daisho.be\/de\/produit\/springseil-aluminium\/#breadcrumb\",\"itemListElement\":[{\"@type\":\"ListItem\",\"position\":1,\"name\":\"Accueil\",\"item\":\"https:\/\/www.daisho.be\/de\/\"},{\"@type\":\"ListItem\",\"position\":2,\"name\":\"Produkte\",\"item\":\"https:\/\/www.daisho.be\/de\/produkte\/\"},{\"@type\":\"ListItem\",\"position\":3,\"name\":\"Ausr\u00fcstung und Kleidung f\u00fcr Kampfkunst und Kampfsport\",\"item\":\"https:\/\/www.daisho.be\/de\/categorie-produit\/ausrustung-und-kleidung-fur-kampfkunst-und-kampfsport\/\"},{\"@type\":\"ListItem\",\"position\":4,\"name\":\"Karate\",\"item\":\"https:\/\/www.daisho.be\/de\/categorie-produit\/ausrustung-und-kleidung-fur-kampfkunst-und-kampfsport\/karate-de-2\/\"},{\"@type\":\"ListItem\",\"position\":5,\"name\":\"Karate Trainingsmaterial\",\"item\":\"https:\/\/www.daisho.be\/de\/categorie-produit\/ausrustung-und-kleidung-fur-kampfkunst-und-kampfsport\/karate-de-2\/karate-trainingsmaterial\/\"},{\"@type\":\"ListItem\",\"position\":6,\"name\":\"Springseil Aluminium\"}]},{\"@type\":\"WebSite\",\"@id\":\"https:\/\/www.daisho.be\/de\/#website\",\"url\":\"https:\/\/www.daisho.be\/de\/\",\"name\":\"Daisho\",\"description\":\"Sp&eacute;cialiste de l'&eacute;quipement sportif d'arts martiaux\",\"publisher\":{\"@id\":\"https:\/\/www.daisho.be\/de\/#organization\"},\"potentialAction\":[{\"@type\":\"SearchAction\",\"target\":{\"@type\":\"EntryPoint\",\"urlTemplate\":\"https:\/\/www.daisho.be\/de\/?s={search_term_string}\"},\"query-input\":{\"@type\":\"PropertyValueSpecification\",\"valueRequired\":true,\"valueName\":\"search_term_string\"}}],\"inLanguage\":\"de\"},{\"@type\":\"Organization\",\"@id\":\"https:\/\/www.daisho.be\/de\/#organization\",\"name\":\"Daisho\",\"url\":\"https:\/\/www.daisho.be\/de\/\",\"logo\":{\"@type\":\"ImageObject\",\"inLanguage\":\"de\",\"@id\":\"https:\/\/www.daisho.be\/de\/#\/schema\/logo\/image\/\",\"url\":\"https:\/\/www.daisho.be\/wp-content\/uploads\/2019\/07\/color-nothing-horizontale4x-e1564486100247.png\",\"contentUrl\":\"https:\/\/www.daisho.be\/wp-content\/uploads\/2019\/07\/color-nothing-horizontale4x-e1564486100247.png\",\"width\":1547,\"height\":385,\"caption\":\"Daisho\"},\"image\":{\"@id\":\"https:\/\/www.daisho.be\/de\/#\/schema\/logo\/image\/\"}}]}<\/script>\n<!-- \/ Yoast SEO plugin. -->","yoast_head_json":{"title":"Springseil Aluminium &#8211; Daisho","robots":{"index":"index","follow":"follow","max-snippet":"max-snippet:-1","max-image-preview":"max-image-preview:large","max-video-preview":"max-video-preview:-1"},"canonical":"https:\/\/www.daisho.be\/de\/produit\/springseil-aluminium\/","og_locale":"de_DE","og_type":"article","og_title":"Springseil Aluminium &#8211; Daisho","og_description":"Ein sehr sch\u00f6nes Design f\u00fcr dieses verstellbare Seil aus Aluminium. Die rutschfesten Griffe sorgen f\u00fcr einen ausgezeichneten Griff und Komfort w\u00e4hrend der \u00dcbung. Ideal f\u00fcr Cross-Training. 360\u00b0 Drehgeschwindigkeit. PVC-beschichtetes Stahlseil. Sie k\u00f6nnen die L\u00e4nge Ihres Seils mit dem Schraubenverstellsystem leicht anpassen. &#8211; Gesamtl\u00e4nge: 325 cm &#8211; Kabeldurchmesser: 2,5 mm &#8211; Griffl\u00e4nge: 15 cm &#8211; Gewicht: [&hellip;]","og_url":"https:\/\/www.daisho.be\/de\/produit\/springseil-aluminium\/","og_site_name":"Daisho","og_image":[{"width":1181,"height":1651,"url":"https:\/\/www.daisho.be\/wp-content\/uploads\/2025\/02\/image-4.jpg","type":"image\/jpeg"}],"twitter_card":"summary_large_image","schema":{"@context":"https:\/\/schema.org","@graph":[{"@type":"WebPage","@id":"https:\/\/www.daisho.be\/de\/produit\/springseil-aluminium\/","url":"https:\/\/www.daisho.be\/de\/produit\/springseil-aluminium\/","name":"Springseil Aluminium &#8211; Daisho","isPartOf":{"@id":"https:\/\/www.daisho.be\/de\/#website"},"primaryImageOfPage":{"@id":"https:\/\/www.daisho.be\/de\/produit\/springseil-aluminium\/#primaryimage"},"image":{"@id":"https:\/\/www.daisho.be\/de\/produit\/springseil-aluminium\/#primaryimage"},"thumbnailUrl":"https:\/\/www.daisho.be\/wp-content\/uploads\/2025\/02\/image-4.jpg","datePublished":"2025-02-03T12:22:45+00:00","breadcrumb":{"@id":"https:\/\/www.daisho.be\/de\/produit\/springseil-aluminium\/#breadcrumb"},"inLanguage":"de","potentialAction":[{"@type":"ReadAction","target":["https:\/\/www.daisho.be\/de\/produit\/springseil-aluminium\/"]}]},{"@type":"ImageObject","inLanguage":"de","@id":"https:\/\/www.daisho.be\/de\/produit\/springseil-aluminium\/#primaryimage","url":"https:\/\/www.daisho.be\/wp-content\/uploads\/2025\/02\/image-4.jpg","contentUrl":"https:\/\/www.daisho.be\/wp-content\/uploads\/2025\/02\/image-4.jpg","width":1181,"height":1651,"caption":"Springseil Aluminium -1"},{"@type":"BreadcrumbList","@id":"https:\/\/www.daisho.be\/de\/produit\/springseil-aluminium\/#breadcrumb","itemListElement":[{"@type":"ListItem","position":1,"name":"Accueil","item":"https:\/\/www.daisho.be\/de\/"},{"@type":"ListItem","position":2,"name":"Produkte","item":"https:\/\/www.daisho.be\/de\/produkte\/"},{"@type":"ListItem","position":3,"name":"Ausr\u00fcstung und Kleidung f\u00fcr Kampfkunst und Kampfsport","item":"https:\/\/www.daisho.be\/de\/categorie-produit\/ausrustung-und-kleidung-fur-kampfkunst-und-kampfsport\/"},{"@type":"ListItem","position":4,"name":"Karate","item":"https:\/\/www.daisho.be\/de\/categorie-produit\/ausrustung-und-kleidung-fur-kampfkunst-und-kampfsport\/karate-de-2\/"},{"@type":"ListItem","position":5,"name":"Karate Trainingsmaterial","item":"https:\/\/www.daisho.be\/de\/categorie-produit\/ausrustung-und-kleidung-fur-kampfkunst-und-kampfsport\/karate-de-2\/karate-trainingsmaterial\/"},{"@type":"ListItem","position":6,"name":"Springseil Aluminium"}]},{"@type":"WebSite","@id":"https:\/\/www.daisho.be\/de\/#website","url":"https:\/\/www.daisho.be\/de\/","name":"Daisho","description":"Sp&eacute;cialiste de l'&eacute;quipement sportif d'arts martiaux","publisher":{"@id":"https:\/\/www.daisho.be\/de\/#organization"},"potentialAction":[{"@type":"SearchAction","target":{"@type":"EntryPoint","urlTemplate":"https:\/\/www.daisho.be\/de\/?s={search_term_string}"},"query-input":{"@type":"PropertyValueSpecification","valueRequired":true,"valueName":"search_term_string"}}],"inLanguage":"de"},{"@type":"Organization","@id":"https:\/\/www.daisho.be\/de\/#organization","name":"Daisho","url":"https:\/\/www.daisho.be\/de\/","logo":{"@type":"ImageObject","inLanguage":"de","@id":"https:\/\/www.daisho.be\/de\/#\/schema\/logo\/image\/","url":"https:\/\/www.daisho.be\/wp-content\/uploads\/2019\/07\/color-nothing-horizontale4x-e1564486100247.png","contentUrl":"https:\/\/www.daisho.be\/wp-content\/uploads\/2019\/07\/color-nothing-horizontale4x-e1564486100247.png","width":1547,"height":385,"caption":"Daisho"},"image":{"@id":"https:\/\/www.daisho.be\/de\/#\/schema\/logo\/image\/"}}]}},"_links":{"self":[{"href":"https:\/\/www.daisho.be\/de\/wp-json\/wp\/v2\/product\/489963","targetHints":{"allow":["GET"]}}],"collection":[{"href":"https:\/\/www.daisho.be\/de\/wp-json\/wp\/v2\/product"}],"about":[{"href":"https:\/\/www.daisho.be\/de\/wp-json\/wp\/v2\/types\/product"}],"replies":[{"embeddable":true,"href":"https:\/\/www.daisho.be\/de\/wp-json\/wp\/v2\/comments?post=489963"}],"wp:featuredmedia":[{"embeddable":true,"href":"https:\/\/www.daisho.be\/de\/wp-json\/wp\/v2\/media\/489842"}],"wp:attachment":[{"href":"https:\/\/www.daisho.be\/de\/wp-json\/wp\/v2\/media?parent=489963"}],"wp:term":[{"taxonomy":"product_brand","embeddable":true,"href":"https:\/\/www.daisho.be\/de\/wp-json\/wp\/v2\/product_brand?post=489963"},{"taxonomy":"product_cat","embeddable":true,"href":"https:\/\/www.daisho.be\/de\/wp-json\/wp\/v2\/product_cat?post=489963"},{"taxonomy":"product_tag","embeddable":true,"href":"https:\/\/www.daisho.be\/de\/wp-json\/wp\/v2\/product_tag?post=489963"},{"taxonomy":"sport","embeddable":true,"href":"https:\/\/www.daisho.be\/de\/wp-json\/wp\/v2\/sport?post=489963"}],"curies":[{"name":"wp","href":"https:\/\/api.w.org\/{rel}","templated":true}]}}