{"id":489748,"date":"2025-02-03T11:01:25","date_gmt":"2025-02-03T10:01:25","guid":{"rendered":"https:\/\/www.daisho.be\/produit\/dobok-poomsae-adult-frau\/"},"modified":"2025-12-18T12:15:14","modified_gmt":"2025-12-18T11:15:14","slug":"dobok-poomsae-adult-frau","status":"publish","type":"product","link":"https:\/\/www.daisho.be\/de\/produit\/dobok-poomsae-adult-frau\/","title":{"rendered":"DOBOK POOMSAE ERWACHSENE FRAU"},"content":{"rendered":"<p>Der Poomsae WT Dobok wurde f\u00fcr anspruchsvolle Kampfsportler entworfen und ist die perfekte Kleidung f\u00fcr Taekwondo-Wettk\u00e4mpfe und intensives Training.<br \/>\nDieser Dobok vereint Komfort, Leistung und \u00c4sthetik und erf\u00fcllt die Qualit\u00e4tsstandards f\u00fcr Kampfsportger\u00e4te.<br \/>\nHergestellt aus einer Gewebemischung aus 55% Baumwolle und 45% Polyester, bietet er optimale Atmungsaktivit\u00e4t, Bewegungsfreiheit und au\u00dfergew\u00f6hnliche Haltbarkeit.<br \/>\nTechnische Daten :<\/p>\n<p>  Ergonomische Jacke: V-Ausschnitt mit \u00d6ffnung an der Vorderseite und an der Seite f\u00fcr eine perfekte Passform, entworfen, um die spezifischen Bewegungen der Poomsae-Formen zu unterst\u00fctzen.<br \/>\n  Funktionshose: Elastischer Bund mit Kordelzug f\u00fcr eine optimale Passform und Komfort w\u00e4hrend Ihrer Sitzungen.<br \/>\n  Hochwertige Materialien: Strukturiertes, strapazierf\u00e4higes Gewebe, das den Anforderungen von Wettk\u00e4mpfern entspricht.<br \/>\n  Sorgf\u00e4ltige Verarbeitung : Gesticktes adidas-Logo auf der Jacke und der Hose, mit einer eleganten &#8218;WT&#8216;-Stickerei auf der Brust, die die offizielle Zulassung durch World Taekwondo unterstreicht.<br \/>\n  Dieser Taekwondo Dobok ist die erste Wahl f\u00fcr alle, die einen technischen Kimono suchen, der robust und bequem ist, um ihr Training zu verbessern.<br \/>\nMit seinem sch\u00f6nen Design und dem hochwertigen Stoff ist dieser Dobok perfekt f\u00fcr Wettk\u00e4mpfer, die sich in ihrer Disziplin auszeichnen m\u00f6chten.<\/p>\n<p>Dobok Poomsae WT  <\/p>\n<p>  Atmungsaktives und strapazierf\u00e4higes Material 55% Baumwolle, 45% Polyester<br \/>\n Hose mit elastischem Bund und Kordelzug<br \/>\n Wettkampf und Training<br \/>\n Zertifiziert von World Taekwondo<br \/>\n Verf\u00fcgbare Gr\u00f6\u00dfen: 140 cm bis 190 cm<br \/>\n Damenmodell: Wei\u00df\/Blau<\/p>\n","protected":false},"excerpt":{"rendered":"<p>Der Poomsae WT Dobok wurde f\u00fcr anspruchsvolle Kampfsportler entworfen und ist die perfekte Kleidung f\u00fcr Taekwondo-Wettk\u00e4mpfe und intensives Training. Dieser Dobok vereint Komfort, Leistung und \u00c4sthetik und erf\u00fcllt die Qualit\u00e4tsstandards f\u00fcr Kampfsportger\u00e4te. Hergestellt aus einer Gewebemischung aus 55% Baumwolle und 45% Polyester, bietet er optimale Atmungsaktivit\u00e4t, Bewegungsfreiheit und au\u00dfergew\u00f6hnliche Haltbarkeit. Technische Daten : Ergonomische Jacke: [&hellip;]<\/p>\n","protected":false},"featured_media":489183,"comment_status":"open","ping_status":"closed","template":"","meta":{"inline_featured_image":false},"product_brand":[],"product_cat":[2289,2168],"product_tag":[2178],"sport":[],"class_list":{"0":"post-489748","1":"product","2":"type-product","3":"status-publish","4":"has-post-thumbnail","6":"product_cat-kimono-dobok-adidas-de","7":"product_cat-taekwondo-dobok-kleidung","8":"product_tag-adidas-de","9":"pa_size-380","10":"pa_size-379","11":"pa_size-378","12":"pa_size-377","13":"pa_size-376","14":"pa_size-383","15":"pa_size-382","17":"first","18":"instock","19":"taxable","20":"shipping-taxable","21":"purchasable","22":"product-type-variable"},"yoast_head":"<!-- This site is optimized with the Yoast SEO plugin v27.2 - https:\/\/yoast.com\/product\/yoast-seo-wordpress\/ -->\n<title>DOBOK POOMSAE ERWACHSENE FRAU &#8211; Daisho<\/title>\n<meta name=\"description\" content=\"Der Dobok-Poomsae ist ein Kimono, der Leistung und \u00c4sthetik f\u00fcr Taekwondo-Spezialisten vereint. Kaufen Sie ihn auf unserer Website www.daisho.be\/Daisho\" \/>\n<meta name=\"robots\" content=\"index, follow, max-snippet:-1, max-image-preview:large, max-video-preview:-1\" \/>\n<link rel=\"canonical\" href=\"https:\/\/www.daisho.be\/de\/produit\/dobok-poomsae-adult-frau\/\" \/>\n<meta property=\"og:locale\" content=\"de_DE\" \/>\n<meta property=\"og:type\" content=\"article\" \/>\n<meta property=\"og:title\" content=\"DOBOK POOMSAE ERWACHSENE FRAU &#8211; Daisho\" \/>\n<meta property=\"og:description\" content=\"Der Dobok-Poomsae ist ein Kimono, der Leistung und \u00c4sthetik f\u00fcr Taekwondo-Spezialisten vereint. Kaufen Sie ihn auf unserer Website www.daisho.be\/Daisho\" \/>\n<meta property=\"og:url\" content=\"https:\/\/www.daisho.be\/de\/produit\/dobok-poomsae-adult-frau\/\" \/>\n<meta property=\"og:site_name\" content=\"Daisho\" \/>\n<meta property=\"article:modified_time\" content=\"2025-12-18T11:15:14+00:00\" \/>\n<meta property=\"og:image\" content=\"https:\/\/www.daisho.be\/wp-content\/uploads\/2025\/02\/image.png\" \/>\n\t<meta property=\"og:image:width\" content=\"409\" \/>\n\t<meta property=\"og:image:height\" content=\"701\" \/>\n\t<meta property=\"og:image:type\" content=\"image\/png\" \/>\n<meta name=\"twitter:card\" content=\"summary_large_image\" \/>\n<meta name=\"twitter:label1\" content=\"Gesch\u00e4tzte Lesezeit\" \/>\n\t<meta name=\"twitter:data1\" content=\"1\u00a0Minute\" \/>\n<script type=\"application\/ld+json\" class=\"yoast-schema-graph\">{\"@context\":\"https:\/\/schema.org\",\"@graph\":[{\"@type\":\"WebPage\",\"@id\":\"https:\/\/www.daisho.be\/de\/produit\/dobok-poomsae-adult-frau\/\",\"url\":\"https:\/\/www.daisho.be\/de\/produit\/dobok-poomsae-adult-frau\/\",\"name\":\"DOBOK POOMSAE ERWACHSENE FRAU &#8211; Daisho\",\"isPartOf\":{\"@id\":\"https:\/\/www.daisho.be\/de\/#website\"},\"primaryImageOfPage\":{\"@id\":\"https:\/\/www.daisho.be\/de\/produit\/dobok-poomsae-adult-frau\/#primaryimage\"},\"image\":{\"@id\":\"https:\/\/www.daisho.be\/de\/produit\/dobok-poomsae-adult-frau\/#primaryimage\"},\"thumbnailUrl\":\"https:\/\/www.daisho.be\/wp-content\/uploads\/2025\/02\/image.png\",\"datePublished\":\"2025-02-03T10:01:25+00:00\",\"dateModified\":\"2025-12-18T11:15:14+00:00\",\"description\":\"Der Dobok-Poomsae ist ein Kimono, der Leistung und \u00c4sthetik f\u00fcr Taekwondo-Spezialisten vereint. Kaufen Sie ihn auf unserer Website www.daisho.be\/Daisho\",\"breadcrumb\":{\"@id\":\"https:\/\/www.daisho.be\/de\/produit\/dobok-poomsae-adult-frau\/#breadcrumb\"},\"inLanguage\":\"de\",\"potentialAction\":[{\"@type\":\"ReadAction\",\"target\":[\"https:\/\/www.daisho.be\/de\/produit\/dobok-poomsae-adult-frau\/\"]}]},{\"@type\":\"ImageObject\",\"inLanguage\":\"de\",\"@id\":\"https:\/\/www.daisho.be\/de\/produit\/dobok-poomsae-adult-frau\/#primaryimage\",\"url\":\"https:\/\/www.daisho.be\/wp-content\/uploads\/2025\/02\/image.png\",\"contentUrl\":\"https:\/\/www.daisho.be\/wp-content\/uploads\/2025\/02\/image.png\",\"width\":409,\"height\":701,\"caption\":\"DOBOK POOMSAE ERWACHSENE FRAU-1\"},{\"@type\":\"BreadcrumbList\",\"@id\":\"https:\/\/www.daisho.be\/de\/produit\/dobok-poomsae-adult-frau\/#breadcrumb\",\"itemListElement\":[{\"@type\":\"ListItem\",\"position\":1,\"name\":\"Accueil\",\"item\":\"https:\/\/www.daisho.be\/de\/\"},{\"@type\":\"ListItem\",\"position\":2,\"name\":\"Produkte\",\"item\":\"https:\/\/www.daisho.be\/de\/produkte\/\"},{\"@type\":\"ListItem\",\"position\":3,\"name\":\"ADIDAS COMBAT SPORTS\",\"item\":\"https:\/\/www.daisho.be\/de\/categorie-produit\/adidas-combat-sports-de\/\"},{\"@type\":\"ListItem\",\"position\":4,\"name\":\"Taekwondo\",\"item\":\"https:\/\/www.daisho.be\/de\/categorie-produit\/adidas-combat-sports-de\/taekwondo-de\/\"},{\"@type\":\"ListItem\",\"position\":5,\"name\":\"Kimono - Dobok Adidas\",\"item\":\"https:\/\/www.daisho.be\/de\/categorie-produit\/adidas-combat-sports-de\/taekwondo-de\/kimono-dobok-adidas-de\/\"},{\"@type\":\"ListItem\",\"position\":6,\"name\":\"DOBOK POOMSAE ERWACHSENE FRAU\"}]},{\"@type\":\"WebSite\",\"@id\":\"https:\/\/www.daisho.be\/de\/#website\",\"url\":\"https:\/\/www.daisho.be\/de\/\",\"name\":\"Daisho\",\"description\":\"Sp&eacute;cialiste de l'&eacute;quipement sportif d'arts martiaux\",\"publisher\":{\"@id\":\"https:\/\/www.daisho.be\/de\/#organization\"},\"potentialAction\":[{\"@type\":\"SearchAction\",\"target\":{\"@type\":\"EntryPoint\",\"urlTemplate\":\"https:\/\/www.daisho.be\/de\/?s={search_term_string}\"},\"query-input\":{\"@type\":\"PropertyValueSpecification\",\"valueRequired\":true,\"valueName\":\"search_term_string\"}}],\"inLanguage\":\"de\"},{\"@type\":\"Organization\",\"@id\":\"https:\/\/www.daisho.be\/de\/#organization\",\"name\":\"Daisho\",\"url\":\"https:\/\/www.daisho.be\/de\/\",\"logo\":{\"@type\":\"ImageObject\",\"inLanguage\":\"de\",\"@id\":\"https:\/\/www.daisho.be\/de\/#\/schema\/logo\/image\/\",\"url\":\"https:\/\/www.daisho.be\/wp-content\/uploads\/2019\/07\/color-nothing-horizontale4x-e1564486100247.png\",\"contentUrl\":\"https:\/\/www.daisho.be\/wp-content\/uploads\/2019\/07\/color-nothing-horizontale4x-e1564486100247.png\",\"width\":1547,\"height\":385,\"caption\":\"Daisho\"},\"image\":{\"@id\":\"https:\/\/www.daisho.be\/de\/#\/schema\/logo\/image\/\"}}]}<\/script>\n<!-- \/ Yoast SEO plugin. -->","yoast_head_json":{"title":"DOBOK POOMSAE ERWACHSENE FRAU &#8211; Daisho","description":"Der Dobok-Poomsae ist ein Kimono, der Leistung und \u00c4sthetik f\u00fcr Taekwondo-Spezialisten vereint. Kaufen Sie ihn auf unserer Website www.daisho.be\/Daisho","robots":{"index":"index","follow":"follow","max-snippet":"max-snippet:-1","max-image-preview":"max-image-preview:large","max-video-preview":"max-video-preview:-1"},"canonical":"https:\/\/www.daisho.be\/de\/produit\/dobok-poomsae-adult-frau\/","og_locale":"de_DE","og_type":"article","og_title":"DOBOK POOMSAE ERWACHSENE FRAU &#8211; Daisho","og_description":"Der Dobok-Poomsae ist ein Kimono, der Leistung und \u00c4sthetik f\u00fcr Taekwondo-Spezialisten vereint. Kaufen Sie ihn auf unserer Website www.daisho.be\/Daisho","og_url":"https:\/\/www.daisho.be\/de\/produit\/dobok-poomsae-adult-frau\/","og_site_name":"Daisho","article_modified_time":"2025-12-18T11:15:14+00:00","og_image":[{"width":409,"height":701,"url":"https:\/\/www.daisho.be\/wp-content\/uploads\/2025\/02\/image.png","type":"image\/png"}],"twitter_card":"summary_large_image","twitter_misc":{"Gesch\u00e4tzte Lesezeit":"1\u00a0Minute"},"schema":{"@context":"https:\/\/schema.org","@graph":[{"@type":"WebPage","@id":"https:\/\/www.daisho.be\/de\/produit\/dobok-poomsae-adult-frau\/","url":"https:\/\/www.daisho.be\/de\/produit\/dobok-poomsae-adult-frau\/","name":"DOBOK POOMSAE ERWACHSENE FRAU &#8211; Daisho","isPartOf":{"@id":"https:\/\/www.daisho.be\/de\/#website"},"primaryImageOfPage":{"@id":"https:\/\/www.daisho.be\/de\/produit\/dobok-poomsae-adult-frau\/#primaryimage"},"image":{"@id":"https:\/\/www.daisho.be\/de\/produit\/dobok-poomsae-adult-frau\/#primaryimage"},"thumbnailUrl":"https:\/\/www.daisho.be\/wp-content\/uploads\/2025\/02\/image.png","datePublished":"2025-02-03T10:01:25+00:00","dateModified":"2025-12-18T11:15:14+00:00","description":"Der Dobok-Poomsae ist ein Kimono, der Leistung und \u00c4sthetik f\u00fcr Taekwondo-Spezialisten vereint. Kaufen Sie ihn auf unserer Website www.daisho.be\/Daisho","breadcrumb":{"@id":"https:\/\/www.daisho.be\/de\/produit\/dobok-poomsae-adult-frau\/#breadcrumb"},"inLanguage":"de","potentialAction":[{"@type":"ReadAction","target":["https:\/\/www.daisho.be\/de\/produit\/dobok-poomsae-adult-frau\/"]}]},{"@type":"ImageObject","inLanguage":"de","@id":"https:\/\/www.daisho.be\/de\/produit\/dobok-poomsae-adult-frau\/#primaryimage","url":"https:\/\/www.daisho.be\/wp-content\/uploads\/2025\/02\/image.png","contentUrl":"https:\/\/www.daisho.be\/wp-content\/uploads\/2025\/02\/image.png","width":409,"height":701,"caption":"DOBOK POOMSAE ERWACHSENE FRAU-1"},{"@type":"BreadcrumbList","@id":"https:\/\/www.daisho.be\/de\/produit\/dobok-poomsae-adult-frau\/#breadcrumb","itemListElement":[{"@type":"ListItem","position":1,"name":"Accueil","item":"https:\/\/www.daisho.be\/de\/"},{"@type":"ListItem","position":2,"name":"Produkte","item":"https:\/\/www.daisho.be\/de\/produkte\/"},{"@type":"ListItem","position":3,"name":"ADIDAS COMBAT SPORTS","item":"https:\/\/www.daisho.be\/de\/categorie-produit\/adidas-combat-sports-de\/"},{"@type":"ListItem","position":4,"name":"Taekwondo","item":"https:\/\/www.daisho.be\/de\/categorie-produit\/adidas-combat-sports-de\/taekwondo-de\/"},{"@type":"ListItem","position":5,"name":"Kimono - Dobok Adidas","item":"https:\/\/www.daisho.be\/de\/categorie-produit\/adidas-combat-sports-de\/taekwondo-de\/kimono-dobok-adidas-de\/"},{"@type":"ListItem","position":6,"name":"DOBOK POOMSAE ERWACHSENE FRAU"}]},{"@type":"WebSite","@id":"https:\/\/www.daisho.be\/de\/#website","url":"https:\/\/www.daisho.be\/de\/","name":"Daisho","description":"Sp&eacute;cialiste de l'&eacute;quipement sportif d'arts martiaux","publisher":{"@id":"https:\/\/www.daisho.be\/de\/#organization"},"potentialAction":[{"@type":"SearchAction","target":{"@type":"EntryPoint","urlTemplate":"https:\/\/www.daisho.be\/de\/?s={search_term_string}"},"query-input":{"@type":"PropertyValueSpecification","valueRequired":true,"valueName":"search_term_string"}}],"inLanguage":"de"},{"@type":"Organization","@id":"https:\/\/www.daisho.be\/de\/#organization","name":"Daisho","url":"https:\/\/www.daisho.be\/de\/","logo":{"@type":"ImageObject","inLanguage":"de","@id":"https:\/\/www.daisho.be\/de\/#\/schema\/logo\/image\/","url":"https:\/\/www.daisho.be\/wp-content\/uploads\/2019\/07\/color-nothing-horizontale4x-e1564486100247.png","contentUrl":"https:\/\/www.daisho.be\/wp-content\/uploads\/2019\/07\/color-nothing-horizontale4x-e1564486100247.png","width":1547,"height":385,"caption":"Daisho"},"image":{"@id":"https:\/\/www.daisho.be\/de\/#\/schema\/logo\/image\/"}}]}},"_links":{"self":[{"href":"https:\/\/www.daisho.be\/de\/wp-json\/wp\/v2\/product\/489748","targetHints":{"allow":["GET"]}}],"collection":[{"href":"https:\/\/www.daisho.be\/de\/wp-json\/wp\/v2\/product"}],"about":[{"href":"https:\/\/www.daisho.be\/de\/wp-json\/wp\/v2\/types\/product"}],"replies":[{"embeddable":true,"href":"https:\/\/www.daisho.be\/de\/wp-json\/wp\/v2\/comments?post=489748"}],"wp:featuredmedia":[{"embeddable":true,"href":"https:\/\/www.daisho.be\/de\/wp-json\/wp\/v2\/media\/489183"}],"wp:attachment":[{"href":"https:\/\/www.daisho.be\/de\/wp-json\/wp\/v2\/media?parent=489748"}],"wp:term":[{"taxonomy":"product_brand","embeddable":true,"href":"https:\/\/www.daisho.be\/de\/wp-json\/wp\/v2\/product_brand?post=489748"},{"taxonomy":"product_cat","embeddable":true,"href":"https:\/\/www.daisho.be\/de\/wp-json\/wp\/v2\/product_cat?post=489748"},{"taxonomy":"product_tag","embeddable":true,"href":"https:\/\/www.daisho.be\/de\/wp-json\/wp\/v2\/product_tag?post=489748"},{"taxonomy":"sport","embeddable":true,"href":"https:\/\/www.daisho.be\/de\/wp-json\/wp\/v2\/sport?post=489748"}],"curies":[{"name":"wp","href":"https:\/\/api.w.org\/{rel}","templated":true}]}}