{"id":489746,"date":"2025-02-03T11:02:34","date_gmt":"2025-02-03T10:02:34","guid":{"rendered":"https:\/\/www.daisho.be\/produit\/dobok-poomsae-adult-homme\/"},"modified":"2025-10-21T21:12:17","modified_gmt":"2025-10-21T19:12:17","slug":"dobok-poomsae-adult-homme","status":"publish","type":"product","link":"https:\/\/www.daisho.be\/de\/produit\/dobok-poomsae-adult-homme\/","title":{"rendered":"DOBOK POOMSAE ERWACHSENE M\u00c4NNER"},"content":{"rendered":"<p>Der Dobok Poomsae WT wurde f\u00fcr anspruchsvolle Kampfsportler entworfen und ist die perfekte Kleidung f\u00fcr Taekwondo und intensives Training.<\/p>\n<p>Dieser Dobok kombiniert Komfort, Leistung und \u00c4sthetik und entspricht den Qualit\u00e4tsstandards f\u00fcr Kampfsportger\u00e4te.<\/p>\n<p>Hergestellt aus einer Mischung von 35% Baumwolle und 65% Polyester bietet es optimale Atmungsaktivit\u00e4t, Bewegungsfreiheit und au\u00dfergew\u00f6hnliche Strapazierf?higkeit.<\/p>\n<p>Technische Daten:<br \/>\nErgonomische Jacke: V-Ausschnitt mit \u00d6ffnungen an der Vorderseite und an der Seite f\u00fcr eine perfekte Passform, entworfen, um die besonderen Bewegungen der Poomsae-Formen zu unterst\u00fctzen.<\/p>\n<p>Funktionelle Hose: Elastischer Bund mit Kordelzug f\u00fcr eine optimale Passform und Komfort w\u00e4hrend der gesamten Session.<\/p>\n<p>Hochwertige Materialien: Strukturierter, strapazierf?higer Stoff, der an die Anforderungen der Zuschauer angepasst ist.<\/p>\n<p>Sorgf\u00e4ltig verarbeitet: Gesticktes adidas Logo auf der Jacke und der Hose, mit einer eleganten WT-Stickerei auf der Brust, die die offizielle Anerkennung durch World Taekwondo unterstreicht.<\/p>\n<p>Dieser Taekwondo Dobok ist die erste Wahl f\u00fcr alle, die einen technischen Kimono suchen, der robust und bequem ist, um ihr Training zu verbessern.<br \/>\nMit seinem eleganten Design und dem hochwertigen Stoff ist dieser Dobok perfekt f\u00fcr Trainer, die sich in ihrem Sport auszeichnen wollen.<\/p>\n","protected":false},"excerpt":{"rendered":"<p>Der Dobok Poomsae WT wurde f\u00fcr anspruchsvolle Kampfsportler entworfen und ist die perfekte Kleidung f\u00fcr Taekwondo und intensives Training. Dieser Dobok kombiniert Komfort, Leistung und \u00c4sthetik und entspricht den Qualit\u00e4tsstandards f\u00fcr Kampfsportger\u00e4te. Hergestellt aus einer Mischung von 35% Baumwolle und 65% Polyester bietet es optimale Atmungsaktivit\u00e4t, Bewegungsfreiheit und au\u00dfergew\u00f6hnliche Strapazierf?higkeit. Technische Daten: Ergonomische Jacke: V-Ausschnitt [&hellip;]<\/p>\n","protected":false},"featured_media":489458,"comment_status":"open","ping_status":"closed","template":"","meta":{"inline_featured_image":false},"product_brand":[],"product_cat":[2289,2168],"product_tag":[2178],"sport":[],"class_list":{"0":"post-489746","1":"product","2":"type-product","3":"status-publish","4":"has-post-thumbnail","6":"product_cat-kimono-dobok-adidas-de","7":"product_cat-taekwondo-dobok-kleidung","8":"product_tag-adidas-de","9":"pa_size-380","10":"pa_size-379","11":"pa_size-378","12":"pa_size-377","13":"pa_size-376","14":"pa_size-383","15":"pa_size-382","17":"first","18":"instock","19":"taxable","20":"shipping-taxable","21":"purchasable","22":"product-type-variable"},"yoast_head":"<!-- This site is optimized with the Yoast SEO plugin v27.2 - https:\/\/yoast.com\/product\/yoast-seo-wordpress\/ -->\n<title>DOBOK POOMSAE ERWACHSENE M\u00c4NNER &#8211; Daisho<\/title>\n<meta name=\"description\" content=\"Der Dobok-poomsae ist ein Kimono, der Leistung und \u00c4sthetik f\u00fcr Taekwondo-Spezialisten vereint. Kaufen Sie ihn auf unserer Website www.daisho.be\/ Daisho\" \/>\n<meta name=\"robots\" content=\"index, follow, max-snippet:-1, max-image-preview:large, max-video-preview:-1\" \/>\n<link rel=\"canonical\" href=\"https:\/\/www.daisho.be\/de\/produit\/dobok-poomsae-adult-homme\/\" \/>\n<meta property=\"og:locale\" content=\"de_DE\" \/>\n<meta property=\"og:type\" content=\"article\" \/>\n<meta property=\"og:title\" content=\"DOBOK POOMSAE ERWACHSENE M\u00c4NNER &#8211; Daisho\" \/>\n<meta property=\"og:description\" content=\"Der Dobok-poomsae ist ein Kimono, der Leistung und \u00c4sthetik f\u00fcr Taekwondo-Spezialisten vereint. Kaufen Sie ihn auf unserer Website www.daisho.be\/ Daisho\" \/>\n<meta property=\"og:url\" content=\"https:\/\/www.daisho.be\/de\/produit\/dobok-poomsae-adult-homme\/\" \/>\n<meta property=\"og:site_name\" content=\"Daisho\" \/>\n<meta property=\"article:modified_time\" content=\"2025-10-21T19:12:17+00:00\" \/>\n<meta property=\"og:image\" content=\"https:\/\/www.daisho.be\/wp-content\/uploads\/2025\/02\/image-5.png\" \/>\n\t<meta property=\"og:image:width\" content=\"467\" \/>\n\t<meta property=\"og:image:height\" content=\"695\" \/>\n\t<meta property=\"og:image:type\" content=\"image\/png\" \/>\n<meta name=\"twitter:card\" content=\"summary_large_image\" \/>\n<meta name=\"twitter:label1\" content=\"Gesch\u00e4tzte Lesezeit\" \/>\n\t<meta name=\"twitter:data1\" content=\"1\u00a0Minute\" \/>\n<script type=\"application\/ld+json\" class=\"yoast-schema-graph\">{\"@context\":\"https:\/\/schema.org\",\"@graph\":[{\"@type\":\"WebPage\",\"@id\":\"https:\/\/www.daisho.be\/de\/produit\/dobok-poomsae-adult-homme\/\",\"url\":\"https:\/\/www.daisho.be\/de\/produit\/dobok-poomsae-adult-homme\/\",\"name\":\"DOBOK POOMSAE ERWACHSENE M\u00c4NNER &#8211; Daisho\",\"isPartOf\":{\"@id\":\"https:\/\/www.daisho.be\/de\/#website\"},\"primaryImageOfPage\":{\"@id\":\"https:\/\/www.daisho.be\/de\/produit\/dobok-poomsae-adult-homme\/#primaryimage\"},\"image\":{\"@id\":\"https:\/\/www.daisho.be\/de\/produit\/dobok-poomsae-adult-homme\/#primaryimage\"},\"thumbnailUrl\":\"https:\/\/www.daisho.be\/wp-content\/uploads\/2025\/02\/image-5.png\",\"datePublished\":\"2025-02-03T10:02:34+00:00\",\"dateModified\":\"2025-10-21T19:12:17+00:00\",\"description\":\"Der Dobok-poomsae ist ein Kimono, der Leistung und \u00c4sthetik f\u00fcr Taekwondo-Spezialisten vereint. Kaufen Sie ihn auf unserer Website www.daisho.be\/ Daisho\",\"breadcrumb\":{\"@id\":\"https:\/\/www.daisho.be\/de\/produit\/dobok-poomsae-adult-homme\/#breadcrumb\"},\"inLanguage\":\"de\",\"potentialAction\":[{\"@type\":\"ReadAction\",\"target\":[\"https:\/\/www.daisho.be\/de\/produit\/dobok-poomsae-adult-homme\/\"]}]},{\"@type\":\"ImageObject\",\"inLanguage\":\"de\",\"@id\":\"https:\/\/www.daisho.be\/de\/produit\/dobok-poomsae-adult-homme\/#primaryimage\",\"url\":\"https:\/\/www.daisho.be\/wp-content\/uploads\/2025\/02\/image-5.png\",\"contentUrl\":\"https:\/\/www.daisho.be\/wp-content\/uploads\/2025\/02\/image-5.png\",\"width\":467,\"height\":695,\"caption\":\"DOBOK POOMSAE ERWACHSENE MANN-1\"},{\"@type\":\"BreadcrumbList\",\"@id\":\"https:\/\/www.daisho.be\/de\/produit\/dobok-poomsae-adult-homme\/#breadcrumb\",\"itemListElement\":[{\"@type\":\"ListItem\",\"position\":1,\"name\":\"Accueil\",\"item\":\"https:\/\/www.daisho.be\/de\/\"},{\"@type\":\"ListItem\",\"position\":2,\"name\":\"Produkte\",\"item\":\"https:\/\/www.daisho.be\/de\/produkte\/\"},{\"@type\":\"ListItem\",\"position\":3,\"name\":\"ADIDAS COMBAT SPORTS\",\"item\":\"https:\/\/www.daisho.be\/de\/categorie-produit\/adidas-combat-sports-de\/\"},{\"@type\":\"ListItem\",\"position\":4,\"name\":\"Taekwondo\",\"item\":\"https:\/\/www.daisho.be\/de\/categorie-produit\/adidas-combat-sports-de\/taekwondo-de\/\"},{\"@type\":\"ListItem\",\"position\":5,\"name\":\"Kimono - Dobok Adidas\",\"item\":\"https:\/\/www.daisho.be\/de\/categorie-produit\/adidas-combat-sports-de\/taekwondo-de\/kimono-dobok-adidas-de\/\"},{\"@type\":\"ListItem\",\"position\":6,\"name\":\"DOBOK POOMSAE ERWACHSENE M\u00c4NNER\"}]},{\"@type\":\"WebSite\",\"@id\":\"https:\/\/www.daisho.be\/de\/#website\",\"url\":\"https:\/\/www.daisho.be\/de\/\",\"name\":\"Daisho\",\"description\":\"Sp&eacute;cialiste de l'&eacute;quipement sportif d'arts martiaux\",\"publisher\":{\"@id\":\"https:\/\/www.daisho.be\/de\/#organization\"},\"potentialAction\":[{\"@type\":\"SearchAction\",\"target\":{\"@type\":\"EntryPoint\",\"urlTemplate\":\"https:\/\/www.daisho.be\/de\/?s={search_term_string}\"},\"query-input\":{\"@type\":\"PropertyValueSpecification\",\"valueRequired\":true,\"valueName\":\"search_term_string\"}}],\"inLanguage\":\"de\"},{\"@type\":\"Organization\",\"@id\":\"https:\/\/www.daisho.be\/de\/#organization\",\"name\":\"Daisho\",\"url\":\"https:\/\/www.daisho.be\/de\/\",\"logo\":{\"@type\":\"ImageObject\",\"inLanguage\":\"de\",\"@id\":\"https:\/\/www.daisho.be\/de\/#\/schema\/logo\/image\/\",\"url\":\"https:\/\/www.daisho.be\/wp-content\/uploads\/2019\/07\/color-nothing-horizontale4x-e1564486100247.png\",\"contentUrl\":\"https:\/\/www.daisho.be\/wp-content\/uploads\/2019\/07\/color-nothing-horizontale4x-e1564486100247.png\",\"width\":1547,\"height\":385,\"caption\":\"Daisho\"},\"image\":{\"@id\":\"https:\/\/www.daisho.be\/de\/#\/schema\/logo\/image\/\"}}]}<\/script>\n<!-- \/ Yoast SEO plugin. -->","yoast_head_json":{"title":"DOBOK POOMSAE ERWACHSENE M\u00c4NNER &#8211; Daisho","description":"Der Dobok-poomsae ist ein Kimono, der Leistung und \u00c4sthetik f\u00fcr Taekwondo-Spezialisten vereint. Kaufen Sie ihn auf unserer Website www.daisho.be\/ Daisho","robots":{"index":"index","follow":"follow","max-snippet":"max-snippet:-1","max-image-preview":"max-image-preview:large","max-video-preview":"max-video-preview:-1"},"canonical":"https:\/\/www.daisho.be\/de\/produit\/dobok-poomsae-adult-homme\/","og_locale":"de_DE","og_type":"article","og_title":"DOBOK POOMSAE ERWACHSENE M\u00c4NNER &#8211; Daisho","og_description":"Der Dobok-poomsae ist ein Kimono, der Leistung und \u00c4sthetik f\u00fcr Taekwondo-Spezialisten vereint. Kaufen Sie ihn auf unserer Website www.daisho.be\/ Daisho","og_url":"https:\/\/www.daisho.be\/de\/produit\/dobok-poomsae-adult-homme\/","og_site_name":"Daisho","article_modified_time":"2025-10-21T19:12:17+00:00","og_image":[{"width":467,"height":695,"url":"https:\/\/www.daisho.be\/wp-content\/uploads\/2025\/02\/image-5.png","type":"image\/png"}],"twitter_card":"summary_large_image","twitter_misc":{"Gesch\u00e4tzte Lesezeit":"1\u00a0Minute"},"schema":{"@context":"https:\/\/schema.org","@graph":[{"@type":"WebPage","@id":"https:\/\/www.daisho.be\/de\/produit\/dobok-poomsae-adult-homme\/","url":"https:\/\/www.daisho.be\/de\/produit\/dobok-poomsae-adult-homme\/","name":"DOBOK POOMSAE ERWACHSENE M\u00c4NNER &#8211; Daisho","isPartOf":{"@id":"https:\/\/www.daisho.be\/de\/#website"},"primaryImageOfPage":{"@id":"https:\/\/www.daisho.be\/de\/produit\/dobok-poomsae-adult-homme\/#primaryimage"},"image":{"@id":"https:\/\/www.daisho.be\/de\/produit\/dobok-poomsae-adult-homme\/#primaryimage"},"thumbnailUrl":"https:\/\/www.daisho.be\/wp-content\/uploads\/2025\/02\/image-5.png","datePublished":"2025-02-03T10:02:34+00:00","dateModified":"2025-10-21T19:12:17+00:00","description":"Der Dobok-poomsae ist ein Kimono, der Leistung und \u00c4sthetik f\u00fcr Taekwondo-Spezialisten vereint. Kaufen Sie ihn auf unserer Website www.daisho.be\/ Daisho","breadcrumb":{"@id":"https:\/\/www.daisho.be\/de\/produit\/dobok-poomsae-adult-homme\/#breadcrumb"},"inLanguage":"de","potentialAction":[{"@type":"ReadAction","target":["https:\/\/www.daisho.be\/de\/produit\/dobok-poomsae-adult-homme\/"]}]},{"@type":"ImageObject","inLanguage":"de","@id":"https:\/\/www.daisho.be\/de\/produit\/dobok-poomsae-adult-homme\/#primaryimage","url":"https:\/\/www.daisho.be\/wp-content\/uploads\/2025\/02\/image-5.png","contentUrl":"https:\/\/www.daisho.be\/wp-content\/uploads\/2025\/02\/image-5.png","width":467,"height":695,"caption":"DOBOK POOMSAE ERWACHSENE MANN-1"},{"@type":"BreadcrumbList","@id":"https:\/\/www.daisho.be\/de\/produit\/dobok-poomsae-adult-homme\/#breadcrumb","itemListElement":[{"@type":"ListItem","position":1,"name":"Accueil","item":"https:\/\/www.daisho.be\/de\/"},{"@type":"ListItem","position":2,"name":"Produkte","item":"https:\/\/www.daisho.be\/de\/produkte\/"},{"@type":"ListItem","position":3,"name":"ADIDAS COMBAT SPORTS","item":"https:\/\/www.daisho.be\/de\/categorie-produit\/adidas-combat-sports-de\/"},{"@type":"ListItem","position":4,"name":"Taekwondo","item":"https:\/\/www.daisho.be\/de\/categorie-produit\/adidas-combat-sports-de\/taekwondo-de\/"},{"@type":"ListItem","position":5,"name":"Kimono - Dobok Adidas","item":"https:\/\/www.daisho.be\/de\/categorie-produit\/adidas-combat-sports-de\/taekwondo-de\/kimono-dobok-adidas-de\/"},{"@type":"ListItem","position":6,"name":"DOBOK POOMSAE ERWACHSENE M\u00c4NNER"}]},{"@type":"WebSite","@id":"https:\/\/www.daisho.be\/de\/#website","url":"https:\/\/www.daisho.be\/de\/","name":"Daisho","description":"Sp&eacute;cialiste de l'&eacute;quipement sportif d'arts martiaux","publisher":{"@id":"https:\/\/www.daisho.be\/de\/#organization"},"potentialAction":[{"@type":"SearchAction","target":{"@type":"EntryPoint","urlTemplate":"https:\/\/www.daisho.be\/de\/?s={search_term_string}"},"query-input":{"@type":"PropertyValueSpecification","valueRequired":true,"valueName":"search_term_string"}}],"inLanguage":"de"},{"@type":"Organization","@id":"https:\/\/www.daisho.be\/de\/#organization","name":"Daisho","url":"https:\/\/www.daisho.be\/de\/","logo":{"@type":"ImageObject","inLanguage":"de","@id":"https:\/\/www.daisho.be\/de\/#\/schema\/logo\/image\/","url":"https:\/\/www.daisho.be\/wp-content\/uploads\/2019\/07\/color-nothing-horizontale4x-e1564486100247.png","contentUrl":"https:\/\/www.daisho.be\/wp-content\/uploads\/2019\/07\/color-nothing-horizontale4x-e1564486100247.png","width":1547,"height":385,"caption":"Daisho"},"image":{"@id":"https:\/\/www.daisho.be\/de\/#\/schema\/logo\/image\/"}}]}},"_links":{"self":[{"href":"https:\/\/www.daisho.be\/de\/wp-json\/wp\/v2\/product\/489746","targetHints":{"allow":["GET"]}}],"collection":[{"href":"https:\/\/www.daisho.be\/de\/wp-json\/wp\/v2\/product"}],"about":[{"href":"https:\/\/www.daisho.be\/de\/wp-json\/wp\/v2\/types\/product"}],"replies":[{"embeddable":true,"href":"https:\/\/www.daisho.be\/de\/wp-json\/wp\/v2\/comments?post=489746"}],"wp:featuredmedia":[{"embeddable":true,"href":"https:\/\/www.daisho.be\/de\/wp-json\/wp\/v2\/media\/489458"}],"wp:attachment":[{"href":"https:\/\/www.daisho.be\/de\/wp-json\/wp\/v2\/media?parent=489746"}],"wp:term":[{"taxonomy":"product_brand","embeddable":true,"href":"https:\/\/www.daisho.be\/de\/wp-json\/wp\/v2\/product_brand?post=489746"},{"taxonomy":"product_cat","embeddable":true,"href":"https:\/\/www.daisho.be\/de\/wp-json\/wp\/v2\/product_cat?post=489746"},{"taxonomy":"product_tag","embeddable":true,"href":"https:\/\/www.daisho.be\/de\/wp-json\/wp\/v2\/product_tag?post=489746"},{"taxonomy":"sport","embeddable":true,"href":"https:\/\/www.daisho.be\/de\/wp-json\/wp\/v2\/sport?post=489746"}],"curies":[{"name":"wp","href":"https:\/\/api.w.org\/{rel}","templated":true}]}}