{"id":481869,"date":"2025-01-07T10:50:51","date_gmt":"2025-01-07T09:50:51","guid":{"rendered":"https:\/\/www.daisho.be\/produit\/take-premium-keikogi-jacke\/"},"modified":"2026-05-05T10:05:32","modified_gmt":"2026-05-05T08:05:32","slug":"take-premium-keikogi-jacke","status":"publish","type":"product","link":"https:\/\/www.daisho.be\/de\/produit\/take-premium-keikogi-jacke\/","title":{"rendered":"Take Premium Keikogi Jacke"},"content":{"rendered":"<p>Die Take Jacke ist aus einem dicken, strapazierf\u00e4higen Baumwollstoff gefertigt, der vorne ab dem Oberschenkel gef\u00fcttert wurde, um die Jacke f\u00fcr den anspruchsvollen Suwariwaza des Aikido zu verst\u00e4rken.<br \/>\nDer Rest der Jacke ist aus einer einzigen Lage Baumwollcanvas gefertigt, wodurch sie schneller trocknet und angenehmer zu tragen ist.<br \/>\nSie k\u00f6nnen mit Hilfe der Schn\u00fcre an den Seiten festgezogen und befestigt werden.<br \/>\nSie wurde so entworfen, dass sie robust und leicht zu tragen ist und den Bewegungen, die Aikido-Praktizierenden eigen sind, standh\u00e4lt.<br \/>\nDiese Jacken werden von unseren erfahrenen Schneidern in der Tozando Werkstatt in Iwate, Japan, hergestellt.<\/p>\n<p>Charakteristika:<br \/>\n&#8211; Hergestellt aus 100% Baumwolle<br \/>\n&#8211; Sashiko-Webung auf der Oberseite und Hishizashi-Muster auf der Unterseite<br \/>\n&#8211; Regular Fit und Slim Fit &#8222;Y Type&#8220; sind erh\u00e4ltlich.<br \/>\n&#8211; Empfohlen f\u00fcr Anf\u00e4nger und fortgeschrittene Praktizierende<\/p>\n","protected":false},"excerpt":{"rendered":"<p>Die Take Jacke ist aus einem dicken, strapazierf\u00e4higen Baumwollstoff gefertigt, der vorne ab dem Oberschenkel gef\u00fcttert wurde, um die Jacke f\u00fcr den anspruchsvollen Suwariwaza des Aikido zu verst\u00e4rken. Der Rest der Jacke ist aus einer einzigen Lage Baumwollcanvas gefertigt, wodurch sie schneller trocknet und angenehmer zu tragen ist. Sie k\u00f6nnen mit Hilfe der Schn\u00fcre an [&hellip;]<\/p>\n","protected":false},"featured_media":480537,"comment_status":"open","ping_status":"closed","template":"","meta":{"inline_featured_image":false},"product_brand":[],"product_cat":[2127,2118],"product_tag":[2332],"sport":[],"class_list":{"0":"post-481869","1":"product","2":"type-product","3":"status-publish","4":"has-post-thumbnail","6":"product_cat-aikido-kimonos-de","7":"product_cat-kleidung-kimonos","8":"product_tag-tozando-de","9":"pa_size-87","10":"pa_size-1148","11":"pa_size-86","12":"pa_size-25-2","13":"pa_size-85","14":"pa_size-35-2","15":"pa_size-84","16":"pa_size-45-2","17":"pa_size-83","19":"first","20":"instock","21":"taxable","22":"shipping-taxable","23":"purchasable","24":"product-type-variable"},"yoast_head":"<!-- This site is optimized with the Yoast SEO plugin v27.2 - https:\/\/yoast.com\/product\/yoast-seo-wordpress\/ -->\n<title>Take Premium Keikogi Jacke &#8211; Daisho<\/title>\n<meta name=\"description\" content=\"Take Aikido Jacke aus 100% Baumwolle, verst\u00e4rkt f\u00fcr Suwariwaza, Sashiko-Webung. Hergestellt in Japan. Finden Sie sie auf www.daisho.be|Daisho\" \/>\n<meta name=\"robots\" content=\"index, follow, max-snippet:-1, max-image-preview:large, max-video-preview:-1\" \/>\n<link rel=\"canonical\" href=\"https:\/\/www.daisho.be\/de\/produit\/take-premium-keikogi-jacke\/\" \/>\n<meta property=\"og:locale\" content=\"de_DE\" \/>\n<meta property=\"og:type\" content=\"article\" \/>\n<meta property=\"og:title\" content=\"Take Premium Keikogi Jacke &#8211; Daisho\" \/>\n<meta property=\"og:description\" content=\"Take Aikido Jacke aus 100% Baumwolle, verst\u00e4rkt f\u00fcr Suwariwaza, Sashiko-Webung. Hergestellt in Japan. Finden Sie sie auf www.daisho.be|Daisho\" \/>\n<meta property=\"og:url\" content=\"https:\/\/www.daisho.be\/de\/produit\/take-premium-keikogi-jacke\/\" \/>\n<meta property=\"og:site_name\" content=\"Daisho\" \/>\n<meta property=\"article:modified_time\" content=\"2026-05-05T08:05:32+00:00\" \/>\n<meta property=\"og:image\" content=\"https:\/\/www.daisho.be\/wp-content\/uploads\/2025\/01\/image.webp\" \/>\n\t<meta property=\"og:image:width\" content=\"600\" \/>\n\t<meta property=\"og:image:height\" content=\"600\" \/>\n\t<meta property=\"og:image:type\" content=\"image\/webp\" \/>\n<meta name=\"twitter:card\" content=\"summary_large_image\" \/>\n<meta name=\"twitter:label1\" content=\"Gesch\u00e4tzte Lesezeit\" \/>\n\t<meta name=\"twitter:data1\" content=\"1\u00a0Minute\" \/>\n<script type=\"application\/ld+json\" class=\"yoast-schema-graph\">{\"@context\":\"https:\/\/schema.org\",\"@graph\":[{\"@type\":\"WebPage\",\"@id\":\"https:\/\/www.daisho.be\/de\/produit\/take-premium-keikogi-jacke\/\",\"url\":\"https:\/\/www.daisho.be\/de\/produit\/take-premium-keikogi-jacke\/\",\"name\":\"Take Premium Keikogi Jacke &#8211; Daisho\",\"isPartOf\":{\"@id\":\"https:\/\/www.daisho.be\/de\/#website\"},\"primaryImageOfPage\":{\"@id\":\"https:\/\/www.daisho.be\/de\/produit\/take-premium-keikogi-jacke\/#primaryimage\"},\"image\":{\"@id\":\"https:\/\/www.daisho.be\/de\/produit\/take-premium-keikogi-jacke\/#primaryimage\"},\"thumbnailUrl\":\"https:\/\/www.daisho.be\/wp-content\/uploads\/2025\/01\/image.webp\",\"datePublished\":\"2025-01-07T09:50:51+00:00\",\"dateModified\":\"2026-05-05T08:05:32+00:00\",\"description\":\"Take Aikido Jacke aus 100% Baumwolle, verst\u00e4rkt f\u00fcr Suwariwaza, Sashiko-Webung. Hergestellt in Japan. Finden Sie sie auf www.daisho.be|Daisho\",\"breadcrumb\":{\"@id\":\"https:\/\/www.daisho.be\/de\/produit\/take-premium-keikogi-jacke\/#breadcrumb\"},\"inLanguage\":\"de\",\"potentialAction\":[{\"@type\":\"ReadAction\",\"target\":[\"https:\/\/www.daisho.be\/de\/produit\/take-premium-keikogi-jacke\/\"]}]},{\"@type\":\"ImageObject\",\"inLanguage\":\"de\",\"@id\":\"https:\/\/www.daisho.be\/de\/produit\/take-premium-keikogi-jacke\/#primaryimage\",\"url\":\"https:\/\/www.daisho.be\/wp-content\/uploads\/2025\/01\/image.webp\",\"contentUrl\":\"https:\/\/www.daisho.be\/wp-content\/uploads\/2025\/01\/image.webp\",\"width\":600,\"height\":600,\"caption\":\"Take Premium-1 Keikogi Jacke\"},{\"@type\":\"BreadcrumbList\",\"@id\":\"https:\/\/www.daisho.be\/de\/produit\/take-premium-keikogi-jacke\/#breadcrumb\",\"itemListElement\":[{\"@type\":\"ListItem\",\"position\":1,\"name\":\"Accueil\",\"item\":\"https:\/\/www.daisho.be\/de\/\"},{\"@type\":\"ListItem\",\"position\":2,\"name\":\"Produkte\",\"item\":\"https:\/\/www.daisho.be\/de\/produkte\/\"},{\"@type\":\"ListItem\",\"position\":3,\"name\":\"Ausr\u00fcstung und Kleidung f\u00fcr Kampfkunst und Kampfsport\",\"item\":\"https:\/\/www.daisho.be\/de\/categorie-produit\/ausrustung-und-kleidung-fur-kampfkunst-und-kampfsport\/\"},{\"@type\":\"ListItem\",\"position\":4,\"name\":\"A\u00efkido\",\"item\":\"https:\/\/www.daisho.be\/de\/categorie-produit\/ausrustung-und-kleidung-fur-kampfkunst-und-kampfsport\/aikido-de\/\"},{\"@type\":\"ListItem\",\"position\":5,\"name\":\"Aikido Kimonos\",\"item\":\"https:\/\/www.daisho.be\/de\/categorie-produit\/ausrustung-und-kleidung-fur-kampfkunst-und-kampfsport\/aikido-de\/aikido-kimonos-de\/\"},{\"@type\":\"ListItem\",\"position\":6,\"name\":\"Take Premium Keikogi Jacke\"}]},{\"@type\":\"WebSite\",\"@id\":\"https:\/\/www.daisho.be\/de\/#website\",\"url\":\"https:\/\/www.daisho.be\/de\/\",\"name\":\"Daisho\",\"description\":\"Sp&eacute;cialiste de l'&eacute;quipement sportif d'arts martiaux\",\"publisher\":{\"@id\":\"https:\/\/www.daisho.be\/de\/#organization\"},\"potentialAction\":[{\"@type\":\"SearchAction\",\"target\":{\"@type\":\"EntryPoint\",\"urlTemplate\":\"https:\/\/www.daisho.be\/de\/?s={search_term_string}\"},\"query-input\":{\"@type\":\"PropertyValueSpecification\",\"valueRequired\":true,\"valueName\":\"search_term_string\"}}],\"inLanguage\":\"de\"},{\"@type\":\"Organization\",\"@id\":\"https:\/\/www.daisho.be\/de\/#organization\",\"name\":\"Daisho\",\"url\":\"https:\/\/www.daisho.be\/de\/\",\"logo\":{\"@type\":\"ImageObject\",\"inLanguage\":\"de\",\"@id\":\"https:\/\/www.daisho.be\/de\/#\/schema\/logo\/image\/\",\"url\":\"https:\/\/www.daisho.be\/wp-content\/uploads\/2019\/07\/color-nothing-horizontale4x-e1564486100247.png\",\"contentUrl\":\"https:\/\/www.daisho.be\/wp-content\/uploads\/2019\/07\/color-nothing-horizontale4x-e1564486100247.png\",\"width\":1547,\"height\":385,\"caption\":\"Daisho\"},\"image\":{\"@id\":\"https:\/\/www.daisho.be\/de\/#\/schema\/logo\/image\/\"}}]}<\/script>\n<!-- \/ Yoast SEO plugin. -->","yoast_head_json":{"title":"Take Premium Keikogi Jacke &#8211; Daisho","description":"Take Aikido Jacke aus 100% Baumwolle, verst\u00e4rkt f\u00fcr Suwariwaza, Sashiko-Webung. Hergestellt in Japan. Finden Sie sie auf www.daisho.be|Daisho","robots":{"index":"index","follow":"follow","max-snippet":"max-snippet:-1","max-image-preview":"max-image-preview:large","max-video-preview":"max-video-preview:-1"},"canonical":"https:\/\/www.daisho.be\/de\/produit\/take-premium-keikogi-jacke\/","og_locale":"de_DE","og_type":"article","og_title":"Take Premium Keikogi Jacke &#8211; Daisho","og_description":"Take Aikido Jacke aus 100% Baumwolle, verst\u00e4rkt f\u00fcr Suwariwaza, Sashiko-Webung. Hergestellt in Japan. Finden Sie sie auf www.daisho.be|Daisho","og_url":"https:\/\/www.daisho.be\/de\/produit\/take-premium-keikogi-jacke\/","og_site_name":"Daisho","article_modified_time":"2026-05-05T08:05:32+00:00","og_image":[{"width":600,"height":600,"url":"https:\/\/www.daisho.be\/wp-content\/uploads\/2025\/01\/image.webp","type":"image\/webp"}],"twitter_card":"summary_large_image","twitter_misc":{"Gesch\u00e4tzte Lesezeit":"1\u00a0Minute"},"schema":{"@context":"https:\/\/schema.org","@graph":[{"@type":"WebPage","@id":"https:\/\/www.daisho.be\/de\/produit\/take-premium-keikogi-jacke\/","url":"https:\/\/www.daisho.be\/de\/produit\/take-premium-keikogi-jacke\/","name":"Take Premium Keikogi Jacke &#8211; Daisho","isPartOf":{"@id":"https:\/\/www.daisho.be\/de\/#website"},"primaryImageOfPage":{"@id":"https:\/\/www.daisho.be\/de\/produit\/take-premium-keikogi-jacke\/#primaryimage"},"image":{"@id":"https:\/\/www.daisho.be\/de\/produit\/take-premium-keikogi-jacke\/#primaryimage"},"thumbnailUrl":"https:\/\/www.daisho.be\/wp-content\/uploads\/2025\/01\/image.webp","datePublished":"2025-01-07T09:50:51+00:00","dateModified":"2026-05-05T08:05:32+00:00","description":"Take Aikido Jacke aus 100% Baumwolle, verst\u00e4rkt f\u00fcr Suwariwaza, Sashiko-Webung. Hergestellt in Japan. Finden Sie sie auf www.daisho.be|Daisho","breadcrumb":{"@id":"https:\/\/www.daisho.be\/de\/produit\/take-premium-keikogi-jacke\/#breadcrumb"},"inLanguage":"de","potentialAction":[{"@type":"ReadAction","target":["https:\/\/www.daisho.be\/de\/produit\/take-premium-keikogi-jacke\/"]}]},{"@type":"ImageObject","inLanguage":"de","@id":"https:\/\/www.daisho.be\/de\/produit\/take-premium-keikogi-jacke\/#primaryimage","url":"https:\/\/www.daisho.be\/wp-content\/uploads\/2025\/01\/image.webp","contentUrl":"https:\/\/www.daisho.be\/wp-content\/uploads\/2025\/01\/image.webp","width":600,"height":600,"caption":"Take Premium-1 Keikogi Jacke"},{"@type":"BreadcrumbList","@id":"https:\/\/www.daisho.be\/de\/produit\/take-premium-keikogi-jacke\/#breadcrumb","itemListElement":[{"@type":"ListItem","position":1,"name":"Accueil","item":"https:\/\/www.daisho.be\/de\/"},{"@type":"ListItem","position":2,"name":"Produkte","item":"https:\/\/www.daisho.be\/de\/produkte\/"},{"@type":"ListItem","position":3,"name":"Ausr\u00fcstung und Kleidung f\u00fcr Kampfkunst und Kampfsport","item":"https:\/\/www.daisho.be\/de\/categorie-produit\/ausrustung-und-kleidung-fur-kampfkunst-und-kampfsport\/"},{"@type":"ListItem","position":4,"name":"A\u00efkido","item":"https:\/\/www.daisho.be\/de\/categorie-produit\/ausrustung-und-kleidung-fur-kampfkunst-und-kampfsport\/aikido-de\/"},{"@type":"ListItem","position":5,"name":"Aikido Kimonos","item":"https:\/\/www.daisho.be\/de\/categorie-produit\/ausrustung-und-kleidung-fur-kampfkunst-und-kampfsport\/aikido-de\/aikido-kimonos-de\/"},{"@type":"ListItem","position":6,"name":"Take Premium Keikogi Jacke"}]},{"@type":"WebSite","@id":"https:\/\/www.daisho.be\/de\/#website","url":"https:\/\/www.daisho.be\/de\/","name":"Daisho","description":"Sp&eacute;cialiste de l'&eacute;quipement sportif d'arts martiaux","publisher":{"@id":"https:\/\/www.daisho.be\/de\/#organization"},"potentialAction":[{"@type":"SearchAction","target":{"@type":"EntryPoint","urlTemplate":"https:\/\/www.daisho.be\/de\/?s={search_term_string}"},"query-input":{"@type":"PropertyValueSpecification","valueRequired":true,"valueName":"search_term_string"}}],"inLanguage":"de"},{"@type":"Organization","@id":"https:\/\/www.daisho.be\/de\/#organization","name":"Daisho","url":"https:\/\/www.daisho.be\/de\/","logo":{"@type":"ImageObject","inLanguage":"de","@id":"https:\/\/www.daisho.be\/de\/#\/schema\/logo\/image\/","url":"https:\/\/www.daisho.be\/wp-content\/uploads\/2019\/07\/color-nothing-horizontale4x-e1564486100247.png","contentUrl":"https:\/\/www.daisho.be\/wp-content\/uploads\/2019\/07\/color-nothing-horizontale4x-e1564486100247.png","width":1547,"height":385,"caption":"Daisho"},"image":{"@id":"https:\/\/www.daisho.be\/de\/#\/schema\/logo\/image\/"}}]}},"_links":{"self":[{"href":"https:\/\/www.daisho.be\/de\/wp-json\/wp\/v2\/product\/481869","targetHints":{"allow":["GET"]}}],"collection":[{"href":"https:\/\/www.daisho.be\/de\/wp-json\/wp\/v2\/product"}],"about":[{"href":"https:\/\/www.daisho.be\/de\/wp-json\/wp\/v2\/types\/product"}],"replies":[{"embeddable":true,"href":"https:\/\/www.daisho.be\/de\/wp-json\/wp\/v2\/comments?post=481869"}],"wp:featuredmedia":[{"embeddable":true,"href":"https:\/\/www.daisho.be\/de\/wp-json\/wp\/v2\/media\/480537"}],"wp:attachment":[{"href":"https:\/\/www.daisho.be\/de\/wp-json\/wp\/v2\/media?parent=481869"}],"wp:term":[{"taxonomy":"product_brand","embeddable":true,"href":"https:\/\/www.daisho.be\/de\/wp-json\/wp\/v2\/product_brand?post=481869"},{"taxonomy":"product_cat","embeddable":true,"href":"https:\/\/www.daisho.be\/de\/wp-json\/wp\/v2\/product_cat?post=481869"},{"taxonomy":"product_tag","embeddable":true,"href":"https:\/\/www.daisho.be\/de\/wp-json\/wp\/v2\/product_tag?post=481869"},{"taxonomy":"sport","embeddable":true,"href":"https:\/\/www.daisho.be\/de\/wp-json\/wp\/v2\/sport?post=481869"}],"curies":[{"name":"wp","href":"https:\/\/api.w.org\/{rel}","templated":true}]}}