{"id":479837,"date":"2025-01-03T12:27:18","date_gmt":"2025-01-03T11:27:18","guid":{"rendered":"https:\/\/www.daisho.be\/produit\/tokaido-schluesselanhaenger-mit-blauem-handschuh\/"},"modified":"2026-02-17T15:30:49","modified_gmt":"2026-02-17T14:30:49","slug":"tokaido-schluesselanhaenger-mit-blauem-handschuh","status":"publish","type":"product","link":"https:\/\/www.daisho.be\/de\/produit\/tokaido-schluesselanhaenger-mit-blauem-handschuh\/","title":{"rendered":"TOKAIDO SCHL\u00dcSSELANH\u00c4NGER MIT BLAUEM HANDSCHUH"},"content":{"rendered":"<p>Tokaido Handschuh-Schl\u00fcsselanh\u00e4nger, blau.<\/p>\n","protected":false},"excerpt":{"rendered":"<p>Tokaido Handschuh-Schl\u00fcsselanh\u00e4nger, blau.<\/p>\n","protected":false},"featured_media":479825,"comment_status":"open","ping_status":"closed","template":"","meta":{"inline_featured_image":false},"product_brand":[],"product_cat":[2003,2062],"product_tag":[2004],"sport":[],"class_list":{"0":"post-479837","1":"product","2":"type-product","3":"status-publish","4":"has-post-thumbnail","6":"product_cat-geschenke","7":"product_cat-karate-schutzkleidung","8":"product_tag-tokaido-de","10":"first","11":"instock","12":"taxable","13":"shipping-taxable","14":"purchasable","15":"product-type-simple"},"yoast_head":"<!-- This site is optimized with the Yoast SEO plugin v27.2 - https:\/\/yoast.com\/product\/yoast-seo-wordpress\/ -->\n<title>TOKAIDO SCHL\u00dcSSELANH\u00c4NGER MIT BLAUEM HANDSCHUH &#8211; Daisho<\/title>\n<meta name=\"description\" content=\"Blauer Karate-Handschuh Schl\u00fcsselanh\u00e4nger, ideal als Geschenk oder Andenken f\u00fcr Karate-Liebhaber. Finden Sie ihn unter www.daisho.be | Daisho\" \/>\n<meta name=\"robots\" content=\"index, follow, max-snippet:-1, max-image-preview:large, max-video-preview:-1\" \/>\n<link rel=\"canonical\" href=\"https:\/\/www.daisho.be\/de\/produit\/tokaido-schluesselanhaenger-mit-blauem-handschuh\/\" \/>\n<meta property=\"og:locale\" content=\"de_DE\" \/>\n<meta property=\"og:type\" content=\"article\" \/>\n<meta property=\"og:title\" content=\"TOKAIDO SCHL\u00dcSSELANH\u00c4NGER MIT BLAUEM HANDSCHUH &#8211; Daisho\" \/>\n<meta property=\"og:description\" content=\"Blauer Karate-Handschuh Schl\u00fcsselanh\u00e4nger, ideal als Geschenk oder Andenken f\u00fcr Karate-Liebhaber. Finden Sie ihn unter www.daisho.be | Daisho\" \/>\n<meta property=\"og:url\" content=\"https:\/\/www.daisho.be\/de\/produit\/tokaido-schluesselanhaenger-mit-blauem-handschuh\/\" \/>\n<meta property=\"og:site_name\" content=\"Daisho\" \/>\n<meta property=\"article:modified_time\" content=\"2026-02-17T14:30:49+00:00\" \/>\n<meta property=\"og:image\" content=\"https:\/\/www.daisho.be\/wp-content\/uploads\/2025\/01\/image-6.jpg\" \/>\n\t<meta property=\"og:image:width\" content=\"1226\" \/>\n\t<meta property=\"og:image:height\" content=\"1732\" \/>\n\t<meta property=\"og:image:type\" content=\"image\/jpeg\" \/>\n<meta name=\"twitter:card\" content=\"summary_large_image\" \/>\n<script type=\"application\/ld+json\" class=\"yoast-schema-graph\">{\"@context\":\"https:\/\/schema.org\",\"@graph\":[{\"@type\":\"WebPage\",\"@id\":\"https:\/\/www.daisho.be\/de\/produit\/tokaido-schluesselanhaenger-mit-blauem-handschuh\/\",\"url\":\"https:\/\/www.daisho.be\/de\/produit\/tokaido-schluesselanhaenger-mit-blauem-handschuh\/\",\"name\":\"TOKAIDO SCHL\u00dcSSELANH\u00c4NGER MIT BLAUEM HANDSCHUH &#8211; Daisho\",\"isPartOf\":{\"@id\":\"https:\/\/www.daisho.be\/de\/#website\"},\"primaryImageOfPage\":{\"@id\":\"https:\/\/www.daisho.be\/de\/produit\/tokaido-schluesselanhaenger-mit-blauem-handschuh\/#primaryimage\"},\"image\":{\"@id\":\"https:\/\/www.daisho.be\/de\/produit\/tokaido-schluesselanhaenger-mit-blauem-handschuh\/#primaryimage\"},\"thumbnailUrl\":\"https:\/\/www.daisho.be\/wp-content\/uploads\/2025\/01\/image-6.jpg\",\"datePublished\":\"2025-01-03T11:27:18+00:00\",\"dateModified\":\"2026-02-17T14:30:49+00:00\",\"description\":\"Blauer Karate-Handschuh Schl\u00fcsselanh\u00e4nger, ideal als Geschenk oder Andenken f\u00fcr Karate-Liebhaber. Finden Sie ihn unter www.daisho.be | Daisho\",\"breadcrumb\":{\"@id\":\"https:\/\/www.daisho.be\/de\/produit\/tokaido-schluesselanhaenger-mit-blauem-handschuh\/#breadcrumb\"},\"inLanguage\":\"de\",\"potentialAction\":[{\"@type\":\"ReadAction\",\"target\":[\"https:\/\/www.daisho.be\/de\/produit\/tokaido-schluesselanhaenger-mit-blauem-handschuh\/\"]}]},{\"@type\":\"ImageObject\",\"inLanguage\":\"de\",\"@id\":\"https:\/\/www.daisho.be\/de\/produit\/tokaido-schluesselanhaenger-mit-blauem-handschuh\/#primaryimage\",\"url\":\"https:\/\/www.daisho.be\/wp-content\/uploads\/2025\/01\/image-6.jpg\",\"contentUrl\":\"https:\/\/www.daisho.be\/wp-content\/uploads\/2025\/01\/image-6.jpg\",\"width\":1226,\"height\":1732,\"caption\":\"TOKAIDO SCHL\u00dcSSELANH\u00c4NGER MIT BLAUEM HANDSCHUH-1\"},{\"@type\":\"BreadcrumbList\",\"@id\":\"https:\/\/www.daisho.be\/de\/produit\/tokaido-schluesselanhaenger-mit-blauem-handschuh\/#breadcrumb\",\"itemListElement\":[{\"@type\":\"ListItem\",\"position\":1,\"name\":\"Accueil\",\"item\":\"https:\/\/www.daisho.be\/de\/\"},{\"@type\":\"ListItem\",\"position\":2,\"name\":\"Produkte\",\"item\":\"https:\/\/www.daisho.be\/de\/produkte\/\"},{\"@type\":\"ListItem\",\"position\":3,\"name\":\"Ausr\u00fcstung und Kleidung f\u00fcr Kampfkunst und Kampfsport\",\"item\":\"https:\/\/www.daisho.be\/de\/categorie-produit\/ausrustung-und-kleidung-fur-kampfkunst-und-kampfsport\/\"},{\"@type\":\"ListItem\",\"position\":4,\"name\":\"Karate\",\"item\":\"https:\/\/www.daisho.be\/de\/categorie-produit\/ausrustung-und-kleidung-fur-kampfkunst-und-kampfsport\/karate-de-2\/\"},{\"@type\":\"ListItem\",\"position\":5,\"name\":\"Karate-Schutzkleidung\",\"item\":\"https:\/\/www.daisho.be\/de\/categorie-produit\/ausrustung-und-kleidung-fur-kampfkunst-und-kampfsport\/karate-de-2\/karate-schutzkleidung\/\"},{\"@type\":\"ListItem\",\"position\":6,\"name\":\"TOKAIDO SCHL\u00dcSSELANH\u00c4NGER MIT BLAUEM HANDSCHUH\"}]},{\"@type\":\"WebSite\",\"@id\":\"https:\/\/www.daisho.be\/de\/#website\",\"url\":\"https:\/\/www.daisho.be\/de\/\",\"name\":\"Daisho\",\"description\":\"Sp&eacute;cialiste de l'&eacute;quipement sportif d'arts martiaux\",\"publisher\":{\"@id\":\"https:\/\/www.daisho.be\/de\/#organization\"},\"potentialAction\":[{\"@type\":\"SearchAction\",\"target\":{\"@type\":\"EntryPoint\",\"urlTemplate\":\"https:\/\/www.daisho.be\/de\/?s={search_term_string}\"},\"query-input\":{\"@type\":\"PropertyValueSpecification\",\"valueRequired\":true,\"valueName\":\"search_term_string\"}}],\"inLanguage\":\"de\"},{\"@type\":\"Organization\",\"@id\":\"https:\/\/www.daisho.be\/de\/#organization\",\"name\":\"Daisho\",\"url\":\"https:\/\/www.daisho.be\/de\/\",\"logo\":{\"@type\":\"ImageObject\",\"inLanguage\":\"de\",\"@id\":\"https:\/\/www.daisho.be\/de\/#\/schema\/logo\/image\/\",\"url\":\"https:\/\/www.daisho.be\/wp-content\/uploads\/2019\/07\/color-nothing-horizontale4x-e1564486100247.png\",\"contentUrl\":\"https:\/\/www.daisho.be\/wp-content\/uploads\/2019\/07\/color-nothing-horizontale4x-e1564486100247.png\",\"width\":1547,\"height\":385,\"caption\":\"Daisho\"},\"image\":{\"@id\":\"https:\/\/www.daisho.be\/de\/#\/schema\/logo\/image\/\"}}]}<\/script>\n<!-- \/ Yoast SEO plugin. -->","yoast_head_json":{"title":"TOKAIDO SCHL\u00dcSSELANH\u00c4NGER MIT BLAUEM HANDSCHUH &#8211; Daisho","description":"Blauer Karate-Handschuh Schl\u00fcsselanh\u00e4nger, ideal als Geschenk oder Andenken f\u00fcr Karate-Liebhaber. Finden Sie ihn unter www.daisho.be | Daisho","robots":{"index":"index","follow":"follow","max-snippet":"max-snippet:-1","max-image-preview":"max-image-preview:large","max-video-preview":"max-video-preview:-1"},"canonical":"https:\/\/www.daisho.be\/de\/produit\/tokaido-schluesselanhaenger-mit-blauem-handschuh\/","og_locale":"de_DE","og_type":"article","og_title":"TOKAIDO SCHL\u00dcSSELANH\u00c4NGER MIT BLAUEM HANDSCHUH &#8211; Daisho","og_description":"Blauer Karate-Handschuh Schl\u00fcsselanh\u00e4nger, ideal als Geschenk oder Andenken f\u00fcr Karate-Liebhaber. Finden Sie ihn unter www.daisho.be | Daisho","og_url":"https:\/\/www.daisho.be\/de\/produit\/tokaido-schluesselanhaenger-mit-blauem-handschuh\/","og_site_name":"Daisho","article_modified_time":"2026-02-17T14:30:49+00:00","og_image":[{"width":1226,"height":1732,"url":"https:\/\/www.daisho.be\/wp-content\/uploads\/2025\/01\/image-6.jpg","type":"image\/jpeg"}],"twitter_card":"summary_large_image","schema":{"@context":"https:\/\/schema.org","@graph":[{"@type":"WebPage","@id":"https:\/\/www.daisho.be\/de\/produit\/tokaido-schluesselanhaenger-mit-blauem-handschuh\/","url":"https:\/\/www.daisho.be\/de\/produit\/tokaido-schluesselanhaenger-mit-blauem-handschuh\/","name":"TOKAIDO SCHL\u00dcSSELANH\u00c4NGER MIT BLAUEM HANDSCHUH &#8211; Daisho","isPartOf":{"@id":"https:\/\/www.daisho.be\/de\/#website"},"primaryImageOfPage":{"@id":"https:\/\/www.daisho.be\/de\/produit\/tokaido-schluesselanhaenger-mit-blauem-handschuh\/#primaryimage"},"image":{"@id":"https:\/\/www.daisho.be\/de\/produit\/tokaido-schluesselanhaenger-mit-blauem-handschuh\/#primaryimage"},"thumbnailUrl":"https:\/\/www.daisho.be\/wp-content\/uploads\/2025\/01\/image-6.jpg","datePublished":"2025-01-03T11:27:18+00:00","dateModified":"2026-02-17T14:30:49+00:00","description":"Blauer Karate-Handschuh Schl\u00fcsselanh\u00e4nger, ideal als Geschenk oder Andenken f\u00fcr Karate-Liebhaber. Finden Sie ihn unter www.daisho.be | Daisho","breadcrumb":{"@id":"https:\/\/www.daisho.be\/de\/produit\/tokaido-schluesselanhaenger-mit-blauem-handschuh\/#breadcrumb"},"inLanguage":"de","potentialAction":[{"@type":"ReadAction","target":["https:\/\/www.daisho.be\/de\/produit\/tokaido-schluesselanhaenger-mit-blauem-handschuh\/"]}]},{"@type":"ImageObject","inLanguage":"de","@id":"https:\/\/www.daisho.be\/de\/produit\/tokaido-schluesselanhaenger-mit-blauem-handschuh\/#primaryimage","url":"https:\/\/www.daisho.be\/wp-content\/uploads\/2025\/01\/image-6.jpg","contentUrl":"https:\/\/www.daisho.be\/wp-content\/uploads\/2025\/01\/image-6.jpg","width":1226,"height":1732,"caption":"TOKAIDO SCHL\u00dcSSELANH\u00c4NGER MIT BLAUEM HANDSCHUH-1"},{"@type":"BreadcrumbList","@id":"https:\/\/www.daisho.be\/de\/produit\/tokaido-schluesselanhaenger-mit-blauem-handschuh\/#breadcrumb","itemListElement":[{"@type":"ListItem","position":1,"name":"Accueil","item":"https:\/\/www.daisho.be\/de\/"},{"@type":"ListItem","position":2,"name":"Produkte","item":"https:\/\/www.daisho.be\/de\/produkte\/"},{"@type":"ListItem","position":3,"name":"Ausr\u00fcstung und Kleidung f\u00fcr Kampfkunst und Kampfsport","item":"https:\/\/www.daisho.be\/de\/categorie-produit\/ausrustung-und-kleidung-fur-kampfkunst-und-kampfsport\/"},{"@type":"ListItem","position":4,"name":"Karate","item":"https:\/\/www.daisho.be\/de\/categorie-produit\/ausrustung-und-kleidung-fur-kampfkunst-und-kampfsport\/karate-de-2\/"},{"@type":"ListItem","position":5,"name":"Karate-Schutzkleidung","item":"https:\/\/www.daisho.be\/de\/categorie-produit\/ausrustung-und-kleidung-fur-kampfkunst-und-kampfsport\/karate-de-2\/karate-schutzkleidung\/"},{"@type":"ListItem","position":6,"name":"TOKAIDO SCHL\u00dcSSELANH\u00c4NGER MIT BLAUEM HANDSCHUH"}]},{"@type":"WebSite","@id":"https:\/\/www.daisho.be\/de\/#website","url":"https:\/\/www.daisho.be\/de\/","name":"Daisho","description":"Sp&eacute;cialiste de l'&eacute;quipement sportif d'arts martiaux","publisher":{"@id":"https:\/\/www.daisho.be\/de\/#organization"},"potentialAction":[{"@type":"SearchAction","target":{"@type":"EntryPoint","urlTemplate":"https:\/\/www.daisho.be\/de\/?s={search_term_string}"},"query-input":{"@type":"PropertyValueSpecification","valueRequired":true,"valueName":"search_term_string"}}],"inLanguage":"de"},{"@type":"Organization","@id":"https:\/\/www.daisho.be\/de\/#organization","name":"Daisho","url":"https:\/\/www.daisho.be\/de\/","logo":{"@type":"ImageObject","inLanguage":"de","@id":"https:\/\/www.daisho.be\/de\/#\/schema\/logo\/image\/","url":"https:\/\/www.daisho.be\/wp-content\/uploads\/2019\/07\/color-nothing-horizontale4x-e1564486100247.png","contentUrl":"https:\/\/www.daisho.be\/wp-content\/uploads\/2019\/07\/color-nothing-horizontale4x-e1564486100247.png","width":1547,"height":385,"caption":"Daisho"},"image":{"@id":"https:\/\/www.daisho.be\/de\/#\/schema\/logo\/image\/"}}]}},"_links":{"self":[{"href":"https:\/\/www.daisho.be\/de\/wp-json\/wp\/v2\/product\/479837","targetHints":{"allow":["GET"]}}],"collection":[{"href":"https:\/\/www.daisho.be\/de\/wp-json\/wp\/v2\/product"}],"about":[{"href":"https:\/\/www.daisho.be\/de\/wp-json\/wp\/v2\/types\/product"}],"replies":[{"embeddable":true,"href":"https:\/\/www.daisho.be\/de\/wp-json\/wp\/v2\/comments?post=479837"}],"wp:featuredmedia":[{"embeddable":true,"href":"https:\/\/www.daisho.be\/de\/wp-json\/wp\/v2\/media\/479825"}],"wp:attachment":[{"href":"https:\/\/www.daisho.be\/de\/wp-json\/wp\/v2\/media?parent=479837"}],"wp:term":[{"taxonomy":"product_brand","embeddable":true,"href":"https:\/\/www.daisho.be\/de\/wp-json\/wp\/v2\/product_brand?post=479837"},{"taxonomy":"product_cat","embeddable":true,"href":"https:\/\/www.daisho.be\/de\/wp-json\/wp\/v2\/product_cat?post=479837"},{"taxonomy":"product_tag","embeddable":true,"href":"https:\/\/www.daisho.be\/de\/wp-json\/wp\/v2\/product_tag?post=479837"},{"taxonomy":"sport","embeddable":true,"href":"https:\/\/www.daisho.be\/de\/wp-json\/wp\/v2\/sport?post=479837"}],"curies":[{"name":"wp","href":"https:\/\/api.w.org\/{rel}","templated":true}]}}