{"id":474640,"date":"2024-12-12T13:14:41","date_gmt":"2024-12-12T12:14:41","guid":{"rendered":"https:\/\/www.daisho.be\/produit\/karategi-tokaido-shoshin\/"},"modified":"2026-04-28T16:24:36","modified_gmt":"2026-04-28T14:24:36","slug":"karategi-tokaido-shoshin","status":"publish","type":"product","link":"https:\/\/www.daisho.be\/de\/produit\/karategi-tokaido-shoshin\/","title":{"rendered":"KARATEGI TOKAIDO SHOSHIN"},"content":{"rendered":"<p>Der Karategi Tokaido Shoshin ist ein preisg\u00fcnstiger Karategi f\u00fcr Anf\u00e4nger.<br \/>\nDieser Kimono besteht aus einer luftigen Baumwollmischung.<br \/>\nLanglebige Materialien und eine hochwertige Verarbeitung machen diesen Karateanzug (oder Karategi) zu einem ausgezeichneten Einstiegsmodell f\u00fcr Neulinge.<br \/>\nEigenschaften:<br \/>\n&#8211; Anzug ohne Logo,<br \/>\n&#8211; weiche Textur,<br \/>\n&#8211; Hose mit Gummizug in der Taille,<br \/>\n&#8211; perfekt f\u00fcr Anf\u00e4nger,<br \/>\n&#8211; Material: 35% Baumwolle &amp; 65% Polyester, ca. 8 oz.,<br \/>\n-. Schrumpfungsgrad: ca. 5%<br \/>\n&#8211; Lieferumfang: Jacke, Hose, wei\u00dfer G\u00fcrtel.<br \/>\n&#8211; perfekt f\u00fcr JKA geeignet  <\/p>\n","protected":false},"excerpt":{"rendered":"<p>Der Karategi Tokaido Shoshin ist ein preisg\u00fcnstiger Karategi f\u00fcr Anf\u00e4nger. Dieser Kimono besteht aus einer luftigen Baumwollmischung. Langlebige Materialien und eine hochwertige Verarbeitung machen diesen Karateanzug (oder Karategi) zu einem ausgezeichneten Einstiegsmodell f\u00fcr Neulinge. Eigenschaften: &#8211; Anzug ohne Logo, &#8211; weiche Textur, &#8211; Hose mit Gummizug in der Taille, &#8211; perfekt f\u00fcr Anf\u00e4nger, &#8211; Material: [&hellip;]<\/p>\n","protected":false},"featured_media":468608,"comment_status":"open","ping_status":"closed","template":"","meta":{"inline_featured_image":false},"product_brand":[],"product_cat":[2128,2008,2118],"product_tag":[2004],"sport":[],"class_list":{"0":"post-474640","1":"product","2":"type-product","3":"status-publish","4":"has-post-thumbnail","6":"product_cat-jujitsu-kimono-de","7":"product_cat-karate-kimonos-de","8":"product_cat-kleidung-kimonos","9":"product_tag-tokaido-de","10":"pa_size-375","11":"pa_size-374","12":"pa_size-373","13":"pa_size-381","14":"pa_size-380","15":"pa_size-379","16":"pa_size-378","17":"pa_size-377","18":"pa_size-376","19":"pa_size-383","21":"first","22":"instock","23":"taxable","24":"shipping-taxable","25":"purchasable","26":"product-type-variable"},"yoast_head":"<!-- This site is optimized with the Yoast SEO plugin v27.2 - https:\/\/yoast.com\/product\/yoast-seo-wordpress\/ -->\n<title>KARATEGI TOKAIDO SHOSHIN &#8211; Daisho<\/title>\n<meta name=\"description\" content=\"Entdecken Sie den Karategi Shoshin von der Marke Tokaido. Es ist ideal f\u00fcr Anf\u00e4nger und zu einem niedrigen Preis erh\u00e4ltlich. Sie finden es auf www.daisho.be|Daisho.\" \/>\n<meta name=\"robots\" content=\"index, follow, max-snippet:-1, max-image-preview:large, max-video-preview:-1\" \/>\n<link rel=\"canonical\" href=\"https:\/\/www.daisho.be\/de\/produit\/karategi-tokaido-shoshin\/\" \/>\n<meta property=\"og:locale\" content=\"de_DE\" \/>\n<meta property=\"og:type\" content=\"article\" \/>\n<meta property=\"og:title\" content=\"KARATEGI TOKAIDO SHOSHIN &#8211; Daisho\" \/>\n<meta property=\"og:description\" content=\"Entdecken Sie den Karategi Shoshin von der Marke Tokaido. Es ist ideal f\u00fcr Anf\u00e4nger und zu einem niedrigen Preis erh\u00e4ltlich. Sie finden es auf www.daisho.be|Daisho.\" \/>\n<meta property=\"og:url\" content=\"https:\/\/www.daisho.be\/de\/produit\/karategi-tokaido-shoshin\/\" \/>\n<meta property=\"og:site_name\" content=\"Daisho\" \/>\n<meta property=\"article:modified_time\" content=\"2026-04-28T14:24:36+00:00\" \/>\n<meta property=\"og:image\" content=\"https:\/\/www.daisho.be\/wp-content\/uploads\/2024\/12\/image.jpg\" \/>\n\t<meta property=\"og:image:width\" content=\"384\" \/>\n\t<meta property=\"og:image:height\" content=\"543\" \/>\n\t<meta property=\"og:image:type\" content=\"image\/jpeg\" \/>\n<meta name=\"twitter:card\" content=\"summary_large_image\" \/>\n<script type=\"application\/ld+json\" class=\"yoast-schema-graph\">{\"@context\":\"https:\/\/schema.org\",\"@graph\":[{\"@type\":\"WebPage\",\"@id\":\"https:\/\/www.daisho.be\/de\/produit\/karategi-tokaido-shoshin\/\",\"url\":\"https:\/\/www.daisho.be\/de\/produit\/karategi-tokaido-shoshin\/\",\"name\":\"KARATEGI TOKAIDO SHOSHIN &#8211; Daisho\",\"isPartOf\":{\"@id\":\"https:\/\/www.daisho.be\/de\/#website\"},\"primaryImageOfPage\":{\"@id\":\"https:\/\/www.daisho.be\/de\/produit\/karategi-tokaido-shoshin\/#primaryimage\"},\"image\":{\"@id\":\"https:\/\/www.daisho.be\/de\/produit\/karategi-tokaido-shoshin\/#primaryimage\"},\"thumbnailUrl\":\"https:\/\/www.daisho.be\/wp-content\/uploads\/2024\/12\/image.jpg\",\"datePublished\":\"2024-12-12T12:14:41+00:00\",\"dateModified\":\"2026-04-28T14:24:36+00:00\",\"description\":\"Entdecken Sie den Karategi Shoshin von der Marke Tokaido. Es ist ideal f\u00fcr Anf\u00e4nger und zu einem niedrigen Preis erh\u00e4ltlich. Sie finden es auf www.daisho.be|Daisho.\",\"breadcrumb\":{\"@id\":\"https:\/\/www.daisho.be\/de\/produit\/karategi-tokaido-shoshin\/#breadcrumb\"},\"inLanguage\":\"de\",\"potentialAction\":[{\"@type\":\"ReadAction\",\"target\":[\"https:\/\/www.daisho.be\/de\/produit\/karategi-tokaido-shoshin\/\"]}]},{\"@type\":\"ImageObject\",\"inLanguage\":\"de\",\"@id\":\"https:\/\/www.daisho.be\/de\/produit\/karategi-tokaido-shoshin\/#primaryimage\",\"url\":\"https:\/\/www.daisho.be\/wp-content\/uploads\/2024\/12\/image.jpg\",\"contentUrl\":\"https:\/\/www.daisho.be\/wp-content\/uploads\/2024\/12\/image.jpg\",\"width\":384,\"height\":543,\"caption\":\"KARATEGI TOKAIDO SHOSHIN-1\"},{\"@type\":\"BreadcrumbList\",\"@id\":\"https:\/\/www.daisho.be\/de\/produit\/karategi-tokaido-shoshin\/#breadcrumb\",\"itemListElement\":[{\"@type\":\"ListItem\",\"position\":1,\"name\":\"Accueil\",\"item\":\"https:\/\/www.daisho.be\/de\/\"},{\"@type\":\"ListItem\",\"position\":2,\"name\":\"Produkte\",\"item\":\"https:\/\/www.daisho.be\/de\/produkte\/\"},{\"@type\":\"ListItem\",\"position\":3,\"name\":\"Ausr\u00fcstung und Kleidung f\u00fcr Kampfkunst und Kampfsport\",\"item\":\"https:\/\/www.daisho.be\/de\/categorie-produit\/ausrustung-und-kleidung-fur-kampfkunst-und-kampfsport\/\"},{\"@type\":\"ListItem\",\"position\":4,\"name\":\"Brasilianisches Jujitsu und Jiu-Jitsu\",\"item\":\"https:\/\/www.daisho.be\/de\/categorie-produit\/ausrustung-und-kleidung-fur-kampfkunst-und-kampfsport\/brasilianisches-jujitsu-und-jiu-jitsu\/\"},{\"@type\":\"ListItem\",\"position\":5,\"name\":\"Jujitsu Kimono\",\"item\":\"https:\/\/www.daisho.be\/de\/categorie-produit\/ausrustung-und-kleidung-fur-kampfkunst-und-kampfsport\/brasilianisches-jujitsu-und-jiu-jitsu\/jujitsu-kimono-de\/\"},{\"@type\":\"ListItem\",\"position\":6,\"name\":\"KARATEGI TOKAIDO SHOSHIN\"}]},{\"@type\":\"WebSite\",\"@id\":\"https:\/\/www.daisho.be\/de\/#website\",\"url\":\"https:\/\/www.daisho.be\/de\/\",\"name\":\"Daisho\",\"description\":\"Sp&eacute;cialiste de l'&eacute;quipement sportif d'arts martiaux\",\"publisher\":{\"@id\":\"https:\/\/www.daisho.be\/de\/#organization\"},\"potentialAction\":[{\"@type\":\"SearchAction\",\"target\":{\"@type\":\"EntryPoint\",\"urlTemplate\":\"https:\/\/www.daisho.be\/de\/?s={search_term_string}\"},\"query-input\":{\"@type\":\"PropertyValueSpecification\",\"valueRequired\":true,\"valueName\":\"search_term_string\"}}],\"inLanguage\":\"de\"},{\"@type\":\"Organization\",\"@id\":\"https:\/\/www.daisho.be\/de\/#organization\",\"name\":\"Daisho\",\"url\":\"https:\/\/www.daisho.be\/de\/\",\"logo\":{\"@type\":\"ImageObject\",\"inLanguage\":\"de\",\"@id\":\"https:\/\/www.daisho.be\/de\/#\/schema\/logo\/image\/\",\"url\":\"https:\/\/www.daisho.be\/wp-content\/uploads\/2019\/07\/color-nothing-horizontale4x-e1564486100247.png\",\"contentUrl\":\"https:\/\/www.daisho.be\/wp-content\/uploads\/2019\/07\/color-nothing-horizontale4x-e1564486100247.png\",\"width\":1547,\"height\":385,\"caption\":\"Daisho\"},\"image\":{\"@id\":\"https:\/\/www.daisho.be\/de\/#\/schema\/logo\/image\/\"}}]}<\/script>\n<!-- \/ Yoast SEO plugin. -->","yoast_head_json":{"title":"KARATEGI TOKAIDO SHOSHIN &#8211; Daisho","description":"Entdecken Sie den Karategi Shoshin von der Marke Tokaido. Es ist ideal f\u00fcr Anf\u00e4nger und zu einem niedrigen Preis erh\u00e4ltlich. Sie finden es auf www.daisho.be|Daisho.","robots":{"index":"index","follow":"follow","max-snippet":"max-snippet:-1","max-image-preview":"max-image-preview:large","max-video-preview":"max-video-preview:-1"},"canonical":"https:\/\/www.daisho.be\/de\/produit\/karategi-tokaido-shoshin\/","og_locale":"de_DE","og_type":"article","og_title":"KARATEGI TOKAIDO SHOSHIN &#8211; Daisho","og_description":"Entdecken Sie den Karategi Shoshin von der Marke Tokaido. Es ist ideal f\u00fcr Anf\u00e4nger und zu einem niedrigen Preis erh\u00e4ltlich. Sie finden es auf www.daisho.be|Daisho.","og_url":"https:\/\/www.daisho.be\/de\/produit\/karategi-tokaido-shoshin\/","og_site_name":"Daisho","article_modified_time":"2026-04-28T14:24:36+00:00","og_image":[{"width":384,"height":543,"url":"https:\/\/www.daisho.be\/wp-content\/uploads\/2024\/12\/image.jpg","type":"image\/jpeg"}],"twitter_card":"summary_large_image","schema":{"@context":"https:\/\/schema.org","@graph":[{"@type":"WebPage","@id":"https:\/\/www.daisho.be\/de\/produit\/karategi-tokaido-shoshin\/","url":"https:\/\/www.daisho.be\/de\/produit\/karategi-tokaido-shoshin\/","name":"KARATEGI TOKAIDO SHOSHIN &#8211; Daisho","isPartOf":{"@id":"https:\/\/www.daisho.be\/de\/#website"},"primaryImageOfPage":{"@id":"https:\/\/www.daisho.be\/de\/produit\/karategi-tokaido-shoshin\/#primaryimage"},"image":{"@id":"https:\/\/www.daisho.be\/de\/produit\/karategi-tokaido-shoshin\/#primaryimage"},"thumbnailUrl":"https:\/\/www.daisho.be\/wp-content\/uploads\/2024\/12\/image.jpg","datePublished":"2024-12-12T12:14:41+00:00","dateModified":"2026-04-28T14:24:36+00:00","description":"Entdecken Sie den Karategi Shoshin von der Marke Tokaido. Es ist ideal f\u00fcr Anf\u00e4nger und zu einem niedrigen Preis erh\u00e4ltlich. Sie finden es auf www.daisho.be|Daisho.","breadcrumb":{"@id":"https:\/\/www.daisho.be\/de\/produit\/karategi-tokaido-shoshin\/#breadcrumb"},"inLanguage":"de","potentialAction":[{"@type":"ReadAction","target":["https:\/\/www.daisho.be\/de\/produit\/karategi-tokaido-shoshin\/"]}]},{"@type":"ImageObject","inLanguage":"de","@id":"https:\/\/www.daisho.be\/de\/produit\/karategi-tokaido-shoshin\/#primaryimage","url":"https:\/\/www.daisho.be\/wp-content\/uploads\/2024\/12\/image.jpg","contentUrl":"https:\/\/www.daisho.be\/wp-content\/uploads\/2024\/12\/image.jpg","width":384,"height":543,"caption":"KARATEGI TOKAIDO SHOSHIN-1"},{"@type":"BreadcrumbList","@id":"https:\/\/www.daisho.be\/de\/produit\/karategi-tokaido-shoshin\/#breadcrumb","itemListElement":[{"@type":"ListItem","position":1,"name":"Accueil","item":"https:\/\/www.daisho.be\/de\/"},{"@type":"ListItem","position":2,"name":"Produkte","item":"https:\/\/www.daisho.be\/de\/produkte\/"},{"@type":"ListItem","position":3,"name":"Ausr\u00fcstung und Kleidung f\u00fcr Kampfkunst und Kampfsport","item":"https:\/\/www.daisho.be\/de\/categorie-produit\/ausrustung-und-kleidung-fur-kampfkunst-und-kampfsport\/"},{"@type":"ListItem","position":4,"name":"Brasilianisches Jujitsu und Jiu-Jitsu","item":"https:\/\/www.daisho.be\/de\/categorie-produit\/ausrustung-und-kleidung-fur-kampfkunst-und-kampfsport\/brasilianisches-jujitsu-und-jiu-jitsu\/"},{"@type":"ListItem","position":5,"name":"Jujitsu Kimono","item":"https:\/\/www.daisho.be\/de\/categorie-produit\/ausrustung-und-kleidung-fur-kampfkunst-und-kampfsport\/brasilianisches-jujitsu-und-jiu-jitsu\/jujitsu-kimono-de\/"},{"@type":"ListItem","position":6,"name":"KARATEGI TOKAIDO SHOSHIN"}]},{"@type":"WebSite","@id":"https:\/\/www.daisho.be\/de\/#website","url":"https:\/\/www.daisho.be\/de\/","name":"Daisho","description":"Sp&eacute;cialiste de l'&eacute;quipement sportif d'arts martiaux","publisher":{"@id":"https:\/\/www.daisho.be\/de\/#organization"},"potentialAction":[{"@type":"SearchAction","target":{"@type":"EntryPoint","urlTemplate":"https:\/\/www.daisho.be\/de\/?s={search_term_string}"},"query-input":{"@type":"PropertyValueSpecification","valueRequired":true,"valueName":"search_term_string"}}],"inLanguage":"de"},{"@type":"Organization","@id":"https:\/\/www.daisho.be\/de\/#organization","name":"Daisho","url":"https:\/\/www.daisho.be\/de\/","logo":{"@type":"ImageObject","inLanguage":"de","@id":"https:\/\/www.daisho.be\/de\/#\/schema\/logo\/image\/","url":"https:\/\/www.daisho.be\/wp-content\/uploads\/2019\/07\/color-nothing-horizontale4x-e1564486100247.png","contentUrl":"https:\/\/www.daisho.be\/wp-content\/uploads\/2019\/07\/color-nothing-horizontale4x-e1564486100247.png","width":1547,"height":385,"caption":"Daisho"},"image":{"@id":"https:\/\/www.daisho.be\/de\/#\/schema\/logo\/image\/"}}]}},"_links":{"self":[{"href":"https:\/\/www.daisho.be\/de\/wp-json\/wp\/v2\/product\/474640","targetHints":{"allow":["GET"]}}],"collection":[{"href":"https:\/\/www.daisho.be\/de\/wp-json\/wp\/v2\/product"}],"about":[{"href":"https:\/\/www.daisho.be\/de\/wp-json\/wp\/v2\/types\/product"}],"replies":[{"embeddable":true,"href":"https:\/\/www.daisho.be\/de\/wp-json\/wp\/v2\/comments?post=474640"}],"wp:featuredmedia":[{"embeddable":true,"href":"https:\/\/www.daisho.be\/de\/wp-json\/wp\/v2\/media\/468608"}],"wp:attachment":[{"href":"https:\/\/www.daisho.be\/de\/wp-json\/wp\/v2\/media?parent=474640"}],"wp:term":[{"taxonomy":"product_brand","embeddable":true,"href":"https:\/\/www.daisho.be\/de\/wp-json\/wp\/v2\/product_brand?post=474640"},{"taxonomy":"product_cat","embeddable":true,"href":"https:\/\/www.daisho.be\/de\/wp-json\/wp\/v2\/product_cat?post=474640"},{"taxonomy":"product_tag","embeddable":true,"href":"https:\/\/www.daisho.be\/de\/wp-json\/wp\/v2\/product_tag?post=474640"},{"taxonomy":"sport","embeddable":true,"href":"https:\/\/www.daisho.be\/de\/wp-json\/wp\/v2\/sport?post=474640"}],"curies":[{"name":"wp","href":"https:\/\/api.w.org\/{rel}","templated":true}]}}