{"id":473032,"date":"2024-12-12T12:55:44","date_gmt":"2024-12-12T11:55:44","guid":{"rendered":"https:\/\/www.daisho.be\/produit\/adidas-poomsae-dobok-premium\/"},"modified":"2025-02-25T15:10:28","modified_gmt":"2025-02-25T14:10:28","slug":"adidas-poomsae-dobok-premium","status":"publish","type":"product","link":"https:\/\/www.daisho.be\/de\/produit\/adidas-poomsae-dobok-premium\/","title":{"rendered":"adidas Poomsae dobok Premium"},"content":{"rendered":"<p>Dieser Anzug ist Teil der adidas-Kollektion, die sowohl f\u00fcr m\u00e4nnliche als auch weibliche Taekwondoka geeignet ist.<\/p>\n<p>Die Jacke :<\/p>\n<p>&#8211; ist offen,<\/p>\n<p>&#8211; ist an den Seiten gekn\u00fcpft,<\/p>\n<p>&#8211; Das adidas-Logo befindet sich auf der rechten Brust,<\/p>\n<p>&#8211; Der Revers ist schwarz.<\/p>\n<p>Die Hose :<\/p>\n<p>&#8211; hat eine elastische Taille,<\/p>\n<p>&#8211; hat eine zus\u00e4tzliche Schn\u00fcrung,<\/p>\n<p>&#8211; ist schwarz,<\/p>\n<p>&#8211; Das adidas-Logo befindet sich auf dem rechten Oberschenkel.<\/p>\n<p>Der Dobok besteht aus 55% Baumwolle und 45% Polyester.<br \/>\nDer Anzug ist von WT zugelassen.<\/p>\n<p>Merkmale:<br \/>\nMaterialzusammensetzung: 55 % Baumwolle, 45 % Polyester<br \/>\nGr\u00f6\u00dfen: 160 &#8211; 210 in Schritten von 10<br \/>\nFarbe: goldene Jacke mit schwarzem Revers, schwarze Hose<br \/>\nWT-gepr\u00fcft<\/p>\n","protected":false},"excerpt":{"rendered":"<p>Dieser Anzug ist Teil der adidas-Kollektion, die sowohl f\u00fcr m\u00e4nnliche als auch weibliche Taekwondoka geeignet ist. Die Jacke : &#8211; ist offen, &#8211; ist an den Seiten gekn\u00fcpft, &#8211; Das adidas-Logo befindet sich auf der rechten Brust, &#8211; Der Revers ist schwarz. Die Hose : &#8211; hat eine elastische Taille, &#8211; hat eine zus\u00e4tzliche Schn\u00fcrung, [&hellip;]<\/p>\n","protected":false},"featured_media":472982,"comment_status":"open","ping_status":"closed","template":"","meta":{"inline_featured_image":false},"product_brand":[],"product_cat":[2289,2118,2168],"product_tag":[2178],"sport":[],"class_list":{"0":"post-473032","1":"product","2":"type-product","3":"status-publish","4":"has-post-thumbnail","6":"product_cat-kimono-dobok-adidas-de","7":"product_cat-kleidung-kimonos","8":"product_cat-taekwondo-dobok-kleidung","9":"product_tag-adidas-de","10":"pa_size-379","11":"pa_size-378","12":"pa_size-377","13":"pa_size-376","14":"pa_size-383","15":"pa_size-382","17":"first","18":"instock","19":"taxable","20":"shipping-taxable","21":"purchasable","22":"product-type-variable"},"yoast_head":"<!-- This site is optimized with the Yoast SEO plugin v27.2 - https:\/\/yoast.com\/product\/yoast-seo-wordpress\/ -->\n<title>adidas Poomsae dobok Premium &#8211; Daisho<\/title>\n<meta name=\"description\" content=\"Der Premium Dobok-Poomsae wurde speziell f\u00fcr m\u00e4nnliche und weibliche Taekwondoka entwickelt. Sie finden ihn auf unserer Website www.daisho.be\/Daisho\" \/>\n<meta name=\"robots\" content=\"index, follow, max-snippet:-1, max-image-preview:large, max-video-preview:-1\" \/>\n<link rel=\"canonical\" href=\"https:\/\/www.daisho.be\/de\/produit\/adidas-poomsae-dobok-premium\/\" \/>\n<meta property=\"og:locale\" content=\"de_DE\" \/>\n<meta property=\"og:type\" content=\"article\" \/>\n<meta property=\"og:title\" content=\"adidas Poomsae dobok Premium &#8211; Daisho\" \/>\n<meta property=\"og:description\" content=\"Der Premium Dobok-Poomsae wurde speziell f\u00fcr m\u00e4nnliche und weibliche Taekwondoka entwickelt. Sie finden ihn auf unserer Website www.daisho.be\/Daisho\" \/>\n<meta property=\"og:url\" content=\"https:\/\/www.daisho.be\/de\/produit\/adidas-poomsae-dobok-premium\/\" \/>\n<meta property=\"og:site_name\" content=\"Daisho\" \/>\n<meta property=\"article:modified_time\" content=\"2025-02-25T14:10:28+00:00\" \/>\n<meta property=\"og:image\" content=\"https:\/\/www.daisho.be\/wp-content\/uploads\/2024\/12\/image-3.webp\" \/>\n\t<meta property=\"og:image:width\" content=\"916\" \/>\n\t<meta property=\"og:image:height\" content=\"1200\" \/>\n\t<meta property=\"og:image:type\" content=\"image\/webp\" \/>\n<meta name=\"twitter:card\" content=\"summary_large_image\" \/>\n<meta name=\"twitter:label1\" content=\"Gesch\u00e4tzte Lesezeit\" \/>\n\t<meta name=\"twitter:data1\" content=\"1\u00a0Minute\" \/>\n<script type=\"application\/ld+json\" class=\"yoast-schema-graph\">{\"@context\":\"https:\/\/schema.org\",\"@graph\":[{\"@type\":\"WebPage\",\"@id\":\"https:\/\/www.daisho.be\/de\/produit\/adidas-poomsae-dobok-premium\/\",\"url\":\"https:\/\/www.daisho.be\/de\/produit\/adidas-poomsae-dobok-premium\/\",\"name\":\"adidas Poomsae dobok Premium &#8211; Daisho\",\"isPartOf\":{\"@id\":\"https:\/\/www.daisho.be\/de\/#website\"},\"primaryImageOfPage\":{\"@id\":\"https:\/\/www.daisho.be\/de\/produit\/adidas-poomsae-dobok-premium\/#primaryimage\"},\"image\":{\"@id\":\"https:\/\/www.daisho.be\/de\/produit\/adidas-poomsae-dobok-premium\/#primaryimage\"},\"thumbnailUrl\":\"https:\/\/www.daisho.be\/wp-content\/uploads\/2024\/12\/image-3.webp\",\"datePublished\":\"2024-12-12T11:55:44+00:00\",\"dateModified\":\"2025-02-25T14:10:28+00:00\",\"description\":\"Der Premium Dobok-Poomsae wurde speziell f\u00fcr m\u00e4nnliche und weibliche Taekwondoka entwickelt. Sie finden ihn auf unserer Website www.daisho.be\/Daisho\",\"breadcrumb\":{\"@id\":\"https:\/\/www.daisho.be\/de\/produit\/adidas-poomsae-dobok-premium\/#breadcrumb\"},\"inLanguage\":\"de\",\"potentialAction\":[{\"@type\":\"ReadAction\",\"target\":[\"https:\/\/www.daisho.be\/de\/produit\/adidas-poomsae-dobok-premium\/\"]}]},{\"@type\":\"ImageObject\",\"inLanguage\":\"de\",\"@id\":\"https:\/\/www.daisho.be\/de\/produit\/adidas-poomsae-dobok-premium\/#primaryimage\",\"url\":\"https:\/\/www.daisho.be\/wp-content\/uploads\/2024\/12\/image-3.webp\",\"contentUrl\":\"https:\/\/www.daisho.be\/wp-content\/uploads\/2024\/12\/image-3.webp\",\"width\":916,\"height\":1200,\"caption\":\"adidas Poomsae dobok Premium-2\"},{\"@type\":\"BreadcrumbList\",\"@id\":\"https:\/\/www.daisho.be\/de\/produit\/adidas-poomsae-dobok-premium\/#breadcrumb\",\"itemListElement\":[{\"@type\":\"ListItem\",\"position\":1,\"name\":\"Accueil\",\"item\":\"https:\/\/www.daisho.be\/de\/\"},{\"@type\":\"ListItem\",\"position\":2,\"name\":\"Produkte\",\"item\":\"https:\/\/www.daisho.be\/de\/produkte\/\"},{\"@type\":\"ListItem\",\"position\":3,\"name\":\"ADIDAS COMBAT SPORTS\",\"item\":\"https:\/\/www.daisho.be\/de\/categorie-produit\/adidas-combat-sports-de\/\"},{\"@type\":\"ListItem\",\"position\":4,\"name\":\"Taekwondo\",\"item\":\"https:\/\/www.daisho.be\/de\/categorie-produit\/adidas-combat-sports-de\/taekwondo-de\/\"},{\"@type\":\"ListItem\",\"position\":5,\"name\":\"Kimono - Dobok Adidas\",\"item\":\"https:\/\/www.daisho.be\/de\/categorie-produit\/adidas-combat-sports-de\/taekwondo-de\/kimono-dobok-adidas-de\/\"},{\"@type\":\"ListItem\",\"position\":6,\"name\":\"adidas Poomsae dobok Premium\"}]},{\"@type\":\"WebSite\",\"@id\":\"https:\/\/www.daisho.be\/de\/#website\",\"url\":\"https:\/\/www.daisho.be\/de\/\",\"name\":\"Daisho\",\"description\":\"Sp&eacute;cialiste de l'&eacute;quipement sportif d'arts martiaux\",\"publisher\":{\"@id\":\"https:\/\/www.daisho.be\/de\/#organization\"},\"potentialAction\":[{\"@type\":\"SearchAction\",\"target\":{\"@type\":\"EntryPoint\",\"urlTemplate\":\"https:\/\/www.daisho.be\/de\/?s={search_term_string}\"},\"query-input\":{\"@type\":\"PropertyValueSpecification\",\"valueRequired\":true,\"valueName\":\"search_term_string\"}}],\"inLanguage\":\"de\"},{\"@type\":\"Organization\",\"@id\":\"https:\/\/www.daisho.be\/de\/#organization\",\"name\":\"Daisho\",\"url\":\"https:\/\/www.daisho.be\/de\/\",\"logo\":{\"@type\":\"ImageObject\",\"inLanguage\":\"de\",\"@id\":\"https:\/\/www.daisho.be\/de\/#\/schema\/logo\/image\/\",\"url\":\"https:\/\/www.daisho.be\/wp-content\/uploads\/2019\/07\/color-nothing-horizontale4x-e1564486100247.png\",\"contentUrl\":\"https:\/\/www.daisho.be\/wp-content\/uploads\/2019\/07\/color-nothing-horizontale4x-e1564486100247.png\",\"width\":1547,\"height\":385,\"caption\":\"Daisho\"},\"image\":{\"@id\":\"https:\/\/www.daisho.be\/de\/#\/schema\/logo\/image\/\"}}]}<\/script>\n<!-- \/ Yoast SEO plugin. -->","yoast_head_json":{"title":"adidas Poomsae dobok Premium &#8211; Daisho","description":"Der Premium Dobok-Poomsae wurde speziell f\u00fcr m\u00e4nnliche und weibliche Taekwondoka entwickelt. Sie finden ihn auf unserer Website www.daisho.be\/Daisho","robots":{"index":"index","follow":"follow","max-snippet":"max-snippet:-1","max-image-preview":"max-image-preview:large","max-video-preview":"max-video-preview:-1"},"canonical":"https:\/\/www.daisho.be\/de\/produit\/adidas-poomsae-dobok-premium\/","og_locale":"de_DE","og_type":"article","og_title":"adidas Poomsae dobok Premium &#8211; Daisho","og_description":"Der Premium Dobok-Poomsae wurde speziell f\u00fcr m\u00e4nnliche und weibliche Taekwondoka entwickelt. Sie finden ihn auf unserer Website www.daisho.be\/Daisho","og_url":"https:\/\/www.daisho.be\/de\/produit\/adidas-poomsae-dobok-premium\/","og_site_name":"Daisho","article_modified_time":"2025-02-25T14:10:28+00:00","og_image":[{"width":916,"height":1200,"url":"https:\/\/www.daisho.be\/wp-content\/uploads\/2024\/12\/image-3.webp","type":"image\/webp"}],"twitter_card":"summary_large_image","twitter_misc":{"Gesch\u00e4tzte Lesezeit":"1\u00a0Minute"},"schema":{"@context":"https:\/\/schema.org","@graph":[{"@type":"WebPage","@id":"https:\/\/www.daisho.be\/de\/produit\/adidas-poomsae-dobok-premium\/","url":"https:\/\/www.daisho.be\/de\/produit\/adidas-poomsae-dobok-premium\/","name":"adidas Poomsae dobok Premium &#8211; Daisho","isPartOf":{"@id":"https:\/\/www.daisho.be\/de\/#website"},"primaryImageOfPage":{"@id":"https:\/\/www.daisho.be\/de\/produit\/adidas-poomsae-dobok-premium\/#primaryimage"},"image":{"@id":"https:\/\/www.daisho.be\/de\/produit\/adidas-poomsae-dobok-premium\/#primaryimage"},"thumbnailUrl":"https:\/\/www.daisho.be\/wp-content\/uploads\/2024\/12\/image-3.webp","datePublished":"2024-12-12T11:55:44+00:00","dateModified":"2025-02-25T14:10:28+00:00","description":"Der Premium Dobok-Poomsae wurde speziell f\u00fcr m\u00e4nnliche und weibliche Taekwondoka entwickelt. Sie finden ihn auf unserer Website www.daisho.be\/Daisho","breadcrumb":{"@id":"https:\/\/www.daisho.be\/de\/produit\/adidas-poomsae-dobok-premium\/#breadcrumb"},"inLanguage":"de","potentialAction":[{"@type":"ReadAction","target":["https:\/\/www.daisho.be\/de\/produit\/adidas-poomsae-dobok-premium\/"]}]},{"@type":"ImageObject","inLanguage":"de","@id":"https:\/\/www.daisho.be\/de\/produit\/adidas-poomsae-dobok-premium\/#primaryimage","url":"https:\/\/www.daisho.be\/wp-content\/uploads\/2024\/12\/image-3.webp","contentUrl":"https:\/\/www.daisho.be\/wp-content\/uploads\/2024\/12\/image-3.webp","width":916,"height":1200,"caption":"adidas Poomsae dobok Premium-2"},{"@type":"BreadcrumbList","@id":"https:\/\/www.daisho.be\/de\/produit\/adidas-poomsae-dobok-premium\/#breadcrumb","itemListElement":[{"@type":"ListItem","position":1,"name":"Accueil","item":"https:\/\/www.daisho.be\/de\/"},{"@type":"ListItem","position":2,"name":"Produkte","item":"https:\/\/www.daisho.be\/de\/produkte\/"},{"@type":"ListItem","position":3,"name":"ADIDAS COMBAT SPORTS","item":"https:\/\/www.daisho.be\/de\/categorie-produit\/adidas-combat-sports-de\/"},{"@type":"ListItem","position":4,"name":"Taekwondo","item":"https:\/\/www.daisho.be\/de\/categorie-produit\/adidas-combat-sports-de\/taekwondo-de\/"},{"@type":"ListItem","position":5,"name":"Kimono - Dobok Adidas","item":"https:\/\/www.daisho.be\/de\/categorie-produit\/adidas-combat-sports-de\/taekwondo-de\/kimono-dobok-adidas-de\/"},{"@type":"ListItem","position":6,"name":"adidas Poomsae dobok Premium"}]},{"@type":"WebSite","@id":"https:\/\/www.daisho.be\/de\/#website","url":"https:\/\/www.daisho.be\/de\/","name":"Daisho","description":"Sp&eacute;cialiste de l'&eacute;quipement sportif d'arts martiaux","publisher":{"@id":"https:\/\/www.daisho.be\/de\/#organization"},"potentialAction":[{"@type":"SearchAction","target":{"@type":"EntryPoint","urlTemplate":"https:\/\/www.daisho.be\/de\/?s={search_term_string}"},"query-input":{"@type":"PropertyValueSpecification","valueRequired":true,"valueName":"search_term_string"}}],"inLanguage":"de"},{"@type":"Organization","@id":"https:\/\/www.daisho.be\/de\/#organization","name":"Daisho","url":"https:\/\/www.daisho.be\/de\/","logo":{"@type":"ImageObject","inLanguage":"de","@id":"https:\/\/www.daisho.be\/de\/#\/schema\/logo\/image\/","url":"https:\/\/www.daisho.be\/wp-content\/uploads\/2019\/07\/color-nothing-horizontale4x-e1564486100247.png","contentUrl":"https:\/\/www.daisho.be\/wp-content\/uploads\/2019\/07\/color-nothing-horizontale4x-e1564486100247.png","width":1547,"height":385,"caption":"Daisho"},"image":{"@id":"https:\/\/www.daisho.be\/de\/#\/schema\/logo\/image\/"}}]}},"_links":{"self":[{"href":"https:\/\/www.daisho.be\/de\/wp-json\/wp\/v2\/product\/473032","targetHints":{"allow":["GET"]}}],"collection":[{"href":"https:\/\/www.daisho.be\/de\/wp-json\/wp\/v2\/product"}],"about":[{"href":"https:\/\/www.daisho.be\/de\/wp-json\/wp\/v2\/types\/product"}],"replies":[{"embeddable":true,"href":"https:\/\/www.daisho.be\/de\/wp-json\/wp\/v2\/comments?post=473032"}],"wp:featuredmedia":[{"embeddable":true,"href":"https:\/\/www.daisho.be\/de\/wp-json\/wp\/v2\/media\/472982"}],"wp:attachment":[{"href":"https:\/\/www.daisho.be\/de\/wp-json\/wp\/v2\/media?parent=473032"}],"wp:term":[{"taxonomy":"product_brand","embeddable":true,"href":"https:\/\/www.daisho.be\/de\/wp-json\/wp\/v2\/product_brand?post=473032"},{"taxonomy":"product_cat","embeddable":true,"href":"https:\/\/www.daisho.be\/de\/wp-json\/wp\/v2\/product_cat?post=473032"},{"taxonomy":"product_tag","embeddable":true,"href":"https:\/\/www.daisho.be\/de\/wp-json\/wp\/v2\/product_tag?post=473032"},{"taxonomy":"sport","embeddable":true,"href":"https:\/\/www.daisho.be\/de\/wp-json\/wp\/v2\/sport?post=473032"}],"curies":[{"name":"wp","href":"https:\/\/api.w.org\/{rel}","templated":true}]}}