{"id":472408,"date":"2024-12-11T11:14:27","date_gmt":"2024-12-11T10:14:27","guid":{"rendered":"https:\/\/www.daisho.be\/produit\/contestant-pro-adidas-taekwondo-schuhe\/"},"modified":"2025-02-25T15:10:28","modified_gmt":"2025-02-25T14:10:28","slug":"contestant-pro-adidas-taekwondo-schuhe","status":"publish","type":"product","link":"https:\/\/www.daisho.be\/de\/produit\/contestant-pro-adidas-taekwondo-schuhe\/","title":{"rendered":"CONTESTANT PRO adidas Taekwondo-Schuhe"},"content":{"rendered":"<p>Schl\u00fcpfen Sie in die CONTESTANT PRO und sp\u00fcren Sie den Unterschied!<br \/>\nDank des Designs ohne Schn\u00fcrsenkel und der Schnalle hinten sind diese Schuhe im Handumdrehen angezogen.<br \/>\nDie d\u00fcnne, flexible Sohle f\u00fchlt sich leicht an und bietet Bewegungsfreiheit.<br \/>\nIdeal f\u00fcr intensives Training und Wettk\u00e4mpfe.<\/p>\n<p>Extremer Komfort: Einfaches Anziehen, individuelle Passform<br \/>\nLeichtigkeit: Ultraleichte Sohle f\u00fcr maximale Beweglichkeit<br \/>\nFlexibilit\u00e4t: Nat\u00fcrliche und flie\u00dfende Bewegungen<br \/>\nIdeal f\u00fcr: Taekwondo, Kampfsport, t\u00e4gliches Training<\/p>\n<p>Verf\u00fcgbarkeit vorausgesetzt.<\/p>\n","protected":false},"excerpt":{"rendered":"<p>Schl\u00fcpfen Sie in die CONTESTANT PRO und sp\u00fcren Sie den Unterschied! Dank des Designs ohne Schn\u00fcrsenkel und der Schnalle hinten sind diese Schuhe im Handumdrehen angezogen. Die d\u00fcnne, flexible Sohle f\u00fchlt sich leicht an und bietet Bewegungsfreiheit. Ideal f\u00fcr intensives Training und Wettk\u00e4mpfe. Extremer Komfort: Einfaches Anziehen, individuelle Passform Leichtigkeit: Ultraleichte Sohle f\u00fcr maximale Beweglichkeit [&hellip;]<\/p>\n","protected":false},"featured_media":472379,"comment_status":"open","ping_status":"closed","template":"","meta":{"inline_featured_image":false},"product_brand":[],"product_cat":[2283,2019,2020],"product_tag":[2178],"sport":[],"class_list":{"0":"post-472408","1":"product","2":"type-product","3":"status-publish","4":"has-post-thumbnail","6":"product_cat-adidas-kleidung-fur-taekwondo","7":"product_cat-schuhe","8":"product_cat-taekwondo-schuhe","9":"product_tag-adidas-de","10":"pa_size-400","11":"pa_size-37-1-3","12":"pa_size-398","13":"pa_size-39-1-3","14":"pa_size-396","15":"pa_size-41-1-3","16":"pa_size-394","17":"pa_size-43-1-3","18":"pa_size-392","19":"pa_size-45-1-3","20":"pa_size-390","22":"first","23":"instock","24":"taxable","25":"shipping-taxable","26":"purchasable","27":"product-type-variable"},"yoast_head":"<!-- This site is optimized with the Yoast SEO plugin v27.2 - https:\/\/yoast.com\/product\/yoast-seo-wordpress\/ -->\n<title>CONTESTANT PRO adidas Taekwondo-Schuhe &#8211; Daisho<\/title>\n<meta name=\"description\" content=\"Die CONSTANTS PRO passen sich Ihren Bed\u00fcrfnissen an und bieten Ihnen Komfort, Einfachheit und Leichtigkeit. Kaufen Sie sie auf www.daisho.be\/Daisho\" \/>\n<meta name=\"robots\" content=\"index, follow, max-snippet:-1, max-image-preview:large, max-video-preview:-1\" \/>\n<link rel=\"canonical\" href=\"https:\/\/www.daisho.be\/de\/produit\/contestant-pro-adidas-taekwondo-schuhe\/\" \/>\n<meta property=\"og:locale\" content=\"de_DE\" \/>\n<meta property=\"og:type\" content=\"article\" \/>\n<meta property=\"og:title\" content=\"CONTESTANT PRO adidas Taekwondo-Schuhe &#8211; Daisho\" \/>\n<meta property=\"og:description\" content=\"Die CONSTANTS PRO passen sich Ihren Bed\u00fcrfnissen an und bieten Ihnen Komfort, Einfachheit und Leichtigkeit. Kaufen Sie sie auf www.daisho.be\/Daisho\" \/>\n<meta property=\"og:url\" content=\"https:\/\/www.daisho.be\/de\/produit\/contestant-pro-adidas-taekwondo-schuhe\/\" \/>\n<meta property=\"og:site_name\" content=\"Daisho\" \/>\n<meta property=\"article:modified_time\" content=\"2025-02-25T14:10:28+00:00\" \/>\n<meta property=\"og:image\" content=\"https:\/\/www.daisho.be\/wp-content\/uploads\/2024\/12\/image-10.png\" \/>\n\t<meta property=\"og:image:width\" content=\"700\" \/>\n\t<meta property=\"og:image:height\" content=\"693\" \/>\n\t<meta property=\"og:image:type\" content=\"image\/png\" \/>\n<meta name=\"twitter:card\" content=\"summary_large_image\" \/>\n<script type=\"application\/ld+json\" class=\"yoast-schema-graph\">{\"@context\":\"https:\/\/schema.org\",\"@graph\":[{\"@type\":\"WebPage\",\"@id\":\"https:\/\/www.daisho.be\/de\/produit\/contestant-pro-adidas-taekwondo-schuhe\/\",\"url\":\"https:\/\/www.daisho.be\/de\/produit\/contestant-pro-adidas-taekwondo-schuhe\/\",\"name\":\"CONTESTANT PRO adidas Taekwondo-Schuhe &#8211; Daisho\",\"isPartOf\":{\"@id\":\"https:\/\/www.daisho.be\/de\/#website\"},\"primaryImageOfPage\":{\"@id\":\"https:\/\/www.daisho.be\/de\/produit\/contestant-pro-adidas-taekwondo-schuhe\/#primaryimage\"},\"image\":{\"@id\":\"https:\/\/www.daisho.be\/de\/produit\/contestant-pro-adidas-taekwondo-schuhe\/#primaryimage\"},\"thumbnailUrl\":\"https:\/\/www.daisho.be\/wp-content\/uploads\/2024\/12\/image-10.png\",\"datePublished\":\"2024-12-11T10:14:27+00:00\",\"dateModified\":\"2025-02-25T14:10:28+00:00\",\"description\":\"Die CONSTANTS PRO passen sich Ihren Bed\u00fcrfnissen an und bieten Ihnen Komfort, Einfachheit und Leichtigkeit. Kaufen Sie sie auf www.daisho.be\/Daisho\",\"breadcrumb\":{\"@id\":\"https:\/\/www.daisho.be\/de\/produit\/contestant-pro-adidas-taekwondo-schuhe\/#breadcrumb\"},\"inLanguage\":\"de\",\"potentialAction\":[{\"@type\":\"ReadAction\",\"target\":[\"https:\/\/www.daisho.be\/de\/produit\/contestant-pro-adidas-taekwondo-schuhe\/\"]}]},{\"@type\":\"ImageObject\",\"inLanguage\":\"de\",\"@id\":\"https:\/\/www.daisho.be\/de\/produit\/contestant-pro-adidas-taekwondo-schuhe\/#primaryimage\",\"url\":\"https:\/\/www.daisho.be\/wp-content\/uploads\/2024\/12\/image-10.png\",\"contentUrl\":\"https:\/\/www.daisho.be\/wp-content\/uploads\/2024\/12\/image-10.png\",\"width\":700,\"height\":693,\"caption\":\"CONTESTANT PRO Taekwondo-Schuh adidas-1\"},{\"@type\":\"BreadcrumbList\",\"@id\":\"https:\/\/www.daisho.be\/de\/produit\/contestant-pro-adidas-taekwondo-schuhe\/#breadcrumb\",\"itemListElement\":[{\"@type\":\"ListItem\",\"position\":1,\"name\":\"Accueil\",\"item\":\"https:\/\/www.daisho.be\/de\/\"},{\"@type\":\"ListItem\",\"position\":2,\"name\":\"Produkte\",\"item\":\"https:\/\/www.daisho.be\/de\/produkte\/\"},{\"@type\":\"ListItem\",\"position\":3,\"name\":\"ADIDAS COMBAT SPORTS\",\"item\":\"https:\/\/www.daisho.be\/de\/categorie-produit\/adidas-combat-sports-de\/\"},{\"@type\":\"ListItem\",\"position\":4,\"name\":\"Taekwondo\",\"item\":\"https:\/\/www.daisho.be\/de\/categorie-produit\/adidas-combat-sports-de\/taekwondo-de\/\"},{\"@type\":\"ListItem\",\"position\":5,\"name\":\"Adidas Kleidung f\u00fcr Taekwondo\",\"item\":\"https:\/\/www.daisho.be\/de\/categorie-produit\/adidas-combat-sports-de\/taekwondo-de\/adidas-kleidung-fur-taekwondo\/\"},{\"@type\":\"ListItem\",\"position\":6,\"name\":\"CONTESTANT PRO adidas Taekwondo-Schuhe\"}]},{\"@type\":\"WebSite\",\"@id\":\"https:\/\/www.daisho.be\/de\/#website\",\"url\":\"https:\/\/www.daisho.be\/de\/\",\"name\":\"Daisho\",\"description\":\"Sp&eacute;cialiste de l'&eacute;quipement sportif d'arts martiaux\",\"publisher\":{\"@id\":\"https:\/\/www.daisho.be\/de\/#organization\"},\"potentialAction\":[{\"@type\":\"SearchAction\",\"target\":{\"@type\":\"EntryPoint\",\"urlTemplate\":\"https:\/\/www.daisho.be\/de\/?s={search_term_string}\"},\"query-input\":{\"@type\":\"PropertyValueSpecification\",\"valueRequired\":true,\"valueName\":\"search_term_string\"}}],\"inLanguage\":\"de\"},{\"@type\":\"Organization\",\"@id\":\"https:\/\/www.daisho.be\/de\/#organization\",\"name\":\"Daisho\",\"url\":\"https:\/\/www.daisho.be\/de\/\",\"logo\":{\"@type\":\"ImageObject\",\"inLanguage\":\"de\",\"@id\":\"https:\/\/www.daisho.be\/de\/#\/schema\/logo\/image\/\",\"url\":\"https:\/\/www.daisho.be\/wp-content\/uploads\/2019\/07\/color-nothing-horizontale4x-e1564486100247.png\",\"contentUrl\":\"https:\/\/www.daisho.be\/wp-content\/uploads\/2019\/07\/color-nothing-horizontale4x-e1564486100247.png\",\"width\":1547,\"height\":385,\"caption\":\"Daisho\"},\"image\":{\"@id\":\"https:\/\/www.daisho.be\/de\/#\/schema\/logo\/image\/\"}}]}<\/script>\n<!-- \/ Yoast SEO plugin. -->","yoast_head_json":{"title":"CONTESTANT PRO adidas Taekwondo-Schuhe &#8211; Daisho","description":"Die CONSTANTS PRO passen sich Ihren Bed\u00fcrfnissen an und bieten Ihnen Komfort, Einfachheit und Leichtigkeit. Kaufen Sie sie auf www.daisho.be\/Daisho","robots":{"index":"index","follow":"follow","max-snippet":"max-snippet:-1","max-image-preview":"max-image-preview:large","max-video-preview":"max-video-preview:-1"},"canonical":"https:\/\/www.daisho.be\/de\/produit\/contestant-pro-adidas-taekwondo-schuhe\/","og_locale":"de_DE","og_type":"article","og_title":"CONTESTANT PRO adidas Taekwondo-Schuhe &#8211; Daisho","og_description":"Die CONSTANTS PRO passen sich Ihren Bed\u00fcrfnissen an und bieten Ihnen Komfort, Einfachheit und Leichtigkeit. Kaufen Sie sie auf www.daisho.be\/Daisho","og_url":"https:\/\/www.daisho.be\/de\/produit\/contestant-pro-adidas-taekwondo-schuhe\/","og_site_name":"Daisho","article_modified_time":"2025-02-25T14:10:28+00:00","og_image":[{"width":700,"height":693,"url":"https:\/\/www.daisho.be\/wp-content\/uploads\/2024\/12\/image-10.png","type":"image\/png"}],"twitter_card":"summary_large_image","schema":{"@context":"https:\/\/schema.org","@graph":[{"@type":"WebPage","@id":"https:\/\/www.daisho.be\/de\/produit\/contestant-pro-adidas-taekwondo-schuhe\/","url":"https:\/\/www.daisho.be\/de\/produit\/contestant-pro-adidas-taekwondo-schuhe\/","name":"CONTESTANT PRO adidas Taekwondo-Schuhe &#8211; Daisho","isPartOf":{"@id":"https:\/\/www.daisho.be\/de\/#website"},"primaryImageOfPage":{"@id":"https:\/\/www.daisho.be\/de\/produit\/contestant-pro-adidas-taekwondo-schuhe\/#primaryimage"},"image":{"@id":"https:\/\/www.daisho.be\/de\/produit\/contestant-pro-adidas-taekwondo-schuhe\/#primaryimage"},"thumbnailUrl":"https:\/\/www.daisho.be\/wp-content\/uploads\/2024\/12\/image-10.png","datePublished":"2024-12-11T10:14:27+00:00","dateModified":"2025-02-25T14:10:28+00:00","description":"Die CONSTANTS PRO passen sich Ihren Bed\u00fcrfnissen an und bieten Ihnen Komfort, Einfachheit und Leichtigkeit. Kaufen Sie sie auf www.daisho.be\/Daisho","breadcrumb":{"@id":"https:\/\/www.daisho.be\/de\/produit\/contestant-pro-adidas-taekwondo-schuhe\/#breadcrumb"},"inLanguage":"de","potentialAction":[{"@type":"ReadAction","target":["https:\/\/www.daisho.be\/de\/produit\/contestant-pro-adidas-taekwondo-schuhe\/"]}]},{"@type":"ImageObject","inLanguage":"de","@id":"https:\/\/www.daisho.be\/de\/produit\/contestant-pro-adidas-taekwondo-schuhe\/#primaryimage","url":"https:\/\/www.daisho.be\/wp-content\/uploads\/2024\/12\/image-10.png","contentUrl":"https:\/\/www.daisho.be\/wp-content\/uploads\/2024\/12\/image-10.png","width":700,"height":693,"caption":"CONTESTANT PRO Taekwondo-Schuh adidas-1"},{"@type":"BreadcrumbList","@id":"https:\/\/www.daisho.be\/de\/produit\/contestant-pro-adidas-taekwondo-schuhe\/#breadcrumb","itemListElement":[{"@type":"ListItem","position":1,"name":"Accueil","item":"https:\/\/www.daisho.be\/de\/"},{"@type":"ListItem","position":2,"name":"Produkte","item":"https:\/\/www.daisho.be\/de\/produkte\/"},{"@type":"ListItem","position":3,"name":"ADIDAS COMBAT SPORTS","item":"https:\/\/www.daisho.be\/de\/categorie-produit\/adidas-combat-sports-de\/"},{"@type":"ListItem","position":4,"name":"Taekwondo","item":"https:\/\/www.daisho.be\/de\/categorie-produit\/adidas-combat-sports-de\/taekwondo-de\/"},{"@type":"ListItem","position":5,"name":"Adidas Kleidung f\u00fcr Taekwondo","item":"https:\/\/www.daisho.be\/de\/categorie-produit\/adidas-combat-sports-de\/taekwondo-de\/adidas-kleidung-fur-taekwondo\/"},{"@type":"ListItem","position":6,"name":"CONTESTANT PRO adidas Taekwondo-Schuhe"}]},{"@type":"WebSite","@id":"https:\/\/www.daisho.be\/de\/#website","url":"https:\/\/www.daisho.be\/de\/","name":"Daisho","description":"Sp&eacute;cialiste de l'&eacute;quipement sportif d'arts martiaux","publisher":{"@id":"https:\/\/www.daisho.be\/de\/#organization"},"potentialAction":[{"@type":"SearchAction","target":{"@type":"EntryPoint","urlTemplate":"https:\/\/www.daisho.be\/de\/?s={search_term_string}"},"query-input":{"@type":"PropertyValueSpecification","valueRequired":true,"valueName":"search_term_string"}}],"inLanguage":"de"},{"@type":"Organization","@id":"https:\/\/www.daisho.be\/de\/#organization","name":"Daisho","url":"https:\/\/www.daisho.be\/de\/","logo":{"@type":"ImageObject","inLanguage":"de","@id":"https:\/\/www.daisho.be\/de\/#\/schema\/logo\/image\/","url":"https:\/\/www.daisho.be\/wp-content\/uploads\/2019\/07\/color-nothing-horizontale4x-e1564486100247.png","contentUrl":"https:\/\/www.daisho.be\/wp-content\/uploads\/2019\/07\/color-nothing-horizontale4x-e1564486100247.png","width":1547,"height":385,"caption":"Daisho"},"image":{"@id":"https:\/\/www.daisho.be\/de\/#\/schema\/logo\/image\/"}}]}},"_links":{"self":[{"href":"https:\/\/www.daisho.be\/de\/wp-json\/wp\/v2\/product\/472408","targetHints":{"allow":["GET"]}}],"collection":[{"href":"https:\/\/www.daisho.be\/de\/wp-json\/wp\/v2\/product"}],"about":[{"href":"https:\/\/www.daisho.be\/de\/wp-json\/wp\/v2\/types\/product"}],"replies":[{"embeddable":true,"href":"https:\/\/www.daisho.be\/de\/wp-json\/wp\/v2\/comments?post=472408"}],"wp:featuredmedia":[{"embeddable":true,"href":"https:\/\/www.daisho.be\/de\/wp-json\/wp\/v2\/media\/472379"}],"wp:attachment":[{"href":"https:\/\/www.daisho.be\/de\/wp-json\/wp\/v2\/media?parent=472408"}],"wp:term":[{"taxonomy":"product_brand","embeddable":true,"href":"https:\/\/www.daisho.be\/de\/wp-json\/wp\/v2\/product_brand?post=472408"},{"taxonomy":"product_cat","embeddable":true,"href":"https:\/\/www.daisho.be\/de\/wp-json\/wp\/v2\/product_cat?post=472408"},{"taxonomy":"product_tag","embeddable":true,"href":"https:\/\/www.daisho.be\/de\/wp-json\/wp\/v2\/product_tag?post=472408"},{"taxonomy":"sport","embeddable":true,"href":"https:\/\/www.daisho.be\/de\/wp-json\/wp\/v2\/sport?post=472408"}],"curies":[{"name":"wp","href":"https:\/\/api.w.org\/{rel}","templated":true}]}}