{"id":467896,"date":"2024-11-28T16:51:54","date_gmt":"2024-11-28T15:51:54","guid":{"rendered":"https:\/\/www.daisho.be\/produit\/taekwondo-schuhe-adi-kick-ii\/"},"modified":"2025-10-09T14:28:53","modified_gmt":"2025-10-09T12:28:53","slug":"taekwondo-schuhe-adi-kick-ii","status":"publish","type":"product","link":"https:\/\/www.daisho.be\/de\/produit\/taekwondo-schuhe-adi-kick-ii\/","title":{"rendered":"Taekwondo-Schuhe ADI-KICK II"},"content":{"rendered":"<p>adidas Indoor Trainingsschuh aus Synthetikleder.<br \/>\nDer wundersch\u00f6ne schwarze Absatz und die klassischen drei Streifen machen diesen Kampfsportschuh zu einem Blickfang.<br \/>\nSlipper mit Schn\u00fcrsenkeln.<br \/>\nExtra d\u00fcnnes Vollfu\u00dfbett f?r ein gutes Barfu\u00dfgef?hl und engen Kontakt mit dem Boden.<br \/>\nAbriebfeste Sohle.<br \/>\nWei\u00df\/Schwarz, fantastisches Preis-\/Leistungsverh\u00e4ltnis.<br \/>\nDie Streifen sind gedruckt.<br \/>\nBitte beachten Sie, dass dieser Innenschuh nicht f?r Aktivit?ten im Freien geeignet ist. <\/p>\n<p>Eigenschaften: <\/p>\n<p>Material: Kunstleder <\/p>\n<p>Farbe: wei?\/schwarz mit Schn?rsenkeln wei?e Sohle<\/p>\n<p>Je nach Verf?gbarkeit.<\/p>\n","protected":false},"excerpt":{"rendered":"<p>adidas Indoor Trainingsschuh aus Synthetikleder. Der wundersch\u00f6ne schwarze Absatz und die klassischen drei Streifen machen diesen Kampfsportschuh zu einem Blickfang. Slipper mit Schn\u00fcrsenkeln. Extra d\u00fcnnes Vollfu\u00dfbett f?r ein gutes Barfu\u00dfgef?hl und engen Kontakt mit dem Boden. Abriebfeste Sohle. Wei\u00df\/Schwarz, fantastisches Preis-\/Leistungsverh\u00e4ltnis. Die Streifen sind gedruckt. Bitte beachten Sie, dass dieser Innenschuh nicht f?r Aktivit?ten im [&hellip;]<\/p>\n","protected":false},"featured_media":466909,"comment_status":"open","ping_status":"closed","template":"","meta":{"inline_featured_image":false},"product_brand":[],"product_cat":[2283,2019,2020],"product_tag":[2178],"sport":[],"class_list":{"0":"post-467896","1":"product","2":"type-product","3":"status-publish","4":"has-post-thumbnail","6":"product_cat-adidas-kleidung-fur-taekwondo","7":"product_cat-schuhe","8":"product_cat-taekwondo-schuhe","9":"product_tag-adidas-de","10":"pa_size-403","11":"pa_size-402","12":"pa_size-401","13":"pa_size-400","14":"pa_size-36-2-3","15":"pa_size-37-1-3","16":"pa_size-398","17":"pa_size-39-1-3","18":"pa_size-396","19":"pa_size-41-1-3","20":"pa_size-394","21":"pa_size-43-1-3","22":"pa_size-392","23":"pa_size-45-1-3","24":"pa_size-390","25":"pa_size-47-1-3","27":"first","28":"instock","29":"taxable","30":"shipping-taxable","31":"purchasable","32":"product-type-variable"},"yoast_head":"<!-- This site is optimized with the Yoast SEO plugin v27.2 - https:\/\/yoast.com\/product\/yoast-seo-wordpress\/ -->\n<title>Taekwondo-Schuhe ADI-KICK II &#8211; Daisho<\/title>\n<meta name=\"description\" content=\"Die ADI-KICK II Schuhe wurden ausschlie\u00dflich f\u00fcr Kampfsportarten in geschlossenen R\u00e4umen entwickelt. Sie bieten Haltbarkeit und ein gutes Gef\u00fchl. Kaufen Sie sie auf www.daisho.be\" \/>\n<meta name=\"robots\" content=\"index, follow, max-snippet:-1, max-image-preview:large, max-video-preview:-1\" \/>\n<link rel=\"canonical\" href=\"https:\/\/www.daisho.be\/de\/produit\/taekwondo-schuhe-adi-kick-ii\/\" \/>\n<meta property=\"og:locale\" content=\"de_DE\" \/>\n<meta property=\"og:type\" content=\"article\" \/>\n<meta property=\"og:title\" content=\"Taekwondo-Schuhe ADI-KICK II &#8211; Daisho\" \/>\n<meta property=\"og:description\" content=\"Die ADI-KICK II Schuhe wurden ausschlie\u00dflich f\u00fcr Kampfsportarten in geschlossenen R\u00e4umen entwickelt. Sie bieten Haltbarkeit und ein gutes Gef\u00fchl. Kaufen Sie sie auf www.daisho.be\" \/>\n<meta property=\"og:url\" content=\"https:\/\/www.daisho.be\/de\/produit\/taekwondo-schuhe-adi-kick-ii\/\" \/>\n<meta property=\"og:site_name\" content=\"Daisho\" \/>\n<meta property=\"article:modified_time\" content=\"2025-10-09T12:28:53+00:00\" \/>\n<meta property=\"og:image\" content=\"https:\/\/www.daisho.be\/wp-content\/uploads\/2024\/11\/image-48.png\" \/>\n\t<meta property=\"og:image:width\" content=\"726\" \/>\n\t<meta property=\"og:image:height\" content=\"632\" \/>\n\t<meta property=\"og:image:type\" content=\"image\/png\" \/>\n<meta name=\"twitter:card\" content=\"summary_large_image\" \/>\n<script type=\"application\/ld+json\" class=\"yoast-schema-graph\">{\"@context\":\"https:\/\/schema.org\",\"@graph\":[{\"@type\":\"WebPage\",\"@id\":\"https:\/\/www.daisho.be\/de\/produit\/taekwondo-schuhe-adi-kick-ii\/\",\"url\":\"https:\/\/www.daisho.be\/de\/produit\/taekwondo-schuhe-adi-kick-ii\/\",\"name\":\"Taekwondo-Schuhe ADI-KICK II &#8211; Daisho\",\"isPartOf\":{\"@id\":\"https:\/\/www.daisho.be\/de\/#website\"},\"primaryImageOfPage\":{\"@id\":\"https:\/\/www.daisho.be\/de\/produit\/taekwondo-schuhe-adi-kick-ii\/#primaryimage\"},\"image\":{\"@id\":\"https:\/\/www.daisho.be\/de\/produit\/taekwondo-schuhe-adi-kick-ii\/#primaryimage\"},\"thumbnailUrl\":\"https:\/\/www.daisho.be\/wp-content\/uploads\/2024\/11\/image-48.png\",\"datePublished\":\"2024-11-28T15:51:54+00:00\",\"dateModified\":\"2025-10-09T12:28:53+00:00\",\"description\":\"Die ADI-KICK II Schuhe wurden ausschlie\u00dflich f\u00fcr Kampfsportarten in geschlossenen R\u00e4umen entwickelt. Sie bieten Haltbarkeit und ein gutes Gef\u00fchl. Kaufen Sie sie auf www.daisho.be\",\"breadcrumb\":{\"@id\":\"https:\/\/www.daisho.be\/de\/produit\/taekwondo-schuhe-adi-kick-ii\/#breadcrumb\"},\"inLanguage\":\"de\",\"potentialAction\":[{\"@type\":\"ReadAction\",\"target\":[\"https:\/\/www.daisho.be\/de\/produit\/taekwondo-schuhe-adi-kick-ii\/\"]}]},{\"@type\":\"ImageObject\",\"inLanguage\":\"de\",\"@id\":\"https:\/\/www.daisho.be\/de\/produit\/taekwondo-schuhe-adi-kick-ii\/#primaryimage\",\"url\":\"https:\/\/www.daisho.be\/wp-content\/uploads\/2024\/11\/image-48.png\",\"contentUrl\":\"https:\/\/www.daisho.be\/wp-content\/uploads\/2024\/11\/image-48.png\",\"width\":726,\"height\":632,\"caption\":\"Taekwondo-Schuhe ADI-KICK II-1\"},{\"@type\":\"BreadcrumbList\",\"@id\":\"https:\/\/www.daisho.be\/de\/produit\/taekwondo-schuhe-adi-kick-ii\/#breadcrumb\",\"itemListElement\":[{\"@type\":\"ListItem\",\"position\":1,\"name\":\"Accueil\",\"item\":\"https:\/\/www.daisho.be\/de\/\"},{\"@type\":\"ListItem\",\"position\":2,\"name\":\"Produkte\",\"item\":\"https:\/\/www.daisho.be\/de\/produkte\/\"},{\"@type\":\"ListItem\",\"position\":3,\"name\":\"ADIDAS COMBAT SPORTS\",\"item\":\"https:\/\/www.daisho.be\/de\/categorie-produit\/adidas-combat-sports-de\/\"},{\"@type\":\"ListItem\",\"position\":4,\"name\":\"Taekwondo\",\"item\":\"https:\/\/www.daisho.be\/de\/categorie-produit\/adidas-combat-sports-de\/taekwondo-de\/\"},{\"@type\":\"ListItem\",\"position\":5,\"name\":\"Adidas Kleidung f\u00fcr Taekwondo\",\"item\":\"https:\/\/www.daisho.be\/de\/categorie-produit\/adidas-combat-sports-de\/taekwondo-de\/adidas-kleidung-fur-taekwondo\/\"},{\"@type\":\"ListItem\",\"position\":6,\"name\":\"Taekwondo-Schuhe ADI-KICK II\"}]},{\"@type\":\"WebSite\",\"@id\":\"https:\/\/www.daisho.be\/de\/#website\",\"url\":\"https:\/\/www.daisho.be\/de\/\",\"name\":\"Daisho\",\"description\":\"Sp&eacute;cialiste de l'&eacute;quipement sportif d'arts martiaux\",\"publisher\":{\"@id\":\"https:\/\/www.daisho.be\/de\/#organization\"},\"potentialAction\":[{\"@type\":\"SearchAction\",\"target\":{\"@type\":\"EntryPoint\",\"urlTemplate\":\"https:\/\/www.daisho.be\/de\/?s={search_term_string}\"},\"query-input\":{\"@type\":\"PropertyValueSpecification\",\"valueRequired\":true,\"valueName\":\"search_term_string\"}}],\"inLanguage\":\"de\"},{\"@type\":\"Organization\",\"@id\":\"https:\/\/www.daisho.be\/de\/#organization\",\"name\":\"Daisho\",\"url\":\"https:\/\/www.daisho.be\/de\/\",\"logo\":{\"@type\":\"ImageObject\",\"inLanguage\":\"de\",\"@id\":\"https:\/\/www.daisho.be\/de\/#\/schema\/logo\/image\/\",\"url\":\"https:\/\/www.daisho.be\/wp-content\/uploads\/2019\/07\/color-nothing-horizontale4x-e1564486100247.png\",\"contentUrl\":\"https:\/\/www.daisho.be\/wp-content\/uploads\/2019\/07\/color-nothing-horizontale4x-e1564486100247.png\",\"width\":1547,\"height\":385,\"caption\":\"Daisho\"},\"image\":{\"@id\":\"https:\/\/www.daisho.be\/de\/#\/schema\/logo\/image\/\"}}]}<\/script>\n<!-- \/ Yoast SEO plugin. -->","yoast_head_json":{"title":"Taekwondo-Schuhe ADI-KICK II &#8211; Daisho","description":"Die ADI-KICK II Schuhe wurden ausschlie\u00dflich f\u00fcr Kampfsportarten in geschlossenen R\u00e4umen entwickelt. Sie bieten Haltbarkeit und ein gutes Gef\u00fchl. Kaufen Sie sie auf www.daisho.be","robots":{"index":"index","follow":"follow","max-snippet":"max-snippet:-1","max-image-preview":"max-image-preview:large","max-video-preview":"max-video-preview:-1"},"canonical":"https:\/\/www.daisho.be\/de\/produit\/taekwondo-schuhe-adi-kick-ii\/","og_locale":"de_DE","og_type":"article","og_title":"Taekwondo-Schuhe ADI-KICK II &#8211; Daisho","og_description":"Die ADI-KICK II Schuhe wurden ausschlie\u00dflich f\u00fcr Kampfsportarten in geschlossenen R\u00e4umen entwickelt. Sie bieten Haltbarkeit und ein gutes Gef\u00fchl. Kaufen Sie sie auf www.daisho.be","og_url":"https:\/\/www.daisho.be\/de\/produit\/taekwondo-schuhe-adi-kick-ii\/","og_site_name":"Daisho","article_modified_time":"2025-10-09T12:28:53+00:00","og_image":[{"width":726,"height":632,"url":"https:\/\/www.daisho.be\/wp-content\/uploads\/2024\/11\/image-48.png","type":"image\/png"}],"twitter_card":"summary_large_image","schema":{"@context":"https:\/\/schema.org","@graph":[{"@type":"WebPage","@id":"https:\/\/www.daisho.be\/de\/produit\/taekwondo-schuhe-adi-kick-ii\/","url":"https:\/\/www.daisho.be\/de\/produit\/taekwondo-schuhe-adi-kick-ii\/","name":"Taekwondo-Schuhe ADI-KICK II &#8211; Daisho","isPartOf":{"@id":"https:\/\/www.daisho.be\/de\/#website"},"primaryImageOfPage":{"@id":"https:\/\/www.daisho.be\/de\/produit\/taekwondo-schuhe-adi-kick-ii\/#primaryimage"},"image":{"@id":"https:\/\/www.daisho.be\/de\/produit\/taekwondo-schuhe-adi-kick-ii\/#primaryimage"},"thumbnailUrl":"https:\/\/www.daisho.be\/wp-content\/uploads\/2024\/11\/image-48.png","datePublished":"2024-11-28T15:51:54+00:00","dateModified":"2025-10-09T12:28:53+00:00","description":"Die ADI-KICK II Schuhe wurden ausschlie\u00dflich f\u00fcr Kampfsportarten in geschlossenen R\u00e4umen entwickelt. Sie bieten Haltbarkeit und ein gutes Gef\u00fchl. Kaufen Sie sie auf www.daisho.be","breadcrumb":{"@id":"https:\/\/www.daisho.be\/de\/produit\/taekwondo-schuhe-adi-kick-ii\/#breadcrumb"},"inLanguage":"de","potentialAction":[{"@type":"ReadAction","target":["https:\/\/www.daisho.be\/de\/produit\/taekwondo-schuhe-adi-kick-ii\/"]}]},{"@type":"ImageObject","inLanguage":"de","@id":"https:\/\/www.daisho.be\/de\/produit\/taekwondo-schuhe-adi-kick-ii\/#primaryimage","url":"https:\/\/www.daisho.be\/wp-content\/uploads\/2024\/11\/image-48.png","contentUrl":"https:\/\/www.daisho.be\/wp-content\/uploads\/2024\/11\/image-48.png","width":726,"height":632,"caption":"Taekwondo-Schuhe ADI-KICK II-1"},{"@type":"BreadcrumbList","@id":"https:\/\/www.daisho.be\/de\/produit\/taekwondo-schuhe-adi-kick-ii\/#breadcrumb","itemListElement":[{"@type":"ListItem","position":1,"name":"Accueil","item":"https:\/\/www.daisho.be\/de\/"},{"@type":"ListItem","position":2,"name":"Produkte","item":"https:\/\/www.daisho.be\/de\/produkte\/"},{"@type":"ListItem","position":3,"name":"ADIDAS COMBAT SPORTS","item":"https:\/\/www.daisho.be\/de\/categorie-produit\/adidas-combat-sports-de\/"},{"@type":"ListItem","position":4,"name":"Taekwondo","item":"https:\/\/www.daisho.be\/de\/categorie-produit\/adidas-combat-sports-de\/taekwondo-de\/"},{"@type":"ListItem","position":5,"name":"Adidas Kleidung f\u00fcr Taekwondo","item":"https:\/\/www.daisho.be\/de\/categorie-produit\/adidas-combat-sports-de\/taekwondo-de\/adidas-kleidung-fur-taekwondo\/"},{"@type":"ListItem","position":6,"name":"Taekwondo-Schuhe ADI-KICK II"}]},{"@type":"WebSite","@id":"https:\/\/www.daisho.be\/de\/#website","url":"https:\/\/www.daisho.be\/de\/","name":"Daisho","description":"Sp&eacute;cialiste de l'&eacute;quipement sportif d'arts martiaux","publisher":{"@id":"https:\/\/www.daisho.be\/de\/#organization"},"potentialAction":[{"@type":"SearchAction","target":{"@type":"EntryPoint","urlTemplate":"https:\/\/www.daisho.be\/de\/?s={search_term_string}"},"query-input":{"@type":"PropertyValueSpecification","valueRequired":true,"valueName":"search_term_string"}}],"inLanguage":"de"},{"@type":"Organization","@id":"https:\/\/www.daisho.be\/de\/#organization","name":"Daisho","url":"https:\/\/www.daisho.be\/de\/","logo":{"@type":"ImageObject","inLanguage":"de","@id":"https:\/\/www.daisho.be\/de\/#\/schema\/logo\/image\/","url":"https:\/\/www.daisho.be\/wp-content\/uploads\/2019\/07\/color-nothing-horizontale4x-e1564486100247.png","contentUrl":"https:\/\/www.daisho.be\/wp-content\/uploads\/2019\/07\/color-nothing-horizontale4x-e1564486100247.png","width":1547,"height":385,"caption":"Daisho"},"image":{"@id":"https:\/\/www.daisho.be\/de\/#\/schema\/logo\/image\/"}}]}},"_links":{"self":[{"href":"https:\/\/www.daisho.be\/de\/wp-json\/wp\/v2\/product\/467896","targetHints":{"allow":["GET"]}}],"collection":[{"href":"https:\/\/www.daisho.be\/de\/wp-json\/wp\/v2\/product"}],"about":[{"href":"https:\/\/www.daisho.be\/de\/wp-json\/wp\/v2\/types\/product"}],"replies":[{"embeddable":true,"href":"https:\/\/www.daisho.be\/de\/wp-json\/wp\/v2\/comments?post=467896"}],"wp:featuredmedia":[{"embeddable":true,"href":"https:\/\/www.daisho.be\/de\/wp-json\/wp\/v2\/media\/466909"}],"wp:attachment":[{"href":"https:\/\/www.daisho.be\/de\/wp-json\/wp\/v2\/media?parent=467896"}],"wp:term":[{"taxonomy":"product_brand","embeddable":true,"href":"https:\/\/www.daisho.be\/de\/wp-json\/wp\/v2\/product_brand?post=467896"},{"taxonomy":"product_cat","embeddable":true,"href":"https:\/\/www.daisho.be\/de\/wp-json\/wp\/v2\/product_cat?post=467896"},{"taxonomy":"product_tag","embeddable":true,"href":"https:\/\/www.daisho.be\/de\/wp-json\/wp\/v2\/product_tag?post=467896"},{"taxonomy":"sport","embeddable":true,"href":"https:\/\/www.daisho.be\/de\/wp-json\/wp\/v2\/sport?post=467896"}],"curies":[{"name":"wp","href":"https:\/\/api.w.org\/{rel}","templated":true}]}}