{"id":466743,"date":"2024-11-28T14:09:25","date_gmt":"2024-11-28T13:09:25","guid":{"rendered":"https:\/\/www.daisho.be\/produit\/fitness-tube-rot-strong-vrac\/"},"modified":"2026-01-03T16:56:13","modified_gmt":"2026-01-03T15:56:13","slug":"fitness-tube-rot-strong-vrac","status":"publish","type":"product","link":"https:\/\/www.daisho.be\/de\/produit\/fitness-tube-rot-strong-vrac\/","title":{"rendered":"Fitness tube rot strong- vrac"},"content":{"rendered":"<p>Tube zur Muskelst\u00e4rkung f\u00fcr das Training von Oberk\u00f6rper, Unterk\u00f6rper und Bauchgurt.<br \/>\nGriff an jedem Ende.<br \/>\nElastomer.<br \/>\n&#8211; L\u00e4nge: 130 cm<br \/>\n&#8211; L\u00e4nge Griff: 12 cm<br \/>\n&#8211; Durchmesser Griff: 2.5 cm<br \/>\n&#8211; Zusammensetzung: <\/p>\n<p> Tube aus Elastomer<br \/>\n Griffe und Gurte aus PP<br \/>\n PU-Schaum<\/p>\n<p>&#8211; Gewicht: 140 g<br \/>\n&#8211; Kraft: 11 kg<\/p>\n","protected":false},"excerpt":{"rendered":"<p>Tube zur Muskelst\u00e4rkung f\u00fcr das Training von Oberk\u00f6rper, Unterk\u00f6rper und Bauchgurt. Griff an jedem Ende. Elastomer. &#8211; L\u00e4nge: 130 cm &#8211; L\u00e4nge Griff: 12 cm &#8211; Durchmesser Griff: 2.5 cm &#8211; Zusammensetzung: Tube aus Elastomer Griffe und Gurte aus PP PU-Schaum &#8211; Gewicht: 140 g &#8211; Kraft: 11 kg<\/p>\n","protected":false},"featured_media":466653,"comment_status":"open","ping_status":"closed","template":"","meta":{"inline_featured_image":false},"product_brand":[],"product_cat":[2054],"product_tag":[2225],"sport":[],"class_list":{"0":"post-466743","1":"product","2":"type-product","3":"status-publish","4":"has-post-thumbnail","6":"product_cat-trainingsmaterial","7":"product_tag-sveltus-de","8":"pa_size-sans-taille-defaut","10":"first","11":"instock","12":"taxable","13":"shipping-taxable","14":"purchasable","15":"product-type-simple"},"yoast_head":"<!-- This site is optimized with the Yoast SEO plugin v27.2 - https:\/\/yoast.com\/product\/yoast-seo-wordpress\/ -->\n<title>Fitness tube rot strong- vrac &#8211; Daisho<\/title>\n<meta name=\"robots\" content=\"index, follow, max-snippet:-1, max-image-preview:large, max-video-preview:-1\" \/>\n<link rel=\"canonical\" href=\"https:\/\/www.daisho.be\/de\/produit\/fitness-tube-rot-strong-vrac\/\" \/>\n<meta property=\"og:locale\" content=\"de_DE\" \/>\n<meta property=\"og:type\" content=\"article\" \/>\n<meta property=\"og:title\" content=\"Fitness tube rot strong- vrac &#8211; Daisho\" \/>\n<meta property=\"og:description\" content=\"Tube zur Muskelst\u00e4rkung f\u00fcr das Training von Oberk\u00f6rper, Unterk\u00f6rper und Bauchgurt. Griff an jedem Ende. Elastomer. &#8211; L\u00e4nge: 130 cm &#8211; L\u00e4nge Griff: 12 cm &#8211; Durchmesser Griff: 2.5 cm &#8211; Zusammensetzung: Tube aus Elastomer Griffe und Gurte aus PP PU-Schaum &#8211; Gewicht: 140 g &#8211; Kraft: 11 kg\" \/>\n<meta property=\"og:url\" content=\"https:\/\/www.daisho.be\/de\/produit\/fitness-tube-rot-strong-vrac\/\" \/>\n<meta property=\"og:site_name\" content=\"Daisho\" \/>\n<meta property=\"article:modified_time\" content=\"2026-01-03T15:56:13+00:00\" \/>\n<meta property=\"og:image\" content=\"https:\/\/www.daisho.be\/wp-content\/uploads\/2024\/11\/image-64.jpg\" \/>\n\t<meta property=\"og:image:width\" content=\"1181\" \/>\n\t<meta property=\"og:image:height\" content=\"713\" \/>\n\t<meta property=\"og:image:type\" content=\"image\/jpeg\" \/>\n<meta name=\"twitter:card\" content=\"summary_large_image\" \/>\n<script type=\"application\/ld+json\" class=\"yoast-schema-graph\">{\"@context\":\"https:\/\/schema.org\",\"@graph\":[{\"@type\":\"WebPage\",\"@id\":\"https:\/\/www.daisho.be\/de\/produit\/fitness-tube-rot-strong-vrac\/\",\"url\":\"https:\/\/www.daisho.be\/de\/produit\/fitness-tube-rot-strong-vrac\/\",\"name\":\"Fitness tube rot strong- vrac &#8211; Daisho\",\"isPartOf\":{\"@id\":\"https:\/\/www.daisho.be\/de\/#website\"},\"primaryImageOfPage\":{\"@id\":\"https:\/\/www.daisho.be\/de\/produit\/fitness-tube-rot-strong-vrac\/#primaryimage\"},\"image\":{\"@id\":\"https:\/\/www.daisho.be\/de\/produit\/fitness-tube-rot-strong-vrac\/#primaryimage\"},\"thumbnailUrl\":\"https:\/\/www.daisho.be\/wp-content\/uploads\/2024\/11\/image-64.jpg\",\"datePublished\":\"2024-11-28T13:09:25+00:00\",\"dateModified\":\"2026-01-03T15:56:13+00:00\",\"breadcrumb\":{\"@id\":\"https:\/\/www.daisho.be\/de\/produit\/fitness-tube-rot-strong-vrac\/#breadcrumb\"},\"inLanguage\":\"de\",\"potentialAction\":[{\"@type\":\"ReadAction\",\"target\":[\"https:\/\/www.daisho.be\/de\/produit\/fitness-tube-rot-strong-vrac\/\"]}]},{\"@type\":\"ImageObject\",\"inLanguage\":\"de\",\"@id\":\"https:\/\/www.daisho.be\/de\/produit\/fitness-tube-rot-strong-vrac\/#primaryimage\",\"url\":\"https:\/\/www.daisho.be\/wp-content\/uploads\/2024\/11\/image-64.jpg\",\"contentUrl\":\"https:\/\/www.daisho.be\/wp-content\/uploads\/2024\/11\/image-64.jpg\",\"width\":1181,\"height\":713,\"caption\":\"Fitness tube rot strong- vrac -1\"},{\"@type\":\"BreadcrumbList\",\"@id\":\"https:\/\/www.daisho.be\/de\/produit\/fitness-tube-rot-strong-vrac\/#breadcrumb\",\"itemListElement\":[{\"@type\":\"ListItem\",\"position\":1,\"name\":\"Accueil\",\"item\":\"https:\/\/www.daisho.be\/de\/\"},{\"@type\":\"ListItem\",\"position\":2,\"name\":\"Produkte\",\"item\":\"https:\/\/www.daisho.be\/de\/produkte\/\"},{\"@type\":\"ListItem\",\"position\":3,\"name\":\"Kampfsportarten\",\"item\":\"https:\/\/www.daisho.be\/de\/categorie-produit\/kampfsportarten\/\"},{\"@type\":\"ListItem\",\"position\":4,\"name\":\"Trainingsmaterial\",\"item\":\"https:\/\/www.daisho.be\/de\/categorie-produit\/kampfsportarten\/trainingsmaterial\/\"},{\"@type\":\"ListItem\",\"position\":5,\"name\":\"Fitness tube rot strong- vrac\"}]},{\"@type\":\"WebSite\",\"@id\":\"https:\/\/www.daisho.be\/de\/#website\",\"url\":\"https:\/\/www.daisho.be\/de\/\",\"name\":\"Daisho\",\"description\":\"Sp&eacute;cialiste de l'&eacute;quipement sportif d'arts martiaux\",\"publisher\":{\"@id\":\"https:\/\/www.daisho.be\/de\/#organization\"},\"potentialAction\":[{\"@type\":\"SearchAction\",\"target\":{\"@type\":\"EntryPoint\",\"urlTemplate\":\"https:\/\/www.daisho.be\/de\/?s={search_term_string}\"},\"query-input\":{\"@type\":\"PropertyValueSpecification\",\"valueRequired\":true,\"valueName\":\"search_term_string\"}}],\"inLanguage\":\"de\"},{\"@type\":\"Organization\",\"@id\":\"https:\/\/www.daisho.be\/de\/#organization\",\"name\":\"Daisho\",\"url\":\"https:\/\/www.daisho.be\/de\/\",\"logo\":{\"@type\":\"ImageObject\",\"inLanguage\":\"de\",\"@id\":\"https:\/\/www.daisho.be\/de\/#\/schema\/logo\/image\/\",\"url\":\"https:\/\/www.daisho.be\/wp-content\/uploads\/2019\/07\/color-nothing-horizontale4x-e1564486100247.png\",\"contentUrl\":\"https:\/\/www.daisho.be\/wp-content\/uploads\/2019\/07\/color-nothing-horizontale4x-e1564486100247.png\",\"width\":1547,\"height\":385,\"caption\":\"Daisho\"},\"image\":{\"@id\":\"https:\/\/www.daisho.be\/de\/#\/schema\/logo\/image\/\"}}]}<\/script>\n<!-- \/ Yoast SEO plugin. -->","yoast_head_json":{"title":"Fitness tube rot strong- vrac &#8211; Daisho","robots":{"index":"index","follow":"follow","max-snippet":"max-snippet:-1","max-image-preview":"max-image-preview:large","max-video-preview":"max-video-preview:-1"},"canonical":"https:\/\/www.daisho.be\/de\/produit\/fitness-tube-rot-strong-vrac\/","og_locale":"de_DE","og_type":"article","og_title":"Fitness tube rot strong- vrac &#8211; Daisho","og_description":"Tube zur Muskelst\u00e4rkung f\u00fcr das Training von Oberk\u00f6rper, Unterk\u00f6rper und Bauchgurt. Griff an jedem Ende. Elastomer. &#8211; L\u00e4nge: 130 cm &#8211; L\u00e4nge Griff: 12 cm &#8211; Durchmesser Griff: 2.5 cm &#8211; Zusammensetzung: Tube aus Elastomer Griffe und Gurte aus PP PU-Schaum &#8211; Gewicht: 140 g &#8211; Kraft: 11 kg","og_url":"https:\/\/www.daisho.be\/de\/produit\/fitness-tube-rot-strong-vrac\/","og_site_name":"Daisho","article_modified_time":"2026-01-03T15:56:13+00:00","og_image":[{"width":1181,"height":713,"url":"https:\/\/www.daisho.be\/wp-content\/uploads\/2024\/11\/image-64.jpg","type":"image\/jpeg"}],"twitter_card":"summary_large_image","schema":{"@context":"https:\/\/schema.org","@graph":[{"@type":"WebPage","@id":"https:\/\/www.daisho.be\/de\/produit\/fitness-tube-rot-strong-vrac\/","url":"https:\/\/www.daisho.be\/de\/produit\/fitness-tube-rot-strong-vrac\/","name":"Fitness tube rot strong- vrac &#8211; Daisho","isPartOf":{"@id":"https:\/\/www.daisho.be\/de\/#website"},"primaryImageOfPage":{"@id":"https:\/\/www.daisho.be\/de\/produit\/fitness-tube-rot-strong-vrac\/#primaryimage"},"image":{"@id":"https:\/\/www.daisho.be\/de\/produit\/fitness-tube-rot-strong-vrac\/#primaryimage"},"thumbnailUrl":"https:\/\/www.daisho.be\/wp-content\/uploads\/2024\/11\/image-64.jpg","datePublished":"2024-11-28T13:09:25+00:00","dateModified":"2026-01-03T15:56:13+00:00","breadcrumb":{"@id":"https:\/\/www.daisho.be\/de\/produit\/fitness-tube-rot-strong-vrac\/#breadcrumb"},"inLanguage":"de","potentialAction":[{"@type":"ReadAction","target":["https:\/\/www.daisho.be\/de\/produit\/fitness-tube-rot-strong-vrac\/"]}]},{"@type":"ImageObject","inLanguage":"de","@id":"https:\/\/www.daisho.be\/de\/produit\/fitness-tube-rot-strong-vrac\/#primaryimage","url":"https:\/\/www.daisho.be\/wp-content\/uploads\/2024\/11\/image-64.jpg","contentUrl":"https:\/\/www.daisho.be\/wp-content\/uploads\/2024\/11\/image-64.jpg","width":1181,"height":713,"caption":"Fitness tube rot strong- vrac -1"},{"@type":"BreadcrumbList","@id":"https:\/\/www.daisho.be\/de\/produit\/fitness-tube-rot-strong-vrac\/#breadcrumb","itemListElement":[{"@type":"ListItem","position":1,"name":"Accueil","item":"https:\/\/www.daisho.be\/de\/"},{"@type":"ListItem","position":2,"name":"Produkte","item":"https:\/\/www.daisho.be\/de\/produkte\/"},{"@type":"ListItem","position":3,"name":"Kampfsportarten","item":"https:\/\/www.daisho.be\/de\/categorie-produit\/kampfsportarten\/"},{"@type":"ListItem","position":4,"name":"Trainingsmaterial","item":"https:\/\/www.daisho.be\/de\/categorie-produit\/kampfsportarten\/trainingsmaterial\/"},{"@type":"ListItem","position":5,"name":"Fitness tube rot strong- vrac"}]},{"@type":"WebSite","@id":"https:\/\/www.daisho.be\/de\/#website","url":"https:\/\/www.daisho.be\/de\/","name":"Daisho","description":"Sp&eacute;cialiste de l'&eacute;quipement sportif d'arts martiaux","publisher":{"@id":"https:\/\/www.daisho.be\/de\/#organization"},"potentialAction":[{"@type":"SearchAction","target":{"@type":"EntryPoint","urlTemplate":"https:\/\/www.daisho.be\/de\/?s={search_term_string}"},"query-input":{"@type":"PropertyValueSpecification","valueRequired":true,"valueName":"search_term_string"}}],"inLanguage":"de"},{"@type":"Organization","@id":"https:\/\/www.daisho.be\/de\/#organization","name":"Daisho","url":"https:\/\/www.daisho.be\/de\/","logo":{"@type":"ImageObject","inLanguage":"de","@id":"https:\/\/www.daisho.be\/de\/#\/schema\/logo\/image\/","url":"https:\/\/www.daisho.be\/wp-content\/uploads\/2019\/07\/color-nothing-horizontale4x-e1564486100247.png","contentUrl":"https:\/\/www.daisho.be\/wp-content\/uploads\/2019\/07\/color-nothing-horizontale4x-e1564486100247.png","width":1547,"height":385,"caption":"Daisho"},"image":{"@id":"https:\/\/www.daisho.be\/de\/#\/schema\/logo\/image\/"}}]}},"_links":{"self":[{"href":"https:\/\/www.daisho.be\/de\/wp-json\/wp\/v2\/product\/466743","targetHints":{"allow":["GET"]}}],"collection":[{"href":"https:\/\/www.daisho.be\/de\/wp-json\/wp\/v2\/product"}],"about":[{"href":"https:\/\/www.daisho.be\/de\/wp-json\/wp\/v2\/types\/product"}],"replies":[{"embeddable":true,"href":"https:\/\/www.daisho.be\/de\/wp-json\/wp\/v2\/comments?post=466743"}],"wp:featuredmedia":[{"embeddable":true,"href":"https:\/\/www.daisho.be\/de\/wp-json\/wp\/v2\/media\/466653"}],"wp:attachment":[{"href":"https:\/\/www.daisho.be\/de\/wp-json\/wp\/v2\/media?parent=466743"}],"wp:term":[{"taxonomy":"product_brand","embeddable":true,"href":"https:\/\/www.daisho.be\/de\/wp-json\/wp\/v2\/product_brand?post=466743"},{"taxonomy":"product_cat","embeddable":true,"href":"https:\/\/www.daisho.be\/de\/wp-json\/wp\/v2\/product_cat?post=466743"},{"taxonomy":"product_tag","embeddable":true,"href":"https:\/\/www.daisho.be\/de\/wp-json\/wp\/v2\/product_tag?post=466743"},{"taxonomy":"sport","embeddable":true,"href":"https:\/\/www.daisho.be\/de\/wp-json\/wp\/v2\/sport?post=466743"}],"curies":[{"name":"wp","href":"https:\/\/api.w.org\/{rel}","templated":true}]}}