{"id":466729,"date":"2024-11-28T14:06:34","date_gmt":"2024-11-28T13:06:34","guid":{"rendered":"https:\/\/www.daisho.be\/produit\/set-aus-3-fitnessgummis\/"},"modified":"2024-11-28T14:06:34","modified_gmt":"2024-11-28T13:06:34","slug":"set-aus-3-fitnessgummis","status":"publish","type":"product","link":"https:\/\/www.daisho.be\/de\/produit\/set-aus-3-fitnessgummis\/","title":{"rendered":"Set aus 3 Fitnessgummis"},"content":{"rendered":"<p>Ideal f\u00fcr die Muskelst\u00e4rkung, die Rehabilitation und das Training der Motorik. Dank der abnehmbaren Griffe k\u00f6nnen Sie mit diesem Set von elastischen B\u00e4ndern mit unterschiedlichen Widerst\u00e4nden trainieren, ideal f\u00fcr ein progressives Training. Gesamtl\u00e4nge mit Griffen: 180 cm. &#8211; L\u00e4nge Griff: 13 cm &#8211; Durchmesser Griff: 3.5 cm &#8211; L\u00e4nge Gurtband Griff: 30 cm &#8211; Zusammensetzung: Latex-Gel f\u00fcr Tube &#8211; PU-Schaum &#8211; PP-Griff &#8211; PP-Gurt Light 4 kg: &#8211; L\u00e4nge: 108 cm &#8211; Breite: 2.5 cm &#8211; Breite: 2.5 cm &#8211; Dicke: 3.3 cm &#8211; Gewicht: 100 g Medium 5 kg: &#8211; L\u00e4nge: 110 cm &#8211; Breite: 2.5 cm &#8211; Dicke: 3.6 cm &#8211; Gewicht: 100 g Strong 6 kg: &#8211; L\u00e4nge: 112 cm &#8211; Breite: 2.5 cm &#8211; Dicke: 4 cm &#8211; Gewicht: 120 g<\/p>\n","protected":false},"excerpt":{"rendered":"<p>Ideal f\u00fcr die Muskelst\u00e4rkung, die Rehabilitation und das Training der Motorik. Dank der abnehmbaren Griffe k\u00f6nnen Sie mit diesem Set von elastischen B\u00e4ndern mit unterschiedlichen Widerst\u00e4nden trainieren, ideal f\u00fcr ein progressives Training. Gesamtl\u00e4nge mit Griffen: 180 cm. &#8211; L\u00e4nge Griff: 13 cm &#8211; Durchmesser Griff: 3.5 cm &#8211; L\u00e4nge Gurtband Griff: 30 cm &#8211; Zusammensetzung: [&hellip;]<\/p>\n","protected":false},"featured_media":466621,"comment_status":"open","ping_status":"closed","template":"","meta":{"inline_featured_image":false},"product_brand":[],"product_cat":[2054],"product_tag":[2225],"sport":[],"class_list":{"0":"post-466729","1":"product","2":"type-product","3":"status-publish","4":"has-post-thumbnail","6":"product_cat-trainingsmaterial","7":"product_tag-sveltus-de","9":"first","10":"instock","11":"taxable","12":"shipping-taxable","13":"purchasable","14":"product-type-simple"},"yoast_head":"<!-- This site is optimized with the Yoast SEO plugin v27.2 - https:\/\/yoast.com\/product\/yoast-seo-wordpress\/ -->\n<title>Set aus 3 Fitnessgummis &#8211; Daisho<\/title>\n<meta name=\"robots\" content=\"index, follow, max-snippet:-1, max-image-preview:large, max-video-preview:-1\" \/>\n<link rel=\"canonical\" href=\"https:\/\/www.daisho.be\/de\/produit\/set-aus-3-fitnessgummis\/\" \/>\n<meta property=\"og:locale\" content=\"de_DE\" \/>\n<meta property=\"og:type\" content=\"article\" \/>\n<meta property=\"og:title\" content=\"Set aus 3 Fitnessgummis &#8211; Daisho\" \/>\n<meta property=\"og:description\" content=\"Ideal f\u00fcr die Muskelst\u00e4rkung, die Rehabilitation und das Training der Motorik. Dank der abnehmbaren Griffe k\u00f6nnen Sie mit diesem Set von elastischen B\u00e4ndern mit unterschiedlichen Widerst\u00e4nden trainieren, ideal f\u00fcr ein progressives Training. Gesamtl\u00e4nge mit Griffen: 180 cm. &#8211; L\u00e4nge Griff: 13 cm &#8211; Durchmesser Griff: 3.5 cm &#8211; L\u00e4nge Gurtband Griff: 30 cm &#8211; Zusammensetzung: [&hellip;]\" \/>\n<meta property=\"og:url\" content=\"https:\/\/www.daisho.be\/de\/produit\/set-aus-3-fitnessgummis\/\" \/>\n<meta property=\"og:site_name\" content=\"Daisho\" \/>\n<meta property=\"og:image\" content=\"https:\/\/www.daisho.be\/wp-content\/uploads\/2024\/11\/image-60.jpg\" \/>\n\t<meta property=\"og:image:width\" content=\"1182\" \/>\n\t<meta property=\"og:image:height\" content=\"1723\" \/>\n\t<meta property=\"og:image:type\" content=\"image\/jpeg\" \/>\n<meta name=\"twitter:card\" content=\"summary_large_image\" \/>\n<meta name=\"twitter:label1\" content=\"Gesch\u00e4tzte Lesezeit\" \/>\n\t<meta name=\"twitter:data1\" content=\"1\u00a0Minute\" \/>\n<script type=\"application\/ld+json\" class=\"yoast-schema-graph\">{\"@context\":\"https:\/\/schema.org\",\"@graph\":[{\"@type\":\"WebPage\",\"@id\":\"https:\/\/www.daisho.be\/de\/produit\/set-aus-3-fitnessgummis\/\",\"url\":\"https:\/\/www.daisho.be\/de\/produit\/set-aus-3-fitnessgummis\/\",\"name\":\"Set aus 3 Fitnessgummis &#8211; Daisho\",\"isPartOf\":{\"@id\":\"https:\/\/www.daisho.be\/de\/#website\"},\"primaryImageOfPage\":{\"@id\":\"https:\/\/www.daisho.be\/de\/produit\/set-aus-3-fitnessgummis\/#primaryimage\"},\"image\":{\"@id\":\"https:\/\/www.daisho.be\/de\/produit\/set-aus-3-fitnessgummis\/#primaryimage\"},\"thumbnailUrl\":\"https:\/\/www.daisho.be\/wp-content\/uploads\/2024\/11\/image-60.jpg\",\"datePublished\":\"2024-11-28T13:06:34+00:00\",\"breadcrumb\":{\"@id\":\"https:\/\/www.daisho.be\/de\/produit\/set-aus-3-fitnessgummis\/#breadcrumb\"},\"inLanguage\":\"de\",\"potentialAction\":[{\"@type\":\"ReadAction\",\"target\":[\"https:\/\/www.daisho.be\/de\/produit\/set-aus-3-fitnessgummis\/\"]}]},{\"@type\":\"ImageObject\",\"inLanguage\":\"de\",\"@id\":\"https:\/\/www.daisho.be\/de\/produit\/set-aus-3-fitnessgummis\/#primaryimage\",\"url\":\"https:\/\/www.daisho.be\/wp-content\/uploads\/2024\/11\/image-60.jpg\",\"contentUrl\":\"https:\/\/www.daisho.be\/wp-content\/uploads\/2024\/11\/image-60.jpg\",\"width\":1182,\"height\":1723,\"caption\":\"Set aus 3 Fitnessgummis-1\"},{\"@type\":\"BreadcrumbList\",\"@id\":\"https:\/\/www.daisho.be\/de\/produit\/set-aus-3-fitnessgummis\/#breadcrumb\",\"itemListElement\":[{\"@type\":\"ListItem\",\"position\":1,\"name\":\"Accueil\",\"item\":\"https:\/\/www.daisho.be\/de\/\"},{\"@type\":\"ListItem\",\"position\":2,\"name\":\"Produkte\",\"item\":\"https:\/\/www.daisho.be\/de\/produkte\/\"},{\"@type\":\"ListItem\",\"position\":3,\"name\":\"Kampfsportarten\",\"item\":\"https:\/\/www.daisho.be\/de\/categorie-produit\/kampfsportarten\/\"},{\"@type\":\"ListItem\",\"position\":4,\"name\":\"Trainingsmaterial\",\"item\":\"https:\/\/www.daisho.be\/de\/categorie-produit\/kampfsportarten\/trainingsmaterial\/\"},{\"@type\":\"ListItem\",\"position\":5,\"name\":\"Set aus 3 Fitnessgummis\"}]},{\"@type\":\"WebSite\",\"@id\":\"https:\/\/www.daisho.be\/de\/#website\",\"url\":\"https:\/\/www.daisho.be\/de\/\",\"name\":\"Daisho\",\"description\":\"Sp&eacute;cialiste de l'&eacute;quipement sportif d'arts martiaux\",\"publisher\":{\"@id\":\"https:\/\/www.daisho.be\/de\/#organization\"},\"potentialAction\":[{\"@type\":\"SearchAction\",\"target\":{\"@type\":\"EntryPoint\",\"urlTemplate\":\"https:\/\/www.daisho.be\/de\/?s={search_term_string}\"},\"query-input\":{\"@type\":\"PropertyValueSpecification\",\"valueRequired\":true,\"valueName\":\"search_term_string\"}}],\"inLanguage\":\"de\"},{\"@type\":\"Organization\",\"@id\":\"https:\/\/www.daisho.be\/de\/#organization\",\"name\":\"Daisho\",\"url\":\"https:\/\/www.daisho.be\/de\/\",\"logo\":{\"@type\":\"ImageObject\",\"inLanguage\":\"de\",\"@id\":\"https:\/\/www.daisho.be\/de\/#\/schema\/logo\/image\/\",\"url\":\"https:\/\/www.daisho.be\/wp-content\/uploads\/2019\/07\/color-nothing-horizontale4x-e1564486100247.png\",\"contentUrl\":\"https:\/\/www.daisho.be\/wp-content\/uploads\/2019\/07\/color-nothing-horizontale4x-e1564486100247.png\",\"width\":1547,\"height\":385,\"caption\":\"Daisho\"},\"image\":{\"@id\":\"https:\/\/www.daisho.be\/de\/#\/schema\/logo\/image\/\"}}]}<\/script>\n<!-- \/ Yoast SEO plugin. -->","yoast_head_json":{"title":"Set aus 3 Fitnessgummis &#8211; Daisho","robots":{"index":"index","follow":"follow","max-snippet":"max-snippet:-1","max-image-preview":"max-image-preview:large","max-video-preview":"max-video-preview:-1"},"canonical":"https:\/\/www.daisho.be\/de\/produit\/set-aus-3-fitnessgummis\/","og_locale":"de_DE","og_type":"article","og_title":"Set aus 3 Fitnessgummis &#8211; Daisho","og_description":"Ideal f\u00fcr die Muskelst\u00e4rkung, die Rehabilitation und das Training der Motorik. Dank der abnehmbaren Griffe k\u00f6nnen Sie mit diesem Set von elastischen B\u00e4ndern mit unterschiedlichen Widerst\u00e4nden trainieren, ideal f\u00fcr ein progressives Training. Gesamtl\u00e4nge mit Griffen: 180 cm. &#8211; L\u00e4nge Griff: 13 cm &#8211; Durchmesser Griff: 3.5 cm &#8211; L\u00e4nge Gurtband Griff: 30 cm &#8211; Zusammensetzung: [&hellip;]","og_url":"https:\/\/www.daisho.be\/de\/produit\/set-aus-3-fitnessgummis\/","og_site_name":"Daisho","og_image":[{"width":1182,"height":1723,"url":"https:\/\/www.daisho.be\/wp-content\/uploads\/2024\/11\/image-60.jpg","type":"image\/jpeg"}],"twitter_card":"summary_large_image","twitter_misc":{"Gesch\u00e4tzte Lesezeit":"1\u00a0Minute"},"schema":{"@context":"https:\/\/schema.org","@graph":[{"@type":"WebPage","@id":"https:\/\/www.daisho.be\/de\/produit\/set-aus-3-fitnessgummis\/","url":"https:\/\/www.daisho.be\/de\/produit\/set-aus-3-fitnessgummis\/","name":"Set aus 3 Fitnessgummis &#8211; Daisho","isPartOf":{"@id":"https:\/\/www.daisho.be\/de\/#website"},"primaryImageOfPage":{"@id":"https:\/\/www.daisho.be\/de\/produit\/set-aus-3-fitnessgummis\/#primaryimage"},"image":{"@id":"https:\/\/www.daisho.be\/de\/produit\/set-aus-3-fitnessgummis\/#primaryimage"},"thumbnailUrl":"https:\/\/www.daisho.be\/wp-content\/uploads\/2024\/11\/image-60.jpg","datePublished":"2024-11-28T13:06:34+00:00","breadcrumb":{"@id":"https:\/\/www.daisho.be\/de\/produit\/set-aus-3-fitnessgummis\/#breadcrumb"},"inLanguage":"de","potentialAction":[{"@type":"ReadAction","target":["https:\/\/www.daisho.be\/de\/produit\/set-aus-3-fitnessgummis\/"]}]},{"@type":"ImageObject","inLanguage":"de","@id":"https:\/\/www.daisho.be\/de\/produit\/set-aus-3-fitnessgummis\/#primaryimage","url":"https:\/\/www.daisho.be\/wp-content\/uploads\/2024\/11\/image-60.jpg","contentUrl":"https:\/\/www.daisho.be\/wp-content\/uploads\/2024\/11\/image-60.jpg","width":1182,"height":1723,"caption":"Set aus 3 Fitnessgummis-1"},{"@type":"BreadcrumbList","@id":"https:\/\/www.daisho.be\/de\/produit\/set-aus-3-fitnessgummis\/#breadcrumb","itemListElement":[{"@type":"ListItem","position":1,"name":"Accueil","item":"https:\/\/www.daisho.be\/de\/"},{"@type":"ListItem","position":2,"name":"Produkte","item":"https:\/\/www.daisho.be\/de\/produkte\/"},{"@type":"ListItem","position":3,"name":"Kampfsportarten","item":"https:\/\/www.daisho.be\/de\/categorie-produit\/kampfsportarten\/"},{"@type":"ListItem","position":4,"name":"Trainingsmaterial","item":"https:\/\/www.daisho.be\/de\/categorie-produit\/kampfsportarten\/trainingsmaterial\/"},{"@type":"ListItem","position":5,"name":"Set aus 3 Fitnessgummis"}]},{"@type":"WebSite","@id":"https:\/\/www.daisho.be\/de\/#website","url":"https:\/\/www.daisho.be\/de\/","name":"Daisho","description":"Sp&eacute;cialiste de l'&eacute;quipement sportif d'arts martiaux","publisher":{"@id":"https:\/\/www.daisho.be\/de\/#organization"},"potentialAction":[{"@type":"SearchAction","target":{"@type":"EntryPoint","urlTemplate":"https:\/\/www.daisho.be\/de\/?s={search_term_string}"},"query-input":{"@type":"PropertyValueSpecification","valueRequired":true,"valueName":"search_term_string"}}],"inLanguage":"de"},{"@type":"Organization","@id":"https:\/\/www.daisho.be\/de\/#organization","name":"Daisho","url":"https:\/\/www.daisho.be\/de\/","logo":{"@type":"ImageObject","inLanguage":"de","@id":"https:\/\/www.daisho.be\/de\/#\/schema\/logo\/image\/","url":"https:\/\/www.daisho.be\/wp-content\/uploads\/2019\/07\/color-nothing-horizontale4x-e1564486100247.png","contentUrl":"https:\/\/www.daisho.be\/wp-content\/uploads\/2019\/07\/color-nothing-horizontale4x-e1564486100247.png","width":1547,"height":385,"caption":"Daisho"},"image":{"@id":"https:\/\/www.daisho.be\/de\/#\/schema\/logo\/image\/"}}]}},"_links":{"self":[{"href":"https:\/\/www.daisho.be\/de\/wp-json\/wp\/v2\/product\/466729","targetHints":{"allow":["GET"]}}],"collection":[{"href":"https:\/\/www.daisho.be\/de\/wp-json\/wp\/v2\/product"}],"about":[{"href":"https:\/\/www.daisho.be\/de\/wp-json\/wp\/v2\/types\/product"}],"replies":[{"embeddable":true,"href":"https:\/\/www.daisho.be\/de\/wp-json\/wp\/v2\/comments?post=466729"}],"wp:featuredmedia":[{"embeddable":true,"href":"https:\/\/www.daisho.be\/de\/wp-json\/wp\/v2\/media\/466621"}],"wp:attachment":[{"href":"https:\/\/www.daisho.be\/de\/wp-json\/wp\/v2\/media?parent=466729"}],"wp:term":[{"taxonomy":"product_brand","embeddable":true,"href":"https:\/\/www.daisho.be\/de\/wp-json\/wp\/v2\/product_brand?post=466729"},{"taxonomy":"product_cat","embeddable":true,"href":"https:\/\/www.daisho.be\/de\/wp-json\/wp\/v2\/product_cat?post=466729"},{"taxonomy":"product_tag","embeddable":true,"href":"https:\/\/www.daisho.be\/de\/wp-json\/wp\/v2\/product_tag?post=466729"},{"taxonomy":"sport","embeddable":true,"href":"https:\/\/www.daisho.be\/de\/wp-json\/wp\/v2\/sport?post=466729"}],"curies":[{"name":"wp","href":"https:\/\/api.w.org\/{rel}","templated":true}]}}