{"id":465029,"date":"2024-11-26T11:20:36","date_gmt":"2024-11-26T10:20:36","guid":{"rendered":"https:\/\/www.daisho.be\/produit\/plastron-tokaido-youth-league-wkf-approved\/"},"modified":"2025-11-18T10:07:11","modified_gmt":"2025-11-18T09:07:11","slug":"plastron-tokaido-youth-league-wkf-approved","status":"publish","type":"product","link":"https:\/\/www.daisho.be\/de\/produit\/plastron-tokaido-youth-league-wkf-approved\/","title":{"rendered":"PLASTRON TOKAIDO &#8211; Youth League &#8211; WKF APPROVED"},"content":{"rendered":"<p> <span style=\"color:#e60000;font-weight:bold\"><br \/>\n<i class=\"fa fa-clock-o\"><\/i> <\/span> VERF\u00dcGBAR<span style=\"color:#e60000;font-weight:bold\">: DEZEMBER 2025 | JANUAR 2026<br \/>\n<\/span><br \/>\n Karate Brustpanzer f\u00fcr Kinder, TOKAIDO Youth League, WKF<br \/>\nEntdecken Sie die perfekte Kombination aus Schutz und Komfort mit unserer Weste, die speziell f\u00fcr die Karate Youth League entwickelt wurde und offiziell von der World Karate Federation (WKF) anerkannt ist.<br \/>\nDiese Weste wurde entwickelt, um \u00fcber dem Karateanzug getragen zu werden und bietet optimalen Schutz w\u00e4hrend des Trainings und der Wettk\u00e4mpfe.<br \/>\nMerkmale:<br \/>\n&#8211; Von der Jugendliga zugelassen<br \/>\n&#8211; Von der WKF zugelassen<br \/>\n&#8211; leicht und haltbar<br \/>\n&#8211; sichere Passform<br \/>\n&#8211; verstellbarer Klettverschluss<\/p>\n<p><span style=\"display: flex;align-items: flex-start\"><img decoding=\"async\" class=\"alignleft\" src=\"https:\/\/www.daisho.be\/wp-content\/uploads\/2025\/10\/fb515.png\" alt=\"\" width=\"60%\" height=\"\"><\/span><\/p>\n","protected":false},"excerpt":{"rendered":"<p>VERF\u00dcGBAR: DEZEMBER 2025 | JANUAR 2026 Karate Brustpanzer f\u00fcr Kinder, TOKAIDO Youth League, WKF Entdecken Sie die perfekte Kombination aus Schutz und Komfort mit unserer Weste, die speziell f\u00fcr die Karate Youth League entwickelt wurde und offiziell von der World Karate Federation (WKF) anerkannt ist. Diese Weste wurde entwickelt, um \u00fcber dem Karateanzug getragen zu [&hellip;]<\/p>\n","protected":false},"featured_media":464845,"comment_status":"open","ping_status":"closed","template":"","meta":{"inline_featured_image":false},"product_brand":[],"product_cat":[2062,2021,2051],"product_tag":[2004],"sport":[],"class_list":{"0":"post-465029","1":"product","2":"type-product","3":"status-publish","4":"has-post-thumbnail","6":"product_cat-karate-schutzkleidung","7":"product_cat-protektoren-kick-boxing","8":"product_cat-schutz","9":"product_tag-tokaido-de","10":"pa_size-l","11":"pa_size-m","12":"pa_size-s","13":"pa_size-xl","14":"pa_size-xs","16":"first","17":"instock","18":"taxable","19":"shipping-taxable","20":"purchasable","21":"product-type-variable"},"yoast_head":"<!-- This site is optimized with the Yoast SEO plugin v27.2 - https:\/\/yoast.com\/product\/yoast-seo-wordpress\/ -->\n<title>PLASTRON TOKAIDO - Youth League - WKF APPROVED &#8211; Daisho<\/title>\n<meta name=\"robots\" content=\"index, follow, max-snippet:-1, max-image-preview:large, max-video-preview:-1\" \/>\n<link rel=\"canonical\" href=\"https:\/\/www.daisho.be\/de\/produit\/plastron-tokaido-youth-league-wkf-approved\/\" \/>\n<meta property=\"og:locale\" content=\"de_DE\" \/>\n<meta property=\"og:type\" content=\"article\" \/>\n<meta property=\"og:title\" content=\"PLASTRON TOKAIDO - Youth League - WKF APPROVED &#8211; Daisho\" \/>\n<meta property=\"og:description\" content=\"VERF\u00dcGBAR: DEZEMBER 2025 | JANUAR 2026 Karate Brustpanzer f\u00fcr Kinder, TOKAIDO Youth League, WKF Entdecken Sie die perfekte Kombination aus Schutz und Komfort mit unserer Weste, die speziell f\u00fcr die Karate Youth League entwickelt wurde und offiziell von der World Karate Federation (WKF) anerkannt ist. Diese Weste wurde entwickelt, um \u00fcber dem Karateanzug getragen zu [&hellip;]\" \/>\n<meta property=\"og:url\" content=\"https:\/\/www.daisho.be\/de\/produit\/plastron-tokaido-youth-league-wkf-approved\/\" \/>\n<meta property=\"og:site_name\" content=\"Daisho\" \/>\n<meta property=\"article:modified_time\" content=\"2025-11-18T09:07:11+00:00\" \/>\n<meta property=\"og:image\" content=\"https:\/\/www.daisho.be\/wp-content\/uploads\/2024\/11\/image-56.jpg\" \/>\n\t<meta property=\"og:image:width\" content=\"800\" \/>\n\t<meta property=\"og:image:height\" content=\"1280\" \/>\n\t<meta property=\"og:image:type\" content=\"image\/jpeg\" \/>\n<meta name=\"twitter:card\" content=\"summary_large_image\" \/>\n<script type=\"application\/ld+json\" class=\"yoast-schema-graph\">{\"@context\":\"https:\/\/schema.org\",\"@graph\":[{\"@type\":\"WebPage\",\"@id\":\"https:\/\/www.daisho.be\/de\/produit\/plastron-tokaido-youth-league-wkf-approved\/\",\"url\":\"https:\/\/www.daisho.be\/de\/produit\/plastron-tokaido-youth-league-wkf-approved\/\",\"name\":\"PLASTRON TOKAIDO - Youth League - WKF APPROVED &#8211; Daisho\",\"isPartOf\":{\"@id\":\"https:\/\/www.daisho.be\/de\/#website\"},\"primaryImageOfPage\":{\"@id\":\"https:\/\/www.daisho.be\/de\/produit\/plastron-tokaido-youth-league-wkf-approved\/#primaryimage\"},\"image\":{\"@id\":\"https:\/\/www.daisho.be\/de\/produit\/plastron-tokaido-youth-league-wkf-approved\/#primaryimage\"},\"thumbnailUrl\":\"https:\/\/www.daisho.be\/wp-content\/uploads\/2024\/11\/image-56.jpg\",\"datePublished\":\"2024-11-26T10:20:36+00:00\",\"dateModified\":\"2025-11-18T09:07:11+00:00\",\"breadcrumb\":{\"@id\":\"https:\/\/www.daisho.be\/de\/produit\/plastron-tokaido-youth-league-wkf-approved\/#breadcrumb\"},\"inLanguage\":\"de\",\"potentialAction\":[{\"@type\":\"ReadAction\",\"target\":[\"https:\/\/www.daisho.be\/de\/produit\/plastron-tokaido-youth-league-wkf-approved\/\"]}]},{\"@type\":\"ImageObject\",\"inLanguage\":\"de\",\"@id\":\"https:\/\/www.daisho.be\/de\/produit\/plastron-tokaido-youth-league-wkf-approved\/#primaryimage\",\"url\":\"https:\/\/www.daisho.be\/wp-content\/uploads\/2024\/11\/image-56.jpg\",\"contentUrl\":\"https:\/\/www.daisho.be\/wp-content\/uploads\/2024\/11\/image-56.jpg\",\"width\":800,\"height\":1280,\"caption\":\"PLASTRON TOKAIDO - Youth League - WKF APPROVED-1\"},{\"@type\":\"BreadcrumbList\",\"@id\":\"https:\/\/www.daisho.be\/de\/produit\/plastron-tokaido-youth-league-wkf-approved\/#breadcrumb\",\"itemListElement\":[{\"@type\":\"ListItem\",\"position\":1,\"name\":\"Accueil\",\"item\":\"https:\/\/www.daisho.be\/de\/\"},{\"@type\":\"ListItem\",\"position\":2,\"name\":\"Produkte\",\"item\":\"https:\/\/www.daisho.be\/de\/produkte\/\"},{\"@type\":\"ListItem\",\"position\":3,\"name\":\"Ausr\u00fcstung und Kleidung f\u00fcr Kampfkunst und Kampfsport\",\"item\":\"https:\/\/www.daisho.be\/de\/categorie-produit\/ausrustung-und-kleidung-fur-kampfkunst-und-kampfsport\/\"},{\"@type\":\"ListItem\",\"position\":4,\"name\":\"Karate\",\"item\":\"https:\/\/www.daisho.be\/de\/categorie-produit\/ausrustung-und-kleidung-fur-kampfkunst-und-kampfsport\/karate-de-2\/\"},{\"@type\":\"ListItem\",\"position\":5,\"name\":\"Karate-Schutzkleidung\",\"item\":\"https:\/\/www.daisho.be\/de\/categorie-produit\/ausrustung-und-kleidung-fur-kampfkunst-und-kampfsport\/karate-de-2\/karate-schutzkleidung\/\"},{\"@type\":\"ListItem\",\"position\":6,\"name\":\"PLASTRON TOKAIDO &#8211; Youth League &#8211; WKF APPROVED\"}]},{\"@type\":\"WebSite\",\"@id\":\"https:\/\/www.daisho.be\/de\/#website\",\"url\":\"https:\/\/www.daisho.be\/de\/\",\"name\":\"Daisho\",\"description\":\"Sp&eacute;cialiste de l'&eacute;quipement sportif d'arts martiaux\",\"publisher\":{\"@id\":\"https:\/\/www.daisho.be\/de\/#organization\"},\"potentialAction\":[{\"@type\":\"SearchAction\",\"target\":{\"@type\":\"EntryPoint\",\"urlTemplate\":\"https:\/\/www.daisho.be\/de\/?s={search_term_string}\"},\"query-input\":{\"@type\":\"PropertyValueSpecification\",\"valueRequired\":true,\"valueName\":\"search_term_string\"}}],\"inLanguage\":\"de\"},{\"@type\":\"Organization\",\"@id\":\"https:\/\/www.daisho.be\/de\/#organization\",\"name\":\"Daisho\",\"url\":\"https:\/\/www.daisho.be\/de\/\",\"logo\":{\"@type\":\"ImageObject\",\"inLanguage\":\"de\",\"@id\":\"https:\/\/www.daisho.be\/de\/#\/schema\/logo\/image\/\",\"url\":\"https:\/\/www.daisho.be\/wp-content\/uploads\/2019\/07\/color-nothing-horizontale4x-e1564486100247.png\",\"contentUrl\":\"https:\/\/www.daisho.be\/wp-content\/uploads\/2019\/07\/color-nothing-horizontale4x-e1564486100247.png\",\"width\":1547,\"height\":385,\"caption\":\"Daisho\"},\"image\":{\"@id\":\"https:\/\/www.daisho.be\/de\/#\/schema\/logo\/image\/\"}}]}<\/script>\n<!-- \/ Yoast SEO plugin. -->","yoast_head_json":{"title":"PLASTRON TOKAIDO - Youth League - WKF APPROVED &#8211; Daisho","robots":{"index":"index","follow":"follow","max-snippet":"max-snippet:-1","max-image-preview":"max-image-preview:large","max-video-preview":"max-video-preview:-1"},"canonical":"https:\/\/www.daisho.be\/de\/produit\/plastron-tokaido-youth-league-wkf-approved\/","og_locale":"de_DE","og_type":"article","og_title":"PLASTRON TOKAIDO - Youth League - WKF APPROVED &#8211; Daisho","og_description":"VERF\u00dcGBAR: DEZEMBER 2025 | JANUAR 2026 Karate Brustpanzer f\u00fcr Kinder, TOKAIDO Youth League, WKF Entdecken Sie die perfekte Kombination aus Schutz und Komfort mit unserer Weste, die speziell f\u00fcr die Karate Youth League entwickelt wurde und offiziell von der World Karate Federation (WKF) anerkannt ist. Diese Weste wurde entwickelt, um \u00fcber dem Karateanzug getragen zu [&hellip;]","og_url":"https:\/\/www.daisho.be\/de\/produit\/plastron-tokaido-youth-league-wkf-approved\/","og_site_name":"Daisho","article_modified_time":"2025-11-18T09:07:11+00:00","og_image":[{"width":800,"height":1280,"url":"https:\/\/www.daisho.be\/wp-content\/uploads\/2024\/11\/image-56.jpg","type":"image\/jpeg"}],"twitter_card":"summary_large_image","schema":{"@context":"https:\/\/schema.org","@graph":[{"@type":"WebPage","@id":"https:\/\/www.daisho.be\/de\/produit\/plastron-tokaido-youth-league-wkf-approved\/","url":"https:\/\/www.daisho.be\/de\/produit\/plastron-tokaido-youth-league-wkf-approved\/","name":"PLASTRON TOKAIDO - Youth League - WKF APPROVED &#8211; Daisho","isPartOf":{"@id":"https:\/\/www.daisho.be\/de\/#website"},"primaryImageOfPage":{"@id":"https:\/\/www.daisho.be\/de\/produit\/plastron-tokaido-youth-league-wkf-approved\/#primaryimage"},"image":{"@id":"https:\/\/www.daisho.be\/de\/produit\/plastron-tokaido-youth-league-wkf-approved\/#primaryimage"},"thumbnailUrl":"https:\/\/www.daisho.be\/wp-content\/uploads\/2024\/11\/image-56.jpg","datePublished":"2024-11-26T10:20:36+00:00","dateModified":"2025-11-18T09:07:11+00:00","breadcrumb":{"@id":"https:\/\/www.daisho.be\/de\/produit\/plastron-tokaido-youth-league-wkf-approved\/#breadcrumb"},"inLanguage":"de","potentialAction":[{"@type":"ReadAction","target":["https:\/\/www.daisho.be\/de\/produit\/plastron-tokaido-youth-league-wkf-approved\/"]}]},{"@type":"ImageObject","inLanguage":"de","@id":"https:\/\/www.daisho.be\/de\/produit\/plastron-tokaido-youth-league-wkf-approved\/#primaryimage","url":"https:\/\/www.daisho.be\/wp-content\/uploads\/2024\/11\/image-56.jpg","contentUrl":"https:\/\/www.daisho.be\/wp-content\/uploads\/2024\/11\/image-56.jpg","width":800,"height":1280,"caption":"PLASTRON TOKAIDO - Youth League - WKF APPROVED-1"},{"@type":"BreadcrumbList","@id":"https:\/\/www.daisho.be\/de\/produit\/plastron-tokaido-youth-league-wkf-approved\/#breadcrumb","itemListElement":[{"@type":"ListItem","position":1,"name":"Accueil","item":"https:\/\/www.daisho.be\/de\/"},{"@type":"ListItem","position":2,"name":"Produkte","item":"https:\/\/www.daisho.be\/de\/produkte\/"},{"@type":"ListItem","position":3,"name":"Ausr\u00fcstung und Kleidung f\u00fcr Kampfkunst und Kampfsport","item":"https:\/\/www.daisho.be\/de\/categorie-produit\/ausrustung-und-kleidung-fur-kampfkunst-und-kampfsport\/"},{"@type":"ListItem","position":4,"name":"Karate","item":"https:\/\/www.daisho.be\/de\/categorie-produit\/ausrustung-und-kleidung-fur-kampfkunst-und-kampfsport\/karate-de-2\/"},{"@type":"ListItem","position":5,"name":"Karate-Schutzkleidung","item":"https:\/\/www.daisho.be\/de\/categorie-produit\/ausrustung-und-kleidung-fur-kampfkunst-und-kampfsport\/karate-de-2\/karate-schutzkleidung\/"},{"@type":"ListItem","position":6,"name":"PLASTRON TOKAIDO &#8211; Youth League &#8211; WKF APPROVED"}]},{"@type":"WebSite","@id":"https:\/\/www.daisho.be\/de\/#website","url":"https:\/\/www.daisho.be\/de\/","name":"Daisho","description":"Sp&eacute;cialiste de l'&eacute;quipement sportif d'arts martiaux","publisher":{"@id":"https:\/\/www.daisho.be\/de\/#organization"},"potentialAction":[{"@type":"SearchAction","target":{"@type":"EntryPoint","urlTemplate":"https:\/\/www.daisho.be\/de\/?s={search_term_string}"},"query-input":{"@type":"PropertyValueSpecification","valueRequired":true,"valueName":"search_term_string"}}],"inLanguage":"de"},{"@type":"Organization","@id":"https:\/\/www.daisho.be\/de\/#organization","name":"Daisho","url":"https:\/\/www.daisho.be\/de\/","logo":{"@type":"ImageObject","inLanguage":"de","@id":"https:\/\/www.daisho.be\/de\/#\/schema\/logo\/image\/","url":"https:\/\/www.daisho.be\/wp-content\/uploads\/2019\/07\/color-nothing-horizontale4x-e1564486100247.png","contentUrl":"https:\/\/www.daisho.be\/wp-content\/uploads\/2019\/07\/color-nothing-horizontale4x-e1564486100247.png","width":1547,"height":385,"caption":"Daisho"},"image":{"@id":"https:\/\/www.daisho.be\/de\/#\/schema\/logo\/image\/"}}]}},"_links":{"self":[{"href":"https:\/\/www.daisho.be\/de\/wp-json\/wp\/v2\/product\/465029","targetHints":{"allow":["GET"]}}],"collection":[{"href":"https:\/\/www.daisho.be\/de\/wp-json\/wp\/v2\/product"}],"about":[{"href":"https:\/\/www.daisho.be\/de\/wp-json\/wp\/v2\/types\/product"}],"replies":[{"embeddable":true,"href":"https:\/\/www.daisho.be\/de\/wp-json\/wp\/v2\/comments?post=465029"}],"wp:featuredmedia":[{"embeddable":true,"href":"https:\/\/www.daisho.be\/de\/wp-json\/wp\/v2\/media\/464845"}],"wp:attachment":[{"href":"https:\/\/www.daisho.be\/de\/wp-json\/wp\/v2\/media?parent=465029"}],"wp:term":[{"taxonomy":"product_brand","embeddable":true,"href":"https:\/\/www.daisho.be\/de\/wp-json\/wp\/v2\/product_brand?post=465029"},{"taxonomy":"product_cat","embeddable":true,"href":"https:\/\/www.daisho.be\/de\/wp-json\/wp\/v2\/product_cat?post=465029"},{"taxonomy":"product_tag","embeddable":true,"href":"https:\/\/www.daisho.be\/de\/wp-json\/wp\/v2\/product_tag?post=465029"},{"taxonomy":"sport","embeddable":true,"href":"https:\/\/www.daisho.be\/de\/wp-json\/wp\/v2\/sport?post=465029"}],"curies":[{"name":"wp","href":"https:\/\/api.w.org\/{rel}","templated":true}]}}