{"id":464361,"date":"2024-03-11T15:56:14","date_gmt":"2024-03-11T14:56:14","guid":{"rendered":"https:\/\/www.daisho.be\/produit\/adidas-climacool-schienbeinschuetzer\/"},"modified":"2025-02-27T11:56:48","modified_gmt":"2025-02-27T10:56:48","slug":"adidas-climacool-schienbeinschuetzer","status":"publish","type":"product","link":"https:\/\/www.daisho.be\/de\/produit\/adidas-climacool-schienbeinschuetzer\/","title":{"rendered":"Adidas Climacool Schienbeinsch\u00fctzer"},"content":{"rendered":"<p>Die adidas Schienbeinschoner zum \u00dcberziehen sind aus einer Baumwollmischung gefertigt.<br \/>\nDadurch sind die Schienbeinschoner robust und strapazierf\u00e4hig.<br \/>\nDie Schienbeinschoner haben zus\u00e4tzliche Klettverschl\u00fcsse f\u00fcr einen besseren Halt.<br \/>\nDie Polsterung ist aus Schaumstoff.<br \/>\nIn der bew\u00e4hrten Climacool-Qualit\u00e4t.<br \/>\nDie Schienbeinsch\u00fctzer sind besonders geeignet f\u00fcr das Training in Kampfsportarten und allen anderen Sportarten.<br \/>\nErh\u00e4ltlich in den Gr\u00f6\u00dfen S, M, L und XL.<br \/>\nDie Schienbeinsch\u00fctzer werden paarweise geliefert.<\/p>\n","protected":false},"excerpt":{"rendered":"<p>Die adidas Schienbeinschoner zum \u00dcberziehen sind aus einer Baumwollmischung gefertigt. Dadurch sind die Schienbeinschoner robust und strapazierf\u00e4hig. Die Schienbeinschoner haben zus\u00e4tzliche Klettverschl\u00fcsse f\u00fcr einen besseren Halt. Die Polsterung ist aus Schaumstoff. In der bew\u00e4hrten Climacool-Qualit\u00e4t. Die Schienbeinsch\u00fctzer sind besonders geeignet f\u00fcr das Training in Kampfsportarten und allen anderen Sportarten. Erh\u00e4ltlich in den Gr\u00f6\u00dfen S, M, [&hellip;]<\/p>\n","protected":false},"featured_media":464367,"comment_status":"open","ping_status":"closed","template":"","meta":{"inline_featured_image":false},"product_brand":[],"product_cat":[2343,2273,2180,2261],"product_tag":[2178],"sport":[],"class_list":{"0":"post-464361","1":"product","2":"type-product","3":"status-publish","4":"has-post-thumbnail","6":"product_cat-ausrustung-und-kleidung-fur-kampfkunst-und-kampfsport","7":"product_cat-kampfsport","8":"product_cat-karate-schutzkleidung-adidas","9":"product_cat-mma-protektoren-adidas","10":"product_tag-adidas-de","11":"pa_size-l","12":"pa_size-m","13":"pa_size-s","14":"pa_size-xl","16":"first","17":"instock","18":"taxable","19":"shipping-taxable","20":"purchasable","21":"product-type-variable"},"yoast_head":"<!-- This site is optimized with the Yoast SEO plugin v27.2 - https:\/\/yoast.com\/product\/yoast-seo-wordpress\/ -->\n<title>Adidas Climacool Schienbeinsch\u00fctzer &#8211; Daisho<\/title>\n<meta name=\"description\" content=\"Entdecken Sie die Adidas climacool Schienbeinsch\u00fctzer. Sie bieten Schutz, Haltbarkeit und Effizienz. Kaufen Sie sie auf unserer Website www.daisho.be\/Daisho\" \/>\n<meta name=\"robots\" content=\"index, follow, max-snippet:-1, max-image-preview:large, max-video-preview:-1\" \/>\n<link rel=\"canonical\" href=\"https:\/\/www.daisho.be\/de\/produit\/adidas-climacool-schienbeinschuetzer\/\" \/>\n<meta property=\"og:locale\" content=\"de_DE\" \/>\n<meta property=\"og:type\" content=\"article\" \/>\n<meta property=\"og:title\" content=\"Adidas Climacool Schienbeinsch\u00fctzer &#8211; Daisho\" \/>\n<meta property=\"og:description\" content=\"Entdecken Sie die Adidas climacool Schienbeinsch\u00fctzer. Sie bieten Schutz, Haltbarkeit und Effizienz. Kaufen Sie sie auf unserer Website www.daisho.be\/Daisho\" \/>\n<meta property=\"og:url\" content=\"https:\/\/www.daisho.be\/de\/produit\/adidas-climacool-schienbeinschuetzer\/\" \/>\n<meta property=\"og:site_name\" content=\"Daisho\" \/>\n<meta property=\"article:modified_time\" content=\"2025-02-27T10:56:48+00:00\" \/>\n<meta property=\"og:image\" content=\"https:\/\/www.daisho.be\/wp-content\/uploads\/2024\/03\/image-5.jpg\" \/>\n\t<meta property=\"og:image:width\" content=\"668\" \/>\n\t<meta property=\"og:image:height\" content=\"1200\" \/>\n\t<meta property=\"og:image:type\" content=\"image\/jpeg\" \/>\n<meta name=\"twitter:card\" content=\"summary_large_image\" \/>\n<script type=\"application\/ld+json\" class=\"yoast-schema-graph\">{\"@context\":\"https:\/\/schema.org\",\"@graph\":[{\"@type\":\"WebPage\",\"@id\":\"https:\/\/www.daisho.be\/de\/produit\/adidas-climacool-schienbeinschuetzer\/\",\"url\":\"https:\/\/www.daisho.be\/de\/produit\/adidas-climacool-schienbeinschuetzer\/\",\"name\":\"Adidas Climacool Schienbeinsch\u00fctzer &#8211; Daisho\",\"isPartOf\":{\"@id\":\"https:\/\/www.daisho.be\/de\/#website\"},\"primaryImageOfPage\":{\"@id\":\"https:\/\/www.daisho.be\/de\/produit\/adidas-climacool-schienbeinschuetzer\/#primaryimage\"},\"image\":{\"@id\":\"https:\/\/www.daisho.be\/de\/produit\/adidas-climacool-schienbeinschuetzer\/#primaryimage\"},\"thumbnailUrl\":\"https:\/\/www.daisho.be\/wp-content\/uploads\/2024\/03\/image-5.jpg\",\"datePublished\":\"2024-03-11T14:56:14+00:00\",\"dateModified\":\"2025-02-27T10:56:48+00:00\",\"description\":\"Entdecken Sie die Adidas climacool Schienbeinsch\u00fctzer. Sie bieten Schutz, Haltbarkeit und Effizienz. Kaufen Sie sie auf unserer Website www.daisho.be\/Daisho\",\"breadcrumb\":{\"@id\":\"https:\/\/www.daisho.be\/de\/produit\/adidas-climacool-schienbeinschuetzer\/#breadcrumb\"},\"inLanguage\":\"de\",\"potentialAction\":[{\"@type\":\"ReadAction\",\"target\":[\"https:\/\/www.daisho.be\/de\/produit\/adidas-climacool-schienbeinschuetzer\/\"]}]},{\"@type\":\"ImageObject\",\"inLanguage\":\"de\",\"@id\":\"https:\/\/www.daisho.be\/de\/produit\/adidas-climacool-schienbeinschuetzer\/#primaryimage\",\"url\":\"https:\/\/www.daisho.be\/wp-content\/uploads\/2024\/03\/image-5.jpg\",\"contentUrl\":\"https:\/\/www.daisho.be\/wp-content\/uploads\/2024\/03\/image-5.jpg\",\"width\":668,\"height\":1200,\"caption\":\"Adidas Climacool-1 Schienbeinsch\u00fctzer\"},{\"@type\":\"BreadcrumbList\",\"@id\":\"https:\/\/www.daisho.be\/de\/produit\/adidas-climacool-schienbeinschuetzer\/#breadcrumb\",\"itemListElement\":[{\"@type\":\"ListItem\",\"position\":1,\"name\":\"Accueil\",\"item\":\"https:\/\/www.daisho.be\/de\/\"},{\"@type\":\"ListItem\",\"position\":2,\"name\":\"Produkte\",\"item\":\"https:\/\/www.daisho.be\/de\/produkte\/\"},{\"@type\":\"ListItem\",\"position\":3,\"name\":\"ADIDAS COMBAT SPORTS\",\"item\":\"https:\/\/www.daisho.be\/de\/categorie-produit\/adidas-combat-sports-de\/\"},{\"@type\":\"ListItem\",\"position\":4,\"name\":\"Karate\",\"item\":\"https:\/\/www.daisho.be\/de\/categorie-produit\/adidas-combat-sports-de\/karate-de\/\"},{\"@type\":\"ListItem\",\"position\":5,\"name\":\"Karate-Schutzkleidung Adidas\",\"item\":\"https:\/\/www.daisho.be\/de\/categorie-produit\/adidas-combat-sports-de\/karate-de\/karate-schutzkleidung-adidas\/\"},{\"@type\":\"ListItem\",\"position\":6,\"name\":\"Adidas Climacool Schienbeinsch\u00fctzer\"}]},{\"@type\":\"WebSite\",\"@id\":\"https:\/\/www.daisho.be\/de\/#website\",\"url\":\"https:\/\/www.daisho.be\/de\/\",\"name\":\"Daisho\",\"description\":\"Sp&eacute;cialiste de l'&eacute;quipement sportif d'arts martiaux\",\"publisher\":{\"@id\":\"https:\/\/www.daisho.be\/de\/#organization\"},\"potentialAction\":[{\"@type\":\"SearchAction\",\"target\":{\"@type\":\"EntryPoint\",\"urlTemplate\":\"https:\/\/www.daisho.be\/de\/?s={search_term_string}\"},\"query-input\":{\"@type\":\"PropertyValueSpecification\",\"valueRequired\":true,\"valueName\":\"search_term_string\"}}],\"inLanguage\":\"de\"},{\"@type\":\"Organization\",\"@id\":\"https:\/\/www.daisho.be\/de\/#organization\",\"name\":\"Daisho\",\"url\":\"https:\/\/www.daisho.be\/de\/\",\"logo\":{\"@type\":\"ImageObject\",\"inLanguage\":\"de\",\"@id\":\"https:\/\/www.daisho.be\/de\/#\/schema\/logo\/image\/\",\"url\":\"https:\/\/www.daisho.be\/wp-content\/uploads\/2019\/07\/color-nothing-horizontale4x-e1564486100247.png\",\"contentUrl\":\"https:\/\/www.daisho.be\/wp-content\/uploads\/2019\/07\/color-nothing-horizontale4x-e1564486100247.png\",\"width\":1547,\"height\":385,\"caption\":\"Daisho\"},\"image\":{\"@id\":\"https:\/\/www.daisho.be\/de\/#\/schema\/logo\/image\/\"}}]}<\/script>\n<!-- \/ Yoast SEO plugin. -->","yoast_head_json":{"title":"Adidas Climacool Schienbeinsch\u00fctzer &#8211; Daisho","description":"Entdecken Sie die Adidas climacool Schienbeinsch\u00fctzer. Sie bieten Schutz, Haltbarkeit und Effizienz. Kaufen Sie sie auf unserer Website www.daisho.be\/Daisho","robots":{"index":"index","follow":"follow","max-snippet":"max-snippet:-1","max-image-preview":"max-image-preview:large","max-video-preview":"max-video-preview:-1"},"canonical":"https:\/\/www.daisho.be\/de\/produit\/adidas-climacool-schienbeinschuetzer\/","og_locale":"de_DE","og_type":"article","og_title":"Adidas Climacool Schienbeinsch\u00fctzer &#8211; Daisho","og_description":"Entdecken Sie die Adidas climacool Schienbeinsch\u00fctzer. Sie bieten Schutz, Haltbarkeit und Effizienz. Kaufen Sie sie auf unserer Website www.daisho.be\/Daisho","og_url":"https:\/\/www.daisho.be\/de\/produit\/adidas-climacool-schienbeinschuetzer\/","og_site_name":"Daisho","article_modified_time":"2025-02-27T10:56:48+00:00","og_image":[{"width":668,"height":1200,"url":"https:\/\/www.daisho.be\/wp-content\/uploads\/2024\/03\/image-5.jpg","type":"image\/jpeg"}],"twitter_card":"summary_large_image","schema":{"@context":"https:\/\/schema.org","@graph":[{"@type":"WebPage","@id":"https:\/\/www.daisho.be\/de\/produit\/adidas-climacool-schienbeinschuetzer\/","url":"https:\/\/www.daisho.be\/de\/produit\/adidas-climacool-schienbeinschuetzer\/","name":"Adidas Climacool Schienbeinsch\u00fctzer &#8211; Daisho","isPartOf":{"@id":"https:\/\/www.daisho.be\/de\/#website"},"primaryImageOfPage":{"@id":"https:\/\/www.daisho.be\/de\/produit\/adidas-climacool-schienbeinschuetzer\/#primaryimage"},"image":{"@id":"https:\/\/www.daisho.be\/de\/produit\/adidas-climacool-schienbeinschuetzer\/#primaryimage"},"thumbnailUrl":"https:\/\/www.daisho.be\/wp-content\/uploads\/2024\/03\/image-5.jpg","datePublished":"2024-03-11T14:56:14+00:00","dateModified":"2025-02-27T10:56:48+00:00","description":"Entdecken Sie die Adidas climacool Schienbeinsch\u00fctzer. Sie bieten Schutz, Haltbarkeit und Effizienz. Kaufen Sie sie auf unserer Website www.daisho.be\/Daisho","breadcrumb":{"@id":"https:\/\/www.daisho.be\/de\/produit\/adidas-climacool-schienbeinschuetzer\/#breadcrumb"},"inLanguage":"de","potentialAction":[{"@type":"ReadAction","target":["https:\/\/www.daisho.be\/de\/produit\/adidas-climacool-schienbeinschuetzer\/"]}]},{"@type":"ImageObject","inLanguage":"de","@id":"https:\/\/www.daisho.be\/de\/produit\/adidas-climacool-schienbeinschuetzer\/#primaryimage","url":"https:\/\/www.daisho.be\/wp-content\/uploads\/2024\/03\/image-5.jpg","contentUrl":"https:\/\/www.daisho.be\/wp-content\/uploads\/2024\/03\/image-5.jpg","width":668,"height":1200,"caption":"Adidas Climacool-1 Schienbeinsch\u00fctzer"},{"@type":"BreadcrumbList","@id":"https:\/\/www.daisho.be\/de\/produit\/adidas-climacool-schienbeinschuetzer\/#breadcrumb","itemListElement":[{"@type":"ListItem","position":1,"name":"Accueil","item":"https:\/\/www.daisho.be\/de\/"},{"@type":"ListItem","position":2,"name":"Produkte","item":"https:\/\/www.daisho.be\/de\/produkte\/"},{"@type":"ListItem","position":3,"name":"ADIDAS COMBAT SPORTS","item":"https:\/\/www.daisho.be\/de\/categorie-produit\/adidas-combat-sports-de\/"},{"@type":"ListItem","position":4,"name":"Karate","item":"https:\/\/www.daisho.be\/de\/categorie-produit\/adidas-combat-sports-de\/karate-de\/"},{"@type":"ListItem","position":5,"name":"Karate-Schutzkleidung Adidas","item":"https:\/\/www.daisho.be\/de\/categorie-produit\/adidas-combat-sports-de\/karate-de\/karate-schutzkleidung-adidas\/"},{"@type":"ListItem","position":6,"name":"Adidas Climacool Schienbeinsch\u00fctzer"}]},{"@type":"WebSite","@id":"https:\/\/www.daisho.be\/de\/#website","url":"https:\/\/www.daisho.be\/de\/","name":"Daisho","description":"Sp&eacute;cialiste de l'&eacute;quipement sportif d'arts martiaux","publisher":{"@id":"https:\/\/www.daisho.be\/de\/#organization"},"potentialAction":[{"@type":"SearchAction","target":{"@type":"EntryPoint","urlTemplate":"https:\/\/www.daisho.be\/de\/?s={search_term_string}"},"query-input":{"@type":"PropertyValueSpecification","valueRequired":true,"valueName":"search_term_string"}}],"inLanguage":"de"},{"@type":"Organization","@id":"https:\/\/www.daisho.be\/de\/#organization","name":"Daisho","url":"https:\/\/www.daisho.be\/de\/","logo":{"@type":"ImageObject","inLanguage":"de","@id":"https:\/\/www.daisho.be\/de\/#\/schema\/logo\/image\/","url":"https:\/\/www.daisho.be\/wp-content\/uploads\/2019\/07\/color-nothing-horizontale4x-e1564486100247.png","contentUrl":"https:\/\/www.daisho.be\/wp-content\/uploads\/2019\/07\/color-nothing-horizontale4x-e1564486100247.png","width":1547,"height":385,"caption":"Daisho"},"image":{"@id":"https:\/\/www.daisho.be\/de\/#\/schema\/logo\/image\/"}}]}},"_links":{"self":[{"href":"https:\/\/www.daisho.be\/de\/wp-json\/wp\/v2\/product\/464361","targetHints":{"allow":["GET"]}}],"collection":[{"href":"https:\/\/www.daisho.be\/de\/wp-json\/wp\/v2\/product"}],"about":[{"href":"https:\/\/www.daisho.be\/de\/wp-json\/wp\/v2\/types\/product"}],"replies":[{"embeddable":true,"href":"https:\/\/www.daisho.be\/de\/wp-json\/wp\/v2\/comments?post=464361"}],"wp:featuredmedia":[{"embeddable":true,"href":"https:\/\/www.daisho.be\/de\/wp-json\/wp\/v2\/media\/464367"}],"wp:attachment":[{"href":"https:\/\/www.daisho.be\/de\/wp-json\/wp\/v2\/media?parent=464361"}],"wp:term":[{"taxonomy":"product_brand","embeddable":true,"href":"https:\/\/www.daisho.be\/de\/wp-json\/wp\/v2\/product_brand?post=464361"},{"taxonomy":"product_cat","embeddable":true,"href":"https:\/\/www.daisho.be\/de\/wp-json\/wp\/v2\/product_cat?post=464361"},{"taxonomy":"product_tag","embeddable":true,"href":"https:\/\/www.daisho.be\/de\/wp-json\/wp\/v2\/product_tag?post=464361"},{"taxonomy":"sport","embeddable":true,"href":"https:\/\/www.daisho.be\/de\/wp-json\/wp\/v2\/sport?post=464361"}],"curies":[{"name":"wp","href":"https:\/\/api.w.org\/{rel}","templated":true}]}}