{"id":464328,"date":"2024-03-15T12:41:23","date_gmt":"2024-03-15T11:41:23","guid":{"rendered":"https:\/\/www.daisho.be\/produit\/karategi-tokaido-kumite-master-velcro-wkf\/"},"modified":"2026-03-04T14:42:27","modified_gmt":"2026-03-04T13:42:27","slug":"karategi-tokaido-kumite-master-velcro-wkf","status":"publish","type":"product","link":"https:\/\/www.daisho.be\/de\/produit\/karategi-tokaido-kumite-master-velcro-wkf\/","title":{"rendered":"KARATEGI TOKAIDO KUMITE MASTER VELCRO &#8211; WKF"},"content":{"rendered":"<p>Karate Gi, TOKAIDO Kumite Master Velcro, WKF<br \/>\nDer Kumite Master VELCRO ist der erste Karate Gi mit abnehmbaren roten und blauen Schulterpatches.<br \/>\nSo k\u00f6nnen Sie schnell und einfach von einer roten zu einer blauen Schulterstickerei wechseln.<br \/>\nEin einziger Karategi reicht f\u00fcr einen Wettkampf nach den Regeln der WKF aus!<br \/>\nDer hohe Komfort des Karateanzugs wird durch die enorme Haltbarkeit und den extra weichen elastischen Bund perfekt erg\u00e4nzt.<\/p>\n<p>Merkmale :<br \/>\nFarbe: wei\u00df<br \/>\nStoff: 100% Polyester<br \/>\nGeeignet f\u00fcr: Kumite<br \/>\nPassform: Slim Fit Passform, Kumite Passform<br \/>\nDicke: 3,5 oz.<br \/>\nEmpfohlen f\u00fcr: Profis<br \/>\nSportarten: Karate<\/p>\n<p>Ein Slim Fit Karate-Gi, der perfekt passt: Taillierte Jacke mit &#8222;Smart Shoulder&#8220;. Die \u00c4rmel und Hosenbeine sind schmaler.<br \/>\nDie beiden Manschetten der Jacke sind aus elastischem Material und halten daher l\u00e4nger.<br \/>\nAbnehmbare Schulteraufn\u00e4her in rot und blau sind im Lieferumfang enthalten<br \/>\nDie Hose ist mit einem extra breiten und weichen Gummiband ausgestattet &#8211; f\u00fcr hohen Tragekomfort ohne schmerzhafte Druckstellen.<br \/>\nDie Hosenbeine sind mit einem speziellen Platz f\u00fcr Fu\u00dfsch\u00fctzer versehen.<br \/>\n  Ein weiterer Pluspunkt ist die kleine Tasche f\u00fcr den Zahnschutz, die in die Innenseite der Hose eingef\u00fcgt ist.<br \/>\n  Der traditionelle, gro\u00dfformatige japanische Druck auf der Innenseite der Jacke ist ein besonderer Blickfang.<br \/>\nDie Stickerei auf den Schultern auf beiden Seiten (Tokaido&#8220; in japanischem Kanji) verleiht dem Gi eine besondere Note und verleiht ihm ein edles und einzigartiges Aussehen.<br \/>\nMehrere elastische Mesh-Eins\u00e4tze in der Jacke und der Hose garantieren eine ausgezeichnete Haltbarkeit.<br \/>\nDie elastischen Eins\u00e4tze an der Innenseite der Hose bieten dem K\u00e4mpfer un\u00fcbertroffene Bewegungsfreiheit an den Beinen.<br \/>\nDank 100% Polyester bleibt der Anzug auch nach mehreren W\u00e4schen stabil (kein Einlaufen).<br \/>\nUltraleichter Gi: Die Kombination aus leichtem Material (3,5 oz) und Slim Fit-Schnitt eliminiert unn\u00f6tiges und st\u00f6rendes Gewebe, um das Gewicht zu reduzieren.<br \/>\nWKF-gepr\u00fcfter Karate Gi<br \/>\nTokaido-Logo auf Brust, Hals und jetzt auch auf der Hose gestickt!<\/p>\n","protected":false},"excerpt":{"rendered":"<p>Karate Gi, TOKAIDO Kumite Master Velcro, WKF Der Kumite Master VELCRO ist der erste Karate Gi mit abnehmbaren roten und blauen Schulterpatches. So k\u00f6nnen Sie schnell und einfach von einer roten zu einer blauen Schulterstickerei wechseln. Ein einziger Karategi reicht f\u00fcr einen Wettkampf nach den Regeln der WKF aus! Der hohe Komfort des Karateanzugs wird [&hellip;]<\/p>\n","protected":false},"featured_media":464330,"comment_status":"open","ping_status":"closed","template":"","meta":{"inline_featured_image":false},"product_brand":[],"product_cat":[2008,2118],"product_tag":[2004],"sport":[],"class_list":{"0":"post-464328","1":"product","2":"type-product","3":"status-publish","4":"has-post-thumbnail","6":"product_cat-karate-kimonos-de","7":"product_cat-kleidung-kimonos","8":"product_tag-tokaido-de","9":"pa_size-380","10":"pa_size-388","11":"pa_size-379","12":"pa_size-387","13":"pa_size-378","14":"pa_size-386","15":"pa_size-377","16":"pa_size-385","17":"pa_size-376","18":"pa_size-384","19":"pa_size-383","21":"first","22":"instock","23":"taxable","24":"shipping-taxable","25":"purchasable","26":"product-type-variable"},"yoast_head":"<!-- This site is optimized with the Yoast SEO plugin v27.2 - https:\/\/yoast.com\/product\/yoast-seo-wordpress\/ -->\n<title>KARATEGI TOKAIDO KUMITE MASTER VELCRO - WKF &#8211; Daisho<\/title>\n<meta name=\"robots\" content=\"index, follow, max-snippet:-1, max-image-preview:large, max-video-preview:-1\" \/>\n<link rel=\"canonical\" href=\"https:\/\/www.daisho.be\/de\/produit\/karategi-tokaido-kumite-master-velcro-wkf\/\" \/>\n<meta property=\"og:locale\" content=\"de_DE\" \/>\n<meta property=\"og:type\" content=\"article\" \/>\n<meta property=\"og:title\" content=\"KARATEGI TOKAIDO KUMITE MASTER VELCRO - WKF &#8211; Daisho\" \/>\n<meta property=\"og:description\" content=\"Karate Gi, TOKAIDO Kumite Master Velcro, WKF Der Kumite Master VELCRO ist der erste Karate Gi mit abnehmbaren roten und blauen Schulterpatches. So k\u00f6nnen Sie schnell und einfach von einer roten zu einer blauen Schulterstickerei wechseln. Ein einziger Karategi reicht f\u00fcr einen Wettkampf nach den Regeln der WKF aus! Der hohe Komfort des Karateanzugs wird [&hellip;]\" \/>\n<meta property=\"og:url\" content=\"https:\/\/www.daisho.be\/de\/produit\/karategi-tokaido-kumite-master-velcro-wkf\/\" \/>\n<meta property=\"og:site_name\" content=\"Daisho\" \/>\n<meta property=\"article:modified_time\" content=\"2026-03-04T13:42:27+00:00\" \/>\n<meta property=\"og:image\" content=\"https:\/\/www.daisho.be\/wp-content\/uploads\/2024\/03\/image-9.jpg\" \/>\n\t<meta property=\"og:image:width\" content=\"800\" \/>\n\t<meta property=\"og:image:height\" content=\"1280\" \/>\n\t<meta property=\"og:image:type\" content=\"image\/jpeg\" \/>\n<meta name=\"twitter:card\" content=\"summary_large_image\" \/>\n<meta name=\"twitter:label1\" content=\"Gesch\u00e4tzte Lesezeit\" \/>\n\t<meta name=\"twitter:data1\" content=\"2\u00a0Minuten\" \/>\n<script type=\"application\/ld+json\" class=\"yoast-schema-graph\">{\"@context\":\"https:\/\/schema.org\",\"@graph\":[{\"@type\":\"WebPage\",\"@id\":\"https:\/\/www.daisho.be\/de\/produit\/karategi-tokaido-kumite-master-velcro-wkf\/\",\"url\":\"https:\/\/www.daisho.be\/de\/produit\/karategi-tokaido-kumite-master-velcro-wkf\/\",\"name\":\"KARATEGI TOKAIDO KUMITE MASTER VELCRO - WKF &#8211; Daisho\",\"isPartOf\":{\"@id\":\"https:\/\/www.daisho.be\/de\/#website\"},\"primaryImageOfPage\":{\"@id\":\"https:\/\/www.daisho.be\/de\/produit\/karategi-tokaido-kumite-master-velcro-wkf\/#primaryimage\"},\"image\":{\"@id\":\"https:\/\/www.daisho.be\/de\/produit\/karategi-tokaido-kumite-master-velcro-wkf\/#primaryimage\"},\"thumbnailUrl\":\"https:\/\/www.daisho.be\/wp-content\/uploads\/2024\/03\/image-9.jpg\",\"datePublished\":\"2024-03-15T11:41:23+00:00\",\"dateModified\":\"2026-03-04T13:42:27+00:00\",\"breadcrumb\":{\"@id\":\"https:\/\/www.daisho.be\/de\/produit\/karategi-tokaido-kumite-master-velcro-wkf\/#breadcrumb\"},\"inLanguage\":\"de\",\"potentialAction\":[{\"@type\":\"ReadAction\",\"target\":[\"https:\/\/www.daisho.be\/de\/produit\/karategi-tokaido-kumite-master-velcro-wkf\/\"]}]},{\"@type\":\"ImageObject\",\"inLanguage\":\"de\",\"@id\":\"https:\/\/www.daisho.be\/de\/produit\/karategi-tokaido-kumite-master-velcro-wkf\/#primaryimage\",\"url\":\"https:\/\/www.daisho.be\/wp-content\/uploads\/2024\/03\/image-9.jpg\",\"contentUrl\":\"https:\/\/www.daisho.be\/wp-content\/uploads\/2024\/03\/image-9.jpg\",\"width\":800,\"height\":1280,\"caption\":\"KARATEGI TOKAIDO KUMITE MASTER VELCRO - WKF-1\"},{\"@type\":\"BreadcrumbList\",\"@id\":\"https:\/\/www.daisho.be\/de\/produit\/karategi-tokaido-kumite-master-velcro-wkf\/#breadcrumb\",\"itemListElement\":[{\"@type\":\"ListItem\",\"position\":1,\"name\":\"Accueil\",\"item\":\"https:\/\/www.daisho.be\/de\/\"},{\"@type\":\"ListItem\",\"position\":2,\"name\":\"Produkte\",\"item\":\"https:\/\/www.daisho.be\/de\/produkte\/\"},{\"@type\":\"ListItem\",\"position\":3,\"name\":\"Ausr\u00fcstung und Kleidung f\u00fcr Kampfkunst und Kampfsport\",\"item\":\"https:\/\/www.daisho.be\/de\/categorie-produit\/ausrustung-und-kleidung-fur-kampfkunst-und-kampfsport\/\"},{\"@type\":\"ListItem\",\"position\":4,\"name\":\"Karate\",\"item\":\"https:\/\/www.daisho.be\/de\/categorie-produit\/ausrustung-und-kleidung-fur-kampfkunst-und-kampfsport\/karate-de-2\/\"},{\"@type\":\"ListItem\",\"position\":5,\"name\":\"Karate-Kimonos\",\"item\":\"https:\/\/www.daisho.be\/de\/categorie-produit\/ausrustung-und-kleidung-fur-kampfkunst-und-kampfsport\/karate-de-2\/karate-kimonos-de\/\"},{\"@type\":\"ListItem\",\"position\":6,\"name\":\"KARATEGI TOKAIDO KUMITE MASTER VELCRO &#8211; WKF\"}]},{\"@type\":\"WebSite\",\"@id\":\"https:\/\/www.daisho.be\/de\/#website\",\"url\":\"https:\/\/www.daisho.be\/de\/\",\"name\":\"Daisho\",\"description\":\"Sp&eacute;cialiste de l'&eacute;quipement sportif d'arts martiaux\",\"publisher\":{\"@id\":\"https:\/\/www.daisho.be\/de\/#organization\"},\"potentialAction\":[{\"@type\":\"SearchAction\",\"target\":{\"@type\":\"EntryPoint\",\"urlTemplate\":\"https:\/\/www.daisho.be\/de\/?s={search_term_string}\"},\"query-input\":{\"@type\":\"PropertyValueSpecification\",\"valueRequired\":true,\"valueName\":\"search_term_string\"}}],\"inLanguage\":\"de\"},{\"@type\":\"Organization\",\"@id\":\"https:\/\/www.daisho.be\/de\/#organization\",\"name\":\"Daisho\",\"url\":\"https:\/\/www.daisho.be\/de\/\",\"logo\":{\"@type\":\"ImageObject\",\"inLanguage\":\"de\",\"@id\":\"https:\/\/www.daisho.be\/de\/#\/schema\/logo\/image\/\",\"url\":\"https:\/\/www.daisho.be\/wp-content\/uploads\/2019\/07\/color-nothing-horizontale4x-e1564486100247.png\",\"contentUrl\":\"https:\/\/www.daisho.be\/wp-content\/uploads\/2019\/07\/color-nothing-horizontale4x-e1564486100247.png\",\"width\":1547,\"height\":385,\"caption\":\"Daisho\"},\"image\":{\"@id\":\"https:\/\/www.daisho.be\/de\/#\/schema\/logo\/image\/\"}}]}<\/script>\n<!-- \/ Yoast SEO plugin. -->","yoast_head_json":{"title":"KARATEGI TOKAIDO KUMITE MASTER VELCRO - WKF &#8211; Daisho","robots":{"index":"index","follow":"follow","max-snippet":"max-snippet:-1","max-image-preview":"max-image-preview:large","max-video-preview":"max-video-preview:-1"},"canonical":"https:\/\/www.daisho.be\/de\/produit\/karategi-tokaido-kumite-master-velcro-wkf\/","og_locale":"de_DE","og_type":"article","og_title":"KARATEGI TOKAIDO KUMITE MASTER VELCRO - WKF &#8211; Daisho","og_description":"Karate Gi, TOKAIDO Kumite Master Velcro, WKF Der Kumite Master VELCRO ist der erste Karate Gi mit abnehmbaren roten und blauen Schulterpatches. So k\u00f6nnen Sie schnell und einfach von einer roten zu einer blauen Schulterstickerei wechseln. Ein einziger Karategi reicht f\u00fcr einen Wettkampf nach den Regeln der WKF aus! Der hohe Komfort des Karateanzugs wird [&hellip;]","og_url":"https:\/\/www.daisho.be\/de\/produit\/karategi-tokaido-kumite-master-velcro-wkf\/","og_site_name":"Daisho","article_modified_time":"2026-03-04T13:42:27+00:00","og_image":[{"width":800,"height":1280,"url":"https:\/\/www.daisho.be\/wp-content\/uploads\/2024\/03\/image-9.jpg","type":"image\/jpeg"}],"twitter_card":"summary_large_image","twitter_misc":{"Gesch\u00e4tzte Lesezeit":"2\u00a0Minuten"},"schema":{"@context":"https:\/\/schema.org","@graph":[{"@type":"WebPage","@id":"https:\/\/www.daisho.be\/de\/produit\/karategi-tokaido-kumite-master-velcro-wkf\/","url":"https:\/\/www.daisho.be\/de\/produit\/karategi-tokaido-kumite-master-velcro-wkf\/","name":"KARATEGI TOKAIDO KUMITE MASTER VELCRO - WKF &#8211; Daisho","isPartOf":{"@id":"https:\/\/www.daisho.be\/de\/#website"},"primaryImageOfPage":{"@id":"https:\/\/www.daisho.be\/de\/produit\/karategi-tokaido-kumite-master-velcro-wkf\/#primaryimage"},"image":{"@id":"https:\/\/www.daisho.be\/de\/produit\/karategi-tokaido-kumite-master-velcro-wkf\/#primaryimage"},"thumbnailUrl":"https:\/\/www.daisho.be\/wp-content\/uploads\/2024\/03\/image-9.jpg","datePublished":"2024-03-15T11:41:23+00:00","dateModified":"2026-03-04T13:42:27+00:00","breadcrumb":{"@id":"https:\/\/www.daisho.be\/de\/produit\/karategi-tokaido-kumite-master-velcro-wkf\/#breadcrumb"},"inLanguage":"de","potentialAction":[{"@type":"ReadAction","target":["https:\/\/www.daisho.be\/de\/produit\/karategi-tokaido-kumite-master-velcro-wkf\/"]}]},{"@type":"ImageObject","inLanguage":"de","@id":"https:\/\/www.daisho.be\/de\/produit\/karategi-tokaido-kumite-master-velcro-wkf\/#primaryimage","url":"https:\/\/www.daisho.be\/wp-content\/uploads\/2024\/03\/image-9.jpg","contentUrl":"https:\/\/www.daisho.be\/wp-content\/uploads\/2024\/03\/image-9.jpg","width":800,"height":1280,"caption":"KARATEGI TOKAIDO KUMITE MASTER VELCRO - WKF-1"},{"@type":"BreadcrumbList","@id":"https:\/\/www.daisho.be\/de\/produit\/karategi-tokaido-kumite-master-velcro-wkf\/#breadcrumb","itemListElement":[{"@type":"ListItem","position":1,"name":"Accueil","item":"https:\/\/www.daisho.be\/de\/"},{"@type":"ListItem","position":2,"name":"Produkte","item":"https:\/\/www.daisho.be\/de\/produkte\/"},{"@type":"ListItem","position":3,"name":"Ausr\u00fcstung und Kleidung f\u00fcr Kampfkunst und Kampfsport","item":"https:\/\/www.daisho.be\/de\/categorie-produit\/ausrustung-und-kleidung-fur-kampfkunst-und-kampfsport\/"},{"@type":"ListItem","position":4,"name":"Karate","item":"https:\/\/www.daisho.be\/de\/categorie-produit\/ausrustung-und-kleidung-fur-kampfkunst-und-kampfsport\/karate-de-2\/"},{"@type":"ListItem","position":5,"name":"Karate-Kimonos","item":"https:\/\/www.daisho.be\/de\/categorie-produit\/ausrustung-und-kleidung-fur-kampfkunst-und-kampfsport\/karate-de-2\/karate-kimonos-de\/"},{"@type":"ListItem","position":6,"name":"KARATEGI TOKAIDO KUMITE MASTER VELCRO &#8211; WKF"}]},{"@type":"WebSite","@id":"https:\/\/www.daisho.be\/de\/#website","url":"https:\/\/www.daisho.be\/de\/","name":"Daisho","description":"Sp&eacute;cialiste de l'&eacute;quipement sportif d'arts martiaux","publisher":{"@id":"https:\/\/www.daisho.be\/de\/#organization"},"potentialAction":[{"@type":"SearchAction","target":{"@type":"EntryPoint","urlTemplate":"https:\/\/www.daisho.be\/de\/?s={search_term_string}"},"query-input":{"@type":"PropertyValueSpecification","valueRequired":true,"valueName":"search_term_string"}}],"inLanguage":"de"},{"@type":"Organization","@id":"https:\/\/www.daisho.be\/de\/#organization","name":"Daisho","url":"https:\/\/www.daisho.be\/de\/","logo":{"@type":"ImageObject","inLanguage":"de","@id":"https:\/\/www.daisho.be\/de\/#\/schema\/logo\/image\/","url":"https:\/\/www.daisho.be\/wp-content\/uploads\/2019\/07\/color-nothing-horizontale4x-e1564486100247.png","contentUrl":"https:\/\/www.daisho.be\/wp-content\/uploads\/2019\/07\/color-nothing-horizontale4x-e1564486100247.png","width":1547,"height":385,"caption":"Daisho"},"image":{"@id":"https:\/\/www.daisho.be\/de\/#\/schema\/logo\/image\/"}}]}},"_links":{"self":[{"href":"https:\/\/www.daisho.be\/de\/wp-json\/wp\/v2\/product\/464328","targetHints":{"allow":["GET"]}}],"collection":[{"href":"https:\/\/www.daisho.be\/de\/wp-json\/wp\/v2\/product"}],"about":[{"href":"https:\/\/www.daisho.be\/de\/wp-json\/wp\/v2\/types\/product"}],"replies":[{"embeddable":true,"href":"https:\/\/www.daisho.be\/de\/wp-json\/wp\/v2\/comments?post=464328"}],"wp:featuredmedia":[{"embeddable":true,"href":"https:\/\/www.daisho.be\/de\/wp-json\/wp\/v2\/media\/464330"}],"wp:attachment":[{"href":"https:\/\/www.daisho.be\/de\/wp-json\/wp\/v2\/media?parent=464328"}],"wp:term":[{"taxonomy":"product_brand","embeddable":true,"href":"https:\/\/www.daisho.be\/de\/wp-json\/wp\/v2\/product_brand?post=464328"},{"taxonomy":"product_cat","embeddable":true,"href":"https:\/\/www.daisho.be\/de\/wp-json\/wp\/v2\/product_cat?post=464328"},{"taxonomy":"product_tag","embeddable":true,"href":"https:\/\/www.daisho.be\/de\/wp-json\/wp\/v2\/product_tag?post=464328"},{"taxonomy":"sport","embeddable":true,"href":"https:\/\/www.daisho.be\/de\/wp-json\/wp\/v2\/sport?post=464328"}],"curies":[{"name":"wp","href":"https:\/\/api.w.org\/{rel}","templated":true}]}}