{"id":464271,"date":"2024-03-15T13:04:28","date_gmt":"2024-03-15T12:04:28","guid":{"rendered":"https:\/\/www.daisho.be\/produit\/adidas-adi-sm-iii-kampfsportschuhe\/"},"modified":"2025-02-27T11:56:49","modified_gmt":"2025-02-27T10:56:49","slug":"adidas-adi-sm-iii-kampfsportschuhe","status":"publish","type":"product","link":"https:\/\/www.daisho.be\/de\/produit\/adidas-adi-sm-iii-kampfsportschuhe\/","title":{"rendered":"Adidas ADI-SM III Kampfsportschuhe"},"content":{"rendered":"<p>adidas SM-III &#8222;NEUES Design&#8220; Kampfsportschuhe, entwickelt aus dem klassischen SM-II Schuh.<br \/>\nBeschreibung:<br \/>\n&#8211; Seitenstreifen im Fersenbereich.<br \/>\n&#8211; Verbesserte Fersenform.<br \/>\n&#8211; Drehpunkt im Vorfu\u00dfbereich.<br \/>\n&#8211; &#8211; Zehenlochung. Raffinierte Nahtgestaltung.<br \/>\n&#8211; Platzierung der Perforationen an den Zehen.<br \/>\n&#8211; Wei\u00df mit schwarzen Streifen<br \/>\n&#8211; Bodennah konstruiert.<br \/>\n&#8211; Ein einzelner Schn\u00fcrsenkel im vorderen Teil des Schuhs f\u00fcr eine sichere Passform.<\/p>\n","protected":false},"excerpt":{"rendered":"<p>adidas SM-III &#8222;NEUES Design&#8220; Kampfsportschuhe, entwickelt aus dem klassischen SM-II Schuh. Beschreibung: &#8211; Seitenstreifen im Fersenbereich. &#8211; Verbesserte Fersenform. &#8211; Drehpunkt im Vorfu\u00dfbereich. &#8211; &#8211; Zehenlochung. Raffinierte Nahtgestaltung. &#8211; Platzierung der Perforationen an den Zehen. &#8211; Wei\u00df mit schwarzen Streifen &#8211; Bodennah konstruiert. &#8211; Ein einzelner Schn\u00fcrsenkel im vorderen Teil des Schuhs f\u00fcr eine sichere [&hellip;]<\/p>\n","protected":false},"featured_media":464277,"comment_status":"open","ping_status":"closed","template":"","meta":{"inline_featured_image":false},"product_brand":[],"product_cat":[2283,2022,2019,2020],"product_tag":[2178],"sport":[],"class_list":{"0":"post-464271","1":"product","2":"type-product","3":"status-publish","4":"has-post-thumbnail","6":"product_cat-adidas-kleidung-fur-taekwondo","7":"product_cat-karate-bekleidung","8":"product_cat-schuhe","9":"product_cat-taekwondo-schuhe","10":"product_tag-adidas-de","11":"pa_size-400","12":"pa_size-36-2-3","13":"pa_size-398","14":"pa_size-38-2-3","15":"pa_size-397","16":"pa_size-39-1-3","17":"pa_size-396","18":"pa_size-40-2-3","19":"pa_size-395","20":"pa_size-41-1-3","21":"pa_size-394","22":"pa_size-42-2-3","23":"pa_size-393","24":"pa_size-43-1-3","25":"pa_size-392","26":"pa_size-44-2-3","27":"pa_size-391","28":"pa_size-45-1-3","29":"pa_size-390","30":"pa_size-46-2-3","31":"pa_size-389","32":"pa_size-47-1-3","33":"pa_size-1224","35":"first","36":"instock","37":"taxable","38":"shipping-taxable","39":"purchasable","40":"product-type-variable"},"yoast_head":"<!-- This site is optimized with the Yoast SEO plugin v27.2 - https:\/\/yoast.com\/product\/yoast-seo-wordpress\/ -->\n<title>Adidas ADI-SM III Kampfsportschuhe &#8211; Daisho<\/title>\n<meta name=\"description\" content=\"Entdecken Sie die Adidas ADI-SM III Schuhe mit neuem Design f\u00fcr Kampfsportler. Kaufen Sie sie auf www.daisho.be\/Daisho\" \/>\n<meta name=\"robots\" content=\"index, follow, max-snippet:-1, max-image-preview:large, max-video-preview:-1\" \/>\n<link rel=\"canonical\" href=\"https:\/\/www.daisho.be\/de\/produit\/adidas-adi-sm-iii-kampfsportschuhe\/\" \/>\n<meta property=\"og:locale\" content=\"de_DE\" \/>\n<meta property=\"og:type\" content=\"article\" \/>\n<meta property=\"og:title\" content=\"Adidas ADI-SM III Kampfsportschuhe &#8211; Daisho\" \/>\n<meta property=\"og:description\" content=\"Entdecken Sie die Adidas ADI-SM III Schuhe mit neuem Design f\u00fcr Kampfsportler. Kaufen Sie sie auf www.daisho.be\/Daisho\" \/>\n<meta property=\"og:url\" content=\"https:\/\/www.daisho.be\/de\/produit\/adidas-adi-sm-iii-kampfsportschuhe\/\" \/>\n<meta property=\"og:site_name\" content=\"Daisho\" \/>\n<meta property=\"article:modified_time\" content=\"2025-02-27T10:56:49+00:00\" \/>\n<meta property=\"og:image\" content=\"https:\/\/www.daisho.be\/wp-content\/uploads\/2024\/03\/image-8.jpg\" \/>\n\t<meta property=\"og:image:width\" content=\"800\" \/>\n\t<meta property=\"og:image:height\" content=\"800\" \/>\n\t<meta property=\"og:image:type\" content=\"image\/jpeg\" \/>\n<meta name=\"twitter:card\" content=\"summary_large_image\" \/>\n<script type=\"application\/ld+json\" class=\"yoast-schema-graph\">{\"@context\":\"https:\/\/schema.org\",\"@graph\":[{\"@type\":\"WebPage\",\"@id\":\"https:\/\/www.daisho.be\/de\/produit\/adidas-adi-sm-iii-kampfsportschuhe\/\",\"url\":\"https:\/\/www.daisho.be\/de\/produit\/adidas-adi-sm-iii-kampfsportschuhe\/\",\"name\":\"Adidas ADI-SM III Kampfsportschuhe &#8211; Daisho\",\"isPartOf\":{\"@id\":\"https:\/\/www.daisho.be\/de\/#website\"},\"primaryImageOfPage\":{\"@id\":\"https:\/\/www.daisho.be\/de\/produit\/adidas-adi-sm-iii-kampfsportschuhe\/#primaryimage\"},\"image\":{\"@id\":\"https:\/\/www.daisho.be\/de\/produit\/adidas-adi-sm-iii-kampfsportschuhe\/#primaryimage\"},\"thumbnailUrl\":\"https:\/\/www.daisho.be\/wp-content\/uploads\/2024\/03\/image-8.jpg\",\"datePublished\":\"2024-03-15T12:04:28+00:00\",\"dateModified\":\"2025-02-27T10:56:49+00:00\",\"description\":\"Entdecken Sie die Adidas ADI-SM III Schuhe mit neuem Design f\u00fcr Kampfsportler. Kaufen Sie sie auf www.daisho.be\/Daisho\",\"breadcrumb\":{\"@id\":\"https:\/\/www.daisho.be\/de\/produit\/adidas-adi-sm-iii-kampfsportschuhe\/#breadcrumb\"},\"inLanguage\":\"de\",\"potentialAction\":[{\"@type\":\"ReadAction\",\"target\":[\"https:\/\/www.daisho.be\/de\/produit\/adidas-adi-sm-iii-kampfsportschuhe\/\"]}]},{\"@type\":\"ImageObject\",\"inLanguage\":\"de\",\"@id\":\"https:\/\/www.daisho.be\/de\/produit\/adidas-adi-sm-iii-kampfsportschuhe\/#primaryimage\",\"url\":\"https:\/\/www.daisho.be\/wp-content\/uploads\/2024\/03\/image-8.jpg\",\"contentUrl\":\"https:\/\/www.daisho.be\/wp-content\/uploads\/2024\/03\/image-8.jpg\",\"width\":800,\"height\":800,\"caption\":\"Adidas ADI-SM III-1 Kampfsportschuhe\"},{\"@type\":\"BreadcrumbList\",\"@id\":\"https:\/\/www.daisho.be\/de\/produit\/adidas-adi-sm-iii-kampfsportschuhe\/#breadcrumb\",\"itemListElement\":[{\"@type\":\"ListItem\",\"position\":1,\"name\":\"Accueil\",\"item\":\"https:\/\/www.daisho.be\/de\/\"},{\"@type\":\"ListItem\",\"position\":2,\"name\":\"Produkte\",\"item\":\"https:\/\/www.daisho.be\/de\/produkte\/\"},{\"@type\":\"ListItem\",\"position\":3,\"name\":\"ADIDAS COMBAT SPORTS\",\"item\":\"https:\/\/www.daisho.be\/de\/categorie-produit\/adidas-combat-sports-de\/\"},{\"@type\":\"ListItem\",\"position\":4,\"name\":\"Taekwondo\",\"item\":\"https:\/\/www.daisho.be\/de\/categorie-produit\/adidas-combat-sports-de\/taekwondo-de\/\"},{\"@type\":\"ListItem\",\"position\":5,\"name\":\"Adidas Kleidung f\u00fcr Taekwondo\",\"item\":\"https:\/\/www.daisho.be\/de\/categorie-produit\/adidas-combat-sports-de\/taekwondo-de\/adidas-kleidung-fur-taekwondo\/\"},{\"@type\":\"ListItem\",\"position\":6,\"name\":\"Adidas ADI-SM III Kampfsportschuhe\"}]},{\"@type\":\"WebSite\",\"@id\":\"https:\/\/www.daisho.be\/de\/#website\",\"url\":\"https:\/\/www.daisho.be\/de\/\",\"name\":\"Daisho\",\"description\":\"Sp&eacute;cialiste de l'&eacute;quipement sportif d'arts martiaux\",\"publisher\":{\"@id\":\"https:\/\/www.daisho.be\/de\/#organization\"},\"potentialAction\":[{\"@type\":\"SearchAction\",\"target\":{\"@type\":\"EntryPoint\",\"urlTemplate\":\"https:\/\/www.daisho.be\/de\/?s={search_term_string}\"},\"query-input\":{\"@type\":\"PropertyValueSpecification\",\"valueRequired\":true,\"valueName\":\"search_term_string\"}}],\"inLanguage\":\"de\"},{\"@type\":\"Organization\",\"@id\":\"https:\/\/www.daisho.be\/de\/#organization\",\"name\":\"Daisho\",\"url\":\"https:\/\/www.daisho.be\/de\/\",\"logo\":{\"@type\":\"ImageObject\",\"inLanguage\":\"de\",\"@id\":\"https:\/\/www.daisho.be\/de\/#\/schema\/logo\/image\/\",\"url\":\"https:\/\/www.daisho.be\/wp-content\/uploads\/2019\/07\/color-nothing-horizontale4x-e1564486100247.png\",\"contentUrl\":\"https:\/\/www.daisho.be\/wp-content\/uploads\/2019\/07\/color-nothing-horizontale4x-e1564486100247.png\",\"width\":1547,\"height\":385,\"caption\":\"Daisho\"},\"image\":{\"@id\":\"https:\/\/www.daisho.be\/de\/#\/schema\/logo\/image\/\"}}]}<\/script>\n<!-- \/ Yoast SEO plugin. -->","yoast_head_json":{"title":"Adidas ADI-SM III Kampfsportschuhe &#8211; Daisho","description":"Entdecken Sie die Adidas ADI-SM III Schuhe mit neuem Design f\u00fcr Kampfsportler. Kaufen Sie sie auf www.daisho.be\/Daisho","robots":{"index":"index","follow":"follow","max-snippet":"max-snippet:-1","max-image-preview":"max-image-preview:large","max-video-preview":"max-video-preview:-1"},"canonical":"https:\/\/www.daisho.be\/de\/produit\/adidas-adi-sm-iii-kampfsportschuhe\/","og_locale":"de_DE","og_type":"article","og_title":"Adidas ADI-SM III Kampfsportschuhe &#8211; Daisho","og_description":"Entdecken Sie die Adidas ADI-SM III Schuhe mit neuem Design f\u00fcr Kampfsportler. Kaufen Sie sie auf www.daisho.be\/Daisho","og_url":"https:\/\/www.daisho.be\/de\/produit\/adidas-adi-sm-iii-kampfsportschuhe\/","og_site_name":"Daisho","article_modified_time":"2025-02-27T10:56:49+00:00","og_image":[{"width":800,"height":800,"url":"https:\/\/www.daisho.be\/wp-content\/uploads\/2024\/03\/image-8.jpg","type":"image\/jpeg"}],"twitter_card":"summary_large_image","schema":{"@context":"https:\/\/schema.org","@graph":[{"@type":"WebPage","@id":"https:\/\/www.daisho.be\/de\/produit\/adidas-adi-sm-iii-kampfsportschuhe\/","url":"https:\/\/www.daisho.be\/de\/produit\/adidas-adi-sm-iii-kampfsportschuhe\/","name":"Adidas ADI-SM III Kampfsportschuhe &#8211; Daisho","isPartOf":{"@id":"https:\/\/www.daisho.be\/de\/#website"},"primaryImageOfPage":{"@id":"https:\/\/www.daisho.be\/de\/produit\/adidas-adi-sm-iii-kampfsportschuhe\/#primaryimage"},"image":{"@id":"https:\/\/www.daisho.be\/de\/produit\/adidas-adi-sm-iii-kampfsportschuhe\/#primaryimage"},"thumbnailUrl":"https:\/\/www.daisho.be\/wp-content\/uploads\/2024\/03\/image-8.jpg","datePublished":"2024-03-15T12:04:28+00:00","dateModified":"2025-02-27T10:56:49+00:00","description":"Entdecken Sie die Adidas ADI-SM III Schuhe mit neuem Design f\u00fcr Kampfsportler. Kaufen Sie sie auf www.daisho.be\/Daisho","breadcrumb":{"@id":"https:\/\/www.daisho.be\/de\/produit\/adidas-adi-sm-iii-kampfsportschuhe\/#breadcrumb"},"inLanguage":"de","potentialAction":[{"@type":"ReadAction","target":["https:\/\/www.daisho.be\/de\/produit\/adidas-adi-sm-iii-kampfsportschuhe\/"]}]},{"@type":"ImageObject","inLanguage":"de","@id":"https:\/\/www.daisho.be\/de\/produit\/adidas-adi-sm-iii-kampfsportschuhe\/#primaryimage","url":"https:\/\/www.daisho.be\/wp-content\/uploads\/2024\/03\/image-8.jpg","contentUrl":"https:\/\/www.daisho.be\/wp-content\/uploads\/2024\/03\/image-8.jpg","width":800,"height":800,"caption":"Adidas ADI-SM III-1 Kampfsportschuhe"},{"@type":"BreadcrumbList","@id":"https:\/\/www.daisho.be\/de\/produit\/adidas-adi-sm-iii-kampfsportschuhe\/#breadcrumb","itemListElement":[{"@type":"ListItem","position":1,"name":"Accueil","item":"https:\/\/www.daisho.be\/de\/"},{"@type":"ListItem","position":2,"name":"Produkte","item":"https:\/\/www.daisho.be\/de\/produkte\/"},{"@type":"ListItem","position":3,"name":"ADIDAS COMBAT SPORTS","item":"https:\/\/www.daisho.be\/de\/categorie-produit\/adidas-combat-sports-de\/"},{"@type":"ListItem","position":4,"name":"Taekwondo","item":"https:\/\/www.daisho.be\/de\/categorie-produit\/adidas-combat-sports-de\/taekwondo-de\/"},{"@type":"ListItem","position":5,"name":"Adidas Kleidung f\u00fcr Taekwondo","item":"https:\/\/www.daisho.be\/de\/categorie-produit\/adidas-combat-sports-de\/taekwondo-de\/adidas-kleidung-fur-taekwondo\/"},{"@type":"ListItem","position":6,"name":"Adidas ADI-SM III Kampfsportschuhe"}]},{"@type":"WebSite","@id":"https:\/\/www.daisho.be\/de\/#website","url":"https:\/\/www.daisho.be\/de\/","name":"Daisho","description":"Sp&eacute;cialiste de l'&eacute;quipement sportif d'arts martiaux","publisher":{"@id":"https:\/\/www.daisho.be\/de\/#organization"},"potentialAction":[{"@type":"SearchAction","target":{"@type":"EntryPoint","urlTemplate":"https:\/\/www.daisho.be\/de\/?s={search_term_string}"},"query-input":{"@type":"PropertyValueSpecification","valueRequired":true,"valueName":"search_term_string"}}],"inLanguage":"de"},{"@type":"Organization","@id":"https:\/\/www.daisho.be\/de\/#organization","name":"Daisho","url":"https:\/\/www.daisho.be\/de\/","logo":{"@type":"ImageObject","inLanguage":"de","@id":"https:\/\/www.daisho.be\/de\/#\/schema\/logo\/image\/","url":"https:\/\/www.daisho.be\/wp-content\/uploads\/2019\/07\/color-nothing-horizontale4x-e1564486100247.png","contentUrl":"https:\/\/www.daisho.be\/wp-content\/uploads\/2019\/07\/color-nothing-horizontale4x-e1564486100247.png","width":1547,"height":385,"caption":"Daisho"},"image":{"@id":"https:\/\/www.daisho.be\/de\/#\/schema\/logo\/image\/"}}]}},"_links":{"self":[{"href":"https:\/\/www.daisho.be\/de\/wp-json\/wp\/v2\/product\/464271","targetHints":{"allow":["GET"]}}],"collection":[{"href":"https:\/\/www.daisho.be\/de\/wp-json\/wp\/v2\/product"}],"about":[{"href":"https:\/\/www.daisho.be\/de\/wp-json\/wp\/v2\/types\/product"}],"replies":[{"embeddable":true,"href":"https:\/\/www.daisho.be\/de\/wp-json\/wp\/v2\/comments?post=464271"}],"wp:featuredmedia":[{"embeddable":true,"href":"https:\/\/www.daisho.be\/de\/wp-json\/wp\/v2\/media\/464277"}],"wp:attachment":[{"href":"https:\/\/www.daisho.be\/de\/wp-json\/wp\/v2\/media?parent=464271"}],"wp:term":[{"taxonomy":"product_brand","embeddable":true,"href":"https:\/\/www.daisho.be\/de\/wp-json\/wp\/v2\/product_brand?post=464271"},{"taxonomy":"product_cat","embeddable":true,"href":"https:\/\/www.daisho.be\/de\/wp-json\/wp\/v2\/product_cat?post=464271"},{"taxonomy":"product_tag","embeddable":true,"href":"https:\/\/www.daisho.be\/de\/wp-json\/wp\/v2\/product_tag?post=464271"},{"taxonomy":"sport","embeddable":true,"href":"https:\/\/www.daisho.be\/de\/wp-json\/wp\/v2\/sport?post=464271"}],"curies":[{"name":"wp","href":"https:\/\/api.w.org\/{rel}","templated":true}]}}