{"id":464210,"date":"2024-03-21T17:48:50","date_gmt":"2024-03-21T16:48:50","guid":{"rendered":"https:\/\/www.daisho.be\/produit\/tasche-fuer-slalomstangen-pfosten\/"},"modified":"2025-10-09T14:20:32","modified_gmt":"2025-10-09T12:20:32","slug":"tasche-fuer-slalomstangen-pfosten","status":"publish","type":"product","link":"https:\/\/www.daisho.be\/de\/produit\/tasche-fuer-slalomstangen-pfosten\/","title":{"rendered":"Tasche f\u00fcr Slalomstangen\/Pfosten"},"content":{"rendered":"<p>Tasche aus verst\u00e4rktem Nylongewebe.<br \/>\nRei\u00dfverschluss.<br \/>\nMit den Griffen dieser Tasche k\u00f6nnen bis zu 50 Slalomstangen leicht transportiert werden.<br \/>\nH\u00f6he 25 cm,<br \/>\nBreite 25 cm,<br \/>\nL\u00e4nge 185 cm.<\/p>\n","protected":false},"excerpt":{"rendered":"<p>Tasche aus verst\u00e4rktem Nylongewebe. Rei\u00dfverschluss. Mit den Griffen dieser Tasche k\u00f6nnen bis zu 50 Slalomstangen leicht transportiert werden. H\u00f6he 25 cm, Breite 25 cm, L\u00e4nge 185 cm.<\/p>\n","protected":false},"featured_media":515484,"comment_status":"open","ping_status":"closed","template":"","meta":{"inline_featured_image":false},"product_brand":[],"product_cat":[2054],"product_tag":[2152],"sport":[],"class_list":{"0":"post-464210","1":"product","2":"type-product","3":"status-publish","4":"has-post-thumbnail","6":"product_cat-trainingsmaterial","7":"product_tag-sporti-de","9":"first","10":"instock","11":"taxable","12":"shipping-taxable","13":"purchasable","14":"product-type-simple"},"yoast_head":"<!-- This site is optimized with the Yoast SEO plugin v27.2 - https:\/\/yoast.com\/product\/yoast-seo-wordpress\/ -->\n<title>Tasche f\u00fcr Slalomstangen\/Pfosten &#8211; Daisho<\/title>\n<meta name=\"robots\" content=\"index, follow, max-snippet:-1, max-image-preview:large, max-video-preview:-1\" \/>\n<link rel=\"canonical\" href=\"https:\/\/www.daisho.be\/de\/produit\/tasche-fuer-slalomstangen-pfosten\/\" \/>\n<meta property=\"og:locale\" content=\"de_DE\" \/>\n<meta property=\"og:type\" content=\"article\" \/>\n<meta property=\"og:title\" content=\"Tasche f\u00fcr Slalomstangen\/Pfosten &#8211; Daisho\" \/>\n<meta property=\"og:description\" content=\"Tasche aus verst\u00e4rktem Nylongewebe. Rei\u00dfverschluss. Mit den Griffen dieser Tasche k\u00f6nnen bis zu 50 Slalomstangen leicht transportiert werden. H\u00f6he 25 cm, Breite 25 cm, L\u00e4nge 185 cm.\" \/>\n<meta property=\"og:url\" content=\"https:\/\/www.daisho.be\/de\/produit\/tasche-fuer-slalomstangen-pfosten\/\" \/>\n<meta property=\"og:site_name\" content=\"Daisho\" \/>\n<meta property=\"article:modified_time\" content=\"2025-10-09T12:20:32+00:00\" \/>\n<meta property=\"og:image\" content=\"https:\/\/www.daisho.be\/wp-content\/uploads\/2025\/04\/image-5.png\" \/>\n\t<meta property=\"og:image:width\" content=\"2400\" \/>\n\t<meta property=\"og:image:height\" content=\"547\" \/>\n\t<meta property=\"og:image:type\" content=\"image\/png\" \/>\n<meta name=\"twitter:card\" content=\"summary_large_image\" \/>\n<script type=\"application\/ld+json\" class=\"yoast-schema-graph\">{\"@context\":\"https:\/\/schema.org\",\"@graph\":[{\"@type\":\"WebPage\",\"@id\":\"https:\/\/www.daisho.be\/de\/produit\/tasche-fuer-slalomstangen-pfosten\/\",\"url\":\"https:\/\/www.daisho.be\/de\/produit\/tasche-fuer-slalomstangen-pfosten\/\",\"name\":\"Tasche f\u00fcr Slalomstangen\/Pfosten &#8211; Daisho\",\"isPartOf\":{\"@id\":\"https:\/\/www.daisho.be\/de\/#website\"},\"primaryImageOfPage\":{\"@id\":\"https:\/\/www.daisho.be\/de\/produit\/tasche-fuer-slalomstangen-pfosten\/#primaryimage\"},\"image\":{\"@id\":\"https:\/\/www.daisho.be\/de\/produit\/tasche-fuer-slalomstangen-pfosten\/#primaryimage\"},\"thumbnailUrl\":\"https:\/\/www.daisho.be\/wp-content\/uploads\/2025\/04\/image-5.png\",\"datePublished\":\"2024-03-21T16:48:50+00:00\",\"dateModified\":\"2025-10-09T12:20:32+00:00\",\"breadcrumb\":{\"@id\":\"https:\/\/www.daisho.be\/de\/produit\/tasche-fuer-slalomstangen-pfosten\/#breadcrumb\"},\"inLanguage\":\"de\",\"potentialAction\":[{\"@type\":\"ReadAction\",\"target\":[\"https:\/\/www.daisho.be\/de\/produit\/tasche-fuer-slalomstangen-pfosten\/\"]}]},{\"@type\":\"ImageObject\",\"inLanguage\":\"de\",\"@id\":\"https:\/\/www.daisho.be\/de\/produit\/tasche-fuer-slalomstangen-pfosten\/#primaryimage\",\"url\":\"https:\/\/www.daisho.be\/wp-content\/uploads\/2025\/04\/image-5.png\",\"contentUrl\":\"https:\/\/www.daisho.be\/wp-content\/uploads\/2025\/04\/image-5.png\",\"width\":2400,\"height\":547,\"caption\":\"Tasche f\u00fcr Slalomstangen\/Meilensteine-1\"},{\"@type\":\"BreadcrumbList\",\"@id\":\"https:\/\/www.daisho.be\/de\/produit\/tasche-fuer-slalomstangen-pfosten\/#breadcrumb\",\"itemListElement\":[{\"@type\":\"ListItem\",\"position\":1,\"name\":\"Accueil\",\"item\":\"https:\/\/www.daisho.be\/de\/\"},{\"@type\":\"ListItem\",\"position\":2,\"name\":\"Produkte\",\"item\":\"https:\/\/www.daisho.be\/de\/produkte\/\"},{\"@type\":\"ListItem\",\"position\":3,\"name\":\"Kampfsportarten\",\"item\":\"https:\/\/www.daisho.be\/de\/categorie-produit\/kampfsportarten\/\"},{\"@type\":\"ListItem\",\"position\":4,\"name\":\"Trainingsmaterial\",\"item\":\"https:\/\/www.daisho.be\/de\/categorie-produit\/kampfsportarten\/trainingsmaterial\/\"},{\"@type\":\"ListItem\",\"position\":5,\"name\":\"Tasche f\u00fcr Slalomstangen\/Pfosten\"}]},{\"@type\":\"WebSite\",\"@id\":\"https:\/\/www.daisho.be\/de\/#website\",\"url\":\"https:\/\/www.daisho.be\/de\/\",\"name\":\"Daisho\",\"description\":\"Sp&eacute;cialiste de l'&eacute;quipement sportif d'arts martiaux\",\"publisher\":{\"@id\":\"https:\/\/www.daisho.be\/de\/#organization\"},\"potentialAction\":[{\"@type\":\"SearchAction\",\"target\":{\"@type\":\"EntryPoint\",\"urlTemplate\":\"https:\/\/www.daisho.be\/de\/?s={search_term_string}\"},\"query-input\":{\"@type\":\"PropertyValueSpecification\",\"valueRequired\":true,\"valueName\":\"search_term_string\"}}],\"inLanguage\":\"de\"},{\"@type\":\"Organization\",\"@id\":\"https:\/\/www.daisho.be\/de\/#organization\",\"name\":\"Daisho\",\"url\":\"https:\/\/www.daisho.be\/de\/\",\"logo\":{\"@type\":\"ImageObject\",\"inLanguage\":\"de\",\"@id\":\"https:\/\/www.daisho.be\/de\/#\/schema\/logo\/image\/\",\"url\":\"https:\/\/www.daisho.be\/wp-content\/uploads\/2019\/07\/color-nothing-horizontale4x-e1564486100247.png\",\"contentUrl\":\"https:\/\/www.daisho.be\/wp-content\/uploads\/2019\/07\/color-nothing-horizontale4x-e1564486100247.png\",\"width\":1547,\"height\":385,\"caption\":\"Daisho\"},\"image\":{\"@id\":\"https:\/\/www.daisho.be\/de\/#\/schema\/logo\/image\/\"}}]}<\/script>\n<!-- \/ Yoast SEO plugin. -->","yoast_head_json":{"title":"Tasche f\u00fcr Slalomstangen\/Pfosten &#8211; Daisho","robots":{"index":"index","follow":"follow","max-snippet":"max-snippet:-1","max-image-preview":"max-image-preview:large","max-video-preview":"max-video-preview:-1"},"canonical":"https:\/\/www.daisho.be\/de\/produit\/tasche-fuer-slalomstangen-pfosten\/","og_locale":"de_DE","og_type":"article","og_title":"Tasche f\u00fcr Slalomstangen\/Pfosten &#8211; Daisho","og_description":"Tasche aus verst\u00e4rktem Nylongewebe. Rei\u00dfverschluss. Mit den Griffen dieser Tasche k\u00f6nnen bis zu 50 Slalomstangen leicht transportiert werden. H\u00f6he 25 cm, Breite 25 cm, L\u00e4nge 185 cm.","og_url":"https:\/\/www.daisho.be\/de\/produit\/tasche-fuer-slalomstangen-pfosten\/","og_site_name":"Daisho","article_modified_time":"2025-10-09T12:20:32+00:00","og_image":[{"width":2400,"height":547,"url":"https:\/\/www.daisho.be\/wp-content\/uploads\/2025\/04\/image-5.png","type":"image\/png"}],"twitter_card":"summary_large_image","schema":{"@context":"https:\/\/schema.org","@graph":[{"@type":"WebPage","@id":"https:\/\/www.daisho.be\/de\/produit\/tasche-fuer-slalomstangen-pfosten\/","url":"https:\/\/www.daisho.be\/de\/produit\/tasche-fuer-slalomstangen-pfosten\/","name":"Tasche f\u00fcr Slalomstangen\/Pfosten &#8211; Daisho","isPartOf":{"@id":"https:\/\/www.daisho.be\/de\/#website"},"primaryImageOfPage":{"@id":"https:\/\/www.daisho.be\/de\/produit\/tasche-fuer-slalomstangen-pfosten\/#primaryimage"},"image":{"@id":"https:\/\/www.daisho.be\/de\/produit\/tasche-fuer-slalomstangen-pfosten\/#primaryimage"},"thumbnailUrl":"https:\/\/www.daisho.be\/wp-content\/uploads\/2025\/04\/image-5.png","datePublished":"2024-03-21T16:48:50+00:00","dateModified":"2025-10-09T12:20:32+00:00","breadcrumb":{"@id":"https:\/\/www.daisho.be\/de\/produit\/tasche-fuer-slalomstangen-pfosten\/#breadcrumb"},"inLanguage":"de","potentialAction":[{"@type":"ReadAction","target":["https:\/\/www.daisho.be\/de\/produit\/tasche-fuer-slalomstangen-pfosten\/"]}]},{"@type":"ImageObject","inLanguage":"de","@id":"https:\/\/www.daisho.be\/de\/produit\/tasche-fuer-slalomstangen-pfosten\/#primaryimage","url":"https:\/\/www.daisho.be\/wp-content\/uploads\/2025\/04\/image-5.png","contentUrl":"https:\/\/www.daisho.be\/wp-content\/uploads\/2025\/04\/image-5.png","width":2400,"height":547,"caption":"Tasche f\u00fcr Slalomstangen\/Meilensteine-1"},{"@type":"BreadcrumbList","@id":"https:\/\/www.daisho.be\/de\/produit\/tasche-fuer-slalomstangen-pfosten\/#breadcrumb","itemListElement":[{"@type":"ListItem","position":1,"name":"Accueil","item":"https:\/\/www.daisho.be\/de\/"},{"@type":"ListItem","position":2,"name":"Produkte","item":"https:\/\/www.daisho.be\/de\/produkte\/"},{"@type":"ListItem","position":3,"name":"Kampfsportarten","item":"https:\/\/www.daisho.be\/de\/categorie-produit\/kampfsportarten\/"},{"@type":"ListItem","position":4,"name":"Trainingsmaterial","item":"https:\/\/www.daisho.be\/de\/categorie-produit\/kampfsportarten\/trainingsmaterial\/"},{"@type":"ListItem","position":5,"name":"Tasche f\u00fcr Slalomstangen\/Pfosten"}]},{"@type":"WebSite","@id":"https:\/\/www.daisho.be\/de\/#website","url":"https:\/\/www.daisho.be\/de\/","name":"Daisho","description":"Sp&eacute;cialiste de l'&eacute;quipement sportif d'arts martiaux","publisher":{"@id":"https:\/\/www.daisho.be\/de\/#organization"},"potentialAction":[{"@type":"SearchAction","target":{"@type":"EntryPoint","urlTemplate":"https:\/\/www.daisho.be\/de\/?s={search_term_string}"},"query-input":{"@type":"PropertyValueSpecification","valueRequired":true,"valueName":"search_term_string"}}],"inLanguage":"de"},{"@type":"Organization","@id":"https:\/\/www.daisho.be\/de\/#organization","name":"Daisho","url":"https:\/\/www.daisho.be\/de\/","logo":{"@type":"ImageObject","inLanguage":"de","@id":"https:\/\/www.daisho.be\/de\/#\/schema\/logo\/image\/","url":"https:\/\/www.daisho.be\/wp-content\/uploads\/2019\/07\/color-nothing-horizontale4x-e1564486100247.png","contentUrl":"https:\/\/www.daisho.be\/wp-content\/uploads\/2019\/07\/color-nothing-horizontale4x-e1564486100247.png","width":1547,"height":385,"caption":"Daisho"},"image":{"@id":"https:\/\/www.daisho.be\/de\/#\/schema\/logo\/image\/"}}]}},"_links":{"self":[{"href":"https:\/\/www.daisho.be\/de\/wp-json\/wp\/v2\/product\/464210","targetHints":{"allow":["GET"]}}],"collection":[{"href":"https:\/\/www.daisho.be\/de\/wp-json\/wp\/v2\/product"}],"about":[{"href":"https:\/\/www.daisho.be\/de\/wp-json\/wp\/v2\/types\/product"}],"replies":[{"embeddable":true,"href":"https:\/\/www.daisho.be\/de\/wp-json\/wp\/v2\/comments?post=464210"}],"wp:featuredmedia":[{"embeddable":true,"href":"https:\/\/www.daisho.be\/de\/wp-json\/wp\/v2\/media\/515484"}],"wp:attachment":[{"href":"https:\/\/www.daisho.be\/de\/wp-json\/wp\/v2\/media?parent=464210"}],"wp:term":[{"taxonomy":"product_brand","embeddable":true,"href":"https:\/\/www.daisho.be\/de\/wp-json\/wp\/v2\/product_brand?post=464210"},{"taxonomy":"product_cat","embeddable":true,"href":"https:\/\/www.daisho.be\/de\/wp-json\/wp\/v2\/product_cat?post=464210"},{"taxonomy":"product_tag","embeddable":true,"href":"https:\/\/www.daisho.be\/de\/wp-json\/wp\/v2\/product_tag?post=464210"},{"taxonomy":"sport","embeddable":true,"href":"https:\/\/www.daisho.be\/de\/wp-json\/wp\/v2\/sport?post=464210"}],"curies":[{"name":"wp","href":"https:\/\/api.w.org\/{rel}","templated":true}]}}