{"id":464182,"date":"2024-10-04T13:26:28","date_gmt":"2024-10-04T11:26:28","guid":{"rendered":"https:\/\/www.daisho.be\/produit\/karategi-tokaido-kata-master-sen-wkf-made-in-japan\/"},"modified":"2026-04-09T14:56:50","modified_gmt":"2026-04-09T12:56:50","slug":"karategi-tokaido-kata-master-sen-wkf-made-in-japan","status":"publish","type":"product","link":"https:\/\/www.daisho.be\/de\/produit\/karategi-tokaido-kata-master-sen-wkf-made-in-japan\/","title":{"rendered":"KARATEGI TOKAIDO KATA MASTER SEN &#8211; WKF &#8211; MADE IN JAPAN"},"content":{"rendered":"<p>Karategi TOKAIDO Kata Master SEN &#8211; Hergestellt in Japan, WKF<br \/>\nDer Kata Master SEN ist ein hochwertiger japanischer Anzug, der entwickelt wurde, um ein au\u00dfergew\u00f6hnliches Kata-Erlebnis zu bieten.<br \/>\nDer neue Schnitt, der in Zusammenarbeit mit Experten aus mehreren L\u00e4ndern (Kuwait, Deutschland, Italien, Aserbaidschan) entwickelt wurde, sorgt f\u00fcr eine optimale Passform.<br \/>\nDie extra weiten Hosen bieten viel Bewegungsfreiheit und ausgezeichnete Elastizit\u00e4t, w\u00e4hrend der Stoff, der mit Hilfe von Athleten des japanischen Kata-Teams entworfen wurde, bei jeder Bewegung einen einzigartigen Klang garantiert.<br \/>\nDieser Gi ist perfekt f\u00fcr Wettk\u00e4mpfer, die nach Exzellenz streben, und zeichnet sich durch seine geraden \u00c4rmel aus, die eine v\u00f6llige Bewegungsfreiheit erm\u00f6glichen, ohne dass die Jacke verrutscht.<br \/>\nDie kurzen \u00c4rmel und der lange Rock sorgen f\u00fcr einen makellosen Look, der durch die Ultimate Sound Technologie unterst\u00fctzt wird, um die Ausdruckskraft bei Kata-Performances zu erh\u00f6hen.<br \/>\nDas Gewebe mit hoher Dichte (10 oz) ist leicht und komfortabel. Die verst\u00e4rkten N\u00e4hte an den \u00c4rmeln sorgen f\u00fcr eine hervorragende Passform bei Bewegungen.<br \/>\nDie hoch geschnittene Hose mit Kordelzug bietet zuverl\u00e4ssigen Halt auch bei komplexen Techniken (Bunkai).<br \/>\nAus 70% Baumwolle und 30% Polyester gefertigt, ist dieses Karategi ohne Stickerei auf Brust, Schulter oder Hals ideal f\u00fcr JKA-Wettbewerbe. <\/p>\n<p><img loading=\"lazy\" decoding=\"async\" class=\"size-full wp-image-416609 alignleft\" src=\"https:\/\/www.daisho.be\/wp-content\/uploads\/2019\/09\/kata-cut.png\" alt=\"\" width=\"108\" height=\"120\" srcset=\"https:\/\/www.daisho.be\/wp-content\/uploads\/2019\/09\/kata-cut.png 108w, https:\/\/www.daisho.be\/wp-content\/uploads\/2019\/09\/kata-cut-72x80.png 72w\" sizes=\"auto, (max-width: 108px) 100vw, 108px\" \/> <img loading=\"lazy\" decoding=\"async\" class=\"size-full wp-image-416601 alignleft\" src=\"https:\/\/www.daisho.be\/wp-content\/uploads\/2019\/09\/mij.png\" alt=\"\" width=\"108\" height=\"121\"> <img loading=\"lazy\" decoding=\"async\" class=\"size-full wp-image-416621 alignleft\" src=\"https:\/\/www.daisho.be\/wp-content\/uploads\/2019\/09\/wkf-approved.png\" alt=\"\" width=\"108\" height=\"121\" srcset=\"https:\/\/www.daisho.be\/wp-content\/uploads\/2019\/09\/wkf-approved.png 108w, https:\/\/www.daisho.be\/wp-content\/uploads\/2019\/09\/wkf-approved-71x80.png 71w\" sizes=\"auto, (max-width: 108px) 100vw, 108px\" \/> <img loading=\"lazy\" decoding=\"async\" class=\"size-full wp-image-416605 alignleft\" src=\"https:\/\/www.daisho.be\/wp-content\/uploads\/2019\/09\/embroidery.png\" alt=\"\" width=\"108\" height=\"122\" srcset=\"https:\/\/www.daisho.be\/wp-content\/uploads\/2019\/09\/embroidery.png 108w, https:\/\/www.daisho.be\/wp-content\/uploads\/2019\/09\/embroidery-71x80.png 71w\" sizes=\"auto, (max-width: 108px) 100vw, 108px\" \/><\/p>\n","protected":false},"excerpt":{"rendered":"<p>Karategi TOKAIDO Kata Master SEN &#8211; Hergestellt in Japan, WKF Der Kata Master SEN ist ein hochwertiger japanischer Anzug, der entwickelt wurde, um ein au\u00dfergew\u00f6hnliches Kata-Erlebnis zu bieten. Der neue Schnitt, der in Zusammenarbeit mit Experten aus mehreren L\u00e4ndern (Kuwait, Deutschland, Italien, Aserbaidschan) entwickelt wurde, sorgt f\u00fcr eine optimale Passform. Die extra weiten Hosen bieten [&hellip;]<\/p>\n","protected":false},"featured_media":475870,"comment_status":"open","ping_status":"closed","template":"","meta":{"inline_featured_image":false},"product_brand":[],"product_cat":[2008,2118],"product_tag":[2004],"sport":[],"class_list":{"0":"post-464182","1":"product","2":"type-product","3":"status-publish","4":"has-post-thumbnail","6":"product_cat-karate-kimonos-de","7":"product_cat-kleidung-kimonos","8":"product_tag-tokaido-de","9":"pa_size-380","10":"pa_size-379","11":"pa_size-387","12":"pa_size-378","13":"pa_size-386","14":"pa_size-377","15":"pa_size-385","16":"pa_size-376","17":"pa_size-384","18":"pa_size-383","20":"first","21":"instock","22":"taxable","23":"shipping-taxable","24":"purchasable","25":"product-type-variable"},"yoast_head":"<!-- This site is optimized with the Yoast SEO plugin v27.2 - https:\/\/yoast.com\/product\/yoast-seo-wordpress\/ -->\n<title>KARATEGI TOKAIDO KATA MASTER SEN - WKF - MADE IN JAPAN &#8211; Daisho<\/title>\n<meta name=\"description\" content=\"Kata Master SEN, ein hochwertiger Kimono, der f\u00fcr ein au\u00dfergew\u00f6hnliches Kata-Erlebnis entworfen wurde. Finden Sie ihn auf www.daisho.be | Daisho\" \/>\n<meta name=\"robots\" content=\"index, follow, max-snippet:-1, max-image-preview:large, max-video-preview:-1\" \/>\n<link rel=\"canonical\" href=\"https:\/\/www.daisho.be\/de\/produit\/karategi-tokaido-kata-master-sen-wkf-made-in-japan\/\" \/>\n<meta property=\"og:locale\" content=\"de_DE\" \/>\n<meta property=\"og:type\" content=\"article\" \/>\n<meta property=\"og:title\" content=\"KARATEGI TOKAIDO KATA MASTER SEN - WKF - MADE IN JAPAN &#8211; Daisho\" \/>\n<meta property=\"og:description\" content=\"Kata Master SEN, ein hochwertiger Kimono, der f\u00fcr ein au\u00dfergew\u00f6hnliches Kata-Erlebnis entworfen wurde. Finden Sie ihn auf www.daisho.be | Daisho\" \/>\n<meta property=\"og:url\" content=\"https:\/\/www.daisho.be\/de\/produit\/karategi-tokaido-kata-master-sen-wkf-made-in-japan\/\" \/>\n<meta property=\"og:site_name\" content=\"Daisho\" \/>\n<meta property=\"article:modified_time\" content=\"2026-04-09T12:56:50+00:00\" \/>\n<meta property=\"og:image\" content=\"https:\/\/www.daisho.be\/wp-content\/uploads\/2024\/12\/image-17.jpg\" \/>\n\t<meta property=\"og:image:width\" content=\"800\" \/>\n\t<meta property=\"og:image:height\" content=\"1280\" \/>\n\t<meta property=\"og:image:type\" content=\"image\/jpeg\" \/>\n<meta name=\"twitter:card\" content=\"summary_large_image\" \/>\n<meta name=\"twitter:label1\" content=\"Gesch\u00e4tzte Lesezeit\" \/>\n\t<meta name=\"twitter:data1\" content=\"1\u00a0Minute\" \/>\n<script type=\"application\/ld+json\" class=\"yoast-schema-graph\">{\"@context\":\"https:\/\/schema.org\",\"@graph\":[{\"@type\":\"WebPage\",\"@id\":\"https:\/\/www.daisho.be\/de\/produit\/karategi-tokaido-kata-master-sen-wkf-made-in-japan\/\",\"url\":\"https:\/\/www.daisho.be\/de\/produit\/karategi-tokaido-kata-master-sen-wkf-made-in-japan\/\",\"name\":\"KARATEGI TOKAIDO KATA MASTER SEN - WKF - MADE IN JAPAN &#8211; Daisho\",\"isPartOf\":{\"@id\":\"https:\/\/www.daisho.be\/de\/#website\"},\"primaryImageOfPage\":{\"@id\":\"https:\/\/www.daisho.be\/de\/produit\/karategi-tokaido-kata-master-sen-wkf-made-in-japan\/#primaryimage\"},\"image\":{\"@id\":\"https:\/\/www.daisho.be\/de\/produit\/karategi-tokaido-kata-master-sen-wkf-made-in-japan\/#primaryimage\"},\"thumbnailUrl\":\"https:\/\/www.daisho.be\/wp-content\/uploads\/2024\/12\/image-17.jpg\",\"datePublished\":\"2024-10-04T11:26:28+00:00\",\"dateModified\":\"2026-04-09T12:56:50+00:00\",\"description\":\"Kata Master SEN, ein hochwertiger Kimono, der f\u00fcr ein au\u00dfergew\u00f6hnliches Kata-Erlebnis entworfen wurde. Finden Sie ihn auf www.daisho.be | Daisho\",\"breadcrumb\":{\"@id\":\"https:\/\/www.daisho.be\/de\/produit\/karategi-tokaido-kata-master-sen-wkf-made-in-japan\/#breadcrumb\"},\"inLanguage\":\"de\",\"potentialAction\":[{\"@type\":\"ReadAction\",\"target\":[\"https:\/\/www.daisho.be\/de\/produit\/karategi-tokaido-kata-master-sen-wkf-made-in-japan\/\"]}]},{\"@type\":\"ImageObject\",\"inLanguage\":\"de\",\"@id\":\"https:\/\/www.daisho.be\/de\/produit\/karategi-tokaido-kata-master-sen-wkf-made-in-japan\/#primaryimage\",\"url\":\"https:\/\/www.daisho.be\/wp-content\/uploads\/2024\/12\/image-17.jpg\",\"contentUrl\":\"https:\/\/www.daisho.be\/wp-content\/uploads\/2024\/12\/image-17.jpg\",\"width\":800,\"height\":1280,\"caption\":\"KARATEGI TOKAIDO KATA MASTER SEN - WKF - MADE IN JAPAN-1\"},{\"@type\":\"BreadcrumbList\",\"@id\":\"https:\/\/www.daisho.be\/de\/produit\/karategi-tokaido-kata-master-sen-wkf-made-in-japan\/#breadcrumb\",\"itemListElement\":[{\"@type\":\"ListItem\",\"position\":1,\"name\":\"Accueil\",\"item\":\"https:\/\/www.daisho.be\/de\/\"},{\"@type\":\"ListItem\",\"position\":2,\"name\":\"Produkte\",\"item\":\"https:\/\/www.daisho.be\/de\/produkte\/\"},{\"@type\":\"ListItem\",\"position\":3,\"name\":\"Ausr\u00fcstung und Kleidung f\u00fcr Kampfkunst und Kampfsport\",\"item\":\"https:\/\/www.daisho.be\/de\/categorie-produit\/ausrustung-und-kleidung-fur-kampfkunst-und-kampfsport\/\"},{\"@type\":\"ListItem\",\"position\":4,\"name\":\"Karate\",\"item\":\"https:\/\/www.daisho.be\/de\/categorie-produit\/ausrustung-und-kleidung-fur-kampfkunst-und-kampfsport\/karate-de-2\/\"},{\"@type\":\"ListItem\",\"position\":5,\"name\":\"Karate-Kimonos\",\"item\":\"https:\/\/www.daisho.be\/de\/categorie-produit\/ausrustung-und-kleidung-fur-kampfkunst-und-kampfsport\/karate-de-2\/karate-kimonos-de\/\"},{\"@type\":\"ListItem\",\"position\":6,\"name\":\"KARATEGI TOKAIDO KATA MASTER SEN &#8211; WKF &#8211; MADE IN JAPAN\"}]},{\"@type\":\"WebSite\",\"@id\":\"https:\/\/www.daisho.be\/de\/#website\",\"url\":\"https:\/\/www.daisho.be\/de\/\",\"name\":\"Daisho\",\"description\":\"Sp&eacute;cialiste de l'&eacute;quipement sportif d'arts martiaux\",\"publisher\":{\"@id\":\"https:\/\/www.daisho.be\/de\/#organization\"},\"potentialAction\":[{\"@type\":\"SearchAction\",\"target\":{\"@type\":\"EntryPoint\",\"urlTemplate\":\"https:\/\/www.daisho.be\/de\/?s={search_term_string}\"},\"query-input\":{\"@type\":\"PropertyValueSpecification\",\"valueRequired\":true,\"valueName\":\"search_term_string\"}}],\"inLanguage\":\"de\"},{\"@type\":\"Organization\",\"@id\":\"https:\/\/www.daisho.be\/de\/#organization\",\"name\":\"Daisho\",\"url\":\"https:\/\/www.daisho.be\/de\/\",\"logo\":{\"@type\":\"ImageObject\",\"inLanguage\":\"de\",\"@id\":\"https:\/\/www.daisho.be\/de\/#\/schema\/logo\/image\/\",\"url\":\"https:\/\/www.daisho.be\/wp-content\/uploads\/2019\/07\/color-nothing-horizontale4x-e1564486100247.png\",\"contentUrl\":\"https:\/\/www.daisho.be\/wp-content\/uploads\/2019\/07\/color-nothing-horizontale4x-e1564486100247.png\",\"width\":1547,\"height\":385,\"caption\":\"Daisho\"},\"image\":{\"@id\":\"https:\/\/www.daisho.be\/de\/#\/schema\/logo\/image\/\"}}]}<\/script>\n<!-- \/ Yoast SEO plugin. -->","yoast_head_json":{"title":"KARATEGI TOKAIDO KATA MASTER SEN - WKF - MADE IN JAPAN &#8211; Daisho","description":"Kata Master SEN, ein hochwertiger Kimono, der f\u00fcr ein au\u00dfergew\u00f6hnliches Kata-Erlebnis entworfen wurde. Finden Sie ihn auf www.daisho.be | Daisho","robots":{"index":"index","follow":"follow","max-snippet":"max-snippet:-1","max-image-preview":"max-image-preview:large","max-video-preview":"max-video-preview:-1"},"canonical":"https:\/\/www.daisho.be\/de\/produit\/karategi-tokaido-kata-master-sen-wkf-made-in-japan\/","og_locale":"de_DE","og_type":"article","og_title":"KARATEGI TOKAIDO KATA MASTER SEN - WKF - MADE IN JAPAN &#8211; Daisho","og_description":"Kata Master SEN, ein hochwertiger Kimono, der f\u00fcr ein au\u00dfergew\u00f6hnliches Kata-Erlebnis entworfen wurde. Finden Sie ihn auf www.daisho.be | Daisho","og_url":"https:\/\/www.daisho.be\/de\/produit\/karategi-tokaido-kata-master-sen-wkf-made-in-japan\/","og_site_name":"Daisho","article_modified_time":"2026-04-09T12:56:50+00:00","og_image":[{"width":800,"height":1280,"url":"https:\/\/www.daisho.be\/wp-content\/uploads\/2024\/12\/image-17.jpg","type":"image\/jpeg"}],"twitter_card":"summary_large_image","twitter_misc":{"Gesch\u00e4tzte Lesezeit":"1\u00a0Minute"},"schema":{"@context":"https:\/\/schema.org","@graph":[{"@type":"WebPage","@id":"https:\/\/www.daisho.be\/de\/produit\/karategi-tokaido-kata-master-sen-wkf-made-in-japan\/","url":"https:\/\/www.daisho.be\/de\/produit\/karategi-tokaido-kata-master-sen-wkf-made-in-japan\/","name":"KARATEGI TOKAIDO KATA MASTER SEN - WKF - MADE IN JAPAN &#8211; Daisho","isPartOf":{"@id":"https:\/\/www.daisho.be\/de\/#website"},"primaryImageOfPage":{"@id":"https:\/\/www.daisho.be\/de\/produit\/karategi-tokaido-kata-master-sen-wkf-made-in-japan\/#primaryimage"},"image":{"@id":"https:\/\/www.daisho.be\/de\/produit\/karategi-tokaido-kata-master-sen-wkf-made-in-japan\/#primaryimage"},"thumbnailUrl":"https:\/\/www.daisho.be\/wp-content\/uploads\/2024\/12\/image-17.jpg","datePublished":"2024-10-04T11:26:28+00:00","dateModified":"2026-04-09T12:56:50+00:00","description":"Kata Master SEN, ein hochwertiger Kimono, der f\u00fcr ein au\u00dfergew\u00f6hnliches Kata-Erlebnis entworfen wurde. Finden Sie ihn auf www.daisho.be | Daisho","breadcrumb":{"@id":"https:\/\/www.daisho.be\/de\/produit\/karategi-tokaido-kata-master-sen-wkf-made-in-japan\/#breadcrumb"},"inLanguage":"de","potentialAction":[{"@type":"ReadAction","target":["https:\/\/www.daisho.be\/de\/produit\/karategi-tokaido-kata-master-sen-wkf-made-in-japan\/"]}]},{"@type":"ImageObject","inLanguage":"de","@id":"https:\/\/www.daisho.be\/de\/produit\/karategi-tokaido-kata-master-sen-wkf-made-in-japan\/#primaryimage","url":"https:\/\/www.daisho.be\/wp-content\/uploads\/2024\/12\/image-17.jpg","contentUrl":"https:\/\/www.daisho.be\/wp-content\/uploads\/2024\/12\/image-17.jpg","width":800,"height":1280,"caption":"KARATEGI TOKAIDO KATA MASTER SEN - WKF - MADE IN JAPAN-1"},{"@type":"BreadcrumbList","@id":"https:\/\/www.daisho.be\/de\/produit\/karategi-tokaido-kata-master-sen-wkf-made-in-japan\/#breadcrumb","itemListElement":[{"@type":"ListItem","position":1,"name":"Accueil","item":"https:\/\/www.daisho.be\/de\/"},{"@type":"ListItem","position":2,"name":"Produkte","item":"https:\/\/www.daisho.be\/de\/produkte\/"},{"@type":"ListItem","position":3,"name":"Ausr\u00fcstung und Kleidung f\u00fcr Kampfkunst und Kampfsport","item":"https:\/\/www.daisho.be\/de\/categorie-produit\/ausrustung-und-kleidung-fur-kampfkunst-und-kampfsport\/"},{"@type":"ListItem","position":4,"name":"Karate","item":"https:\/\/www.daisho.be\/de\/categorie-produit\/ausrustung-und-kleidung-fur-kampfkunst-und-kampfsport\/karate-de-2\/"},{"@type":"ListItem","position":5,"name":"Karate-Kimonos","item":"https:\/\/www.daisho.be\/de\/categorie-produit\/ausrustung-und-kleidung-fur-kampfkunst-und-kampfsport\/karate-de-2\/karate-kimonos-de\/"},{"@type":"ListItem","position":6,"name":"KARATEGI TOKAIDO KATA MASTER SEN &#8211; WKF &#8211; MADE IN JAPAN"}]},{"@type":"WebSite","@id":"https:\/\/www.daisho.be\/de\/#website","url":"https:\/\/www.daisho.be\/de\/","name":"Daisho","description":"Sp&eacute;cialiste de l'&eacute;quipement sportif d'arts martiaux","publisher":{"@id":"https:\/\/www.daisho.be\/de\/#organization"},"potentialAction":[{"@type":"SearchAction","target":{"@type":"EntryPoint","urlTemplate":"https:\/\/www.daisho.be\/de\/?s={search_term_string}"},"query-input":{"@type":"PropertyValueSpecification","valueRequired":true,"valueName":"search_term_string"}}],"inLanguage":"de"},{"@type":"Organization","@id":"https:\/\/www.daisho.be\/de\/#organization","name":"Daisho","url":"https:\/\/www.daisho.be\/de\/","logo":{"@type":"ImageObject","inLanguage":"de","@id":"https:\/\/www.daisho.be\/de\/#\/schema\/logo\/image\/","url":"https:\/\/www.daisho.be\/wp-content\/uploads\/2019\/07\/color-nothing-horizontale4x-e1564486100247.png","contentUrl":"https:\/\/www.daisho.be\/wp-content\/uploads\/2019\/07\/color-nothing-horizontale4x-e1564486100247.png","width":1547,"height":385,"caption":"Daisho"},"image":{"@id":"https:\/\/www.daisho.be\/de\/#\/schema\/logo\/image\/"}}]}},"_links":{"self":[{"href":"https:\/\/www.daisho.be\/de\/wp-json\/wp\/v2\/product\/464182","targetHints":{"allow":["GET"]}}],"collection":[{"href":"https:\/\/www.daisho.be\/de\/wp-json\/wp\/v2\/product"}],"about":[{"href":"https:\/\/www.daisho.be\/de\/wp-json\/wp\/v2\/types\/product"}],"replies":[{"embeddable":true,"href":"https:\/\/www.daisho.be\/de\/wp-json\/wp\/v2\/comments?post=464182"}],"wp:featuredmedia":[{"embeddable":true,"href":"https:\/\/www.daisho.be\/de\/wp-json\/wp\/v2\/media\/475870"}],"wp:attachment":[{"href":"https:\/\/www.daisho.be\/de\/wp-json\/wp\/v2\/media?parent=464182"}],"wp:term":[{"taxonomy":"product_brand","embeddable":true,"href":"https:\/\/www.daisho.be\/de\/wp-json\/wp\/v2\/product_brand?post=464182"},{"taxonomy":"product_cat","embeddable":true,"href":"https:\/\/www.daisho.be\/de\/wp-json\/wp\/v2\/product_cat?post=464182"},{"taxonomy":"product_tag","embeddable":true,"href":"https:\/\/www.daisho.be\/de\/wp-json\/wp\/v2\/product_tag?post=464182"},{"taxonomy":"sport","embeddable":true,"href":"https:\/\/www.daisho.be\/de\/wp-json\/wp\/v2\/sport?post=464182"}],"curies":[{"name":"wp","href":"https:\/\/api.w.org\/{rel}","templated":true}]}}