{"id":464164,"date":"2024-10-07T12:44:04","date_gmt":"2024-10-07T10:44:04","guid":{"rendered":"https:\/\/www.daisho.be\/produit\/wing-chun-schaufensterpuppe-aus-kunststoff\/"},"modified":"2026-04-20T14:29:36","modified_gmt":"2026-04-20T12:29:36","slug":"wing-chun-schaufensterpuppe-aus-kunststoff","status":"publish","type":"product","link":"https:\/\/www.daisho.be\/de\/produit\/wing-chun-schaufensterpuppe-aus-kunststoff\/","title":{"rendered":"Wing Chun Schaufensterpuppe aus Kunststoff"},"content":{"rendered":"<p>Wing Chun Dummy aus Kunststoff, bestehend aus einem bef\u00fcllbaren beschwerten Fu\u00df und einem massiven Rumpf aus Kunststoff.<br \/>\nMit 6 Armen und 2 Beinen ist dies der ideale Dummy f\u00fcr das Training von Anf\u00e4ngern.<br \/>\nAus Kunststoff gefertigt, ist er sehr robust und kann von 2 Personen benutzt werden.<br \/>\n2 Personen k\u00f6nnen gleichzeitig trainieren. Die Puppe kann sehr schnell auf- und abgebaut werden und ist daher auch mobil.<br \/>\nDie Abmessungen sind auf dem Foto angegeben.<br \/>\nDer Fu\u00df kann mit Wasser, Kies oder Sand gef\u00fcllt werden.<br \/>\nWir empfehlen Kies wegen des h\u00f6heren Gewichts und der besseren Stabilit\u00e4t.<br \/>\nEigenschaften:<br \/>\nDurchmesser des Baumstamms ca. 20 cm<br \/>\nH\u00f6he des Baumstamms ca. 135 cm<br \/>\nH\u00f6he des Sockels ca. 28 cm <\/p>\n","protected":false},"excerpt":{"rendered":"<p>Wing Chun Dummy aus Kunststoff, bestehend aus einem bef\u00fcllbaren beschwerten Fu\u00df und einem massiven Rumpf aus Kunststoff. Mit 6 Armen und 2 Beinen ist dies der ideale Dummy f\u00fcr das Training von Anf\u00e4ngern. Aus Kunststoff gefertigt, ist er sehr robust und kann von 2 Personen benutzt werden. 2 Personen k\u00f6nnen gleichzeitig trainieren. Die Puppe kann [&hellip;]<\/p>\n","protected":false},"featured_media":464166,"comment_status":"open","ping_status":"closed","template":"","meta":{"inline_featured_image":false},"product_brand":[],"product_cat":[2054],"product_tag":[2158],"sport":[],"class_list":{"0":"post-464164","1":"product","2":"type-product","3":"status-publish","4":"has-post-thumbnail","6":"product_cat-trainingsmaterial","7":"product_tag-s-b-j-de","8":"product_shipping_class-schwere-produkte","10":"first","11":"instock","12":"taxable","13":"shipping-taxable","14":"purchasable","15":"product-type-simple"},"yoast_head":"<!-- This site is optimized with the Yoast SEO plugin v27.2 - https:\/\/yoast.com\/product\/yoast-seo-wordpress\/ -->\n<title>Wing Chun Schaufensterpuppe aus Kunststoff &#8211; Daisho<\/title>\n<meta name=\"robots\" content=\"index, follow, max-snippet:-1, max-image-preview:large, max-video-preview:-1\" \/>\n<link rel=\"canonical\" href=\"https:\/\/www.daisho.be\/de\/produit\/wing-chun-schaufensterpuppe-aus-kunststoff\/\" \/>\n<meta property=\"og:locale\" content=\"de_DE\" \/>\n<meta property=\"og:type\" content=\"article\" \/>\n<meta property=\"og:title\" content=\"Wing Chun Schaufensterpuppe aus Kunststoff &#8211; Daisho\" \/>\n<meta property=\"og:description\" content=\"Wing Chun Dummy aus Kunststoff, bestehend aus einem bef\u00fcllbaren beschwerten Fu\u00df und einem massiven Rumpf aus Kunststoff. Mit 6 Armen und 2 Beinen ist dies der ideale Dummy f\u00fcr das Training von Anf\u00e4ngern. Aus Kunststoff gefertigt, ist er sehr robust und kann von 2 Personen benutzt werden. 2 Personen k\u00f6nnen gleichzeitig trainieren. Die Puppe kann [&hellip;]\" \/>\n<meta property=\"og:url\" content=\"https:\/\/www.daisho.be\/de\/produit\/wing-chun-schaufensterpuppe-aus-kunststoff\/\" \/>\n<meta property=\"og:site_name\" content=\"Daisho\" \/>\n<meta property=\"article:modified_time\" content=\"2026-04-20T12:29:36+00:00\" \/>\n<meta property=\"og:image\" content=\"https:\/\/www.daisho.be\/wp-content\/uploads\/2024\/10\/image-13.webp\" \/>\n\t<meta property=\"og:image:width\" content=\"1131\" \/>\n\t<meta property=\"og:image:height\" content=\"1200\" \/>\n\t<meta property=\"og:image:type\" content=\"image\/webp\" \/>\n<meta name=\"twitter:card\" content=\"summary_large_image\" \/>\n<meta name=\"twitter:label1\" content=\"Gesch\u00e4tzte Lesezeit\" \/>\n\t<meta name=\"twitter:data1\" content=\"1\u00a0Minute\" \/>\n<script type=\"application\/ld+json\" class=\"yoast-schema-graph\">{\"@context\":\"https:\/\/schema.org\",\"@graph\":[{\"@type\":\"WebPage\",\"@id\":\"https:\/\/www.daisho.be\/de\/produit\/wing-chun-schaufensterpuppe-aus-kunststoff\/\",\"url\":\"https:\/\/www.daisho.be\/de\/produit\/wing-chun-schaufensterpuppe-aus-kunststoff\/\",\"name\":\"Wing Chun Schaufensterpuppe aus Kunststoff &#8211; Daisho\",\"isPartOf\":{\"@id\":\"https:\/\/www.daisho.be\/de\/#website\"},\"primaryImageOfPage\":{\"@id\":\"https:\/\/www.daisho.be\/de\/produit\/wing-chun-schaufensterpuppe-aus-kunststoff\/#primaryimage\"},\"image\":{\"@id\":\"https:\/\/www.daisho.be\/de\/produit\/wing-chun-schaufensterpuppe-aus-kunststoff\/#primaryimage\"},\"thumbnailUrl\":\"https:\/\/www.daisho.be\/wp-content\/uploads\/2024\/10\/image-13.webp\",\"datePublished\":\"2024-10-07T10:44:04+00:00\",\"dateModified\":\"2026-04-20T12:29:36+00:00\",\"breadcrumb\":{\"@id\":\"https:\/\/www.daisho.be\/de\/produit\/wing-chun-schaufensterpuppe-aus-kunststoff\/#breadcrumb\"},\"inLanguage\":\"de\",\"potentialAction\":[{\"@type\":\"ReadAction\",\"target\":[\"https:\/\/www.daisho.be\/de\/produit\/wing-chun-schaufensterpuppe-aus-kunststoff\/\"]}]},{\"@type\":\"ImageObject\",\"inLanguage\":\"de\",\"@id\":\"https:\/\/www.daisho.be\/de\/produit\/wing-chun-schaufensterpuppe-aus-kunststoff\/#primaryimage\",\"url\":\"https:\/\/www.daisho.be\/wp-content\/uploads\/2024\/10\/image-13.webp\",\"contentUrl\":\"https:\/\/www.daisho.be\/wp-content\/uploads\/2024\/10\/image-13.webp\",\"width\":1131,\"height\":1200,\"caption\":\"Wing Chun Schaufensterpuppe aus Kunststoff-1\"},{\"@type\":\"BreadcrumbList\",\"@id\":\"https:\/\/www.daisho.be\/de\/produit\/wing-chun-schaufensterpuppe-aus-kunststoff\/#breadcrumb\",\"itemListElement\":[{\"@type\":\"ListItem\",\"position\":1,\"name\":\"Accueil\",\"item\":\"https:\/\/www.daisho.be\/de\/\"},{\"@type\":\"ListItem\",\"position\":2,\"name\":\"Produkte\",\"item\":\"https:\/\/www.daisho.be\/de\/produkte\/\"},{\"@type\":\"ListItem\",\"position\":3,\"name\":\"Kampfsportarten\",\"item\":\"https:\/\/www.daisho.be\/de\/categorie-produit\/kampfsportarten\/\"},{\"@type\":\"ListItem\",\"position\":4,\"name\":\"Trainingsmaterial\",\"item\":\"https:\/\/www.daisho.be\/de\/categorie-produit\/kampfsportarten\/trainingsmaterial\/\"},{\"@type\":\"ListItem\",\"position\":5,\"name\":\"Wing Chun Schaufensterpuppe aus Kunststoff\"}]},{\"@type\":\"WebSite\",\"@id\":\"https:\/\/www.daisho.be\/de\/#website\",\"url\":\"https:\/\/www.daisho.be\/de\/\",\"name\":\"Daisho\",\"description\":\"Sp&eacute;cialiste de l'&eacute;quipement sportif d'arts martiaux\",\"publisher\":{\"@id\":\"https:\/\/www.daisho.be\/de\/#organization\"},\"potentialAction\":[{\"@type\":\"SearchAction\",\"target\":{\"@type\":\"EntryPoint\",\"urlTemplate\":\"https:\/\/www.daisho.be\/de\/?s={search_term_string}\"},\"query-input\":{\"@type\":\"PropertyValueSpecification\",\"valueRequired\":true,\"valueName\":\"search_term_string\"}}],\"inLanguage\":\"de\"},{\"@type\":\"Organization\",\"@id\":\"https:\/\/www.daisho.be\/de\/#organization\",\"name\":\"Daisho\",\"url\":\"https:\/\/www.daisho.be\/de\/\",\"logo\":{\"@type\":\"ImageObject\",\"inLanguage\":\"de\",\"@id\":\"https:\/\/www.daisho.be\/de\/#\/schema\/logo\/image\/\",\"url\":\"https:\/\/www.daisho.be\/wp-content\/uploads\/2019\/07\/color-nothing-horizontale4x-e1564486100247.png\",\"contentUrl\":\"https:\/\/www.daisho.be\/wp-content\/uploads\/2019\/07\/color-nothing-horizontale4x-e1564486100247.png\",\"width\":1547,\"height\":385,\"caption\":\"Daisho\"},\"image\":{\"@id\":\"https:\/\/www.daisho.be\/de\/#\/schema\/logo\/image\/\"}}]}<\/script>\n<!-- \/ Yoast SEO plugin. -->","yoast_head_json":{"title":"Wing Chun Schaufensterpuppe aus Kunststoff &#8211; Daisho","robots":{"index":"index","follow":"follow","max-snippet":"max-snippet:-1","max-image-preview":"max-image-preview:large","max-video-preview":"max-video-preview:-1"},"canonical":"https:\/\/www.daisho.be\/de\/produit\/wing-chun-schaufensterpuppe-aus-kunststoff\/","og_locale":"de_DE","og_type":"article","og_title":"Wing Chun Schaufensterpuppe aus Kunststoff &#8211; Daisho","og_description":"Wing Chun Dummy aus Kunststoff, bestehend aus einem bef\u00fcllbaren beschwerten Fu\u00df und einem massiven Rumpf aus Kunststoff. Mit 6 Armen und 2 Beinen ist dies der ideale Dummy f\u00fcr das Training von Anf\u00e4ngern. Aus Kunststoff gefertigt, ist er sehr robust und kann von 2 Personen benutzt werden. 2 Personen k\u00f6nnen gleichzeitig trainieren. Die Puppe kann [&hellip;]","og_url":"https:\/\/www.daisho.be\/de\/produit\/wing-chun-schaufensterpuppe-aus-kunststoff\/","og_site_name":"Daisho","article_modified_time":"2026-04-20T12:29:36+00:00","og_image":[{"width":1131,"height":1200,"url":"https:\/\/www.daisho.be\/wp-content\/uploads\/2024\/10\/image-13.webp","type":"image\/webp"}],"twitter_card":"summary_large_image","twitter_misc":{"Gesch\u00e4tzte Lesezeit":"1\u00a0Minute"},"schema":{"@context":"https:\/\/schema.org","@graph":[{"@type":"WebPage","@id":"https:\/\/www.daisho.be\/de\/produit\/wing-chun-schaufensterpuppe-aus-kunststoff\/","url":"https:\/\/www.daisho.be\/de\/produit\/wing-chun-schaufensterpuppe-aus-kunststoff\/","name":"Wing Chun Schaufensterpuppe aus Kunststoff &#8211; Daisho","isPartOf":{"@id":"https:\/\/www.daisho.be\/de\/#website"},"primaryImageOfPage":{"@id":"https:\/\/www.daisho.be\/de\/produit\/wing-chun-schaufensterpuppe-aus-kunststoff\/#primaryimage"},"image":{"@id":"https:\/\/www.daisho.be\/de\/produit\/wing-chun-schaufensterpuppe-aus-kunststoff\/#primaryimage"},"thumbnailUrl":"https:\/\/www.daisho.be\/wp-content\/uploads\/2024\/10\/image-13.webp","datePublished":"2024-10-07T10:44:04+00:00","dateModified":"2026-04-20T12:29:36+00:00","breadcrumb":{"@id":"https:\/\/www.daisho.be\/de\/produit\/wing-chun-schaufensterpuppe-aus-kunststoff\/#breadcrumb"},"inLanguage":"de","potentialAction":[{"@type":"ReadAction","target":["https:\/\/www.daisho.be\/de\/produit\/wing-chun-schaufensterpuppe-aus-kunststoff\/"]}]},{"@type":"ImageObject","inLanguage":"de","@id":"https:\/\/www.daisho.be\/de\/produit\/wing-chun-schaufensterpuppe-aus-kunststoff\/#primaryimage","url":"https:\/\/www.daisho.be\/wp-content\/uploads\/2024\/10\/image-13.webp","contentUrl":"https:\/\/www.daisho.be\/wp-content\/uploads\/2024\/10\/image-13.webp","width":1131,"height":1200,"caption":"Wing Chun Schaufensterpuppe aus Kunststoff-1"},{"@type":"BreadcrumbList","@id":"https:\/\/www.daisho.be\/de\/produit\/wing-chun-schaufensterpuppe-aus-kunststoff\/#breadcrumb","itemListElement":[{"@type":"ListItem","position":1,"name":"Accueil","item":"https:\/\/www.daisho.be\/de\/"},{"@type":"ListItem","position":2,"name":"Produkte","item":"https:\/\/www.daisho.be\/de\/produkte\/"},{"@type":"ListItem","position":3,"name":"Kampfsportarten","item":"https:\/\/www.daisho.be\/de\/categorie-produit\/kampfsportarten\/"},{"@type":"ListItem","position":4,"name":"Trainingsmaterial","item":"https:\/\/www.daisho.be\/de\/categorie-produit\/kampfsportarten\/trainingsmaterial\/"},{"@type":"ListItem","position":5,"name":"Wing Chun Schaufensterpuppe aus Kunststoff"}]},{"@type":"WebSite","@id":"https:\/\/www.daisho.be\/de\/#website","url":"https:\/\/www.daisho.be\/de\/","name":"Daisho","description":"Sp&eacute;cialiste de l'&eacute;quipement sportif d'arts martiaux","publisher":{"@id":"https:\/\/www.daisho.be\/de\/#organization"},"potentialAction":[{"@type":"SearchAction","target":{"@type":"EntryPoint","urlTemplate":"https:\/\/www.daisho.be\/de\/?s={search_term_string}"},"query-input":{"@type":"PropertyValueSpecification","valueRequired":true,"valueName":"search_term_string"}}],"inLanguage":"de"},{"@type":"Organization","@id":"https:\/\/www.daisho.be\/de\/#organization","name":"Daisho","url":"https:\/\/www.daisho.be\/de\/","logo":{"@type":"ImageObject","inLanguage":"de","@id":"https:\/\/www.daisho.be\/de\/#\/schema\/logo\/image\/","url":"https:\/\/www.daisho.be\/wp-content\/uploads\/2019\/07\/color-nothing-horizontale4x-e1564486100247.png","contentUrl":"https:\/\/www.daisho.be\/wp-content\/uploads\/2019\/07\/color-nothing-horizontale4x-e1564486100247.png","width":1547,"height":385,"caption":"Daisho"},"image":{"@id":"https:\/\/www.daisho.be\/de\/#\/schema\/logo\/image\/"}}]}},"_links":{"self":[{"href":"https:\/\/www.daisho.be\/de\/wp-json\/wp\/v2\/product\/464164","targetHints":{"allow":["GET"]}}],"collection":[{"href":"https:\/\/www.daisho.be\/de\/wp-json\/wp\/v2\/product"}],"about":[{"href":"https:\/\/www.daisho.be\/de\/wp-json\/wp\/v2\/types\/product"}],"replies":[{"embeddable":true,"href":"https:\/\/www.daisho.be\/de\/wp-json\/wp\/v2\/comments?post=464164"}],"wp:featuredmedia":[{"embeddable":true,"href":"https:\/\/www.daisho.be\/de\/wp-json\/wp\/v2\/media\/464166"}],"wp:attachment":[{"href":"https:\/\/www.daisho.be\/de\/wp-json\/wp\/v2\/media?parent=464164"}],"wp:term":[{"taxonomy":"product_brand","embeddable":true,"href":"https:\/\/www.daisho.be\/de\/wp-json\/wp\/v2\/product_brand?post=464164"},{"taxonomy":"product_cat","embeddable":true,"href":"https:\/\/www.daisho.be\/de\/wp-json\/wp\/v2\/product_cat?post=464164"},{"taxonomy":"product_tag","embeddable":true,"href":"https:\/\/www.daisho.be\/de\/wp-json\/wp\/v2\/product_tag?post=464164"},{"taxonomy":"sport","embeddable":true,"href":"https:\/\/www.daisho.be\/de\/wp-json\/wp\/v2\/sport?post=464164"}],"curies":[{"name":"wp","href":"https:\/\/api.w.org\/{rel}","templated":true}]}}